{"id":24453,"date":"2023-10-05T09:47:46","date_gmt":"2023-10-05T08:47:46","guid":{"rendered":"https:\/\/broxtal.com\/?post_type=product&#038;p=24453"},"modified":"2026-01-09T01:01:52","modified_gmt":"2026-01-09T01:01:52","slug":"waterproof-bed-bug-mattress-protector","status":"publish","type":"product","link":"https:\/\/broxtal.com\/de\/produkt\/waterproof-bed-bug-mattress-protector\/","title":{"rendered":"Wasserdichter Matratzenschoner f\u00fcr Bettwanzen"},"content":{"rendered":"<div data-elementor-type=\"wp-post\" data-elementor-id=\"24453\" class=\"elementor elementor-24453\" data-elementor-post-type=\"product\">\n\t\t\t\t<div class=\"elementor-element elementor-element-a232121 e-flex e-con-boxed e-con e-parent\" data-id=\"a232121\" data-element_type=\"container\">\n\t\t\t\t\t<div class=\"e-con-inner\">\n\t\t<div class=\"elementor-element elementor-element-fa20e02 e-con-full e-flex e-con e-child\" data-id=\"fa20e02\" data-element_type=\"container\">\n\t\t\t\t<div class=\"elementor-element elementor-element-50d62e9 elementor-widget elementor-widget-wd_text_block\" data-id=\"50d62e9\" data-element_type=\"widget\" data-widget_type=\"wd_text_block.default\">\n\t\t\t\t<div class=\"elementor-widget-container\">\n\t\t\t\t\t\t\t<div class=\"wd-text-block reset-last-child text-center\">\n\t\t\t\n\t\t\t<h1 style=\"text-align: center;\"><strong>Schlafen Sie friedlich mit unserem Bed Bugs Protector\u00a0<\/strong><\/h1><p>\u00a0<\/p><p style=\"text-align: center;\">Unser Bettwanzenschutz ist die ultimative L\u00f6sung f\u00fcr einen ruhigen, wanzenfreien Schlaf. Unser mit Pr\u00e4zision gefertigter und auf Langlebigkeit ausgelegter Schutz sorgt daf\u00fcr, dass Ihre Matratze makellos bleibt und f\u00f6rdert eine gesunde Schlafumgebung f\u00fcr Sie und Ihre Lieben.<\/p>\n\t\t\t\t\t<\/div>\n\t\t\t\t\t\t<\/div>\n\t\t\t\t<\/div>\n\t\t\t\t<\/div>\n\t\t<div class=\"elementor-element elementor-element-54c71a1 e-con-full e-flex e-con e-child\" data-id=\"54c71a1\" data-element_type=\"container\">\n\t\t\t\t<div class=\"elementor-element elementor-element-97bf555 elementor-widget elementor-widget-image\" data-id=\"97bf555\" data-element_type=\"widget\" data-widget_type=\"image.default\">\n\t\t\t\t<div class=\"elementor-widget-container\">\n\t\t\t\t\t\t\t\t\t\t\t\t\t\t\t<img fetchpriority=\"high\" decoding=\"async\" width=\"800\" height=\"800\" src=\"https:\/\/broxtal.com\/wp-content\/uploads\/2023\/10\/S8c56c6805de24cea94026342da50153dC.webp\" class=\"attachment-large size-large wp-image-29502\" alt=\"\" srcset=\"https:\/\/broxtal.com\/wp-content\/uploads\/2023\/10\/S8c56c6805de24cea94026342da50153dC.webp 800w, https:\/\/broxtal.com\/wp-content\/uploads\/2023\/10\/S8c56c6805de24cea94026342da50153dC-600x600.webp 600w, https:\/\/broxtal.com\/wp-content\/uploads\/2023\/10\/S8c56c6805de24cea94026342da50153dC-150x150.webp 150w, https:\/\/broxtal.com\/wp-content\/uploads\/2023\/10\/S8c56c6805de24cea94026342da50153dC-300x300.webp 300w, https:\/\/broxtal.com\/wp-content\/uploads\/2023\/10\/S8c56c6805de24cea94026342da50153dC-768x768.webp 768w, https:\/\/broxtal.com\/wp-content\/uploads\/2023\/10\/S8c56c6805de24cea94026342da50153dC-60x60.webp 60w, https:\/\/broxtal.com\/wp-content\/uploads\/2023\/10\/S8c56c6805de24cea94026342da50153dC-110x110.webp 110w, https:\/\/broxtal.com\/wp-content\/uploads\/2023\/10\/S8c56c6805de24cea94026342da50153dC-32x32.webp 32w\" sizes=\"(max-width: 800px) 100vw, 800px\" \/>\t\t\t\t\t\t\t\t\t\t\t\t\t\t\t<\/div>\n\t\t\t\t<\/div>\n\t\t\t\t<\/div>\n\t\t\t\t\t<\/div>\n\t\t\t\t<\/div>\n\t\t<div class=\"elementor-element elementor-element-fc8d79f e-grid e-con-boxed e-con e-parent\" data-id=\"fc8d79f\" data-element_type=\"container\">\n\t\t\t\t\t<div class=\"e-con-inner\">\n\t\t\t\t<div class=\"elementor-element elementor-element-9296668 elementor-widget elementor-widget-image\" data-id=\"9296668\" data-element_type=\"widget\" data-widget_type=\"image.default\">\n\t\t\t\t<div class=\"elementor-widget-container\">\n\t\t\t\t\t\t\t\t\t\t\t\t\t\t\t<img decoding=\"async\" width=\"800\" height=\"800\" src=\"https:\/\/broxtal.com\/wp-content\/uploads\/2023\/10\/S01474fe18afb4116bde639f74bd22c26I.webp\" class=\"attachment-large size-large wp-image-29504\" alt=\"\" srcset=\"https:\/\/broxtal.com\/wp-content\/uploads\/2023\/10\/S01474fe18afb4116bde639f74bd22c26I.webp 800w, https:\/\/broxtal.com\/wp-content\/uploads\/2023\/10\/S01474fe18afb4116bde639f74bd22c26I-600x600.webp 600w, https:\/\/broxtal.com\/wp-content\/uploads\/2023\/10\/S01474fe18afb4116bde639f74bd22c26I-150x150.webp 150w, https:\/\/broxtal.com\/wp-content\/uploads\/2023\/10\/S01474fe18afb4116bde639f74bd22c26I-300x300.webp 300w, https:\/\/broxtal.com\/wp-content\/uploads\/2023\/10\/S01474fe18afb4116bde639f74bd22c26I-768x768.webp 768w, https:\/\/broxtal.com\/wp-content\/uploads\/2023\/10\/S01474fe18afb4116bde639f74bd22c26I-60x60.webp 60w, https:\/\/broxtal.com\/wp-content\/uploads\/2023\/10\/S01474fe18afb4116bde639f74bd22c26I-110x110.webp 110w, https:\/\/broxtal.com\/wp-content\/uploads\/2023\/10\/S01474fe18afb4116bde639f74bd22c26I-32x32.webp 32w\" sizes=\"(max-width: 800px) 100vw, 800px\" \/>\t\t\t\t\t\t\t\t\t\t\t\t\t\t\t<\/div>\n\t\t\t\t<\/div>\n\t\t\t\t<div class=\"elementor-element elementor-element-2cf03ee elementor-widget elementor-widget-wd_text_block\" data-id=\"2cf03ee\" data-element_type=\"widget\" data-widget_type=\"wd_text_block.default\">\n\t\t\t\t<div class=\"elementor-widget-container\">\n\t\t\t\t\t\t\t<div class=\"wd-text-block reset-last-child text-left\">\n\t\t\t\n\t\t\t<p><strong>Absorbierend und ger\u00e4uschlos<\/strong>: Erleben Sie einen ruhigen Schlaf auf einem Matratzenschoner, der sehr saugf\u00e4hig und dennoch ger\u00e4uschlos ist. Er wurde entwickelt, um Ihren Komfort zu erh\u00f6hen, ohne Ihre Ruhe zu st\u00f6ren.<\/p><p><strong>Atmungsaktiv und temperaturregulierend<\/strong>: Unser Bettwanzenschutz ist hoch atmungsaktiv und erm\u00f6glicht die Luftzirkulation, um Ihre K\u00f6rperw\u00e4rme zu regulieren. Genie\u00dfen Sie einen k\u00fchlen und komfortablen Schlaf im Sommer und W\u00e4rme im Winter.<\/p><p><strong>Sicherer Sitz<\/strong>: Mit seinem voll elastischen, dehnbaren Rand passt sich unser Protektor wie ein Spannbetttuch an Ihre Matratze an. Kein Verrutschen, kein Aufheben - nur ein sicherer, bequemer Sitz.<\/p>\n\t\t\t\t\t<\/div>\n\t\t\t\t\t\t<\/div>\n\t\t\t\t<\/div>\n\t\t\t\t\t<\/div>\n\t\t\t\t<\/div>\n\t\t<div class=\"elementor-element elementor-element-d94637c e-grid e-con-boxed e-con e-parent\" data-id=\"d94637c\" data-element_type=\"container\">\n\t\t\t\t\t<div class=\"e-con-inner\">\n\t\t\t\t<div class=\"elementor-element elementor-element-ea7a77b elementor-widget elementor-widget-wd_text_block\" data-id=\"ea7a77b\" data-element_type=\"widget\" data-widget_type=\"wd_text_block.default\">\n\t\t\t\t<div class=\"elementor-widget-container\">\n\t\t\t\t\t\t\t<div class=\"wd-text-block reset-last-child text-left\">\n\t\t\t\n\t\t\t<h2><strong>Unser Bettwanzenschutz hat folgende Eigenschaften<\/strong>:<\/h2><p><strong>100% Wasserdicht<\/strong>: Unser\u00a0<strong>Bettwanzenschutz<\/strong>\u00a0ist aus hochwertigem Material gefertigt, das absolut wasserdicht ist. Es schirmt Ihre Matratze vor Fl\u00fcssigkeiten ab und sorgt daf\u00fcr, dass sie sauber und frei von Flecken bleibt.<\/p><p><strong>Nahtlose Passform:<\/strong>\u00a0Unser Schutz passt sich perfekt an Ihre Matratze an und bietet einen festen, sicheren Sitz, der einen vollst\u00e4ndigen Schutz vor Bettwanzen gew\u00e4hrleistet.<\/p><p><strong>Atmungsaktiver Komfort:<\/strong>\u00a0Genie\u00dfen Sie eine ruhige Nachtruhe, ohne auf Komfort verzichten zu m\u00fcssen. Unser Protektor ist atmungsaktiv, sodass Sie k\u00fchl und ungest\u00f6rt schlafen k\u00f6nnen.<\/p><p><strong>Kein Juckreiz mehr:<\/strong>\u00a0Verabschieden Sie sich von juckenden Stichen und Schlafst\u00f6rungen, die durch Bettwanzen verursacht werden. Unser Schutz h\u00e4lt sie fern, damit Sie bequem schlafen k\u00f6nnen.<\/p><p>\u00a0<\/p>\n\t\t\t\t\t<\/div>\n\t\t\t\t\t\t<\/div>\n\t\t\t\t<\/div>\n\t\t\t\t<div class=\"elementor-element elementor-element-dc60ea1 elementor-widget elementor-widget-image\" data-id=\"dc60ea1\" data-element_type=\"widget\" data-widget_type=\"image.default\">\n\t\t\t\t<div class=\"elementor-widget-container\">\n\t\t\t\t\t\t\t\t\t\t\t\t\t\t\t<img decoding=\"async\" width=\"1199\" height=\"800\" src=\"https:\/\/broxtal.com\/wp-content\/uploads\/2023\/10\/Bamboo-1199x800.webp\" class=\"attachment-large size-large wp-image-29237\" alt=\"\" srcset=\"https:\/\/broxtal.com\/wp-content\/uploads\/2023\/10\/Bamboo-1199x800.webp 1199w, https:\/\/broxtal.com\/wp-content\/uploads\/2023\/10\/Bamboo-600x400.webp 600w, https:\/\/broxtal.com\/wp-content\/uploads\/2023\/10\/Bamboo-150x100.webp 150w, https:\/\/broxtal.com\/wp-content\/uploads\/2023\/10\/Bamboo-1200x801.webp 1200w, https:\/\/broxtal.com\/wp-content\/uploads\/2023\/10\/Bamboo-400x267.webp 400w, https:\/\/broxtal.com\/wp-content\/uploads\/2023\/10\/Bamboo-768x512.webp 768w, https:\/\/broxtal.com\/wp-content\/uploads\/2023\/10\/Bamboo-60x40.webp 60w, https:\/\/broxtal.com\/wp-content\/uploads\/2023\/10\/Bamboo-110x73.webp 110w, https:\/\/broxtal.com\/wp-content\/uploads\/2023\/10\/Bamboo.webp 1535w\" sizes=\"(max-width: 1199px) 100vw, 1199px\" \/>\t\t\t\t\t\t\t\t\t\t\t\t\t\t\t<\/div>\n\t\t\t\t<\/div>\n\t\t\t\t\t<\/div>\n\t\t\t\t<\/div>\n\t\t<div class=\"elementor-element elementor-element-d1c7bf6 e-grid e-con-boxed e-con e-parent\" data-id=\"d1c7bf6\" data-element_type=\"container\">\n\t\t\t\t\t<div class=\"e-con-inner\">\n\t\t\t\t<div class=\"elementor-element elementor-element-d5fcbe5 elementor-widget elementor-widget-image\" data-id=\"d5fcbe5\" data-element_type=\"widget\" data-widget_type=\"image.default\">\n\t\t\t\t<div class=\"elementor-widget-container\">\n\t\t\t\t\t\t\t\t\t\t\t\t\t\t\t<img loading=\"lazy\" decoding=\"async\" width=\"800\" height=\"800\" src=\"https:\/\/broxtal.com\/wp-content\/uploads\/2023\/10\/S3436cc995a5f43f6a5d10204c501fb95t.webp\" class=\"attachment-large size-large wp-image-29503\" alt=\"\" srcset=\"https:\/\/broxtal.com\/wp-content\/uploads\/2023\/10\/S3436cc995a5f43f6a5d10204c501fb95t.webp 800w, https:\/\/broxtal.com\/wp-content\/uploads\/2023\/10\/S3436cc995a5f43f6a5d10204c501fb95t-600x600.webp 600w, https:\/\/broxtal.com\/wp-content\/uploads\/2023\/10\/S3436cc995a5f43f6a5d10204c501fb95t-150x150.webp 150w, https:\/\/broxtal.com\/wp-content\/uploads\/2023\/10\/S3436cc995a5f43f6a5d10204c501fb95t-300x300.webp 300w, https:\/\/broxtal.com\/wp-content\/uploads\/2023\/10\/S3436cc995a5f43f6a5d10204c501fb95t-768x768.webp 768w, https:\/\/broxtal.com\/wp-content\/uploads\/2023\/10\/S3436cc995a5f43f6a5d10204c501fb95t-60x60.webp 60w, https:\/\/broxtal.com\/wp-content\/uploads\/2023\/10\/S3436cc995a5f43f6a5d10204c501fb95t-110x110.webp 110w, https:\/\/broxtal.com\/wp-content\/uploads\/2023\/10\/S3436cc995a5f43f6a5d10204c501fb95t-32x32.webp 32w\" sizes=\"(max-width: 800px) 100vw, 800px\" \/>\t\t\t\t\t\t\t\t\t\t\t\t\t\t\t<\/div>\n\t\t\t\t<\/div>\n\t\t\t\t<div class=\"elementor-element elementor-element-f979ca6 elementor-widget elementor-widget-wd_text_block\" data-id=\"f979ca6\" data-element_type=\"widget\" data-widget_type=\"wd_text_block.default\">\n\t\t\t\t<div class=\"elementor-widget-container\">\n\t\t\t\t\t\t\t<div class=\"wd-text-block reset-last-child text-left\">\n\t\t\t\n\t\t\t<h2><strong>Technische Daten<\/strong>:<\/h2><p><strong>Material<\/strong> :<\/p><ul><li>Oberseite: 100% Bamboo Fiber<\/li><li>F\u00fcllung: Dickere &amp; fluffigere F\u00fcllung<\/li><li>R\u00fcckseite: 100% wasserdichtes TPU<\/li><\/ul><p><strong style=\"font-size: 15px; text-align: var(--text-align); color: var(--wd-text-color);\">Verf\u00fcgbare Gr\u00f6\u00dfen<\/strong><span style=\"font-size: 15px; text-align: var(--text-align); color: var(--wd-text-color);\">:<\/span><\/p><ul><li>Einzel: 90cm X 200cm + 30cm<\/li><li>Doppel: 137cm X 190cm + 35cm<\/li><li>Kleines Doppel 4Ft: 120cm X 200cm + 30cm<\/li><li>K\u00f6nig: 198cm X 203cm + 35cm<\/li><li>Super King: 180cm X 200cm + 30cm<\/li><\/ul>\n\t\t\t\t\t<\/div>\n\t\t\t\t\t\t<\/div>\n\t\t\t\t<\/div>\n\t\t\t\t\t<\/div>\n\t\t\t\t<\/div>\n\t\t<div class=\"elementor-element elementor-element-5b2a872 e-grid e-con-boxed e-con e-parent\" data-id=\"5b2a872\" data-element_type=\"container\">\n\t\t\t\t\t<div class=\"e-con-inner\">\n\t\t\t\t\t<\/div>\n\t\t\t\t<\/div>\n\t\t<div class=\"elementor-element elementor-element-e6c7558 e-flex e-con-boxed e-con e-parent\" data-id=\"e6c7558\" data-element_type=\"container\">\n\t\t\t\t\t<div class=\"e-con-inner\">\n\t\t\t\t\t<\/div>\n\t\t\t\t<\/div>\n\t\t\t\t<\/div>","protected":false},"excerpt":{"rendered":"<p>Sleep Peacefully with Our Bed Bugs Protector\u00a0 Our Bed Bug Protector is the ultimate solution for a peaceful, bug-free sleep.<\/p>","protected":false},"featured_media":24455,"comment_status":"open","ping_status":"closed","template":"","meta":[],"product_brand":[],"product_cat":[1763],"product_tag":[280],"class_list":{"0":"post-24453","1":"product","2":"type-product","3":"status-publish","4":"has-post-thumbnail","6":"product_cat-masks-accessories","7":"product_tag-new","9":"first","10":"instock","11":"sale","12":"shipping-taxable","13":"purchasable","14":"product-type-variable"},"_links":{"self":[{"href":"https:\/\/broxtal.com\/de\/wp-json\/wp\/v2\/product\/24453","targetHints":{"allow":["GET"]}}],"collection":[{"href":"https:\/\/broxtal.com\/de\/wp-json\/wp\/v2\/product"}],"about":[{"href":"https:\/\/broxtal.com\/de\/wp-json\/wp\/v2\/types\/product"}],"replies":[{"embeddable":true,"href":"https:\/\/broxtal.com\/de\/wp-json\/wp\/v2\/comments?post=24453"}],"version-history":[{"count":1,"href":"https:\/\/broxtal.com\/de\/wp-json\/wp\/v2\/product\/24453\/revisions"}],"predecessor-version":[{"id":39363,"href":"https:\/\/broxtal.com\/de\/wp-json\/wp\/v2\/product\/24453\/revisions\/39363"}],"wp:featuredmedia":[{"embeddable":true,"href":"https:\/\/broxtal.com\/de\/wp-json\/wp\/v2\/media\/24455"}],"wp:attachment":[{"href":"https:\/\/broxtal.com\/de\/wp-json\/wp\/v2\/media?parent=24453"}],"wp:term":[{"taxonomy":"product_brand","embeddable":true,"href":"https:\/\/broxtal.com\/de\/wp-json\/wp\/v2\/product_brand?post=24453"},{"taxonomy":"product_cat","embeddable":true,"href":"https:\/\/broxtal.com\/de\/wp-json\/wp\/v2\/product_cat?post=24453"},{"taxonomy":"product_tag","embeddable":true,"href":"https:\/\/broxtal.com\/de\/wp-json\/wp\/v2\/product_tag?post=24453"}],"curies":[{"name":"wp","href":"https:\/\/api.w.org\/{rel}","templated":true}]}}