{"id":24487,"date":"2023-10-05T11:37:28","date_gmt":"2023-10-05T10:37:28","guid":{"rendered":"https:\/\/broxtal.com\/?post_type=product&#038;p=24487"},"modified":"2026-01-09T01:01:45","modified_gmt":"2026-01-09T01:01:45","slug":"waterproof-bed-bug-mattress-protector-cover","status":"publish","type":"product","link":"https:\/\/broxtal.com\/de\/produkt\/waterproof-bed-bug-mattress-protector-cover\/","title":{"rendered":"Wasserdichter Matratzenschoner f\u00fcr Bettwanzen"},"content":{"rendered":"<h1 style=\"text-align: center;\">Wasserdichter Matratzenschoner f\u00fcr Bettwanzen!<\/h1>\n<p style=\"text-align: center;\">Entdecken Sie die ultimative L\u00f6sung zum Schutz Ihrer Matratze mit unserem wasserdichten Premium-Schutzbezug f\u00fcr Bettwanzenmatratzen. Dieser Matratzenschutz wurde entwickelt, um Ihre Investition zu sch\u00fctzen und bietet unschlagbare Eigenschaften, die ihn von der Konkurrenz abheben.<\/p>\n<p>&nbsp;<\/p>\n<p><img fetchpriority=\"high\" decoding=\"async\" class=\"size-full wp-image-24490 aligncenter\" src=\"https:\/\/broxtal.com\/wp-content\/uploads\/2023\/10\/My-Video27.gif\" alt=\"\" width=\"640\" height=\"360\" \/><\/p>\n<p>&nbsp;<\/p>\n<p style=\"text-align: center;\">Unser wasserdichter Matratzenschoner f\u00fcr Bettwanzen ist <strong>die perfekte Wahl, um Ihre Matratze sauber, trocken und wanzenfrei zu halten.<\/strong> Gefertigt aus einer Mischung von <strong>hochwertige Materialien<\/strong>Er kombiniert hervorragende Wasserdichtigkeit mit dem Komfort von Baumwolle und der Strapazierf\u00e4higkeit von Vliesstoff und Mikrofaser. Dieser Schutz ist ein zuverl\u00e4ssiger Schutz gegen Versch\u00fcttetes, Flecken und unerw\u00fcnschte Sch\u00e4dlinge und sorgt daf\u00fcr, dass Ihre Matratze \u00fcber Jahre hinweg frisch und einladend bleibt.<\/p>\n<p>&nbsp;<\/p>\n<p><img decoding=\"async\" class=\"size-full wp-image-24492 aligncenter\" src=\"https:\/\/broxtal.com\/wp-content\/uploads\/2023\/10\/telechargement-2023-10-05T104223.242.jpg\" alt=\"\" width=\"1200\" height=\"1200\" srcset=\"https:\/\/broxtal.com\/wp-content\/uploads\/2023\/10\/telechargement-2023-10-05T104223.242.jpg 1200w, https:\/\/broxtal.com\/wp-content\/uploads\/2023\/10\/telechargement-2023-10-05T104223.242-600x600.jpg 600w, https:\/\/broxtal.com\/wp-content\/uploads\/2023\/10\/telechargement-2023-10-05T104223.242-150x150.jpg 150w, https:\/\/broxtal.com\/wp-content\/uploads\/2023\/10\/telechargement-2023-10-05T104223.242-300x300.jpg 300w, https:\/\/broxtal.com\/wp-content\/uploads\/2023\/10\/telechargement-2023-10-05T104223.242-800x800.jpg 800w, https:\/\/broxtal.com\/wp-content\/uploads\/2023\/10\/telechargement-2023-10-05T104223.242-768x768.jpg 768w, https:\/\/broxtal.com\/wp-content\/uploads\/2023\/10\/telechargement-2023-10-05T104223.242-860x860.jpg 860w, https:\/\/broxtal.com\/wp-content\/uploads\/2023\/10\/telechargement-2023-10-05T104223.242-60x60.jpg 60w, https:\/\/broxtal.com\/wp-content\/uploads\/2023\/10\/telechargement-2023-10-05T104223.242-110x110.jpg 110w, https:\/\/broxtal.com\/wp-content\/uploads\/2023\/10\/telechargement-2023-10-05T104223.242-700x700.jpg 700w, https:\/\/broxtal.com\/wp-content\/uploads\/2023\/10\/telechargement-2023-10-05T104223.242-32x32.jpg 32w, https:\/\/broxtal.com\/wp-content\/uploads\/2023\/10\/telechargement-2023-10-05T104223.242-64x64.jpg 64w\" sizes=\"(max-width: 1200px) 100vw, 1200px\" \/><\/p>\n<p>&nbsp;<\/p>\n<h2>Unser Bettwanzen-Matratzenschutz hat folgende Eigenschaften:<\/h2>\n<h4>Wasserdicht und langlebig<\/h4>\n<p>Unser Matratzenschutzbezug ist nicht nur wasserdicht, sondern auch unglaublich strapazierf\u00e4hig. Die wasserdichte TPU-Schicht weist Fl\u00fcssigkeiten effektiv ab und sch\u00fctzt Ihre Matratze vor Versch\u00fcttungen, Flecken und Unf\u00e4llen. Verabschieden Sie sich von der Sorge um eine ruinierte Matratze.<\/p>\n<p>&nbsp;<\/p>\n<p><img decoding=\"async\" class=\"size-full wp-image-24493 aligncenter\" src=\"https:\/\/broxtal.com\/wp-content\/uploads\/2023\/10\/telechargement-2023-10-05T104225.740.jpg\" alt=\"\" width=\"1000\" height=\"1000\" srcset=\"https:\/\/broxtal.com\/wp-content\/uploads\/2023\/10\/telechargement-2023-10-05T104225.740.jpg 1000w, https:\/\/broxtal.com\/wp-content\/uploads\/2023\/10\/telechargement-2023-10-05T104225.740-600x600.jpg 600w, https:\/\/broxtal.com\/wp-content\/uploads\/2023\/10\/telechargement-2023-10-05T104225.740-150x150.jpg 150w, https:\/\/broxtal.com\/wp-content\/uploads\/2023\/10\/telechargement-2023-10-05T104225.740-300x300.jpg 300w, https:\/\/broxtal.com\/wp-content\/uploads\/2023\/10\/telechargement-2023-10-05T104225.740-800x800.jpg 800w, https:\/\/broxtal.com\/wp-content\/uploads\/2023\/10\/telechargement-2023-10-05T104225.740-768x768.jpg 768w, https:\/\/broxtal.com\/wp-content\/uploads\/2023\/10\/telechargement-2023-10-05T104225.740-860x860.jpg 860w, https:\/\/broxtal.com\/wp-content\/uploads\/2023\/10\/telechargement-2023-10-05T104225.740-60x60.jpg 60w, https:\/\/broxtal.com\/wp-content\/uploads\/2023\/10\/telechargement-2023-10-05T104225.740-110x110.jpg 110w, https:\/\/broxtal.com\/wp-content\/uploads\/2023\/10\/telechargement-2023-10-05T104225.740-700x700.jpg 700w, https:\/\/broxtal.com\/wp-content\/uploads\/2023\/10\/telechargement-2023-10-05T104225.740-32x32.jpg 32w, https:\/\/broxtal.com\/wp-content\/uploads\/2023\/10\/telechargement-2023-10-05T104225.740-64x64.jpg 64w\" sizes=\"(max-width: 1000px) 100vw, 1000px\" \/><\/p>\n<h3>Sicherer Sitz<\/h3>\n<p>Mit einem elastischen Band ausgestattet, bleibt unser Schutzbezug sicher an seinem Platz. Kein Verrutschen oder Rutschen mehr w\u00e4hrend der Nacht - genie\u00dfen Sie einen komfortablen und ruhigen Schlaf ohne Unterbrechungen.<\/p>\n<p><img loading=\"lazy\" decoding=\"async\" class=\"size-full wp-image-24495 aligncenter\" src=\"https:\/\/broxtal.com\/wp-content\/uploads\/2023\/10\/S6edea06062aa4911b7457d93f65bfe29v.webp\" alt=\"\" width=\"750\" height=\"845\" srcset=\"https:\/\/broxtal.com\/wp-content\/uploads\/2023\/10\/S6edea06062aa4911b7457d93f65bfe29v.webp 750w, https:\/\/broxtal.com\/wp-content\/uploads\/2023\/10\/S6edea06062aa4911b7457d93f65bfe29v-600x676.webp 600w, https:\/\/broxtal.com\/wp-content\/uploads\/2023\/10\/S6edea06062aa4911b7457d93f65bfe29v-150x169.webp 150w, https:\/\/broxtal.com\/wp-content\/uploads\/2023\/10\/S6edea06062aa4911b7457d93f65bfe29v-266x300.webp 266w, https:\/\/broxtal.com\/wp-content\/uploads\/2023\/10\/S6edea06062aa4911b7457d93f65bfe29v-710x800.webp 710w, https:\/\/broxtal.com\/wp-content\/uploads\/2023\/10\/S6edea06062aa4911b7457d93f65bfe29v-60x68.webp 60w, https:\/\/broxtal.com\/wp-content\/uploads\/2023\/10\/S6edea06062aa4911b7457d93f65bfe29v-110x124.webp 110w, https:\/\/broxtal.com\/wp-content\/uploads\/2023\/10\/S6edea06062aa4911b7457d93f65bfe29v-700x789.webp 700w\" sizes=\"(max-width: 750px) 100vw, 750px\" \/><\/p>\n<h3>Hochwertige Materialien<\/h3>\n<p>Wir haben die Materialien sorgf\u00e4ltig ausgew\u00e4hlt, um maximalen Komfort und Langlebigkeit zu gew\u00e4hrleisten. Mit einer Mischung aus Baumwolle, Vliesstoff und Mikrofaser f\u00fchlt sich dieser Bezug weich auf der Haut an und bietet gleichzeitig eine Schutzbarriere f\u00fcr Ihre Matratze.<\/p>\n<p>&nbsp;<\/p>\n<p><img loading=\"lazy\" decoding=\"async\" class=\"size-full wp-image-24494 aligncenter\" src=\"https:\/\/broxtal.com\/wp-content\/uploads\/2023\/10\/S9a5f5f0ec98f4828889d2a62c46d7c053.webp\" alt=\"\" width=\"750\" height=\"845\" srcset=\"https:\/\/broxtal.com\/wp-content\/uploads\/2023\/10\/S9a5f5f0ec98f4828889d2a62c46d7c053.webp 750w, https:\/\/broxtal.com\/wp-content\/uploads\/2023\/10\/S9a5f5f0ec98f4828889d2a62c46d7c053-600x676.webp 600w, https:\/\/broxtal.com\/wp-content\/uploads\/2023\/10\/S9a5f5f0ec98f4828889d2a62c46d7c053-150x169.webp 150w, https:\/\/broxtal.com\/wp-content\/uploads\/2023\/10\/S9a5f5f0ec98f4828889d2a62c46d7c053-266x300.webp 266w, https:\/\/broxtal.com\/wp-content\/uploads\/2023\/10\/S9a5f5f0ec98f4828889d2a62c46d7c053-710x800.webp 710w, https:\/\/broxtal.com\/wp-content\/uploads\/2023\/10\/S9a5f5f0ec98f4828889d2a62c46d7c053-60x68.webp 60w, https:\/\/broxtal.com\/wp-content\/uploads\/2023\/10\/S9a5f5f0ec98f4828889d2a62c46d7c053-110x124.webp 110w, https:\/\/broxtal.com\/wp-content\/uploads\/2023\/10\/S9a5f5f0ec98f4828889d2a62c46d7c053-700x789.webp 700w\" sizes=\"(max-width: 750px) 100vw, 750px\" \/><\/p>\n<p>&nbsp;<\/p>\n<h2>Technische Daten<\/h2>\n<h3>Materialien:<\/h3>\n<ul>\n<li>Wasserdichte TPU-Schicht<\/li>\n<li>Oberfl\u00e4che aus Baumwolle<\/li>\n<li>Nicht gewebter Stoff<\/li>\n<li>Mikrofaser-Polsterung<\/li>\n<\/ul>\n<p>&nbsp;<\/p>\n<p><img loading=\"lazy\" decoding=\"async\" class=\"size-full wp-image-24496 aligncenter\" src=\"https:\/\/broxtal.com\/wp-content\/uploads\/2023\/10\/telechargement-2023-10-05T104233.324.jpg\" alt=\"\" width=\"1000\" height=\"1000\" srcset=\"https:\/\/broxtal.com\/wp-content\/uploads\/2023\/10\/telechargement-2023-10-05T104233.324.jpg 1000w, https:\/\/broxtal.com\/wp-content\/uploads\/2023\/10\/telechargement-2023-10-05T104233.324-600x600.jpg 600w, https:\/\/broxtal.com\/wp-content\/uploads\/2023\/10\/telechargement-2023-10-05T104233.324-150x150.jpg 150w, https:\/\/broxtal.com\/wp-content\/uploads\/2023\/10\/telechargement-2023-10-05T104233.324-300x300.jpg 300w, https:\/\/broxtal.com\/wp-content\/uploads\/2023\/10\/telechargement-2023-10-05T104233.324-800x800.jpg 800w, https:\/\/broxtal.com\/wp-content\/uploads\/2023\/10\/telechargement-2023-10-05T104233.324-768x768.jpg 768w, https:\/\/broxtal.com\/wp-content\/uploads\/2023\/10\/telechargement-2023-10-05T104233.324-860x860.jpg 860w, https:\/\/broxtal.com\/wp-content\/uploads\/2023\/10\/telechargement-2023-10-05T104233.324-60x60.jpg 60w, https:\/\/broxtal.com\/wp-content\/uploads\/2023\/10\/telechargement-2023-10-05T104233.324-110x110.jpg 110w, https:\/\/broxtal.com\/wp-content\/uploads\/2023\/10\/telechargement-2023-10-05T104233.324-700x700.jpg 700w, https:\/\/broxtal.com\/wp-content\/uploads\/2023\/10\/telechargement-2023-10-05T104233.324-32x32.jpg 32w, https:\/\/broxtal.com\/wp-content\/uploads\/2023\/10\/telechargement-2023-10-05T104233.324-64x64.jpg 64w\" sizes=\"(max-width: 1000px) 100vw, 1000px\" \/><\/p>\n<h3><\/h3>\n<p>&nbsp;<\/p>\n<h3>Das Paket enth\u00e4lt:<\/h3>\n<ul>\n<li>1 St\u00fcck Spannbettlaken (ohne Kopfkissenbezug)<\/li>\n<\/ul>\n<p>&nbsp;<\/p>\n<p><img loading=\"lazy\" decoding=\"async\" class=\"size-full wp-image-24497 aligncenter\" src=\"https:\/\/broxtal.com\/wp-content\/uploads\/2023\/10\/telechargement-2023-10-05T104230.078.jpg\" alt=\"\" width=\"1200\" height=\"1200\" srcset=\"https:\/\/broxtal.com\/wp-content\/uploads\/2023\/10\/telechargement-2023-10-05T104230.078.jpg 1200w, https:\/\/broxtal.com\/wp-content\/uploads\/2023\/10\/telechargement-2023-10-05T104230.078-600x600.jpg 600w, https:\/\/broxtal.com\/wp-content\/uploads\/2023\/10\/telechargement-2023-10-05T104230.078-150x150.jpg 150w, https:\/\/broxtal.com\/wp-content\/uploads\/2023\/10\/telechargement-2023-10-05T104230.078-300x300.jpg 300w, https:\/\/broxtal.com\/wp-content\/uploads\/2023\/10\/telechargement-2023-10-05T104230.078-800x800.jpg 800w, https:\/\/broxtal.com\/wp-content\/uploads\/2023\/10\/telechargement-2023-10-05T104230.078-768x768.jpg 768w, https:\/\/broxtal.com\/wp-content\/uploads\/2023\/10\/telechargement-2023-10-05T104230.078-860x860.jpg 860w, https:\/\/broxtal.com\/wp-content\/uploads\/2023\/10\/telechargement-2023-10-05T104230.078-60x60.jpg 60w, https:\/\/broxtal.com\/wp-content\/uploads\/2023\/10\/telechargement-2023-10-05T104230.078-110x110.jpg 110w, https:\/\/broxtal.com\/wp-content\/uploads\/2023\/10\/telechargement-2023-10-05T104230.078-700x700.jpg 700w, https:\/\/broxtal.com\/wp-content\/uploads\/2023\/10\/telechargement-2023-10-05T104230.078-32x32.jpg 32w, https:\/\/broxtal.com\/wp-content\/uploads\/2023\/10\/telechargement-2023-10-05T104230.078-64x64.jpg 64w\" sizes=\"(max-width: 1200px) 100vw, 1200px\" \/> <img loading=\"lazy\" decoding=\"async\" class=\"size-full wp-image-24498 aligncenter\" src=\"https:\/\/broxtal.com\/wp-content\/uploads\/2023\/10\/telechargement-2023-10-05T104227.887.jpg\" alt=\"\" width=\"1200\" height=\"1200\" srcset=\"https:\/\/broxtal.com\/wp-content\/uploads\/2023\/10\/telechargement-2023-10-05T104227.887.jpg 1200w, https:\/\/broxtal.com\/wp-content\/uploads\/2023\/10\/telechargement-2023-10-05T104227.887-600x600.jpg 600w, https:\/\/broxtal.com\/wp-content\/uploads\/2023\/10\/telechargement-2023-10-05T104227.887-150x150.jpg 150w, https:\/\/broxtal.com\/wp-content\/uploads\/2023\/10\/telechargement-2023-10-05T104227.887-300x300.jpg 300w, https:\/\/broxtal.com\/wp-content\/uploads\/2023\/10\/telechargement-2023-10-05T104227.887-800x800.jpg 800w, https:\/\/broxtal.com\/wp-content\/uploads\/2023\/10\/telechargement-2023-10-05T104227.887-768x768.jpg 768w, https:\/\/broxtal.com\/wp-content\/uploads\/2023\/10\/telechargement-2023-10-05T104227.887-860x860.jpg 860w, https:\/\/broxtal.com\/wp-content\/uploads\/2023\/10\/telechargement-2023-10-05T104227.887-60x60.jpg 60w, https:\/\/broxtal.com\/wp-content\/uploads\/2023\/10\/telechargement-2023-10-05T104227.887-110x110.jpg 110w, https:\/\/broxtal.com\/wp-content\/uploads\/2023\/10\/telechargement-2023-10-05T104227.887-700x700.jpg 700w, https:\/\/broxtal.com\/wp-content\/uploads\/2023\/10\/telechargement-2023-10-05T104227.887-32x32.jpg 32w, https:\/\/broxtal.com\/wp-content\/uploads\/2023\/10\/telechargement-2023-10-05T104227.887-64x64.jpg 64w\" sizes=\"(max-width: 1200px) 100vw, 1200px\" \/><\/p>","protected":false},"excerpt":{"rendered":"<p>Premium Waterproof Bed Bug Mattress Protector! Discover the ultimate mattress protection solution with our Premium Waterproof Bed Bug Mattress Protector<\/p>","protected":false},"featured_media":24489,"comment_status":"open","ping_status":"closed","template":"","meta":[],"product_brand":[],"product_cat":[1763],"product_tag":[],"class_list":{"0":"post-24487","1":"product","2":"type-product","3":"status-publish","4":"has-post-thumbnail","6":"product_cat-masks-accessories","8":"first","9":"instock","10":"shipping-taxable","11":"purchasable","12":"product-type-variable"},"_links":{"self":[{"href":"https:\/\/broxtal.com\/de\/wp-json\/wp\/v2\/product\/24487","targetHints":{"allow":["GET"]}}],"collection":[{"href":"https:\/\/broxtal.com\/de\/wp-json\/wp\/v2\/product"}],"about":[{"href":"https:\/\/broxtal.com\/de\/wp-json\/wp\/v2\/types\/product"}],"replies":[{"embeddable":true,"href":"https:\/\/broxtal.com\/de\/wp-json\/wp\/v2\/comments?post=24487"}],"version-history":[{"count":1,"href":"https:\/\/broxtal.com\/de\/wp-json\/wp\/v2\/product\/24487\/revisions"}],"predecessor-version":[{"id":39362,"href":"https:\/\/broxtal.com\/de\/wp-json\/wp\/v2\/product\/24487\/revisions\/39362"}],"wp:featuredmedia":[{"embeddable":true,"href":"https:\/\/broxtal.com\/de\/wp-json\/wp\/v2\/media\/24489"}],"wp:attachment":[{"href":"https:\/\/broxtal.com\/de\/wp-json\/wp\/v2\/media?parent=24487"}],"wp:term":[{"taxonomy":"product_brand","embeddable":true,"href":"https:\/\/broxtal.com\/de\/wp-json\/wp\/v2\/product_brand?post=24487"},{"taxonomy":"product_cat","embeddable":true,"href":"https:\/\/broxtal.com\/de\/wp-json\/wp\/v2\/product_cat?post=24487"},{"taxonomy":"product_tag","embeddable":true,"href":"https:\/\/broxtal.com\/de\/wp-json\/wp\/v2\/product_tag?post=24487"}],"curies":[{"name":"wp","href":"https:\/\/api.w.org\/{rel}","templated":true}]}}