{"id":24516,"date":"2023-10-05T12:46:59","date_gmt":"2023-10-05T11:46:59","guid":{"rendered":"https:\/\/broxtal.com\/?post_type=product&#038;p=24516"},"modified":"2026-01-09T01:01:37","modified_gmt":"2026-01-09T01:01:37","slug":"6-sides-fully-enclosed-waterproof-bed-bug-mattress-protector","status":"publish","type":"product","link":"https:\/\/broxtal.com\/de\/produkt\/6-sides-fully-enclosed-waterproof-bed-bug-mattress-protector\/","title":{"rendered":"Vollst\u00e4ndig geschlossener, wasserdichter Bettwanzen-Matratzenschoner"},"content":{"rendered":"<h1 style=\"text-align: center;\"><strong>Der perfekte Matratzenschutz: Wasserdichter Bettwanzen-Matratzenschoner<\/strong><\/h1>\n<h3 style=\"text-align: center;\"><em>Unerreichte Matratzen-Sicherheit f\u00fcr jeden Schlaf<\/em><\/h3>\n<p style=\"text-align: center;\">Verbessern Sie Ihren Schlafplatz mit unserem wasserdichten Matratzenschoner f\u00fcr Bettwanzen. Dieses innovative Bettwarenprodukt wurde f\u00fcr den ultimativen Matratzenschutz entwickelt und sorgt daf\u00fcr, dass Ihr Bett sauber, trocken und wanzenfrei bleibt. So wird die Langlebigkeit Ihrer Matratze erh\u00f6ht und Sie k\u00f6nnen jede Nacht erholsam schlafen.<\/p>\n<p style=\"text-align: center;\">Dieses sorgf\u00e4ltig gefertigte und f\u00fcr den Rundumschutz konzipierte <strong>Matratzenschoner <\/strong>\u00a0ist die ideale L\u00f6sung, um Ihre Investition zu sch\u00fctzen - Ihre Matratze. Verabschieden Sie sich von der Sorge um versch\u00fcttete Fl\u00fcssigkeiten, Flecken oder l\u00e4stige Bettwanzen und freuen Sie sich auf einen erholsamen Schlaf - jede Nacht.<\/p>\n<p>&nbsp;<\/p>\n<p><img fetchpriority=\"high\" decoding=\"async\" class=\"size-full wp-image-24562 aligncenter\" src=\"https:\/\/broxtal.com\/wp-content\/uploads\/2023\/10\/telechargement-2023-10-06T121239.902.jpg\" alt=\"\" width=\"800\" height=\"800\" srcset=\"https:\/\/broxtal.com\/wp-content\/uploads\/2023\/10\/telechargement-2023-10-06T121239.902.jpg 800w, https:\/\/broxtal.com\/wp-content\/uploads\/2023\/10\/telechargement-2023-10-06T121239.902-600x600.jpg 600w, https:\/\/broxtal.com\/wp-content\/uploads\/2023\/10\/telechargement-2023-10-06T121239.902-150x150.jpg 150w, https:\/\/broxtal.com\/wp-content\/uploads\/2023\/10\/telechargement-2023-10-06T121239.902-300x300.jpg 300w, https:\/\/broxtal.com\/wp-content\/uploads\/2023\/10\/telechargement-2023-10-06T121239.902-768x768.jpg 768w, https:\/\/broxtal.com\/wp-content\/uploads\/2023\/10\/telechargement-2023-10-06T121239.902-60x60.jpg 60w, https:\/\/broxtal.com\/wp-content\/uploads\/2023\/10\/telechargement-2023-10-06T121239.902-110x110.jpg 110w, https:\/\/broxtal.com\/wp-content\/uploads\/2023\/10\/telechargement-2023-10-06T121239.902-700x700.jpg 700w, https:\/\/broxtal.com\/wp-content\/uploads\/2023\/10\/telechargement-2023-10-06T121239.902-32x32.jpg 32w, https:\/\/broxtal.com\/wp-content\/uploads\/2023\/10\/telechargement-2023-10-06T121239.902-64x64.jpg 64w\" sizes=\"(max-width: 800px) 100vw, 800px\" \/><\/p>\n<h2><\/h2>\n<p>&nbsp;<\/p>\n<h2><strong>Der Bettwanzen-Matratzenschoner bietet folgende Eigenschaften:<\/strong><\/h2>\n<ol>\n<li><strong>\u00a0Fortschrittliche Wasserabdichtung<\/strong> : Unser Matratzenschoner verf\u00fcgt \u00fcber eine 6-seitige Impr\u00e4gnierung, die einen vollst\u00e4ndigen Schutz vor Fl\u00fcssigkeiten und Versch\u00fcttungen gew\u00e4hrleistet. Halten Sie Ihre Matratze frisch und sauber und verl\u00e4ngern Sie ihre Lebensdauer.<\/li>\n<li><strong>\u00a0Premium-Gewebe<\/strong> : Die Vorderseite besteht aus 100% Polyesterfasern, die eine weiche und komfortable Oberfl\u00e4che f\u00fcr Ihren Schlaf bieten. Es ist atmungsaktiv, feuchtigkeitsabsorbierend und resistent gegen Pilling und Ausbleichen, was eine lang anhaltende Qualit\u00e4t gew\u00e4hrleistet.<\/li>\n<\/ol>\n<p><img decoding=\"async\" class=\"size-full wp-image-24564 aligncenter\" src=\"https:\/\/broxtal.com\/wp-content\/uploads\/2023\/10\/telechargement-2023-10-06T121238.131.jpg\" alt=\"\" width=\"800\" height=\"800\" srcset=\"https:\/\/broxtal.com\/wp-content\/uploads\/2023\/10\/telechargement-2023-10-06T121238.131.jpg 800w, https:\/\/broxtal.com\/wp-content\/uploads\/2023\/10\/telechargement-2023-10-06T121238.131-600x600.jpg 600w, https:\/\/broxtal.com\/wp-content\/uploads\/2023\/10\/telechargement-2023-10-06T121238.131-150x150.jpg 150w, https:\/\/broxtal.com\/wp-content\/uploads\/2023\/10\/telechargement-2023-10-06T121238.131-300x300.jpg 300w, https:\/\/broxtal.com\/wp-content\/uploads\/2023\/10\/telechargement-2023-10-06T121238.131-768x768.jpg 768w, https:\/\/broxtal.com\/wp-content\/uploads\/2023\/10\/telechargement-2023-10-06T121238.131-60x60.jpg 60w, https:\/\/broxtal.com\/wp-content\/uploads\/2023\/10\/telechargement-2023-10-06T121238.131-110x110.jpg 110w, https:\/\/broxtal.com\/wp-content\/uploads\/2023\/10\/telechargement-2023-10-06T121238.131-700x700.jpg 700w, https:\/\/broxtal.com\/wp-content\/uploads\/2023\/10\/telechargement-2023-10-06T121238.131-32x32.jpg 32w, https:\/\/broxtal.com\/wp-content\/uploads\/2023\/10\/telechargement-2023-10-06T121238.131-64x64.jpg 64w\" sizes=\"(max-width: 800px) 100vw, 800px\" \/><\/p>\n<p><img decoding=\"async\" class=\"size-full wp-image-24521 aligncenter\" src=\"https:\/\/broxtal.com\/wp-content\/uploads\/2023\/10\/H2149fe915f6c40129a3dc2d309ce58cfj.webp\" alt=\"\" width=\"790\" height=\"930\" srcset=\"https:\/\/broxtal.com\/wp-content\/uploads\/2023\/10\/H2149fe915f6c40129a3dc2d309ce58cfj.webp 790w, https:\/\/broxtal.com\/wp-content\/uploads\/2023\/10\/H2149fe915f6c40129a3dc2d309ce58cfj-600x706.webp 600w, https:\/\/broxtal.com\/wp-content\/uploads\/2023\/10\/H2149fe915f6c40129a3dc2d309ce58cfj-150x177.webp 150w, https:\/\/broxtal.com\/wp-content\/uploads\/2023\/10\/H2149fe915f6c40129a3dc2d309ce58cfj-255x300.webp 255w, https:\/\/broxtal.com\/wp-content\/uploads\/2023\/10\/H2149fe915f6c40129a3dc2d309ce58cfj-680x800.webp 680w, https:\/\/broxtal.com\/wp-content\/uploads\/2023\/10\/H2149fe915f6c40129a3dc2d309ce58cfj-768x904.webp 768w, https:\/\/broxtal.com\/wp-content\/uploads\/2023\/10\/H2149fe915f6c40129a3dc2d309ce58cfj-60x71.webp 60w, https:\/\/broxtal.com\/wp-content\/uploads\/2023\/10\/H2149fe915f6c40129a3dc2d309ce58cfj-110x129.webp 110w, https:\/\/broxtal.com\/wp-content\/uploads\/2023\/10\/H2149fe915f6c40129a3dc2d309ce58cfj-700x824.webp 700w\" sizes=\"(max-width: 790px) 100vw, 790px\" \/><\/p>\n<p>&nbsp;<\/p>\n<h2><strong>Technische Daten<\/strong><\/h2>\n<ul>\n<li><strong>Vorderseite Stoff:<\/strong> 100% Polyester-Faser<\/li>\n<li><strong>Stoff der R\u00fcckseite:<\/strong> Wasserdichtes TPU-Material<\/li>\n<li><strong>Rei\u00dfverschluss:<\/strong> Unsichtbarer Rei\u00dfverschluss<\/li>\n<li><strong>Note:<\/strong> Ausgezeichnet (A+)<\/li>\n<li><strong>Wasserdicht:<\/strong> 100%<\/li>\n<\/ul>\n<p>&nbsp;<\/p>\n<p><img loading=\"lazy\" decoding=\"async\" class=\"size-full wp-image-24563 aligncenter\" src=\"https:\/\/broxtal.com\/wp-content\/uploads\/2023\/10\/telechargement-2023-10-06T121240.691.jpg\" alt=\"\" width=\"800\" height=\"800\" srcset=\"https:\/\/broxtal.com\/wp-content\/uploads\/2023\/10\/telechargement-2023-10-06T121240.691.jpg 800w, https:\/\/broxtal.com\/wp-content\/uploads\/2023\/10\/telechargement-2023-10-06T121240.691-600x600.jpg 600w, https:\/\/broxtal.com\/wp-content\/uploads\/2023\/10\/telechargement-2023-10-06T121240.691-150x150.jpg 150w, https:\/\/broxtal.com\/wp-content\/uploads\/2023\/10\/telechargement-2023-10-06T121240.691-300x300.jpg 300w, https:\/\/broxtal.com\/wp-content\/uploads\/2023\/10\/telechargement-2023-10-06T121240.691-768x768.jpg 768w, https:\/\/broxtal.com\/wp-content\/uploads\/2023\/10\/telechargement-2023-10-06T121240.691-60x60.jpg 60w, https:\/\/broxtal.com\/wp-content\/uploads\/2023\/10\/telechargement-2023-10-06T121240.691-110x110.jpg 110w, https:\/\/broxtal.com\/wp-content\/uploads\/2023\/10\/telechargement-2023-10-06T121240.691-700x700.jpg 700w, https:\/\/broxtal.com\/wp-content\/uploads\/2023\/10\/telechargement-2023-10-06T121240.691-32x32.jpg 32w, https:\/\/broxtal.com\/wp-content\/uploads\/2023\/10\/telechargement-2023-10-06T121240.691-64x64.jpg 64w\" sizes=\"(max-width: 800px) 100vw, 800px\" \/><\/p>\n<h3><\/h3>\n<p>&nbsp;<\/p>\n<h3><strong>Das Paket enth\u00e4lt<\/strong><\/h3>\n<ul>\n<li>1 x Wasserdichter Bettwanzen-Matratzenschoner<\/li>\n<\/ul>\n<p>&nbsp;<\/p>\n<p>&nbsp;<\/p>","protected":false},"excerpt":{"rendered":"<p>The Perfect Mattress Protection: Waterproof Bed Bug Mattress Protector Unmatched Mattress Safety for Every Sleep Upgrade your sleep sanctuary with<\/p>","protected":false},"featured_media":24561,"comment_status":"open","ping_status":"closed","template":"","meta":[],"product_brand":[],"product_cat":[1763],"product_tag":[280],"class_list":{"0":"post-24516","1":"product","2":"type-product","3":"status-publish","4":"has-post-thumbnail","6":"product_cat-masks-accessories","7":"product_tag-new","9":"first","10":"instock","11":"shipping-taxable","12":"purchasable","13":"product-type-variable"},"_links":{"self":[{"href":"https:\/\/broxtal.com\/de\/wp-json\/wp\/v2\/product\/24516","targetHints":{"allow":["GET"]}}],"collection":[{"href":"https:\/\/broxtal.com\/de\/wp-json\/wp\/v2\/product"}],"about":[{"href":"https:\/\/broxtal.com\/de\/wp-json\/wp\/v2\/types\/product"}],"replies":[{"embeddable":true,"href":"https:\/\/broxtal.com\/de\/wp-json\/wp\/v2\/comments?post=24516"}],"version-history":[{"count":1,"href":"https:\/\/broxtal.com\/de\/wp-json\/wp\/v2\/product\/24516\/revisions"}],"predecessor-version":[{"id":39361,"href":"https:\/\/broxtal.com\/de\/wp-json\/wp\/v2\/product\/24516\/revisions\/39361"}],"wp:featuredmedia":[{"embeddable":true,"href":"https:\/\/broxtal.com\/de\/wp-json\/wp\/v2\/media\/24561"}],"wp:attachment":[{"href":"https:\/\/broxtal.com\/de\/wp-json\/wp\/v2\/media?parent=24516"}],"wp:term":[{"taxonomy":"product_brand","embeddable":true,"href":"https:\/\/broxtal.com\/de\/wp-json\/wp\/v2\/product_brand?post=24516"},{"taxonomy":"product_cat","embeddable":true,"href":"https:\/\/broxtal.com\/de\/wp-json\/wp\/v2\/product_cat?post=24516"},{"taxonomy":"product_tag","embeddable":true,"href":"https:\/\/broxtal.com\/de\/wp-json\/wp\/v2\/product_tag?post=24516"}],"curies":[{"name":"wp","href":"https:\/\/api.w.org\/{rel}","templated":true}]}}