{"id":32124,"date":"2025-04-15T11:59:24","date_gmt":"2025-04-15T10:59:24","guid":{"rendered":"https:\/\/broxtal.com\/?post_type=product&#038;p=32124"},"modified":"2025-06-13T16:45:18","modified_gmt":"2025-06-13T15:45:18","slug":"ice-pack-for-wrist","status":"publish","type":"product","link":"https:\/\/broxtal.com\/de\/produkt\/ice-pack-for-wrist\/","title":{"rendered":"FODRK\u2122 Eisbeutel f\u00fcr Handgelenkschmerzen"},"content":{"rendered":"<h3 style=\"text-align: center;\" data-start=\"1990\" data-end=\"2100\"><span style=\"color: #3366ff;\">Hot &amp; Cold Ice Pack f\u00fcr Handgelenk Therapie wickeln liefert schnellen Komfort von Karpaltunnel, Verletzungen oder Schwellungen-zu jeder Zeit, \u00fcberall.<\/span><\/h3>\n<h3 data-start=\"2107\" data-end=\"2159\"><\/h3>\n<h3 class=\"\" data-start=\"2107\" data-end=\"2159\"><strong data-start=\"2114\" data-end=\"2157\">Vielseitige Hei\u00df- und K\u00e4ltetherapie<\/strong><\/h3>\n<p class=\"\" data-start=\"2160\" data-end=\"2408\">Ob bei Karpaltunnelbeschwerden oder nach einer Operation, das FODRK\u2122 Ice Pack for Wrist Pain bietet leistungsstarke 2-in-1 W\u00e4rme- und K\u00e4ltelinderung. Gefrieren Sie es bei Schwellungen und Entz\u00fcndungen oder erw\u00e4rmen Sie es in der Mikrowelle f\u00fcr eine wohltuende W\u00e4rmetherapie - in nur wenigen Sekunden.<\/p>\n<h3 class=\"\" data-start=\"2415\" data-end=\"2482\"><strong data-start=\"2422\" data-end=\"2480\">Bequeme Kompression, die sich mit Ihnen bewegt<\/strong><\/h3>\n<p class=\"\" data-start=\"2483\" data-end=\"2694\">Dieser Gel-Wickel f\u00fcr das Handgelenk besteht aus weichem Samt und atmungsaktivem Nylon und f\u00fchlt sich an wie eine sanfte Umarmung. Das flexible Klettband sorgt f\u00fcr eine sichere, verstellbare Passform - so k\u00f6nnen Sie Ihren Tag mit Komfort und Unterst\u00fctzung angehen.<\/p>\n<h3 class=\"\" data-start=\"2701\" data-end=\"2756\"><strong data-start=\"2708\" data-end=\"2754\">Gro\u00dfe Reichweite, gezielte Entlastung<\/strong><\/h3>\n<p class=\"\" data-start=\"2757\" data-end=\"2954\">Mit einer Gr\u00f6\u00dfe von 47,4\u00d712,7 cm deckt dieser Wickel mehr als nur Ihr Handgelenk ab. Er eignet sich auch perfekt f\u00fcr Ellbogen, Knie und Kn\u00f6chel und sorgt f\u00fcr eine schnelle Genesung bei Sehnenentz\u00fcndungen, \u00dcberlastung und Schwellungen in einem kompakten Design.<\/p>\n<h3 class=\"\" data-start=\"2961\" data-end=\"3014\"><strong data-start=\"2968\" data-end=\"3012\">Langlebig, auslaufsicher &amp; wiederverwendbar<\/strong><\/h3>\n<p class=\"\" data-start=\"3015\" data-end=\"3209\">Dieses Eispack f\u00fcr das Handgelenk besteht aus hochwertigem PVC und einem festen Gelkern. Es ist auslaufsicher und bleibt auch nach dem Einfrieren flexibel. Er ist abwaschbar, wiederverwendbar und immer bereit f\u00fcr den n\u00e4chsten Einsatz - kein Tropfen, keine Sauerei.<\/p>\n<h3 class=\"\" data-start=\"3216\" data-end=\"3241\"><strong data-start=\"3223\" data-end=\"3241\">Spezifikationen<\/strong><\/h3>\n<ul>\n<li data-start=\"3244\" data-end=\"3263\"><strong data-start=\"3244\" data-end=\"3254\">Marke:<\/strong> FODRK\u2122.<\/li>\n<li data-start=\"3266\" data-end=\"3302\"><strong data-start=\"3266\" data-end=\"3283\">Produkttyp:<\/strong> K\u00fchlendes Gel-Pack<\/li>\n<li data-start=\"3305\" data-end=\"3339\"><strong data-start=\"3305\" data-end=\"3318\">Material:<\/strong> PVC + Nylon\/Samt<\/li>\n<li data-start=\"3342\" data-end=\"3366\"><strong data-start=\"3342\" data-end=\"3351\">Gr\u00f6\u00dfe:<\/strong> 47,4\u00d712,7 cm<\/li>\n<li data-start=\"3369\" data-end=\"3398\"><strong data-start=\"3369\" data-end=\"3377\">Verwendung:<\/strong> Hei\u00df- und K\u00e4ltetherapie<\/li>\n<li data-start=\"3401\" data-end=\"3446\"><strong data-start=\"3401\" data-end=\"3418\">Zielgebiete:<\/strong> Handgelenk, Ellbogen, Kn\u00f6chel, Knie<\/li>\n<li data-start=\"3449\" data-end=\"3466\"><strong data-start=\"3449\" data-end=\"3459\">Farbe:<\/strong> Blau<\/li>\n<li data-start=\"3469\" data-end=\"3488\"><strong data-start=\"3469\" data-end=\"3482\">Wiederverwendbar:<\/strong> Ja<\/li>\n<li data-start=\"3491\" data-end=\"3536\"><strong data-start=\"3491\" data-end=\"3510\">Einstellbare Passform:<\/strong> Ja (Klettverschlussband)<\/li>\n<\/ul>","protected":false},"excerpt":{"rendered":"<p>FODRK\u2122 Ice Pack for Wrist Pain bietet schnelle W\u00e4rme-\/K\u00e4lte-Linderung bei Karpaltunnel, Verletzungen oder Schwellungen. Wiederverwendbar, flexibel und einstellbar f\u00fcr eine individuelle Passform. Holen Sie sich Ihre jetzt und f\u00fchlen Sie die Linderung!<\/p>","protected":false},"featured_media":32127,"comment_status":"open","ping_status":"closed","template":"","meta":[],"product_brand":[],"product_cat":[286,1758,1718],"product_tag":[],"class_list":{"0":"post-32124","1":"product","2":"type-product","3":"status-publish","4":"has-post-thumbnail","6":"product_cat-health-wellness","7":"product_cat-heating-cold-therapy","8":"product_cat-physical-therapy-recovery-devices","10":"first","11":"instock","12":"sale","13":"shipping-taxable","14":"purchasable","15":"product-type-simple"},"_links":{"self":[{"href":"https:\/\/broxtal.com\/de\/wp-json\/wp\/v2\/product\/32124","targetHints":{"allow":["GET"]}}],"collection":[{"href":"https:\/\/broxtal.com\/de\/wp-json\/wp\/v2\/product"}],"about":[{"href":"https:\/\/broxtal.com\/de\/wp-json\/wp\/v2\/types\/product"}],"replies":[{"embeddable":true,"href":"https:\/\/broxtal.com\/de\/wp-json\/wp\/v2\/comments?post=32124"}],"version-history":[{"count":3,"href":"https:\/\/broxtal.com\/de\/wp-json\/wp\/v2\/product\/32124\/revisions"}],"predecessor-version":[{"id":32128,"href":"https:\/\/broxtal.com\/de\/wp-json\/wp\/v2\/product\/32124\/revisions\/32128"}],"wp:featuredmedia":[{"embeddable":true,"href":"https:\/\/broxtal.com\/de\/wp-json\/wp\/v2\/media\/32127"}],"wp:attachment":[{"href":"https:\/\/broxtal.com\/de\/wp-json\/wp\/v2\/media?parent=32124"}],"wp:term":[{"taxonomy":"product_brand","embeddable":true,"href":"https:\/\/broxtal.com\/de\/wp-json\/wp\/v2\/product_brand?post=32124"},{"taxonomy":"product_cat","embeddable":true,"href":"https:\/\/broxtal.com\/de\/wp-json\/wp\/v2\/product_cat?post=32124"},{"taxonomy":"product_tag","embeddable":true,"href":"https:\/\/broxtal.com\/de\/wp-json\/wp\/v2\/product_tag?post=32124"}],"curies":[{"name":"wp","href":"https:\/\/api.w.org\/{rel}","templated":true}]}}