{"id":32515,"date":"2025-04-21T13:38:59","date_gmt":"2025-04-21T12:38:59","guid":{"rendered":"https:\/\/broxtal.com\/?post_type=product&#038;p=32515"},"modified":"2025-06-13T16:12:36","modified_gmt":"2025-06-13T15:12:36","slug":"ailuosi-climbing-stairs-machine","status":"publish","type":"product","link":"https:\/\/broxtal.com\/de\/produkt\/ailuosi-climbing-stairs-machine\/","title":{"rendered":"Ailuosi\u2122 Steigtreppen-Maschine"},"content":{"rendered":"<h2 style=\"text-align: center;\" data-start=\"174\" data-end=\"238\"><span style=\"color: #800000;\">Ailuosi\u2122 Klettertreppe Maschine - faltbare Edelstahl Treppe Schrittmacher<\/span><\/h2>\n<h3 data-start=\"245\" data-end=\"259\"><\/h3>\n<h3 class=\"\" data-start=\"245\" data-end=\"259\">Home Climbing Stairs Machine f\u00fcr das Ganzk\u00f6rper-Cardio-Training<\/h3>\n<p class=\"\" data-start=\"448\" data-end=\"740\">Ein kraftvolles Cardio-Training zu Hause mit dem <strong data-start=\"495\" data-end=\"522\">Treppensteigmaschine<\/strong>-Entworfen, um das Treppensteigen zu simulieren und gleichzeitig Platz zu sparen. Dieses Ger\u00e4t aus robustem Edelstahl, das bis zu 120 kg tragen kann, hilft Ihnen, Ihre Ausdauer zu verbessern, Ihre Muskeln zu straffen und Kalorien zu verbrennen, ohne Ihr Haus zu verlassen.<\/p>\n<p class=\"\" data-start=\"742\" data-end=\"1024\">Das Ger\u00e4t verf\u00fcgt \u00fcber ein faltbares Design mit kompakten Abmessungen (96\u00d753\u00d712 cm zusammengeklappt, 85\u00d753\u00d7135 cm ausgeklappt) und ist somit leicht zu verstauen. Ganz gleich, ob Sie gerade erst mit dem Fitnesstraining beginnen oder Ihre Gesundheit erhalten wollen, dieser bodenmontierte Stepper bietet ein reibungsloses und stabiles Trainingserlebnis.<\/p>\n<h3 class=\"\" data-start=\"1031\" data-end=\"1061\">Zusammenklappbarer Stair Stepper - platzsparende Fitness f\u00fcr zu Hause<\/h3>\n<p class=\"\" data-start=\"1063\" data-end=\"1359\"><span data-start=\"1068\" data-end=\"1095\">Diese Klettertreppe<\/span><strong data-start=\"1068\" data-end=\"1095\">\u00a0Maschine<\/strong> ist perfekt f\u00fcr den Heimgebrauch und f\u00fcr eine lange Lebensdauer ausgelegt. Er ist mit individuellen Branding-Optionen wie Silikon oder Laserlogodruck erh\u00e4ltlich. Mit einem Gewicht von nur 12 kg ist er leicht zu transportieren und zu montieren. OEM-Verpackungen sind f\u00fcr den Gro\u00dfhandel oder pers\u00f6nliche Fitnessbed\u00fcrfnisse erh\u00e4ltlich.<\/p>\n<h3 class=\"\" data-start=\"1366\" data-end=\"1396\"><strong data-start=\"1372\" data-end=\"1396\">Spezifikationen<\/strong><\/h3>\n<div class=\"group pointer-events-none relative flex justify-center *:pointer-events-auto\">\n<p>&nbsp;<\/p>\n<div class=\"tableContainer horzScrollShadows relative\">\n<table class=\"min-w-full\" style=\"height: 240px;\" width=\"464\" data-start=\"1398\" data-end=\"2432\">\n<thead data-start=\"1398\" data-end=\"1471\">\n<tr data-start=\"1398\" data-end=\"1471\">\n<th data-start=\"1398\" data-end=\"1428\"><strong data-start=\"1400\" data-end=\"1417\">Spezifikation<\/strong><\/th>\n<th data-start=\"1428\" data-end=\"1471\"><strong data-start=\"1430\" data-end=\"1441\">Einzelheiten<\/strong><\/th>\n<\/tr>\n<\/thead>\n<tbody data-start=\"1546\" data-end=\"2432\">\n<tr data-start=\"1546\" data-end=\"1618\">\n<td class=\"max-w-[calc(var(--thread-content-max-width)*2\/3)]\" data-start=\"1546\" data-end=\"1575\"><strong data-start=\"1548\" data-end=\"1564\">Produktname<\/strong><\/td>\n<td class=\"max-w-[calc(var(--thread-content-max-width)*2\/3)]\" data-start=\"1575\" data-end=\"1618\">Treppensteigende Maschine<\/td>\n<\/tr>\n<tr data-start=\"1619\" data-end=\"1692\">\n<td class=\"max-w-[calc(var(--thread-content-max-width)*2\/3)]\" data-start=\"1619\" data-end=\"1648\"><strong data-start=\"1621\" data-end=\"1633\">Material<\/strong><\/td>\n<td class=\"max-w-[calc(var(--thread-content-max-width)*2\/3)]\" data-start=\"1648\" data-end=\"1692\">Rostfreier Stahl<\/td>\n<\/tr>\n<tr data-start=\"1693\" data-end=\"1766\">\n<td class=\"max-w-[calc(var(--thread-content-max-width)*2\/3)]\" data-start=\"1693\" data-end=\"1722\"><strong data-start=\"1695\" data-end=\"1710\">Anmeldung<\/strong><\/td>\n<td class=\"max-w-[calc(var(--thread-content-max-width)*2\/3)]\" data-start=\"1722\" data-end=\"1766\">Heimgebrauch<\/td>\n<\/tr>\n<tr data-start=\"1767\" data-end=\"1840\">\n<td class=\"max-w-[calc(var(--thread-content-max-width)*2\/3)]\" data-start=\"1767\" data-end=\"1796\"><strong data-start=\"1769\" data-end=\"1790\">Maximale Tragf\u00e4higkeit<\/strong><\/td>\n<td class=\"max-w-[calc(var(--thread-content-max-width)*2\/3)]\" data-start=\"1796\" data-end=\"1840\">120kg<\/td>\n<\/tr>\n<tr data-start=\"1841\" data-end=\"1914\">\n<td class=\"max-w-[calc(var(--thread-content-max-width)*2\/3)]\" data-start=\"1841\" data-end=\"1870\"><strong data-start=\"1843\" data-end=\"1857\">Nettogewicht<\/strong><\/td>\n<td class=\"max-w-[calc(var(--thread-content-max-width)*2\/3)]\" data-start=\"1870\" data-end=\"1914\">12kg<\/td>\n<\/tr>\n<tr data-start=\"1915\" data-end=\"1988\">\n<td class=\"max-w-[calc(var(--thread-content-max-width)*2\/3)]\" data-start=\"1915\" data-end=\"1944\"><strong data-start=\"1917\" data-end=\"1933\">Faltung Gr\u00f6\u00dfe<\/strong><\/td>\n<td class=\"max-w-[calc(var(--thread-content-max-width)*2\/3)]\" data-start=\"1944\" data-end=\"1988\">96 \u00d7 53 \u00d7 12 cm<\/td>\n<\/tr>\n<tr data-start=\"1989\" data-end=\"2062\">\n<td class=\"max-w-[calc(var(--thread-content-max-width)*2\/3)]\" data-start=\"1989\" data-end=\"2018\"><strong data-start=\"1991\" data-end=\"2008\">Erweitertes Format<\/strong><\/td>\n<td class=\"max-w-[calc(var(--thread-content-max-width)*2\/3)]\" data-start=\"2018\" data-end=\"2062\">85 \u00d7 53 \u00d7 135 cm<\/td>\n<\/tr>\n<\/tbody>\n<\/table>\n<\/div>\n<\/div>","protected":false},"excerpt":{"rendered":"<p>Erklimmen Sie Ihren Weg zur Fitness mit unserem Treppensteigger\u00e4t! Zusammenklappbar, kompakt und langlebig - perfekt f\u00fcr das Cardio-Training zu Hause. Holen Sie sich Ihr Ger\u00e4t noch heute und fangen Sie an zu klettern!<\/p>","protected":false},"featured_media":32516,"comment_status":"open","ping_status":"closed","template":"","meta":[],"product_brand":[],"product_cat":[286],"product_tag":[],"class_list":{"0":"post-32515","1":"product","2":"type-product","3":"status-publish","4":"has-post-thumbnail","6":"product_cat-health-wellness","8":"first","9":"instock","10":"sale","11":"shipping-taxable","12":"purchasable","13":"product-type-simple"},"_links":{"self":[{"href":"https:\/\/broxtal.com\/de\/wp-json\/wp\/v2\/product\/32515","targetHints":{"allow":["GET"]}}],"collection":[{"href":"https:\/\/broxtal.com\/de\/wp-json\/wp\/v2\/product"}],"about":[{"href":"https:\/\/broxtal.com\/de\/wp-json\/wp\/v2\/types\/product"}],"replies":[{"embeddable":true,"href":"https:\/\/broxtal.com\/de\/wp-json\/wp\/v2\/comments?post=32515"}],"version-history":[{"count":3,"href":"https:\/\/broxtal.com\/de\/wp-json\/wp\/v2\/product\/32515\/revisions"}],"predecessor-version":[{"id":32826,"href":"https:\/\/broxtal.com\/de\/wp-json\/wp\/v2\/product\/32515\/revisions\/32826"}],"wp:featuredmedia":[{"embeddable":true,"href":"https:\/\/broxtal.com\/de\/wp-json\/wp\/v2\/media\/32516"}],"wp:attachment":[{"href":"https:\/\/broxtal.com\/de\/wp-json\/wp\/v2\/media?parent=32515"}],"wp:term":[{"taxonomy":"product_brand","embeddable":true,"href":"https:\/\/broxtal.com\/de\/wp-json\/wp\/v2\/product_brand?post=32515"},{"taxonomy":"product_cat","embeddable":true,"href":"https:\/\/broxtal.com\/de\/wp-json\/wp\/v2\/product_cat?post=32515"},{"taxonomy":"product_tag","embeddable":true,"href":"https:\/\/broxtal.com\/de\/wp-json\/wp\/v2\/product_tag?post=32515"}],"curies":[{"name":"wp","href":"https:\/\/api.w.org\/{rel}","templated":true}]}}