{"id":34106,"date":"2025-05-24T20:44:43","date_gmt":"2025-05-24T19:44:43","guid":{"rendered":"https:\/\/broxtal.com\/?post_type=product&#038;p=34106"},"modified":"2026-02-10T15:33:51","modified_gmt":"2026-02-10T15:33:51","slug":"yonker-mini-3-in-1-oxygen-generator","status":"publish","type":"product","link":"https:\/\/broxtal.com\/de\/produkt\/yonker-mini-3-in-1-oxygen-generator\/","title":{"rendered":"Sauerstoff-Konzentrator 1-7L - Yonker JY-201W"},"content":{"rendered":"<h1 class=\"p1\" style=\"text-align: center;\">Sauerstoff-Konzentrator 1-7L - Yonker JY-201W<\/h1>\n<h4 class=\"p1\" style=\"text-align: center;\"><b>F\u00e4llt Ihnen das Atmen schwer?<\/b><b><\/b><\/h4>\n<h4 class=\"p1\" style=\"text-align: center;\"><b>Sind Sie sauerstoffarm oder erholen Sie sich von einer Krankheit?<\/b><b><\/b><\/h4>\n<h4 class=\"p2\" style=\"text-align: center;\">Die L\u00f6sung ist die Erh\u00f6hung des Sauerstoffgehalts im Blut (SpO\u2082) mit dem<\/h4>\n<h1 class=\"p1\" style=\"text-align: center;\"><a href=\"https:\/\/broxtal.com\/wp-content\/uploads\/2025\/05\/Screenshot-2025-06-30-at-15.56.59.png\"><img fetchpriority=\"high\" decoding=\"async\" class=\"aligncenter wp-image-35795 size-full\" src=\"https:\/\/broxtal.com\/wp-content\/uploads\/2025\/05\/Screenshot-2025-06-30-at-15.56.59.png\" alt=\"\" width=\"1084\" height=\"160\" srcset=\"https:\/\/broxtal.com\/wp-content\/uploads\/2025\/05\/Screenshot-2025-06-30-at-15.56.59.png 1084w, https:\/\/broxtal.com\/wp-content\/uploads\/2025\/05\/Screenshot-2025-06-30-at-15.56.59-400x59.png 400w, https:\/\/broxtal.com\/wp-content\/uploads\/2025\/05\/Screenshot-2025-06-30-at-15.56.59-768x113.png 768w, https:\/\/broxtal.com\/wp-content\/uploads\/2025\/05\/Screenshot-2025-06-30-at-15.56.59-18x3.png 18w, https:\/\/broxtal.com\/wp-content\/uploads\/2025\/05\/Screenshot-2025-06-30-at-15.56.59-60x9.png 60w, https:\/\/broxtal.com\/wp-content\/uploads\/2025\/05\/Screenshot-2025-06-30-at-15.56.59-110x16.png 110w, https:\/\/broxtal.com\/wp-content\/uploads\/2025\/05\/Screenshot-2025-06-30-at-15.56.59-600x89.png 600w, https:\/\/broxtal.com\/wp-content\/uploads\/2025\/05\/Screenshot-2025-06-30-at-15.56.59-150x22.png 150w\" sizes=\"(max-width: 1084px) 100vw, 1084px\" \/><\/a><\/h1>\n<p class=\"p1\" style=\"text-align: center; color: #28a745; font-weight: bold;\">\u2714\ufe0f Keine Verschreibung erforderlich \u2714\ufe0f<\/p>\n<p class=\"p1\" style=\"text-align: center; color: #28a745; font-weight: bold;\">\u2714\ufe0f Unbegrenzte Sauerstoffversorgung \u2714\ufe0f<\/p>\n<p class=\"p1\" style=\"text-align: center; color: #28a745; font-weight: bold;\">\u2714\ufe0f Keine Sauerstoffflasche erforderlich \u2714\ufe0f<\/p>\n<p><a href=\"https:\/\/broxtal.com\/wp-content\/uploads\/2025\/05\/H20017f5984314a33bb2d3d8edab1858eI.jpeg\"><img decoding=\"async\" class=\"size-full wp-image-34114 aligncenter\" src=\"https:\/\/broxtal.com\/wp-content\/uploads\/2025\/05\/H20017f5984314a33bb2d3d8edab1858eI.jpeg\" alt=\"\" width=\"750\" height=\"750\" srcset=\"https:\/\/broxtal.com\/wp-content\/uploads\/2025\/05\/H20017f5984314a33bb2d3d8edab1858eI.jpeg 750w, https:\/\/broxtal.com\/wp-content\/uploads\/2025\/05\/H20017f5984314a33bb2d3d8edab1858eI-300x300.jpeg 300w, https:\/\/broxtal.com\/wp-content\/uploads\/2025\/05\/H20017f5984314a33bb2d3d8edab1858eI-150x150.jpeg 150w, https:\/\/broxtal.com\/wp-content\/uploads\/2025\/05\/H20017f5984314a33bb2d3d8edab1858eI-60x60.jpeg 60w, https:\/\/broxtal.com\/wp-content\/uploads\/2025\/05\/H20017f5984314a33bb2d3d8edab1858eI-110x110.jpeg 110w, https:\/\/broxtal.com\/wp-content\/uploads\/2025\/05\/H20017f5984314a33bb2d3d8edab1858eI-600x600.jpeg 600w, https:\/\/broxtal.com\/wp-content\/uploads\/2025\/05\/H20017f5984314a33bb2d3d8edab1858eI-32x32.jpeg 32w, https:\/\/broxtal.com\/wp-content\/uploads\/2025\/05\/H20017f5984314a33bb2d3d8edab1858eI-64x64.jpeg 64w\" sizes=\"(max-width: 750px) 100vw, 750px\" \/><\/a><\/p>\n<hr \/>\n<ul>\n<li class=\"p1\">\ud83e\udde0 <span class=\"s1\"><b>Smart-Touch-Schnittstelle<\/b><\/span> - Vereinfacht die Steuerung durch einen intuitiven LCD-Bildschirm.<\/li>\n<li>\n<p class=\"p1\">\ud83d\udca8 <span class=\"s1\"><b>1-7L Einstellbarer Durchfluss<\/b><\/span> - Passt die Sauerstoffzufuhr genau an Ihre Bed\u00fcrfnisse an.<\/p>\n<\/li>\n<li>\n<p class=\"p1\">\ud83d\udd15 <span class=\"s1\"><b>Ultraleise (&lt;50dB)<\/b><\/span> - Ger\u00e4uschloser Betrieb f\u00fcr erholsamen Gebrauch bei Tag und Nacht.<\/p>\n<\/li>\n<li>\n<p class=\"p1\">\ud83d\udee1\ufe0f <span class=\"s1\"><b>Zertifiziert sicher<\/b><\/span> - CE-, RoHS-, ISO- und BSCI-gepr\u00fcft f\u00fcr klinische Zuverl\u00e4ssigkeit.<\/p>\n<\/li>\n<\/ul>\n<hr \/>\n<p><a href=\"https:\/\/broxtal.com\/wp-content\/uploads\/2025\/05\/Ha3c573f0fff64de3936f0c027e4d37bf7.jpeg\"><img decoding=\"async\" class=\"size-full wp-image-34113 aligncenter\" src=\"https:\/\/broxtal.com\/wp-content\/uploads\/2025\/05\/Ha3c573f0fff64de3936f0c027e4d37bf7.jpeg\" alt=\"\" width=\"750\" height=\"750\" srcset=\"https:\/\/broxtal.com\/wp-content\/uploads\/2025\/05\/Ha3c573f0fff64de3936f0c027e4d37bf7.jpeg 750w, https:\/\/broxtal.com\/wp-content\/uploads\/2025\/05\/Ha3c573f0fff64de3936f0c027e4d37bf7-300x300.jpeg 300w, https:\/\/broxtal.com\/wp-content\/uploads\/2025\/05\/Ha3c573f0fff64de3936f0c027e4d37bf7-150x150.jpeg 150w, https:\/\/broxtal.com\/wp-content\/uploads\/2025\/05\/Ha3c573f0fff64de3936f0c027e4d37bf7-60x60.jpeg 60w, https:\/\/broxtal.com\/wp-content\/uploads\/2025\/05\/Ha3c573f0fff64de3936f0c027e4d37bf7-110x110.jpeg 110w, https:\/\/broxtal.com\/wp-content\/uploads\/2025\/05\/Ha3c573f0fff64de3936f0c027e4d37bf7-600x600.jpeg 600w, https:\/\/broxtal.com\/wp-content\/uploads\/2025\/05\/Ha3c573f0fff64de3936f0c027e4d37bf7-32x32.jpeg 32w, https:\/\/broxtal.com\/wp-content\/uploads\/2025\/05\/Ha3c573f0fff64de3936f0c027e4d37bf7-64x64.jpeg 64w\" sizes=\"(max-width: 750px) 100vw, 750px\" \/><\/a><\/p>\n<hr \/>\n<p class=\"p1\"><b>Macht Ihnen ein Mangel an reinem Sauerstoff das Leben schwer?<\/b><b><\/b><\/p>\n<p class=\"p2\">- Haben Sie mit chronischen Atemproblemen zu k\u00e4mpfen?<\/p>\n<p class=\"p2\">- Erholen Sie sich von COVlD?<\/p>\n<p class=\"p2\">- F\u00fchlen Sie sich tags\u00fcber oft energielos?<\/p>\n<p class=\"p2\">- Leiden Sie h\u00e4ufig unter Stress, Kopfschmerzen oder Stimmungsschwankungen?<\/p>\n<p class=\"p2\">- F\u00e4llt es Ihnen schwer, sich zu konzentrieren?<\/p>\n<p class=\"p2\">- Schlafen Sie nicht gut genug?<\/p>\n<p class=\"p2\">- Haben Sie einen R\u00fcckgang Ihrer sportlichen Leistung festgestellt?<\/p>\n<p><a href=\"https:\/\/broxtal.com\/wp-content\/uploads\/2025\/05\/H64f98c4509b948bf8a48014ee08bb1482.jpg_720x720q50.jpeg\"><img loading=\"lazy\" decoding=\"async\" class=\"size-full wp-image-34112 aligncenter\" src=\"https:\/\/broxtal.com\/wp-content\/uploads\/2025\/05\/H64f98c4509b948bf8a48014ee08bb1482.jpg_720x720q50.jpeg\" alt=\"\" width=\"720\" height=\"720\" srcset=\"https:\/\/broxtal.com\/wp-content\/uploads\/2025\/05\/H64f98c4509b948bf8a48014ee08bb1482.jpg_720x720q50.jpeg 720w, https:\/\/broxtal.com\/wp-content\/uploads\/2025\/05\/H64f98c4509b948bf8a48014ee08bb1482.jpg_720x720q50-300x300.jpeg 300w, https:\/\/broxtal.com\/wp-content\/uploads\/2025\/05\/H64f98c4509b948bf8a48014ee08bb1482.jpg_720x720q50-150x150.jpeg 150w, https:\/\/broxtal.com\/wp-content\/uploads\/2025\/05\/H64f98c4509b948bf8a48014ee08bb1482.jpg_720x720q50-60x60.jpeg 60w, https:\/\/broxtal.com\/wp-content\/uploads\/2025\/05\/H64f98c4509b948bf8a48014ee08bb1482.jpg_720x720q50-110x110.jpeg 110w, https:\/\/broxtal.com\/wp-content\/uploads\/2025\/05\/H64f98c4509b948bf8a48014ee08bb1482.jpg_720x720q50-600x600.jpeg 600w, https:\/\/broxtal.com\/wp-content\/uploads\/2025\/05\/H64f98c4509b948bf8a48014ee08bb1482.jpg_720x720q50-32x32.jpeg 32w, https:\/\/broxtal.com\/wp-content\/uploads\/2025\/05\/H64f98c4509b948bf8a48014ee08bb1482.jpg_720x720q50-64x64.jpeg 64w\" sizes=\"(max-width: 720px) 100vw, 720px\" \/><\/a><\/p>\n<p class=\"p4\" style=\"text-align: center;\"><b>Smart Oxygen f\u00fcr die Gesundheit im Alltag<\/b><b><\/b><\/p>\n<p class=\"p1\" style=\"text-align: center;\">Ganz gleich, ob Sie Unterst\u00fctzung im Alltag oder bei der Genesung ben\u00f6tigen, Yonker liefert Ihnen zuverl\u00e4ssigen Sauerstoff in medizinischer Qualit\u00e4t auf Knopfdruck.<\/p>\n<p><a href=\"https:\/\/broxtal.com\/wp-content\/uploads\/2025\/05\/H7a0a1d690df344d9834b5e65c29ff13eJ.jpeg\"><img loading=\"lazy\" decoding=\"async\" class=\"size-full wp-image-34116 aligncenter\" src=\"https:\/\/broxtal.com\/wp-content\/uploads\/2025\/05\/H7a0a1d690df344d9834b5e65c29ff13eJ.jpeg\" alt=\"\" width=\"750\" height=\"750\" srcset=\"https:\/\/broxtal.com\/wp-content\/uploads\/2025\/05\/H7a0a1d690df344d9834b5e65c29ff13eJ.jpeg 750w, https:\/\/broxtal.com\/wp-content\/uploads\/2025\/05\/H7a0a1d690df344d9834b5e65c29ff13eJ-300x300.jpeg 300w, https:\/\/broxtal.com\/wp-content\/uploads\/2025\/05\/H7a0a1d690df344d9834b5e65c29ff13eJ-150x150.jpeg 150w, https:\/\/broxtal.com\/wp-content\/uploads\/2025\/05\/H7a0a1d690df344d9834b5e65c29ff13eJ-60x60.jpeg 60w, https:\/\/broxtal.com\/wp-content\/uploads\/2025\/05\/H7a0a1d690df344d9834b5e65c29ff13eJ-110x110.jpeg 110w, https:\/\/broxtal.com\/wp-content\/uploads\/2025\/05\/H7a0a1d690df344d9834b5e65c29ff13eJ-600x600.jpeg 600w, https:\/\/broxtal.com\/wp-content\/uploads\/2025\/05\/H7a0a1d690df344d9834b5e65c29ff13eJ-32x32.jpeg 32w\" sizes=\"(max-width: 750px) 100vw, 750px\" \/><\/a><\/p>\n<p class=\"p4\"><b>Warum Yonker w\u00e4hlen?<\/b><b><\/b><\/p>\n<ul>\n<li>\n<p class=\"p1\">Zuverl\u00e4ssige Marke mit weltweiten Zertifizierungen (CE, RoHS, CFDA, ISO, MSDS)<\/p>\n<\/li>\n<li>\n<p class=\"p1\">Duale Bedienung: Touchscreen + Fernbedienung<\/p>\n<\/li>\n<li>\n<p class=\"p1\">Fl\u00fcsterleise, schlaffreundlich<\/p>\n<\/li>\n<li>\n<p class=\"p1\">Eingebaute Alarme f\u00fcr Sicherheit und Zuverl\u00e4ssigkeit<\/p>\n<\/li>\n<li>\n<p class=\"p1\">Mit 1 Jahr Garantie und Online-Support<\/p>\n<\/li>\n<\/ul>\n<p>&nbsp;<\/p>\n<p class=\"p4\" style=\"text-align: center;\"><b>Atmen mit Zuversicht<\/b><b><\/b><\/p>\n<p class=\"p1\" style=\"text-align: center;\">Genie\u00dfen Sie die Sauerstofftherapie in Klinikqualit\u00e4t bequem zu Hause - mit Yonker kommt die Gesundheit leise und zuverl\u00e4ssig.<\/p>\n<p><a href=\"https:\/\/broxtal.com\/wp-content\/uploads\/2025\/05\/Hbe768d62e59847bbade60f3142bf0484c.jpeg\"><img loading=\"lazy\" decoding=\"async\" class=\"size-full wp-image-34115 aligncenter\" src=\"https:\/\/broxtal.com\/wp-content\/uploads\/2025\/05\/Hbe768d62e59847bbade60f3142bf0484c.jpeg\" alt=\"\" width=\"750\" height=\"750\" srcset=\"https:\/\/broxtal.com\/wp-content\/uploads\/2025\/05\/Hbe768d62e59847bbade60f3142bf0484c.jpeg 750w, https:\/\/broxtal.com\/wp-content\/uploads\/2025\/05\/Hbe768d62e59847bbade60f3142bf0484c-300x300.jpeg 300w, https:\/\/broxtal.com\/wp-content\/uploads\/2025\/05\/Hbe768d62e59847bbade60f3142bf0484c-150x150.jpeg 150w, https:\/\/broxtal.com\/wp-content\/uploads\/2025\/05\/Hbe768d62e59847bbade60f3142bf0484c-60x60.jpeg 60w, https:\/\/broxtal.com\/wp-content\/uploads\/2025\/05\/Hbe768d62e59847bbade60f3142bf0484c-110x110.jpeg 110w, https:\/\/broxtal.com\/wp-content\/uploads\/2025\/05\/Hbe768d62e59847bbade60f3142bf0484c-600x600.jpeg 600w, https:\/\/broxtal.com\/wp-content\/uploads\/2025\/05\/Hbe768d62e59847bbade60f3142bf0484c-32x32.jpeg 32w\" sizes=\"(max-width: 750px) 100vw, 750px\" \/><\/a><\/p>\n<p><a href=\"https:\/\/broxtal.com\/wp-content\/uploads\/2025\/05\/H1b35abea9052488884f8938cdf5ca8e7m.jpg_720x720q50.jpeg\"><img loading=\"lazy\" decoding=\"async\" class=\"size-full wp-image-34108 aligncenter\" src=\"https:\/\/broxtal.com\/wp-content\/uploads\/2025\/05\/H1b35abea9052488884f8938cdf5ca8e7m.jpg_720x720q50.jpeg\" alt=\"\" width=\"543\" height=\"720\" srcset=\"https:\/\/broxtal.com\/wp-content\/uploads\/2025\/05\/H1b35abea9052488884f8938cdf5ca8e7m.jpg_720x720q50.jpeg 543w, https:\/\/broxtal.com\/wp-content\/uploads\/2025\/05\/H1b35abea9052488884f8938cdf5ca8e7m.jpg_720x720q50-226x300.jpeg 226w, https:\/\/broxtal.com\/wp-content\/uploads\/2025\/05\/H1b35abea9052488884f8938cdf5ca8e7m.jpg_720x720q50-60x80.jpeg 60w, https:\/\/broxtal.com\/wp-content\/uploads\/2025\/05\/H1b35abea9052488884f8938cdf5ca8e7m.jpg_720x720q50-110x146.jpeg 110w, https:\/\/broxtal.com\/wp-content\/uploads\/2025\/05\/H1b35abea9052488884f8938cdf5ca8e7m.jpg_720x720q50-150x199.jpeg 150w\" sizes=\"(max-width: 543px) 100vw, 543px\" \/><\/a><\/p>\n<p><a href=\"https:\/\/broxtal.com\/wp-content\/uploads\/2025\/05\/Hc7d24e96962a4d28bfb250c4c094e0338.jpg_720x720q50.jpeg\"><img loading=\"lazy\" decoding=\"async\" class=\"size-full wp-image-34110 aligncenter\" src=\"https:\/\/broxtal.com\/wp-content\/uploads\/2025\/05\/Hc7d24e96962a4d28bfb250c4c094e0338.jpg_720x720q50.jpeg\" alt=\"\" width=\"632\" height=\"720\" srcset=\"https:\/\/broxtal.com\/wp-content\/uploads\/2025\/05\/Hc7d24e96962a4d28bfb250c4c094e0338.jpg_720x720q50.jpeg 632w, https:\/\/broxtal.com\/wp-content\/uploads\/2025\/05\/Hc7d24e96962a4d28bfb250c4c094e0338.jpg_720x720q50-263x300.jpeg 263w, https:\/\/broxtal.com\/wp-content\/uploads\/2025\/05\/Hc7d24e96962a4d28bfb250c4c094e0338.jpg_720x720q50-60x68.jpeg 60w, https:\/\/broxtal.com\/wp-content\/uploads\/2025\/05\/Hc7d24e96962a4d28bfb250c4c094e0338.jpg_720x720q50-110x125.jpeg 110w, https:\/\/broxtal.com\/wp-content\/uploads\/2025\/05\/Hc7d24e96962a4d28bfb250c4c094e0338.jpg_720x720q50-600x684.jpeg 600w, https:\/\/broxtal.com\/wp-content\/uploads\/2025\/05\/Hc7d24e96962a4d28bfb250c4c094e0338.jpg_720x720q50-150x171.jpeg 150w\" sizes=\"(max-width: 632px) 100vw, 632px\" \/><\/a><\/p>\n<p>&nbsp;<\/p>\n<hr \/>\n<h2><\/h2>\n<h2><b>Spezifikationen <\/b><\/h2>\n<ul>\n<li><span class=\"s1\"><b>Modell:<\/b><\/span> BXM-JY201W<\/li>\n<li>\n<p class=\"p1\"><span class=\"s1\"><b>Gr\u00f6\u00dfe:<\/b><\/span> 39,0 x 29,5 x 25,0 cm<\/p>\n<\/li>\n<li>\n<p class=\"p1\"><b>Gewicht:<\/b><span class=\"s1\"> 7 kg<\/span><\/p>\n<\/li>\n<li>\n<p class=\"p1\"><span class=\"s1\"><b>Fluss:<\/b><\/span> 1-7 L\/min<\/p>\n<\/li>\n<li>\n<p class=\"p1\"><span class=\"s1\"><b>Reinheit:<\/b><\/span> 93% \u00b13%<\/p>\n<\/li>\n<li>\n<p class=\"p1\"><span class=\"s1\"><b>L\u00e4rm:<\/b><\/span> \u226450dB<\/p>\n<\/li>\n<li>\n<p class=\"p1\"><span class=\"s1\"><b>Alarme:<\/b><\/span> Druck- und Stromausfall<\/p>\n<\/li>\n<li>\n<p class=\"p1\"><b>Zerst\u00e4ubung:<\/b><span class=\"s1\"> 3,7\u03bcm \u00b125%<\/span><\/p>\n<\/li>\n<\/ul>\n<p class=\"p4\"><b>Was ist in der Box?<\/b><b><\/b><\/p>\n<ul>\n<li>\n<p class=\"p1\">1\u00d7 Yonker Oxygeneo-Konzentrator<\/p>\n<\/li>\n<li>\n<p class=\"p1\">1\u00d7 Stromkabel<\/p>\n<\/li>\n<li>\n<p class=\"p1\">1\u00d7 Fernbedienung<\/p>\n<\/li>\n<li>\n<p class=\"p1\">1\u00d7 Sauerstoffschlauch &amp; Maske<\/p>\n<\/li>\n<li>\n<p class=\"p1\">1\u00d7 Zerst\u00e4uber-Kit<\/p>\n<\/li>\n<li>\n<p class=\"p1\">1\u00d7 Benutzerhandbuch<\/p>\n<\/li>\n<\/ul>\n<p><a href=\"https:\/\/broxtal.com\/wp-content\/uploads\/2025\/05\/H922ef3989a1e4cc28546eb98013192d13.jpg_720x720q50.jpeg\"><img loading=\"lazy\" decoding=\"async\" class=\"size-full wp-image-34107 aligncenter\" src=\"https:\/\/broxtal.com\/wp-content\/uploads\/2025\/05\/H922ef3989a1e4cc28546eb98013192d13.jpg_720x720q50.jpeg\" alt=\"\" width=\"720\" height=\"720\" srcset=\"https:\/\/broxtal.com\/wp-content\/uploads\/2025\/05\/H922ef3989a1e4cc28546eb98013192d13.jpg_720x720q50.jpeg 720w, https:\/\/broxtal.com\/wp-content\/uploads\/2025\/05\/H922ef3989a1e4cc28546eb98013192d13.jpg_720x720q50-300x300.jpeg 300w, https:\/\/broxtal.com\/wp-content\/uploads\/2025\/05\/H922ef3989a1e4cc28546eb98013192d13.jpg_720x720q50-150x150.jpeg 150w, https:\/\/broxtal.com\/wp-content\/uploads\/2025\/05\/H922ef3989a1e4cc28546eb98013192d13.jpg_720x720q50-60x60.jpeg 60w, https:\/\/broxtal.com\/wp-content\/uploads\/2025\/05\/H922ef3989a1e4cc28546eb98013192d13.jpg_720x720q50-110x110.jpeg 110w, https:\/\/broxtal.com\/wp-content\/uploads\/2025\/05\/H922ef3989a1e4cc28546eb98013192d13.jpg_720x720q50-600x600.jpeg 600w, https:\/\/broxtal.com\/wp-content\/uploads\/2025\/05\/H922ef3989a1e4cc28546eb98013192d13.jpg_720x720q50-32x32.jpeg 32w, https:\/\/broxtal.com\/wp-content\/uploads\/2025\/05\/H922ef3989a1e4cc28546eb98013192d13.jpg_720x720q50-64x64.jpeg 64w\" sizes=\"(max-width: 720px) 100vw, 720px\" \/><\/a><\/p>\n<hr \/>\n<p>&nbsp;<\/p>\n<p class=\"p1\">Wir stehen voll und ganz hinter unseren Produkten und sind bestrebt, Ihnen bei jedem Kauf absolute Sicherheit zu bieten. Unsere Garantie umfasst:<\/p>\n<ol start=\"1\">\n<li>\n<p class=\"p1\"><strong>Schnelle, zuverl\u00e4ssige Haus-zu-Haus-Zustellung.<\/strong><\/p>\n<\/li>\n<li>\n<p class=\"p1\"><strong>Strenge Qualit\u00e4tskontrolle bei jeder Bestellung.<\/strong><\/p>\n<\/li>\n<li>\n<p class=\"p1\"><strong>Transparente Preisgestaltung ohne versteckte Geb\u00fchren.<\/strong><\/p>\n<\/li>\n<li>\n<p class=\"p1\"><strong>Sichere Zahlungsm\u00f6glichkeiten per Kredit-\/Debitkarte oder PayPal.<\/strong><\/p>\n<\/li>\n<li>\n<p class=\"p1\"><strong>Verschl\u00fcsselte SSL-Kaufabwicklung mit McAfee-gesichertem Einkaufswagen.<\/strong><\/p>\n<\/li>\n<li>\n<p class=\"p1\"><strong>Umfassender End-to-End-Service f\u00fcr jeden Kunden.<\/strong><\/p>\n<\/li>\n<\/ol>\n<p class=\"p1\" style=\"text-align: center;\"><strong>\u2705 Vorr\u00e4tig &amp; schnell lieferbar<\/strong><\/p>\n<p class=\"p1\" style=\"text-align: center;\"><strong>\ud83d\udce6 1 Jahr Garantie | CE + RoHS zertifiziert<\/strong><\/p>\n<p class=\"p1\" style=\"text-align: center;\"><strong>\ud83d\udea8 Jetzt bestellen - begrenzte St\u00fcckzahlen verf\u00fcgbar!<\/strong><\/p>\n<p><img decoding=\"async\" class=\"aligncenter\" src=\"https:\/\/sc04.alicdn.com\/kf\/H1aeb34590341493aaf9975efbf57ecdaY\/200265482\/H1aeb34590341493aaf9975efbf57ecdaY.jpg\" \/><\/p>\n<p>&nbsp;<\/p>","protected":false},"excerpt":{"rendered":"<ul>\n<li>\n<p class=\"p1\"><span class=\"s1\"><b>1-7L Einstellbarer Durchfluss:<\/b><\/span> Kundenspezifische Sauerstoffzufuhr mit Reinheit 93%.<\/p>\n<\/li>\n<li>\n<p class=\"p1\"><span class=\"s1\"><b>Leise und einfache Steuerung:<\/b><\/span> &lt;50dB, Touchscreen + Fernbedienung.<\/p>\n<\/li>\n<li>\n<p class=\"p1\"><span class=\"s1\"><b>Zertifiziert sicher:<\/b><\/span> CE, RoHS, ISO, CFDA + Sicherheitsalarme.<\/p>\n<\/li>\n<\/ul>","protected":false},"featured_media":36286,"comment_status":"open","ping_status":"closed","template":"","meta":[],"product_brand":[],"product_cat":[286,1761,1719],"product_tag":[],"class_list":{"0":"post-34106","1":"product","2":"type-product","3":"status-publish","4":"has-post-thumbnail","6":"product_cat-health-wellness","7":"product_cat-oxygen-concentrators","8":"product_cat-respiratory-care-oxygen-therapy","10":"first","11":"outofstock","12":"sale","13":"shipping-taxable","14":"purchasable","15":"product-type-simple"},"_links":{"self":[{"href":"https:\/\/broxtal.com\/de\/wp-json\/wp\/v2\/product\/34106","targetHints":{"allow":["GET"]}}],"collection":[{"href":"https:\/\/broxtal.com\/de\/wp-json\/wp\/v2\/product"}],"about":[{"href":"https:\/\/broxtal.com\/de\/wp-json\/wp\/v2\/types\/product"}],"replies":[{"embeddable":true,"href":"https:\/\/broxtal.com\/de\/wp-json\/wp\/v2\/comments?post=34106"}],"version-history":[{"count":8,"href":"https:\/\/broxtal.com\/de\/wp-json\/wp\/v2\/product\/34106\/revisions"}],"predecessor-version":[{"id":35797,"href":"https:\/\/broxtal.com\/de\/wp-json\/wp\/v2\/product\/34106\/revisions\/35797"}],"wp:featuredmedia":[{"embeddable":true,"href":"https:\/\/broxtal.com\/de\/wp-json\/wp\/v2\/media\/36286"}],"wp:attachment":[{"href":"https:\/\/broxtal.com\/de\/wp-json\/wp\/v2\/media?parent=34106"}],"wp:term":[{"taxonomy":"product_brand","embeddable":true,"href":"https:\/\/broxtal.com\/de\/wp-json\/wp\/v2\/product_brand?post=34106"},{"taxonomy":"product_cat","embeddable":true,"href":"https:\/\/broxtal.com\/de\/wp-json\/wp\/v2\/product_cat?post=34106"},{"taxonomy":"product_tag","embeddable":true,"href":"https:\/\/broxtal.com\/de\/wp-json\/wp\/v2\/product_tag?post=34106"}],"curies":[{"name":"wp","href":"https:\/\/api.w.org\/{rel}","templated":true}]}}