{"id":35202,"date":"2025-06-23T08:18:19","date_gmt":"2025-06-23T07:18:19","guid":{"rendered":"https:\/\/broxtal.com\/?post_type=product&#038;p=35202"},"modified":"2026-01-09T00:45:36","modified_gmt":"2026-01-09T00:45:36","slug":"iniu-mini-power-bank-fast-charging-25000mah","status":"publish","type":"product","link":"https:\/\/broxtal.com\/de\/produkt\/iniu-mini-power-bank-fast-charging-25000mah\/","title":{"rendered":"INIU Mini Power Bank - Schnelles Aufladen - 25000mAh"},"content":{"rendered":"<h1 class=\"a-size-large a-spacing-none\" style=\"text-align: center;\"><span class=\"a-size-large product-title-word-break\">INIU Mini Power Bank mit PD QC Schnellladung (USB-C in\/Out) - <\/span><span id=\"productTitle\" class=\"a-size-large product-title-word-break\">100W 25000mAh Tragbares Ladeger\u00e4t<\/span><\/h1>\n<p><img fetchpriority=\"high\" decoding=\"async\" class=\"aligncenter size-large wp-image-35206\" src=\"https:\/\/broxtal.com\/wp-content\/uploads\/2025\/06\/mini-power-bank-2-1300x533.webp\" alt=\"\" width=\"1300\" height=\"533\" srcset=\"https:\/\/broxtal.com\/wp-content\/uploads\/2025\/06\/mini-power-bank-2-1300x533.webp 1300w, https:\/\/broxtal.com\/wp-content\/uploads\/2025\/06\/mini-power-bank-2-400x164.webp 400w, https:\/\/broxtal.com\/wp-content\/uploads\/2025\/06\/mini-power-bank-2-768x315.webp 768w, https:\/\/broxtal.com\/wp-content\/uploads\/2025\/06\/mini-power-bank-2-18x7.webp 18w, https:\/\/broxtal.com\/wp-content\/uploads\/2025\/06\/mini-power-bank-2-1200x492.webp 1200w, https:\/\/broxtal.com\/wp-content\/uploads\/2025\/06\/mini-power-bank-2-60x25.webp 60w, https:\/\/broxtal.com\/wp-content\/uploads\/2025\/06\/mini-power-bank-2-110x45.webp 110w, https:\/\/broxtal.com\/wp-content\/uploads\/2025\/06\/mini-power-bank-2-600x246.webp 600w, https:\/\/broxtal.com\/wp-content\/uploads\/2025\/06\/mini-power-bank-2-150x61.webp 150w, https:\/\/broxtal.com\/wp-content\/uploads\/2025\/06\/mini-power-bank-2.webp 1464w\" sizes=\"(max-width: 1300px) 100vw, 1300px\" \/> <img decoding=\"async\" class=\"aligncenter size-large wp-image-35205\" src=\"https:\/\/broxtal.com\/wp-content\/uploads\/2025\/06\/mini-power-bank-1-1300x533.webp\" alt=\"\" width=\"1300\" height=\"533\" srcset=\"https:\/\/broxtal.com\/wp-content\/uploads\/2025\/06\/mini-power-bank-1-1300x533.webp 1300w, https:\/\/broxtal.com\/wp-content\/uploads\/2025\/06\/mini-power-bank-1-400x164.webp 400w, https:\/\/broxtal.com\/wp-content\/uploads\/2025\/06\/mini-power-bank-1-768x315.webp 768w, https:\/\/broxtal.com\/wp-content\/uploads\/2025\/06\/mini-power-bank-1-18x7.webp 18w, https:\/\/broxtal.com\/wp-content\/uploads\/2025\/06\/mini-power-bank-1-1200x492.webp 1200w, https:\/\/broxtal.com\/wp-content\/uploads\/2025\/06\/mini-power-bank-1-60x25.webp 60w, https:\/\/broxtal.com\/wp-content\/uploads\/2025\/06\/mini-power-bank-1-110x45.webp 110w, https:\/\/broxtal.com\/wp-content\/uploads\/2025\/06\/mini-power-bank-1-600x246.webp 600w, https:\/\/broxtal.com\/wp-content\/uploads\/2025\/06\/mini-power-bank-1-150x61.webp 150w, https:\/\/broxtal.com\/wp-content\/uploads\/2025\/06\/mini-power-bank-1.webp 1464w\" sizes=\"(max-width: 1300px) 100vw, 1300px\" \/> <img decoding=\"async\" class=\"aligncenter size-large wp-image-35207\" src=\"https:\/\/broxtal.com\/wp-content\/uploads\/2025\/06\/mini-power-bank-3-1300x533.webp\" alt=\"\" width=\"1300\" height=\"533\" srcset=\"https:\/\/broxtal.com\/wp-content\/uploads\/2025\/06\/mini-power-bank-3-1300x533.webp 1300w, https:\/\/broxtal.com\/wp-content\/uploads\/2025\/06\/mini-power-bank-3-400x164.webp 400w, https:\/\/broxtal.com\/wp-content\/uploads\/2025\/06\/mini-power-bank-3-768x315.webp 768w, https:\/\/broxtal.com\/wp-content\/uploads\/2025\/06\/mini-power-bank-3-18x7.webp 18w, https:\/\/broxtal.com\/wp-content\/uploads\/2025\/06\/mini-power-bank-3-1200x492.webp 1200w, https:\/\/broxtal.com\/wp-content\/uploads\/2025\/06\/mini-power-bank-3-60x25.webp 60w, https:\/\/broxtal.com\/wp-content\/uploads\/2025\/06\/mini-power-bank-3-110x45.webp 110w, https:\/\/broxtal.com\/wp-content\/uploads\/2025\/06\/mini-power-bank-3-600x246.webp 600w, https:\/\/broxtal.com\/wp-content\/uploads\/2025\/06\/mini-power-bank-3-150x61.webp 150w, https:\/\/broxtal.com\/wp-content\/uploads\/2025\/06\/mini-power-bank-3.webp 1464w\" sizes=\"(max-width: 1300px) 100vw, 1300px\" \/><\/p>\n<h4><span class=\"a-list-item\">INIU Mini Power Bank<\/span><\/h4>\n<p><span class=\"a-list-item\">Erleben Sie das sicherste Aufladen mit \u00fcber 38 Millionen Nutzern weltweit. Wir bei INIU verwenden nur die hochwertigsten Materialien und k\u00f6nnen daher eine branchenf\u00fchrende 3-Jahres-Garantie gew\u00e4hren.<\/span><\/p>\n<ul class=\"a-unordered-list a-vertical a-spacing-mini\">\n<li class=\"a-spacing-mini\"><span class=\"a-list-item\">INIU Mini Power Bank <\/span>Die kleinste 100W 25000mAh auf dem Markt: Ausgestattet mit der branchenweit ersten TinyCell mit hoher Dichte und der bahnbrechenden HyperStack-Technologie von iNiu durchbricht diese Powerbank die Gr\u00f6\u00dfengrenzen von Ladeger\u00e4ten mit hoher Kapazit\u00e4t. Keine sperrigen Ziegelsteine mehr, nur noch kompakte Tragbarkeit.<\/li>\n<li class=\"a-spacing-mini\"><span class=\"a-list-item\">INIU Mini Power Bank Bereit iPhone &amp; MacBook in 25Min: Diese Powerbank ist ein Muss f\u00fcr Benutzer mehrerer Ger\u00e4te und bietet bis zu 110 W Hochgeschwindigkeitsladung f\u00fcr 2 Ger\u00e4te gleichzeitig. In nur 25 Minuten kann es Ihr MacBook Pro 14\u2033 bis 42% und iPhone 15 bis 62% aufladen.<\/span><\/li>\n<li class=\"a-spacing-mini\"><span class=\"a-list-item\">INIU Mini Power Bank 100W USB-C Port f\u00fcr schnelles Aufladen und Aufladen: Mit USB-C 100W Eingang\/Ausgang unterst\u00fctzt diese Powerbank Samsung Super Fast Charging 2.0 und bringt das Samsung S24 Ultra in 30 Minuten auf 75%. Vollst\u00e4ndig aufgeladen wird es in nur 1,4 Stunden.<\/span><\/li>\n<li class=\"a-spacing-mini\"><span class=\"a-list-item\">Full-Speed-Laden f\u00fcr Steam Deck: Bringen Sie Ihre Spielesessions auf die n\u00e4chste Stufe, indem Sie Ihre Steam Deck-Spielkonsole mit maximaler Geschwindigkeit aufladen.<\/span><\/li>\n<li class=\"a-spacing-mini\"><span class=\"a-list-item\">Airline Friendly 25,000mAh: 25000mAh Kapazit\u00e4t unterst\u00fctzt eine einw\u00f6chige Reise und l\u00e4dt alle Ihre Ger\u00e4te mit einer Powerbank.<\/span><\/li>\n<li class=\"a-spacing-mini\"><span class=\"a-list-item\">Was Sie erhalten: INIU 100W Akku-Bank*1, 0.3m\/1ft USB C zu USB C Kabel*1, Benutzerhandbuch*1. Genie\u00dfen Sie iNiu branchenf\u00fchrende 3-Jahres-iNiu Pflege, f\u00fcr jede Qualit\u00e4t Problem, senden wir Ihnen ein neues.<\/span><\/li>\n<li><\/li>\n<\/ul>\n<p><img loading=\"lazy\" decoding=\"async\" class=\"aligncenter size-full wp-image-35211\" src=\"https:\/\/broxtal.com\/wp-content\/uploads\/2025\/06\/mini-power-bank-7.webp\" alt=\"\" width=\"569\" height=\"711\" srcset=\"https:\/\/broxtal.com\/wp-content\/uploads\/2025\/06\/mini-power-bank-7.webp 569w, https:\/\/broxtal.com\/wp-content\/uploads\/2025\/06\/mini-power-bank-7-240x300.webp 240w, https:\/\/broxtal.com\/wp-content\/uploads\/2025\/06\/mini-power-bank-7-10x12.webp 10w, https:\/\/broxtal.com\/wp-content\/uploads\/2025\/06\/mini-power-bank-7-60x75.webp 60w, https:\/\/broxtal.com\/wp-content\/uploads\/2025\/06\/mini-power-bank-7-110x137.webp 110w, https:\/\/broxtal.com\/wp-content\/uploads\/2025\/06\/mini-power-bank-7-150x187.webp 150w\" sizes=\"(max-width: 569px) 100vw, 569px\" \/> <img loading=\"lazy\" decoding=\"async\" class=\"aligncenter size-full wp-image-35210\" src=\"https:\/\/broxtal.com\/wp-content\/uploads\/2025\/06\/mini-power-bank-6.webp\" alt=\"\" width=\"569\" height=\"711\" srcset=\"https:\/\/broxtal.com\/wp-content\/uploads\/2025\/06\/mini-power-bank-6.webp 569w, https:\/\/broxtal.com\/wp-content\/uploads\/2025\/06\/mini-power-bank-6-240x300.webp 240w, https:\/\/broxtal.com\/wp-content\/uploads\/2025\/06\/mini-power-bank-6-10x12.webp 10w, https:\/\/broxtal.com\/wp-content\/uploads\/2025\/06\/mini-power-bank-6-60x75.webp 60w, https:\/\/broxtal.com\/wp-content\/uploads\/2025\/06\/mini-power-bank-6-110x137.webp 110w, https:\/\/broxtal.com\/wp-content\/uploads\/2025\/06\/mini-power-bank-6-150x187.webp 150w\" sizes=\"(max-width: 569px) 100vw, 569px\" \/> <img loading=\"lazy\" decoding=\"async\" class=\"aligncenter size-full wp-image-35204\" src=\"https:\/\/broxtal.com\/wp-content\/uploads\/2025\/06\/mini-power-bank-9.webp\" alt=\"\" width=\"569\" height=\"711\" srcset=\"https:\/\/broxtal.com\/wp-content\/uploads\/2025\/06\/mini-power-bank-9.webp 569w, https:\/\/broxtal.com\/wp-content\/uploads\/2025\/06\/mini-power-bank-9-240x300.webp 240w, https:\/\/broxtal.com\/wp-content\/uploads\/2025\/06\/mini-power-bank-9-10x12.webp 10w, https:\/\/broxtal.com\/wp-content\/uploads\/2025\/06\/mini-power-bank-9-60x75.webp 60w, https:\/\/broxtal.com\/wp-content\/uploads\/2025\/06\/mini-power-bank-9-110x137.webp 110w, https:\/\/broxtal.com\/wp-content\/uploads\/2025\/06\/mini-power-bank-9-150x187.webp 150w\" sizes=\"(max-width: 569px) 100vw, 569px\" \/> <img loading=\"lazy\" decoding=\"async\" class=\"aligncenter size-full wp-image-35203\" src=\"https:\/\/broxtal.com\/wp-content\/uploads\/2025\/06\/mini-power-bank-8.webp\" alt=\"\" width=\"569\" height=\"711\" srcset=\"https:\/\/broxtal.com\/wp-content\/uploads\/2025\/06\/mini-power-bank-8.webp 569w, https:\/\/broxtal.com\/wp-content\/uploads\/2025\/06\/mini-power-bank-8-240x300.webp 240w, https:\/\/broxtal.com\/wp-content\/uploads\/2025\/06\/mini-power-bank-8-10x12.webp 10w, https:\/\/broxtal.com\/wp-content\/uploads\/2025\/06\/mini-power-bank-8-60x75.webp 60w, https:\/\/broxtal.com\/wp-content\/uploads\/2025\/06\/mini-power-bank-8-110x137.webp 110w, https:\/\/broxtal.com\/wp-content\/uploads\/2025\/06\/mini-power-bank-8-150x187.webp 150w\" sizes=\"(max-width: 569px) 100vw, 569px\" \/><\/p>","protected":false},"excerpt":{"rendered":"<p>INIU Mini Power Bank with PD QC Fast Charging (USB-C in\/Out) &#8211; 100W 25000mAh Portable Charger INIU Mini Power Bank<\/p>","protected":false},"featured_media":35208,"comment_status":"open","ping_status":"closed","template":"","meta":[],"product_brand":[],"product_cat":[286,1763,1719],"product_tag":[],"class_list":{"0":"post-35202","1":"product","2":"type-product","3":"status-publish","4":"has-post-thumbnail","6":"product_cat-health-wellness","7":"product_cat-masks-accessories","8":"product_cat-respiratory-care-oxygen-therapy","10":"first","11":"instock","12":"sale","13":"shipping-taxable","14":"purchasable","15":"product-type-simple"},"_links":{"self":[{"href":"https:\/\/broxtal.com\/de\/wp-json\/wp\/v2\/product\/35202","targetHints":{"allow":["GET"]}}],"collection":[{"href":"https:\/\/broxtal.com\/de\/wp-json\/wp\/v2\/product"}],"about":[{"href":"https:\/\/broxtal.com\/de\/wp-json\/wp\/v2\/types\/product"}],"replies":[{"embeddable":true,"href":"https:\/\/broxtal.com\/de\/wp-json\/wp\/v2\/comments?post=35202"}],"version-history":[{"count":4,"href":"https:\/\/broxtal.com\/de\/wp-json\/wp\/v2\/product\/35202\/revisions"}],"predecessor-version":[{"id":36037,"href":"https:\/\/broxtal.com\/de\/wp-json\/wp\/v2\/product\/35202\/revisions\/36037"}],"wp:featuredmedia":[{"embeddable":true,"href":"https:\/\/broxtal.com\/de\/wp-json\/wp\/v2\/media\/35208"}],"wp:attachment":[{"href":"https:\/\/broxtal.com\/de\/wp-json\/wp\/v2\/media?parent=35202"}],"wp:term":[{"taxonomy":"product_brand","embeddable":true,"href":"https:\/\/broxtal.com\/de\/wp-json\/wp\/v2\/product_brand?post=35202"},{"taxonomy":"product_cat","embeddable":true,"href":"https:\/\/broxtal.com\/de\/wp-json\/wp\/v2\/product_cat?post=35202"},{"taxonomy":"product_tag","embeddable":true,"href":"https:\/\/broxtal.com\/de\/wp-json\/wp\/v2\/product_tag?post=35202"}],"curies":[{"name":"wp","href":"https:\/\/api.w.org\/{rel}","templated":true}]}}