{"id":36421,"date":"2025-07-11T14:50:34","date_gmt":"2025-07-11T13:50:34","guid":{"rendered":"https:\/\/broxtal.com\/?post_type=product&#038;p=36421"},"modified":"2026-01-06T12:31:27","modified_gmt":"2026-01-06T12:31:27","slug":"home-oxygen-generator-machine-7l-yk-101n","status":"publish","type":"product","link":"https:\/\/broxtal.com\/de\/produkt\/home-oxygen-generator-machine-7l-yk-101n\/","title":{"rendered":"Smart Home Sauerstoff Generator Maschine 7L - YK-101N"},"content":{"rendered":"<h1 style=\"text-align: center;\" data-start=\"280\" data-end=\"348\"><span style=\"color: #000080;\"><strong data-start=\"280\" data-end=\"348\">YK-101N Home Sauerstoff-Generator Maschine 7L - Einstellbare kontinuierliche Flow f\u00fcr den Heimgebrauch<\/strong><\/span><\/h1>\n<h3 style=\"text-align: center;\" data-start=\"377\" data-end=\"459\"><span style=\"color: #3366ff;\"><strong data-start=\"377\" data-end=\"459\">7 L kontinuierlicher Durchfluss, 93% Reinheit, Touchscreen, Sprache, Fernbedienung, Zerst\u00e4uber &amp; 48 Stunden kontinuierliche Nutzung<\/strong><\/span><\/h3>\n<h3 data-start=\"466\" data-end=\"508\"><img fetchpriority=\"high\" decoding=\"async\" class=\"aligncenter wp-image-36431 size-full\" src=\"https:\/\/broxtal.com\/wp-content\/uploads\/2025\/07\/101N-6.webp\" alt=\"\" width=\"750\" height=\"936\" srcset=\"https:\/\/broxtal.com\/wp-content\/uploads\/2025\/07\/101N-6.webp 750w, https:\/\/broxtal.com\/wp-content\/uploads\/2025\/07\/101N-6-240x300.webp 240w, https:\/\/broxtal.com\/wp-content\/uploads\/2025\/07\/101N-6-641x800.webp 641w, https:\/\/broxtal.com\/wp-content\/uploads\/2025\/07\/101N-6-10x12.webp 10w, https:\/\/broxtal.com\/wp-content\/uploads\/2025\/07\/101N-6-60x75.webp 60w, https:\/\/broxtal.com\/wp-content\/uploads\/2025\/07\/101N-6-110x137.webp 110w, https:\/\/broxtal.com\/wp-content\/uploads\/2025\/07\/101N-6-600x749.webp 600w, https:\/\/broxtal.com\/wp-content\/uploads\/2025\/07\/101N-6-150x187.webp 150w\" sizes=\"(max-width: 750px) 100vw, 750px\" \/><\/h3>\n<h3 data-start=\"509\" data-end=\"892\"><strong data-start=\"509\" data-end=\"561\">Hocheffiziente Sauerstoffversorgung in kompakter Form<\/strong><\/h3>\n<p data-start=\"509\" data-end=\"892\">Das YK-101N Home Oxygen Generator Machine 7L liefert einen einstellbaren Sauerstofffluss von 1 bis 7 Litern pro Minute, mit einer Reinheit von bis zu 93% bei niedrigen Einstellungen. Es wurde f\u00fcr den Heimgebrauch entwickelt und verf\u00fcgt \u00fcber einen intelligenten LED-Touchscreen, eine intelligente Sprachfunktion und die CECA-Molekularsiebtechnologie, die eine effektive, kontinuierliche Sauerstoffzufuhr f\u00fcr bis zu 48 Stunden gew\u00e4hrleistet.<\/p>\n<h3 data-start=\"938\" data-end=\"1283\"><strong data-start=\"938\" data-end=\"981\">Intelligente Steuerungen und leistungsstarke Performance<\/strong><\/h3>\n<p data-start=\"938\" data-end=\"1283\">Dieser 6kg-Sauerstoffgenerator f\u00fcr den Heimgebrauch (7L) verf\u00fcgt \u00fcber ein gro\u00dfes 8-Zoll-Display, eine Fernbedienung, eine Zerst\u00e4ubungsfunktion und ein Ger\u00e4uschreduzierungssystem f\u00fcr ein leises Erlebnis. Es ist mit intelligenten Alarmen, Stromausfallwarnungen und einer dualen Bedienung \u00fcber Touch oder Fernbedienung ausgestattet, wodurch es f\u00fcr jeden Benutzer zuverl\u00e4ssig und einfach zu bedienen ist.<\/p>\n<p data-start=\"938\" data-end=\"1283\"><img decoding=\"async\" class=\"aligncenter size-large wp-image-36430\" src=\"https:\/\/broxtal.com\/wp-content\/uploads\/2025\/07\/101N-5.webp\" alt=\"\" width=\"750\" height=\"591\" srcset=\"https:\/\/broxtal.com\/wp-content\/uploads\/2025\/07\/101N-5.webp 750w, https:\/\/broxtal.com\/wp-content\/uploads\/2025\/07\/101N-5-381x300.webp 381w, https:\/\/broxtal.com\/wp-content\/uploads\/2025\/07\/101N-5-15x12.webp 15w, https:\/\/broxtal.com\/wp-content\/uploads\/2025\/07\/101N-5-60x47.webp 60w, https:\/\/broxtal.com\/wp-content\/uploads\/2025\/07\/101N-5-110x87.webp 110w, https:\/\/broxtal.com\/wp-content\/uploads\/2025\/07\/101N-5-600x473.webp 600w, https:\/\/broxtal.com\/wp-content\/uploads\/2025\/07\/101N-5-150x118.webp 150w\" sizes=\"(max-width: 750px) 100vw, 750px\" \/><img decoding=\"async\" class=\"aligncenter size-large wp-image-36424\" src=\"https:\/\/broxtal.com\/wp-content\/uploads\/2025\/07\/101N-sq-8.webp\" alt=\"\" width=\"750\" height=\"764\" srcset=\"https:\/\/broxtal.com\/wp-content\/uploads\/2025\/07\/101N-sq-8.webp 750w, https:\/\/broxtal.com\/wp-content\/uploads\/2025\/07\/101N-sq-8-295x300.webp 295w, https:\/\/broxtal.com\/wp-content\/uploads\/2025\/07\/101N-sq-8-12x12.webp 12w, https:\/\/broxtal.com\/wp-content\/uploads\/2025\/07\/101N-sq-8-60x61.webp 60w, https:\/\/broxtal.com\/wp-content\/uploads\/2025\/07\/101N-sq-8-110x112.webp 110w, https:\/\/broxtal.com\/wp-content\/uploads\/2025\/07\/101N-sq-8-600x611.webp 600w, https:\/\/broxtal.com\/wp-content\/uploads\/2025\/07\/101N-sq-8-150x153.webp 150w, https:\/\/broxtal.com\/wp-content\/uploads\/2025\/07\/101N-sq-8-32x32.webp 32w\" sizes=\"(max-width: 750px) 100vw, 750px\" \/><img loading=\"lazy\" decoding=\"async\" class=\"aligncenter wp-image-36439 size-full\" src=\"https:\/\/broxtal.com\/wp-content\/uploads\/2025\/07\/101N-sq-6.webp\" alt=\"\" width=\"750\" height=\"722\" srcset=\"https:\/\/broxtal.com\/wp-content\/uploads\/2025\/07\/101N-sq-6.webp 750w, https:\/\/broxtal.com\/wp-content\/uploads\/2025\/07\/101N-sq-6-312x300.webp 312w, https:\/\/broxtal.com\/wp-content\/uploads\/2025\/07\/101N-sq-6-12x12.webp 12w, https:\/\/broxtal.com\/wp-content\/uploads\/2025\/07\/101N-sq-6-60x58.webp 60w, https:\/\/broxtal.com\/wp-content\/uploads\/2025\/07\/101N-sq-6-110x106.webp 110w, https:\/\/broxtal.com\/wp-content\/uploads\/2025\/07\/101N-sq-6-600x578.webp 600w, https:\/\/broxtal.com\/wp-content\/uploads\/2025\/07\/101N-sq-6-150x144.webp 150w, https:\/\/broxtal.com\/wp-content\/uploads\/2025\/07\/101N-sq-6-32x32.webp 32w\" sizes=\"(max-width: 750px) 100vw, 750px\" \/><\/p>\n<h3 data-start=\"1290\" data-end=\"1320\"><strong data-start=\"1296\" data-end=\"1320\">Tabelle der Spezifikationen<\/strong><\/h3>\n<table>\n<thead>\n<tr>\n<th><strong>Merkmal<\/strong><\/th>\n<th><strong>Beschreibung<\/strong><\/th>\n<\/tr>\n<\/thead>\n<tbody>\n<tr>\n<td><strong>Modell<\/strong><\/td>\n<td>YK-101N<\/td>\n<\/tr>\n<tr>\n<td><strong>Sauerstoffversorgung<\/strong><\/td>\n<td>Kontinuierliche Sauerstoffversorgung<\/td>\n<\/tr>\n<tr>\n<td><strong>Einstellungen der Durchflussrate<\/strong><\/td>\n<td>1-7 L\/min<\/td>\n<\/tr>\n<tr>\n<td><strong>Sauerstoff-Konzentration<\/strong><\/td>\n<td>- 1L: 93%\u00b13%<br \/>\n- 2L: 78%\u00b13%<br \/>\n- 3L: 65%\u00b13%<br \/>\n- 4L: 55%\u00b13%<br \/>\n- 5L: 50%\u00b13%<br \/>\n- 6L: 45%\u00b13%<br \/>\n- 7L: 35%\u00b13%<\/td>\n<\/tr>\n<tr>\n<td><strong>L\u00e4rmpegel<\/strong><\/td>\n<td>\u226460 dB(A)<\/td>\n<\/tr>\n<tr>\n<td><strong>Stromverbrauch<\/strong><\/td>\n<td>250W<\/td>\n<\/tr>\n<tr>\n<td><strong>Anzeige<\/strong><\/td>\n<td>8-Zoll-LED-Touchscreen<\/td>\n<\/tr>\n<tr>\n<td><strong>Gr\u00f6\u00dfe des Produkts<\/strong><\/td>\n<td>250 \u00d7 290 \u00d7 390 mm<\/td>\n<\/tr>\n<tr>\n<td><strong>Gewicht<\/strong><\/td>\n<td>6-6,5 kg<\/td>\n<\/tr>\n<tr>\n<td><strong>Strom-Optionen<\/strong><\/td>\n<td>110V \/ 220V (wahlweise)<\/td>\n<\/tr>\n<tr>\n<td><strong>Fernsteuerung<\/strong><\/td>\n<td>Ja<\/td>\n<\/tr>\n<tr>\n<td><strong>Sprachfunktion<\/strong><\/td>\n<td>Ja<\/td>\n<\/tr>\n<tr>\n<td><strong>Zerst\u00e4ubungsfunktion<\/strong><\/td>\n<td>Ja<\/td>\n<\/tr>\n<tr>\n<td><strong>Negativ-Ionen-Reinigung<\/strong><\/td>\n<td>Ja<\/td>\n<\/tr>\n<tr>\n<td><strong>Arbeitsdauer<\/strong><\/td>\n<td>Bis zu 48 Stunden ununterbrochen<\/td>\n<\/tr>\n<tr>\n<td><strong>Alarme<\/strong><\/td>\n<td>Stromausfall, Hoch-\/Niederdruck<\/td>\n<\/tr>\n<tr>\n<td><strong>Operation<\/strong><\/td>\n<td>Touchscreen + Fernbedienung<\/td>\n<\/tr>\n<\/tbody>\n<\/table>\n<h3 data-start=\"3045\" data-end=\"3067\"><strong data-start=\"3051\" data-end=\"3067\">Liste der Pakete<\/strong><\/h3>\n<ol>\n<li data-start=\"3072\" data-end=\"3101\">Heim-Sauerstoff-Generator Maschine 7L<\/li>\n<li data-start=\"3105\" data-end=\"3118\">Benutzerhandbuch<\/li>\n<li data-start=\"3122\" data-end=\"3144\">Nasen-Sauerstoff-Kan\u00fcle<\/li>\n<li data-start=\"3148\" data-end=\"3173\">Zerst\u00e4ubungszubeh\u00f6r<\/li>\n<li data-start=\"3177\" data-end=\"3209\">Sicherungsr\u00f6hren (T10AL250V, 5 \u00d7 20)<\/li>\n<li data-start=\"3213\" data-end=\"3225\">Netzkabel<\/li>\n<li data-start=\"3229\" data-end=\"3245\">Fernsteuerung<\/li>\n<li data-start=\"3249\" data-end=\"3262\">Sauerstoffmaske<\/li>\n<\/ol>\n<p><img loading=\"lazy\" decoding=\"async\" class=\"aligncenter wp-image-36433 size-full\" src=\"https:\/\/broxtal.com\/wp-content\/uploads\/2025\/07\/101N-8.webp\" alt=\"\" width=\"750\" height=\"1199\" srcset=\"https:\/\/broxtal.com\/wp-content\/uploads\/2025\/07\/101N-8.webp 750w, https:\/\/broxtal.com\/wp-content\/uploads\/2025\/07\/101N-8-188x300.webp 188w, https:\/\/broxtal.com\/wp-content\/uploads\/2025\/07\/101N-8-500x800.webp 500w, https:\/\/broxtal.com\/wp-content\/uploads\/2025\/07\/101N-8-8x12.webp 8w, https:\/\/broxtal.com\/wp-content\/uploads\/2025\/07\/101N-8-60x96.webp 60w, https:\/\/broxtal.com\/wp-content\/uploads\/2025\/07\/101N-8-110x176.webp 110w, https:\/\/broxtal.com\/wp-content\/uploads\/2025\/07\/101N-8-600x959.webp 600w, https:\/\/broxtal.com\/wp-content\/uploads\/2025\/07\/101N-8-150x240.webp 150w\" sizes=\"(max-width: 750px) 100vw, 750px\" \/><img loading=\"lazy\" decoding=\"async\" class=\"aligncenter wp-image-36426 size-full\" src=\"https:\/\/broxtal.com\/wp-content\/uploads\/2025\/07\/101N-1.webp\" alt=\"\" width=\"749\" height=\"1131\" srcset=\"https:\/\/broxtal.com\/wp-content\/uploads\/2025\/07\/101N-1.webp 749w, https:\/\/broxtal.com\/wp-content\/uploads\/2025\/07\/101N-1-199x300.webp 199w, https:\/\/broxtal.com\/wp-content\/uploads\/2025\/07\/101N-1-530x800.webp 530w, https:\/\/broxtal.com\/wp-content\/uploads\/2025\/07\/101N-1-8x12.webp 8w, https:\/\/broxtal.com\/wp-content\/uploads\/2025\/07\/101N-1-60x91.webp 60w, https:\/\/broxtal.com\/wp-content\/uploads\/2025\/07\/101N-1-110x166.webp 110w, https:\/\/broxtal.com\/wp-content\/uploads\/2025\/07\/101N-1-600x906.webp 600w, https:\/\/broxtal.com\/wp-content\/uploads\/2025\/07\/101N-1-150x227.webp 150w\" sizes=\"(max-width: 749px) 100vw, 749px\" \/> <img loading=\"lazy\" decoding=\"async\" class=\"aligncenter wp-image-36427 size-full\" src=\"https:\/\/broxtal.com\/wp-content\/uploads\/2025\/07\/101N-2.webp\" alt=\"\" width=\"750\" height=\"1073\" srcset=\"https:\/\/broxtal.com\/wp-content\/uploads\/2025\/07\/101N-2.webp 750w, https:\/\/broxtal.com\/wp-content\/uploads\/2025\/07\/101N-2-210x300.webp 210w, https:\/\/broxtal.com\/wp-content\/uploads\/2025\/07\/101N-2-559x800.webp 559w, https:\/\/broxtal.com\/wp-content\/uploads\/2025\/07\/101N-2-8x12.webp 8w, https:\/\/broxtal.com\/wp-content\/uploads\/2025\/07\/101N-2-60x86.webp 60w, https:\/\/broxtal.com\/wp-content\/uploads\/2025\/07\/101N-2-110x157.webp 110w, https:\/\/broxtal.com\/wp-content\/uploads\/2025\/07\/101N-2-600x858.webp 600w, https:\/\/broxtal.com\/wp-content\/uploads\/2025\/07\/101N-2-150x215.webp 150w\" sizes=\"(max-width: 750px) 100vw, 750px\" \/> <img loading=\"lazy\" decoding=\"async\" class=\"aligncenter wp-image-36428 size-full\" src=\"https:\/\/broxtal.com\/wp-content\/uploads\/2025\/07\/101N-3.webp\" alt=\"\" width=\"750\" height=\"1236\" srcset=\"https:\/\/broxtal.com\/wp-content\/uploads\/2025\/07\/101N-3.webp 750w, https:\/\/broxtal.com\/wp-content\/uploads\/2025\/07\/101N-3-182x300.webp 182w, https:\/\/broxtal.com\/wp-content\/uploads\/2025\/07\/101N-3-485x800.webp 485w, https:\/\/broxtal.com\/wp-content\/uploads\/2025\/07\/101N-3-7x12.webp 7w, https:\/\/broxtal.com\/wp-content\/uploads\/2025\/07\/101N-3-60x99.webp 60w, https:\/\/broxtal.com\/wp-content\/uploads\/2025\/07\/101N-3-110x181.webp 110w, https:\/\/broxtal.com\/wp-content\/uploads\/2025\/07\/101N-3-600x989.webp 600w, https:\/\/broxtal.com\/wp-content\/uploads\/2025\/07\/101N-3-150x247.webp 150w\" sizes=\"(max-width: 750px) 100vw, 750px\" \/> <img loading=\"lazy\" decoding=\"async\" class=\"aligncenter wp-image-36425 size-full\" src=\"https:\/\/broxtal.com\/wp-content\/uploads\/2025\/07\/101N-sq-9.webp\" alt=\"\" width=\"750\" height=\"868\" srcset=\"https:\/\/broxtal.com\/wp-content\/uploads\/2025\/07\/101N-sq-9.webp 750w, https:\/\/broxtal.com\/wp-content\/uploads\/2025\/07\/101N-sq-9-259x300.webp 259w, https:\/\/broxtal.com\/wp-content\/uploads\/2025\/07\/101N-sq-9-691x800.webp 691w, https:\/\/broxtal.com\/wp-content\/uploads\/2025\/07\/101N-sq-9-10x12.webp 10w, https:\/\/broxtal.com\/wp-content\/uploads\/2025\/07\/101N-sq-9-60x69.webp 60w, https:\/\/broxtal.com\/wp-content\/uploads\/2025\/07\/101N-sq-9-110x127.webp 110w, https:\/\/broxtal.com\/wp-content\/uploads\/2025\/07\/101N-sq-9-600x694.webp 600w, https:\/\/broxtal.com\/wp-content\/uploads\/2025\/07\/101N-sq-9-150x174.webp 150w\" sizes=\"(max-width: 750px) 100vw, 750px\" \/><\/p>\n<p><img loading=\"lazy\" decoding=\"async\" class=\"aligncenter wp-image-37268 size-full\" src=\"https:\/\/broxtal.com\/wp-content\/uploads\/2025\/07\/101N-sq-1-1.webp\" alt=\"\" width=\"750\" height=\"930\" srcset=\"https:\/\/broxtal.com\/wp-content\/uploads\/2025\/07\/101N-sq-1-1.webp 750w, https:\/\/broxtal.com\/wp-content\/uploads\/2025\/07\/101N-sq-1-1-242x300.webp 242w, https:\/\/broxtal.com\/wp-content\/uploads\/2025\/07\/101N-sq-1-1-645x800.webp 645w, https:\/\/broxtal.com\/wp-content\/uploads\/2025\/07\/101N-sq-1-1-10x12.webp 10w, https:\/\/broxtal.com\/wp-content\/uploads\/2025\/07\/101N-sq-1-1-60x74.webp 60w, https:\/\/broxtal.com\/wp-content\/uploads\/2025\/07\/101N-sq-1-1-110x136.webp 110w, https:\/\/broxtal.com\/wp-content\/uploads\/2025\/07\/101N-sq-1-1-600x744.webp 600w, https:\/\/broxtal.com\/wp-content\/uploads\/2025\/07\/101N-sq-1-1-150x186.webp 150w\" sizes=\"(max-width: 750px) 100vw, 750px\" \/> <img loading=\"lazy\" decoding=\"async\" class=\"aligncenter wp-image-36429 size-full\" src=\"https:\/\/broxtal.com\/wp-content\/uploads\/2025\/07\/101N-4.webp\" alt=\"\" width=\"750\" height=\"481\" srcset=\"https:\/\/broxtal.com\/wp-content\/uploads\/2025\/07\/101N-4.webp 750w, https:\/\/broxtal.com\/wp-content\/uploads\/2025\/07\/101N-4-400x257.webp 400w, https:\/\/broxtal.com\/wp-content\/uploads\/2025\/07\/101N-4-18x12.webp 18w, https:\/\/broxtal.com\/wp-content\/uploads\/2025\/07\/101N-4-60x38.webp 60w, https:\/\/broxtal.com\/wp-content\/uploads\/2025\/07\/101N-4-110x71.webp 110w, https:\/\/broxtal.com\/wp-content\/uploads\/2025\/07\/101N-4-600x385.webp 600w, https:\/\/broxtal.com\/wp-content\/uploads\/2025\/07\/101N-4-150x96.webp 150w\" sizes=\"(max-width: 750px) 100vw, 750px\" \/><\/p>","protected":false},"excerpt":{"rendered":"<ul>\n<li data-start=\"3689\" data-end=\"3722\"><strong>Einstellbarer kontinuierlicher Durchfluss von 1-7 l<\/strong><\/li>\n<li data-start=\"3725\" data-end=\"3755\"><strong>Reinheit bis zu 93% bei niedrigem Durchfluss<\/strong><\/li>\n<li data-start=\"3758\" data-end=\"3788\"><strong>Touchscreen + Fernbedienung<\/strong><\/li>\n<li data-start=\"3819\" data-end=\"3848\"><strong>Zerst\u00e4uber &amp; Ionenreinigung<\/strong><\/li>\n<li data-start=\"3851\" data-end=\"3875\"><strong>48 Stunden Dauereinsatz<\/strong><\/li>\n<\/ul>","protected":false},"featured_media":36438,"comment_status":"open","ping_status":"closed","template":"","meta":[],"product_brand":[],"product_cat":[286,1821,1819,1761,1719],"product_tag":[],"class_list":{"0":"post-36421","1":"product","2":"type-product","3":"status-publish","4":"has-post-thumbnail","6":"product_cat-health-wellness","7":"product_cat-continuous-flow","8":"product_cat-home-oxygen-machine","9":"product_cat-oxygen-concentrators","10":"product_cat-respiratory-care-oxygen-therapy","12":"first","13":"outofstock","14":"sale","15":"shipping-taxable","16":"purchasable","17":"product-type-simple"},"_links":{"self":[{"href":"https:\/\/broxtal.com\/de\/wp-json\/wp\/v2\/product\/36421","targetHints":{"allow":["GET"]}}],"collection":[{"href":"https:\/\/broxtal.com\/de\/wp-json\/wp\/v2\/product"}],"about":[{"href":"https:\/\/broxtal.com\/de\/wp-json\/wp\/v2\/types\/product"}],"replies":[{"embeddable":true,"href":"https:\/\/broxtal.com\/de\/wp-json\/wp\/v2\/comments?post=36421"}],"version-history":[{"count":6,"href":"https:\/\/broxtal.com\/de\/wp-json\/wp\/v2\/product\/36421\/revisions"}],"predecessor-version":[{"id":37269,"href":"https:\/\/broxtal.com\/de\/wp-json\/wp\/v2\/product\/36421\/revisions\/37269"}],"wp:featuredmedia":[{"embeddable":true,"href":"https:\/\/broxtal.com\/de\/wp-json\/wp\/v2\/media\/36438"}],"wp:attachment":[{"href":"https:\/\/broxtal.com\/de\/wp-json\/wp\/v2\/media?parent=36421"}],"wp:term":[{"taxonomy":"product_brand","embeddable":true,"href":"https:\/\/broxtal.com\/de\/wp-json\/wp\/v2\/product_brand?post=36421"},{"taxonomy":"product_cat","embeddable":true,"href":"https:\/\/broxtal.com\/de\/wp-json\/wp\/v2\/product_cat?post=36421"},{"taxonomy":"product_tag","embeddable":true,"href":"https:\/\/broxtal.com\/de\/wp-json\/wp\/v2\/product_tag?post=36421"}],"curies":[{"name":"wp","href":"https:\/\/api.w.org\/{rel}","templated":true}]}}