{"id":36572,"date":"2025-07-14T13:42:12","date_gmt":"2025-07-14T12:42:12","guid":{"rendered":"https:\/\/broxtal.com\/?post_type=product&#038;p=36572"},"modified":"2025-07-24T05:25:52","modified_gmt":"2025-07-24T04:25:52","slug":"portable-oxygen-generator-machine-1-5l","status":"publish","type":"product","link":"https:\/\/broxtal.com\/de\/produkt\/portable-oxygen-generator-machine-1-5l\/","title":{"rendered":"Tragbare Sauerstoff-Generator-Maschine 1.5L"},"content":{"rendered":"<h1 style=\"text-align: center;\" data-start=\"197\" data-end=\"301\"><span style=\"color: #000080;\"><strong data-start=\"201\" data-end=\"301\">Tragbare Sauerstoff-Generator-Maschine 1.5L - Leichtgewicht mit Outdoor-Ausdauer mehr als 3.5Hrs<\/strong><\/span><\/h1>\n<h2 style=\"text-align: center;\" data-start=\"303\" data-end=\"417\"><span style=\"color: #3366ff;\"><strong data-start=\"308\" data-end=\"417\">Liefert 30% Sauerstoffkonzentration bei 1L\/min mit Ultra-Clean Pulse Flow und 95% PM2.5\/Bakterienfilterung<\/strong><\/span><\/h2>\n<p style=\"text-align: center;\"><img fetchpriority=\"high\" decoding=\"async\" class=\"aligncenter wp-image-36576 size-full\" src=\"https:\/\/broxtal.com\/wp-content\/uploads\/2025\/07\/portable-oxygen-generator-machine-1.5l-3L-11.webp\" alt=\"\" width=\"1000\" height=\"1000\" srcset=\"https:\/\/broxtal.com\/wp-content\/uploads\/2025\/07\/portable-oxygen-generator-machine-1.5l-3L-11.webp 1000w, https:\/\/broxtal.com\/wp-content\/uploads\/2025\/07\/portable-oxygen-generator-machine-1.5l-3L-11-300x300.webp 300w, https:\/\/broxtal.com\/wp-content\/uploads\/2025\/07\/portable-oxygen-generator-machine-1.5l-3L-11-800x800.webp 800w, https:\/\/broxtal.com\/wp-content\/uploads\/2025\/07\/portable-oxygen-generator-machine-1.5l-3L-11-150x150.webp 150w, https:\/\/broxtal.com\/wp-content\/uploads\/2025\/07\/portable-oxygen-generator-machine-1.5l-3L-11-768x768.webp 768w, https:\/\/broxtal.com\/wp-content\/uploads\/2025\/07\/portable-oxygen-generator-machine-1.5l-3L-11-12x12.webp 12w, https:\/\/broxtal.com\/wp-content\/uploads\/2025\/07\/portable-oxygen-generator-machine-1.5l-3L-11-60x60.webp 60w, https:\/\/broxtal.com\/wp-content\/uploads\/2025\/07\/portable-oxygen-generator-machine-1.5l-3L-11-110x110.webp 110w, https:\/\/broxtal.com\/wp-content\/uploads\/2025\/07\/portable-oxygen-generator-machine-1.5l-3L-11-600x600.webp 600w, https:\/\/broxtal.com\/wp-content\/uploads\/2025\/07\/portable-oxygen-generator-machine-1.5l-3L-11-32x32.webp 32w\" sizes=\"(max-width: 1000px) 100vw, 1000px\" \/><\/p>\n<p><a href=\"https:\/\/broxtal.com\/wp-content\/uploads\/2025\/07\/8.jpg\"><img decoding=\"async\" class=\"aligncenter wp-image-37016 size-full\" src=\"https:\/\/broxtal.com\/wp-content\/uploads\/2025\/07\/8.jpg\" alt=\"\" width=\"1000\" height=\"2399\" srcset=\"https:\/\/broxtal.com\/wp-content\/uploads\/2025\/07\/8.jpg 1000w, https:\/\/broxtal.com\/wp-content\/uploads\/2025\/07\/8-125x300.jpg 125w, https:\/\/broxtal.com\/wp-content\/uploads\/2025\/07\/8-333x800.jpg 333w, https:\/\/broxtal.com\/wp-content\/uploads\/2025\/07\/8-768x1842.jpg 768w, https:\/\/broxtal.com\/wp-content\/uploads\/2025\/07\/8-640x1536.jpg 640w, https:\/\/broxtal.com\/wp-content\/uploads\/2025\/07\/8-854x2048.jpg 854w, https:\/\/broxtal.com\/wp-content\/uploads\/2025\/07\/8-5x12.jpg 5w, https:\/\/broxtal.com\/wp-content\/uploads\/2025\/07\/8-60x144.jpg 60w, https:\/\/broxtal.com\/wp-content\/uploads\/2025\/07\/8-110x264.jpg 110w, https:\/\/broxtal.com\/wp-content\/uploads\/2025\/07\/8-600x1439.jpg 600w, https:\/\/broxtal.com\/wp-content\/uploads\/2025\/07\/8-150x360.jpg 150w\" sizes=\"(max-width: 1000px) 100vw, 1000px\" \/><\/a><\/p>\n<h4 style=\"text-align: center;\"><span style=\"color: #000000;\">Leicht, effizient und ideal f\u00fcr Reisen<\/span><\/h4>\n<p style=\"text-align: center;\"><span style=\"color: #000000;\">Die <strong>Tragbare Sauerstoff-Generator-Maschine 1.5L<\/strong> von LINMICS wurde f\u00fcr Anwender entwickelt, die unterwegs eine Sauerstoffversorgung mit geringem Durchfluss ben\u00f6tigen. Mit einem Gewicht von nur 650 g liefert dieses ultrakompakte Ger\u00e4t eine konstante Sauerstoffkonzentration von 30% bei 1 l\/min. Es verf\u00fcgt \u00fcber einen herausnehmbaren Lithium-Akku mit einer Laufzeit von mehr als 3,5 Stunden und kann \u00fcber USB Typ-C zu Hause, im Auto oder \u00fcber eine Powerbank aufgeladen werden. Mit einem Ger\u00e4uschpegel von nur 45 dB ist es leise genug f\u00fcr den Einsatz im Schlaf und damit perfekt f\u00fcr Reisen, Erholung und die t\u00e4gliche Therapie geeignet.<\/span><\/p>\n<p style=\"text-align: center;\"><img decoding=\"async\" class=\"aligncenter wp-image-36574 size-full\" src=\"https:\/\/broxtal.com\/wp-content\/uploads\/2025\/07\/portable-oxygen-generator-machine-1.5l-3L-9.webp\" alt=\"\" width=\"1000\" height=\"1000\" srcset=\"https:\/\/broxtal.com\/wp-content\/uploads\/2025\/07\/portable-oxygen-generator-machine-1.5l-3L-9.webp 1000w, https:\/\/broxtal.com\/wp-content\/uploads\/2025\/07\/portable-oxygen-generator-machine-1.5l-3L-9-300x300.webp 300w, https:\/\/broxtal.com\/wp-content\/uploads\/2025\/07\/portable-oxygen-generator-machine-1.5l-3L-9-800x800.webp 800w, https:\/\/broxtal.com\/wp-content\/uploads\/2025\/07\/portable-oxygen-generator-machine-1.5l-3L-9-150x150.webp 150w, https:\/\/broxtal.com\/wp-content\/uploads\/2025\/07\/portable-oxygen-generator-machine-1.5l-3L-9-768x768.webp 768w, https:\/\/broxtal.com\/wp-content\/uploads\/2025\/07\/portable-oxygen-generator-machine-1.5l-3L-9-12x12.webp 12w, https:\/\/broxtal.com\/wp-content\/uploads\/2025\/07\/portable-oxygen-generator-machine-1.5l-3L-9-60x60.webp 60w, https:\/\/broxtal.com\/wp-content\/uploads\/2025\/07\/portable-oxygen-generator-machine-1.5l-3L-9-110x110.webp 110w, https:\/\/broxtal.com\/wp-content\/uploads\/2025\/07\/portable-oxygen-generator-machine-1.5l-3L-9-600x600.webp 600w, https:\/\/broxtal.com\/wp-content\/uploads\/2025\/07\/portable-oxygen-generator-machine-1.5l-3L-9-32x32.webp 32w\" sizes=\"(max-width: 1000px) 100vw, 1000px\" \/><\/p>\n<h4 style=\"text-align: center;\"><span style=\"color: #000000;\">Einfache und saubere Sauerstoffausgabe<\/span><\/h4>\n<p style=\"text-align: center;\"><span style=\"color: #000000;\">Dieser tragbare Sauerstoffgenerator mit 1,5 l Fassungsverm\u00f6gen wurde mit Blick auf den Benutzerkomfort entwickelt. Er bietet ein nat\u00fcrliches Atemerlebnis und filtert bis zu 95% PM2,5 und Bakterien. Sein Design f\u00f6rdert besseren Schlaf und allgemeinen Atemkomfort. Kein Wasser erforderlich, keine Nebenwirkungen und keine komplizierten Einstellungen - einfach anschlie\u00dfen, atmen und loslegen.<\/span><\/p>\n<p style=\"text-align: center;\"><img loading=\"lazy\" decoding=\"async\" class=\"aligncenter wp-image-36579 size-full\" src=\"https:\/\/broxtal.com\/wp-content\/uploads\/2025\/07\/portable-oxygen-generator-machine-1.5l-3L-14.webp\" alt=\"\" width=\"1000\" height=\"1000\" srcset=\"https:\/\/broxtal.com\/wp-content\/uploads\/2025\/07\/portable-oxygen-generator-machine-1.5l-3L-14.webp 1000w, https:\/\/broxtal.com\/wp-content\/uploads\/2025\/07\/portable-oxygen-generator-machine-1.5l-3L-14-300x300.webp 300w, https:\/\/broxtal.com\/wp-content\/uploads\/2025\/07\/portable-oxygen-generator-machine-1.5l-3L-14-800x800.webp 800w, https:\/\/broxtal.com\/wp-content\/uploads\/2025\/07\/portable-oxygen-generator-machine-1.5l-3L-14-150x150.webp 150w, https:\/\/broxtal.com\/wp-content\/uploads\/2025\/07\/portable-oxygen-generator-machine-1.5l-3L-14-768x768.webp 768w, https:\/\/broxtal.com\/wp-content\/uploads\/2025\/07\/portable-oxygen-generator-machine-1.5l-3L-14-12x12.webp 12w, https:\/\/broxtal.com\/wp-content\/uploads\/2025\/07\/portable-oxygen-generator-machine-1.5l-3L-14-60x60.webp 60w, https:\/\/broxtal.com\/wp-content\/uploads\/2025\/07\/portable-oxygen-generator-machine-1.5l-3L-14-110x110.webp 110w, https:\/\/broxtal.com\/wp-content\/uploads\/2025\/07\/portable-oxygen-generator-machine-1.5l-3L-14-600x600.webp 600w, https:\/\/broxtal.com\/wp-content\/uploads\/2025\/07\/portable-oxygen-generator-machine-1.5l-3L-14-32x32.webp 32w\" sizes=\"(max-width: 1000px) 100vw, 1000px\" \/><\/p>\n<h3 style=\"text-align: center;\"><span style=\"color: #000000;\">Tabelle der Spezifikationen<\/span><\/h3>\n<ul>\n<li>\n<p class=\"p1\"><span style=\"color: #000000;\"><span class=\"s1\"><b>Marke:<\/b><\/span> LINMICS<\/span><\/p>\n<\/li>\n<li>\n<p class=\"p1\"><span style=\"color: #000000;\"><b>Gewicht:<\/b><span class=\"s1\"> 650g<\/span><\/span><\/p>\n<\/li>\n<li>\n<p class=\"p1\"><span style=\"color: #000000;\"><span class=\"s1\"><b>Abmessungen:<\/b><\/span> Ultrakompakt, reisefertig<\/span><\/p>\n<\/li>\n<li>\n<p class=\"p1\"><span style=\"color: #000000;\"><b>Sauerstoff-Konzentration:<\/b><span class=\"s1\"> 30%<\/span><\/span><\/p>\n<\/li>\n<li>\n<p class=\"p1\"><span style=\"color: #000000;\"><b>Durchflussmenge:<\/b><span class=\"s1\"> 1L\/min<\/span><\/span><\/p>\n<\/li>\n<li>\n<p class=\"p1\"><span style=\"color: #000000;\"><b>Ger\u00e4uschpegel:<\/b><span class=\"s1\"> 45 dB<\/span><\/span><\/p>\n<\/li>\n<li>\n<p class=\"p1\"><span style=\"color: #000000;\"><span class=\"s1\"><b>Lebensdauer der Batterie:<\/b><\/span> Mehr als 3,5 Stunden<\/span><\/p>\n<\/li>\n<li>\n<p class=\"p1\"><span style=\"color: #000000;\"><b>Anschluss zum Aufladen:<\/b><span class=\"s1\"> USB Typ-C<\/span><\/span><\/p>\n<\/li>\n<li>\n<p class=\"p1\"><span style=\"color: #000000;\"><span class=\"s1\"><b>Aufladeverfahren:<\/b><\/span> Wand, Auto, Powerbank<\/span><\/p>\n<\/li>\n<li>\n<p class=\"p1\"><span style=\"color: #000000;\"><span class=\"s1\"><b>Filtrierung:<\/b><\/span> 95% PM2.5 und Bakterienfilterung<\/span><\/p>\n<\/li>\n<li>\n<p class=\"p1\"><span style=\"color: #000000;\"><span class=\"s1\"><b>Geeignet f\u00fcr:<\/b><\/span> Reisen, Schlafen, t\u00e4gliche Sauerstoffversorgung<\/span><\/p>\n<\/li>\n<\/ul>\n<h3 style=\"text-align: center;\"><\/h3>\n<p style=\"text-align: center;\"><img loading=\"lazy\" decoding=\"async\" class=\"aligncenter wp-image-36573 size-full\" src=\"https:\/\/broxtal.com\/wp-content\/uploads\/2025\/07\/portable-oxygen-generator-machine-1.5l-3L-8.webp\" alt=\"\" width=\"1600\" height=\"1600\" srcset=\"https:\/\/broxtal.com\/wp-content\/uploads\/2025\/07\/portable-oxygen-generator-machine-1.5l-3L-8.webp 1600w, https:\/\/broxtal.com\/wp-content\/uploads\/2025\/07\/portable-oxygen-generator-machine-1.5l-3L-8-300x300.webp 300w, https:\/\/broxtal.com\/wp-content\/uploads\/2025\/07\/portable-oxygen-generator-machine-1.5l-3L-8-800x800.webp 800w, https:\/\/broxtal.com\/wp-content\/uploads\/2025\/07\/portable-oxygen-generator-machine-1.5l-3L-8-150x150.webp 150w, https:\/\/broxtal.com\/wp-content\/uploads\/2025\/07\/portable-oxygen-generator-machine-1.5l-3L-8-768x768.webp 768w, https:\/\/broxtal.com\/wp-content\/uploads\/2025\/07\/portable-oxygen-generator-machine-1.5l-3L-8-1536x1536.webp 1536w, https:\/\/broxtal.com\/wp-content\/uploads\/2025\/07\/portable-oxygen-generator-machine-1.5l-3L-8-12x12.webp 12w, https:\/\/broxtal.com\/wp-content\/uploads\/2025\/07\/portable-oxygen-generator-machine-1.5l-3L-8-1200x1200.webp 1200w, https:\/\/broxtal.com\/wp-content\/uploads\/2025\/07\/portable-oxygen-generator-machine-1.5l-3L-8-60x60.webp 60w, https:\/\/broxtal.com\/wp-content\/uploads\/2025\/07\/portable-oxygen-generator-machine-1.5l-3L-8-110x110.webp 110w, https:\/\/broxtal.com\/wp-content\/uploads\/2025\/07\/portable-oxygen-generator-machine-1.5l-3L-8-600x600.webp 600w, https:\/\/broxtal.com\/wp-content\/uploads\/2025\/07\/portable-oxygen-generator-machine-1.5l-3L-8-32x32.webp 32w\" sizes=\"(max-width: 1600px) 100vw, 1600px\" \/><img loading=\"lazy\" decoding=\"async\" class=\"aligncenter wp-image-36578 size-full\" src=\"https:\/\/broxtal.com\/wp-content\/uploads\/2025\/07\/portable-oxygen-generator-machine-1.5l-3L-13.webp\" alt=\"\" width=\"1000\" height=\"1000\" srcset=\"https:\/\/broxtal.com\/wp-content\/uploads\/2025\/07\/portable-oxygen-generator-machine-1.5l-3L-13.webp 1000w, https:\/\/broxtal.com\/wp-content\/uploads\/2025\/07\/portable-oxygen-generator-machine-1.5l-3L-13-300x300.webp 300w, https:\/\/broxtal.com\/wp-content\/uploads\/2025\/07\/portable-oxygen-generator-machine-1.5l-3L-13-800x800.webp 800w, https:\/\/broxtal.com\/wp-content\/uploads\/2025\/07\/portable-oxygen-generator-machine-1.5l-3L-13-150x150.webp 150w, https:\/\/broxtal.com\/wp-content\/uploads\/2025\/07\/portable-oxygen-generator-machine-1.5l-3L-13-768x768.webp 768w, https:\/\/broxtal.com\/wp-content\/uploads\/2025\/07\/portable-oxygen-generator-machine-1.5l-3L-13-12x12.webp 12w, https:\/\/broxtal.com\/wp-content\/uploads\/2025\/07\/portable-oxygen-generator-machine-1.5l-3L-13-60x60.webp 60w, https:\/\/broxtal.com\/wp-content\/uploads\/2025\/07\/portable-oxygen-generator-machine-1.5l-3L-13-110x110.webp 110w, https:\/\/broxtal.com\/wp-content\/uploads\/2025\/07\/portable-oxygen-generator-machine-1.5l-3L-13-600x600.webp 600w, https:\/\/broxtal.com\/wp-content\/uploads\/2025\/07\/portable-oxygen-generator-machine-1.5l-3L-13-32x32.webp 32w\" sizes=\"(max-width: 1000px) 100vw, 1000px\" \/><\/p>\n<h3 style=\"text-align: center;\"><img loading=\"lazy\" decoding=\"async\" class=\"aligncenter wp-image-36580 size-full\" src=\"https:\/\/broxtal.com\/wp-content\/uploads\/2025\/07\/portable-oxygen-generator-machine-1.5l-3L-15.webp\" alt=\"\" width=\"1000\" height=\"1000\" srcset=\"https:\/\/broxtal.com\/wp-content\/uploads\/2025\/07\/portable-oxygen-generator-machine-1.5l-3L-15.webp 1000w, https:\/\/broxtal.com\/wp-content\/uploads\/2025\/07\/portable-oxygen-generator-machine-1.5l-3L-15-300x300.webp 300w, https:\/\/broxtal.com\/wp-content\/uploads\/2025\/07\/portable-oxygen-generator-machine-1.5l-3L-15-800x800.webp 800w, https:\/\/broxtal.com\/wp-content\/uploads\/2025\/07\/portable-oxygen-generator-machine-1.5l-3L-15-150x150.webp 150w, https:\/\/broxtal.com\/wp-content\/uploads\/2025\/07\/portable-oxygen-generator-machine-1.5l-3L-15-768x768.webp 768w, https:\/\/broxtal.com\/wp-content\/uploads\/2025\/07\/portable-oxygen-generator-machine-1.5l-3L-15-12x12.webp 12w, https:\/\/broxtal.com\/wp-content\/uploads\/2025\/07\/portable-oxygen-generator-machine-1.5l-3L-15-60x60.webp 60w, https:\/\/broxtal.com\/wp-content\/uploads\/2025\/07\/portable-oxygen-generator-machine-1.5l-3L-15-110x110.webp 110w, https:\/\/broxtal.com\/wp-content\/uploads\/2025\/07\/portable-oxygen-generator-machine-1.5l-3L-15-600x600.webp 600w, https:\/\/broxtal.com\/wp-content\/uploads\/2025\/07\/portable-oxygen-generator-machine-1.5l-3L-15-32x32.webp 32w\" sizes=\"(max-width: 1000px) 100vw, 1000px\" \/><\/h3>\n<p><img loading=\"lazy\" decoding=\"async\" class=\"wp-image-36577 size-full aligncenter\" src=\"https:\/\/broxtal.com\/wp-content\/uploads\/2025\/07\/portable-oxygen-generator-machine-1.5l-3L-12.webp\" alt=\"\" width=\"1000\" height=\"1000\" srcset=\"https:\/\/broxtal.com\/wp-content\/uploads\/2025\/07\/portable-oxygen-generator-machine-1.5l-3L-12.webp 1000w, https:\/\/broxtal.com\/wp-content\/uploads\/2025\/07\/portable-oxygen-generator-machine-1.5l-3L-12-300x300.webp 300w, https:\/\/broxtal.com\/wp-content\/uploads\/2025\/07\/portable-oxygen-generator-machine-1.5l-3L-12-800x800.webp 800w, https:\/\/broxtal.com\/wp-content\/uploads\/2025\/07\/portable-oxygen-generator-machine-1.5l-3L-12-150x150.webp 150w, https:\/\/broxtal.com\/wp-content\/uploads\/2025\/07\/portable-oxygen-generator-machine-1.5l-3L-12-768x768.webp 768w, https:\/\/broxtal.com\/wp-content\/uploads\/2025\/07\/portable-oxygen-generator-machine-1.5l-3L-12-12x12.webp 12w, https:\/\/broxtal.com\/wp-content\/uploads\/2025\/07\/portable-oxygen-generator-machine-1.5l-3L-12-60x60.webp 60w, https:\/\/broxtal.com\/wp-content\/uploads\/2025\/07\/portable-oxygen-generator-machine-1.5l-3L-12-110x110.webp 110w, https:\/\/broxtal.com\/wp-content\/uploads\/2025\/07\/portable-oxygen-generator-machine-1.5l-3L-12-600x600.webp 600w, https:\/\/broxtal.com\/wp-content\/uploads\/2025\/07\/portable-oxygen-generator-machine-1.5l-3L-12-32x32.webp 32w\" sizes=\"(max-width: 1000px) 100vw, 1000px\" \/><\/p>\n<h3 style=\"text-align: center;\"><span style=\"color: #000000;\">Liste der Pakete<\/span><\/h3>\n<p style=\"text-align: left;\"><span style=\"color: #000000;\">\u2713 1 \u00d7 Tragbares Sauerstoffkonzentrationsger\u00e4t<\/span><br \/>\n<span style=\"color: #000000;\">\u2713 1 \u00d7 Typ-C-Ladekabel<\/span><br \/>\n<span style=\"color: #000000;\">\u2713 1 \u00d7 Auto-Ladekabel<\/span><br \/>\n<span style=\"color: #000000;\">\u2713 1 \u00d7 Tragetasche<\/span><br \/>\n<span style=\"color: #000000;\">\u2713 1 \u00d7 Sauerstoffschl\u00e4uche<\/span><\/p>\n<p><img loading=\"lazy\" decoding=\"async\" class=\"wp-image-36581 size-full aligncenter\" src=\"https:\/\/broxtal.com\/wp-content\/uploads\/2025\/07\/portable-oxygen-generator-machine-1.5l-3L-16.webp\" alt=\"\" width=\"1000\" height=\"1000\" srcset=\"https:\/\/broxtal.com\/wp-content\/uploads\/2025\/07\/portable-oxygen-generator-machine-1.5l-3L-16.webp 1000w, https:\/\/broxtal.com\/wp-content\/uploads\/2025\/07\/portable-oxygen-generator-machine-1.5l-3L-16-300x300.webp 300w, https:\/\/broxtal.com\/wp-content\/uploads\/2025\/07\/portable-oxygen-generator-machine-1.5l-3L-16-800x800.webp 800w, https:\/\/broxtal.com\/wp-content\/uploads\/2025\/07\/portable-oxygen-generator-machine-1.5l-3L-16-150x150.webp 150w, https:\/\/broxtal.com\/wp-content\/uploads\/2025\/07\/portable-oxygen-generator-machine-1.5l-3L-16-768x768.webp 768w, https:\/\/broxtal.com\/wp-content\/uploads\/2025\/07\/portable-oxygen-generator-machine-1.5l-3L-16-12x12.webp 12w, https:\/\/broxtal.com\/wp-content\/uploads\/2025\/07\/portable-oxygen-generator-machine-1.5l-3L-16-60x60.webp 60w, https:\/\/broxtal.com\/wp-content\/uploads\/2025\/07\/portable-oxygen-generator-machine-1.5l-3L-16-110x110.webp 110w, https:\/\/broxtal.com\/wp-content\/uploads\/2025\/07\/portable-oxygen-generator-machine-1.5l-3L-16-600x600.webp 600w, https:\/\/broxtal.com\/wp-content\/uploads\/2025\/07\/portable-oxygen-generator-machine-1.5l-3L-16-32x32.webp 32w, https:\/\/broxtal.com\/wp-content\/uploads\/2025\/07\/portable-oxygen-generator-machine-1.5l-3L-16-64x64.webp 64w\" sizes=\"(max-width: 1000px) 100vw, 1000px\" \/> <img loading=\"lazy\" decoding=\"async\" class=\"wp-image-36575 size-full aligncenter\" src=\"https:\/\/broxtal.com\/wp-content\/uploads\/2025\/07\/portable-oxygen-generator-machine-1.5l-3L-10.webp\" alt=\"\" width=\"1000\" height=\"1000\" srcset=\"https:\/\/broxtal.com\/wp-content\/uploads\/2025\/07\/portable-oxygen-generator-machine-1.5l-3L-10.webp 1000w, https:\/\/broxtal.com\/wp-content\/uploads\/2025\/07\/portable-oxygen-generator-machine-1.5l-3L-10-300x300.webp 300w, https:\/\/broxtal.com\/wp-content\/uploads\/2025\/07\/portable-oxygen-generator-machine-1.5l-3L-10-800x800.webp 800w, https:\/\/broxtal.com\/wp-content\/uploads\/2025\/07\/portable-oxygen-generator-machine-1.5l-3L-10-150x150.webp 150w, https:\/\/broxtal.com\/wp-content\/uploads\/2025\/07\/portable-oxygen-generator-machine-1.5l-3L-10-768x768.webp 768w, https:\/\/broxtal.com\/wp-content\/uploads\/2025\/07\/portable-oxygen-generator-machine-1.5l-3L-10-12x12.webp 12w, https:\/\/broxtal.com\/wp-content\/uploads\/2025\/07\/portable-oxygen-generator-machine-1.5l-3L-10-60x60.webp 60w, https:\/\/broxtal.com\/wp-content\/uploads\/2025\/07\/portable-oxygen-generator-machine-1.5l-3L-10-110x110.webp 110w, https:\/\/broxtal.com\/wp-content\/uploads\/2025\/07\/portable-oxygen-generator-machine-1.5l-3L-10-600x600.webp 600w, https:\/\/broxtal.com\/wp-content\/uploads\/2025\/07\/portable-oxygen-generator-machine-1.5l-3L-10-32x32.webp 32w\" sizes=\"(max-width: 1000px) 100vw, 1000px\" \/><\/p>\n<p><a href=\"https:\/\/broxtal.com\/wp-content\/uploads\/2025\/07\/9.jpg\"><img loading=\"lazy\" decoding=\"async\" class=\"aligncenter wp-image-37017 size-full\" src=\"https:\/\/broxtal.com\/wp-content\/uploads\/2025\/07\/9.jpg\" alt=\"\" width=\"1000\" height=\"1000\" srcset=\"https:\/\/broxtal.com\/wp-content\/uploads\/2025\/07\/9.jpg 1000w, https:\/\/broxtal.com\/wp-content\/uploads\/2025\/07\/9-300x300.jpg 300w, https:\/\/broxtal.com\/wp-content\/uploads\/2025\/07\/9-800x800.jpg 800w, https:\/\/broxtal.com\/wp-content\/uploads\/2025\/07\/9-150x150.jpg 150w, https:\/\/broxtal.com\/wp-content\/uploads\/2025\/07\/9-768x768.jpg 768w, https:\/\/broxtal.com\/wp-content\/uploads\/2025\/07\/9-12x12.jpg 12w, https:\/\/broxtal.com\/wp-content\/uploads\/2025\/07\/9-60x60.jpg 60w, https:\/\/broxtal.com\/wp-content\/uploads\/2025\/07\/9-110x110.jpg 110w, https:\/\/broxtal.com\/wp-content\/uploads\/2025\/07\/9-600x600.jpg 600w, https:\/\/broxtal.com\/wp-content\/uploads\/2025\/07\/9-32x32.jpg 32w\" sizes=\"(max-width: 1000px) 100vw, 1000px\" \/><\/a><\/p>\n<p><a href=\"https:\/\/broxtal.com\/wp-content\/uploads\/2025\/07\/6.jpg\"><img loading=\"lazy\" decoding=\"async\" class=\"wp-image-37024 size-full aligncenter\" src=\"https:\/\/broxtal.com\/wp-content\/uploads\/2025\/07\/6.jpg\" alt=\"\" width=\"1000\" height=\"1000\" srcset=\"https:\/\/broxtal.com\/wp-content\/uploads\/2025\/07\/6.jpg 1000w, https:\/\/broxtal.com\/wp-content\/uploads\/2025\/07\/6-300x300.jpg 300w, https:\/\/broxtal.com\/wp-content\/uploads\/2025\/07\/6-800x800.jpg 800w, https:\/\/broxtal.com\/wp-content\/uploads\/2025\/07\/6-150x150.jpg 150w, https:\/\/broxtal.com\/wp-content\/uploads\/2025\/07\/6-768x768.jpg 768w, https:\/\/broxtal.com\/wp-content\/uploads\/2025\/07\/6-12x12.jpg 12w, https:\/\/broxtal.com\/wp-content\/uploads\/2025\/07\/6-60x60.jpg 60w, https:\/\/broxtal.com\/wp-content\/uploads\/2025\/07\/6-110x110.jpg 110w, https:\/\/broxtal.com\/wp-content\/uploads\/2025\/07\/6-600x600.jpg 600w, https:\/\/broxtal.com\/wp-content\/uploads\/2025\/07\/6-32x32.jpg 32w, https:\/\/broxtal.com\/wp-content\/uploads\/2025\/07\/6-64x64.jpg 64w\" sizes=\"(max-width: 1000px) 100vw, 1000px\" \/><\/a><\/p>","protected":false},"excerpt":{"rendered":"<p data-start=\"1090\" data-end=\"1153\">\ud83e\udeb6 <strong data-start=\"1093\" data-end=\"1114\">Super-Leichtgewicht<\/strong>: Nur 650g<\/p>\n<p data-start=\"1156\" data-end=\"1216\">\ud83d\udd0b <strong data-start=\"1159\" data-end=\"1180\">Lange Batterielebensdauer<\/strong>: mehr als 3,5 Stunden<\/p>\n<p data-start=\"1219\" data-end=\"1278\">\ud83d\udd0c <strong data-start=\"1222\" data-end=\"1240\">USB-C-Laden<\/strong>: im Auto, an der Wand oder in der Powerbank.<\/p>","protected":false},"featured_media":36581,"comment_status":"open","ping_status":"closed","template":"","meta":[],"product_brand":[],"product_cat":[286,1761,1818,1820,1719],"product_tag":[],"class_list":{"0":"post-36572","1":"product","2":"type-product","3":"status-publish","4":"has-post-thumbnail","6":"product_cat-health-wellness","7":"product_cat-oxygen-concentrators","8":"product_cat-portable-oxygen-machine","9":"product_cat-pulse-flow","10":"product_cat-respiratory-care-oxygen-therapy","12":"first","13":"instock","14":"sale","15":"shipping-taxable","16":"purchasable","17":"product-type-simple"},"_links":{"self":[{"href":"https:\/\/broxtal.com\/de\/wp-json\/wp\/v2\/product\/36572","targetHints":{"allow":["GET"]}}],"collection":[{"href":"https:\/\/broxtal.com\/de\/wp-json\/wp\/v2\/product"}],"about":[{"href":"https:\/\/broxtal.com\/de\/wp-json\/wp\/v2\/types\/product"}],"replies":[{"embeddable":true,"href":"https:\/\/broxtal.com\/de\/wp-json\/wp\/v2\/comments?post=36572"}],"version-history":[{"count":15,"href":"https:\/\/broxtal.com\/de\/wp-json\/wp\/v2\/product\/36572\/revisions"}],"predecessor-version":[{"id":37034,"href":"https:\/\/broxtal.com\/de\/wp-json\/wp\/v2\/product\/36572\/revisions\/37034"}],"wp:featuredmedia":[{"embeddable":true,"href":"https:\/\/broxtal.com\/de\/wp-json\/wp\/v2\/media\/36581"}],"wp:attachment":[{"href":"https:\/\/broxtal.com\/de\/wp-json\/wp\/v2\/media?parent=36572"}],"wp:term":[{"taxonomy":"product_brand","embeddable":true,"href":"https:\/\/broxtal.com\/de\/wp-json\/wp\/v2\/product_brand?post=36572"},{"taxonomy":"product_cat","embeddable":true,"href":"https:\/\/broxtal.com\/de\/wp-json\/wp\/v2\/product_cat?post=36572"},{"taxonomy":"product_tag","embeddable":true,"href":"https:\/\/broxtal.com\/de\/wp-json\/wp\/v2\/product_tag?post=36572"}],"curies":[{"name":"wp","href":"https:\/\/api.w.org\/{rel}","templated":true}]}}