{"id":36590,"date":"2025-07-14T13:22:34","date_gmt":"2025-07-14T12:22:34","guid":{"rendered":"https:\/\/broxtal.com\/?post_type=product&#038;p=36590"},"modified":"2025-07-23T15:11:07","modified_gmt":"2025-07-23T14:11:07","slug":"portable-oxygen-generator-machine-3l","status":"publish","type":"product","link":"https:\/\/broxtal.com\/de\/produkt\/portable-oxygen-generator-machine-3l\/","title":{"rendered":"Tragbarer Sauerstoff-Generator Maschine 3L"},"content":{"rendered":"<h1 style=\"text-align: center;\" data-start=\"77\" data-end=\"159\"><span style=\"color: #000080;\"><strong data-start=\"84\" data-end=\"157\">Tragbarer Sauerstoffgenerator 3L - Leichte, saubere Luft an jedem Ort<\/strong><\/span><\/h1>\n<h2 style=\"text-align: center;\" data-start=\"160\" data-end=\"241\"><span style=\"color: #3366ff;\">3L Pulse Flow, 30% Sauerstoff-Reinheit, PM2.5-Filterung &amp; 4Hr USB-C Batteriebetrieb<\/span><\/h2>\n<p><img fetchpriority=\"high\" decoding=\"async\" class=\"aligncenter size-large wp-image-36595\" src=\"https:\/\/broxtal.com\/wp-content\/uploads\/2025\/07\/portable-oxygen-generator-machine-3L-6-800x800.webp\" alt=\"\" width=\"800\" height=\"800\" srcset=\"https:\/\/broxtal.com\/wp-content\/uploads\/2025\/07\/portable-oxygen-generator-machine-3L-6-800x800.webp 800w, https:\/\/broxtal.com\/wp-content\/uploads\/2025\/07\/portable-oxygen-generator-machine-3L-6-300x300.webp 300w, https:\/\/broxtal.com\/wp-content\/uploads\/2025\/07\/portable-oxygen-generator-machine-3L-6-150x150.webp 150w, https:\/\/broxtal.com\/wp-content\/uploads\/2025\/07\/portable-oxygen-generator-machine-3L-6-768x768.webp 768w, https:\/\/broxtal.com\/wp-content\/uploads\/2025\/07\/portable-oxygen-generator-machine-3L-6-12x12.webp 12w, https:\/\/broxtal.com\/wp-content\/uploads\/2025\/07\/portable-oxygen-generator-machine-3L-6-60x60.webp 60w, https:\/\/broxtal.com\/wp-content\/uploads\/2025\/07\/portable-oxygen-generator-machine-3L-6-110x110.webp 110w, https:\/\/broxtal.com\/wp-content\/uploads\/2025\/07\/portable-oxygen-generator-machine-3L-6-600x600.webp 600w, https:\/\/broxtal.com\/wp-content\/uploads\/2025\/07\/portable-oxygen-generator-machine-3L-6-32x32.webp 32w, https:\/\/broxtal.com\/wp-content\/uploads\/2025\/07\/portable-oxygen-generator-machine-3L-6-64x64.webp 64w, https:\/\/broxtal.com\/wp-content\/uploads\/2025\/07\/portable-oxygen-generator-machine-3L-6.webp 1080w\" sizes=\"(max-width: 800px) 100vw, 800px\" \/><\/p>\n<h4 style=\"text-align: center;\">Leicht, effizient und ideal f\u00fcr Reisen<\/h4>\n<p style=\"text-align: center;\">Die <strong>Tragbarer Sauerstoff-Generator Maschine 3L<\/strong> von LINMICS wurde f\u00fcr Benutzer entwickelt, die unterwegs Sauerstoff mit niedrigem Durchfluss ben\u00f6tigen. Es verf\u00fcgt \u00fcber einen herausnehmbaren Lithium-Akku mit einer Laufzeit von bis zu 4 Stunden und kann \u00fcber USB Typ-C zu Hause, im Auto oder mit einer Powerbank aufgeladen werden. Mit einem Ger\u00e4uschpegel von nur 45 dB ist es leise genug f\u00fcr den Einsatz im Schlaf und damit perfekt f\u00fcr Reisen, Erholung und die t\u00e4gliche Therapie.<\/p>\n<p><img decoding=\"async\" class=\"aligncenter size-large wp-image-36601\" src=\"https:\/\/broxtal.com\/wp-content\/uploads\/2025\/07\/portable-oxygen-generator-machine-3L-5-800x800.webp\" alt=\"\" width=\"800\" height=\"800\" srcset=\"https:\/\/broxtal.com\/wp-content\/uploads\/2025\/07\/portable-oxygen-generator-machine-3L-5-800x800.webp 800w, https:\/\/broxtal.com\/wp-content\/uploads\/2025\/07\/portable-oxygen-generator-machine-3L-5-300x300.webp 300w, https:\/\/broxtal.com\/wp-content\/uploads\/2025\/07\/portable-oxygen-generator-machine-3L-5-150x150.webp 150w, https:\/\/broxtal.com\/wp-content\/uploads\/2025\/07\/portable-oxygen-generator-machine-3L-5-768x768.webp 768w, https:\/\/broxtal.com\/wp-content\/uploads\/2025\/07\/portable-oxygen-generator-machine-3L-5-12x12.webp 12w, https:\/\/broxtal.com\/wp-content\/uploads\/2025\/07\/portable-oxygen-generator-machine-3L-5-60x60.webp 60w, https:\/\/broxtal.com\/wp-content\/uploads\/2025\/07\/portable-oxygen-generator-machine-3L-5-110x110.webp 110w, https:\/\/broxtal.com\/wp-content\/uploads\/2025\/07\/portable-oxygen-generator-machine-3L-5-600x600.webp 600w, https:\/\/broxtal.com\/wp-content\/uploads\/2025\/07\/portable-oxygen-generator-machine-3L-5-32x32.webp 32w, https:\/\/broxtal.com\/wp-content\/uploads\/2025\/07\/portable-oxygen-generator-machine-3L-5-64x64.webp 64w, https:\/\/broxtal.com\/wp-content\/uploads\/2025\/07\/portable-oxygen-generator-machine-3L-5.webp 1080w\" sizes=\"(max-width: 800px) 100vw, 800px\" \/><\/p>\n<h4 style=\"text-align: center;\">Einfache und saubere Sauerstoffausgabe<\/h4>\n<p style=\"text-align: center;\">Mit Blick auf den Benutzerkomfort entwickelt, ist dieses <strong>Tragbarer Sauerstoff-Generator Maschine 3L<\/strong> bietet ein nat\u00fcrliches Atemgef\u00fchl und filtert bis zu 95% PM2.5 und Bakterien. Sein Design f\u00f6rdert besseren Schlaf und allgemeinen Atemkomfort. Es wird kein Wasser ben\u00f6tigt, es gibt keine Nebenwirkungen und keine komplizierten Einstellungen - einfach einstecken, atmen und loslegen.<\/p>\n<p><img decoding=\"async\" class=\"aligncenter size-large wp-image-36596\" src=\"https:\/\/broxtal.com\/wp-content\/uploads\/2025\/07\/portable-oxygen-generator-machine-3L-7-800x800.webp\" alt=\"\" width=\"800\" height=\"800\" srcset=\"https:\/\/broxtal.com\/wp-content\/uploads\/2025\/07\/portable-oxygen-generator-machine-3L-7-800x800.webp 800w, https:\/\/broxtal.com\/wp-content\/uploads\/2025\/07\/portable-oxygen-generator-machine-3L-7-300x300.webp 300w, https:\/\/broxtal.com\/wp-content\/uploads\/2025\/07\/portable-oxygen-generator-machine-3L-7-150x150.webp 150w, https:\/\/broxtal.com\/wp-content\/uploads\/2025\/07\/portable-oxygen-generator-machine-3L-7-768x768.webp 768w, https:\/\/broxtal.com\/wp-content\/uploads\/2025\/07\/portable-oxygen-generator-machine-3L-7-12x12.webp 12w, https:\/\/broxtal.com\/wp-content\/uploads\/2025\/07\/portable-oxygen-generator-machine-3L-7-60x60.webp 60w, https:\/\/broxtal.com\/wp-content\/uploads\/2025\/07\/portable-oxygen-generator-machine-3L-7-110x110.webp 110w, https:\/\/broxtal.com\/wp-content\/uploads\/2025\/07\/portable-oxygen-generator-machine-3L-7-600x600.webp 600w, https:\/\/broxtal.com\/wp-content\/uploads\/2025\/07\/portable-oxygen-generator-machine-3L-7-32x32.webp 32w, https:\/\/broxtal.com\/wp-content\/uploads\/2025\/07\/portable-oxygen-generator-machine-3L-7-64x64.webp 64w, https:\/\/broxtal.com\/wp-content\/uploads\/2025\/07\/portable-oxygen-generator-machine-3L-7.webp 1080w\" sizes=\"(max-width: 800px) 100vw, 800px\" \/><\/p>\n<h3 style=\"text-align: center;\">Tabelle der Spezifikationen<\/h3>\n<table class=\"w-fit min-w-(--thread-content-width)\" data-start=\"98\" data-end=\"970\">\n<thead data-start=\"98\" data-end=\"165\">\n<tr data-start=\"98\" data-end=\"165\">\n<th data-start=\"98\" data-end=\"125\" data-col-size=\"sm\"><strong data-start=\"100\" data-end=\"111\">Merkmal<\/strong><\/th>\n<th data-start=\"125\" data-end=\"165\" data-col-size=\"sm\"><strong data-start=\"127\" data-end=\"138\">Einzelheiten<\/strong><\/th>\n<\/tr>\n<\/thead>\n<tbody data-start=\"234\" data-end=\"970\">\n<tr data-start=\"234\" data-end=\"300\">\n<td data-start=\"234\" data-end=\"260\" data-col-size=\"sm\">Produkttyp<\/td>\n<td data-start=\"260\" data-end=\"300\" data-col-size=\"sm\">Tragbarer Sauerstoff-Generator Maschine 3L<\/td>\n<\/tr>\n<tr data-start=\"301\" data-end=\"367\">\n<td data-start=\"301\" data-end=\"327\" data-col-size=\"sm\">Marke<\/td>\n<td data-col-size=\"sm\" data-start=\"327\" data-end=\"367\">LINMICS<\/td>\n<\/tr>\n<tr data-start=\"368\" data-end=\"434\">\n<td data-start=\"368\" data-end=\"394\" data-col-size=\"sm\">Abmessungen<\/td>\n<td data-col-size=\"sm\" data-start=\"394\" data-end=\"434\">Ultrakompakt, reisefertig<\/td>\n<\/tr>\n<tr data-start=\"435\" data-end=\"501\">\n<td data-start=\"435\" data-end=\"461\" data-col-size=\"sm\">Sauerstoff-Konzentration<\/td>\n<td data-start=\"461\" data-end=\"501\" data-col-size=\"sm\">30%<\/td>\n<\/tr>\n<tr data-start=\"502\" data-end=\"568\">\n<td data-start=\"502\" data-end=\"528\" data-col-size=\"sm\">Durchflussmenge<\/td>\n<td data-start=\"528\" data-end=\"568\" data-col-size=\"sm\">3L\/min<\/td>\n<\/tr>\n<tr data-start=\"569\" data-end=\"635\">\n<td data-start=\"569\" data-end=\"595\" data-col-size=\"sm\">L\u00e4rmpegel<\/td>\n<td data-start=\"595\" data-end=\"635\" data-col-size=\"sm\">45 dB<\/td>\n<\/tr>\n<tr data-start=\"636\" data-end=\"702\">\n<td data-start=\"636\" data-end=\"662\" data-col-size=\"sm\">Lebensdauer der Batterie<\/td>\n<td data-col-size=\"sm\" data-start=\"662\" data-end=\"702\">4 Stunden<\/td>\n<\/tr>\n<tr data-start=\"703\" data-end=\"769\">\n<td data-start=\"703\" data-end=\"729\" data-col-size=\"sm\">Ladeanschluss<\/td>\n<td data-col-size=\"sm\" data-start=\"729\" data-end=\"769\">USB Typ-C<\/td>\n<\/tr>\n<tr data-start=\"770\" data-end=\"836\">\n<td data-start=\"770\" data-end=\"796\" data-col-size=\"sm\">Aufladeverfahren<\/td>\n<td data-col-size=\"sm\" data-start=\"796\" data-end=\"836\">Wand, Auto, Powerbank<\/td>\n<\/tr>\n<tr data-start=\"837\" data-end=\"903\">\n<td data-start=\"837\" data-end=\"863\" data-col-size=\"sm\">Filtrierung<\/td>\n<td data-start=\"863\" data-end=\"903\" data-col-size=\"sm\">95% PM2.5 und Bakterienfilterung<\/td>\n<\/tr>\n<tr data-start=\"904\" data-end=\"970\">\n<td data-start=\"904\" data-end=\"930\" data-col-size=\"sm\">Geeignet f\u00fcr<\/td>\n<td data-col-size=\"sm\" data-start=\"930\" data-end=\"970\">Reisen, Schlafen, t\u00e4gliche Sauerstoffversorgung<\/td>\n<\/tr>\n<\/tbody>\n<\/table>\n<h3 style=\"text-align: center;\">Liste der Pakete<\/h3>\n<p style=\"text-align: center;\">\u2713 1 \u00d7 Tragbares Sauerstoffkonzentrationsger\u00e4t<br \/>\n\u2713 1 \u00d7 Herausnehmbare Lithium-Batterie<br \/>\n\u2713 1 \u00d7 Typ-C-Ladekabel<br \/>\n\u2713 1 \u00d7 Auto-Ladekabel<br \/>\n\u2713 1 \u00d7 Tragetasche<br \/>\n\u2713 1 \u00d7 Sauerstoffschl\u00e4uche<\/p>\n<p><img loading=\"lazy\" decoding=\"async\" class=\"aligncenter size-large wp-image-36600\" src=\"https:\/\/broxtal.com\/wp-content\/uploads\/2025\/07\/portable-oxygen-generator-machine-3L-4-800x800.webp\" alt=\"\" width=\"800\" height=\"800\" srcset=\"https:\/\/broxtal.com\/wp-content\/uploads\/2025\/07\/portable-oxygen-generator-machine-3L-4-800x800.webp 800w, https:\/\/broxtal.com\/wp-content\/uploads\/2025\/07\/portable-oxygen-generator-machine-3L-4-300x300.webp 300w, https:\/\/broxtal.com\/wp-content\/uploads\/2025\/07\/portable-oxygen-generator-machine-3L-4-150x150.webp 150w, https:\/\/broxtal.com\/wp-content\/uploads\/2025\/07\/portable-oxygen-generator-machine-3L-4-768x768.webp 768w, https:\/\/broxtal.com\/wp-content\/uploads\/2025\/07\/portable-oxygen-generator-machine-3L-4-12x12.webp 12w, https:\/\/broxtal.com\/wp-content\/uploads\/2025\/07\/portable-oxygen-generator-machine-3L-4-60x60.webp 60w, https:\/\/broxtal.com\/wp-content\/uploads\/2025\/07\/portable-oxygen-generator-machine-3L-4-110x110.webp 110w, https:\/\/broxtal.com\/wp-content\/uploads\/2025\/07\/portable-oxygen-generator-machine-3L-4-600x600.webp 600w, https:\/\/broxtal.com\/wp-content\/uploads\/2025\/07\/portable-oxygen-generator-machine-3L-4-32x32.webp 32w, https:\/\/broxtal.com\/wp-content\/uploads\/2025\/07\/portable-oxygen-generator-machine-3L-4-64x64.webp 64w, https:\/\/broxtal.com\/wp-content\/uploads\/2025\/07\/portable-oxygen-generator-machine-3L-4.webp 1080w\" sizes=\"(max-width: 800px) 100vw, 800px\" \/><img loading=\"lazy\" decoding=\"async\" class=\"aligncenter size-large wp-image-36597\" src=\"https:\/\/broxtal.com\/wp-content\/uploads\/2025\/07\/portable-oxygen-generator-machine-3L-1-800x800.webp\" alt=\"\" width=\"800\" height=\"800\" srcset=\"https:\/\/broxtal.com\/wp-content\/uploads\/2025\/07\/portable-oxygen-generator-machine-3L-1-800x800.webp 800w, https:\/\/broxtal.com\/wp-content\/uploads\/2025\/07\/portable-oxygen-generator-machine-3L-1-300x300.webp 300w, https:\/\/broxtal.com\/wp-content\/uploads\/2025\/07\/portable-oxygen-generator-machine-3L-1-150x150.webp 150w, https:\/\/broxtal.com\/wp-content\/uploads\/2025\/07\/portable-oxygen-generator-machine-3L-1-768x768.webp 768w, https:\/\/broxtal.com\/wp-content\/uploads\/2025\/07\/portable-oxygen-generator-machine-3L-1-12x12.webp 12w, https:\/\/broxtal.com\/wp-content\/uploads\/2025\/07\/portable-oxygen-generator-machine-3L-1-60x60.webp 60w, https:\/\/broxtal.com\/wp-content\/uploads\/2025\/07\/portable-oxygen-generator-machine-3L-1-110x110.webp 110w, https:\/\/broxtal.com\/wp-content\/uploads\/2025\/07\/portable-oxygen-generator-machine-3L-1-600x600.webp 600w, https:\/\/broxtal.com\/wp-content\/uploads\/2025\/07\/portable-oxygen-generator-machine-3L-1-32x32.webp 32w, https:\/\/broxtal.com\/wp-content\/uploads\/2025\/07\/portable-oxygen-generator-machine-3L-1-64x64.webp 64w, https:\/\/broxtal.com\/wp-content\/uploads\/2025\/07\/portable-oxygen-generator-machine-3L-1.webp 1080w\" sizes=\"(max-width: 800px) 100vw, 800px\" \/><img loading=\"lazy\" decoding=\"async\" class=\"aligncenter size-large wp-image-36599\" src=\"https:\/\/broxtal.com\/wp-content\/uploads\/2025\/07\/portable-oxygen-generator-machine-3L-3-800x800.webp\" alt=\"\" width=\"800\" height=\"800\" srcset=\"https:\/\/broxtal.com\/wp-content\/uploads\/2025\/07\/portable-oxygen-generator-machine-3L-3-800x800.webp 800w, https:\/\/broxtal.com\/wp-content\/uploads\/2025\/07\/portable-oxygen-generator-machine-3L-3-300x300.webp 300w, https:\/\/broxtal.com\/wp-content\/uploads\/2025\/07\/portable-oxygen-generator-machine-3L-3-150x150.webp 150w, https:\/\/broxtal.com\/wp-content\/uploads\/2025\/07\/portable-oxygen-generator-machine-3L-3-768x768.webp 768w, https:\/\/broxtal.com\/wp-content\/uploads\/2025\/07\/portable-oxygen-generator-machine-3L-3-12x12.webp 12w, https:\/\/broxtal.com\/wp-content\/uploads\/2025\/07\/portable-oxygen-generator-machine-3L-3-60x60.webp 60w, https:\/\/broxtal.com\/wp-content\/uploads\/2025\/07\/portable-oxygen-generator-machine-3L-3-110x110.webp 110w, https:\/\/broxtal.com\/wp-content\/uploads\/2025\/07\/portable-oxygen-generator-machine-3L-3-600x600.webp 600w, https:\/\/broxtal.com\/wp-content\/uploads\/2025\/07\/portable-oxygen-generator-machine-3L-3-32x32.webp 32w, https:\/\/broxtal.com\/wp-content\/uploads\/2025\/07\/portable-oxygen-generator-machine-3L-3-64x64.webp 64w, https:\/\/broxtal.com\/wp-content\/uploads\/2025\/07\/portable-oxygen-generator-machine-3L-3.webp 1080w\" sizes=\"(max-width: 800px) 100vw, 800px\" \/><img loading=\"lazy\" decoding=\"async\" class=\"aligncenter size-large wp-image-36598\" src=\"https:\/\/broxtal.com\/wp-content\/uploads\/2025\/07\/portable-oxygen-generator-machine-3L-2-800x800.webp\" alt=\"\" width=\"800\" height=\"800\" srcset=\"https:\/\/broxtal.com\/wp-content\/uploads\/2025\/07\/portable-oxygen-generator-machine-3L-2-800x800.webp 800w, https:\/\/broxtal.com\/wp-content\/uploads\/2025\/07\/portable-oxygen-generator-machine-3L-2-300x300.webp 300w, https:\/\/broxtal.com\/wp-content\/uploads\/2025\/07\/portable-oxygen-generator-machine-3L-2-150x150.webp 150w, https:\/\/broxtal.com\/wp-content\/uploads\/2025\/07\/portable-oxygen-generator-machine-3L-2-768x768.webp 768w, https:\/\/broxtal.com\/wp-content\/uploads\/2025\/07\/portable-oxygen-generator-machine-3L-2-12x12.webp 12w, https:\/\/broxtal.com\/wp-content\/uploads\/2025\/07\/portable-oxygen-generator-machine-3L-2-60x60.webp 60w, https:\/\/broxtal.com\/wp-content\/uploads\/2025\/07\/portable-oxygen-generator-machine-3L-2-110x110.webp 110w, https:\/\/broxtal.com\/wp-content\/uploads\/2025\/07\/portable-oxygen-generator-machine-3L-2-600x600.webp 600w, https:\/\/broxtal.com\/wp-content\/uploads\/2025\/07\/portable-oxygen-generator-machine-3L-2-32x32.webp 32w, https:\/\/broxtal.com\/wp-content\/uploads\/2025\/07\/portable-oxygen-generator-machine-3L-2.webp 1080w\" sizes=\"(max-width: 800px) 100vw, 800px\" \/><\/p>","protected":false},"excerpt":{"rendered":"<p>\ud83c\udf2c\ufe0f 30% Sauerstoffreinheit mit gleichm\u00e4\u00dfigem 3L\/min Pulsfluss<br \/>\n\ud83d\udd0b Herausnehmbarer Akku mit bis zu 4 Stunden Laufzeit<br \/>\n\ud83e\uddfc 95%-Filterung f\u00fcr Bakterien und PM2,5-Partikel<\/p>","protected":false},"featured_media":36600,"comment_status":"open","ping_status":"closed","template":"","meta":[],"product_brand":[],"product_cat":[286,1761,1818,1820,1719],"product_tag":[],"class_list":{"0":"post-36590","1":"product","2":"type-product","3":"status-publish","4":"has-post-thumbnail","6":"product_cat-health-wellness","7":"product_cat-oxygen-concentrators","8":"product_cat-portable-oxygen-machine","9":"product_cat-pulse-flow","10":"product_cat-respiratory-care-oxygen-therapy","12":"first","13":"outofstock","14":"sale","15":"shipping-taxable","16":"purchasable","17":"product-type-simple"},"_links":{"self":[{"href":"https:\/\/broxtal.com\/de\/wp-json\/wp\/v2\/product\/36590","targetHints":{"allow":["GET"]}}],"collection":[{"href":"https:\/\/broxtal.com\/de\/wp-json\/wp\/v2\/product"}],"about":[{"href":"https:\/\/broxtal.com\/de\/wp-json\/wp\/v2\/types\/product"}],"replies":[{"embeddable":true,"href":"https:\/\/broxtal.com\/de\/wp-json\/wp\/v2\/comments?post=36590"}],"version-history":[{"count":2,"href":"https:\/\/broxtal.com\/de\/wp-json\/wp\/v2\/product\/36590\/revisions"}],"predecessor-version":[{"id":36605,"href":"https:\/\/broxtal.com\/de\/wp-json\/wp\/v2\/product\/36590\/revisions\/36605"}],"wp:featuredmedia":[{"embeddable":true,"href":"https:\/\/broxtal.com\/de\/wp-json\/wp\/v2\/media\/36600"}],"wp:attachment":[{"href":"https:\/\/broxtal.com\/de\/wp-json\/wp\/v2\/media?parent=36590"}],"wp:term":[{"taxonomy":"product_brand","embeddable":true,"href":"https:\/\/broxtal.com\/de\/wp-json\/wp\/v2\/product_brand?post=36590"},{"taxonomy":"product_cat","embeddable":true,"href":"https:\/\/broxtal.com\/de\/wp-json\/wp\/v2\/product_cat?post=36590"},{"taxonomy":"product_tag","embeddable":true,"href":"https:\/\/broxtal.com\/de\/wp-json\/wp\/v2\/product_tag?post=36590"}],"curies":[{"name":"wp","href":"https:\/\/api.w.org\/{rel}","templated":true}]}}