{"id":38144,"date":"2025-09-02T22:59:22","date_gmt":"2025-09-02T21:59:22","guid":{"rendered":"https:\/\/broxtal.com\/?post_type=product&#038;p=38144"},"modified":"2025-09-22T10:55:39","modified_gmt":"2025-09-22T09:55:39","slug":"home-oxygen-concentrator-with-nebulizer","status":"publish","type":"product","link":"https:\/\/broxtal.com\/de\/produkt\/home-oxygen-concentrator-with-nebulizer\/","title":{"rendered":"Heim-Sauerstoffkonzentrator mit Vernebler"},"content":{"rendered":"<h1 class=\"p1\" style=\"text-align: center;\"><span style=\"color: #0000ff;\"><b>T\u00e4glich besser atmen mit <\/b><b style=\"font-size: 28px; text-align: center;\">CE-zertifizierter Heim-Sauerstoffkonzentrator mit Vernebler<\/b><\/span><\/h1>\n<h2 style=\"text-align: center;\"><span style=\"color: #3366ff;\"><b>Einstellbarer Impulsfluss 1-8L oder 2-9L, 93% High Purity, integrierter Zerst\u00e4uber &amp; Smart Touch Control <\/b><b>Damit Sie jeden Tag gesund sind<\/b><\/span><\/h2>\n<h2 style=\"text-align: center;\"><img fetchpriority=\"high\" decoding=\"async\" class=\"aligncenter size-large wp-image-38150\" src=\"https:\/\/broxtal.com\/wp-content\/uploads\/2025\/09\/3-2-800x800.webp\" alt=\"\" width=\"800\" height=\"800\" srcset=\"https:\/\/broxtal.com\/wp-content\/uploads\/2025\/09\/3-2-800x800.webp 800w, https:\/\/broxtal.com\/wp-content\/uploads\/2025\/09\/3-2-300x300.webp 300w, https:\/\/broxtal.com\/wp-content\/uploads\/2025\/09\/3-2-150x150.webp 150w, https:\/\/broxtal.com\/wp-content\/uploads\/2025\/09\/3-2-768x768.webp 768w, https:\/\/broxtal.com\/wp-content\/uploads\/2025\/09\/3-2-1536x1536.webp 1536w, https:\/\/broxtal.com\/wp-content\/uploads\/2025\/09\/3-2-12x12.webp 12w, https:\/\/broxtal.com\/wp-content\/uploads\/2025\/09\/3-2-1200x1200.webp 1200w, https:\/\/broxtal.com\/wp-content\/uploads\/2025\/09\/3-2-60x60.webp 60w, https:\/\/broxtal.com\/wp-content\/uploads\/2025\/09\/3-2-110x110.webp 110w, https:\/\/broxtal.com\/wp-content\/uploads\/2025\/09\/3-2-600x600.webp 600w, https:\/\/broxtal.com\/wp-content\/uploads\/2025\/09\/3-2-32x32.webp 32w, https:\/\/broxtal.com\/wp-content\/uploads\/2025\/09\/3-2.webp 1600w\" sizes=\"(max-width: 800px) 100vw, 800px\" \/><\/h2>\n<h2 style=\"text-align: center;\"><span style=\"color: #000000;\"><b>Zuverl\u00e4ssige Sauerstofftherapie f\u00fcr zu Hause und unterwegs<\/b><\/span><\/h2>\n<p class=\"p3\" style=\"text-align: center;\"><span style=\"color: #000000;\">Die<span class=\"s2\"><b>\u00a0Heim-Sauerstoffkonzentrator mit Vernebler<\/b><\/span> (<strong>1-8L oder <\/strong><span class=\"s2\"><b>2-9L) <\/b><\/span>bietet bis zu <span class=\"s2\"><b>93% \u00b13% Sauerstoffreinheit<\/b><\/span> mit einstellbaren Durchflussraten f\u00fcr unterschiedliche Anforderungen. Der integrierte Vernebler, das 8-stufige Filtersystem und das intelligente Touchscreen-Design machen das Ger\u00e4t ideal f\u00fcr den t\u00e4glichen Gebrauch zu Hause oder auf Reisen.<\/span><\/p>\n<p class=\"p1\" style=\"text-align: center;\"><img decoding=\"async\" class=\"aligncenter size-large wp-image-38148\" src=\"https:\/\/broxtal.com\/wp-content\/uploads\/2025\/09\/1-2-800x800.webp\" alt=\"\" width=\"800\" height=\"800\" srcset=\"https:\/\/broxtal.com\/wp-content\/uploads\/2025\/09\/1-2-800x800.webp 800w, https:\/\/broxtal.com\/wp-content\/uploads\/2025\/09\/1-2-300x300.webp 300w, https:\/\/broxtal.com\/wp-content\/uploads\/2025\/09\/1-2-150x150.webp 150w, https:\/\/broxtal.com\/wp-content\/uploads\/2025\/09\/1-2-768x768.webp 768w, https:\/\/broxtal.com\/wp-content\/uploads\/2025\/09\/1-2-1536x1536.webp 1536w, https:\/\/broxtal.com\/wp-content\/uploads\/2025\/09\/1-2-12x12.webp 12w, https:\/\/broxtal.com\/wp-content\/uploads\/2025\/09\/1-2-1200x1200.webp 1200w, https:\/\/broxtal.com\/wp-content\/uploads\/2025\/09\/1-2-60x60.webp 60w, https:\/\/broxtal.com\/wp-content\/uploads\/2025\/09\/1-2-110x110.webp 110w, https:\/\/broxtal.com\/wp-content\/uploads\/2025\/09\/1-2-600x600.webp 600w, https:\/\/broxtal.com\/wp-content\/uploads\/2025\/09\/1-2-32x32.webp 32w, https:\/\/broxtal.com\/wp-content\/uploads\/2025\/09\/1-2.webp 1600w\" sizes=\"(max-width: 800px) 100vw, 800px\" \/><\/p>\n<h2 style=\"text-align: center;\"><span style=\"color: #000000;\"><b>Warum diesen Sauerstoffkonzentrator w\u00e4hlen?<\/b><\/span><\/h2>\n<p class=\"p1\" style=\"text-align: center;\"><span style=\"color: #000000;\">\ud83c\udf2c\ufe0f <span class=\"s1\"><b>Einstellbare Durchflussmenge:<\/b><\/span> 1-8L \/ 2-9L f\u00fcr die personalisierte Therapie<\/span><\/p>\n<p class=\"p1\" style=\"text-align: center;\"><span style=\"color: #000000;\">\ud83d\udca8 <span class=\"s1\"><b>Hochreiner Sauerstoff:<\/b><\/span> Konsistente 93% \u00b13% Konzentration<\/span><\/p>\n<p class=\"p1\" style=\"text-align: center;\"><span style=\"color: #000000;\">\ud83d\udca7 <span class=\"s1\"><b>Vernebler Funktion:<\/b><\/span> Unterst\u00fctzt Behandlungen der Atemwege<\/span><\/p>\n<p class=\"p1\" style=\"text-align: center;\"><span style=\"color: #000000;\">\ud83e\uddfc <span class=\"s1\"><b>8 Filtersysteme:<\/b><\/span> Sorgt f\u00fcr sauberen und sicheren Sauerstoff<\/span><\/p>\n<p class=\"p1\" style=\"text-align: center;\"><span style=\"color: #000000;\">\ud83d\udd07 <span class=\"s1\"><b>Leiser Betrieb:<\/b><\/span> Pr\u00e4zisionskompressor mit geringem Ger\u00e4uschpegel<\/span><\/p>\n<p class=\"p1\" style=\"text-align: center;\"><span style=\"color: #000000;\">\ud83d\udcf1 <span class=\"s1\"><b>Intelligenter Touchscreen:<\/b><\/span> Ein-Knopf-Steuerung + Fernbedienung<\/span><\/p>\n<p class=\"p1\" style=\"text-align: center;\"><span style=\"color: #000000;\">\ud83d\udde3\ufe0f <span class=\"s1\"><b>Sprach\u00fcbertragung:<\/b><\/span> Einfache Handhabung f\u00fcr Senioren und Patienten<\/span><\/p>\n<p style=\"text-align: center;\"><img decoding=\"async\" class=\"aligncenter size-large wp-image-38149\" src=\"https:\/\/broxtal.com\/wp-content\/uploads\/2025\/09\/2-2-800x800.webp\" alt=\"\" width=\"800\" height=\"800\" srcset=\"https:\/\/broxtal.com\/wp-content\/uploads\/2025\/09\/2-2-800x800.webp 800w, https:\/\/broxtal.com\/wp-content\/uploads\/2025\/09\/2-2-300x300.webp 300w, https:\/\/broxtal.com\/wp-content\/uploads\/2025\/09\/2-2-150x150.webp 150w, https:\/\/broxtal.com\/wp-content\/uploads\/2025\/09\/2-2-768x768.webp 768w, https:\/\/broxtal.com\/wp-content\/uploads\/2025\/09\/2-2-1536x1536.webp 1536w, https:\/\/broxtal.com\/wp-content\/uploads\/2025\/09\/2-2-12x12.webp 12w, https:\/\/broxtal.com\/wp-content\/uploads\/2025\/09\/2-2-1200x1200.webp 1200w, https:\/\/broxtal.com\/wp-content\/uploads\/2025\/09\/2-2-60x60.webp 60w, https:\/\/broxtal.com\/wp-content\/uploads\/2025\/09\/2-2-110x110.webp 110w, https:\/\/broxtal.com\/wp-content\/uploads\/2025\/09\/2-2-600x600.webp 600w, https:\/\/broxtal.com\/wp-content\/uploads\/2025\/09\/2-2-32x32.webp 32w, https:\/\/broxtal.com\/wp-content\/uploads\/2025\/09\/2-2.webp 1600w\" sizes=\"(max-width: 800px) 100vw, 800px\" \/><\/p>\n<p class=\"p1\" style=\"text-align: center;\"><span style=\"color: #000000;\">Die <span class=\"s1\"><b>Heim-Sauerstoffkonzentrator mit Vernebler<\/b><\/span> ist f\u00fcr die t\u00e4gliche Atemunterst\u00fctzung konzipiert. Es eignet sich f\u00fcr Senioren, Menschen mit Atembeschwerden, Studenten, Berufst\u00e4tige und werdende M\u00fctter und sorgt f\u00fcr Komfort, Entspannung und besseres Wohlbefinden zu Hause oder auf Reisen.<\/span><\/p>\n<p><img loading=\"lazy\" decoding=\"async\" class=\"aligncenter size-large wp-image-38153\" src=\"https:\/\/broxtal.com\/wp-content\/uploads\/2025\/09\/5-2-800x800.webp\" alt=\"\" width=\"800\" height=\"800\" srcset=\"https:\/\/broxtal.com\/wp-content\/uploads\/2025\/09\/5-2-800x800.webp 800w, https:\/\/broxtal.com\/wp-content\/uploads\/2025\/09\/5-2-300x300.webp 300w, https:\/\/broxtal.com\/wp-content\/uploads\/2025\/09\/5-2-150x150.webp 150w, https:\/\/broxtal.com\/wp-content\/uploads\/2025\/09\/5-2-768x768.webp 768w, https:\/\/broxtal.com\/wp-content\/uploads\/2025\/09\/5-2-1536x1536.webp 1536w, https:\/\/broxtal.com\/wp-content\/uploads\/2025\/09\/5-2-12x12.webp 12w, https:\/\/broxtal.com\/wp-content\/uploads\/2025\/09\/5-2-1200x1200.webp 1200w, https:\/\/broxtal.com\/wp-content\/uploads\/2025\/09\/5-2-60x60.webp 60w, https:\/\/broxtal.com\/wp-content\/uploads\/2025\/09\/5-2-110x110.webp 110w, https:\/\/broxtal.com\/wp-content\/uploads\/2025\/09\/5-2-600x600.webp 600w, https:\/\/broxtal.com\/wp-content\/uploads\/2025\/09\/5-2-32x32.webp 32w, https:\/\/broxtal.com\/wp-content\/uploads\/2025\/09\/5-2.webp 1600w\" sizes=\"(max-width: 800px) 100vw, 800px\" \/><\/p>\n<h2 style=\"text-align: left;\"><span style=\"color: #000000;\"><b>Spezifikationen<\/b><\/span><\/h2>\n<ul style=\"text-align: center;\">\n<li class=\"p1\" style=\"text-align: left;\"><span class=\"s1\"><b>Modell<\/b><\/span>: ZY-01 \/ ZY-02<\/li>\n<li class=\"p1\" style=\"text-align: left;\"><span class=\"s1\"><b>Marke<\/b><\/span>: Ziqing<\/li>\n<li class=\"p1\" style=\"text-align: left;\"><span class=\"s1\"><b>Herkunft<\/b><\/span>: China<\/li>\n<li class=\"p1\" style=\"text-align: left;\"><span class=\"s1\"><b>Sauerstoff-Durchflussrate<\/b><\/span>: 1-8L \/ 2-9L einstellbar<\/li>\n<li class=\"p1\" style=\"text-align: left;\"><b>Sauerstoff-Konzentration<\/b><span class=\"s1\">: 93% \u00b1 3%<\/span><\/li>\n<li class=\"p1\" style=\"text-align: left;\"><span class=\"s1\"><b>Hochkonzentrationsmodus<\/b><\/span>: 1-2L liefert bis zu 93% Reinheit<\/li>\n<li class=\"p1\" style=\"text-align: left;\"><span class=\"s1\"><b>Leistung Spannung<\/b><\/span>: AC 110V \/ 220V<\/li>\n<li class=\"p1\" style=\"text-align: left;\"><b>Stromverbrauch<\/b><span class=\"s1\">: 160W<\/span><\/li>\n<li class=\"p1\" style=\"text-align: left;\"><span class=\"s1\"><b>L\u00e4rmpegel<\/b><\/span>: Ger\u00e4uscharmer Pr\u00e4zisionskompressor<\/li>\n<li class=\"p1\" style=\"text-align: left;\"><span class=\"s1\"><b>Filtrierung<\/b><\/span>8-Schicht-System f\u00fcr sauberen Sauerstoff<\/li>\n<li class=\"p1\" style=\"text-align: left;\"><span class=\"s1\"><b>Gewicht<\/b><\/span>7-8 kg (Paket)<\/li>\n<li class=\"p1\" style=\"text-align: left;\"><b>Zertifizierung<\/b><span class=\"s1\">: CE-gepr\u00fcft<\/span><\/li>\n<\/ul>\n<h2><\/h2>\n<h2><span style=\"color: #000000;\"><b>Das Paket enth\u00e4lt<\/b><\/span><\/h2>\n<ul>\n<li><span style=\"color: #000000;\">1 \u00d7 Sauerstoff-Konzentrator<\/span><\/li>\n<li><span style=\"color: #000000;\">1 \u00d7 Sauerstoff-Nasentube<\/span><\/li>\n<li><span style=\"color: #000000;\">2 \u00d7 Zerst\u00e4uber-Masken<\/span><\/li>\n<li><span style=\"color: #000000;\">1 \u00d7 Zerst\u00e4uber-Mundst\u00fcck<\/span><\/li>\n<li><span style=\"color: #000000;\">1 \u00d7 Zerst\u00e4ubungsbecher<\/span><\/li>\n<li><span style=\"color: #000000;\">2 \u00d7 Seil<\/span><\/li>\n<li><span style=\"color: #000000;\">1 \u00d7 Netzkabel (US\/EU\/AU\/UK-Stecker)<\/span><\/li>\n<li><span style=\"color: #000000;\">1 \u00d7 Fernbedienung<\/span><\/li>\n<li><span style=\"color: #000000;\">1 \u00d7 Benutzerhandbuch<\/span><\/li>\n<\/ul>\n<p style=\"text-align: center;\"><img loading=\"lazy\" decoding=\"async\" class=\"aligncenter size-large wp-image-38151\" src=\"https:\/\/broxtal.com\/wp-content\/uploads\/2025\/09\/4-2-800x800.webp\" alt=\"\" width=\"800\" height=\"800\" srcset=\"https:\/\/broxtal.com\/wp-content\/uploads\/2025\/09\/4-2-800x800.webp 800w, https:\/\/broxtal.com\/wp-content\/uploads\/2025\/09\/4-2-300x300.webp 300w, https:\/\/broxtal.com\/wp-content\/uploads\/2025\/09\/4-2-150x150.webp 150w, https:\/\/broxtal.com\/wp-content\/uploads\/2025\/09\/4-2-768x768.webp 768w, https:\/\/broxtal.com\/wp-content\/uploads\/2025\/09\/4-2-1536x1536.webp 1536w, https:\/\/broxtal.com\/wp-content\/uploads\/2025\/09\/4-2-12x12.webp 12w, https:\/\/broxtal.com\/wp-content\/uploads\/2025\/09\/4-2-1200x1200.webp 1200w, https:\/\/broxtal.com\/wp-content\/uploads\/2025\/09\/4-2-60x60.webp 60w, https:\/\/broxtal.com\/wp-content\/uploads\/2025\/09\/4-2-110x110.webp 110w, https:\/\/broxtal.com\/wp-content\/uploads\/2025\/09\/4-2-600x600.webp 600w, https:\/\/broxtal.com\/wp-content\/uploads\/2025\/09\/4-2-32x32.webp 32w, https:\/\/broxtal.com\/wp-content\/uploads\/2025\/09\/4-2-64x64.webp 64w, https:\/\/broxtal.com\/wp-content\/uploads\/2025\/09\/4-2.webp 1600w\" sizes=\"(max-width: 800px) 100vw, 800px\" \/><\/p>\n<p>&nbsp;<\/p>\n<p style=\"text-align: center;\"><img loading=\"lazy\" decoding=\"async\" class=\"aligncenter size-large wp-image-38155\" src=\"https:\/\/broxtal.com\/wp-content\/uploads\/2025\/09\/6-2-800x800.webp\" alt=\"\" width=\"800\" height=\"800\" srcset=\"https:\/\/broxtal.com\/wp-content\/uploads\/2025\/09\/6-2-800x800.webp 800w, https:\/\/broxtal.com\/wp-content\/uploads\/2025\/09\/6-2-300x300.webp 300w, https:\/\/broxtal.com\/wp-content\/uploads\/2025\/09\/6-2-150x150.webp 150w, https:\/\/broxtal.com\/wp-content\/uploads\/2025\/09\/6-2-768x768.webp 768w, https:\/\/broxtal.com\/wp-content\/uploads\/2025\/09\/6-2-1536x1536.webp 1536w, https:\/\/broxtal.com\/wp-content\/uploads\/2025\/09\/6-2-12x12.webp 12w, https:\/\/broxtal.com\/wp-content\/uploads\/2025\/09\/6-2-1200x1200.webp 1200w, https:\/\/broxtal.com\/wp-content\/uploads\/2025\/09\/6-2-60x60.webp 60w, https:\/\/broxtal.com\/wp-content\/uploads\/2025\/09\/6-2-110x110.webp 110w, https:\/\/broxtal.com\/wp-content\/uploads\/2025\/09\/6-2-600x600.webp 600w, https:\/\/broxtal.com\/wp-content\/uploads\/2025\/09\/6-2-32x32.webp 32w, https:\/\/broxtal.com\/wp-content\/uploads\/2025\/09\/6-2-64x64.webp 64w, https:\/\/broxtal.com\/wp-content\/uploads\/2025\/09\/6-2.webp 1600w\" sizes=\"(max-width: 800px) 100vw, 800px\" \/><\/p>\n<p style=\"text-align: center;\"><img loading=\"lazy\" decoding=\"async\" class=\"aligncenter size-large wp-image-38154\" src=\"https:\/\/broxtal.com\/wp-content\/uploads\/2025\/09\/5-800x800.webp\" alt=\"\" width=\"800\" height=\"800\" srcset=\"https:\/\/broxtal.com\/wp-content\/uploads\/2025\/09\/5-800x800.webp 800w, https:\/\/broxtal.com\/wp-content\/uploads\/2025\/09\/5-300x300.webp 300w, https:\/\/broxtal.com\/wp-content\/uploads\/2025\/09\/5-150x150.webp 150w, https:\/\/broxtal.com\/wp-content\/uploads\/2025\/09\/5-768x768.webp 768w, https:\/\/broxtal.com\/wp-content\/uploads\/2025\/09\/5-1536x1536.webp 1536w, https:\/\/broxtal.com\/wp-content\/uploads\/2025\/09\/5-12x12.webp 12w, https:\/\/broxtal.com\/wp-content\/uploads\/2025\/09\/5-1200x1200.webp 1200w, https:\/\/broxtal.com\/wp-content\/uploads\/2025\/09\/5-60x60.webp 60w, https:\/\/broxtal.com\/wp-content\/uploads\/2025\/09\/5-110x110.webp 110w, https:\/\/broxtal.com\/wp-content\/uploads\/2025\/09\/5-600x600.webp 600w, https:\/\/broxtal.com\/wp-content\/uploads\/2025\/09\/5-32x32.webp 32w, https:\/\/broxtal.com\/wp-content\/uploads\/2025\/09\/5.webp 1600w\" sizes=\"(max-width: 800px) 100vw, 800px\" \/><img loading=\"lazy\" decoding=\"async\" class=\"aligncenter size-large wp-image-38158\" src=\"https:\/\/broxtal.com\/wp-content\/uploads\/2025\/09\/2-1-800x800.webp\" alt=\"\" width=\"800\" height=\"800\" srcset=\"https:\/\/broxtal.com\/wp-content\/uploads\/2025\/09\/2-1-800x800.webp 800w, https:\/\/broxtal.com\/wp-content\/uploads\/2025\/09\/2-1-300x300.webp 300w, https:\/\/broxtal.com\/wp-content\/uploads\/2025\/09\/2-1-150x150.webp 150w, https:\/\/broxtal.com\/wp-content\/uploads\/2025\/09\/2-1-768x768.webp 768w, https:\/\/broxtal.com\/wp-content\/uploads\/2025\/09\/2-1-12x12.webp 12w, https:\/\/broxtal.com\/wp-content\/uploads\/2025\/09\/2-1-60x60.webp 60w, https:\/\/broxtal.com\/wp-content\/uploads\/2025\/09\/2-1-110x110.webp 110w, https:\/\/broxtal.com\/wp-content\/uploads\/2025\/09\/2-1-600x600.webp 600w, https:\/\/broxtal.com\/wp-content\/uploads\/2025\/09\/2-1-32x32.webp 32w, https:\/\/broxtal.com\/wp-content\/uploads\/2025\/09\/2-1.webp 1080w\" sizes=\"(max-width: 800px) 100vw, 800px\" \/> <img loading=\"lazy\" decoding=\"async\" class=\"aligncenter size-large wp-image-38152\" src=\"https:\/\/broxtal.com\/wp-content\/uploads\/2025\/09\/4-800x800.webp\" alt=\"\" width=\"800\" height=\"800\" srcset=\"https:\/\/broxtal.com\/wp-content\/uploads\/2025\/09\/4-800x800.webp 800w, https:\/\/broxtal.com\/wp-content\/uploads\/2025\/09\/4-300x300.webp 300w, https:\/\/broxtal.com\/wp-content\/uploads\/2025\/09\/4-150x150.webp 150w, https:\/\/broxtal.com\/wp-content\/uploads\/2025\/09\/4-768x768.webp 768w, https:\/\/broxtal.com\/wp-content\/uploads\/2025\/09\/4-1536x1536.webp 1536w, https:\/\/broxtal.com\/wp-content\/uploads\/2025\/09\/4-12x12.webp 12w, https:\/\/broxtal.com\/wp-content\/uploads\/2025\/09\/4-1200x1200.webp 1200w, https:\/\/broxtal.com\/wp-content\/uploads\/2025\/09\/4-60x60.webp 60w, https:\/\/broxtal.com\/wp-content\/uploads\/2025\/09\/4-110x110.webp 110w, https:\/\/broxtal.com\/wp-content\/uploads\/2025\/09\/4-600x600.webp 600w, https:\/\/broxtal.com\/wp-content\/uploads\/2025\/09\/4-32x32.webp 32w, https:\/\/broxtal.com\/wp-content\/uploads\/2025\/09\/4-64x64.webp 64w, https:\/\/broxtal.com\/wp-content\/uploads\/2025\/09\/4.webp 1600w\" sizes=\"(max-width: 800px) 100vw, 800px\" \/><\/p>","protected":false},"excerpt":{"rendered":"<p class=\"p1\"><span style=\"color: #000000;\"><span class=\"s1\">\ud83c\udf2c\ufe0f <strong>1-8L oder <\/strong><\/span><strong>2-9L Durchfluss, 93% Reinheit<\/strong><b><\/b><\/span><\/p>\n<p class=\"p1\"><span style=\"color: #000000;\"><span class=\"s1\">\ud83d\udd07 <\/span><b>Leise und zuverl\u00e4ssig<\/b><b><\/b><\/span><\/p>\n<p class=\"p1\"><span style=\"color: #000000;\"><span class=\"s1\">\ud83d\udca1 <\/span><b>Steuerung auf Knopfdruck<\/b><b><\/b><\/span><\/p>\n<p class=\"p1\"><span style=\"color: #000000;\"><span class=\"s1\">\u2705 <\/span><b>Kein Rezept erforderlich<\/b><\/span><\/p>\n<p>&nbsp;<\/p>\n<p>&nbsp;<\/p>","protected":false},"featured_media":38159,"comment_status":"open","ping_status":"closed","template":"","meta":[],"product_brand":[],"product_cat":[286,1819,1761,1820,1719],"product_tag":[],"class_list":{"0":"post-38144","1":"product","2":"type-product","3":"status-publish","4":"has-post-thumbnail","6":"product_cat-health-wellness","7":"product_cat-home-oxygen-machine","8":"product_cat-oxygen-concentrators","9":"product_cat-pulse-flow","10":"product_cat-respiratory-care-oxygen-therapy","12":"first","13":"instock","14":"sale","15":"shipping-taxable","16":"purchasable","17":"product-type-variable"},"_links":{"self":[{"href":"https:\/\/broxtal.com\/de\/wp-json\/wp\/v2\/product\/38144","targetHints":{"allow":["GET"]}}],"collection":[{"href":"https:\/\/broxtal.com\/de\/wp-json\/wp\/v2\/product"}],"about":[{"href":"https:\/\/broxtal.com\/de\/wp-json\/wp\/v2\/types\/product"}],"replies":[{"embeddable":true,"href":"https:\/\/broxtal.com\/de\/wp-json\/wp\/v2\/comments?post=38144"}],"version-history":[{"count":6,"href":"https:\/\/broxtal.com\/de\/wp-json\/wp\/v2\/product\/38144\/revisions"}],"predecessor-version":[{"id":38167,"href":"https:\/\/broxtal.com\/de\/wp-json\/wp\/v2\/product\/38144\/revisions\/38167"}],"wp:featuredmedia":[{"embeddable":true,"href":"https:\/\/broxtal.com\/de\/wp-json\/wp\/v2\/media\/38159"}],"wp:attachment":[{"href":"https:\/\/broxtal.com\/de\/wp-json\/wp\/v2\/media?parent=38144"}],"wp:term":[{"taxonomy":"product_brand","embeddable":true,"href":"https:\/\/broxtal.com\/de\/wp-json\/wp\/v2\/product_brand?post=38144"},{"taxonomy":"product_cat","embeddable":true,"href":"https:\/\/broxtal.com\/de\/wp-json\/wp\/v2\/product_cat?post=38144"},{"taxonomy":"product_tag","embeddable":true,"href":"https:\/\/broxtal.com\/de\/wp-json\/wp\/v2\/product_tag?post=38144"}],"curies":[{"name":"wp","href":"https:\/\/api.w.org\/{rel}","templated":true}]}}