{"id":38224,"date":"2025-09-08T15:14:22","date_gmt":"2025-09-08T14:14:22","guid":{"rendered":"https:\/\/broxtal.com\/?post_type=product&#038;p=38224"},"modified":"2026-03-02T05:57:12","modified_gmt":"2026-03-02T05:57:12","slug":"7l-portable-oxygen-generating-machine-jeamed","status":"publish","type":"product","link":"https:\/\/broxtal.com\/de\/produkt\/7l-portable-oxygen-generating-machine-jeamed\/","title":{"rendered":"Tragbare 7L-Sauerstofferzeugungsmaschine - Jeamed P37A"},"content":{"rendered":"<h1 style=\"text-align: center;\"><span style=\"color: #0000ff;\"><b>7L tragbare Sauerstoffgenerator Maschine - Reisen &amp; Home Sauerstoff Unterst\u00fctzung<\/b><\/span><\/h1>\n<h2 style=\"text-align: center;\"><span style=\"color: #3366ff;\"><b>+93% Hochreiner Sauerstoff, einstellbare duale Durchflussmodi Puls\/kontinuierlich in nur 2,5Kg\u00a0<\/b><\/span><\/h2>\n<p><img fetchpriority=\"high\" decoding=\"async\" class=\"aligncenter wp-image-38229 size-full\" src=\"https:\/\/broxtal.com\/wp-content\/uploads\/2025\/09\/5-4.webp\" alt=\"\" width=\"790\" height=\"1011\" srcset=\"https:\/\/broxtal.com\/wp-content\/uploads\/2025\/09\/5-4.webp 790w, https:\/\/broxtal.com\/wp-content\/uploads\/2025\/09\/5-4-234x300.webp 234w, https:\/\/broxtal.com\/wp-content\/uploads\/2025\/09\/5-4-625x800.webp 625w, https:\/\/broxtal.com\/wp-content\/uploads\/2025\/09\/5-4-768x983.webp 768w, https:\/\/broxtal.com\/wp-content\/uploads\/2025\/09\/5-4-9x12.webp 9w, https:\/\/broxtal.com\/wp-content\/uploads\/2025\/09\/5-4-60x77.webp 60w, https:\/\/broxtal.com\/wp-content\/uploads\/2025\/09\/5-4-110x141.webp 110w, https:\/\/broxtal.com\/wp-content\/uploads\/2025\/09\/5-4-600x768.webp 600w, https:\/\/broxtal.com\/wp-content\/uploads\/2025\/09\/5-4-150x192.webp 150w\" sizes=\"(max-width: 790px) 100vw, 790px\" \/><\/p>\n<p class=\"p3\"><span style=\"color: #000000;\">Die <span class=\"s2\"><b>Tragbare 7L-Sauerstofferzeugungsmaschine<\/b><\/span> bietet eine Sauerstoffreinheit von bis zu 93% mit einstellbaren Durchflussstufen von 1-7. Mit Molekularsieben in medizinischer Qualit\u00e4t und einem \u00f6lfreien Hochleistungskompressor sorgt er f\u00fcr eine stabile und effiziente Sauerstofftherapie. Das kompakte Design von 2,5 kg und der tragbare Rucksack erleichtern den Transport auf Reisen, bei Outdoor-Aktivit\u00e4ten oder zu Hause. Zwei Modi (Puls- und Daueratmung) passen sich Ihren Bed\u00fcrfnissen an, und der abnehmbare Akku erm\u00f6glicht ein flexibles Aufladen.<\/span><\/p>\n<h3><img decoding=\"async\" class=\"aligncenter wp-image-38228 size-full\" src=\"https:\/\/broxtal.com\/wp-content\/uploads\/2025\/09\/4-4.webp\" alt=\"\" width=\"790\" height=\"1056\" srcset=\"https:\/\/broxtal.com\/wp-content\/uploads\/2025\/09\/4-4.webp 790w, https:\/\/broxtal.com\/wp-content\/uploads\/2025\/09\/4-4-224x300.webp 224w, https:\/\/broxtal.com\/wp-content\/uploads\/2025\/09\/4-4-598x800.webp 598w, https:\/\/broxtal.com\/wp-content\/uploads\/2025\/09\/4-4-768x1027.webp 768w, https:\/\/broxtal.com\/wp-content\/uploads\/2025\/09\/4-4-9x12.webp 9w, https:\/\/broxtal.com\/wp-content\/uploads\/2025\/09\/4-4-60x80.webp 60w, https:\/\/broxtal.com\/wp-content\/uploads\/2025\/09\/4-4-110x147.webp 110w, https:\/\/broxtal.com\/wp-content\/uploads\/2025\/09\/4-4-600x802.webp 600w, https:\/\/broxtal.com\/wp-content\/uploads\/2025\/09\/4-4-150x201.webp 150w\" sizes=\"(max-width: 790px) 100vw, 790px\" \/><\/h3>\n<h3><span style=\"color: #000000;\"><b>\u2705 Wichtigste Merkmale<\/b><\/span><\/h3>\n<ul>\n<li class=\"p1\"><span style=\"color: #000000;\">Einstellbarer Durchfluss: 1-7L\/min mit 93% Reinheit<\/span><\/li>\n<li class=\"p1\"><span style=\"color: #000000;\">Dualer Modus: Pulsierende und kontinuierliche Sauerstoffzufuhr<\/span><\/li>\n<li class=\"p1\"><span style=\"color: #000000;\">Anzeige der Sauerstoffkonzentration in Echtzeit<\/span><\/li>\n<li class=\"p1\"><span style=\"color: #000000;\">Zehnschichtige Filtration f\u00fcr sauberen Sauerstoff<\/span><\/li>\n<li class=\"p1\"><span style=\"color: #000000;\">Ger\u00e4uschpegel \u226440 dB f\u00fcr leisen Betrieb<\/span><\/li>\n<li class=\"p1\"><span style=\"color: #000000;\">Kompakt: 2,5 kg, inklusive Rucksack<\/span><\/li>\n<li class=\"p1\"><span style=\"color: #000000;\">Abnehmbare Batterie mit Ladeadapter<\/span><\/li>\n<li class=\"p1\"><span style=\"color: #000000;\">Funktioniert in H\u00f6hen von bis zu 4000m<\/span><\/li>\n<li class=\"p1\"><span style=\"color: #000000;\">Automatische Sicherheitsalarme<\/span><\/li>\n<\/ul>\n<p><img decoding=\"async\" class=\"aligncenter wp-image-38227 size-full\" src=\"https:\/\/broxtal.com\/wp-content\/uploads\/2025\/09\/3-4.webp\" alt=\"\" width=\"790\" height=\"983\" srcset=\"https:\/\/broxtal.com\/wp-content\/uploads\/2025\/09\/3-4.webp 790w, https:\/\/broxtal.com\/wp-content\/uploads\/2025\/09\/3-4-241x300.webp 241w, https:\/\/broxtal.com\/wp-content\/uploads\/2025\/09\/3-4-643x800.webp 643w, https:\/\/broxtal.com\/wp-content\/uploads\/2025\/09\/3-4-768x956.webp 768w, https:\/\/broxtal.com\/wp-content\/uploads\/2025\/09\/3-4-10x12.webp 10w, https:\/\/broxtal.com\/wp-content\/uploads\/2025\/09\/3-4-60x75.webp 60w, https:\/\/broxtal.com\/wp-content\/uploads\/2025\/09\/3-4-110x137.webp 110w, https:\/\/broxtal.com\/wp-content\/uploads\/2025\/09\/3-4-600x747.webp 600w, https:\/\/broxtal.com\/wp-content\/uploads\/2025\/09\/3-4-150x187.webp 150w\" sizes=\"(max-width: 790px) 100vw, 790px\" \/><\/p>\n<h3><span style=\"color: #000000;\"><b>\ud83d\udcca Spezifikationen<\/b><\/span><\/h3>\n<ul>\n<li class=\"p1\"><span style=\"color: #000000;\"><span class=\"s1\"><b>Modell<\/b><\/span>: JY-P37A<\/span><\/li>\n<li class=\"p1\"><span style=\"color: #000000;\"><span class=\"s1\"><b>Marke<\/b><\/span>: Jeamed<\/span><\/li>\n<li class=\"p1\"><span style=\"color: #000000;\"><span class=\"s1\"><b>Durchflussmenge<\/b><\/span>: 1-7L\/min\u00a0<\/span><\/li>\n<li><strong>Flie\u00dfmodi: <\/strong><span style=\"color: #000000;\">Kontinuierliche\/Impuls-Modi<\/span><\/li>\n<li class=\"p1\"><span style=\"color: #000000;\"><b>Sauerstoff-Konzentration<\/b><span class=\"s1\">\u226590% (bis zu 93%)<\/span><\/span><\/li>\n<li class=\"p1\"><span style=\"color: #000000;\"><span class=\"s1\"><b>Gewicht<\/b><\/span>: 2,5 kg<\/span><\/li>\n<li class=\"p1\"><span style=\"color: #000000;\"><span class=\"s1\"><b>L\u00e4rmpegel<\/b><\/span>: \u226440 dB(A)<\/span><\/li>\n<li class=\"p1\"><span style=\"color: #000000;\"><span class=\"s1\"><b>Strom<\/b><\/span>: AC 110V\/220V, 50-60Hz<\/span><\/li>\n<li class=\"p1\"><span style=\"color: #000000;\"><span class=\"s1\"><b>Abmessungen<\/b><\/span>: 188 \u00d7 83 \u00d7 220 mm<\/span><\/li>\n<li class=\"p1\"><span style=\"color: #000000;\"><span class=\"s1\"><b>Batterie<\/b><\/span>: Abnehmbar, wiederaufladbar<\/span><\/li>\n<li class=\"p1\"><span style=\"color: #000000;\"><b>Garantie<\/b><span class=\"s1\">: 1 Jahr<\/span><\/span><\/li>\n<\/ul>\n<p><img loading=\"lazy\" decoding=\"async\" class=\"aligncenter wp-image-38230 size-full\" src=\"https:\/\/broxtal.com\/wp-content\/uploads\/2025\/09\/6-4.webp\" alt=\"\" width=\"790\" height=\"1012\" srcset=\"https:\/\/broxtal.com\/wp-content\/uploads\/2025\/09\/6-4.webp 790w, https:\/\/broxtal.com\/wp-content\/uploads\/2025\/09\/6-4-234x300.webp 234w, https:\/\/broxtal.com\/wp-content\/uploads\/2025\/09\/6-4-625x800.webp 625w, https:\/\/broxtal.com\/wp-content\/uploads\/2025\/09\/6-4-768x984.webp 768w, https:\/\/broxtal.com\/wp-content\/uploads\/2025\/09\/6-4-9x12.webp 9w, https:\/\/broxtal.com\/wp-content\/uploads\/2025\/09\/6-4-60x77.webp 60w, https:\/\/broxtal.com\/wp-content\/uploads\/2025\/09\/6-4-110x141.webp 110w, https:\/\/broxtal.com\/wp-content\/uploads\/2025\/09\/6-4-600x769.webp 600w, https:\/\/broxtal.com\/wp-content\/uploads\/2025\/09\/6-4-150x192.webp 150w\" sizes=\"(max-width: 790px) 100vw, 790px\" \/><\/p>\n<h3><span style=\"color: #000000;\"><b>\ud83d\udce6 Paketinhalt<\/b><\/span><\/h3>\n<ul>\n<li class=\"p1\"><span style=\"color: #000000;\">1 \u00d7 Sauerstoff-Konzentrator-Haupteinheit<\/span><\/li>\n<li class=\"p1\"><span style=\"color: #000000;\">1 \u00d7 Abnehmbare Batterie<\/span><\/li>\n<li class=\"p1\"><span style=\"color: #000000;\">1 \u00d7 Tragbarer Rucksack (zwei Gurte)<\/span><\/li>\n<li class=\"p1\"><span style=\"color: #000000;\">1 \u00d7 Netzadapter<\/span><\/li>\n<li class=\"p1\"><span style=\"color: #000000;\">1 \u00d7 Autoladekabel<\/span><\/li>\n<li class=\"p1\"><span style=\"color: #000000;\">1 \u00d7 Sauerstoffschlauch<\/span><\/li>\n<li class=\"p1\"><span style=\"color: #000000;\">1 \u00d7 Konformit\u00e4tsbescheinigung<\/span><\/li>\n<li class=\"p1\"><span style=\"color: #000000;\">1 \u00d7 Benutzerhandbuch<\/span><\/li>\n<\/ul>\n<p><img loading=\"lazy\" decoding=\"async\" class=\"aligncenter wp-image-38225 size-full\" src=\"https:\/\/broxtal.com\/wp-content\/uploads\/2025\/09\/1-5.webp\" alt=\"\" width=\"790\" height=\"1202\" srcset=\"https:\/\/broxtal.com\/wp-content\/uploads\/2025\/09\/1-5.webp 790w, https:\/\/broxtal.com\/wp-content\/uploads\/2025\/09\/1-5-197x300.webp 197w, https:\/\/broxtal.com\/wp-content\/uploads\/2025\/09\/1-5-526x800.webp 526w, https:\/\/broxtal.com\/wp-content\/uploads\/2025\/09\/1-5-768x1169.webp 768w, https:\/\/broxtal.com\/wp-content\/uploads\/2025\/09\/1-5-8x12.webp 8w, https:\/\/broxtal.com\/wp-content\/uploads\/2025\/09\/1-5-60x91.webp 60w, https:\/\/broxtal.com\/wp-content\/uploads\/2025\/09\/1-5-110x167.webp 110w, https:\/\/broxtal.com\/wp-content\/uploads\/2025\/09\/1-5-600x913.webp 600w, https:\/\/broxtal.com\/wp-content\/uploads\/2025\/09\/1-5-150x228.webp 150w\" sizes=\"(max-width: 790px) 100vw, 790px\" \/><img loading=\"lazy\" decoding=\"async\" class=\"aligncenter wp-image-38234 size-full\" src=\"https:\/\/broxtal.com\/wp-content\/uploads\/2025\/09\/11.webp\" alt=\"\" width=\"790\" height=\"988\" srcset=\"https:\/\/broxtal.com\/wp-content\/uploads\/2025\/09\/11.webp 790w, https:\/\/broxtal.com\/wp-content\/uploads\/2025\/09\/11-240x300.webp 240w, https:\/\/broxtal.com\/wp-content\/uploads\/2025\/09\/11-640x800.webp 640w, https:\/\/broxtal.com\/wp-content\/uploads\/2025\/09\/11-768x960.webp 768w, https:\/\/broxtal.com\/wp-content\/uploads\/2025\/09\/11-10x12.webp 10w, https:\/\/broxtal.com\/wp-content\/uploads\/2025\/09\/11-60x75.webp 60w, https:\/\/broxtal.com\/wp-content\/uploads\/2025\/09\/11-110x138.webp 110w, https:\/\/broxtal.com\/wp-content\/uploads\/2025\/09\/11-600x750.webp 600w, https:\/\/broxtal.com\/wp-content\/uploads\/2025\/09\/11-150x188.webp 150w\" sizes=\"(max-width: 790px) 100vw, 790px\" \/><img loading=\"lazy\" decoding=\"async\" class=\"aligncenter wp-image-38226 size-full\" src=\"https:\/\/broxtal.com\/wp-content\/uploads\/2025\/09\/2-5.webp\" alt=\"\" width=\"790\" height=\"964\" srcset=\"https:\/\/broxtal.com\/wp-content\/uploads\/2025\/09\/2-5.webp 790w, https:\/\/broxtal.com\/wp-content\/uploads\/2025\/09\/2-5-246x300.webp 246w, https:\/\/broxtal.com\/wp-content\/uploads\/2025\/09\/2-5-656x800.webp 656w, https:\/\/broxtal.com\/wp-content\/uploads\/2025\/09\/2-5-768x937.webp 768w, https:\/\/broxtal.com\/wp-content\/uploads\/2025\/09\/2-5-10x12.webp 10w, https:\/\/broxtal.com\/wp-content\/uploads\/2025\/09\/2-5-60x73.webp 60w, https:\/\/broxtal.com\/wp-content\/uploads\/2025\/09\/2-5-110x134.webp 110w, https:\/\/broxtal.com\/wp-content\/uploads\/2025\/09\/2-5-600x732.webp 600w, https:\/\/broxtal.com\/wp-content\/uploads\/2025\/09\/2-5-150x183.webp 150w\" sizes=\"(max-width: 790px) 100vw, 790px\" \/> <img loading=\"lazy\" decoding=\"async\" class=\"aligncenter wp-image-38231 size-full\" src=\"https:\/\/broxtal.com\/wp-content\/uploads\/2025\/09\/7-2.webp\" alt=\"\" width=\"790\" height=\"860\" srcset=\"https:\/\/broxtal.com\/wp-content\/uploads\/2025\/09\/7-2.webp 790w, https:\/\/broxtal.com\/wp-content\/uploads\/2025\/09\/7-2-276x300.webp 276w, https:\/\/broxtal.com\/wp-content\/uploads\/2025\/09\/7-2-735x800.webp 735w, https:\/\/broxtal.com\/wp-content\/uploads\/2025\/09\/7-2-768x836.webp 768w, https:\/\/broxtal.com\/wp-content\/uploads\/2025\/09\/7-2-11x12.webp 11w, https:\/\/broxtal.com\/wp-content\/uploads\/2025\/09\/7-2-60x65.webp 60w, https:\/\/broxtal.com\/wp-content\/uploads\/2025\/09\/7-2-110x120.webp 110w, https:\/\/broxtal.com\/wp-content\/uploads\/2025\/09\/7-2-600x653.webp 600w, https:\/\/broxtal.com\/wp-content\/uploads\/2025\/09\/7-2-150x163.webp 150w\" sizes=\"(max-width: 790px) 100vw, 790px\" \/> <img loading=\"lazy\" decoding=\"async\" class=\"aligncenter wp-image-38232 size-full\" src=\"https:\/\/broxtal.com\/wp-content\/uploads\/2025\/09\/8-1.webp\" alt=\"\" width=\"790\" height=\"1056\" srcset=\"https:\/\/broxtal.com\/wp-content\/uploads\/2025\/09\/8-1.webp 790w, https:\/\/broxtal.com\/wp-content\/uploads\/2025\/09\/8-1-224x300.webp 224w, https:\/\/broxtal.com\/wp-content\/uploads\/2025\/09\/8-1-598x800.webp 598w, https:\/\/broxtal.com\/wp-content\/uploads\/2025\/09\/8-1-768x1027.webp 768w, https:\/\/broxtal.com\/wp-content\/uploads\/2025\/09\/8-1-9x12.webp 9w, https:\/\/broxtal.com\/wp-content\/uploads\/2025\/09\/8-1-60x80.webp 60w, https:\/\/broxtal.com\/wp-content\/uploads\/2025\/09\/8-1-110x147.webp 110w, https:\/\/broxtal.com\/wp-content\/uploads\/2025\/09\/8-1-600x802.webp 600w, https:\/\/broxtal.com\/wp-content\/uploads\/2025\/09\/8-1-150x201.webp 150w\" sizes=\"(max-width: 790px) 100vw, 790px\" \/> <img loading=\"lazy\" decoding=\"async\" class=\"aligncenter wp-image-38233 size-full\" src=\"https:\/\/broxtal.com\/wp-content\/uploads\/2025\/09\/10.webp\" alt=\"\" width=\"790\" height=\"1456\" srcset=\"https:\/\/broxtal.com\/wp-content\/uploads\/2025\/09\/10.webp 790w, https:\/\/broxtal.com\/wp-content\/uploads\/2025\/09\/10-163x300.webp 163w, https:\/\/broxtal.com\/wp-content\/uploads\/2025\/09\/10-434x800.webp 434w, https:\/\/broxtal.com\/wp-content\/uploads\/2025\/09\/10-768x1415.webp 768w, https:\/\/broxtal.com\/wp-content\/uploads\/2025\/09\/10-7x12.webp 7w, https:\/\/broxtal.com\/wp-content\/uploads\/2025\/09\/10-60x111.webp 60w, https:\/\/broxtal.com\/wp-content\/uploads\/2025\/09\/10-110x203.webp 110w, https:\/\/broxtal.com\/wp-content\/uploads\/2025\/09\/10-600x1106.webp 600w, https:\/\/broxtal.com\/wp-content\/uploads\/2025\/09\/10-150x276.webp 150w\" sizes=\"(max-width: 790px) 100vw, 790px\" \/><\/p>\n<p class=\"p3\">","protected":false},"excerpt":{"rendered":"<p class=\"p1\">\ud83c\udf2c\ufe0f Einstellbare zwei Durchflussmodi 1-7L\/m<\/p>\n<p class=\"p1\">\ud83e\uddf3 Leichtes Gewicht von 2,5 kg, inklusive Rucksack f\u00fcr unterwegs.<\/p>\n<p class=\"p1\">\u2705 Ruhig, sicher, rezeptfrei.<\/p>\n<p>&nbsp;<\/p>","protected":false},"featured_media":38239,"comment_status":"open","ping_status":"closed","template":"","meta":[],"product_brand":[1950],"product_cat":[286,1821,1761,1818,1820,1719],"product_tag":[],"class_list":{"0":"post-38224","1":"product","2":"type-product","3":"status-publish","4":"has-post-thumbnail","6":"product_brand-jeamed","7":"product_cat-health-wellness","8":"product_cat-continuous-flow","9":"product_cat-oxygen-concentrators","10":"product_cat-portable-oxygen-machine","11":"product_cat-pulse-flow","12":"product_cat-respiratory-care-oxygen-therapy","14":"first","15":"instock","16":"shipping-taxable","17":"purchasable","18":"product-type-variable"},"_links":{"self":[{"href":"https:\/\/broxtal.com\/de\/wp-json\/wp\/v2\/product\/38224","targetHints":{"allow":["GET"]}}],"collection":[{"href":"https:\/\/broxtal.com\/de\/wp-json\/wp\/v2\/product"}],"about":[{"href":"https:\/\/broxtal.com\/de\/wp-json\/wp\/v2\/types\/product"}],"replies":[{"embeddable":true,"href":"https:\/\/broxtal.com\/de\/wp-json\/wp\/v2\/comments?post=38224"}],"version-history":[{"count":4,"href":"https:\/\/broxtal.com\/de\/wp-json\/wp\/v2\/product\/38224\/revisions"}],"predecessor-version":[{"id":38248,"href":"https:\/\/broxtal.com\/de\/wp-json\/wp\/v2\/product\/38224\/revisions\/38248"}],"wp:featuredmedia":[{"embeddable":true,"href":"https:\/\/broxtal.com\/de\/wp-json\/wp\/v2\/media\/38239"}],"wp:attachment":[{"href":"https:\/\/broxtal.com\/de\/wp-json\/wp\/v2\/media?parent=38224"}],"wp:term":[{"taxonomy":"product_brand","embeddable":true,"href":"https:\/\/broxtal.com\/de\/wp-json\/wp\/v2\/product_brand?post=38224"},{"taxonomy":"product_cat","embeddable":true,"href":"https:\/\/broxtal.com\/de\/wp-json\/wp\/v2\/product_cat?post=38224"},{"taxonomy":"product_tag","embeddable":true,"href":"https:\/\/broxtal.com\/de\/wp-json\/wp\/v2\/product_tag?post=38224"}],"curies":[{"name":"wp","href":"https:\/\/api.w.org\/{rel}","templated":true}]}}