{"id":38518,"date":"2025-10-18T11:14:48","date_gmt":"2025-10-18T10:14:48","guid":{"rendered":"https:\/\/broxtal.com\/?post_type=product&#038;p=38518"},"modified":"2025-10-28T13:00:28","modified_gmt":"2025-10-28T13:00:28","slug":"extra-battery-jeauyy-portable-oxygen-jyp05a","status":"publish","type":"product","link":"https:\/\/broxtal.com\/de\/produkt\/extra-battery-jeauyy-portable-oxygen-jyp05a\/","title":{"rendered":"Extra Batterie f\u00fcr JEAUYY Tragbarer Sauerstoffkonzentrator (JY-P05A)"},"content":{"rendered":"<h1 style=\"text-align: center;\">L\u00e4nger durchhalten - Zuverl\u00e4ssiger Strom f\u00fcr unterwegs<\/h1>\n<h3 class=\"p1\" style=\"text-align: center;\">Wiederaufladbare Batterie mit extra hoher Kapazit\u00e4t <strong>6200 mAh <\/strong>f\u00fcr JEAUYY Tragbarer Sauerstoffkonzentrator (JY-P05A)<\/h3>\n<p style=\"text-align: center;\"><strong>Der Akku des tragbaren Sauerstoffkonzentrators JY-P05A bietet bis zu 4,8 Stunden auf Stufe 1. Mit dem Netzadapter oder dem Autoladeger\u00e4t l\u00e4sst er sich in nur 2-3 Stunden wieder vollst\u00e4ndig aufladen.<\/strong><\/p>\n<p class=\"p1\" style=\"text-align: center;\">Sorgen Sie f\u00fcr eine ununterbrochene Sauerstofftherapie, wohin auch immer das Leben Sie f\u00fchrt, mit diesem extra leistungsstarken Akku, der speziell f\u00fcr den tragbaren Sauerstoffkonzentrator 1,5 L von JEAUYY entwickelt wurde. Leicht, kompakt und f\u00fcr die Mobilit\u00e4t gebaut, gibt Ihnen dieser Akku die Sicherheit, zu reisen, zu pendeln oder sich einfach zu Hause frei zu bewegen, ohne dass Sie sich Sorgen machen m\u00fcssen, dass Ihr Konzentrator Strom verliert. Schlie\u00dfen Sie ihn einfach an, und vertrauen Sie darauf, dass Ihr Sauerstofffluss konstant und zuverl\u00e4ssig bleibt.<\/p>\n<p><img fetchpriority=\"high\" decoding=\"async\" class=\"aligncenter size-large wp-image-38521\" src=\"https:\/\/broxtal.com\/wp-content\/uploads\/2025\/10\/jeauyy-portable-oxygen-concentrator-1-5l-04-2.webp\" alt=\"\" width=\"768\" height=\"768\" srcset=\"https:\/\/broxtal.com\/wp-content\/uploads\/2025\/10\/jeauyy-portable-oxygen-concentrator-1-5l-04-2.webp 768w, https:\/\/broxtal.com\/wp-content\/uploads\/2025\/10\/jeauyy-portable-oxygen-concentrator-1-5l-04-2-300x300.webp 300w, https:\/\/broxtal.com\/wp-content\/uploads\/2025\/10\/jeauyy-portable-oxygen-concentrator-1-5l-04-2-150x150.webp 150w, https:\/\/broxtal.com\/wp-content\/uploads\/2025\/10\/jeauyy-portable-oxygen-concentrator-1-5l-04-2-12x12.webp 12w, https:\/\/broxtal.com\/wp-content\/uploads\/2025\/10\/jeauyy-portable-oxygen-concentrator-1-5l-04-2-60x60.webp 60w, https:\/\/broxtal.com\/wp-content\/uploads\/2025\/10\/jeauyy-portable-oxygen-concentrator-1-5l-04-2-110x110.webp 110w, https:\/\/broxtal.com\/wp-content\/uploads\/2025\/10\/jeauyy-portable-oxygen-concentrator-1-5l-04-2-600x600.webp 600w, https:\/\/broxtal.com\/wp-content\/uploads\/2025\/10\/jeauyy-portable-oxygen-concentrator-1-5l-04-2-32x32.webp 32w\" sizes=\"(max-width: 768px) 100vw, 768px\" \/><\/p>","protected":false},"excerpt":{"rendered":"<p>L\u00e4nger durchhalten - Zuverl\u00e4ssige Energie f\u00fcr unterwegs - Extra leistungsstarker Akku 6200 mAh f\u00fcr den tragbaren Sauerstoffkonzentrator JEAUYY<\/p>","protected":false},"featured_media":38527,"comment_status":"open","ping_status":"closed","template":"","meta":[],"product_brand":[],"product_cat":[286,1763,1719],"product_tag":[],"class_list":{"0":"post-38518","1":"product","2":"type-product","3":"status-publish","4":"has-post-thumbnail","6":"product_cat-health-wellness","7":"product_cat-masks-accessories","8":"product_cat-respiratory-care-oxygen-therapy","10":"first","11":"instock","12":"shipping-taxable","13":"purchasable","14":"product-type-simple"},"_links":{"self":[{"href":"https:\/\/broxtal.com\/de\/wp-json\/wp\/v2\/product\/38518","targetHints":{"allow":["GET"]}}],"collection":[{"href":"https:\/\/broxtal.com\/de\/wp-json\/wp\/v2\/product"}],"about":[{"href":"https:\/\/broxtal.com\/de\/wp-json\/wp\/v2\/types\/product"}],"replies":[{"embeddable":true,"href":"https:\/\/broxtal.com\/de\/wp-json\/wp\/v2\/comments?post=38518"}],"version-history":[{"count":3,"href":"https:\/\/broxtal.com\/de\/wp-json\/wp\/v2\/product\/38518\/revisions"}],"predecessor-version":[{"id":38528,"href":"https:\/\/broxtal.com\/de\/wp-json\/wp\/v2\/product\/38518\/revisions\/38528"}],"wp:featuredmedia":[{"embeddable":true,"href":"https:\/\/broxtal.com\/de\/wp-json\/wp\/v2\/media\/38527"}],"wp:attachment":[{"href":"https:\/\/broxtal.com\/de\/wp-json\/wp\/v2\/media?parent=38518"}],"wp:term":[{"taxonomy":"product_brand","embeddable":true,"href":"https:\/\/broxtal.com\/de\/wp-json\/wp\/v2\/product_brand?post=38518"},{"taxonomy":"product_cat","embeddable":true,"href":"https:\/\/broxtal.com\/de\/wp-json\/wp\/v2\/product_cat?post=38518"},{"taxonomy":"product_tag","embeddable":true,"href":"https:\/\/broxtal.com\/de\/wp-json\/wp\/v2\/product_tag?post=38518"}],"curies":[{"name":"wp","href":"https:\/\/api.w.org\/{rel}","templated":true}]}}