{"id":38676,"date":"2025-11-07T14:50:17","date_gmt":"2025-11-07T14:50:17","guid":{"rendered":"https:\/\/broxtal.com\/?post_type=product&#038;p=38676"},"modified":"2025-11-11T10:43:52","modified_gmt":"2025-11-11T10:43:52","slug":"1-5l-home-oxygen-concentrator-with-free-mask","status":"publish","type":"product","link":"https:\/\/broxtal.com\/de\/produkt\/1-5l-home-oxygen-concentrator-with-free-mask\/","title":{"rendered":"1-5L-Sauerstoffkonzentrator f\u00fcr Zuhause mit kostenloser Maske"},"content":{"rendered":"<h1 class=\"p1\" style=\"text-align: center;\"><span style=\"color: #0000ff;\"><b>Atmen Sie jeden Tag leichter mit dem 1-5L-Sauerstoffkonzentrator f\u00fcr Zuhause<\/b><\/span><\/h1>\n<h2 class=\"p1\" style=\"text-align: center;\"><b>93% Hochreine Sauerstoffmaschine mit kontinuierlichem Durchfluss und Zerst\u00e4ubung<\/b><b><\/b><\/h2>\n<h3><\/h3>\n<h3 class=\"p1\" style=\"text-align: center;\"><b>Zuverl\u00e4ssige Sauerstoffunterst\u00fctzung f\u00fcr Home Health<\/b><b><\/b><\/h3>\n<p class=\"p4\" style=\"text-align: center;\">Der DOCTODD 1-5L-Sauerstoffkonzentrator f\u00fcr den Heimgebrauch liefert stabilen, hochreinen Sauerstoff (93%\u00b13%) f\u00fcr die kontinuierliche Flowtherapie zu Hause. Dank der fortschrittlichen PSA-Technologie (Pressure Swing Adsorption) gew\u00e4hrleistet er eine gleichbleibende Sauerstoffkonzentration selbst bei 5 l\/min. Durch den leisen Betrieb (\u226438 dB) und die \u00fcbersichtliche LED-Anzeige eignet sich das Ger\u00e4t f\u00fcr den t\u00e4glichen Gebrauch in h\u00e4uslicher Umgebung.<\/p>\n<h3 class=\"p1\" style=\"text-align: center;\"><b>Erweiterte Funktionalit\u00e4t und Benutzerkomfort<\/b><b><\/b><\/h3>\n<p class=\"p4\" style=\"text-align: center;\">Dieser Sauerstoffkonzentrator kombiniert medizinische Leistung mit benutzerfreundlichen Bedienelementen. Er verf\u00fcgt \u00fcber einstellbare Durchflussraten von 1 l bis 5 l pro Minute, einen Anionenreinigungsausgang und einen integrierten Vernebelungsmodus zur zus\u00e4tzlichen Unterst\u00fctzung der Atmung. Mit seinem energieeffizienten Betrieb und seiner 24-Stunden-Dauerbetriebsf\u00e4higkeit bietet er eine zuverl\u00e4ssige Sauerstofftherapie bei minimaler Ger\u00e4uschentwicklung.<\/p>\n<p class=\"p2\" style=\"text-align: center;\"><img fetchpriority=\"high\" decoding=\"async\" class=\"aligncenter wp-image-38681\" src=\"https:\/\/broxtal.com\/wp-content\/uploads\/2025\/11\/7-1-800x800.webp\" alt=\"\" width=\"500\" height=\"500\" srcset=\"https:\/\/broxtal.com\/wp-content\/uploads\/2025\/11\/7-1-800x800.webp 800w, https:\/\/broxtal.com\/wp-content\/uploads\/2025\/11\/7-1-300x300.webp 300w, https:\/\/broxtal.com\/wp-content\/uploads\/2025\/11\/7-1-150x150.webp 150w, https:\/\/broxtal.com\/wp-content\/uploads\/2025\/11\/7-1-768x768.webp 768w, https:\/\/broxtal.com\/wp-content\/uploads\/2025\/11\/7-1-12x12.webp 12w, https:\/\/broxtal.com\/wp-content\/uploads\/2025\/11\/7-1-60x60.webp 60w, https:\/\/broxtal.com\/wp-content\/uploads\/2025\/11\/7-1-600x600.webp 600w, https:\/\/broxtal.com\/wp-content\/uploads\/2025\/11\/7-1-32x32.webp 32w, https:\/\/broxtal.com\/wp-content\/uploads\/2025\/11\/7-1-64x64.webp 64w, https:\/\/broxtal.com\/wp-content\/uploads\/2025\/11\/7-1.webp 1080w\" sizes=\"(max-width: 500px) 100vw, 500px\" \/><\/p>\n<p>&nbsp;<\/p>\n<h2 style=\"text-align: center;\"><b>Technische Daten<\/b><\/h2>\n<p class=\"p1\" style=\"text-align: center;\"><span class=\"s1\"><b>Modell Typ:<\/b><\/span> Heim-Sauerstoffkonzentrator<\/p>\n<p class=\"p1\" style=\"text-align: center;\"><span class=\"s1\"><b>Durchflussmenge:<\/b><\/span> 1 L-5 L\/min (einstellbar)<\/p>\n<p class=\"p1\" style=\"text-align: center;\"><b>Sauerstoff-Konzentration:<\/b><span class=\"s1\"> 93% \u00b1 3%<\/span><\/p>\n<p class=\"p1\" style=\"text-align: center;\"><span class=\"s1\"><b>Durchflussart:<\/b><\/span> Kontinuierlicher Fluss<\/p>\n<p class=\"p1\" style=\"text-align: center;\"><span class=\"s1\"><b>Methode der Sauerstofferzeugung:<\/b><\/span> Druckwechseladsorption (PSA)<\/p>\n<p class=\"p1\" style=\"text-align: center;\"><span class=\"s1\"><b>Anionenaussto\u00df:<\/b><\/span> 8 Millionen\/cm\u00b3<\/p>\n<p class=\"p1\" style=\"text-align: center;\"><b>Zerst\u00e4ubungsrate:<\/b><span class=\"s1\"> \u2265 0,2 mL\/min<\/span><\/p>\n<p class=\"p1\" style=\"text-align: center;\"><b>Stromverbrauch:<\/b><span class=\"s1\"> 120 VA<\/span><\/p>\n<p class=\"p1\" style=\"text-align: center;\"><span class=\"s1\"><b>Spannung:<\/b><\/span> AC 110 V \u00b1 10 V (US) \/ AC 230 V \u00b1 20 V (EU, UK, AU)<\/p>\n<p class=\"p1\" style=\"text-align: center;\"><b>Betriebsger\u00e4usch:<\/b><span class=\"s1\"> \u2264 38 dB(A)<\/span><\/p>\n<p class=\"p1\" style=\"text-align: center;\"><b>Timing-Funktion:<\/b><span class=\"s1\"> Bis zu 24 Stunden<\/span><\/p>\n<p class=\"p1\" style=\"text-align: center;\"><span class=\"s1\"><b>Display-Steuerung:<\/b><\/span> HD-LED-Drehknopf<\/p>\n<p class=\"p1\" style=\"text-align: center;\"><span class=\"s1\"><b>Gr\u00f6\u00dfe:<\/b><\/span> 29 \u00d7 30 \u00d7 51 cm<\/p>\n<p class=\"p1\" style=\"text-align: center;\"><b>Nettogewicht:<\/b><span class=\"s1\"> 13 kg<\/span><\/p>\n<p class=\"p1\" style=\"text-align: center;\"><b>Zertifizierung:<\/b><span class=\"s1\"> CE<\/span><\/p>\n<h3><\/h3>\n<h2 style=\"text-align: center;\"><b>Liste der Pakete<\/b><\/h2>\n<p class=\"p1\" style=\"text-align: center;\">1 \u00d7 DOCTODD 1-5L Sauerstoff-Konzentrator f\u00fcr Zuhause<\/p>\n<p class=\"p1\" style=\"text-align: center;\">1 \u00d7 Sauerstoffmaske<\/p>\n<p class=\"p1\" style=\"text-align: center;\">1 \u00d7 Netzkabel (Steckertyp pro Region)<\/p>\n<p class=\"p1\" style=\"text-align: center;\">1 \u00d7 Vernebler-Set<\/p>\n<p class=\"p1\" style=\"text-align: center;\">1 \u00d7 Benutzerhandbuch<\/p>\n<p><img decoding=\"async\" class=\"aligncenter wp-image-38677 size-large\" src=\"https:\/\/broxtal.com\/wp-content\/uploads\/2025\/11\/2-800x800.webp\" alt=\"\" width=\"800\" height=\"800\" srcset=\"https:\/\/broxtal.com\/wp-content\/uploads\/2025\/11\/2-800x800.webp 800w, https:\/\/broxtal.com\/wp-content\/uploads\/2025\/11\/2-300x300.webp 300w, https:\/\/broxtal.com\/wp-content\/uploads\/2025\/11\/2-150x150.webp 150w, https:\/\/broxtal.com\/wp-content\/uploads\/2025\/11\/2-768x768.webp 768w, https:\/\/broxtal.com\/wp-content\/uploads\/2025\/11\/2-12x12.webp 12w, https:\/\/broxtal.com\/wp-content\/uploads\/2025\/11\/2-60x60.webp 60w, https:\/\/broxtal.com\/wp-content\/uploads\/2025\/11\/2-600x600.webp 600w, https:\/\/broxtal.com\/wp-content\/uploads\/2025\/11\/2-32x32.webp 32w, https:\/\/broxtal.com\/wp-content\/uploads\/2025\/11\/2-64x64.webp 64w, https:\/\/broxtal.com\/wp-content\/uploads\/2025\/11\/2.webp 1080w\" sizes=\"(max-width: 800px) 100vw, 800px\" \/><img decoding=\"async\" class=\"size-large wp-image-38682 aligncenter\" src=\"https:\/\/broxtal.com\/wp-content\/uploads\/2025\/11\/5-800x800.webp\" alt=\"\" width=\"800\" height=\"800\" srcset=\"https:\/\/broxtal.com\/wp-content\/uploads\/2025\/11\/5-800x800.webp 800w, https:\/\/broxtal.com\/wp-content\/uploads\/2025\/11\/5-300x300.webp 300w, https:\/\/broxtal.com\/wp-content\/uploads\/2025\/11\/5-150x150.webp 150w, https:\/\/broxtal.com\/wp-content\/uploads\/2025\/11\/5-768x768.webp 768w, https:\/\/broxtal.com\/wp-content\/uploads\/2025\/11\/5-12x12.webp 12w, https:\/\/broxtal.com\/wp-content\/uploads\/2025\/11\/5-60x60.webp 60w, https:\/\/broxtal.com\/wp-content\/uploads\/2025\/11\/5-600x600.webp 600w, https:\/\/broxtal.com\/wp-content\/uploads\/2025\/11\/5-32x32.webp 32w, https:\/\/broxtal.com\/wp-content\/uploads\/2025\/11\/5-64x64.webp 64w, https:\/\/broxtal.com\/wp-content\/uploads\/2025\/11\/5.webp 1080w\" sizes=\"(max-width: 800px) 100vw, 800px\" \/> <img loading=\"lazy\" decoding=\"async\" class=\"size-large wp-image-38679 aligncenter\" src=\"https:\/\/broxtal.com\/wp-content\/uploads\/2025\/11\/4-800x800.webp\" alt=\"\" width=\"800\" height=\"800\" srcset=\"https:\/\/broxtal.com\/wp-content\/uploads\/2025\/11\/4-800x800.webp 800w, https:\/\/broxtal.com\/wp-content\/uploads\/2025\/11\/4-300x300.webp 300w, https:\/\/broxtal.com\/wp-content\/uploads\/2025\/11\/4-150x150.webp 150w, https:\/\/broxtal.com\/wp-content\/uploads\/2025\/11\/4-768x768.webp 768w, https:\/\/broxtal.com\/wp-content\/uploads\/2025\/11\/4-12x12.webp 12w, https:\/\/broxtal.com\/wp-content\/uploads\/2025\/11\/4-60x60.webp 60w, https:\/\/broxtal.com\/wp-content\/uploads\/2025\/11\/4-600x600.webp 600w, https:\/\/broxtal.com\/wp-content\/uploads\/2025\/11\/4-32x32.webp 32w, https:\/\/broxtal.com\/wp-content\/uploads\/2025\/11\/4-64x64.webp 64w, https:\/\/broxtal.com\/wp-content\/uploads\/2025\/11\/4.webp 1080w\" sizes=\"(max-width: 800px) 100vw, 800px\" \/> <img loading=\"lazy\" decoding=\"async\" class=\"size-large wp-image-38678 aligncenter\" src=\"https:\/\/broxtal.com\/wp-content\/uploads\/2025\/11\/3-800x800.webp\" alt=\"\" width=\"800\" height=\"800\" srcset=\"https:\/\/broxtal.com\/wp-content\/uploads\/2025\/11\/3-800x800.webp 800w, https:\/\/broxtal.com\/wp-content\/uploads\/2025\/11\/3-300x300.webp 300w, https:\/\/broxtal.com\/wp-content\/uploads\/2025\/11\/3-150x150.webp 150w, https:\/\/broxtal.com\/wp-content\/uploads\/2025\/11\/3-768x768.webp 768w, https:\/\/broxtal.com\/wp-content\/uploads\/2025\/11\/3-12x12.webp 12w, https:\/\/broxtal.com\/wp-content\/uploads\/2025\/11\/3-60x60.webp 60w, https:\/\/broxtal.com\/wp-content\/uploads\/2025\/11\/3-600x600.webp 600w, https:\/\/broxtal.com\/wp-content\/uploads\/2025\/11\/3-32x32.webp 32w, https:\/\/broxtal.com\/wp-content\/uploads\/2025\/11\/3-64x64.webp 64w, https:\/\/broxtal.com\/wp-content\/uploads\/2025\/11\/3.webp 1080w\" sizes=\"(max-width: 800px) 100vw, 800px\" \/> <img loading=\"lazy\" decoding=\"async\" class=\"size-large wp-image-38680 aligncenter\" src=\"https:\/\/broxtal.com\/wp-content\/uploads\/2025\/11\/6-2-800x800.webp\" alt=\"\" width=\"800\" height=\"800\" srcset=\"https:\/\/broxtal.com\/wp-content\/uploads\/2025\/11\/6-2-800x800.webp 800w, https:\/\/broxtal.com\/wp-content\/uploads\/2025\/11\/6-2-300x300.webp 300w, https:\/\/broxtal.com\/wp-content\/uploads\/2025\/11\/6-2-150x150.webp 150w, https:\/\/broxtal.com\/wp-content\/uploads\/2025\/11\/6-2-768x768.webp 768w, https:\/\/broxtal.com\/wp-content\/uploads\/2025\/11\/6-2-12x12.webp 12w, https:\/\/broxtal.com\/wp-content\/uploads\/2025\/11\/6-2-60x60.webp 60w, https:\/\/broxtal.com\/wp-content\/uploads\/2025\/11\/6-2-600x600.webp 600w, https:\/\/broxtal.com\/wp-content\/uploads\/2025\/11\/6-2-32x32.webp 32w, https:\/\/broxtal.com\/wp-content\/uploads\/2025\/11\/6-2-64x64.webp 64w, https:\/\/broxtal.com\/wp-content\/uploads\/2025\/11\/6-2.webp 1080w\" sizes=\"(max-width: 800px) 100vw, 800px\" \/><\/p>","protected":false},"excerpt":{"rendered":"<ul>\n<li>1-5 l kontinuierlicher Sauerstofffluss<\/li>\n<li class=\"p1\">93% \u00b1 3% stabile Sauerstoffreinheit<\/li>\n<li class=\"p1\">Eingebaute Zerst\u00e4ubung (Vernebler)<\/li>\n<\/ul>\n<p>&nbsp;<\/p>","protected":false},"featured_media":38683,"comment_status":"open","ping_status":"closed","template":"","meta":[],"product_brand":[],"product_cat":[286,1821,1819,1761,1719],"product_tag":[],"class_list":{"0":"post-38676","1":"product","2":"type-product","3":"status-publish","4":"has-post-thumbnail","6":"product_cat-health-wellness","7":"product_cat-continuous-flow","8":"product_cat-home-oxygen-machine","9":"product_cat-oxygen-concentrators","10":"product_cat-respiratory-care-oxygen-therapy","12":"first","13":"instock","14":"sale","15":"shipping-taxable","16":"purchasable","17":"product-type-simple"},"_links":{"self":[{"href":"https:\/\/broxtal.com\/de\/wp-json\/wp\/v2\/product\/38676","targetHints":{"allow":["GET"]}}],"collection":[{"href":"https:\/\/broxtal.com\/de\/wp-json\/wp\/v2\/product"}],"about":[{"href":"https:\/\/broxtal.com\/de\/wp-json\/wp\/v2\/types\/product"}],"replies":[{"embeddable":true,"href":"https:\/\/broxtal.com\/de\/wp-json\/wp\/v2\/comments?post=38676"}],"version-history":[{"count":4,"href":"https:\/\/broxtal.com\/de\/wp-json\/wp\/v2\/product\/38676\/revisions"}],"predecessor-version":[{"id":38687,"href":"https:\/\/broxtal.com\/de\/wp-json\/wp\/v2\/product\/38676\/revisions\/38687"}],"wp:featuredmedia":[{"embeddable":true,"href":"https:\/\/broxtal.com\/de\/wp-json\/wp\/v2\/media\/38683"}],"wp:attachment":[{"href":"https:\/\/broxtal.com\/de\/wp-json\/wp\/v2\/media?parent=38676"}],"wp:term":[{"taxonomy":"product_brand","embeddable":true,"href":"https:\/\/broxtal.com\/de\/wp-json\/wp\/v2\/product_brand?post=38676"},{"taxonomy":"product_cat","embeddable":true,"href":"https:\/\/broxtal.com\/de\/wp-json\/wp\/v2\/product_cat?post=38676"},{"taxonomy":"product_tag","embeddable":true,"href":"https:\/\/broxtal.com\/de\/wp-json\/wp\/v2\/product_tag?post=38676"}],"curies":[{"name":"wp","href":"https:\/\/api.w.org\/{rel}","templated":true}]}}