{"id":129,"date":"2017-11-28T08:26:45","date_gmt":"2017-11-28T08:26:45","guid":{"rendered":"http:\/\/demo2.drfuri.com\/martfury12\/?page_id=129"},"modified":"2025-12-24T14:54:12","modified_gmt":"2025-12-24T14:54:12","slug":"about-us","status":"publish","type":"page","link":"https:\/\/broxtal.com\/es\/about-us\/","title":{"rendered":"Qui\u00e9nes somos"},"content":{"rendered":"<div data-elementor-type=\"wp-post\" data-elementor-id=\"129\" class=\"elementor elementor-129\" data-elementor-post-type=\"page\">\n\t\t\t\t\t\t<section class=\"elementor-section elementor-top-section elementor-element elementor-element-1d12baa wd-section-stretch elementor-section-content-middle elementor-section-boxed elementor-section-height-default elementor-section-height-default\" data-id=\"1d12baa\" data-element_type=\"section\" data-settings=\"{&quot;background_background&quot;:&quot;classic&quot;}\">\n\t\t\t\t\t\t\t<div class=\"elementor-background-overlay\"><\/div>\n\t\t\t\t\t\t\t<div class=\"elementor-container elementor-column-gap-no\">\n\t\t\t\t\t<div class=\"elementor-column elementor-col-50 elementor-top-column elementor-element elementor-element-30b213e2\" data-id=\"30b213e2\" data-element_type=\"column\" data-settings=\"{&quot;background_background&quot;:&quot;classic&quot;}\">\n\t\t\t<div class=\"elementor-widget-wrap elementor-element-populated\">\n\t\t\t\t\t\t<section class=\"elementor-section elementor-inner-section elementor-element elementor-element-3e597c3f elementor-section-boxed elementor-section-height-default elementor-section-height-default\" data-id=\"3e597c3f\" data-element_type=\"section\" data-settings=\"{&quot;background_background&quot;:&quot;classic&quot;}\">\n\t\t\t\t\t\t<div class=\"elementor-container elementor-column-gap-default\">\n\t\t\t\t\t<div class=\"elementor-column elementor-col-100 elementor-inner-column elementor-element elementor-element-5d666a8a\" data-id=\"5d666a8a\" data-element_type=\"column\">\n\t\t\t<div class=\"elementor-widget-wrap elementor-element-populated\">\n\t\t\t\t\t\t<div class=\"elementor-element elementor-element-146c4988 wd-width-100 elementor-widget elementor-widget-wd_title\" data-id=\"146c4988\" data-element_type=\"widget\" data-widget_type=\"wd_title.default\">\n\t\t\t\t<div class=\"elementor-widget-container\">\n\t\t\t\t\t\t\t<div class=\"title-wrapper set-mb-s reset-last-child wd-title-color-default wd-title-style-default wd-title-size-default text-left\">\n\n\t\t\t\n\t\t\t<div class=\"liner-continer\">\n\t\t\t\t<h4 class=\"woodmart-title-container title wd-fontsize-l\">Qui\u00e9nes somos<\/h4> \n\t\t\t\t\t\t\t<\/div>\n\n\t\t\t\t\t<\/div>\n\t\t\t\t\t\t<\/div>\n\t\t\t\t<\/div>\n\t\t\t\t<div class=\"elementor-element elementor-element-dae4bad elementor-widget elementor-widget-wd_text_block\" data-id=\"dae4bad\" data-element_type=\"widget\" data-widget_type=\"wd_text_block.default\">\n\t\t\t\t<div class=\"elementor-widget-container\">\n\t\t\t\t\t\t\t<div class=\"wd-text-block reset-last-child text-left\">\n\t\t\t\n\t\t\t<p class=\"p1\">En <strong>Broxtal<\/strong>Creemos que la movilidad no debe ser un lujo, sino la clave de una vida plena y activa. Estamos especializados en proporcionar <strong>soluciones de bienestar y confort de alta calidad<\/strong> dise\u00f1ados para ayudarle a mantener su independencia en casa y fuera de ella.<\/p><p class=\"p1\">Broxtal se fund\u00f3 con una misi\u00f3n sencilla: hacer <strong>soluciones fiables de bienestar y movilidad al alcance de todos<\/strong>. En un mercado a menudo repleto de equipos excesivamente complicados, nos desmarcamos del ruido ofreciendo una cuidada selecci\u00f3n de herramientas de uso dom\u00e9stico dise\u00f1adas para ser pr\u00e1cticas y duraderas.<\/p><p class=\"p1\">Colaboramos estrechamente con <strong>socios fabricantes de confianza<\/strong> para garantizar que todos los art\u00edculos que enviamos cumplen nuestras estrictas normas de seguridad y rendimiento.<\/p><p class=\"p1\">Creemos en la compra informada. Por eso, nuestro equipo ofrece informaci\u00f3n clara y sin jerga, as\u00ed como un servicio postventa receptivo.<\/p><p class=\"p1\">Desde ligeras herramientas de movilidad hasta equipos de bienestar para uso dom\u00e9stico, todos los productos de nuestra colecci\u00f3n se seleccionan a mano por su durabilidad y facilidad de uso.<\/p><p class=\"p2\">Nos centramos en <strong>\"bienestar y estilo de vida\"<\/strong> proporcionando<span class=\"Apple-converted-space\">\u00a0 <\/span>apoyo y confort que se integra perfectamente en su hogar.<\/p><p class=\"p1\">Proporcionamos especificaciones detalladas y orientaci\u00f3n honesta para que pueda tomar la mejor decisi\u00f3n para su estilo de vida \u00fanico. Con un servicio de asistencia especializado y una log\u00edstica optimizada en el Reino Unido y Europa, Broxtal est\u00e1 aqu\u00ed para ayudarle en su camino hacia un d\u00eda a d\u00eda m\u00e1s c\u00f3modo y m\u00f3vil.<\/p><p class=\"p1\"><br \/>En <strong>Broxtal<\/strong>Su comodidad es nuestra prioridad y su confianza nuestro mayor activo.<\/p>\n\t\t\t\t\t<\/div>\n\t\t\t\t\t\t<\/div>\n\t\t\t\t<\/div>\n\t\t\t\t<div class=\"elementor-element elementor-element-1447593f elementor-widget__width-auto elementor-widget elementor-widget-wd_infobox\" data-id=\"1447593f\" data-element_type=\"widget\" data-widget_type=\"wd_infobox.default\">\n\t\t\t\t<div class=\"elementor-widget-container\">\n\t\t\t\t\t\t\t<div class=\"info-box-wrapper\">\n\t\t\t<div class=\"wd-info-box text-center box-icon-align-right box-style-base color-scheme- wd-items-top\">\n\t\t\t\t\t\t\t\t\t<div class=\"box-icon-wrapper  box-with-icon box-icon-simple\">\n\t\t\t\t\t\t<div class=\"info-box-icon\">\n\t\t\t\t\t\t\t\t\t\t\t\t\t\t\t<img decoding=\"async\" width=\"110\" height=\"65\" src=\"https:\/\/broxtal.com\/wp-content\/uploads\/2022\/09\/jewellery-sign-min.png\" class=\"attachment-full size-full\" alt=\"\" srcset=\"https:\/\/broxtal.com\/wp-content\/uploads\/2022\/09\/jewellery-sign-min.png 110w, https:\/\/broxtal.com\/wp-content\/uploads\/2022\/09\/jewellery-sign-min-60x35.png 60w\" sizes=\"(max-width: 110px) 100vw, 110px\" \/>\t\t\t\t\t\t\t\t\t\t\t\t\t<\/div>\n\t\t\t\t\t<\/div>\n\t\t\t\t\n\t\t\t\t<div class=\"info-box-content\">\n\t\t\t\t\t\n\t\t\t\t\t\n\t\t\t\t\t<div class=\"info-box-inner set-cont-mb-s reset-last-child\"data-elementor-setting-key=\"content\"><\/div>\n\n\t\t\t\t\t\t\t\t\t<\/div>\n\n\t\t\t\t\t\t\t<\/div>\n\t\t<\/div>\n\t\t\t\t\t\t<\/div>\n\t\t\t\t<\/div>\n\t\t\t\t\t<\/div>\n\t\t<\/div>\n\t\t\t\t\t<\/div>\n\t\t<\/section>\n\t\t\t\t\t<\/div>\n\t\t<\/div>\n\t\t\t\t<div class=\"elementor-column elementor-col-50 elementor-top-column elementor-element elementor-element-4388cdd5\" data-id=\"4388cdd5\" data-element_type=\"column\">\n\t\t\t<div class=\"elementor-widget-wrap elementor-element-populated\">\n\t\t\t\t\t\t<div class=\"elementor-element elementor-element-1b9ba7cb elementor-widget elementor-widget-wd_image_or_svg\" data-id=\"1b9ba7cb\" data-element_type=\"widget\" data-widget_type=\"wd_image_or_svg.default\">\n\t\t\t\t<div class=\"elementor-widget-container\">\n\t\t\t\t\t\n\t\t<div class=\"wd-image text-center\">\n\t\t\t\t\t\t\t\t<img fetchpriority=\"high\" decoding=\"async\" width=\"1000\" height=\"750\" src=\"https:\/\/broxtal.com\/wp-content\/uploads\/2023\/05\/Untitled-design-2.jpg\" class=\"attachment-full size-full\" alt=\"\" srcset=\"https:\/\/broxtal.com\/wp-content\/uploads\/2023\/05\/Untitled-design-2.jpg 1000w, https:\/\/broxtal.com\/wp-content\/uploads\/2023\/05\/Untitled-design-2-600x450.jpg 600w, https:\/\/broxtal.com\/wp-content\/uploads\/2023\/05\/Untitled-design-2-150x113.jpg 150w, https:\/\/broxtal.com\/wp-content\/uploads\/2023\/05\/Untitled-design-2-400x300.jpg 400w, https:\/\/broxtal.com\/wp-content\/uploads\/2023\/05\/Untitled-design-2-768x576.jpg 768w, https:\/\/broxtal.com\/wp-content\/uploads\/2023\/05\/Untitled-design-2-860x645.jpg 860w, https:\/\/broxtal.com\/wp-content\/uploads\/2023\/05\/Untitled-design-2-60x45.jpg 60w, https:\/\/broxtal.com\/wp-content\/uploads\/2023\/05\/Untitled-design-2-110x83.jpg 110w, https:\/\/broxtal.com\/wp-content\/uploads\/2023\/05\/Untitled-design-2-700x525.jpg 700w\" sizes=\"(max-width: 1000px) 100vw, 1000px\" \/>\t\t\t\t\t<\/div>\n\n\t\t\t\t\t\t<\/div>\n\t\t\t\t<\/div>\n\t\t\t\t\t<\/div>\n\t\t<\/div>\n\t\t\t\t\t<\/div>\n\t\t<\/section>\n\t\t\t\t<\/div>","protected":false},"excerpt":{"rendered":"<p>About us At Broxtal, we believe that mobility shouldn&#8217;t be a luxury\u2014it\u2019s the key to a full, active life. We<\/p>","protected":false},"author":1,"featured_media":0,"parent":0,"menu_order":0,"comment_status":"closed","ping_status":"closed","template":"","meta":{"footnotes":""},"class_list":["post-129","page","type-page","status-publish","hentry"],"_links":{"self":[{"href":"https:\/\/broxtal.com\/es\/wp-json\/wp\/v2\/pages\/129","targetHints":{"allow":["GET"]}}],"collection":[{"href":"https:\/\/broxtal.com\/es\/wp-json\/wp\/v2\/pages"}],"about":[{"href":"https:\/\/broxtal.com\/es\/wp-json\/wp\/v2\/types\/page"}],"author":[{"embeddable":true,"href":"https:\/\/broxtal.com\/es\/wp-json\/wp\/v2\/users\/1"}],"replies":[{"embeddable":true,"href":"https:\/\/broxtal.com\/es\/wp-json\/wp\/v2\/comments?post=129"}],"version-history":[{"count":6,"href":"https:\/\/broxtal.com\/es\/wp-json\/wp\/v2\/pages\/129\/revisions"}],"predecessor-version":[{"id":38845,"href":"https:\/\/broxtal.com\/es\/wp-json\/wp\/v2\/pages\/129\/revisions\/38845"}],"wp:attachment":[{"href":"https:\/\/broxtal.com\/es\/wp-json\/wp\/v2\/media?parent=129"}],"curies":[{"name":"wp","href":"https:\/\/api.w.org\/{rel}","templated":true}]}}