{"id":5011,"date":"2022-06-27T16:30:31","date_gmt":"2022-06-27T15:30:31","guid":{"rendered":"https:\/\/uk.brotsy.com\/?page_id=5011"},"modified":"2023-05-16T22:50:49","modified_gmt":"2023-05-16T21:50:49","slug":"cookie-policy","status":"publish","type":"page","link":"https:\/\/broxtal.com\/es\/cookie-policy\/","title":{"rendered":"Pol\u00edtica de cookies"},"content":{"rendered":"<p><strong>\u00bfQu\u00e9 son las cookies?<\/strong><\/p>\n\n\n\n<p>Las cookies son peque\u00f1os archivos de texto que los sitios web que visita colocan en su ordenador. Nuestro sitio y nuestros socios utilizan cookies para mejorar su experiencia, analizar el tr\u00e1fico y para la personalizaci\u00f3n y medici\u00f3n de anuncios.<\/p>\n\n\n\n<p>Puede restringir o bloquear las cookies mediante la configuraci\u00f3n de su navegador. La informaci\u00f3n sobre c\u00f3mo hacerlo se detalla m\u00e1s adelante en la secci\u00f3n \"C\u00f3mo gestionar las cookies\".<\/p>\n\n\n\n<p><strong>C\u00f3mo gestionar las cookies<\/strong><\/p>\n\n\n\n<p>Algunas cookies son estrictamente necesarias para permitirle utilizar el sitio web y sus funciones, como el almacenamiento de art\u00edculos en su cesta. Sin estas cookies, no se pueden ofrecer estas funciones, lo que puede afectar a la funcionalidad del sitio web y hacer que no pueda comprar en \u00e9l.<\/p>\n\n\n\n<p>Puede seleccionar las cookies que desea que este sitio web almacene en su dispositivo cambiando la configuraci\u00f3n de su navegador. Cada navegador permite restringir o bloquear las cookies de diferentes maneras.<\/p>\n\n\n\n<p>Encontrar\u00e1 informaci\u00f3n detallada sobre c\u00f3mo hacerlo en cada navegador en el sitio web del ICO (tenga en cuenta que no somos responsables del contenido de sitios web externos), visite:&nbsp;<a href=\"https:\/\/ico.org.uk\/your-data-matters\/online\/cookies\/\" target=\"_blank\" rel=\"noopener\">https:\/\/ico.org.uk\/your-data-matters\/online\/cookies\/<\/a><\/p>\n\n\n\n<p>En la mayor\u00eda de los navegadores se pueden utilizar modos de navegaci\u00f3n privada que no suelen guardar datos locales asociados a la sesi\u00f3n, como las cookies. \u00c9stas suelen borrarse al cerrar todas las ventanas.<\/p>\n\n\n\n<p>Puede instalar un complemento de navegador para inhabilitar Google Analytics en su navegador en todos los sitios web (tenga en cuenta que no somos responsables del contenido de los sitios web externos), visite:&nbsp;<a href=\"https:\/\/tools.google.com\/dlpage\/gaoptout\" target=\"_blank\" rel=\"noopener\">https:\/\/tools.google.com\/dlpage\/gaoptout<\/a><\/p>\n\n\n\n<p><strong>Tipos de cookies<\/strong><\/p>\n\n\n\n<p>Cookies de origen: las instala el sitio web al que ha accedido. Suelen utilizarse para recordar sus preferencias en el sitio web, como su moneda preferida o los art\u00edculos de su cesta.<\/p>\n\n\n\n<p>Cookies de terceros: las instala un sitio web distinto de aquel al que est\u00e1 accediendo.<\/p>\n\n\n\n<p>Cookies de sesi\u00f3n: son cookies temporales que se eliminan al cerrar el navegador.<\/p>\n\n\n\n<p>Cookies persistentes: permanecen en su dispositivo hasta que usted las borra o caducan.<\/p>\n\n\n\n<p><strong>Cookies que se utilizan en nuestro sitio web<\/strong><\/p>\n\n\n\n<p>Hemos documentado los socios y herramientas que crean cookies que son utilizados por este sitio web y nuestros socios utilizan y su prop\u00f3sito. Tenga en cuenta que no somos responsables del contenido de los sitios web externos.<\/p>\n\n\n\n<p><strong>Google Analytics<\/strong><\/p>\n\n\n\n<p>Estas cookies se utilizan para recopilar informaci\u00f3n sobre c\u00f3mo los visitantes utilizan nuestro sitio. Utilizamos esta informaci\u00f3n para elaborar informes y ayudarnos a mejorar el sitio. Las cookies recopilan informaci\u00f3n de forma an\u00f3nima, incluido el n\u00famero de visitantes del sitio, desde d\u00f3nde han llegado y las p\u00e1ginas que han visitado.<\/p>\n\n\n\n<p>Descubra c\u00f3mo inhabilitar Google Analytics en todos los sitios web en la secci\u00f3n \"C\u00f3mo gestionar las cookies\".<\/p>\n\n\n\n<p>Puede obtener m\u00e1s informaci\u00f3n sobre el uso que hace Google de la informaci\u00f3n aqu\u00ed:&nbsp;<a href=\"https:\/\/policies.google.com\/technologies\/partner-sites\" target=\"_blank\" rel=\"noopener\">https:\/\/policies.google.com\/technologies\/partner-sites<\/a>.<\/p>\n\n\n\n<p><strong>Anuncios de Google (y DoubleClick)<\/strong><\/p>\n\n\n\n<p>Google Ads utiliza cookies para mejorar la publicidad orient\u00e1ndola en funci\u00f3n de lo que es relevante para el usuario. Tambi\u00e9n permiten elaborar informes sobre el rendimiento de la publicidad y evitar mostrar anuncios que el usuario ya ha visto. Este producto recopila y utiliza datos mediante cookies. Los datos recopilados pueden utilizarse para personalizar la publicidad. Puede obtener m\u00e1s informaci\u00f3n sobre el uso que hace Google de la informaci\u00f3n aqu\u00ed:&nbsp;<a href=\"https:\/\/policies.google.com\/technologies\/partner-sites\" target=\"_blank\" rel=\"noopener\">https:\/\/policies.google.com\/technologies\/partner-sites<\/a>.<\/p>\n\n\n\n<p>Puede revocar su consentimiento para la personalizaci\u00f3n de anuncios por parte de Google aqu\u00ed:&nbsp;<a href=\"https:\/\/adssettings.google.com\/\" target=\"_blank\" rel=\"noopener\">https:\/\/adssettings.google.com\/<\/a><\/p>\n\n\n\n<p><strong>Google reCAPTCHA<\/strong><\/p>\n\n\n\n<p>Google reCAPTCHA se utiliza para ayudar a establecer que un usuario es humano y mejora la seguridad en nuestro sitio web. Este producto recopila y utiliza datos mediante cookies. Los datos recopilados pueden utilizarse para personalizar la publicidad. Puede obtener m\u00e1s informaci\u00f3n sobre el uso que hace Google de la informaci\u00f3n aqu\u00ed:&nbsp;<a href=\"https:\/\/policies.google.com\/technologies\/partner-sites\" target=\"_blank\" rel=\"noopener\">https:\/\/policies.google.com\/technologies\/partner-sites<\/a>.<\/p>\n\n\n\n<p><strong>\u00bfCu\u00e1nto tiempo permanecer\u00e1n las cookies en mi ordenador o dispositivo m\u00f3vil?<\/strong><\/p>\n\n\n\n<p>El tiempo que una cookie permanece en su ordenador o dispositivo m\u00f3vil depende de si se trata de una cookie \"persistente\" o \"de sesi\u00f3n\". Las cookies de sesi\u00f3n duran hasta que usted deja de navegar y las cookies persistentes duran hasta que caducan o se borran. La mayor\u00eda de las cookies que utilizamos son persistentes y expiran entre 30 minutos y dos a\u00f1os despu\u00e9s de la fecha en que se descargan en su dispositivo. Consulte la secci\u00f3n siguiente sobre c\u00f3mo controlar las cookies para obtener m\u00e1s informaci\u00f3n sobre c\u00f3mo eliminarlas antes de que caduquen.<\/p>","protected":false},"excerpt":{"rendered":"<p>What are cookies? Cookies are small text files that are placed on your computer by websites that you visit. Our<\/p>","protected":false},"author":1,"featured_media":0,"parent":0,"menu_order":0,"comment_status":"closed","ping_status":"closed","template":"","meta":{"footnotes":""},"class_list":["post-5011","page","type-page","status-publish","hentry"],"_links":{"self":[{"href":"https:\/\/broxtal.com\/es\/wp-json\/wp\/v2\/pages\/5011","targetHints":{"allow":["GET"]}}],"collection":[{"href":"https:\/\/broxtal.com\/es\/wp-json\/wp\/v2\/pages"}],"about":[{"href":"https:\/\/broxtal.com\/es\/wp-json\/wp\/v2\/types\/page"}],"author":[{"embeddable":true,"href":"https:\/\/broxtal.com\/es\/wp-json\/wp\/v2\/users\/1"}],"replies":[{"embeddable":true,"href":"https:\/\/broxtal.com\/es\/wp-json\/wp\/v2\/comments?post=5011"}],"version-history":[{"count":0,"href":"https:\/\/broxtal.com\/es\/wp-json\/wp\/v2\/pages\/5011\/revisions"}],"wp:attachment":[{"href":"https:\/\/broxtal.com\/es\/wp-json\/wp\/v2\/media?parent=5011"}],"curies":[{"name":"wp","href":"https:\/\/api.w.org\/{rel}","templated":true}]}}