{"id":24453,"date":"2023-10-05T09:47:46","date_gmt":"2023-10-05T08:47:46","guid":{"rendered":"https:\/\/broxtal.com\/?post_type=product&#038;p=24453"},"modified":"2026-01-09T01:01:52","modified_gmt":"2026-01-09T01:01:52","slug":"waterproof-bed-bug-mattress-protector","status":"publish","type":"product","link":"https:\/\/broxtal.com\/es\/producto\/waterproof-bed-bug-mattress-protector\/","title":{"rendered":"Protector de colch\u00f3n impermeable contra chinches"},"content":{"rendered":"<div data-elementor-type=\"wp-post\" data-elementor-id=\"24453\" class=\"elementor elementor-24453\" data-elementor-post-type=\"product\">\n\t\t\t\t<div class=\"elementor-element elementor-element-a232121 e-flex e-con-boxed e-con e-parent\" data-id=\"a232121\" data-element_type=\"container\">\n\t\t\t\t\t<div class=\"e-con-inner\">\n\t\t<div class=\"elementor-element elementor-element-fa20e02 e-con-full e-flex e-con e-child\" data-id=\"fa20e02\" data-element_type=\"container\">\n\t\t\t\t<div class=\"elementor-element elementor-element-50d62e9 elementor-widget elementor-widget-wd_text_block\" data-id=\"50d62e9\" data-element_type=\"widget\" data-widget_type=\"wd_text_block.default\">\n\t\t\t\t<div class=\"elementor-widget-container\">\n\t\t\t\t\t\t\t<div class=\"wd-text-block reset-last-child text-center\">\n\t\t\t\n\t\t\t<h1 style=\"text-align: center;\"><strong>Duerma tranquilo con nuestro protector contra chinches\u00a0<\/strong><\/h1><p>\u00a0<\/p><p style=\"text-align: center;\">Nuestro protector contra chinches es la soluci\u00f3n definitiva para un sue\u00f1o tranquilo y libre de chinches. Fabricado con precisi\u00f3n y dise\u00f1ado para durar, nuestro protector garantiza que su colch\u00f3n se mantenga impecable, promoviendo un entorno de sue\u00f1o saludable para usted y sus seres queridos.<\/p>\n\t\t\t\t\t<\/div>\n\t\t\t\t\t\t<\/div>\n\t\t\t\t<\/div>\n\t\t\t\t<\/div>\n\t\t<div class=\"elementor-element elementor-element-54c71a1 e-con-full e-flex e-con e-child\" data-id=\"54c71a1\" data-element_type=\"container\">\n\t\t\t\t<div class=\"elementor-element elementor-element-97bf555 elementor-widget elementor-widget-image\" data-id=\"97bf555\" data-element_type=\"widget\" data-widget_type=\"image.default\">\n\t\t\t\t<div class=\"elementor-widget-container\">\n\t\t\t\t\t\t\t\t\t\t\t\t\t\t\t<img fetchpriority=\"high\" decoding=\"async\" width=\"800\" height=\"800\" src=\"https:\/\/broxtal.com\/wp-content\/uploads\/2023\/10\/S8c56c6805de24cea94026342da50153dC.webp\" class=\"attachment-large size-large wp-image-29502\" alt=\"\" srcset=\"https:\/\/broxtal.com\/wp-content\/uploads\/2023\/10\/S8c56c6805de24cea94026342da50153dC.webp 800w, https:\/\/broxtal.com\/wp-content\/uploads\/2023\/10\/S8c56c6805de24cea94026342da50153dC-600x600.webp 600w, https:\/\/broxtal.com\/wp-content\/uploads\/2023\/10\/S8c56c6805de24cea94026342da50153dC-150x150.webp 150w, https:\/\/broxtal.com\/wp-content\/uploads\/2023\/10\/S8c56c6805de24cea94026342da50153dC-300x300.webp 300w, https:\/\/broxtal.com\/wp-content\/uploads\/2023\/10\/S8c56c6805de24cea94026342da50153dC-768x768.webp 768w, https:\/\/broxtal.com\/wp-content\/uploads\/2023\/10\/S8c56c6805de24cea94026342da50153dC-60x60.webp 60w, https:\/\/broxtal.com\/wp-content\/uploads\/2023\/10\/S8c56c6805de24cea94026342da50153dC-110x110.webp 110w, https:\/\/broxtal.com\/wp-content\/uploads\/2023\/10\/S8c56c6805de24cea94026342da50153dC-32x32.webp 32w\" sizes=\"(max-width: 800px) 100vw, 800px\" \/>\t\t\t\t\t\t\t\t\t\t\t\t\t\t\t<\/div>\n\t\t\t\t<\/div>\n\t\t\t\t<\/div>\n\t\t\t\t\t<\/div>\n\t\t\t\t<\/div>\n\t\t<div class=\"elementor-element elementor-element-fc8d79f e-grid e-con-boxed e-con e-parent\" data-id=\"fc8d79f\" data-element_type=\"container\">\n\t\t\t\t\t<div class=\"e-con-inner\">\n\t\t\t\t<div class=\"elementor-element elementor-element-9296668 elementor-widget elementor-widget-image\" data-id=\"9296668\" data-element_type=\"widget\" data-widget_type=\"image.default\">\n\t\t\t\t<div class=\"elementor-widget-container\">\n\t\t\t\t\t\t\t\t\t\t\t\t\t\t\t<img decoding=\"async\" width=\"800\" height=\"800\" src=\"https:\/\/broxtal.com\/wp-content\/uploads\/2023\/10\/S01474fe18afb4116bde639f74bd22c26I.webp\" class=\"attachment-large size-large wp-image-29504\" alt=\"\" srcset=\"https:\/\/broxtal.com\/wp-content\/uploads\/2023\/10\/S01474fe18afb4116bde639f74bd22c26I.webp 800w, https:\/\/broxtal.com\/wp-content\/uploads\/2023\/10\/S01474fe18afb4116bde639f74bd22c26I-600x600.webp 600w, https:\/\/broxtal.com\/wp-content\/uploads\/2023\/10\/S01474fe18afb4116bde639f74bd22c26I-150x150.webp 150w, https:\/\/broxtal.com\/wp-content\/uploads\/2023\/10\/S01474fe18afb4116bde639f74bd22c26I-300x300.webp 300w, https:\/\/broxtal.com\/wp-content\/uploads\/2023\/10\/S01474fe18afb4116bde639f74bd22c26I-768x768.webp 768w, https:\/\/broxtal.com\/wp-content\/uploads\/2023\/10\/S01474fe18afb4116bde639f74bd22c26I-60x60.webp 60w, https:\/\/broxtal.com\/wp-content\/uploads\/2023\/10\/S01474fe18afb4116bde639f74bd22c26I-110x110.webp 110w, https:\/\/broxtal.com\/wp-content\/uploads\/2023\/10\/S01474fe18afb4116bde639f74bd22c26I-32x32.webp 32w\" sizes=\"(max-width: 800px) 100vw, 800px\" \/>\t\t\t\t\t\t\t\t\t\t\t\t\t\t\t<\/div>\n\t\t\t\t<\/div>\n\t\t\t\t<div class=\"elementor-element elementor-element-2cf03ee elementor-widget elementor-widget-wd_text_block\" data-id=\"2cf03ee\" data-element_type=\"widget\" data-widget_type=\"wd_text_block.default\">\n\t\t\t\t<div class=\"elementor-widget-container\">\n\t\t\t\t\t\t\t<div class=\"wd-text-block reset-last-child text-left\">\n\t\t\t\n\t\t\t<p><strong>Absorbente y silencioso<\/strong>: Disfrute de un sue\u00f1o tranquilo sobre un protector de colch\u00f3n muy absorbente y silencioso. Est\u00e1 dise\u00f1ado para mejorar tu confort sin interrumpir tu descanso.<\/p><p><strong>Transpirable y termorregulador<\/strong>: Nuestro protector contra chinches es altamente transpirable, permitiendo la circulaci\u00f3n del aire para regular su calor corporal. Disfrute de una noche de sue\u00f1o fresca y c\u00f3moda en verano y c\u00e1lida durante el invierno.<\/p><p><strong>Ajuste seguro<\/strong>: Con su fald\u00f3n el\u00e1stico totalmente extensible, nuestro protector se ajusta perfectamente a su colch\u00f3n, como una s\u00e1bana bajera. Sin deslizamientos ni complicaciones, solo un ajuste seguro y c\u00f3modo.<\/p>\n\t\t\t\t\t<\/div>\n\t\t\t\t\t\t<\/div>\n\t\t\t\t<\/div>\n\t\t\t\t\t<\/div>\n\t\t\t\t<\/div>\n\t\t<div class=\"elementor-element elementor-element-d94637c e-grid e-con-boxed e-con e-parent\" data-id=\"d94637c\" data-element_type=\"container\">\n\t\t\t\t\t<div class=\"e-con-inner\">\n\t\t\t\t<div class=\"elementor-element elementor-element-ea7a77b elementor-widget elementor-widget-wd_text_block\" data-id=\"ea7a77b\" data-element_type=\"widget\" data-widget_type=\"wd_text_block.default\">\n\t\t\t\t<div class=\"elementor-widget-container\">\n\t\t\t\t\t\t\t<div class=\"wd-text-block reset-last-child text-left\">\n\t\t\t\n\t\t\t<h2><strong>Caracter\u00edsticas de nuestro protector contra chinches<\/strong>:<\/h2><p><strong>100% Impermeable<\/strong>: Nuestra\u00a0<strong>Protector contra chinches<\/strong>\u00a0est\u00e1 fabricado con material de primera calidad que es completamente impermeable. Protege su colch\u00f3n de los l\u00edquidos, garantizando que se mantenga limpio y libre de manchas.<\/p><p><strong>Ajuste sin costuras:<\/strong>\u00a0Dise\u00f1ado para adaptarse perfectamente a su colch\u00f3n, nuestro protector ofrece un ajuste ce\u00f1ido y seguro, garantizando una cobertura completa contra las chinches.<\/p><p><strong>Confort transpirable:<\/strong>\u00a0Disfrute de un sue\u00f1o tranquilo sin renunciar a la comodidad. Nuestro protector es transpirable, lo que le permite dormir fresco y sin molestias.<\/p><p><strong>Se acabaron los picores:<\/strong>\u00a0Desp\u00eddase de las picaduras y de los trastornos del sue\u00f1o causados por las chinches. Nuestro protector las mantiene alejadas, permiti\u00e9ndole dormir c\u00f3modamente.<\/p><p>\u00a0<\/p>\n\t\t\t\t\t<\/div>\n\t\t\t\t\t\t<\/div>\n\t\t\t\t<\/div>\n\t\t\t\t<div class=\"elementor-element elementor-element-dc60ea1 elementor-widget elementor-widget-image\" data-id=\"dc60ea1\" data-element_type=\"widget\" data-widget_type=\"image.default\">\n\t\t\t\t<div class=\"elementor-widget-container\">\n\t\t\t\t\t\t\t\t\t\t\t\t\t\t\t<img decoding=\"async\" width=\"1199\" height=\"800\" src=\"https:\/\/broxtal.com\/wp-content\/uploads\/2023\/10\/Bamboo-1199x800.webp\" class=\"attachment-large size-large wp-image-29237\" alt=\"\" srcset=\"https:\/\/broxtal.com\/wp-content\/uploads\/2023\/10\/Bamboo-1199x800.webp 1199w, https:\/\/broxtal.com\/wp-content\/uploads\/2023\/10\/Bamboo-600x400.webp 600w, https:\/\/broxtal.com\/wp-content\/uploads\/2023\/10\/Bamboo-150x100.webp 150w, https:\/\/broxtal.com\/wp-content\/uploads\/2023\/10\/Bamboo-1200x801.webp 1200w, https:\/\/broxtal.com\/wp-content\/uploads\/2023\/10\/Bamboo-400x267.webp 400w, https:\/\/broxtal.com\/wp-content\/uploads\/2023\/10\/Bamboo-768x512.webp 768w, https:\/\/broxtal.com\/wp-content\/uploads\/2023\/10\/Bamboo-60x40.webp 60w, https:\/\/broxtal.com\/wp-content\/uploads\/2023\/10\/Bamboo-110x73.webp 110w, https:\/\/broxtal.com\/wp-content\/uploads\/2023\/10\/Bamboo.webp 1535w\" sizes=\"(max-width: 1199px) 100vw, 1199px\" \/>\t\t\t\t\t\t\t\t\t\t\t\t\t\t\t<\/div>\n\t\t\t\t<\/div>\n\t\t\t\t\t<\/div>\n\t\t\t\t<\/div>\n\t\t<div class=\"elementor-element elementor-element-d1c7bf6 e-grid e-con-boxed e-con e-parent\" data-id=\"d1c7bf6\" data-element_type=\"container\">\n\t\t\t\t\t<div class=\"e-con-inner\">\n\t\t\t\t<div class=\"elementor-element elementor-element-d5fcbe5 elementor-widget elementor-widget-image\" data-id=\"d5fcbe5\" data-element_type=\"widget\" data-widget_type=\"image.default\">\n\t\t\t\t<div class=\"elementor-widget-container\">\n\t\t\t\t\t\t\t\t\t\t\t\t\t\t\t<img loading=\"lazy\" decoding=\"async\" width=\"800\" height=\"800\" src=\"https:\/\/broxtal.com\/wp-content\/uploads\/2023\/10\/S3436cc995a5f43f6a5d10204c501fb95t.webp\" class=\"attachment-large size-large wp-image-29503\" alt=\"\" srcset=\"https:\/\/broxtal.com\/wp-content\/uploads\/2023\/10\/S3436cc995a5f43f6a5d10204c501fb95t.webp 800w, https:\/\/broxtal.com\/wp-content\/uploads\/2023\/10\/S3436cc995a5f43f6a5d10204c501fb95t-600x600.webp 600w, https:\/\/broxtal.com\/wp-content\/uploads\/2023\/10\/S3436cc995a5f43f6a5d10204c501fb95t-150x150.webp 150w, https:\/\/broxtal.com\/wp-content\/uploads\/2023\/10\/S3436cc995a5f43f6a5d10204c501fb95t-300x300.webp 300w, https:\/\/broxtal.com\/wp-content\/uploads\/2023\/10\/S3436cc995a5f43f6a5d10204c501fb95t-768x768.webp 768w, https:\/\/broxtal.com\/wp-content\/uploads\/2023\/10\/S3436cc995a5f43f6a5d10204c501fb95t-60x60.webp 60w, https:\/\/broxtal.com\/wp-content\/uploads\/2023\/10\/S3436cc995a5f43f6a5d10204c501fb95t-110x110.webp 110w, https:\/\/broxtal.com\/wp-content\/uploads\/2023\/10\/S3436cc995a5f43f6a5d10204c501fb95t-32x32.webp 32w\" sizes=\"(max-width: 800px) 100vw, 800px\" \/>\t\t\t\t\t\t\t\t\t\t\t\t\t\t\t<\/div>\n\t\t\t\t<\/div>\n\t\t\t\t<div class=\"elementor-element elementor-element-f979ca6 elementor-widget elementor-widget-wd_text_block\" data-id=\"f979ca6\" data-element_type=\"widget\" data-widget_type=\"wd_text_block.default\">\n\t\t\t\t<div class=\"elementor-widget-container\">\n\t\t\t\t\t\t\t<div class=\"wd-text-block reset-last-child text-left\">\n\t\t\t\n\t\t\t<h2><strong>Especificaciones t\u00e9cnicas<\/strong>:<\/h2><p><strong>Material<\/strong> :<\/p><ul><li>Parte superior: 100% Fibra de bamb\u00fa<\/li><li>Relleno: Relleno m\u00e1s espeso y esponjoso<\/li><li>Dorso: TPU impermeable 100%<\/li><\/ul><p><strong style=\"font-size: 15px; text-align: var(--text-align); color: var(--wd-text-color);\">Tallas disponibles<\/strong><span style=\"font-size: 15px; text-align: var(--text-align); color: var(--wd-text-color);\">:<\/span><\/p><ul><li>Individual: 90cm X 200cm + 30cm<\/li><li>Doble: 137cm X 190cm + 35cm<\/li><li>Doble Peque\u00f1o 4Ft: 120cm X 200cm + 30cm<\/li><li>King: 198cm X 203cm + 35cm<\/li><li>Super King: 180cm X 200cm + 30cm<\/li><\/ul>\n\t\t\t\t\t<\/div>\n\t\t\t\t\t\t<\/div>\n\t\t\t\t<\/div>\n\t\t\t\t\t<\/div>\n\t\t\t\t<\/div>\n\t\t<div class=\"elementor-element elementor-element-5b2a872 e-grid e-con-boxed e-con e-parent\" data-id=\"5b2a872\" data-element_type=\"container\">\n\t\t\t\t\t<div class=\"e-con-inner\">\n\t\t\t\t\t<\/div>\n\t\t\t\t<\/div>\n\t\t<div class=\"elementor-element elementor-element-e6c7558 e-flex e-con-boxed e-con e-parent\" data-id=\"e6c7558\" data-element_type=\"container\">\n\t\t\t\t\t<div class=\"e-con-inner\">\n\t\t\t\t\t<\/div>\n\t\t\t\t<\/div>\n\t\t\t\t<\/div>","protected":false},"excerpt":{"rendered":"<p>Sleep Peacefully with Our Bed Bugs Protector\u00a0 Our Bed Bug Protector is the ultimate solution for a peaceful, bug-free sleep.<\/p>","protected":false},"featured_media":24455,"comment_status":"open","ping_status":"closed","template":"","meta":[],"product_brand":[],"product_cat":[1763],"product_tag":[280],"class_list":{"0":"post-24453","1":"product","2":"type-product","3":"status-publish","4":"has-post-thumbnail","6":"product_cat-masks-accessories","7":"product_tag-new","9":"first","10":"instock","11":"sale","12":"shipping-taxable","13":"purchasable","14":"product-type-variable"},"_links":{"self":[{"href":"https:\/\/broxtal.com\/es\/wp-json\/wp\/v2\/product\/24453","targetHints":{"allow":["GET"]}}],"collection":[{"href":"https:\/\/broxtal.com\/es\/wp-json\/wp\/v2\/product"}],"about":[{"href":"https:\/\/broxtal.com\/es\/wp-json\/wp\/v2\/types\/product"}],"replies":[{"embeddable":true,"href":"https:\/\/broxtal.com\/es\/wp-json\/wp\/v2\/comments?post=24453"}],"version-history":[{"count":1,"href":"https:\/\/broxtal.com\/es\/wp-json\/wp\/v2\/product\/24453\/revisions"}],"predecessor-version":[{"id":39363,"href":"https:\/\/broxtal.com\/es\/wp-json\/wp\/v2\/product\/24453\/revisions\/39363"}],"wp:featuredmedia":[{"embeddable":true,"href":"https:\/\/broxtal.com\/es\/wp-json\/wp\/v2\/media\/24455"}],"wp:attachment":[{"href":"https:\/\/broxtal.com\/es\/wp-json\/wp\/v2\/media?parent=24453"}],"wp:term":[{"taxonomy":"product_brand","embeddable":true,"href":"https:\/\/broxtal.com\/es\/wp-json\/wp\/v2\/product_brand?post=24453"},{"taxonomy":"product_cat","embeddable":true,"href":"https:\/\/broxtal.com\/es\/wp-json\/wp\/v2\/product_cat?post=24453"},{"taxonomy":"product_tag","embeddable":true,"href":"https:\/\/broxtal.com\/es\/wp-json\/wp\/v2\/product_tag?post=24453"}],"curies":[{"name":"wp","href":"https:\/\/api.w.org\/{rel}","templated":true}]}}