{"id":24516,"date":"2023-10-05T12:46:59","date_gmt":"2023-10-05T11:46:59","guid":{"rendered":"https:\/\/broxtal.com\/?post_type=product&#038;p=24516"},"modified":"2026-01-09T01:01:37","modified_gmt":"2026-01-09T01:01:37","slug":"6-sides-fully-enclosed-waterproof-bed-bug-mattress-protector","status":"publish","type":"product","link":"https:\/\/broxtal.com\/es\/producto\/6-sides-fully-enclosed-waterproof-bed-bug-mattress-protector\/","title":{"rendered":"Protector de colch\u00f3n contra chinches impermeable y totalmente cerrado"},"content":{"rendered":"<h1 style=\"text-align: center;\"><strong>La protecci\u00f3n perfecta para su colch\u00f3n: Protector de colch\u00f3n impermeable contra chinches<\/strong><\/h1>\n<h3 style=\"text-align: center;\"><em>Seguridad inigualable para cada sue\u00f1o<\/em><\/h3>\n<p style=\"text-align: center;\">Mejore su santuario del sue\u00f1o con nuestro protector de colch\u00f3n impermeable contra chinches. Fabricado para ofrecer la m\u00e1xima protecci\u00f3n al colch\u00f3n, este innovador protector de colch\u00f3n garantiza que tu cama permanezca limpia, seca y libre de chinches, mejorando la longevidad de tu colch\u00f3n y proporcion\u00e1ndote un sue\u00f1o reparador cada noche.<\/p>\n<p style=\"text-align: center;\">Elaborada con esmero y dise\u00f1ada para ofrecer una protecci\u00f3n total, esta <strong>protector de colch\u00f3n <\/strong>\u00a0es la soluci\u00f3n ideal para salvaguardar su inversi\u00f3n: su colch\u00f3n. Diga adi\u00f3s a las preocupaciones por derrames, manchas o molestas chinches; diga hola a una buena noche de sue\u00f1o, todas las noches.<\/p>\n<p>&nbsp;<\/p>\n<p><img fetchpriority=\"high\" decoding=\"async\" class=\"size-full wp-image-24562 aligncenter\" src=\"https:\/\/broxtal.com\/wp-content\/uploads\/2023\/10\/telechargement-2023-10-06T121239.902.jpg\" alt=\"\" width=\"800\" height=\"800\" srcset=\"https:\/\/broxtal.com\/wp-content\/uploads\/2023\/10\/telechargement-2023-10-06T121239.902.jpg 800w, https:\/\/broxtal.com\/wp-content\/uploads\/2023\/10\/telechargement-2023-10-06T121239.902-600x600.jpg 600w, https:\/\/broxtal.com\/wp-content\/uploads\/2023\/10\/telechargement-2023-10-06T121239.902-150x150.jpg 150w, https:\/\/broxtal.com\/wp-content\/uploads\/2023\/10\/telechargement-2023-10-06T121239.902-300x300.jpg 300w, https:\/\/broxtal.com\/wp-content\/uploads\/2023\/10\/telechargement-2023-10-06T121239.902-768x768.jpg 768w, https:\/\/broxtal.com\/wp-content\/uploads\/2023\/10\/telechargement-2023-10-06T121239.902-60x60.jpg 60w, https:\/\/broxtal.com\/wp-content\/uploads\/2023\/10\/telechargement-2023-10-06T121239.902-110x110.jpg 110w, https:\/\/broxtal.com\/wp-content\/uploads\/2023\/10\/telechargement-2023-10-06T121239.902-700x700.jpg 700w, https:\/\/broxtal.com\/wp-content\/uploads\/2023\/10\/telechargement-2023-10-06T121239.902-32x32.jpg 32w, https:\/\/broxtal.com\/wp-content\/uploads\/2023\/10\/telechargement-2023-10-06T121239.902-64x64.jpg 64w\" sizes=\"(max-width: 800px) 100vw, 800px\" \/><\/p>\n<h2><\/h2>\n<p>&nbsp;<\/p>\n<h2><strong>El protector de colch\u00f3n contra chinches Caracter\u00edsticas :<\/strong><\/h2>\n<ol>\n<li><strong>\u00a0Impermeabilizaci\u00f3n avanzada<\/strong> : Nuestro protector de colch\u00f3n est\u00e1 impermeabilizado por 6 lados, lo que garantiza una protecci\u00f3n completa contra l\u00edquidos y derrames. Mantenga su colch\u00f3n fresco y limpio, alargando su vida \u00fatil.<\/li>\n<li><strong>\u00a0Tejido de alta calidad<\/strong> : El tejido de la parte delantera est\u00e1 compuesto de fibra de poli\u00e9ster 100%, que proporciona una superficie suave y c\u00f3moda para dormir. Es transpirable, absorbe la humedad y es resistente al pilling y a la decoloraci\u00f3n, lo que garantiza una calidad duradera.<\/li>\n<\/ol>\n<p><img decoding=\"async\" class=\"size-full wp-image-24564 aligncenter\" src=\"https:\/\/broxtal.com\/wp-content\/uploads\/2023\/10\/telechargement-2023-10-06T121238.131.jpg\" alt=\"\" width=\"800\" height=\"800\" srcset=\"https:\/\/broxtal.com\/wp-content\/uploads\/2023\/10\/telechargement-2023-10-06T121238.131.jpg 800w, https:\/\/broxtal.com\/wp-content\/uploads\/2023\/10\/telechargement-2023-10-06T121238.131-600x600.jpg 600w, https:\/\/broxtal.com\/wp-content\/uploads\/2023\/10\/telechargement-2023-10-06T121238.131-150x150.jpg 150w, https:\/\/broxtal.com\/wp-content\/uploads\/2023\/10\/telechargement-2023-10-06T121238.131-300x300.jpg 300w, https:\/\/broxtal.com\/wp-content\/uploads\/2023\/10\/telechargement-2023-10-06T121238.131-768x768.jpg 768w, https:\/\/broxtal.com\/wp-content\/uploads\/2023\/10\/telechargement-2023-10-06T121238.131-60x60.jpg 60w, https:\/\/broxtal.com\/wp-content\/uploads\/2023\/10\/telechargement-2023-10-06T121238.131-110x110.jpg 110w, https:\/\/broxtal.com\/wp-content\/uploads\/2023\/10\/telechargement-2023-10-06T121238.131-700x700.jpg 700w, https:\/\/broxtal.com\/wp-content\/uploads\/2023\/10\/telechargement-2023-10-06T121238.131-32x32.jpg 32w, https:\/\/broxtal.com\/wp-content\/uploads\/2023\/10\/telechargement-2023-10-06T121238.131-64x64.jpg 64w\" sizes=\"(max-width: 800px) 100vw, 800px\" \/><\/p>\n<p><img decoding=\"async\" class=\"size-full wp-image-24521 aligncenter\" src=\"https:\/\/broxtal.com\/wp-content\/uploads\/2023\/10\/H2149fe915f6c40129a3dc2d309ce58cfj.webp\" alt=\"\" width=\"790\" height=\"930\" srcset=\"https:\/\/broxtal.com\/wp-content\/uploads\/2023\/10\/H2149fe915f6c40129a3dc2d309ce58cfj.webp 790w, https:\/\/broxtal.com\/wp-content\/uploads\/2023\/10\/H2149fe915f6c40129a3dc2d309ce58cfj-600x706.webp 600w, https:\/\/broxtal.com\/wp-content\/uploads\/2023\/10\/H2149fe915f6c40129a3dc2d309ce58cfj-150x177.webp 150w, https:\/\/broxtal.com\/wp-content\/uploads\/2023\/10\/H2149fe915f6c40129a3dc2d309ce58cfj-255x300.webp 255w, https:\/\/broxtal.com\/wp-content\/uploads\/2023\/10\/H2149fe915f6c40129a3dc2d309ce58cfj-680x800.webp 680w, https:\/\/broxtal.com\/wp-content\/uploads\/2023\/10\/H2149fe915f6c40129a3dc2d309ce58cfj-768x904.webp 768w, https:\/\/broxtal.com\/wp-content\/uploads\/2023\/10\/H2149fe915f6c40129a3dc2d309ce58cfj-60x71.webp 60w, https:\/\/broxtal.com\/wp-content\/uploads\/2023\/10\/H2149fe915f6c40129a3dc2d309ce58cfj-110x129.webp 110w, https:\/\/broxtal.com\/wp-content\/uploads\/2023\/10\/H2149fe915f6c40129a3dc2d309ce58cfj-700x824.webp 700w\" sizes=\"(max-width: 790px) 100vw, 790px\" \/><\/p>\n<p>&nbsp;<\/p>\n<h2><strong>Especificaciones t\u00e9cnicas<\/strong><\/h2>\n<ul>\n<li><strong>Tejido frontal:<\/strong> 100% Fibra de poli\u00e9ster<\/li>\n<li><strong>Tejido de la espalda:<\/strong> Material TPU impermeable<\/li>\n<li><strong>Cremallera:<\/strong> Cremallera invisible<\/li>\n<li><strong>Grado:<\/strong> Excelente (A+)<\/li>\n<li><strong>Impermeable:<\/strong> 100%<\/li>\n<\/ul>\n<p>&nbsp;<\/p>\n<p><img loading=\"lazy\" decoding=\"async\" class=\"size-full wp-image-24563 aligncenter\" src=\"https:\/\/broxtal.com\/wp-content\/uploads\/2023\/10\/telechargement-2023-10-06T121240.691.jpg\" alt=\"\" width=\"800\" height=\"800\" srcset=\"https:\/\/broxtal.com\/wp-content\/uploads\/2023\/10\/telechargement-2023-10-06T121240.691.jpg 800w, https:\/\/broxtal.com\/wp-content\/uploads\/2023\/10\/telechargement-2023-10-06T121240.691-600x600.jpg 600w, https:\/\/broxtal.com\/wp-content\/uploads\/2023\/10\/telechargement-2023-10-06T121240.691-150x150.jpg 150w, https:\/\/broxtal.com\/wp-content\/uploads\/2023\/10\/telechargement-2023-10-06T121240.691-300x300.jpg 300w, https:\/\/broxtal.com\/wp-content\/uploads\/2023\/10\/telechargement-2023-10-06T121240.691-768x768.jpg 768w, https:\/\/broxtal.com\/wp-content\/uploads\/2023\/10\/telechargement-2023-10-06T121240.691-60x60.jpg 60w, https:\/\/broxtal.com\/wp-content\/uploads\/2023\/10\/telechargement-2023-10-06T121240.691-110x110.jpg 110w, https:\/\/broxtal.com\/wp-content\/uploads\/2023\/10\/telechargement-2023-10-06T121240.691-700x700.jpg 700w, https:\/\/broxtal.com\/wp-content\/uploads\/2023\/10\/telechargement-2023-10-06T121240.691-32x32.jpg 32w, https:\/\/broxtal.com\/wp-content\/uploads\/2023\/10\/telechargement-2023-10-06T121240.691-64x64.jpg 64w\" sizes=\"(max-width: 800px) 100vw, 800px\" \/><\/p>\n<h3><\/h3>\n<p>&nbsp;<\/p>\n<h3><strong>El paquete incluye<\/strong><\/h3>\n<ul>\n<li>1 x Protector de colch\u00f3n impermeable contra chinches<\/li>\n<\/ul>\n<p>&nbsp;<\/p>\n<p>&nbsp;<\/p>","protected":false},"excerpt":{"rendered":"<p>The Perfect Mattress Protection: Waterproof Bed Bug Mattress Protector Unmatched Mattress Safety for Every Sleep Upgrade your sleep sanctuary with<\/p>","protected":false},"featured_media":24561,"comment_status":"open","ping_status":"closed","template":"","meta":[],"product_brand":[],"product_cat":[1763],"product_tag":[280],"class_list":{"0":"post-24516","1":"product","2":"type-product","3":"status-publish","4":"has-post-thumbnail","6":"product_cat-masks-accessories","7":"product_tag-new","9":"first","10":"instock","11":"shipping-taxable","12":"purchasable","13":"product-type-variable"},"_links":{"self":[{"href":"https:\/\/broxtal.com\/es\/wp-json\/wp\/v2\/product\/24516","targetHints":{"allow":["GET"]}}],"collection":[{"href":"https:\/\/broxtal.com\/es\/wp-json\/wp\/v2\/product"}],"about":[{"href":"https:\/\/broxtal.com\/es\/wp-json\/wp\/v2\/types\/product"}],"replies":[{"embeddable":true,"href":"https:\/\/broxtal.com\/es\/wp-json\/wp\/v2\/comments?post=24516"}],"version-history":[{"count":1,"href":"https:\/\/broxtal.com\/es\/wp-json\/wp\/v2\/product\/24516\/revisions"}],"predecessor-version":[{"id":39361,"href":"https:\/\/broxtal.com\/es\/wp-json\/wp\/v2\/product\/24516\/revisions\/39361"}],"wp:featuredmedia":[{"embeddable":true,"href":"https:\/\/broxtal.com\/es\/wp-json\/wp\/v2\/media\/24561"}],"wp:attachment":[{"href":"https:\/\/broxtal.com\/es\/wp-json\/wp\/v2\/media?parent=24516"}],"wp:term":[{"taxonomy":"product_brand","embeddable":true,"href":"https:\/\/broxtal.com\/es\/wp-json\/wp\/v2\/product_brand?post=24516"},{"taxonomy":"product_cat","embeddable":true,"href":"https:\/\/broxtal.com\/es\/wp-json\/wp\/v2\/product_cat?post=24516"},{"taxonomy":"product_tag","embeddable":true,"href":"https:\/\/broxtal.com\/es\/wp-json\/wp\/v2\/product_tag?post=24516"}],"curies":[{"name":"wp","href":"https:\/\/api.w.org\/{rel}","templated":true}]}}