{"id":31972,"date":"2025-04-14T10:22:32","date_gmt":"2025-04-14T09:22:32","guid":{"rendered":"https:\/\/broxtal.com\/?post_type=product&#038;p=31972"},"modified":"2025-06-13T17:28:31","modified_gmt":"2025-06-13T16:28:31","slug":"oxygen-finger-monitor-ce-certified","status":"publish","type":"product","link":"https:\/\/broxtal.com\/es\/producto\/oxygen-finger-monitor-ce-certified\/","title":{"rendered":"Monitor de ox\u00edgeno de dedo - Certificado CE"},"content":{"rendered":"<div style=\"font-family: 'Inter', sans-serif; color: #2c003e; line-height: 1.6;\">\n<h2 style=\"font-size: 2em; font-weight: bold; color: #f67280; margin-bottom: 0.75em; text-align: center;\">Pulsiox\u00edmetro de dedo<\/h2>\n<section style=\"margin-bottom: 1.5em;\">\n<h3 style=\"font-size: 1.5em; font-weight: 600; color: #6c5b7b; margin-bottom: 0.5em;\">Caracter\u00edsticas principales<\/h3>\n<ul style=\"list-style-type: disc; padding-left: 20px; margin-bottom: 1em;\">\n<li style=\"font-size: 1.1em;\">Medici\u00f3n precisa: Mide SpO2, frecuencia cardiaca y PI con una precisi\u00f3n de \u00b12%.<\/li>\n<li style=\"font-size: 1.1em;\">F\u00e1cil de usar: Funcionamiento con un solo bot\u00f3n para obtener lecturas r\u00e1pidas y en tiempo real en 8 segundos.<\/li>\n<li style=\"font-size: 1.1em;\">Amplio rango de uso: Dise\u00f1ado para adultos (12+) para controlar la salud respiratoria y realizar un seguimiento de los niveles de fitness.<\/li>\n<li style=\"font-size: 1.1em;\">Alerta visual: El LED rojo brillante parpadea cuando la SpO2 es baja (por debajo de 93%), lo que incita al usuario a actuar.<\/li>\n<\/ul>\n<\/section>\n<section style=\"margin-bottom: 1.5em;\">\n<h3 style=\"font-size: 1.5em; font-weight: 600; color: #6c5b7b; margin-bottom: 0.5em;\">Especificaciones<\/h3>\n<ul style=\"list-style-type: disc; padding-left: 20px; margin-bottom: 1em;\">\n<li style=\"font-size: 1.1em;\">Tipo de pantalla: LED<\/li>\n<li style=\"font-size: 1.1em;\">Intervalo de medici\u00f3n de SpO2: 70-99%<\/li>\n<li style=\"font-size: 1.1em;\">Rango de medici\u00f3n de la frecuencia del pulso: 30-240 BPM<\/li>\n<li style=\"font-size: 1.1em;\">Precisi\u00f3n: \u00b12% SpO2, \u00b12 BPM Frecuencia de pulso<\/li>\n<li style=\"font-size: 1.1em;\">Requisitos de alimentaci\u00f3n: 2 pilas AAA (incluidas)<\/li>\n<\/ul>\n<\/section>\n<section style=\"margin-bottom: 1.5em;\">\n<h3 style=\"font-size: 1.5em; font-weight: 600; color: #6c5b7b; margin-bottom: 0.5em;\">Contenido del paquete<\/h3>\n<ul style=\"list-style-type: disc; padding-left: 20px; margin-bottom: 1em;\">\n<li style=\"font-size: 1.1em;\">1 x Pulsiox\u00edmetro de dedo<\/li>\n<li style=\"font-size: 1.1em;\">1 x Cord\u00f3n<\/li>\n<li style=\"font-size: 1.1em;\">2 pilas AAA<\/li>\n<li style=\"font-size: 1.1em;\">1 x Manual de usuario<\/li>\n<\/ul>\n<\/section>\n<p style=\"font-size: 1em;\">Nota importante: Este dispositivo est\u00e1 destinado exclusivamente al uso deportivo y aeron\u00e1utico. No est\u00e1 destinado a fines m\u00e9dicos.<\/p>\n<\/div>","protected":false},"excerpt":{"rendered":"<p>Fingertip Pulse Oximeter Key Features Accurate Measurement: Measures SpO2, heart rate, and PI with \u00b12% accuracy. Easy to Use: One-button<\/p>","protected":false},"featured_media":31980,"comment_status":"open","ping_status":"closed","template":"","meta":[],"product_brand":[],"product_cat":[286,1763,1719],"product_tag":[],"class_list":{"0":"post-31972","1":"product","2":"type-product","3":"status-publish","4":"has-post-thumbnail","6":"product_cat-health-wellness","7":"product_cat-masks-accessories","8":"product_cat-respiratory-care-oxygen-therapy","10":"first","11":"instock","12":"shipping-taxable","13":"purchasable","14":"product-type-simple"},"_links":{"self":[{"href":"https:\/\/broxtal.com\/es\/wp-json\/wp\/v2\/product\/31972","targetHints":{"allow":["GET"]}}],"collection":[{"href":"https:\/\/broxtal.com\/es\/wp-json\/wp\/v2\/product"}],"about":[{"href":"https:\/\/broxtal.com\/es\/wp-json\/wp\/v2\/types\/product"}],"replies":[{"embeddable":true,"href":"https:\/\/broxtal.com\/es\/wp-json\/wp\/v2\/comments?post=31972"}],"version-history":[{"count":1,"href":"https:\/\/broxtal.com\/es\/wp-json\/wp\/v2\/product\/31972\/revisions"}],"predecessor-version":[{"id":31981,"href":"https:\/\/broxtal.com\/es\/wp-json\/wp\/v2\/product\/31972\/revisions\/31981"}],"wp:featuredmedia":[{"embeddable":true,"href":"https:\/\/broxtal.com\/es\/wp-json\/wp\/v2\/media\/31980"}],"wp:attachment":[{"href":"https:\/\/broxtal.com\/es\/wp-json\/wp\/v2\/media?parent=31972"}],"wp:term":[{"taxonomy":"product_brand","embeddable":true,"href":"https:\/\/broxtal.com\/es\/wp-json\/wp\/v2\/product_brand?post=31972"},{"taxonomy":"product_cat","embeddable":true,"href":"https:\/\/broxtal.com\/es\/wp-json\/wp\/v2\/product_cat?post=31972"},{"taxonomy":"product_tag","embeddable":true,"href":"https:\/\/broxtal.com\/es\/wp-json\/wp\/v2\/product_tag?post=31972"}],"curies":[{"name":"wp","href":"https:\/\/api.w.org\/{rel}","templated":true}]}}