{"id":32124,"date":"2025-04-15T11:59:24","date_gmt":"2025-04-15T10:59:24","guid":{"rendered":"https:\/\/broxtal.com\/?post_type=product&#038;p=32124"},"modified":"2025-06-13T16:45:18","modified_gmt":"2025-06-13T15:45:18","slug":"ice-pack-for-wrist","status":"publish","type":"product","link":"https:\/\/broxtal.com\/es\/producto\/ice-pack-for-wrist\/","title":{"rendered":"FODRK\u2122 Bolsa de Hielo para el Dolor de Mu\u00f1eca"},"content":{"rendered":"<h3 style=\"text-align: center;\" data-start=\"1990\" data-end=\"2100\"><span style=\"color: #3366ff;\">La bolsa de hielo caliente y fr\u00eda para la envoltura terap\u00e9utica de la mu\u00f1eca proporciona un r\u00e1pido alivio del t\u00fanel carpiano, las lesiones o la hinchaz\u00f3n, en cualquier momento y en cualquier lugar.<\/span><\/h3>\n<h3 data-start=\"2107\" data-end=\"2159\"><\/h3>\n<h3 class=\"\" data-start=\"2107\" data-end=\"2159\"><strong data-start=\"2114\" data-end=\"2157\">Terapia vers\u00e1til de fr\u00edo y calor<\/strong><\/h3>\n<p class=\"\" data-start=\"2160\" data-end=\"2408\">Tanto si est\u00e1s curando el t\u00fanel carpiano como recuper\u00e1ndote de una operaci\u00f3n, la bolsa de hielo FODRK\u2122 para el dolor de mu\u00f1eca ofrece un potente alivio 2 en 1 con fr\u00edo y calor. Cong\u00e9lala para la hinchaz\u00f3n y la inflamaci\u00f3n o cali\u00e9ntala en el microondas para una terapia de calor calmante, lista en cuesti\u00f3n de segundos.<\/p>\n<h3 class=\"\" data-start=\"2415\" data-end=\"2482\"><strong data-start=\"2422\" data-end=\"2480\">Compresi\u00f3n c\u00f3moda que se mueve con usted<\/strong><\/h3>\n<p class=\"\" data-start=\"2483\" data-end=\"2694\">Fabricada con terciopelo suave y nailon transpirable, esta mu\u00f1equera de gel es como un suave abrazo. La correa de velcro flexible permite un ajuste seguro y regulable, para que puedas seguir tu d\u00eda a d\u00eda con comodidad y apoyo.<\/p>\n<h3 class=\"\" data-start=\"2701\" data-end=\"2756\"><strong data-start=\"2708\" data-end=\"2754\">Amplia cobertura, ayuda espec\u00edfica<\/strong><\/h3>\n<p class=\"\" data-start=\"2757\" data-end=\"2954\">Con un tama\u00f1o de 47,4\u00d712,7 cm, esta venda no s\u00f3lo cubre la mu\u00f1eca. Tambi\u00e9n es perfecta para codos, rodillas y tobillos, ya que proporciona una r\u00e1pida recuperaci\u00f3n de tendinitis, sobrecargas e inflamaciones con un dise\u00f1o compacto.<\/p>\n<h3 class=\"\" data-start=\"2961\" data-end=\"3014\"><strong data-start=\"2968\" data-end=\"3012\">Duradera, estanca y reutilizable<\/strong><\/h3>\n<p class=\"\" data-start=\"3015\" data-end=\"3209\">Fabricada con PVC de primera calidad y n\u00facleo de gel s\u00f3lido, esta bolsa de hielo para la mu\u00f1eca resiste las fugas y se mantiene flexible incluso despu\u00e9s de congelarse. Es lavable, reutilizable y siempre est\u00e1 lista para su pr\u00f3ximo uso, sin goteos ni suciedad.<\/p>\n<h3 class=\"\" data-start=\"3216\" data-end=\"3241\"><strong data-start=\"3223\" data-end=\"3241\">Especificaciones<\/strong><\/h3>\n<ul>\n<li data-start=\"3244\" data-end=\"3263\"><strong data-start=\"3244\" data-end=\"3254\">Marca:<\/strong> FODRK\u2122<\/li>\n<li data-start=\"3266\" data-end=\"3302\"><strong data-start=\"3266\" data-end=\"3283\">Tipo de producto:<\/strong> Bolsa de gel refrigerante<\/li>\n<li data-start=\"3305\" data-end=\"3339\"><strong data-start=\"3305\" data-end=\"3318\">Material:<\/strong> PVC + nailon\/terciopelo<\/li>\n<li data-start=\"3342\" data-end=\"3366\"><strong data-start=\"3342\" data-end=\"3351\">Tama\u00f1o:<\/strong> 47,4\u00d712,7 cm<\/li>\n<li data-start=\"3369\" data-end=\"3398\"><strong data-start=\"3369\" data-end=\"3377\">\u00dasalo:<\/strong> Terapia de fr\u00edo y calor<\/li>\n<li data-start=\"3401\" data-end=\"3446\"><strong data-start=\"3401\" data-end=\"3418\">\u00c1reas objetivo:<\/strong> Mu\u00f1eca, codo, tobillo, rodilla<\/li>\n<li data-start=\"3449\" data-end=\"3466\"><strong data-start=\"3449\" data-end=\"3459\">Color:<\/strong> Azul<\/li>\n<li data-start=\"3469\" data-end=\"3488\"><strong data-start=\"3469\" data-end=\"3482\">Reutilizable:<\/strong> S\u00ed<\/li>\n<li data-start=\"3491\" data-end=\"3536\"><strong data-start=\"3491\" data-end=\"3510\">Ajuste regulable:<\/strong> S\u00ed (cinta autoadherente)<\/li>\n<\/ul>","protected":false},"excerpt":{"rendered":"<p>FODRK\u2122 Bolsa de Hielo para el Dolor de Mu\u00f1eca ofrece un r\u00e1pido alivio caliente\/fr\u00edo del t\u00fanel carpiano, lesiones o hinchaz\u00f3n. Reutilizable, flexible y ajustable para un ajuste personalizado. \u00a1Consigue la tuya ahora y siente el alivio!<\/p>","protected":false},"featured_media":32127,"comment_status":"open","ping_status":"closed","template":"","meta":[],"product_brand":[],"product_cat":[286,1758,1718],"product_tag":[],"class_list":{"0":"post-32124","1":"product","2":"type-product","3":"status-publish","4":"has-post-thumbnail","6":"product_cat-health-wellness","7":"product_cat-heating-cold-therapy","8":"product_cat-physical-therapy-recovery-devices","10":"first","11":"instock","12":"sale","13":"shipping-taxable","14":"purchasable","15":"product-type-simple"},"_links":{"self":[{"href":"https:\/\/broxtal.com\/es\/wp-json\/wp\/v2\/product\/32124","targetHints":{"allow":["GET"]}}],"collection":[{"href":"https:\/\/broxtal.com\/es\/wp-json\/wp\/v2\/product"}],"about":[{"href":"https:\/\/broxtal.com\/es\/wp-json\/wp\/v2\/types\/product"}],"replies":[{"embeddable":true,"href":"https:\/\/broxtal.com\/es\/wp-json\/wp\/v2\/comments?post=32124"}],"version-history":[{"count":3,"href":"https:\/\/broxtal.com\/es\/wp-json\/wp\/v2\/product\/32124\/revisions"}],"predecessor-version":[{"id":32128,"href":"https:\/\/broxtal.com\/es\/wp-json\/wp\/v2\/product\/32124\/revisions\/32128"}],"wp:featuredmedia":[{"embeddable":true,"href":"https:\/\/broxtal.com\/es\/wp-json\/wp\/v2\/media\/32127"}],"wp:attachment":[{"href":"https:\/\/broxtal.com\/es\/wp-json\/wp\/v2\/media?parent=32124"}],"wp:term":[{"taxonomy":"product_brand","embeddable":true,"href":"https:\/\/broxtal.com\/es\/wp-json\/wp\/v2\/product_brand?post=32124"},{"taxonomy":"product_cat","embeddable":true,"href":"https:\/\/broxtal.com\/es\/wp-json\/wp\/v2\/product_cat?post=32124"},{"taxonomy":"product_tag","embeddable":true,"href":"https:\/\/broxtal.com\/es\/wp-json\/wp\/v2\/product_tag?post=32124"}],"curies":[{"name":"wp","href":"https:\/\/api.w.org\/{rel}","templated":true}]}}