{"id":32515,"date":"2025-04-21T13:38:59","date_gmt":"2025-04-21T12:38:59","guid":{"rendered":"https:\/\/broxtal.com\/?post_type=product&#038;p=32515"},"modified":"2025-06-13T16:12:36","modified_gmt":"2025-06-13T15:12:36","slug":"ailuosi-climbing-stairs-machine","status":"publish","type":"product","link":"https:\/\/broxtal.com\/es\/producto\/ailuosi-climbing-stairs-machine\/","title":{"rendered":"Ailuosi\u2122 M\u00e1quina para subir escaleras"},"content":{"rendered":"<h2 style=\"text-align: center;\" data-start=\"174\" data-end=\"238\"><span style=\"color: #800000;\">Ailuosi\u2122 M\u00e1quina para subir escaleras - Pelda\u00f1o de acero inoxidable plegable<\/span><\/h2>\n<h3 data-start=\"245\" data-end=\"259\"><\/h3>\n<h3 class=\"\" data-start=\"245\" data-end=\"259\">M\u00e1quina para subir escaleras en casa para ejercicios cardiovasculares de todo el cuerpo<\/h3>\n<p class=\"\" data-start=\"448\" data-end=\"740\">Consigue un potente entrenamiento cardiovascular en casa con el <strong data-start=\"495\" data-end=\"522\">m\u00e1quina para subir escaleras<\/strong>-Dise\u00f1ada para simular la subida de escaleras ahorrando espacio. Fabricada en acero inoxidable resistente y con una capacidad de hasta 120 kg, esta m\u00e1quina ayuda a aumentar la resistencia, tonificar los m\u00fasculos y quemar calor\u00edas sin salir de casa.<\/p>\n<p class=\"\" data-start=\"742\" data-end=\"1024\">La m\u00e1quina presenta un dise\u00f1o plegable de dimensiones compactas (96\u00d753\u00d712 cm plegada, 85\u00d753\u00d7135 cm expandida), lo que facilita su almacenamiento. Tanto si est\u00e1 empezando a ponerse en forma como si desea mantener su salud, este stepper de suelo le ofrece una experiencia de entrenamiento suave y estable.<\/p>\n<h3 class=\"\" data-start=\"1031\" data-end=\"1061\">Escalera de tijera plegable - Ahorro de espacio en casa<\/h3>\n<p class=\"\" data-start=\"1063\" data-end=\"1359\"><span data-start=\"1068\" data-end=\"1095\">Esta escalera de subida<\/span><strong data-start=\"1068\" data-end=\"1095\">\u00a0m\u00e1quina<\/strong> es perfecto para uso dom\u00e9stico y est\u00e1 fabricado para ofrecer un rendimiento duradero. Se suministra con opciones de personalizaci\u00f3n, como impresi\u00f3n de logotipos en silicona o l\u00e1ser. Pesa s\u00f3lo 12 kg y es f\u00e1cil de mover y montar. Embalaje OEM disponible para venta al por mayor o necesidades personales de fitness.<\/p>\n<h3 class=\"\" data-start=\"1366\" data-end=\"1396\"><strong data-start=\"1372\" data-end=\"1396\">Especificaciones<\/strong><\/h3>\n<div class=\"group pointer-events-none relative flex justify-center *:pointer-events-auto\">\n<p>&nbsp;<\/p>\n<div class=\"tableContainer horzScrollShadows relative\">\n<table class=\"min-w-full\" style=\"height: 240px;\" width=\"464\" data-start=\"1398\" data-end=\"2432\">\n<thead data-start=\"1398\" data-end=\"1471\">\n<tr data-start=\"1398\" data-end=\"1471\">\n<th data-start=\"1398\" data-end=\"1428\"><strong data-start=\"1400\" data-end=\"1417\">Especificaci\u00f3n<\/strong><\/th>\n<th data-start=\"1428\" data-end=\"1471\"><strong data-start=\"1430\" data-end=\"1441\">Detalles<\/strong><\/th>\n<\/tr>\n<\/thead>\n<tbody data-start=\"1546\" data-end=\"2432\">\n<tr data-start=\"1546\" data-end=\"1618\">\n<td class=\"max-w-[calc(var(--thread-content-max-width)*2\/3)]\" data-start=\"1546\" data-end=\"1575\"><strong data-start=\"1548\" data-end=\"1564\">Nombre del producto<\/strong><\/td>\n<td class=\"max-w-[calc(var(--thread-content-max-width)*2\/3)]\" data-start=\"1575\" data-end=\"1618\">M\u00e1quina para subir escaleras<\/td>\n<\/tr>\n<tr data-start=\"1619\" data-end=\"1692\">\n<td class=\"max-w-[calc(var(--thread-content-max-width)*2\/3)]\" data-start=\"1619\" data-end=\"1648\"><strong data-start=\"1621\" data-end=\"1633\">Material<\/strong><\/td>\n<td class=\"max-w-[calc(var(--thread-content-max-width)*2\/3)]\" data-start=\"1648\" data-end=\"1692\">Acero inoxidable<\/td>\n<\/tr>\n<tr data-start=\"1693\" data-end=\"1766\">\n<td class=\"max-w-[calc(var(--thread-content-max-width)*2\/3)]\" data-start=\"1693\" data-end=\"1722\"><strong data-start=\"1695\" data-end=\"1710\">Aplicaci\u00f3n<\/strong><\/td>\n<td class=\"max-w-[calc(var(--thread-content-max-width)*2\/3)]\" data-start=\"1722\" data-end=\"1766\">Uso dom\u00e9stico<\/td>\n<\/tr>\n<tr data-start=\"1767\" data-end=\"1840\">\n<td class=\"max-w-[calc(var(--thread-content-max-width)*2\/3)]\" data-start=\"1767\" data-end=\"1796\"><strong data-start=\"1769\" data-end=\"1790\">Capacidad de carga m\u00e1xima<\/strong><\/td>\n<td class=\"max-w-[calc(var(--thread-content-max-width)*2\/3)]\" data-start=\"1796\" data-end=\"1840\">120 kg<\/td>\n<\/tr>\n<tr data-start=\"1841\" data-end=\"1914\">\n<td class=\"max-w-[calc(var(--thread-content-max-width)*2\/3)]\" data-start=\"1841\" data-end=\"1870\"><strong data-start=\"1843\" data-end=\"1857\">Peso neto<\/strong><\/td>\n<td class=\"max-w-[calc(var(--thread-content-max-width)*2\/3)]\" data-start=\"1870\" data-end=\"1914\">12 kg<\/td>\n<\/tr>\n<tr data-start=\"1915\" data-end=\"1988\">\n<td class=\"max-w-[calc(var(--thread-content-max-width)*2\/3)]\" data-start=\"1915\" data-end=\"1944\"><strong data-start=\"1917\" data-end=\"1933\">Tama\u00f1o plegable<\/strong><\/td>\n<td class=\"max-w-[calc(var(--thread-content-max-width)*2\/3)]\" data-start=\"1944\" data-end=\"1988\">96 \u00d7 53 \u00d7 12 cm<\/td>\n<\/tr>\n<tr data-start=\"1989\" data-end=\"2062\">\n<td class=\"max-w-[calc(var(--thread-content-max-width)*2\/3)]\" data-start=\"1989\" data-end=\"2018\"><strong data-start=\"1991\" data-end=\"2008\">Tama\u00f1o ampliado<\/strong><\/td>\n<td class=\"max-w-[calc(var(--thread-content-max-width)*2\/3)]\" data-start=\"2018\" data-end=\"2062\">85 \u00d7 53 \u00d7 135 cm<\/td>\n<\/tr>\n<\/tbody>\n<\/table>\n<\/div>\n<\/div>","protected":false},"excerpt":{"rendered":"<p>Escala hasta ponerte en forma con nuestra m\u00e1quina para subir escaleras. Plegable, compacta y duradera, perfecta para entrenamientos de cardio en casa. Consiga la suya hoy mismo y empiece a subir escaleras.<\/p>","protected":false},"featured_media":32516,"comment_status":"open","ping_status":"closed","template":"","meta":[],"product_brand":[],"product_cat":[286],"product_tag":[],"class_list":{"0":"post-32515","1":"product","2":"type-product","3":"status-publish","4":"has-post-thumbnail","6":"product_cat-health-wellness","8":"first","9":"instock","10":"sale","11":"shipping-taxable","12":"purchasable","13":"product-type-simple"},"_links":{"self":[{"href":"https:\/\/broxtal.com\/es\/wp-json\/wp\/v2\/product\/32515","targetHints":{"allow":["GET"]}}],"collection":[{"href":"https:\/\/broxtal.com\/es\/wp-json\/wp\/v2\/product"}],"about":[{"href":"https:\/\/broxtal.com\/es\/wp-json\/wp\/v2\/types\/product"}],"replies":[{"embeddable":true,"href":"https:\/\/broxtal.com\/es\/wp-json\/wp\/v2\/comments?post=32515"}],"version-history":[{"count":3,"href":"https:\/\/broxtal.com\/es\/wp-json\/wp\/v2\/product\/32515\/revisions"}],"predecessor-version":[{"id":32826,"href":"https:\/\/broxtal.com\/es\/wp-json\/wp\/v2\/product\/32515\/revisions\/32826"}],"wp:featuredmedia":[{"embeddable":true,"href":"https:\/\/broxtal.com\/es\/wp-json\/wp\/v2\/media\/32516"}],"wp:attachment":[{"href":"https:\/\/broxtal.com\/es\/wp-json\/wp\/v2\/media?parent=32515"}],"wp:term":[{"taxonomy":"product_brand","embeddable":true,"href":"https:\/\/broxtal.com\/es\/wp-json\/wp\/v2\/product_brand?post=32515"},{"taxonomy":"product_cat","embeddable":true,"href":"https:\/\/broxtal.com\/es\/wp-json\/wp\/v2\/product_cat?post=32515"},{"taxonomy":"product_tag","embeddable":true,"href":"https:\/\/broxtal.com\/es\/wp-json\/wp\/v2\/product_tag?post=32515"}],"curies":[{"name":"wp","href":"https:\/\/api.w.org\/{rel}","templated":true}]}}