{"id":34106,"date":"2025-05-24T20:44:43","date_gmt":"2025-05-24T19:44:43","guid":{"rendered":"https:\/\/broxtal.com\/?post_type=product&#038;p=34106"},"modified":"2026-02-10T15:33:51","modified_gmt":"2026-02-10T15:33:51","slug":"yonker-mini-3-in-1-oxygen-generator","status":"publish","type":"product","link":"https:\/\/broxtal.com\/es\/producto\/yonker-mini-3-in-1-oxygen-generator\/","title":{"rendered":"Concentrador de Ox\u00edgeno 1-7L - Yonker JY-201W"},"content":{"rendered":"<h1 class=\"p1\" style=\"text-align: center;\">Concentrador de Ox\u00edgeno 1-7L - Yonker JY-201W<\/h1>\n<h4 class=\"p1\" style=\"text-align: center;\"><b>\u00bfLe cuesta respirar c\u00f3modamente?<\/b><b><\/b><\/h4>\n<h4 class=\"p1\" style=\"text-align: center;\"><b>\u00bfLe falta ox\u00edgeno o se est\u00e1 recuperando de una enfermedad?<\/b><b><\/b><\/h4>\n<h4 class=\"p2\" style=\"text-align: center;\">La soluci\u00f3n es aumentar los niveles de ox\u00edgeno en sangre (SpO\u2082) con el<\/h4>\n<h1 class=\"p1\" style=\"text-align: center;\"><a href=\"https:\/\/broxtal.com\/wp-content\/uploads\/2025\/05\/Screenshot-2025-06-30-at-15.56.59.png\"><img fetchpriority=\"high\" decoding=\"async\" class=\"aligncenter wp-image-35795 size-full\" src=\"https:\/\/broxtal.com\/wp-content\/uploads\/2025\/05\/Screenshot-2025-06-30-at-15.56.59.png\" alt=\"\" width=\"1084\" height=\"160\" srcset=\"https:\/\/broxtal.com\/wp-content\/uploads\/2025\/05\/Screenshot-2025-06-30-at-15.56.59.png 1084w, https:\/\/broxtal.com\/wp-content\/uploads\/2025\/05\/Screenshot-2025-06-30-at-15.56.59-400x59.png 400w, https:\/\/broxtal.com\/wp-content\/uploads\/2025\/05\/Screenshot-2025-06-30-at-15.56.59-768x113.png 768w, https:\/\/broxtal.com\/wp-content\/uploads\/2025\/05\/Screenshot-2025-06-30-at-15.56.59-18x3.png 18w, https:\/\/broxtal.com\/wp-content\/uploads\/2025\/05\/Screenshot-2025-06-30-at-15.56.59-60x9.png 60w, https:\/\/broxtal.com\/wp-content\/uploads\/2025\/05\/Screenshot-2025-06-30-at-15.56.59-110x16.png 110w, https:\/\/broxtal.com\/wp-content\/uploads\/2025\/05\/Screenshot-2025-06-30-at-15.56.59-600x89.png 600w, https:\/\/broxtal.com\/wp-content\/uploads\/2025\/05\/Screenshot-2025-06-30-at-15.56.59-150x22.png 150w\" sizes=\"(max-width: 1084px) 100vw, 1084px\" \/><\/a><\/h1>\n<p class=\"p1\" style=\"text-align: center; color: #28a745; font-weight: bold;\">\u2714\ufe0f No Prescription Needed \u2714\ufe0f<\/p>\n<p class=\"p1\" style=\"text-align: center; color: #28a745; font-weight: bold;\">\u2714\ufe0f Suministro ilimitado de ox\u00edgeno \u2714\ufe0f<\/p>\n<p class=\"p1\" style=\"text-align: center; color: #28a745; font-weight: bold;\">\u2714\ufe0f No necesita botella de ox\u00edgeno \u2714\ufe0f<\/p>\n<p><a href=\"https:\/\/broxtal.com\/wp-content\/uploads\/2025\/05\/H20017f5984314a33bb2d3d8edab1858eI.jpeg\"><img decoding=\"async\" class=\"size-full wp-image-34114 aligncenter\" src=\"https:\/\/broxtal.com\/wp-content\/uploads\/2025\/05\/H20017f5984314a33bb2d3d8edab1858eI.jpeg\" alt=\"\" width=\"750\" height=\"750\" srcset=\"https:\/\/broxtal.com\/wp-content\/uploads\/2025\/05\/H20017f5984314a33bb2d3d8edab1858eI.jpeg 750w, https:\/\/broxtal.com\/wp-content\/uploads\/2025\/05\/H20017f5984314a33bb2d3d8edab1858eI-300x300.jpeg 300w, https:\/\/broxtal.com\/wp-content\/uploads\/2025\/05\/H20017f5984314a33bb2d3d8edab1858eI-150x150.jpeg 150w, https:\/\/broxtal.com\/wp-content\/uploads\/2025\/05\/H20017f5984314a33bb2d3d8edab1858eI-60x60.jpeg 60w, https:\/\/broxtal.com\/wp-content\/uploads\/2025\/05\/H20017f5984314a33bb2d3d8edab1858eI-110x110.jpeg 110w, https:\/\/broxtal.com\/wp-content\/uploads\/2025\/05\/H20017f5984314a33bb2d3d8edab1858eI-600x600.jpeg 600w, https:\/\/broxtal.com\/wp-content\/uploads\/2025\/05\/H20017f5984314a33bb2d3d8edab1858eI-32x32.jpeg 32w, https:\/\/broxtal.com\/wp-content\/uploads\/2025\/05\/H20017f5984314a33bb2d3d8edab1858eI-64x64.jpeg 64w\" sizes=\"(max-width: 750px) 100vw, 750px\" \/><\/a><\/p>\n<hr \/>\n<ul>\n<li class=\"p1\">\ud83e\udde0 <span class=\"s1\"><b>Interfaz t\u00e1ctil inteligente<\/b><\/span> - Simplifica el control con una pantalla LCD intuitiva.<\/li>\n<li>\n<p class=\"p1\">\ud83d\udca8 <span class=\"s1\"><b>1-7L Caudal regulable<\/b><\/span> - Personaliza el suministro de ox\u00edgeno a sus necesidades exactas.<\/p>\n<\/li>\n<li>\n<p class=\"p1\">\ud83d\udd15 <span class=\"s1\"><b>Ultrasilencioso (&lt;50 dB)<\/b><\/span> - Funciona silenciosamente para un uso tranquilo, de d\u00eda o de noche.<\/p>\n<\/li>\n<li>\n<p class=\"p1\">\ud83d\udee1\ufe0f <span class=\"s1\"><b>Seguridad certificada<\/b><\/span> - Homologaci\u00f3n CE, RoHS, ISO y BSCI para fiabilidad cl\u00ednica.<\/p>\n<\/li>\n<\/ul>\n<hr \/>\n<p><a href=\"https:\/\/broxtal.com\/wp-content\/uploads\/2025\/05\/Ha3c573f0fff64de3936f0c027e4d37bf7.jpeg\"><img decoding=\"async\" class=\"size-full wp-image-34113 aligncenter\" src=\"https:\/\/broxtal.com\/wp-content\/uploads\/2025\/05\/Ha3c573f0fff64de3936f0c027e4d37bf7.jpeg\" alt=\"\" width=\"750\" height=\"750\" srcset=\"https:\/\/broxtal.com\/wp-content\/uploads\/2025\/05\/Ha3c573f0fff64de3936f0c027e4d37bf7.jpeg 750w, https:\/\/broxtal.com\/wp-content\/uploads\/2025\/05\/Ha3c573f0fff64de3936f0c027e4d37bf7-300x300.jpeg 300w, https:\/\/broxtal.com\/wp-content\/uploads\/2025\/05\/Ha3c573f0fff64de3936f0c027e4d37bf7-150x150.jpeg 150w, https:\/\/broxtal.com\/wp-content\/uploads\/2025\/05\/Ha3c573f0fff64de3936f0c027e4d37bf7-60x60.jpeg 60w, https:\/\/broxtal.com\/wp-content\/uploads\/2025\/05\/Ha3c573f0fff64de3936f0c027e4d37bf7-110x110.jpeg 110w, https:\/\/broxtal.com\/wp-content\/uploads\/2025\/05\/Ha3c573f0fff64de3936f0c027e4d37bf7-600x600.jpeg 600w, https:\/\/broxtal.com\/wp-content\/uploads\/2025\/05\/Ha3c573f0fff64de3936f0c027e4d37bf7-32x32.jpeg 32w, https:\/\/broxtal.com\/wp-content\/uploads\/2025\/05\/Ha3c573f0fff64de3936f0c027e4d37bf7-64x64.jpeg 64w\" sizes=\"(max-width: 750px) 100vw, 750px\" \/><\/a><\/p>\n<hr \/>\n<p class=\"p1\"><b>\u00bfLa falta de ox\u00edgeno puro le est\u00e1 complicando la vida?<\/b><b><\/b><\/p>\n<p class=\"p2\">- \u00bfTiene problemas respiratorios cr\u00f3nicos?<\/p>\n<p class=\"p2\">- \u00bfTe est\u00e1s recuperando del COVlD?<\/p>\n<p class=\"p2\">- \u00bfSe siente a menudo con poca energ\u00eda durante el d\u00eda?<\/p>\n<p class=\"p2\">- \u00bfSufre estr\u00e9s frecuente, dolores de cabeza o cambios de humor?<\/p>\n<p class=\"p2\">- \u00bfLe cuesta concentrarse?<\/p>\n<p class=\"p2\">- \u00bfNo duerme lo suficientemente bien?<\/p>\n<p class=\"p2\">- \u00bfHa notado un descenso en su rendimiento deportivo?<\/p>\n<p><a href=\"https:\/\/broxtal.com\/wp-content\/uploads\/2025\/05\/H64f98c4509b948bf8a48014ee08bb1482.jpg_720x720q50.jpeg\"><img loading=\"lazy\" decoding=\"async\" class=\"size-full wp-image-34112 aligncenter\" src=\"https:\/\/broxtal.com\/wp-content\/uploads\/2025\/05\/H64f98c4509b948bf8a48014ee08bb1482.jpg_720x720q50.jpeg\" alt=\"\" width=\"720\" height=\"720\" srcset=\"https:\/\/broxtal.com\/wp-content\/uploads\/2025\/05\/H64f98c4509b948bf8a48014ee08bb1482.jpg_720x720q50.jpeg 720w, https:\/\/broxtal.com\/wp-content\/uploads\/2025\/05\/H64f98c4509b948bf8a48014ee08bb1482.jpg_720x720q50-300x300.jpeg 300w, https:\/\/broxtal.com\/wp-content\/uploads\/2025\/05\/H64f98c4509b948bf8a48014ee08bb1482.jpg_720x720q50-150x150.jpeg 150w, https:\/\/broxtal.com\/wp-content\/uploads\/2025\/05\/H64f98c4509b948bf8a48014ee08bb1482.jpg_720x720q50-60x60.jpeg 60w, https:\/\/broxtal.com\/wp-content\/uploads\/2025\/05\/H64f98c4509b948bf8a48014ee08bb1482.jpg_720x720q50-110x110.jpeg 110w, https:\/\/broxtal.com\/wp-content\/uploads\/2025\/05\/H64f98c4509b948bf8a48014ee08bb1482.jpg_720x720q50-600x600.jpeg 600w, https:\/\/broxtal.com\/wp-content\/uploads\/2025\/05\/H64f98c4509b948bf8a48014ee08bb1482.jpg_720x720q50-32x32.jpeg 32w, https:\/\/broxtal.com\/wp-content\/uploads\/2025\/05\/H64f98c4509b948bf8a48014ee08bb1482.jpg_720x720q50-64x64.jpeg 64w\" sizes=\"(max-width: 720px) 100vw, 720px\" \/><\/a><\/p>\n<p class=\"p4\" style=\"text-align: center;\"><b>Ox\u00edgeno inteligente para la salud diaria<\/b><b><\/b><\/p>\n<p class=\"p1\" style=\"text-align: center;\">Tanto si necesita ayuda diaria como asistencia para la recuperaci\u00f3n, Yonker le ofrece ox\u00edgeno fiable de calidad m\u00e9dica al alcance de su mano.<\/p>\n<p><a href=\"https:\/\/broxtal.com\/wp-content\/uploads\/2025\/05\/H7a0a1d690df344d9834b5e65c29ff13eJ.jpeg\"><img loading=\"lazy\" decoding=\"async\" class=\"size-full wp-image-34116 aligncenter\" src=\"https:\/\/broxtal.com\/wp-content\/uploads\/2025\/05\/H7a0a1d690df344d9834b5e65c29ff13eJ.jpeg\" alt=\"\" width=\"750\" height=\"750\" srcset=\"https:\/\/broxtal.com\/wp-content\/uploads\/2025\/05\/H7a0a1d690df344d9834b5e65c29ff13eJ.jpeg 750w, https:\/\/broxtal.com\/wp-content\/uploads\/2025\/05\/H7a0a1d690df344d9834b5e65c29ff13eJ-300x300.jpeg 300w, https:\/\/broxtal.com\/wp-content\/uploads\/2025\/05\/H7a0a1d690df344d9834b5e65c29ff13eJ-150x150.jpeg 150w, https:\/\/broxtal.com\/wp-content\/uploads\/2025\/05\/H7a0a1d690df344d9834b5e65c29ff13eJ-60x60.jpeg 60w, https:\/\/broxtal.com\/wp-content\/uploads\/2025\/05\/H7a0a1d690df344d9834b5e65c29ff13eJ-110x110.jpeg 110w, https:\/\/broxtal.com\/wp-content\/uploads\/2025\/05\/H7a0a1d690df344d9834b5e65c29ff13eJ-600x600.jpeg 600w, https:\/\/broxtal.com\/wp-content\/uploads\/2025\/05\/H7a0a1d690df344d9834b5e65c29ff13eJ-32x32.jpeg 32w\" sizes=\"(max-width: 750px) 100vw, 750px\" \/><\/a><\/p>\n<p class=\"p4\"><b>\u00bfPor qu\u00e9 elegir Yonker?<\/b><b><\/b><\/p>\n<ul>\n<li>\n<p class=\"p1\">Marca de confianza con certificaciones mundiales (CE, RoHS, CFDA, ISO, MSDS)<\/p>\n<\/li>\n<li>\n<p class=\"p1\">Funcionamiento dual: Pantalla t\u00e1ctil + mando a distancia<\/p>\n<\/li>\n<li>\n<p class=\"p1\">Silencioso, apto para dormir<\/p>\n<\/li>\n<li>\n<p class=\"p1\">Alarmas integradas para mayor seguridad y fiabilidad<\/p>\n<\/li>\n<li>\n<p class=\"p1\">1 a\u00f1o de garant\u00eda y asistencia en l\u00ednea<\/p>\n<\/li>\n<\/ul>\n<p>&nbsp;<\/p>\n<p class=\"p4\" style=\"text-align: center;\"><b>Respire con confianza<\/b><b><\/b><\/p>\n<p class=\"p1\" style=\"text-align: center;\">Disfrute de una oxigenoterapia de calidad cl\u00ednica en la comodidad de su hogar: con Yonker, la salud llega de forma silenciosa y fiable.<\/p>\n<p><a href=\"https:\/\/broxtal.com\/wp-content\/uploads\/2025\/05\/Hbe768d62e59847bbade60f3142bf0484c.jpeg\"><img loading=\"lazy\" decoding=\"async\" class=\"size-full wp-image-34115 aligncenter\" src=\"https:\/\/broxtal.com\/wp-content\/uploads\/2025\/05\/Hbe768d62e59847bbade60f3142bf0484c.jpeg\" alt=\"\" width=\"750\" height=\"750\" srcset=\"https:\/\/broxtal.com\/wp-content\/uploads\/2025\/05\/Hbe768d62e59847bbade60f3142bf0484c.jpeg 750w, https:\/\/broxtal.com\/wp-content\/uploads\/2025\/05\/Hbe768d62e59847bbade60f3142bf0484c-300x300.jpeg 300w, https:\/\/broxtal.com\/wp-content\/uploads\/2025\/05\/Hbe768d62e59847bbade60f3142bf0484c-150x150.jpeg 150w, https:\/\/broxtal.com\/wp-content\/uploads\/2025\/05\/Hbe768d62e59847bbade60f3142bf0484c-60x60.jpeg 60w, https:\/\/broxtal.com\/wp-content\/uploads\/2025\/05\/Hbe768d62e59847bbade60f3142bf0484c-110x110.jpeg 110w, https:\/\/broxtal.com\/wp-content\/uploads\/2025\/05\/Hbe768d62e59847bbade60f3142bf0484c-600x600.jpeg 600w, https:\/\/broxtal.com\/wp-content\/uploads\/2025\/05\/Hbe768d62e59847bbade60f3142bf0484c-32x32.jpeg 32w\" sizes=\"(max-width: 750px) 100vw, 750px\" \/><\/a><\/p>\n<p><a href=\"https:\/\/broxtal.com\/wp-content\/uploads\/2025\/05\/H1b35abea9052488884f8938cdf5ca8e7m.jpg_720x720q50.jpeg\"><img loading=\"lazy\" decoding=\"async\" class=\"size-full wp-image-34108 aligncenter\" src=\"https:\/\/broxtal.com\/wp-content\/uploads\/2025\/05\/H1b35abea9052488884f8938cdf5ca8e7m.jpg_720x720q50.jpeg\" alt=\"\" width=\"543\" height=\"720\" srcset=\"https:\/\/broxtal.com\/wp-content\/uploads\/2025\/05\/H1b35abea9052488884f8938cdf5ca8e7m.jpg_720x720q50.jpeg 543w, https:\/\/broxtal.com\/wp-content\/uploads\/2025\/05\/H1b35abea9052488884f8938cdf5ca8e7m.jpg_720x720q50-226x300.jpeg 226w, https:\/\/broxtal.com\/wp-content\/uploads\/2025\/05\/H1b35abea9052488884f8938cdf5ca8e7m.jpg_720x720q50-60x80.jpeg 60w, https:\/\/broxtal.com\/wp-content\/uploads\/2025\/05\/H1b35abea9052488884f8938cdf5ca8e7m.jpg_720x720q50-110x146.jpeg 110w, https:\/\/broxtal.com\/wp-content\/uploads\/2025\/05\/H1b35abea9052488884f8938cdf5ca8e7m.jpg_720x720q50-150x199.jpeg 150w\" sizes=\"(max-width: 543px) 100vw, 543px\" \/><\/a><\/p>\n<p><a href=\"https:\/\/broxtal.com\/wp-content\/uploads\/2025\/05\/Hc7d24e96962a4d28bfb250c4c094e0338.jpg_720x720q50.jpeg\"><img loading=\"lazy\" decoding=\"async\" class=\"size-full wp-image-34110 aligncenter\" src=\"https:\/\/broxtal.com\/wp-content\/uploads\/2025\/05\/Hc7d24e96962a4d28bfb250c4c094e0338.jpg_720x720q50.jpeg\" alt=\"\" width=\"632\" height=\"720\" srcset=\"https:\/\/broxtal.com\/wp-content\/uploads\/2025\/05\/Hc7d24e96962a4d28bfb250c4c094e0338.jpg_720x720q50.jpeg 632w, https:\/\/broxtal.com\/wp-content\/uploads\/2025\/05\/Hc7d24e96962a4d28bfb250c4c094e0338.jpg_720x720q50-263x300.jpeg 263w, https:\/\/broxtal.com\/wp-content\/uploads\/2025\/05\/Hc7d24e96962a4d28bfb250c4c094e0338.jpg_720x720q50-60x68.jpeg 60w, https:\/\/broxtal.com\/wp-content\/uploads\/2025\/05\/Hc7d24e96962a4d28bfb250c4c094e0338.jpg_720x720q50-110x125.jpeg 110w, https:\/\/broxtal.com\/wp-content\/uploads\/2025\/05\/Hc7d24e96962a4d28bfb250c4c094e0338.jpg_720x720q50-600x684.jpeg 600w, https:\/\/broxtal.com\/wp-content\/uploads\/2025\/05\/Hc7d24e96962a4d28bfb250c4c094e0338.jpg_720x720q50-150x171.jpeg 150w\" sizes=\"(max-width: 632px) 100vw, 632px\" \/><\/a><\/p>\n<p>&nbsp;<\/p>\n<hr \/>\n<h2><\/h2>\n<h2><b>Especificaciones <\/b><\/h2>\n<ul>\n<li><span class=\"s1\"><b>Modelo:<\/b><\/span> BXM-JY201W<\/li>\n<li>\n<p class=\"p1\"><span class=\"s1\"><b>Tama\u00f1o:<\/b><\/span> 39,0 x 29,5 x 25,0 cm<\/p>\n<\/li>\n<li>\n<p class=\"p1\"><b>Peso:<\/b><span class=\"s1\"> 7 kg<\/span><\/p>\n<\/li>\n<li>\n<p class=\"p1\"><span class=\"s1\"><b>Flujo:<\/b><\/span> 1-7 L\/min<\/p>\n<\/li>\n<li>\n<p class=\"p1\"><span class=\"s1\"><b>Pureza:<\/b><\/span> 93% \u00b13%<\/p>\n<\/li>\n<li>\n<p class=\"p1\"><span class=\"s1\"><b>Ruido:<\/b><\/span> \u226450dB<\/p>\n<\/li>\n<li>\n<p class=\"p1\"><span class=\"s1\"><b>Alarmas:<\/b><\/span> Fallo de presi\u00f3n y alimentaci\u00f3n<\/p>\n<\/li>\n<li>\n<p class=\"p1\"><b>Atomizaci\u00f3n:<\/b><span class=\"s1\"> 3,7\u03bcm \u00b125%<\/span><\/p>\n<\/li>\n<\/ul>\n<p class=\"p4\"><b>\u00bfQu\u00e9 hay en la caja?<\/b><b><\/b><\/p>\n<ul>\n<li>\n<p class=\"p1\">1\u00d7 Concentrador Yonker Oxygeneo<\/p>\n<\/li>\n<li>\n<p class=\"p1\">1\u00d7 Cable de alimentaci\u00f3n<\/p>\n<\/li>\n<li>\n<p class=\"p1\">1\u00d7 Mando a distancia<\/p>\n<\/li>\n<li>\n<p class=\"p1\">1\u00d7 Tubo de ox\u00edgeno y mascarilla<\/p>\n<\/li>\n<li>\n<p class=\"p1\">1\u00d7 Kit Atomizador<\/p>\n<\/li>\n<li>\n<p class=\"p1\">1\u00d7 Manual de usuario<\/p>\n<\/li>\n<\/ul>\n<p><a href=\"https:\/\/broxtal.com\/wp-content\/uploads\/2025\/05\/H922ef3989a1e4cc28546eb98013192d13.jpg_720x720q50.jpeg\"><img loading=\"lazy\" decoding=\"async\" class=\"size-full wp-image-34107 aligncenter\" src=\"https:\/\/broxtal.com\/wp-content\/uploads\/2025\/05\/H922ef3989a1e4cc28546eb98013192d13.jpg_720x720q50.jpeg\" alt=\"\" width=\"720\" height=\"720\" srcset=\"https:\/\/broxtal.com\/wp-content\/uploads\/2025\/05\/H922ef3989a1e4cc28546eb98013192d13.jpg_720x720q50.jpeg 720w, https:\/\/broxtal.com\/wp-content\/uploads\/2025\/05\/H922ef3989a1e4cc28546eb98013192d13.jpg_720x720q50-300x300.jpeg 300w, https:\/\/broxtal.com\/wp-content\/uploads\/2025\/05\/H922ef3989a1e4cc28546eb98013192d13.jpg_720x720q50-150x150.jpeg 150w, https:\/\/broxtal.com\/wp-content\/uploads\/2025\/05\/H922ef3989a1e4cc28546eb98013192d13.jpg_720x720q50-60x60.jpeg 60w, https:\/\/broxtal.com\/wp-content\/uploads\/2025\/05\/H922ef3989a1e4cc28546eb98013192d13.jpg_720x720q50-110x110.jpeg 110w, https:\/\/broxtal.com\/wp-content\/uploads\/2025\/05\/H922ef3989a1e4cc28546eb98013192d13.jpg_720x720q50-600x600.jpeg 600w, https:\/\/broxtal.com\/wp-content\/uploads\/2025\/05\/H922ef3989a1e4cc28546eb98013192d13.jpg_720x720q50-32x32.jpeg 32w, https:\/\/broxtal.com\/wp-content\/uploads\/2025\/05\/H922ef3989a1e4cc28546eb98013192d13.jpg_720x720q50-64x64.jpeg 64w\" sizes=\"(max-width: 720px) 100vw, 720px\" \/><\/a><\/p>\n<hr \/>\n<p>&nbsp;<\/p>\n<p class=\"p1\">En nuestra empresa, respaldamos firmemente nuestros productos y nos comprometemos a ofrecerle total tranquilidad con cada compra. Nuestra garant\u00eda incluye:<\/p>\n<ol start=\"1\">\n<li>\n<p class=\"p1\"><strong>Entrega r\u00e1pida y fiable puerta a puerta.<\/strong><\/p>\n<\/li>\n<li>\n<p class=\"p1\"><strong>Riguroso control de calidad en cada pedido.<\/strong><\/p>\n<\/li>\n<li>\n<p class=\"p1\"><strong>Precios transparentes sin cargos ocultos.<\/strong><\/p>\n<\/li>\n<li>\n<p class=\"p1\"><strong>Opciones de pago seguro mediante tarjeta de cr\u00e9dito\/d\u00e9bito o PayPal.<\/strong><\/p>\n<\/li>\n<li>\n<p class=\"p1\"><strong>Pago SSL cifrado con carro de la compra protegido por McAfee.<\/strong><\/p>\n<\/li>\n<li>\n<p class=\"p1\"><strong>Un servicio integral para cada cliente.<\/strong><\/p>\n<\/li>\n<\/ol>\n<p class=\"p1\" style=\"text-align: center;\"><strong>En stock y env\u00edo r\u00e1pido<\/strong><\/p>\n<p class=\"p1\" style=\"text-align: center;\"><strong>\ud83d\udce6 1-Year Warranty | CE + RoHS Certified<\/strong><\/p>\n<p class=\"p1\" style=\"text-align: center;\"><strong>\ud83d\udea8 Haz tu pedido ahora: \u00a1hay unidades limitadas!<\/strong><\/p>\n<p><img decoding=\"async\" class=\"aligncenter\" src=\"https:\/\/sc04.alicdn.com\/kf\/H1aeb34590341493aaf9975efbf57ecdaY\/200265482\/H1aeb34590341493aaf9975efbf57ecdaY.jpg\" \/><\/p>\n<p>&nbsp;<\/p>","protected":false},"excerpt":{"rendered":"<ul>\n<li>\n<p class=\"p1\"><span class=\"s1\"><b>1-7L Caudal regulable:<\/b><\/span> Suministro de ox\u00edgeno personalizado con pureza 93%.<\/p>\n<\/li>\n<li>\n<p class=\"p1\"><span class=\"s1\"><b>Control silencioso y sencillo:<\/b><\/span> &lt;50dB, pantalla t\u00e1ctil + mando a distancia.<\/p>\n<\/li>\n<li>\n<p class=\"p1\"><span class=\"s1\"><b>Seguridad certificada:<\/b><\/span> CE, RoHS, ISO, CFDA + alarmas de seguridad.<\/p>\n<\/li>\n<\/ul>","protected":false},"featured_media":36286,"comment_status":"open","ping_status":"closed","template":"","meta":[],"product_brand":[],"product_cat":[286,1761,1719],"product_tag":[],"class_list":{"0":"post-34106","1":"product","2":"type-product","3":"status-publish","4":"has-post-thumbnail","6":"product_cat-health-wellness","7":"product_cat-oxygen-concentrators","8":"product_cat-respiratory-care-oxygen-therapy","10":"first","11":"outofstock","12":"sale","13":"shipping-taxable","14":"purchasable","15":"product-type-simple"},"_links":{"self":[{"href":"https:\/\/broxtal.com\/es\/wp-json\/wp\/v2\/product\/34106","targetHints":{"allow":["GET"]}}],"collection":[{"href":"https:\/\/broxtal.com\/es\/wp-json\/wp\/v2\/product"}],"about":[{"href":"https:\/\/broxtal.com\/es\/wp-json\/wp\/v2\/types\/product"}],"replies":[{"embeddable":true,"href":"https:\/\/broxtal.com\/es\/wp-json\/wp\/v2\/comments?post=34106"}],"version-history":[{"count":8,"href":"https:\/\/broxtal.com\/es\/wp-json\/wp\/v2\/product\/34106\/revisions"}],"predecessor-version":[{"id":35797,"href":"https:\/\/broxtal.com\/es\/wp-json\/wp\/v2\/product\/34106\/revisions\/35797"}],"wp:featuredmedia":[{"embeddable":true,"href":"https:\/\/broxtal.com\/es\/wp-json\/wp\/v2\/media\/36286"}],"wp:attachment":[{"href":"https:\/\/broxtal.com\/es\/wp-json\/wp\/v2\/media?parent=34106"}],"wp:term":[{"taxonomy":"product_brand","embeddable":true,"href":"https:\/\/broxtal.com\/es\/wp-json\/wp\/v2\/product_brand?post=34106"},{"taxonomy":"product_cat","embeddable":true,"href":"https:\/\/broxtal.com\/es\/wp-json\/wp\/v2\/product_cat?post=34106"},{"taxonomy":"product_tag","embeddable":true,"href":"https:\/\/broxtal.com\/es\/wp-json\/wp\/v2\/product_tag?post=34106"}],"curies":[{"name":"wp","href":"https:\/\/api.w.org\/{rel}","templated":true}]}}