{"id":35202,"date":"2025-06-23T08:18:19","date_gmt":"2025-06-23T07:18:19","guid":{"rendered":"https:\/\/broxtal.com\/?post_type=product&#038;p=35202"},"modified":"2026-01-09T00:45:36","modified_gmt":"2026-01-09T00:45:36","slug":"iniu-mini-power-bank-fast-charging-25000mah","status":"publish","type":"product","link":"https:\/\/broxtal.com\/es\/producto\/iniu-mini-power-bank-fast-charging-25000mah\/","title":{"rendered":"INIU Mini Power Bank - Carga r\u00e1pida - 25000mAh"},"content":{"rendered":"<h1 class=\"a-size-large a-spacing-none\" style=\"text-align: center;\"><span class=\"a-size-large product-title-word-break\">INIU Mini Power Bank con carga r\u00e1pida PD QC (entrada\/salida USB-C) - <\/span><span id=\"productTitle\" class=\"a-size-large product-title-word-break\">Cargador port\u00e1til 100W 25000mAh<\/span><\/h1>\n<p><img fetchpriority=\"high\" decoding=\"async\" class=\"aligncenter size-large wp-image-35206\" src=\"https:\/\/broxtal.com\/wp-content\/uploads\/2025\/06\/mini-power-bank-2-1300x533.webp\" alt=\"\" width=\"1300\" height=\"533\" srcset=\"https:\/\/broxtal.com\/wp-content\/uploads\/2025\/06\/mini-power-bank-2-1300x533.webp 1300w, https:\/\/broxtal.com\/wp-content\/uploads\/2025\/06\/mini-power-bank-2-400x164.webp 400w, https:\/\/broxtal.com\/wp-content\/uploads\/2025\/06\/mini-power-bank-2-768x315.webp 768w, https:\/\/broxtal.com\/wp-content\/uploads\/2025\/06\/mini-power-bank-2-18x7.webp 18w, https:\/\/broxtal.com\/wp-content\/uploads\/2025\/06\/mini-power-bank-2-1200x492.webp 1200w, https:\/\/broxtal.com\/wp-content\/uploads\/2025\/06\/mini-power-bank-2-60x25.webp 60w, https:\/\/broxtal.com\/wp-content\/uploads\/2025\/06\/mini-power-bank-2-110x45.webp 110w, https:\/\/broxtal.com\/wp-content\/uploads\/2025\/06\/mini-power-bank-2-600x246.webp 600w, https:\/\/broxtal.com\/wp-content\/uploads\/2025\/06\/mini-power-bank-2-150x61.webp 150w, https:\/\/broxtal.com\/wp-content\/uploads\/2025\/06\/mini-power-bank-2.webp 1464w\" sizes=\"(max-width: 1300px) 100vw, 1300px\" \/> <img decoding=\"async\" class=\"aligncenter size-large wp-image-35205\" src=\"https:\/\/broxtal.com\/wp-content\/uploads\/2025\/06\/mini-power-bank-1-1300x533.webp\" alt=\"\" width=\"1300\" height=\"533\" srcset=\"https:\/\/broxtal.com\/wp-content\/uploads\/2025\/06\/mini-power-bank-1-1300x533.webp 1300w, https:\/\/broxtal.com\/wp-content\/uploads\/2025\/06\/mini-power-bank-1-400x164.webp 400w, https:\/\/broxtal.com\/wp-content\/uploads\/2025\/06\/mini-power-bank-1-768x315.webp 768w, https:\/\/broxtal.com\/wp-content\/uploads\/2025\/06\/mini-power-bank-1-18x7.webp 18w, https:\/\/broxtal.com\/wp-content\/uploads\/2025\/06\/mini-power-bank-1-1200x492.webp 1200w, https:\/\/broxtal.com\/wp-content\/uploads\/2025\/06\/mini-power-bank-1-60x25.webp 60w, https:\/\/broxtal.com\/wp-content\/uploads\/2025\/06\/mini-power-bank-1-110x45.webp 110w, https:\/\/broxtal.com\/wp-content\/uploads\/2025\/06\/mini-power-bank-1-600x246.webp 600w, https:\/\/broxtal.com\/wp-content\/uploads\/2025\/06\/mini-power-bank-1-150x61.webp 150w, https:\/\/broxtal.com\/wp-content\/uploads\/2025\/06\/mini-power-bank-1.webp 1464w\" sizes=\"(max-width: 1300px) 100vw, 1300px\" \/> <img decoding=\"async\" class=\"aligncenter size-large wp-image-35207\" src=\"https:\/\/broxtal.com\/wp-content\/uploads\/2025\/06\/mini-power-bank-3-1300x533.webp\" alt=\"\" width=\"1300\" height=\"533\" srcset=\"https:\/\/broxtal.com\/wp-content\/uploads\/2025\/06\/mini-power-bank-3-1300x533.webp 1300w, https:\/\/broxtal.com\/wp-content\/uploads\/2025\/06\/mini-power-bank-3-400x164.webp 400w, https:\/\/broxtal.com\/wp-content\/uploads\/2025\/06\/mini-power-bank-3-768x315.webp 768w, https:\/\/broxtal.com\/wp-content\/uploads\/2025\/06\/mini-power-bank-3-18x7.webp 18w, https:\/\/broxtal.com\/wp-content\/uploads\/2025\/06\/mini-power-bank-3-1200x492.webp 1200w, https:\/\/broxtal.com\/wp-content\/uploads\/2025\/06\/mini-power-bank-3-60x25.webp 60w, https:\/\/broxtal.com\/wp-content\/uploads\/2025\/06\/mini-power-bank-3-110x45.webp 110w, https:\/\/broxtal.com\/wp-content\/uploads\/2025\/06\/mini-power-bank-3-600x246.webp 600w, https:\/\/broxtal.com\/wp-content\/uploads\/2025\/06\/mini-power-bank-3-150x61.webp 150w, https:\/\/broxtal.com\/wp-content\/uploads\/2025\/06\/mini-power-bank-3.webp 1464w\" sizes=\"(max-width: 1300px) 100vw, 1300px\" \/><\/p>\n<h4><span class=\"a-list-item\">INIU Mini Power Bank<\/span><\/h4>\n<p><span class=\"a-list-item\">Experimente la carga m\u00e1s segura con m\u00e1s de 38 millones de usuarios en todo el mundo. En INIU, s\u00f3lo utilizamos materiales de la m\u00e1s alta calidad, por lo que tenemos la confianza de ofrecer una garant\u00eda de 3 a\u00f1os l\u00edder en la industria.<\/span><\/p>\n<ul class=\"a-unordered-list a-vertical a-spacing-mini\">\n<li class=\"a-spacing-mini\"><span class=\"a-list-item\">INIU Mini Power Bank <\/span>El m\u00e1s peque\u00f1o del mercado 100W 25000mAh: Equipado con la primera TinyCell de alta densidad de la industria de iNiu y la innovadora tecnolog\u00eda HyperStack, este banco de energ\u00eda rompe los l\u00edmites de tama\u00f1o de los cargadores de alta capacidad. No m\u00e1s ladrillos voluminosos, s\u00f3lo portabilidad compacta.<\/li>\n<li class=\"a-spacing-mini\"><span class=\"a-list-item\">INIU Mini Power Bank Prepara iPhone y MacBook en 25Mins: Imprescindible para usuarios de m\u00faltiples dispositivos, este power bank proporciona hasta 110W de carga de alta velocidad para 2 dispositivos a la vez. En s\u00f3lo 25 minutos, puede cargar su MacBook Pro 14\u2033 a 42% y iPhone 15 a 62%.<\/span><\/li>\n<li class=\"a-spacing-mini\"><span class=\"a-list-item\">INIU Mini Power Bank 100W Puerto USB-C para Carga y Recarga R\u00e1pida: Con entrada\/salida USB-C de 100W, este power bank es compatible con Samsung Super Fast Charging 2.0, consiguiendo que el Samsung S24 Ultra alcance los 75% en 30 min. Se recarga completamente en solo 1,4 horas.<\/span><\/li>\n<li class=\"a-spacing-mini\"><span class=\"a-list-item\">Carga a toda velocidad para Steam Deck: Lleva tus sesiones de juego al siguiente nivel con la potencia para cargar tu consola de juegos Steam Deck a su m\u00e1xima velocidad.<\/span><\/li>\n<li class=\"a-spacing-mini\"><span class=\"a-list-item\">Airline Friendly 25,000mAh: La capacidad de 25000mAh soporta un viaje de una semana, cargando todos tus dispositivos con un solo power bank.<\/span><\/li>\n<li class=\"a-spacing-mini\"><span class=\"a-list-item\">Lo que obtienes: Banco de bater\u00edas INIU 100W*1, cable USB C a USB C de 0,3 m\/1 pie*1, manual de usuario*1. Disfrutar de iNiu l\u00edder en la industria 3 a\u00f1os iNiu cuidado, para cualquier problema de calidad, le enviaremos uno nuevo.<\/span><\/li>\n<li><\/li>\n<\/ul>\n<p><img loading=\"lazy\" decoding=\"async\" class=\"aligncenter size-full wp-image-35211\" src=\"https:\/\/broxtal.com\/wp-content\/uploads\/2025\/06\/mini-power-bank-7.webp\" alt=\"\" width=\"569\" height=\"711\" srcset=\"https:\/\/broxtal.com\/wp-content\/uploads\/2025\/06\/mini-power-bank-7.webp 569w, https:\/\/broxtal.com\/wp-content\/uploads\/2025\/06\/mini-power-bank-7-240x300.webp 240w, https:\/\/broxtal.com\/wp-content\/uploads\/2025\/06\/mini-power-bank-7-10x12.webp 10w, https:\/\/broxtal.com\/wp-content\/uploads\/2025\/06\/mini-power-bank-7-60x75.webp 60w, https:\/\/broxtal.com\/wp-content\/uploads\/2025\/06\/mini-power-bank-7-110x137.webp 110w, https:\/\/broxtal.com\/wp-content\/uploads\/2025\/06\/mini-power-bank-7-150x187.webp 150w\" sizes=\"(max-width: 569px) 100vw, 569px\" \/> <img loading=\"lazy\" decoding=\"async\" class=\"aligncenter size-full wp-image-35210\" src=\"https:\/\/broxtal.com\/wp-content\/uploads\/2025\/06\/mini-power-bank-6.webp\" alt=\"\" width=\"569\" height=\"711\" srcset=\"https:\/\/broxtal.com\/wp-content\/uploads\/2025\/06\/mini-power-bank-6.webp 569w, https:\/\/broxtal.com\/wp-content\/uploads\/2025\/06\/mini-power-bank-6-240x300.webp 240w, https:\/\/broxtal.com\/wp-content\/uploads\/2025\/06\/mini-power-bank-6-10x12.webp 10w, https:\/\/broxtal.com\/wp-content\/uploads\/2025\/06\/mini-power-bank-6-60x75.webp 60w, https:\/\/broxtal.com\/wp-content\/uploads\/2025\/06\/mini-power-bank-6-110x137.webp 110w, https:\/\/broxtal.com\/wp-content\/uploads\/2025\/06\/mini-power-bank-6-150x187.webp 150w\" sizes=\"(max-width: 569px) 100vw, 569px\" \/> <img loading=\"lazy\" decoding=\"async\" class=\"aligncenter size-full wp-image-35204\" src=\"https:\/\/broxtal.com\/wp-content\/uploads\/2025\/06\/mini-power-bank-9.webp\" alt=\"\" width=\"569\" height=\"711\" srcset=\"https:\/\/broxtal.com\/wp-content\/uploads\/2025\/06\/mini-power-bank-9.webp 569w, https:\/\/broxtal.com\/wp-content\/uploads\/2025\/06\/mini-power-bank-9-240x300.webp 240w, https:\/\/broxtal.com\/wp-content\/uploads\/2025\/06\/mini-power-bank-9-10x12.webp 10w, https:\/\/broxtal.com\/wp-content\/uploads\/2025\/06\/mini-power-bank-9-60x75.webp 60w, https:\/\/broxtal.com\/wp-content\/uploads\/2025\/06\/mini-power-bank-9-110x137.webp 110w, https:\/\/broxtal.com\/wp-content\/uploads\/2025\/06\/mini-power-bank-9-150x187.webp 150w\" sizes=\"(max-width: 569px) 100vw, 569px\" \/> <img loading=\"lazy\" decoding=\"async\" class=\"aligncenter size-full wp-image-35203\" src=\"https:\/\/broxtal.com\/wp-content\/uploads\/2025\/06\/mini-power-bank-8.webp\" alt=\"\" width=\"569\" height=\"711\" srcset=\"https:\/\/broxtal.com\/wp-content\/uploads\/2025\/06\/mini-power-bank-8.webp 569w, https:\/\/broxtal.com\/wp-content\/uploads\/2025\/06\/mini-power-bank-8-240x300.webp 240w, https:\/\/broxtal.com\/wp-content\/uploads\/2025\/06\/mini-power-bank-8-10x12.webp 10w, https:\/\/broxtal.com\/wp-content\/uploads\/2025\/06\/mini-power-bank-8-60x75.webp 60w, https:\/\/broxtal.com\/wp-content\/uploads\/2025\/06\/mini-power-bank-8-110x137.webp 110w, https:\/\/broxtal.com\/wp-content\/uploads\/2025\/06\/mini-power-bank-8-150x187.webp 150w\" sizes=\"(max-width: 569px) 100vw, 569px\" \/><\/p>","protected":false},"excerpt":{"rendered":"<p>INIU Mini Power Bank with PD QC Fast Charging (USB-C in\/Out) &#8211; 100W 25000mAh Portable Charger INIU Mini Power Bank<\/p>","protected":false},"featured_media":35208,"comment_status":"open","ping_status":"closed","template":"","meta":[],"product_brand":[],"product_cat":[286,1763,1719],"product_tag":[],"class_list":{"0":"post-35202","1":"product","2":"type-product","3":"status-publish","4":"has-post-thumbnail","6":"product_cat-health-wellness","7":"product_cat-masks-accessories","8":"product_cat-respiratory-care-oxygen-therapy","10":"first","11":"instock","12":"sale","13":"shipping-taxable","14":"purchasable","15":"product-type-simple"},"_links":{"self":[{"href":"https:\/\/broxtal.com\/es\/wp-json\/wp\/v2\/product\/35202","targetHints":{"allow":["GET"]}}],"collection":[{"href":"https:\/\/broxtal.com\/es\/wp-json\/wp\/v2\/product"}],"about":[{"href":"https:\/\/broxtal.com\/es\/wp-json\/wp\/v2\/types\/product"}],"replies":[{"embeddable":true,"href":"https:\/\/broxtal.com\/es\/wp-json\/wp\/v2\/comments?post=35202"}],"version-history":[{"count":4,"href":"https:\/\/broxtal.com\/es\/wp-json\/wp\/v2\/product\/35202\/revisions"}],"predecessor-version":[{"id":36037,"href":"https:\/\/broxtal.com\/es\/wp-json\/wp\/v2\/product\/35202\/revisions\/36037"}],"wp:featuredmedia":[{"embeddable":true,"href":"https:\/\/broxtal.com\/es\/wp-json\/wp\/v2\/media\/35208"}],"wp:attachment":[{"href":"https:\/\/broxtal.com\/es\/wp-json\/wp\/v2\/media?parent=35202"}],"wp:term":[{"taxonomy":"product_brand","embeddable":true,"href":"https:\/\/broxtal.com\/es\/wp-json\/wp\/v2\/product_brand?post=35202"},{"taxonomy":"product_cat","embeddable":true,"href":"https:\/\/broxtal.com\/es\/wp-json\/wp\/v2\/product_cat?post=35202"},{"taxonomy":"product_tag","embeddable":true,"href":"https:\/\/broxtal.com\/es\/wp-json\/wp\/v2\/product_tag?post=35202"}],"curies":[{"name":"wp","href":"https:\/\/api.w.org\/{rel}","templated":true}]}}