{"id":35854,"date":"2025-07-01T12:52:48","date_gmt":"2025-07-01T11:52:48","guid":{"rendered":"https:\/\/broxtal.com\/?post_type=product&#038;p=35854"},"modified":"2025-07-15T00:47:26","modified_gmt":"2025-07-14T23:47:26","slug":"cpap-cleaner-and-sanitizer-bundle","status":"publish","type":"product","link":"https:\/\/broxtal.com\/es\/producto\/cpap-cleaner-and-sanitizer-bundle\/","title":{"rendered":"Paquete de limpiador y desinfectante para CPAP"},"content":{"rendered":"<h1 style=\"text-align: center;\"><span style=\"color: #0000ff;\">Respire fresco, limpio y sin problemas con el limpiador de CPAP PEIPU<\/span><\/h1>\n<h2 style=\"text-align: center;\">El paquete limpiador y desinfectante de CPAP; soluci\u00f3n inteligente, port\u00e1til y desinfectante con un solo clic para usuarios de CPAP. <span id=\"productTitle\" class=\"a-size-large product-title-word-break\">con bolsa desinfectante para mascarilla y adaptadores para manguera calefactada<\/span><\/h2>\n<h2 data-start=\"272\" data-end=\"290\"><img fetchpriority=\"high\" decoding=\"async\" class=\"aligncenter size-large wp-image-35858\" src=\"https:\/\/broxtal.com\/wp-content\/uploads\/2025\/07\/CPAP-Cleaner-and-Sanitizer-Bundle-5-800x800.webp\" alt=\"CPAP-Cleaner-and-Sanitizer-Bundle\" width=\"800\" height=\"800\" srcset=\"https:\/\/broxtal.com\/wp-content\/uploads\/2025\/07\/CPAP-Cleaner-and-Sanitizer-Bundle-5-800x800.webp 800w, https:\/\/broxtal.com\/wp-content\/uploads\/2025\/07\/CPAP-Cleaner-and-Sanitizer-Bundle-5-300x300.webp 300w, https:\/\/broxtal.com\/wp-content\/uploads\/2025\/07\/CPAP-Cleaner-and-Sanitizer-Bundle-5-150x150.webp 150w, https:\/\/broxtal.com\/wp-content\/uploads\/2025\/07\/CPAP-Cleaner-and-Sanitizer-Bundle-5-768x768.webp 768w, https:\/\/broxtal.com\/wp-content\/uploads\/2025\/07\/CPAP-Cleaner-and-Sanitizer-Bundle-5-12x12.webp 12w, https:\/\/broxtal.com\/wp-content\/uploads\/2025\/07\/CPAP-Cleaner-and-Sanitizer-Bundle-5-1200x1200.webp 1200w, https:\/\/broxtal.com\/wp-content\/uploads\/2025\/07\/CPAP-Cleaner-and-Sanitizer-Bundle-5-60x60.webp 60w, https:\/\/broxtal.com\/wp-content\/uploads\/2025\/07\/CPAP-Cleaner-and-Sanitizer-Bundle-5-110x110.webp 110w, https:\/\/broxtal.com\/wp-content\/uploads\/2025\/07\/CPAP-Cleaner-and-Sanitizer-Bundle-5-600x600.webp 600w, https:\/\/broxtal.com\/wp-content\/uploads\/2025\/07\/CPAP-Cleaner-and-Sanitizer-Bundle-5-32x32.webp 32w, https:\/\/broxtal.com\/wp-content\/uploads\/2025\/07\/CPAP-Cleaner-and-Sanitizer-Bundle-5-64x64.webp 64w, https:\/\/broxtal.com\/wp-content\/uploads\/2025\/07\/CPAP-Cleaner-and-Sanitizer-Bundle-5.webp 1429w\" sizes=\"(max-width: 800px) 100vw, 800px\" \/><\/h2>\n<h2 data-start=\"272\" data-end=\"290\">Caracter\u00edsticas de CPAP Cleaner and Sanitizer Bundle:<\/h2>\n<ul>\n<li data-start=\"293\" data-end=\"434\">F\u00e1cil de usar: S\u00f3lo tiene que conectar, pulsar un bot\u00f3n y marcharse. La limpiadora se apaga autom\u00e1ticamente despu\u00e9s del ciclo, sin temporizadores manuales ni estr\u00e9s.<\/li>\n<li data-start=\"437\" data-end=\"563\">Desinfecci\u00f3n r\u00e1pida y potente: Disfruta de un ciclo de limpieza completo en s\u00f3lo 25 minutos con una eliminaci\u00f3n de bacterias del 99,99%.<\/li>\n<li data-start=\"566\" data-end=\"692\">Compatibilidad universal: Funciona con casi todas las m\u00e1quinas CPAP, incluyendo varias m\u00e1scaras, almohadillas nasales, cojines y tubos.<\/li>\n<li data-start=\"695\" data-end=\"837\">Bater\u00eda de larga duraci\u00f3n: Una potente bater\u00eda recargable de 2600mAh proporciona de 8 a 10 ciclos de limpieza con una sola carga, perfecta para viajar.<\/li>\n<li data-start=\"840\" data-end=\"982\">Ultraport\u00e1til: Pesa menos de 0,5 libras y viene con una bolsa desinfectante de viaje de primera calidad, ideal para viajes, hoteles y uso sobre la marcha.<\/li>\n<li data-start=\"985\" data-end=\"1084\">Paquete completo: Viene con todos los adaptadores y accesorios esenciales para adaptarse a su configuraci\u00f3n de CPAP.<\/li>\n<\/ul>\n<h2 data-start=\"1333\" data-end=\"1360\">Tabla de especificaciones:<\/h2>\n<div class=\"_tableContainer_80l1q_1\">\n<div class=\"_tableWrapper_80l1q_14 group flex w-fit flex-col-reverse\" tabindex=\"-1\">\n<table class=\"w-fit min-w-(--thread-content-width)\" data-start=\"1362\" data-end=\"2018\">\n<thead data-start=\"1362\" data-end=\"1434\">\n<tr data-start=\"1362\" data-end=\"1434\">\n<th data-start=\"1362\" data-end=\"1390\" data-col-size=\"sm\">Caracter\u00edstica<\/th>\n<th data-start=\"1390\" data-end=\"1434\" data-col-size=\"md\">Detalles<\/th>\n<\/tr>\n<\/thead>\n<tbody data-start=\"1508\" data-end=\"2018\">\n<tr data-start=\"1508\" data-end=\"1580\">\n<td data-start=\"1508\" data-end=\"1536\" data-col-size=\"sm\">Duraci\u00f3n del ciclo de limpieza<\/td>\n<td data-start=\"1536\" data-end=\"1580\" data-col-size=\"md\">25 minutos<\/td>\n<\/tr>\n<tr data-start=\"1581\" data-end=\"1653\">\n<td data-start=\"1581\" data-end=\"1609\" data-col-size=\"sm\">Tasa de eliminaci\u00f3n de bacterias<\/td>\n<td data-start=\"1609\" data-end=\"1653\" data-col-size=\"md\">99.99%<\/td>\n<\/tr>\n<tr data-start=\"1654\" data-end=\"1726\">\n<td data-start=\"1654\" data-end=\"1682\" data-col-size=\"sm\">Capacidad de la bater\u00eda<\/td>\n<td data-start=\"1682\" data-end=\"1726\" data-col-size=\"md\">2600mAh (8-10 ciclos de limpieza por carga)<\/td>\n<\/tr>\n<tr data-start=\"1727\" data-end=\"1799\">\n<td data-start=\"1727\" data-end=\"1755\" data-col-size=\"sm\">Peso<\/td>\n<td data-start=\"1755\" data-end=\"1799\" data-col-size=\"md\">Menos de 0,5 libras<\/td>\n<\/tr>\n<tr data-start=\"1800\" data-end=\"1872\">\n<td data-start=\"1800\" data-end=\"1828\" data-col-size=\"sm\">Compatibilidad<\/td>\n<td data-col-size=\"md\" data-start=\"1828\" data-end=\"1872\">Casi todos los aparatos y accesorios de CPAP<\/td>\n<\/tr>\n<tr data-start=\"1873\" data-end=\"1945\">\n<td data-start=\"1873\" data-end=\"1901\" data-col-size=\"sm\">Bolsa de viaje<\/td>\n<td data-start=\"1901\" data-end=\"1945\" data-col-size=\"md\">Incluido (calidad superior)<\/td>\n<\/tr>\n<tr data-start=\"1946\" data-end=\"2018\">\n<td data-start=\"1946\" data-end=\"1974\" data-col-size=\"sm\">Garant\u00eda<\/td>\n<td data-col-size=\"md\" data-start=\"1974\" data-end=\"2018\">1 a\u00f1o<\/td>\n<\/tr>\n<\/tbody>\n<\/table>\n<div class=\"sticky end-(--thread-content-margin) h-0 self-end select-none\">\n<div class=\"absolute end-0 flex items-end\"><\/div>\n<\/div>\n<\/div>\n<\/div>\n<h2 data-start=\"2025\" data-end=\"2048\">\u00bfPor qu\u00e9 elegir el paquete de limpiador y desinfectante de CPAP?<\/h2>\n<p data-start=\"2049\" data-end=\"2264\">Deje de lavar a mano su CPAP y sus componentes. Con PEIPU, obtendr\u00e1 <strong data-start=\"2120\" data-end=\"2173\">limpieza autom\u00e1tica y eficaz con un solo clic<\/strong>-Sin m\u00e1s complicaciones ni p\u00e9rdidas de tiempo. Perfecto para <strong data-start=\"2223\" data-end=\"2264\">uso dom\u00e9stico diario y viajes c\u00f3modos.<\/strong><\/p>\n<h3>Qu\u00e9 incluye:<\/h3>\n<ul>\n<li data-start=\"1116\" data-end=\"1140\">1 x Limpiador de CPAP PEIPU<\/li>\n<li data-start=\"1143\" data-end=\"1160\">1 x Manual de usuario<\/li>\n<li data-start=\"1163\" data-end=\"1198\">1 x Bolsa desinfectante de viaje Premium<\/li>\n<li data-start=\"1201\" data-end=\"1230\">1 x Nuevo adaptador de manguera calefactada<\/li>\n<li data-start=\"1233\" data-end=\"1254\">1 x Adaptador AirMini<\/li>\n<li data-start=\"1257\" data-end=\"1281\">1 x Cable de carga USB<\/li>\n<li data-start=\"1284\" data-end=\"1300\">1 adaptador de CA<\/li>\n<li data-start=\"1303\" data-end=\"1326\">Garant\u00eda PEIPU de 1 a\u00f1o<\/li>\n<\/ul>\n<p><img decoding=\"async\" class=\"aligncenter size-large wp-image-35859\" src=\"https:\/\/broxtal.com\/wp-content\/uploads\/2025\/07\/CPAP-Cleaner-and-Sanitizer-Bundle-6-800x800.webp\" alt=\"\" width=\"800\" height=\"800\" srcset=\"https:\/\/broxtal.com\/wp-content\/uploads\/2025\/07\/CPAP-Cleaner-and-Sanitizer-Bundle-6-800x800.webp 800w, https:\/\/broxtal.com\/wp-content\/uploads\/2025\/07\/CPAP-Cleaner-and-Sanitizer-Bundle-6-300x300.webp 300w, https:\/\/broxtal.com\/wp-content\/uploads\/2025\/07\/CPAP-Cleaner-and-Sanitizer-Bundle-6-150x150.webp 150w, https:\/\/broxtal.com\/wp-content\/uploads\/2025\/07\/CPAP-Cleaner-and-Sanitizer-Bundle-6-768x768.webp 768w, https:\/\/broxtal.com\/wp-content\/uploads\/2025\/07\/CPAP-Cleaner-and-Sanitizer-Bundle-6-12x12.webp 12w, https:\/\/broxtal.com\/wp-content\/uploads\/2025\/07\/CPAP-Cleaner-and-Sanitizer-Bundle-6-1200x1200.webp 1200w, https:\/\/broxtal.com\/wp-content\/uploads\/2025\/07\/CPAP-Cleaner-and-Sanitizer-Bundle-6-60x60.webp 60w, https:\/\/broxtal.com\/wp-content\/uploads\/2025\/07\/CPAP-Cleaner-and-Sanitizer-Bundle-6-110x110.webp 110w, https:\/\/broxtal.com\/wp-content\/uploads\/2025\/07\/CPAP-Cleaner-and-Sanitizer-Bundle-6-600x600.webp 600w, https:\/\/broxtal.com\/wp-content\/uploads\/2025\/07\/CPAP-Cleaner-and-Sanitizer-Bundle-6-32x32.webp 32w, https:\/\/broxtal.com\/wp-content\/uploads\/2025\/07\/CPAP-Cleaner-and-Sanitizer-Bundle-6.webp 1500w\" sizes=\"(max-width: 800px) 100vw, 800px\" \/> <img decoding=\"async\" class=\"aligncenter size-large wp-image-35857\" src=\"https:\/\/broxtal.com\/wp-content\/uploads\/2025\/07\/CPAP-Cleaner-and-Sanitizer-Bundle-4-800x800.webp\" alt=\"\" width=\"800\" height=\"800\" srcset=\"https:\/\/broxtal.com\/wp-content\/uploads\/2025\/07\/CPAP-Cleaner-and-Sanitizer-Bundle-4-800x800.webp 800w, https:\/\/broxtal.com\/wp-content\/uploads\/2025\/07\/CPAP-Cleaner-and-Sanitizer-Bundle-4-300x300.webp 300w, https:\/\/broxtal.com\/wp-content\/uploads\/2025\/07\/CPAP-Cleaner-and-Sanitizer-Bundle-4-150x150.webp 150w, https:\/\/broxtal.com\/wp-content\/uploads\/2025\/07\/CPAP-Cleaner-and-Sanitizer-Bundle-4-768x768.webp 768w, https:\/\/broxtal.com\/wp-content\/uploads\/2025\/07\/CPAP-Cleaner-and-Sanitizer-Bundle-4-12x12.webp 12w, https:\/\/broxtal.com\/wp-content\/uploads\/2025\/07\/CPAP-Cleaner-and-Sanitizer-Bundle-4-1200x1200.webp 1200w, https:\/\/broxtal.com\/wp-content\/uploads\/2025\/07\/CPAP-Cleaner-and-Sanitizer-Bundle-4-60x60.webp 60w, https:\/\/broxtal.com\/wp-content\/uploads\/2025\/07\/CPAP-Cleaner-and-Sanitizer-Bundle-4-110x110.webp 110w, https:\/\/broxtal.com\/wp-content\/uploads\/2025\/07\/CPAP-Cleaner-and-Sanitizer-Bundle-4-600x600.webp 600w, https:\/\/broxtal.com\/wp-content\/uploads\/2025\/07\/CPAP-Cleaner-and-Sanitizer-Bundle-4-32x32.webp 32w, https:\/\/broxtal.com\/wp-content\/uploads\/2025\/07\/CPAP-Cleaner-and-Sanitizer-Bundle-4.webp 1500w\" sizes=\"(max-width: 800px) 100vw, 800px\" \/> <img loading=\"lazy\" decoding=\"async\" class=\"aligncenter size-large wp-image-35856\" src=\"https:\/\/broxtal.com\/wp-content\/uploads\/2025\/07\/CPAP-Cleaner-and-Sanitizer-Bundle-3-847x800.webp\" alt=\"\" width=\"847\" height=\"800\" srcset=\"https:\/\/broxtal.com\/wp-content\/uploads\/2025\/07\/CPAP-Cleaner-and-Sanitizer-Bundle-3-847x800.webp 847w, https:\/\/broxtal.com\/wp-content\/uploads\/2025\/07\/CPAP-Cleaner-and-Sanitizer-Bundle-3-318x300.webp 318w, https:\/\/broxtal.com\/wp-content\/uploads\/2025\/07\/CPAP-Cleaner-and-Sanitizer-Bundle-3-768x725.webp 768w, https:\/\/broxtal.com\/wp-content\/uploads\/2025\/07\/CPAP-Cleaner-and-Sanitizer-Bundle-3-13x12.webp 13w, https:\/\/broxtal.com\/wp-content\/uploads\/2025\/07\/CPAP-Cleaner-and-Sanitizer-Bundle-3-1200x1133.webp 1200w, https:\/\/broxtal.com\/wp-content\/uploads\/2025\/07\/CPAP-Cleaner-and-Sanitizer-Bundle-3-60x57.webp 60w, https:\/\/broxtal.com\/wp-content\/uploads\/2025\/07\/CPAP-Cleaner-and-Sanitizer-Bundle-3-110x104.webp 110w, https:\/\/broxtal.com\/wp-content\/uploads\/2025\/07\/CPAP-Cleaner-and-Sanitizer-Bundle-3-600x566.webp 600w, https:\/\/broxtal.com\/wp-content\/uploads\/2025\/07\/CPAP-Cleaner-and-Sanitizer-Bundle-3-150x142.webp 150w, https:\/\/broxtal.com\/wp-content\/uploads\/2025\/07\/CPAP-Cleaner-and-Sanitizer-Bundle-3.webp 1500w\" sizes=\"(max-width: 847px) 100vw, 847px\" \/> <img loading=\"lazy\" decoding=\"async\" class=\"aligncenter size-large wp-image-35860\" src=\"https:\/\/broxtal.com\/wp-content\/uploads\/2025\/07\/CPAP-Cleaner-and-Sanitizer-Bundle-1-893x800.webp\" alt=\"\" width=\"893\" height=\"800\" srcset=\"https:\/\/broxtal.com\/wp-content\/uploads\/2025\/07\/CPAP-Cleaner-and-Sanitizer-Bundle-1-893x800.webp 893w, https:\/\/broxtal.com\/wp-content\/uploads\/2025\/07\/CPAP-Cleaner-and-Sanitizer-Bundle-1-335x300.webp 335w, https:\/\/broxtal.com\/wp-content\/uploads\/2025\/07\/CPAP-Cleaner-and-Sanitizer-Bundle-1-768x688.webp 768w, https:\/\/broxtal.com\/wp-content\/uploads\/2025\/07\/CPAP-Cleaner-and-Sanitizer-Bundle-1-13x12.webp 13w, https:\/\/broxtal.com\/wp-content\/uploads\/2025\/07\/CPAP-Cleaner-and-Sanitizer-Bundle-1-1200x1075.webp 1200w, https:\/\/broxtal.com\/wp-content\/uploads\/2025\/07\/CPAP-Cleaner-and-Sanitizer-Bundle-1-60x54.webp 60w, https:\/\/broxtal.com\/wp-content\/uploads\/2025\/07\/CPAP-Cleaner-and-Sanitizer-Bundle-1-110x99.webp 110w, https:\/\/broxtal.com\/wp-content\/uploads\/2025\/07\/CPAP-Cleaner-and-Sanitizer-Bundle-1-600x537.webp 600w, https:\/\/broxtal.com\/wp-content\/uploads\/2025\/07\/CPAP-Cleaner-and-Sanitizer-Bundle-1-150x134.webp 150w, https:\/\/broxtal.com\/wp-content\/uploads\/2025\/07\/CPAP-Cleaner-and-Sanitizer-Bundle-1.webp 1426w\" sizes=\"(max-width: 893px) 100vw, 893px\" \/> <img loading=\"lazy\" decoding=\"async\" class=\"aligncenter size-large wp-image-35855\" src=\"https:\/\/broxtal.com\/wp-content\/uploads\/2025\/07\/CPAP-Cleaner-and-Sanitizer-Bundle-2-800x800.webp\" alt=\"\" width=\"800\" height=\"800\" srcset=\"https:\/\/broxtal.com\/wp-content\/uploads\/2025\/07\/CPAP-Cleaner-and-Sanitizer-Bundle-2-800x800.webp 800w, https:\/\/broxtal.com\/wp-content\/uploads\/2025\/07\/CPAP-Cleaner-and-Sanitizer-Bundle-2-300x300.webp 300w, https:\/\/broxtal.com\/wp-content\/uploads\/2025\/07\/CPAP-Cleaner-and-Sanitizer-Bundle-2-150x150.webp 150w, https:\/\/broxtal.com\/wp-content\/uploads\/2025\/07\/CPAP-Cleaner-and-Sanitizer-Bundle-2-768x768.webp 768w, https:\/\/broxtal.com\/wp-content\/uploads\/2025\/07\/CPAP-Cleaner-and-Sanitizer-Bundle-2-12x12.webp 12w, https:\/\/broxtal.com\/wp-content\/uploads\/2025\/07\/CPAP-Cleaner-and-Sanitizer-Bundle-2-1200x1200.webp 1200w, https:\/\/broxtal.com\/wp-content\/uploads\/2025\/07\/CPAP-Cleaner-and-Sanitizer-Bundle-2-60x60.webp 60w, https:\/\/broxtal.com\/wp-content\/uploads\/2025\/07\/CPAP-Cleaner-and-Sanitizer-Bundle-2-110x110.webp 110w, https:\/\/broxtal.com\/wp-content\/uploads\/2025\/07\/CPAP-Cleaner-and-Sanitizer-Bundle-2-600x600.webp 600w, https:\/\/broxtal.com\/wp-content\/uploads\/2025\/07\/CPAP-Cleaner-and-Sanitizer-Bundle-2-32x32.webp 32w, https:\/\/broxtal.com\/wp-content\/uploads\/2025\/07\/CPAP-Cleaner-and-Sanitizer-Bundle-2.webp 1500w\" sizes=\"(max-width: 800px) 100vw, 800px\" \/><\/p>","protected":false},"excerpt":{"rendered":"<p>Breathe Fresh, Clean, and Hassle-Free with PEIPU CPAP Cleaner The CPAP Cleaner and Sanitizer Bundle; Smart, Portable, One-Click Sanitizing Solution<\/p>","protected":false},"featured_media":35858,"comment_status":"open","ping_status":"closed","template":"","meta":[],"product_brand":[],"product_cat":[286,1763,1719],"product_tag":[],"class_list":{"0":"post-35854","1":"product","2":"type-product","3":"status-publish","4":"has-post-thumbnail","6":"product_cat-health-wellness","7":"product_cat-masks-accessories","8":"product_cat-respiratory-care-oxygen-therapy","10":"first","11":"instock","12":"sale","13":"shipping-taxable","14":"purchasable","15":"product-type-simple"},"_links":{"self":[{"href":"https:\/\/broxtal.com\/es\/wp-json\/wp\/v2\/product\/35854","targetHints":{"allow":["GET"]}}],"collection":[{"href":"https:\/\/broxtal.com\/es\/wp-json\/wp\/v2\/product"}],"about":[{"href":"https:\/\/broxtal.com\/es\/wp-json\/wp\/v2\/types\/product"}],"replies":[{"embeddable":true,"href":"https:\/\/broxtal.com\/es\/wp-json\/wp\/v2\/comments?post=35854"}],"version-history":[{"count":4,"href":"https:\/\/broxtal.com\/es\/wp-json\/wp\/v2\/product\/35854\/revisions"}],"predecessor-version":[{"id":35862,"href":"https:\/\/broxtal.com\/es\/wp-json\/wp\/v2\/product\/35854\/revisions\/35862"}],"wp:featuredmedia":[{"embeddable":true,"href":"https:\/\/broxtal.com\/es\/wp-json\/wp\/v2\/media\/35858"}],"wp:attachment":[{"href":"https:\/\/broxtal.com\/es\/wp-json\/wp\/v2\/media?parent=35854"}],"wp:term":[{"taxonomy":"product_brand","embeddable":true,"href":"https:\/\/broxtal.com\/es\/wp-json\/wp\/v2\/product_brand?post=35854"},{"taxonomy":"product_cat","embeddable":true,"href":"https:\/\/broxtal.com\/es\/wp-json\/wp\/v2\/product_cat?post=35854"},{"taxonomy":"product_tag","embeddable":true,"href":"https:\/\/broxtal.com\/es\/wp-json\/wp\/v2\/product_tag?post=35854"}],"curies":[{"name":"wp","href":"https:\/\/api.w.org\/{rel}","templated":true}]}}