{"id":36329,"date":"2025-07-10T19:36:01","date_gmt":"2025-07-10T18:36:01","guid":{"rendered":"https:\/\/broxtal.com\/?post_type=product&#038;p=36329"},"modified":"2025-08-10T20:08:45","modified_gmt":"2025-08-10T19:08:45","slug":"yk-p710-small-portable-oxygen-concentrator","status":"publish","type":"product","link":"https:\/\/broxtal.com\/es\/producto\/yk-p710-small-portable-oxygen-concentrator\/","title":{"rendered":"Concentrador de ox\u00edgeno port\u00e1til peque\u00f1o YK-P710"},"content":{"rendered":"<h1 class=\"ds-markdown-paragraph\" style=\"text-align: center;\"><span style=\"color: #000080;\">Concentrador de ox\u00edgeno port\u00e1til peque\u00f1o YK-P710 - Ligero Pulse Flow Freedom<\/span><\/h1>\n<h3 class=\"ds-markdown-paragraph\" style=\"text-align: center;\"><span style=\"color: #3366ff;\">Terapia de flujo puls\u00e1til fiable con pureza 96%, 6 niveles ajustables y un dise\u00f1o compacto de 2,58 kg con gu\u00eda por voz dise\u00f1ado para la movilidad.<\/span><\/h3>\n<p><img fetchpriority=\"high\" decoding=\"async\" class=\"aligncenter wp-image-36325 size-full\" src=\"https:\/\/broxtal.com\/wp-content\/uploads\/2025\/07\/p510-6.webp\" alt=\"\" width=\"750\" height=\"1108\" \/><\/p>\n<h4 class=\"ds-markdown-paragraph\"><span style=\"color: #000000;\"><strong>Respire mejor all\u00e1 donde vaya con <\/strong>Concentrador de ox\u00edgeno port\u00e1til peque\u00f1o YK-P710<\/span><\/h4>\n<p class=\"ds-markdown-paragraph\"><span style=\"color: #000000;\">El peque\u00f1o concentrador de ox\u00edgeno port\u00e1til YK-P710 suministra\u00a0<strong>96%+ ox\u00edgeno puro<\/strong> a trav\u00e9s de seis configuraciones de flujo ajustables (210-1260mL\/min). Con un peso de s\u00f3lo <strong>2,58 kg<\/strong> con el mismo tama\u00f1o compacto (170\u00d7160\u00d760 mm), est\u00e1 dise\u00f1ado para viajes, terapia diaria y uso activo. El <strong>suministro de ox\u00edgeno a pulso<\/strong>\u00a0conserva el ox\u00edgeno, mientras que el\u00a0<strong>Pantalla OLED y gu\u00eda de voz<\/strong>\u00a0hacerla accesible a todos los usuarios.<\/span><\/p>\n<p><img decoding=\"async\" class=\"aligncenter wp-image-36963 size-full\" src=\"https:\/\/broxtal.com\/wp-content\/uploads\/2025\/07\/4-8-e1753188806825.webp\" alt=\"\" width=\"800\" height=\"520\" srcset=\"https:\/\/broxtal.com\/wp-content\/uploads\/2025\/07\/4-8-e1753188806825.webp 800w, https:\/\/broxtal.com\/wp-content\/uploads\/2025\/07\/4-8-e1753188806825-400x260.webp 400w, https:\/\/broxtal.com\/wp-content\/uploads\/2025\/07\/4-8-e1753188806825-768x499.webp 768w, https:\/\/broxtal.com\/wp-content\/uploads\/2025\/07\/4-8-e1753188806825-18x12.webp 18w, https:\/\/broxtal.com\/wp-content\/uploads\/2025\/07\/4-8-e1753188806825-60x39.webp 60w, https:\/\/broxtal.com\/wp-content\/uploads\/2025\/07\/4-8-e1753188806825-110x72.webp 110w, https:\/\/broxtal.com\/wp-content\/uploads\/2025\/07\/4-8-e1753188806825-600x390.webp 600w, https:\/\/broxtal.com\/wp-content\/uploads\/2025\/07\/4-8-e1753188806825-150x98.webp 150w\" sizes=\"(max-width: 800px) 100vw, 800px\" \/><\/p>\n<h4 class=\"ds-markdown-paragraph\"><span style=\"color: #000000;\"><strong>Dise\u00f1ado para la flexibilidad y la facilidad\u00a0<\/strong><\/span><\/h4>\n<ul>\n<li class=\"ds-markdown-paragraph\"><span style=\"color: #000000;\"><strong>6 Ajustes de caudal<\/strong>: Ajuste de 210mL\/min a 1260mL\/min para necesidades personalizadas.<\/span><\/li>\n<li><span style=\"color: #000000;\"><strong>Bater\u00eda de 8 horas<\/strong>: Bater\u00eda de litio de 16 celdas extra\u00edble para un uso prolongado.<\/span><\/li>\n<li class=\"ds-markdown-paragraph\"><span style=\"color: #000000;\"><strong>96% Pureza del ox\u00edgeno<\/strong>: Grado m\u00e9dico, &gt;90% en los 6 ajustes de marcha (210-1250 mL\/min).<\/span><\/li>\n<li class=\"ds-markdown-paragraph\"><span style=\"color: #000000;\"><strong>Gu\u00eda de voz<\/strong>: Ayuda al funcionamiento.<\/span><\/li>\n<li class=\"ds-markdown-paragraph\"><span style=\"color: #000000;\"><strong>Ligero<\/strong>: 2.58kg.<\/span><\/li>\n<li class=\"ds-markdown-paragraph\"><span style=\"color: #000000;\"><strong>Opciones multipotencia<\/strong>: AC 110-220V (hogar) + DC 12-24V (adaptador de coche).<\/span><\/li>\n<li class=\"ds-markdown-paragraph\"><span style=\"color: #000000;\"><strong>Funcionamiento silencioso<\/strong>: \u226460dB para un uso discreto.<\/span><\/li>\n<\/ul>\n<p><img decoding=\"async\" class=\"aligncenter wp-image-36331 size-full\" src=\"https:\/\/broxtal.com\/wp-content\/uploads\/2025\/07\/p710-8.jpg\" alt=\"\" width=\"800\" height=\"800\" srcset=\"https:\/\/broxtal.com\/wp-content\/uploads\/2025\/07\/p710-8.jpg 800w, https:\/\/broxtal.com\/wp-content\/uploads\/2025\/07\/p710-8-300x300.jpg 300w, https:\/\/broxtal.com\/wp-content\/uploads\/2025\/07\/p710-8-150x150.jpg 150w, https:\/\/broxtal.com\/wp-content\/uploads\/2025\/07\/p710-8-768x768.jpg 768w, https:\/\/broxtal.com\/wp-content\/uploads\/2025\/07\/p710-8-12x12.jpg 12w, https:\/\/broxtal.com\/wp-content\/uploads\/2025\/07\/p710-8-60x60.jpg 60w, https:\/\/broxtal.com\/wp-content\/uploads\/2025\/07\/p710-8-110x110.jpg 110w, https:\/\/broxtal.com\/wp-content\/uploads\/2025\/07\/p710-8-600x600.jpg 600w, https:\/\/broxtal.com\/wp-content\/uploads\/2025\/07\/p710-8-32x32.jpg 32w\" sizes=\"(max-width: 800px) 100vw, 800px\" \/><\/p>\n<h3><span style=\"color: #000000;\"><strong>Tabla de especificaciones<\/strong><\/span><\/h3>\n<div class=\"markdown-table-wrapper\">\n<table>\n<thead>\n<tr>\n<th><span style=\"color: #000000;\"><strong>Caracter\u00edstica<\/strong><\/span><\/th>\n<th><span style=\"color: #000000;\"><strong>Detalle<\/strong><\/span><\/th>\n<\/tr>\n<\/thead>\n<tbody>\n<tr>\n<td><span style=\"color: #000000;\"><strong>Modelo<\/strong><\/span><\/td>\n<td><span style=\"color: #000000;\">YK-P710<\/span><\/td>\n<\/tr>\n<tr>\n<td><span style=\"color: #000000;\"><strong>Suministro de ox\u00edgeno<\/strong><\/span><\/td>\n<td><span style=\"color: #000000;\">Flujo de impulsos<\/span><\/td>\n<\/tr>\n<tr>\n<td><span style=\"color: #000000;\"><strong>Ajustes de caudal<\/strong><\/span><\/td>\n<td><span style=\"color: #000000;\">7 marchas (210-1260mL\/min)<\/span><\/td>\n<\/tr>\n<tr>\n<td><span style=\"color: #000000;\"><strong>Concentraci\u00f3n de ox\u00edgeno<\/strong><\/span><\/td>\n<td><span style=\"color: #000000;\">\u226596%<\/span><\/td>\n<\/tr>\n<tr>\n<td><span style=\"color: #000000;\"><strong>Peso<\/strong><\/span><\/td>\n<td><span style=\"color: #000000;\">2,58 kg<\/span><\/td>\n<\/tr>\n<tr>\n<td><span style=\"color: #000000;\"><strong>Dimensiones<\/strong><\/span><\/td>\n<td><span style=\"color: #000000;\">170\u00d7160\u00d760mm<\/span><\/td>\n<\/tr>\n<tr>\n<td><span style=\"color: #000000;\"><strong>Mostrar<\/strong><\/span><\/td>\n<td><span style=\"color: #000000;\">OLED de 3 pulgadas<\/span><\/td>\n<\/tr>\n<tr>\n<td><span style=\"color: #000000;\"><strong>Nivel de ruido<\/strong><\/span><\/td>\n<td><span style=\"color: #000000;\">\u226460dB<\/span><\/td>\n<\/tr>\n<tr>\n<td><span style=\"color: #000000;\"><strong>Fuente de alimentaci\u00f3n<\/strong><\/span><\/td>\n<td><span style=\"color: #000000;\">CA 110-220 V \/ CC 12-24 V (adaptador para coche)<\/span><\/td>\n<\/tr>\n<tr>\n<td><span style=\"color: #000000;\"><strong>Funci\u00f3n de voz<\/strong><\/span><\/td>\n<td><span style=\"color: #000000;\">S\u00ed<\/span><\/td>\n<\/tr>\n<\/tbody>\n<\/table>\n<\/div>\n<h3><span style=\"color: #000000;\"><strong>El paquete incluye<\/strong><\/span><\/h3>\n<ul>\n<li class=\"ds-markdown-paragraph\"><span style=\"color: #000000;\">1 \u00d7 Concentrador de ox\u00edgeno YK-P710<\/span><\/li>\n<li class=\"ds-markdown-paragraph\"><span style=\"color: #000000;\">1 \u00d7 Adaptador de corriente (CA\/CC)<\/span><\/li>\n<li><span style=\"color: #000000;\">1 bater\u00eda extra\u00edble (16 n\u00facleos)<\/span><\/li>\n<li class=\"ds-markdown-paragraph\"><span style=\"color: #000000;\">1 \u00d7 Manual del usuario<\/span><\/li>\n<li class=\"ds-markdown-paragraph\"><span style=\"color: #000000;\">1 \u00d7 Bolsa de almacenamiento<\/span><\/li>\n<li class=\"ds-markdown-paragraph\"><span style=\"color: #000000;\">1 \u00d7 Cable de alimentaci\u00f3n para coche<\/span><\/li>\n<li class=\"ds-markdown-paragraph\"><span style=\"color: #000000;\">1 x Filtros de entrada<\/span><\/li>\n<li><span style=\"color: #000000;\">1 x Filtro de algod\u00f3n<\/span><\/li>\n<\/ul>\n<p><img loading=\"lazy\" decoding=\"async\" class=\"aligncenter wp-image-36320 size-full\" src=\"https:\/\/broxtal.com\/wp-content\/uploads\/2025\/07\/p510-1.webp\" alt=\"\" width=\"750\" height=\"1178\" srcset=\"https:\/\/broxtal.com\/wp-content\/uploads\/2025\/07\/p510-1.webp 750w, https:\/\/broxtal.com\/wp-content\/uploads\/2025\/07\/p510-1-191x300.webp 191w, https:\/\/broxtal.com\/wp-content\/uploads\/2025\/07\/p510-1-509x800.webp 509w, https:\/\/broxtal.com\/wp-content\/uploads\/2025\/07\/p510-1-8x12.webp 8w, https:\/\/broxtal.com\/wp-content\/uploads\/2025\/07\/p510-1-60x94.webp 60w, https:\/\/broxtal.com\/wp-content\/uploads\/2025\/07\/p510-1-110x173.webp 110w, https:\/\/broxtal.com\/wp-content\/uploads\/2025\/07\/p510-1-600x942.webp 600w, https:\/\/broxtal.com\/wp-content\/uploads\/2025\/07\/p510-1-150x236.webp 150w\" sizes=\"(max-width: 750px) 100vw, 750px\" \/><img loading=\"lazy\" decoding=\"async\" class=\"aligncenter wp-image-36328 size-full\" src=\"https:\/\/broxtal.com\/wp-content\/uploads\/2025\/07\/p510-9.webp\" alt=\"\" width=\"750\" height=\"1125\" srcset=\"https:\/\/broxtal.com\/wp-content\/uploads\/2025\/07\/p510-9.webp 750w, https:\/\/broxtal.com\/wp-content\/uploads\/2025\/07\/p510-9-200x300.webp 200w, https:\/\/broxtal.com\/wp-content\/uploads\/2025\/07\/p510-9-533x800.webp 533w, https:\/\/broxtal.com\/wp-content\/uploads\/2025\/07\/p510-9-8x12.webp 8w, https:\/\/broxtal.com\/wp-content\/uploads\/2025\/07\/p510-9-60x90.webp 60w, https:\/\/broxtal.com\/wp-content\/uploads\/2025\/07\/p510-9-110x165.webp 110w, https:\/\/broxtal.com\/wp-content\/uploads\/2025\/07\/p510-9-600x900.webp 600w, https:\/\/broxtal.com\/wp-content\/uploads\/2025\/07\/p510-9-150x225.webp 150w\" sizes=\"(max-width: 750px) 100vw, 750px\" \/> <img loading=\"lazy\" decoding=\"async\" class=\"aligncenter wp-image-36327 size-full\" src=\"https:\/\/broxtal.com\/wp-content\/uploads\/2025\/07\/p510-8.webp\" alt=\"\" width=\"750\" height=\"1211\" srcset=\"https:\/\/broxtal.com\/wp-content\/uploads\/2025\/07\/p510-8.webp 750w, https:\/\/broxtal.com\/wp-content\/uploads\/2025\/07\/p510-8-186x300.webp 186w, https:\/\/broxtal.com\/wp-content\/uploads\/2025\/07\/p510-8-495x800.webp 495w, https:\/\/broxtal.com\/wp-content\/uploads\/2025\/07\/p510-8-7x12.webp 7w, https:\/\/broxtal.com\/wp-content\/uploads\/2025\/07\/p510-8-60x97.webp 60w, https:\/\/broxtal.com\/wp-content\/uploads\/2025\/07\/p510-8-110x178.webp 110w, https:\/\/broxtal.com\/wp-content\/uploads\/2025\/07\/p510-8-600x969.webp 600w, https:\/\/broxtal.com\/wp-content\/uploads\/2025\/07\/p510-8-150x242.webp 150w\" sizes=\"(max-width: 750px) 100vw, 750px\" \/><img loading=\"lazy\" decoding=\"async\" class=\"aligncenter size-full wp-image-36321\" src=\"https:\/\/broxtal.com\/wp-content\/uploads\/2025\/07\/p510-2.webp\" alt=\"\" width=\"750\" height=\"500\" srcset=\"https:\/\/broxtal.com\/wp-content\/uploads\/2025\/07\/p510-2.webp 750w, https:\/\/broxtal.com\/wp-content\/uploads\/2025\/07\/p510-2-400x267.webp 400w, https:\/\/broxtal.com\/wp-content\/uploads\/2025\/07\/p510-2-18x12.webp 18w, https:\/\/broxtal.com\/wp-content\/uploads\/2025\/07\/p510-2-60x40.webp 60w, https:\/\/broxtal.com\/wp-content\/uploads\/2025\/07\/p510-2-110x73.webp 110w, https:\/\/broxtal.com\/wp-content\/uploads\/2025\/07\/p510-2-600x400.webp 600w, https:\/\/broxtal.com\/wp-content\/uploads\/2025\/07\/p510-2-150x100.webp 150w\" sizes=\"(max-width: 750px) 100vw, 750px\" \/> <img loading=\"lazy\" decoding=\"async\" class=\"aligncenter wp-image-36322 size-full\" src=\"https:\/\/broxtal.com\/wp-content\/uploads\/2025\/07\/p510-3.webp\" alt=\"\" width=\"750\" height=\"911\" srcset=\"https:\/\/broxtal.com\/wp-content\/uploads\/2025\/07\/p510-3.webp 750w, https:\/\/broxtal.com\/wp-content\/uploads\/2025\/07\/p510-3-247x300.webp 247w, https:\/\/broxtal.com\/wp-content\/uploads\/2025\/07\/p510-3-659x800.webp 659w, https:\/\/broxtal.com\/wp-content\/uploads\/2025\/07\/p510-3-10x12.webp 10w, https:\/\/broxtal.com\/wp-content\/uploads\/2025\/07\/p510-3-60x73.webp 60w, https:\/\/broxtal.com\/wp-content\/uploads\/2025\/07\/p510-3-110x134.webp 110w, https:\/\/broxtal.com\/wp-content\/uploads\/2025\/07\/p510-3-600x729.webp 600w, https:\/\/broxtal.com\/wp-content\/uploads\/2025\/07\/p510-3-150x182.webp 150w\" sizes=\"(max-width: 750px) 100vw, 750px\" \/> <img loading=\"lazy\" decoding=\"async\" class=\"aligncenter wp-image-36319 size-full\" src=\"https:\/\/broxtal.com\/wp-content\/uploads\/2025\/07\/p510-11.webp\" alt=\"\" width=\"750\" height=\"1064\" srcset=\"https:\/\/broxtal.com\/wp-content\/uploads\/2025\/07\/p510-11.webp 750w, https:\/\/broxtal.com\/wp-content\/uploads\/2025\/07\/p510-11-211x300.webp 211w, https:\/\/broxtal.com\/wp-content\/uploads\/2025\/07\/p510-11-564x800.webp 564w, https:\/\/broxtal.com\/wp-content\/uploads\/2025\/07\/p510-11-8x12.webp 8w, https:\/\/broxtal.com\/wp-content\/uploads\/2025\/07\/p510-11-60x85.webp 60w, https:\/\/broxtal.com\/wp-content\/uploads\/2025\/07\/p510-11-110x156.webp 110w, https:\/\/broxtal.com\/wp-content\/uploads\/2025\/07\/p510-11-600x851.webp 600w, https:\/\/broxtal.com\/wp-content\/uploads\/2025\/07\/p510-11-150x213.webp 150w\" sizes=\"(max-width: 750px) 100vw, 750px\" \/><img loading=\"lazy\" decoding=\"async\" class=\"aligncenter size-full wp-image-36323\" src=\"https:\/\/broxtal.com\/wp-content\/uploads\/2025\/07\/p510-4.webp\" alt=\"\" width=\"750\" height=\"578\" srcset=\"https:\/\/broxtal.com\/wp-content\/uploads\/2025\/07\/p510-4.webp 750w, https:\/\/broxtal.com\/wp-content\/uploads\/2025\/07\/p510-4-389x300.webp 389w, https:\/\/broxtal.com\/wp-content\/uploads\/2025\/07\/p510-4-16x12.webp 16w, https:\/\/broxtal.com\/wp-content\/uploads\/2025\/07\/p510-4-60x46.webp 60w, https:\/\/broxtal.com\/wp-content\/uploads\/2025\/07\/p510-4-110x85.webp 110w, https:\/\/broxtal.com\/wp-content\/uploads\/2025\/07\/p510-4-600x462.webp 600w, https:\/\/broxtal.com\/wp-content\/uploads\/2025\/07\/p510-4-150x116.webp 150w\" sizes=\"(max-width: 750px) 100vw, 750px\" \/><img loading=\"lazy\" decoding=\"async\" class=\"aligncenter size-full wp-image-36324\" src=\"https:\/\/broxtal.com\/wp-content\/uploads\/2025\/07\/p510-5.webp\" alt=\"\" width=\"750\" height=\"661\" srcset=\"https:\/\/broxtal.com\/wp-content\/uploads\/2025\/07\/p510-5.webp 750w, https:\/\/broxtal.com\/wp-content\/uploads\/2025\/07\/p510-5-340x300.webp 340w, https:\/\/broxtal.com\/wp-content\/uploads\/2025\/07\/p510-5-14x12.webp 14w, https:\/\/broxtal.com\/wp-content\/uploads\/2025\/07\/p510-5-60x53.webp 60w, https:\/\/broxtal.com\/wp-content\/uploads\/2025\/07\/p510-5-110x97.webp 110w, https:\/\/broxtal.com\/wp-content\/uploads\/2025\/07\/p510-5-600x529.webp 600w, https:\/\/broxtal.com\/wp-content\/uploads\/2025\/07\/p510-5-150x132.webp 150w\" sizes=\"(max-width: 750px) 100vw, 750px\" \/><\/p>","protected":false},"excerpt":{"rendered":"<p><strong>\u2714 Caudal de impulsos equivalente a 7L<\/strong><br \/>\n<strong>\u2714 96% pureza del ox\u00edgeno\u00a0<\/strong><br \/>\n<strong>Bater\u00eda extra\u00edble de 8 horas\u00a0<\/strong><br \/>\n<strong>\u2714 Cumple las normas de la FAA para el transporte a\u00e9reo<\/strong><br \/>\n<strong>\u2714 Gu\u00eda de voz<\/strong><\/p>","protected":false},"featured_media":36330,"comment_status":"open","ping_status":"closed","template":"","meta":[],"product_brand":[],"product_cat":[286,1761,1818,1820,1719],"product_tag":[],"class_list":{"0":"post-36329","1":"product","2":"type-product","3":"status-publish","4":"has-post-thumbnail","6":"product_cat-health-wellness","7":"product_cat-oxygen-concentrators","8":"product_cat-portable-oxygen-machine","9":"product_cat-pulse-flow","10":"product_cat-respiratory-care-oxygen-therapy","12":"first","13":"outofstock","14":"sale","15":"shipping-taxable","16":"purchasable","17":"product-type-simple"},"_links":{"self":[{"href":"https:\/\/broxtal.com\/es\/wp-json\/wp\/v2\/product\/36329","targetHints":{"allow":["GET"]}}],"collection":[{"href":"https:\/\/broxtal.com\/es\/wp-json\/wp\/v2\/product"}],"about":[{"href":"https:\/\/broxtal.com\/es\/wp-json\/wp\/v2\/types\/product"}],"replies":[{"embeddable":true,"href":"https:\/\/broxtal.com\/es\/wp-json\/wp\/v2\/comments?post=36329"}],"version-history":[{"count":5,"href":"https:\/\/broxtal.com\/es\/wp-json\/wp\/v2\/product\/36329\/revisions"}],"predecessor-version":[{"id":36358,"href":"https:\/\/broxtal.com\/es\/wp-json\/wp\/v2\/product\/36329\/revisions\/36358"}],"wp:featuredmedia":[{"embeddable":true,"href":"https:\/\/broxtal.com\/es\/wp-json\/wp\/v2\/media\/36330"}],"wp:attachment":[{"href":"https:\/\/broxtal.com\/es\/wp-json\/wp\/v2\/media?parent=36329"}],"wp:term":[{"taxonomy":"product_brand","embeddable":true,"href":"https:\/\/broxtal.com\/es\/wp-json\/wp\/v2\/product_brand?post=36329"},{"taxonomy":"product_cat","embeddable":true,"href":"https:\/\/broxtal.com\/es\/wp-json\/wp\/v2\/product_cat?post=36329"},{"taxonomy":"product_tag","embeddable":true,"href":"https:\/\/broxtal.com\/es\/wp-json\/wp\/v2\/product_tag?post=36329"}],"curies":[{"name":"wp","href":"https:\/\/api.w.org\/{rel}","templated":true}]}}