{"id":36385,"date":"2025-07-11T10:44:28","date_gmt":"2025-07-11T09:44:28","guid":{"rendered":"https:\/\/broxtal.com\/?post_type=product&#038;p=36385"},"modified":"2025-07-26T10:17:10","modified_gmt":"2025-07-26T09:17:10","slug":"5l-continuous-flow-oxygen-generator-yk-501n","status":"publish","type":"product","link":"https:\/\/broxtal.com\/es\/producto\/5l-continuous-flow-oxygen-generator-yk-501n\/","title":{"rendered":"Generador de ox\u00edgeno de flujo continuo de 5L - YK-501N"},"content":{"rendered":"<h1 style=\"text-align: center;\" data-start=\"277\" data-end=\"334\"><span style=\"color: #000080;\"><strong data-start=\"277\" data-end=\"334\">Generador de ox\u00edgeno de flujo continuo YK-501N 5L<\/strong><\/span><\/h1>\n<h3 style=\"text-align: center;\" data-start=\"358\" data-end=\"426\"><span style=\"color: #3366ff;\"> 93%\u00b13 Pureza en todos los niveles de caudal - Incluye atomizaci\u00f3n, voz y funcionamiento silencioso<\/span><\/h3>\n<p><img fetchpriority=\"high\" decoding=\"async\" class=\"aligncenter wp-image-36981 size-full\" src=\"https:\/\/broxtal.com\/wp-content\/uploads\/2025\/07\/2-10-e1753251075697.webp\" alt=\"\" width=\"1080\" height=\"1035\" srcset=\"https:\/\/broxtal.com\/wp-content\/uploads\/2025\/07\/2-10-e1753251075697.webp 1080w, https:\/\/broxtal.com\/wp-content\/uploads\/2025\/07\/2-10-e1753251075697-313x300.webp 313w, https:\/\/broxtal.com\/wp-content\/uploads\/2025\/07\/2-10-e1753251075697-835x800.webp 835w, https:\/\/broxtal.com\/wp-content\/uploads\/2025\/07\/2-10-e1753251075697-768x736.webp 768w, https:\/\/broxtal.com\/wp-content\/uploads\/2025\/07\/2-10-e1753251075697-13x12.webp 13w, https:\/\/broxtal.com\/wp-content\/uploads\/2025\/07\/2-10-e1753251075697-60x58.webp 60w, https:\/\/broxtal.com\/wp-content\/uploads\/2025\/07\/2-10-e1753251075697-110x105.webp 110w, https:\/\/broxtal.com\/wp-content\/uploads\/2025\/07\/2-10-e1753251075697-600x575.webp 600w, https:\/\/broxtal.com\/wp-content\/uploads\/2025\/07\/2-10-e1753251075697-150x144.webp 150w, https:\/\/broxtal.com\/wp-content\/uploads\/2025\/07\/2-10-e1753251075697-32x32.webp 32w\" sizes=\"(max-width: 1080px) 100vw, 1080px\" \/><\/p>\n<h3><span style=\"color: #000000;\"><strong data-start=\"476\" data-end=\"516\">Oxigenoterapia de alta capacidad en casa<\/strong><\/span><\/h3>\n<p data-start=\"476\" data-end=\"805\"><span style=\"color: #000000;\">El generador de ox\u00edgeno de flujo continuo YK-501N5L suministra un flujo de ox\u00edgeno estable y continuo de 1 a 5 litros por minuto, lo que garantiza una asistencia respiratoria fiable. Con <strong>pureza constante del ox\u00edgeno \u226593% en cada ajuste<\/strong>Este dispositivo est\u00e1 dise\u00f1ado para usuarios que necesitan una oxigenoterapia de mayor volumen en la comodidad de su hogar.<\/span><\/p>\n<h3 data-start=\"851\" data-end=\"1148\"><img decoding=\"async\" class=\"aligncenter wp-image-36983 size-full\" src=\"https:\/\/broxtal.com\/wp-content\/uploads\/2025\/07\/7-6.webp\" alt=\"\" width=\"1080\" height=\"1350\" srcset=\"https:\/\/broxtal.com\/wp-content\/uploads\/2025\/07\/7-6.webp 1080w, https:\/\/broxtal.com\/wp-content\/uploads\/2025\/07\/7-6-240x300.webp 240w, https:\/\/broxtal.com\/wp-content\/uploads\/2025\/07\/7-6-640x800.webp 640w, https:\/\/broxtal.com\/wp-content\/uploads\/2025\/07\/7-6-768x960.webp 768w, https:\/\/broxtal.com\/wp-content\/uploads\/2025\/07\/7-6-10x12.webp 10w, https:\/\/broxtal.com\/wp-content\/uploads\/2025\/07\/7-6-60x75.webp 60w, https:\/\/broxtal.com\/wp-content\/uploads\/2025\/07\/7-6-110x138.webp 110w, https:\/\/broxtal.com\/wp-content\/uploads\/2025\/07\/7-6-600x750.webp 600w, https:\/\/broxtal.com\/wp-content\/uploads\/2025\/07\/7-6-150x188.webp 150w\" sizes=\"(max-width: 1080px) 100vw, 1080px\" \/><\/h3>\n<h3 data-start=\"851\" data-end=\"1148\"><span style=\"color: #000000;\"><strong data-start=\"851\" data-end=\"888\">Dise\u00f1o potente y f\u00e1cil de usar<\/strong><\/span><\/h3>\n<p data-start=\"851\" data-end=\"1148\"><span style=\"color: #000000;\">Equipado con una pantalla LED de 8 pulgadas, el generador de ox\u00edgeno de flujo continuo YK-501N 5L dispone de gu\u00eda por voz, control remoto y atomizaci\u00f3n integrada. Con un funcionamiento a \u226460dB, esta m\u00e1quina de 17 kg proporciona una experiencia silenciosa y suave, a la vez que admite doble voltaje (110V\/220V) para un uso flexible.<\/span><\/p>\n<h3 data-start=\"1155\" data-end=\"1185\"><img decoding=\"async\" class=\"aligncenter wp-image-36386 size-full\" src=\"https:\/\/broxtal.com\/wp-content\/uploads\/2025\/07\/501W-9.webp\" alt=\"\" width=\"750\" height=\"988\" srcset=\"https:\/\/broxtal.com\/wp-content\/uploads\/2025\/07\/501W-9.webp 750w, https:\/\/broxtal.com\/wp-content\/uploads\/2025\/07\/501W-9-228x300.webp 228w, https:\/\/broxtal.com\/wp-content\/uploads\/2025\/07\/501W-9-607x800.webp 607w, https:\/\/broxtal.com\/wp-content\/uploads\/2025\/07\/501W-9-9x12.webp 9w, https:\/\/broxtal.com\/wp-content\/uploads\/2025\/07\/501W-9-60x79.webp 60w, https:\/\/broxtal.com\/wp-content\/uploads\/2025\/07\/501W-9-110x145.webp 110w, https:\/\/broxtal.com\/wp-content\/uploads\/2025\/07\/501W-9-600x790.webp 600w, https:\/\/broxtal.com\/wp-content\/uploads\/2025\/07\/501W-9-150x198.webp 150w\" sizes=\"(max-width: 750px) 100vw, 750px\" \/><\/h3>\n<h3 data-start=\"1155\" data-end=\"1185\"><span style=\"color: #000000;\"><strong data-start=\"1161\" data-end=\"1185\">Tabla de especificaciones<\/strong><\/span><\/h3>\n<div class=\"_tableContainer_80l1q_1\">\n<div class=\"_tableWrapper_80l1q_14 group flex w-fit flex-col-reverse\" tabindex=\"-1\">\n<table class=\"w-fit min-w-(--thread-content-width)\" data-start=\"1187\" data-end=\"2340\">\n<thead data-start=\"1187\" data-end=\"1259\">\n<tr data-start=\"1187\" data-end=\"1259\">\n<th data-start=\"1187\" data-end=\"1220\" data-col-size=\"sm\"><span style=\"color: #000000;\">Caracter\u00edstica<\/span><\/th>\n<th data-start=\"1220\" data-end=\"1259\" data-col-size=\"sm\"><span style=\"color: #000000;\">Descripci\u00f3n<\/span><\/th>\n<\/tr>\n<\/thead>\n<tbody data-start=\"1332\" data-end=\"2340\">\n<tr data-start=\"1332\" data-end=\"1404\">\n<td data-start=\"1332\" data-end=\"1364\" data-col-size=\"sm\"><span style=\"color: #000000;\"><strong data-start=\"1334\" data-end=\"1343\">Modelo<\/strong><\/span><\/td>\n<td data-start=\"1364\" data-end=\"1404\" data-col-size=\"sm\"><span style=\"color: #000000;\">YK-501N<\/span><\/td>\n<\/tr>\n<tr data-start=\"1405\" data-end=\"1476\">\n<td data-start=\"1405\" data-end=\"1437\" data-col-size=\"sm\"><span style=\"color: #000000;\"><strong data-start=\"1407\" data-end=\"1424\">Suministro de ox\u00edgeno<\/strong><\/span><\/td>\n<td data-start=\"1437\" data-end=\"1476\" data-col-size=\"sm\"><span style=\"color: #000000;\">Suministro continuo de ox\u00edgeno<\/span><\/td>\n<\/tr>\n<tr data-start=\"1477\" data-end=\"1548\">\n<td data-start=\"1477\" data-end=\"1509\" data-col-size=\"sm\"><span style=\"color: #000000;\"><strong data-start=\"1479\" data-end=\"1501\">Ajustes de caudal<\/strong><\/span><\/td>\n<td data-start=\"1509\" data-end=\"1548\" data-col-size=\"sm\"><span style=\"color: #000000;\">1-5 L\/min<\/span><\/td>\n<\/tr>\n<tr data-start=\"1549\" data-end=\"1620\">\n<td data-start=\"1549\" data-end=\"1581\" data-col-size=\"sm\"><span style=\"color: #000000;\"><strong data-start=\"1551\" data-end=\"1575\">Concentraci\u00f3n de ox\u00edgeno<\/strong><\/span><\/td>\n<td data-start=\"1581\" data-end=\"1620\" data-col-size=\"sm\"><span style=\"color: #000000;\">\u226593% \u00b13% a todos los niveles.<\/span><\/td>\n<\/tr>\n<tr data-start=\"1621\" data-end=\"1692\">\n<td data-start=\"1621\" data-end=\"1653\" data-col-size=\"sm\"><span style=\"color: #000000;\"><strong data-start=\"1623\" data-end=\"1638\">Nivel de ruido<\/strong><\/span><\/td>\n<td data-start=\"1653\" data-end=\"1692\" data-col-size=\"sm\"><span style=\"color: #000000;\">\u226460 dB(A)<\/span><\/td>\n<\/tr>\n<tr data-start=\"1693\" data-end=\"1764\">\n<td data-start=\"1693\" data-end=\"1725\" data-col-size=\"sm\"><span style=\"color: #000000;\"><strong data-start=\"1695\" data-end=\"1716\">Consumo de energ\u00eda<\/strong><\/span><\/td>\n<td data-start=\"1725\" data-end=\"1764\" data-col-size=\"sm\"><span style=\"color: #000000;\">450W<\/span><\/td>\n<\/tr>\n<tr data-start=\"1765\" data-end=\"1836\">\n<td data-start=\"1765\" data-end=\"1797\" data-col-size=\"sm\"><span style=\"color: #000000;\"><strong data-start=\"1767\" data-end=\"1778\">Mostrar<\/strong><\/span><\/td>\n<td data-start=\"1797\" data-end=\"1836\" data-col-size=\"sm\"><span style=\"color: #000000;\">Pantalla LED de 8 pulgadas<\/span><\/td>\n<\/tr>\n<tr data-start=\"1837\" data-end=\"1908\">\n<td data-start=\"1837\" data-end=\"1869\" data-col-size=\"sm\"><span style=\"color: #000000;\"><strong data-start=\"1839\" data-end=\"1855\">Tama\u00f1o del producto<\/strong><\/span><\/td>\n<td data-start=\"1869\" data-end=\"1908\" data-col-size=\"sm\"><span style=\"color: #000000;\">300 \u00d7 360 \u00d7 500 mm<\/span><\/td>\n<\/tr>\n<tr data-start=\"1909\" data-end=\"1980\">\n<td data-start=\"1909\" data-end=\"1941\" data-col-size=\"sm\"><span style=\"color: #000000;\"><strong data-start=\"1911\" data-end=\"1921\">Peso<\/strong><\/span><\/td>\n<td data-start=\"1941\" data-end=\"1980\" data-col-size=\"sm\"><span style=\"color: #000000;\">17 kg<\/span><\/td>\n<\/tr>\n<tr data-start=\"1981\" data-end=\"2052\">\n<td data-start=\"1981\" data-end=\"2013\" data-col-size=\"sm\"><span style=\"color: #000000;\"><strong data-start=\"1983\" data-end=\"2000\">Opciones de potencia<\/strong><\/span><\/td>\n<td data-start=\"2013\" data-end=\"2052\" data-col-size=\"sm\"><span style=\"color: #000000;\">110V \/ 220V (opcional)<\/span><\/td>\n<\/tr>\n<tr data-start=\"2053\" data-end=\"2124\">\n<td data-start=\"2053\" data-end=\"2085\" data-col-size=\"sm\"><span style=\"color: #000000;\"><strong data-start=\"2055\" data-end=\"2073\">Funci\u00f3n de voz<\/strong><\/span><\/td>\n<td data-start=\"2085\" data-end=\"2124\" data-col-size=\"sm\"><span style=\"color: #000000;\">S\u00ed<\/span><\/td>\n<\/tr>\n<tr data-start=\"2125\" data-end=\"2196\">\n<td data-start=\"2125\" data-end=\"2157\" data-col-size=\"sm\"><span style=\"color: #000000;\"><strong data-start=\"2127\" data-end=\"2145\">Mando a distancia<\/strong><\/span><\/td>\n<td data-start=\"2157\" data-end=\"2196\" data-col-size=\"sm\"><span style=\"color: #000000;\">S\u00ed<\/span><\/td>\n<\/tr>\n<tr data-start=\"2197\" data-end=\"2268\">\n<td data-start=\"2197\" data-end=\"2229\" data-col-size=\"sm\"><span style=\"color: #000000;\"><strong data-start=\"2199\" data-end=\"2221\">Funci\u00f3n atomizadora<\/strong><\/span><\/td>\n<td data-start=\"2229\" data-end=\"2268\" data-col-size=\"sm\"><span style=\"color: #000000;\">S\u00ed<\/span><\/td>\n<\/tr>\n<tr data-start=\"2269\" data-end=\"2340\">\n<td data-start=\"2269\" data-end=\"2301\" data-col-size=\"sm\"><span style=\"color: #000000;\"><strong data-start=\"2271\" data-end=\"2300\">Garant\u00eda<\/strong><\/span><\/td>\n<td data-start=\"2301\" data-end=\"2340\" data-col-size=\"sm\"><span style=\"color: #000000;\">1 a\u00f1o<\/span><\/td>\n<\/tr>\n<\/tbody>\n<\/table>\n<div class=\"sticky end-(--thread-content-margin) h-0 self-end select-none\">\n<div class=\"absolute end-0 flex items-end\"><img loading=\"lazy\" decoding=\"async\" class=\"aligncenter size-large wp-image-36390\" src=\"https:\/\/broxtal.com\/wp-content\/uploads\/2025\/07\/501W-3.webp\" alt=\"\" width=\"750\" height=\"750\" srcset=\"https:\/\/broxtal.com\/wp-content\/uploads\/2025\/07\/501W-3.webp 750w, https:\/\/broxtal.com\/wp-content\/uploads\/2025\/07\/501W-3-300x300.webp 300w, https:\/\/broxtal.com\/wp-content\/uploads\/2025\/07\/501W-3-150x150.webp 150w, https:\/\/broxtal.com\/wp-content\/uploads\/2025\/07\/501W-3-12x12.webp 12w, https:\/\/broxtal.com\/wp-content\/uploads\/2025\/07\/501W-3-60x60.webp 60w, https:\/\/broxtal.com\/wp-content\/uploads\/2025\/07\/501W-3-110x110.webp 110w, https:\/\/broxtal.com\/wp-content\/uploads\/2025\/07\/501W-3-600x600.webp 600w, https:\/\/broxtal.com\/wp-content\/uploads\/2025\/07\/501W-3-32x32.webp 32w, https:\/\/broxtal.com\/wp-content\/uploads\/2025\/07\/501W-3-64x64.webp 64w\" sizes=\"(max-width: 750px) 100vw, 750px\" \/><\/div>\n<\/div>\n<\/div>\n<\/div>\n<h3 data-start=\"2347\" data-end=\"2369\"><span style=\"color: #000000;\"><strong data-start=\"2353\" data-end=\"2369\">Lista de paquetes<\/strong><\/span><\/h3>\n<ol>\n<li data-start=\"2374\" data-end=\"2403\">Generador de ox\u00edgeno de flujo continuo de 5L<\/li>\n<li data-start=\"2407\" data-end=\"2419\"><span style=\"color: #000000;\">Cable de alimentaci\u00f3n<\/span><\/li>\n<li data-start=\"2423\" data-end=\"2442\"><span style=\"color: #000000;\">Tubo nasal de ox\u00edgeno<\/span><\/li>\n<li data-start=\"2446\" data-end=\"2454\"><span style=\"color: #000000;\">Filtro<\/span><\/li>\n<li data-start=\"2458\" data-end=\"2475\"><span style=\"color: #000000;\">Dispositivo atomizador<\/span><\/li>\n<li data-start=\"2479\" data-end=\"2495\"><span style=\"color: #000000;\">Mando a distancia<\/span><\/li>\n<li data-start=\"2499\" data-end=\"2510\"><span style=\"color: #000000;\">Tubo fusible<\/span><\/li>\n<li data-start=\"2514\" data-end=\"2551\"><span style=\"color: #000000;\">Tarjeta de garant\u00eda y manual de instrucciones<\/span><\/li>\n<\/ol>\n<p><img loading=\"lazy\" decoding=\"async\" class=\"aligncenter wp-image-36364 size-full\" src=\"https:\/\/broxtal.com\/wp-content\/uploads\/2025\/07\/JY-301_11.webp\" alt=\"\" width=\"930\" height=\"1234\" srcset=\"https:\/\/broxtal.com\/wp-content\/uploads\/2025\/07\/JY-301_11.webp 930w, https:\/\/broxtal.com\/wp-content\/uploads\/2025\/07\/JY-301_11-226x300.webp 226w, https:\/\/broxtal.com\/wp-content\/uploads\/2025\/07\/JY-301_11-603x800.webp 603w, https:\/\/broxtal.com\/wp-content\/uploads\/2025\/07\/JY-301_11-768x1019.webp 768w, https:\/\/broxtal.com\/wp-content\/uploads\/2025\/07\/JY-301_11-9x12.webp 9w, https:\/\/broxtal.com\/wp-content\/uploads\/2025\/07\/JY-301_11-60x80.webp 60w, https:\/\/broxtal.com\/wp-content\/uploads\/2025\/07\/JY-301_11-110x146.webp 110w, https:\/\/broxtal.com\/wp-content\/uploads\/2025\/07\/JY-301_11-600x796.webp 600w, https:\/\/broxtal.com\/wp-content\/uploads\/2025\/07\/JY-301_11-150x199.webp 150w\" sizes=\"(max-width: 930px) 100vw, 930px\" \/><img loading=\"lazy\" decoding=\"async\" class=\"aligncenter wp-image-36984 size-full\" src=\"https:\/\/broxtal.com\/wp-content\/uploads\/2025\/07\/8-7.webp\" alt=\"\" width=\"1080\" height=\"1350\" srcset=\"https:\/\/broxtal.com\/wp-content\/uploads\/2025\/07\/8-7.webp 1080w, https:\/\/broxtal.com\/wp-content\/uploads\/2025\/07\/8-7-240x300.webp 240w, https:\/\/broxtal.com\/wp-content\/uploads\/2025\/07\/8-7-640x800.webp 640w, https:\/\/broxtal.com\/wp-content\/uploads\/2025\/07\/8-7-768x960.webp 768w, https:\/\/broxtal.com\/wp-content\/uploads\/2025\/07\/8-7-10x12.webp 10w, https:\/\/broxtal.com\/wp-content\/uploads\/2025\/07\/8-7-60x75.webp 60w, https:\/\/broxtal.com\/wp-content\/uploads\/2025\/07\/8-7-110x138.webp 110w, https:\/\/broxtal.com\/wp-content\/uploads\/2025\/07\/8-7-600x750.webp 600w, https:\/\/broxtal.com\/wp-content\/uploads\/2025\/07\/8-7-150x188.webp 150w\" sizes=\"(max-width: 1080px) 100vw, 1080px\" \/><img loading=\"lazy\" decoding=\"async\" class=\"aligncenter wp-image-36980 size-full\" src=\"https:\/\/broxtal.com\/wp-content\/uploads\/2025\/07\/1-8.webp\" alt=\"\" width=\"1080\" height=\"1350\" srcset=\"https:\/\/broxtal.com\/wp-content\/uploads\/2025\/07\/1-8.webp 1080w, https:\/\/broxtal.com\/wp-content\/uploads\/2025\/07\/1-8-240x300.webp 240w, https:\/\/broxtal.com\/wp-content\/uploads\/2025\/07\/1-8-640x800.webp 640w, https:\/\/broxtal.com\/wp-content\/uploads\/2025\/07\/1-8-768x960.webp 768w, https:\/\/broxtal.com\/wp-content\/uploads\/2025\/07\/1-8-10x12.webp 10w, https:\/\/broxtal.com\/wp-content\/uploads\/2025\/07\/1-8-60x75.webp 60w, https:\/\/broxtal.com\/wp-content\/uploads\/2025\/07\/1-8-110x138.webp 110w, https:\/\/broxtal.com\/wp-content\/uploads\/2025\/07\/1-8-600x750.webp 600w, https:\/\/broxtal.com\/wp-content\/uploads\/2025\/07\/1-8-150x188.webp 150w\" sizes=\"(max-width: 1080px) 100vw, 1080px\" \/><img loading=\"lazy\" decoding=\"async\" class=\"aligncenter wp-image-36392 size-full\" src=\"https:\/\/broxtal.com\/wp-content\/uploads\/2025\/07\/501W-5.webp\" alt=\"\" width=\"750\" height=\"759\" srcset=\"https:\/\/broxtal.com\/wp-content\/uploads\/2025\/07\/501W-5.webp 750w, https:\/\/broxtal.com\/wp-content\/uploads\/2025\/07\/501W-5-296x300.webp 296w, https:\/\/broxtal.com\/wp-content\/uploads\/2025\/07\/501W-5-12x12.webp 12w, https:\/\/broxtal.com\/wp-content\/uploads\/2025\/07\/501W-5-60x61.webp 60w, https:\/\/broxtal.com\/wp-content\/uploads\/2025\/07\/501W-5-110x111.webp 110w, https:\/\/broxtal.com\/wp-content\/uploads\/2025\/07\/501W-5-600x607.webp 600w, https:\/\/broxtal.com\/wp-content\/uploads\/2025\/07\/501W-5-150x152.webp 150w, https:\/\/broxtal.com\/wp-content\/uploads\/2025\/07\/501W-5-32x32.webp 32w, https:\/\/broxtal.com\/wp-content\/uploads\/2025\/07\/501W-5-64x64.webp 64w\" sizes=\"(max-width: 750px) 100vw, 750px\" \/><\/p>","protected":false},"excerpt":{"rendered":"<ul>\n<li><strong>Pureza estable del ox\u00edgeno 93%\u00b13 en todos los niveles de flujo<\/strong><\/li>\n<li><strong>Flujo continuo de ox\u00edgeno de 1-5L<\/strong><\/li>\n<li data-start=\"3017\" data-end=\"3050\"><strong>Gu\u00eda por voz + mando a distancia<\/strong><\/li>\n<li data-start=\"3053\" data-end=\"3083\"><strong>Pantalla LED con atomizaci\u00f3n<\/strong><\/li>\n<\/ul>","protected":false},"featured_media":36410,"comment_status":"open","ping_status":"closed","template":"","meta":[],"product_brand":[],"product_cat":[286,1821,1819,1761,1719],"product_tag":[],"class_list":{"0":"post-36385","1":"product","2":"type-product","3":"status-publish","4":"has-post-thumbnail","6":"product_cat-health-wellness","7":"product_cat-continuous-flow","8":"product_cat-home-oxygen-machine","9":"product_cat-oxygen-concentrators","10":"product_cat-respiratory-care-oxygen-therapy","12":"first","13":"outofstock","14":"sale","15":"shipping-taxable","16":"purchasable","17":"product-type-simple"},"_links":{"self":[{"href":"https:\/\/broxtal.com\/es\/wp-json\/wp\/v2\/product\/36385","targetHints":{"allow":["GET"]}}],"collection":[{"href":"https:\/\/broxtal.com\/es\/wp-json\/wp\/v2\/product"}],"about":[{"href":"https:\/\/broxtal.com\/es\/wp-json\/wp\/v2\/types\/product"}],"replies":[{"embeddable":true,"href":"https:\/\/broxtal.com\/es\/wp-json\/wp\/v2\/comments?post=36385"}],"version-history":[{"count":6,"href":"https:\/\/broxtal.com\/es\/wp-json\/wp\/v2\/product\/36385\/revisions"}],"predecessor-version":[{"id":37003,"href":"https:\/\/broxtal.com\/es\/wp-json\/wp\/v2\/product\/36385\/revisions\/37003"}],"wp:featuredmedia":[{"embeddable":true,"href":"https:\/\/broxtal.com\/es\/wp-json\/wp\/v2\/media\/36410"}],"wp:attachment":[{"href":"https:\/\/broxtal.com\/es\/wp-json\/wp\/v2\/media?parent=36385"}],"wp:term":[{"taxonomy":"product_brand","embeddable":true,"href":"https:\/\/broxtal.com\/es\/wp-json\/wp\/v2\/product_brand?post=36385"},{"taxonomy":"product_cat","embeddable":true,"href":"https:\/\/broxtal.com\/es\/wp-json\/wp\/v2\/product_cat?post=36385"},{"taxonomy":"product_tag","embeddable":true,"href":"https:\/\/broxtal.com\/es\/wp-json\/wp\/v2\/product_tag?post=36385"}],"curies":[{"name":"wp","href":"https:\/\/api.w.org\/{rel}","templated":true}]}}