{"id":36421,"date":"2025-07-11T14:50:34","date_gmt":"2025-07-11T13:50:34","guid":{"rendered":"https:\/\/broxtal.com\/?post_type=product&#038;p=36421"},"modified":"2026-01-06T12:31:27","modified_gmt":"2026-01-06T12:31:27","slug":"home-oxygen-generator-machine-7l-yk-101n","status":"publish","type":"product","link":"https:\/\/broxtal.com\/es\/producto\/home-oxygen-generator-machine-7l-yk-101n\/","title":{"rendered":"M\u00e1quina generadora de ox\u00edgeno dom\u00e9stica inteligente 7L - YK-101N"},"content":{"rendered":"<h1 style=\"text-align: center;\" data-start=\"280\" data-end=\"348\"><span style=\"color: #000080;\"><strong data-start=\"280\" data-end=\"348\">YK-101N M\u00e1quina generadora de ox\u00edgeno dom\u00e9stica 7L - Flujo continuo ajustable para uso dom\u00e9stico<\/strong><\/span><\/h1>\n<h3 style=\"text-align: center;\" data-start=\"377\" data-end=\"459\"><span style=\"color: #3366ff;\"><strong data-start=\"377\" data-end=\"459\">7L de flujo continuo, pureza 93%, pantalla t\u00e1ctil, voz, mando a distancia, atomizador y 48H de uso continuo<\/strong><\/span><\/h3>\n<h3 data-start=\"466\" data-end=\"508\"><img fetchpriority=\"high\" decoding=\"async\" class=\"aligncenter wp-image-36431 size-full\" src=\"https:\/\/broxtal.com\/wp-content\/uploads\/2025\/07\/101N-6.webp\" alt=\"\" width=\"750\" height=\"936\" srcset=\"https:\/\/broxtal.com\/wp-content\/uploads\/2025\/07\/101N-6.webp 750w, https:\/\/broxtal.com\/wp-content\/uploads\/2025\/07\/101N-6-240x300.webp 240w, https:\/\/broxtal.com\/wp-content\/uploads\/2025\/07\/101N-6-641x800.webp 641w, https:\/\/broxtal.com\/wp-content\/uploads\/2025\/07\/101N-6-10x12.webp 10w, https:\/\/broxtal.com\/wp-content\/uploads\/2025\/07\/101N-6-60x75.webp 60w, https:\/\/broxtal.com\/wp-content\/uploads\/2025\/07\/101N-6-110x137.webp 110w, https:\/\/broxtal.com\/wp-content\/uploads\/2025\/07\/101N-6-600x749.webp 600w, https:\/\/broxtal.com\/wp-content\/uploads\/2025\/07\/101N-6-150x187.webp 150w\" sizes=\"(max-width: 750px) 100vw, 750px\" \/><\/h3>\n<h3 data-start=\"509\" data-end=\"892\"><strong data-start=\"509\" data-end=\"561\">Soporte de ox\u00edgeno de alta eficacia en un formato compacto<\/strong><\/h3>\n<p data-start=\"509\" data-end=\"892\">La m\u00e1quina generadora de ox\u00edgeno dom\u00e9stica YK-101N de 7L suministra un flujo de ox\u00edgeno ajustable de 1 a 7 litros por minuto, con una pureza de hasta 93% en ajustes bajos. Dise\u00f1ado para uso dom\u00e9stico, cuenta con una pantalla t\u00e1ctil LED inteligente, funci\u00f3n de voz inteligente y tecnolog\u00eda de tamiz molecular CECA para garantizar un suministro de ox\u00edgeno eficaz y continuo durante un m\u00e1ximo de 48 horas.<\/p>\n<h3 data-start=\"938\" data-end=\"1283\"><strong data-start=\"938\" data-end=\"981\">Controles inteligentes y potente rendimiento<\/strong><\/h3>\n<p data-start=\"938\" data-end=\"1283\">Esta m\u00e1quina generadora de ox\u00edgeno dom\u00e9stica de 6 kg y 7 l incluye una gran pantalla de 8 pulgadas, mando a distancia, funci\u00f3n de atomizaci\u00f3n y sistema de reducci\u00f3n de ruido para una experiencia silenciosa. Viene equipado con alarmas inteligentes, alertas de fallo de alimentaci\u00f3n, y doble operaci\u00f3n a trav\u00e9s del tacto o remoto, por lo que es fiable y f\u00e1cil de operar para cualquier usuario.<\/p>\n<p data-start=\"938\" data-end=\"1283\"><img decoding=\"async\" class=\"aligncenter size-large wp-image-36430\" src=\"https:\/\/broxtal.com\/wp-content\/uploads\/2025\/07\/101N-5.webp\" alt=\"\" width=\"750\" height=\"591\" srcset=\"https:\/\/broxtal.com\/wp-content\/uploads\/2025\/07\/101N-5.webp 750w, https:\/\/broxtal.com\/wp-content\/uploads\/2025\/07\/101N-5-381x300.webp 381w, https:\/\/broxtal.com\/wp-content\/uploads\/2025\/07\/101N-5-15x12.webp 15w, https:\/\/broxtal.com\/wp-content\/uploads\/2025\/07\/101N-5-60x47.webp 60w, https:\/\/broxtal.com\/wp-content\/uploads\/2025\/07\/101N-5-110x87.webp 110w, https:\/\/broxtal.com\/wp-content\/uploads\/2025\/07\/101N-5-600x473.webp 600w, https:\/\/broxtal.com\/wp-content\/uploads\/2025\/07\/101N-5-150x118.webp 150w\" sizes=\"(max-width: 750px) 100vw, 750px\" \/><img decoding=\"async\" class=\"aligncenter size-large wp-image-36424\" src=\"https:\/\/broxtal.com\/wp-content\/uploads\/2025\/07\/101N-sq-8.webp\" alt=\"\" width=\"750\" height=\"764\" srcset=\"https:\/\/broxtal.com\/wp-content\/uploads\/2025\/07\/101N-sq-8.webp 750w, https:\/\/broxtal.com\/wp-content\/uploads\/2025\/07\/101N-sq-8-295x300.webp 295w, https:\/\/broxtal.com\/wp-content\/uploads\/2025\/07\/101N-sq-8-12x12.webp 12w, https:\/\/broxtal.com\/wp-content\/uploads\/2025\/07\/101N-sq-8-60x61.webp 60w, https:\/\/broxtal.com\/wp-content\/uploads\/2025\/07\/101N-sq-8-110x112.webp 110w, https:\/\/broxtal.com\/wp-content\/uploads\/2025\/07\/101N-sq-8-600x611.webp 600w, https:\/\/broxtal.com\/wp-content\/uploads\/2025\/07\/101N-sq-8-150x153.webp 150w, https:\/\/broxtal.com\/wp-content\/uploads\/2025\/07\/101N-sq-8-32x32.webp 32w\" sizes=\"(max-width: 750px) 100vw, 750px\" \/><img loading=\"lazy\" decoding=\"async\" class=\"aligncenter wp-image-36439 size-full\" src=\"https:\/\/broxtal.com\/wp-content\/uploads\/2025\/07\/101N-sq-6.webp\" alt=\"\" width=\"750\" height=\"722\" srcset=\"https:\/\/broxtal.com\/wp-content\/uploads\/2025\/07\/101N-sq-6.webp 750w, https:\/\/broxtal.com\/wp-content\/uploads\/2025\/07\/101N-sq-6-312x300.webp 312w, https:\/\/broxtal.com\/wp-content\/uploads\/2025\/07\/101N-sq-6-12x12.webp 12w, https:\/\/broxtal.com\/wp-content\/uploads\/2025\/07\/101N-sq-6-60x58.webp 60w, https:\/\/broxtal.com\/wp-content\/uploads\/2025\/07\/101N-sq-6-110x106.webp 110w, https:\/\/broxtal.com\/wp-content\/uploads\/2025\/07\/101N-sq-6-600x578.webp 600w, https:\/\/broxtal.com\/wp-content\/uploads\/2025\/07\/101N-sq-6-150x144.webp 150w, https:\/\/broxtal.com\/wp-content\/uploads\/2025\/07\/101N-sq-6-32x32.webp 32w\" sizes=\"(max-width: 750px) 100vw, 750px\" \/><\/p>\n<h3 data-start=\"1290\" data-end=\"1320\"><strong data-start=\"1296\" data-end=\"1320\">Tabla de especificaciones<\/strong><\/h3>\n<table>\n<thead>\n<tr>\n<th><strong>Caracter\u00edstica<\/strong><\/th>\n<th><strong>Descripci\u00f3n<\/strong><\/th>\n<\/tr>\n<\/thead>\n<tbody>\n<tr>\n<td><strong>Modelo<\/strong><\/td>\n<td>YK-101N<\/td>\n<\/tr>\n<tr>\n<td><strong>Suministro de ox\u00edgeno<\/strong><\/td>\n<td>Suministro continuo de ox\u00edgeno<\/td>\n<\/tr>\n<tr>\n<td><strong>Ajustes de caudal<\/strong><\/td>\n<td>1-7 L\/min<\/td>\n<\/tr>\n<tr>\n<td><strong>Concentraci\u00f3n de ox\u00edgeno<\/strong><\/td>\n<td>- 1L: 93%\u00b13%<br \/>\n- 2L: 78%\u00b13%<br \/>\n- 3L: 65%\u00b13%<br \/>\n- 4L: 55%\u00b13%<br \/>\n- 5L: 50%\u00b13%<br \/>\n- 6L: 45%\u00b13%<br \/>\n- 7L: 35%\u00b13%<\/td>\n<\/tr>\n<tr>\n<td><strong>Nivel de ruido<\/strong><\/td>\n<td>\u226460 dB(A)<\/td>\n<\/tr>\n<tr>\n<td><strong>Consumo de energ\u00eda<\/strong><\/td>\n<td>250W<\/td>\n<\/tr>\n<tr>\n<td><strong>Mostrar<\/strong><\/td>\n<td>Pantalla t\u00e1ctil LED de 8 pulgadas<\/td>\n<\/tr>\n<tr>\n<td><strong>Tama\u00f1o del producto<\/strong><\/td>\n<td>250 \u00d7 290 \u00d7 390 mm<\/td>\n<\/tr>\n<tr>\n<td><strong>Peso<\/strong><\/td>\n<td>6-6,5 kg<\/td>\n<\/tr>\n<tr>\n<td><strong>Opciones de potencia<\/strong><\/td>\n<td>110V \/ 220V (opcional)<\/td>\n<\/tr>\n<tr>\n<td><strong>Mando a distancia<\/strong><\/td>\n<td>S\u00ed<\/td>\n<\/tr>\n<tr>\n<td><strong>Funci\u00f3n de voz<\/strong><\/td>\n<td>S\u00ed<\/td>\n<\/tr>\n<tr>\n<td><strong>Funci\u00f3n atomizadora<\/strong><\/td>\n<td>S\u00ed<\/td>\n<\/tr>\n<tr>\n<td><strong>Purificaci\u00f3n de iones negativos<\/strong><\/td>\n<td>S\u00ed<\/td>\n<\/tr>\n<tr>\n<td><strong>Duraci\u00f3n del trabajo<\/strong><\/td>\n<td>Hasta 48 horas continuas<\/td>\n<\/tr>\n<tr>\n<td><strong>Alarmas<\/strong><\/td>\n<td>Fallo de alimentaci\u00f3n, alta\/baja presi\u00f3n<\/td>\n<\/tr>\n<tr>\n<td><strong>Operaci\u00f3n<\/strong><\/td>\n<td>Pantalla t\u00e1ctil + Mando a distancia<\/td>\n<\/tr>\n<\/tbody>\n<\/table>\n<h3 data-start=\"3045\" data-end=\"3067\"><strong data-start=\"3051\" data-end=\"3067\">Lista de paquetes<\/strong><\/h3>\n<ol>\n<li data-start=\"3072\" data-end=\"3101\">M\u00e1quina generadora de ox\u00edgeno dom\u00e9stica 7L<\/li>\n<li data-start=\"3105\" data-end=\"3118\">Manual del usuario<\/li>\n<li data-start=\"3122\" data-end=\"3144\">C\u00e1nula nasal de ox\u00edgeno<\/li>\n<li data-start=\"3148\" data-end=\"3173\">Accesorios de atomizaci\u00f3n<\/li>\n<li data-start=\"3177\" data-end=\"3209\">Tubos portafusibles (T10AL250V, 5 \u00d7 20)<\/li>\n<li data-start=\"3213\" data-end=\"3225\">Cable de alimentaci\u00f3n<\/li>\n<li data-start=\"3229\" data-end=\"3245\">Mando a distancia<\/li>\n<li data-start=\"3249\" data-end=\"3262\">Mascarilla de ox\u00edgeno<\/li>\n<\/ol>\n<p><img loading=\"lazy\" decoding=\"async\" class=\"aligncenter wp-image-36433 size-full\" src=\"https:\/\/broxtal.com\/wp-content\/uploads\/2025\/07\/101N-8.webp\" alt=\"\" width=\"750\" height=\"1199\" srcset=\"https:\/\/broxtal.com\/wp-content\/uploads\/2025\/07\/101N-8.webp 750w, https:\/\/broxtal.com\/wp-content\/uploads\/2025\/07\/101N-8-188x300.webp 188w, https:\/\/broxtal.com\/wp-content\/uploads\/2025\/07\/101N-8-500x800.webp 500w, https:\/\/broxtal.com\/wp-content\/uploads\/2025\/07\/101N-8-8x12.webp 8w, https:\/\/broxtal.com\/wp-content\/uploads\/2025\/07\/101N-8-60x96.webp 60w, https:\/\/broxtal.com\/wp-content\/uploads\/2025\/07\/101N-8-110x176.webp 110w, https:\/\/broxtal.com\/wp-content\/uploads\/2025\/07\/101N-8-600x959.webp 600w, https:\/\/broxtal.com\/wp-content\/uploads\/2025\/07\/101N-8-150x240.webp 150w\" sizes=\"(max-width: 750px) 100vw, 750px\" \/><img loading=\"lazy\" decoding=\"async\" class=\"aligncenter wp-image-36426 size-full\" src=\"https:\/\/broxtal.com\/wp-content\/uploads\/2025\/07\/101N-1.webp\" alt=\"\" width=\"749\" height=\"1131\" srcset=\"https:\/\/broxtal.com\/wp-content\/uploads\/2025\/07\/101N-1.webp 749w, https:\/\/broxtal.com\/wp-content\/uploads\/2025\/07\/101N-1-199x300.webp 199w, https:\/\/broxtal.com\/wp-content\/uploads\/2025\/07\/101N-1-530x800.webp 530w, https:\/\/broxtal.com\/wp-content\/uploads\/2025\/07\/101N-1-8x12.webp 8w, https:\/\/broxtal.com\/wp-content\/uploads\/2025\/07\/101N-1-60x91.webp 60w, https:\/\/broxtal.com\/wp-content\/uploads\/2025\/07\/101N-1-110x166.webp 110w, https:\/\/broxtal.com\/wp-content\/uploads\/2025\/07\/101N-1-600x906.webp 600w, https:\/\/broxtal.com\/wp-content\/uploads\/2025\/07\/101N-1-150x227.webp 150w\" sizes=\"(max-width: 749px) 100vw, 749px\" \/> <img loading=\"lazy\" decoding=\"async\" class=\"aligncenter wp-image-36427 size-full\" src=\"https:\/\/broxtal.com\/wp-content\/uploads\/2025\/07\/101N-2.webp\" alt=\"\" width=\"750\" height=\"1073\" srcset=\"https:\/\/broxtal.com\/wp-content\/uploads\/2025\/07\/101N-2.webp 750w, https:\/\/broxtal.com\/wp-content\/uploads\/2025\/07\/101N-2-210x300.webp 210w, https:\/\/broxtal.com\/wp-content\/uploads\/2025\/07\/101N-2-559x800.webp 559w, https:\/\/broxtal.com\/wp-content\/uploads\/2025\/07\/101N-2-8x12.webp 8w, https:\/\/broxtal.com\/wp-content\/uploads\/2025\/07\/101N-2-60x86.webp 60w, https:\/\/broxtal.com\/wp-content\/uploads\/2025\/07\/101N-2-110x157.webp 110w, https:\/\/broxtal.com\/wp-content\/uploads\/2025\/07\/101N-2-600x858.webp 600w, https:\/\/broxtal.com\/wp-content\/uploads\/2025\/07\/101N-2-150x215.webp 150w\" sizes=\"(max-width: 750px) 100vw, 750px\" \/> <img loading=\"lazy\" decoding=\"async\" class=\"aligncenter wp-image-36428 size-full\" src=\"https:\/\/broxtal.com\/wp-content\/uploads\/2025\/07\/101N-3.webp\" alt=\"\" width=\"750\" height=\"1236\" srcset=\"https:\/\/broxtal.com\/wp-content\/uploads\/2025\/07\/101N-3.webp 750w, https:\/\/broxtal.com\/wp-content\/uploads\/2025\/07\/101N-3-182x300.webp 182w, https:\/\/broxtal.com\/wp-content\/uploads\/2025\/07\/101N-3-485x800.webp 485w, https:\/\/broxtal.com\/wp-content\/uploads\/2025\/07\/101N-3-7x12.webp 7w, https:\/\/broxtal.com\/wp-content\/uploads\/2025\/07\/101N-3-60x99.webp 60w, https:\/\/broxtal.com\/wp-content\/uploads\/2025\/07\/101N-3-110x181.webp 110w, https:\/\/broxtal.com\/wp-content\/uploads\/2025\/07\/101N-3-600x989.webp 600w, https:\/\/broxtal.com\/wp-content\/uploads\/2025\/07\/101N-3-150x247.webp 150w\" sizes=\"(max-width: 750px) 100vw, 750px\" \/> <img loading=\"lazy\" decoding=\"async\" class=\"aligncenter wp-image-36425 size-full\" src=\"https:\/\/broxtal.com\/wp-content\/uploads\/2025\/07\/101N-sq-9.webp\" alt=\"\" width=\"750\" height=\"868\" srcset=\"https:\/\/broxtal.com\/wp-content\/uploads\/2025\/07\/101N-sq-9.webp 750w, https:\/\/broxtal.com\/wp-content\/uploads\/2025\/07\/101N-sq-9-259x300.webp 259w, https:\/\/broxtal.com\/wp-content\/uploads\/2025\/07\/101N-sq-9-691x800.webp 691w, https:\/\/broxtal.com\/wp-content\/uploads\/2025\/07\/101N-sq-9-10x12.webp 10w, https:\/\/broxtal.com\/wp-content\/uploads\/2025\/07\/101N-sq-9-60x69.webp 60w, https:\/\/broxtal.com\/wp-content\/uploads\/2025\/07\/101N-sq-9-110x127.webp 110w, https:\/\/broxtal.com\/wp-content\/uploads\/2025\/07\/101N-sq-9-600x694.webp 600w, https:\/\/broxtal.com\/wp-content\/uploads\/2025\/07\/101N-sq-9-150x174.webp 150w\" sizes=\"(max-width: 750px) 100vw, 750px\" \/><\/p>\n<p><img loading=\"lazy\" decoding=\"async\" class=\"aligncenter wp-image-37268 size-full\" src=\"https:\/\/broxtal.com\/wp-content\/uploads\/2025\/07\/101N-sq-1-1.webp\" alt=\"\" width=\"750\" height=\"930\" srcset=\"https:\/\/broxtal.com\/wp-content\/uploads\/2025\/07\/101N-sq-1-1.webp 750w, https:\/\/broxtal.com\/wp-content\/uploads\/2025\/07\/101N-sq-1-1-242x300.webp 242w, https:\/\/broxtal.com\/wp-content\/uploads\/2025\/07\/101N-sq-1-1-645x800.webp 645w, https:\/\/broxtal.com\/wp-content\/uploads\/2025\/07\/101N-sq-1-1-10x12.webp 10w, https:\/\/broxtal.com\/wp-content\/uploads\/2025\/07\/101N-sq-1-1-60x74.webp 60w, https:\/\/broxtal.com\/wp-content\/uploads\/2025\/07\/101N-sq-1-1-110x136.webp 110w, https:\/\/broxtal.com\/wp-content\/uploads\/2025\/07\/101N-sq-1-1-600x744.webp 600w, https:\/\/broxtal.com\/wp-content\/uploads\/2025\/07\/101N-sq-1-1-150x186.webp 150w\" sizes=\"(max-width: 750px) 100vw, 750px\" \/> <img loading=\"lazy\" decoding=\"async\" class=\"aligncenter wp-image-36429 size-full\" src=\"https:\/\/broxtal.com\/wp-content\/uploads\/2025\/07\/101N-4.webp\" alt=\"\" width=\"750\" height=\"481\" srcset=\"https:\/\/broxtal.com\/wp-content\/uploads\/2025\/07\/101N-4.webp 750w, https:\/\/broxtal.com\/wp-content\/uploads\/2025\/07\/101N-4-400x257.webp 400w, https:\/\/broxtal.com\/wp-content\/uploads\/2025\/07\/101N-4-18x12.webp 18w, https:\/\/broxtal.com\/wp-content\/uploads\/2025\/07\/101N-4-60x38.webp 60w, https:\/\/broxtal.com\/wp-content\/uploads\/2025\/07\/101N-4-110x71.webp 110w, https:\/\/broxtal.com\/wp-content\/uploads\/2025\/07\/101N-4-600x385.webp 600w, https:\/\/broxtal.com\/wp-content\/uploads\/2025\/07\/101N-4-150x96.webp 150w\" sizes=\"(max-width: 750px) 100vw, 750px\" \/><\/p>","protected":false},"excerpt":{"rendered":"<ul>\n<li data-start=\"3689\" data-end=\"3722\"><strong>Caudal continuo regulable 1-7L<\/strong><\/li>\n<li data-start=\"3725\" data-end=\"3755\"><strong>Pureza de hasta 93% a bajo caudal<\/strong><\/li>\n<li data-start=\"3758\" data-end=\"3788\"><strong>Pantalla t\u00e1ctil + mando a distancia<\/strong><\/li>\n<li data-start=\"3819\" data-end=\"3848\"><strong>Atomizador y purificaci\u00f3n i\u00f3nica<\/strong><\/li>\n<li data-start=\"3851\" data-end=\"3875\"><strong>48 horas de uso continuo<\/strong><\/li>\n<\/ul>","protected":false},"featured_media":36438,"comment_status":"open","ping_status":"closed","template":"","meta":[],"product_brand":[],"product_cat":[286,1821,1819,1761,1719],"product_tag":[],"class_list":{"0":"post-36421","1":"product","2":"type-product","3":"status-publish","4":"has-post-thumbnail","6":"product_cat-health-wellness","7":"product_cat-continuous-flow","8":"product_cat-home-oxygen-machine","9":"product_cat-oxygen-concentrators","10":"product_cat-respiratory-care-oxygen-therapy","12":"first","13":"outofstock","14":"sale","15":"shipping-taxable","16":"purchasable","17":"product-type-simple"},"_links":{"self":[{"href":"https:\/\/broxtal.com\/es\/wp-json\/wp\/v2\/product\/36421","targetHints":{"allow":["GET"]}}],"collection":[{"href":"https:\/\/broxtal.com\/es\/wp-json\/wp\/v2\/product"}],"about":[{"href":"https:\/\/broxtal.com\/es\/wp-json\/wp\/v2\/types\/product"}],"replies":[{"embeddable":true,"href":"https:\/\/broxtal.com\/es\/wp-json\/wp\/v2\/comments?post=36421"}],"version-history":[{"count":6,"href":"https:\/\/broxtal.com\/es\/wp-json\/wp\/v2\/product\/36421\/revisions"}],"predecessor-version":[{"id":37269,"href":"https:\/\/broxtal.com\/es\/wp-json\/wp\/v2\/product\/36421\/revisions\/37269"}],"wp:featuredmedia":[{"embeddable":true,"href":"https:\/\/broxtal.com\/es\/wp-json\/wp\/v2\/media\/36438"}],"wp:attachment":[{"href":"https:\/\/broxtal.com\/es\/wp-json\/wp\/v2\/media?parent=36421"}],"wp:term":[{"taxonomy":"product_brand","embeddable":true,"href":"https:\/\/broxtal.com\/es\/wp-json\/wp\/v2\/product_brand?post=36421"},{"taxonomy":"product_cat","embeddable":true,"href":"https:\/\/broxtal.com\/es\/wp-json\/wp\/v2\/product_cat?post=36421"},{"taxonomy":"product_tag","embeddable":true,"href":"https:\/\/broxtal.com\/es\/wp-json\/wp\/v2\/product_tag?post=36421"}],"curies":[{"name":"wp","href":"https:\/\/api.w.org\/{rel}","templated":true}]}}