{"id":36559,"date":"2025-07-14T09:23:03","date_gmt":"2025-07-14T08:23:03","guid":{"rendered":"https:\/\/broxtal.com\/?post_type=product&#038;p=36559"},"modified":"2025-07-24T15:05:26","modified_gmt":"2025-07-24T14:05:26","slug":"mini-oxygen-concentrator-for-travel-3l-93","status":"publish","type":"product","link":"https:\/\/broxtal.com\/es\/producto\/mini-oxygen-concentrator-for-travel-3l-93\/","title":{"rendered":"Mini concentrador de ox\u00edgeno para viajes 3L-93%"},"content":{"rendered":"<h3 style=\"text-align: center;\" data-start=\"154\" data-end=\"219\"><span style=\"color: #e06716;\"><strong data-start=\"154\" data-end=\"219\">\u00bfNecesita una soluci\u00f3n de ox\u00edgeno inteligente, silenciosa y port\u00e1til para viajar?<\/strong><\/span><\/h3>\n<h3 style=\"text-align: center;\" data-start=\"245\" data-end=\"394\"><span style=\"color: #0000ff;\">Experimente la potencia del miniconcentrador de ox\u00edgeno para viajes 3L Flujo activo\/pulso con <\/span><span style=\"color: #0000ff;\">+93% Pureza <\/span><span style=\"color: #0000ff;\">dise\u00f1ada para ofrecer comodidad, movilidad y fiabilidad a diario.<\/span><\/h3>\n<p><img fetchpriority=\"high\" decoding=\"async\" class=\"aligncenter size-large wp-image-37055\" src=\"https:\/\/broxtal.com\/wp-content\/uploads\/2025\/07\/mini-like-bottle-800x800.webp\" alt=\"\" width=\"800\" height=\"800\" srcset=\"https:\/\/broxtal.com\/wp-content\/uploads\/2025\/07\/mini-like-bottle-800x800.webp 800w, https:\/\/broxtal.com\/wp-content\/uploads\/2025\/07\/mini-like-bottle-300x300.webp 300w, https:\/\/broxtal.com\/wp-content\/uploads\/2025\/07\/mini-like-bottle-150x150.webp 150w, https:\/\/broxtal.com\/wp-content\/uploads\/2025\/07\/mini-like-bottle-768x768.webp 768w, https:\/\/broxtal.com\/wp-content\/uploads\/2025\/07\/mini-like-bottle-12x12.webp 12w, https:\/\/broxtal.com\/wp-content\/uploads\/2025\/07\/mini-like-bottle-60x60.webp 60w, https:\/\/broxtal.com\/wp-content\/uploads\/2025\/07\/mini-like-bottle-110x110.webp 110w, https:\/\/broxtal.com\/wp-content\/uploads\/2025\/07\/mini-like-bottle-600x600.webp 600w, https:\/\/broxtal.com\/wp-content\/uploads\/2025\/07\/mini-like-bottle-32x32.webp 32w, https:\/\/broxtal.com\/wp-content\/uploads\/2025\/07\/mini-like-bottle.webp 1080w\" sizes=\"(max-width: 800px) 100vw, 800px\" \/><\/p>\n<p>&nbsp;<\/p>\n<h4><span style=\"color: #000000;\">Respire libremente all\u00e1 donde vaya<\/span><\/h4>\n<p><span style=\"color: #000000;\">En <strong>Mini concentrador de ox\u00edgeno para viajes<\/strong> ofrece una soluci\u00f3n fiable y ligera para viajeros, aventureros al aire libre y pacientes que necesitan asistencia respiratoria en movimiento. Con un peso de solo 1,5 kg, proporciona una pureza de ox\u00edgeno de 93% \u00b1 3% con un flujo ajustable de 3L de 1 a 5 marchas y admite la salida de ox\u00edgeno Activo\/pulso. Este miniconcentrador est\u00e1 dise\u00f1ado para viajar c\u00f3modamente con una bater\u00eda de litio extra\u00edble, carga USB Type-C y compatibilidad con el uso dom\u00e9stico y en el coche.<\/span><\/p>\n<p><span style=\"color: #000000;\"><img decoding=\"async\" class=\"aligncenter wp-image-36560 size-full\" src=\"https:\/\/broxtal.com\/wp-content\/uploads\/2025\/07\/mini-oxygen-concentrator-for-travel-6.webp\" alt=\"\" width=\"1000\" height=\"1000\" srcset=\"https:\/\/broxtal.com\/wp-content\/uploads\/2025\/07\/mini-oxygen-concentrator-for-travel-6.webp 1000w, https:\/\/broxtal.com\/wp-content\/uploads\/2025\/07\/mini-oxygen-concentrator-for-travel-6-300x300.webp 300w, https:\/\/broxtal.com\/wp-content\/uploads\/2025\/07\/mini-oxygen-concentrator-for-travel-6-800x800.webp 800w, https:\/\/broxtal.com\/wp-content\/uploads\/2025\/07\/mini-oxygen-concentrator-for-travel-6-150x150.webp 150w, https:\/\/broxtal.com\/wp-content\/uploads\/2025\/07\/mini-oxygen-concentrator-for-travel-6-768x768.webp 768w, https:\/\/broxtal.com\/wp-content\/uploads\/2025\/07\/mini-oxygen-concentrator-for-travel-6-12x12.webp 12w, https:\/\/broxtal.com\/wp-content\/uploads\/2025\/07\/mini-oxygen-concentrator-for-travel-6-60x60.webp 60w, https:\/\/broxtal.com\/wp-content\/uploads\/2025\/07\/mini-oxygen-concentrator-for-travel-6-110x110.webp 110w, https:\/\/broxtal.com\/wp-content\/uploads\/2025\/07\/mini-oxygen-concentrator-for-travel-6-600x600.webp 600w, https:\/\/broxtal.com\/wp-content\/uploads\/2025\/07\/mini-oxygen-concentrator-for-travel-6-32x32.webp 32w, https:\/\/broxtal.com\/wp-content\/uploads\/2025\/07\/mini-oxygen-concentrator-for-travel-6-64x64.webp 64w\" sizes=\"(max-width: 1000px) 100vw, 1000px\" \/><\/span><\/p>\n<h4><span style=\"color: #000000;\">Depuraci\u00f3n avanzada y rendimiento en sus manos<\/span><\/h4>\n<p><span style=\"color: #000000;\">Dise\u00f1ado para una portabilidad compacta y un rendimiento de grado m\u00e9dico, el dispositivo cuenta con un <strong>Sistema de filtraci\u00f3n de 10 capas<\/strong>que incluye un tamiz molecular de litio CECA importado de Francia, lo que garantiza un ox\u00edgeno limpio y respirable. Su motor silencioso proporciona un funcionamiento silencioso, mientras que los modos de pulso inteligente\/ox\u00edgeno activo optimizan la administraci\u00f3n. La funci\u00f3n de ox\u00edgeno en vaso de agua y el compresor microfino mejoran la calidad de la terapia.<\/span><\/p>\n<div><span style=\"color: #000000;\"><img decoding=\"async\" class=\"aligncenter wp-image-36563 size-full\" src=\"https:\/\/broxtal.com\/wp-content\/uploads\/2025\/07\/mini-oxygen-concentrator-for-travel-9.webp\" alt=\"\" width=\"1000\" height=\"1000\" srcset=\"https:\/\/broxtal.com\/wp-content\/uploads\/2025\/07\/mini-oxygen-concentrator-for-travel-9.webp 1000w, https:\/\/broxtal.com\/wp-content\/uploads\/2025\/07\/mini-oxygen-concentrator-for-travel-9-300x300.webp 300w, https:\/\/broxtal.com\/wp-content\/uploads\/2025\/07\/mini-oxygen-concentrator-for-travel-9-800x800.webp 800w, https:\/\/broxtal.com\/wp-content\/uploads\/2025\/07\/mini-oxygen-concentrator-for-travel-9-150x150.webp 150w, https:\/\/broxtal.com\/wp-content\/uploads\/2025\/07\/mini-oxygen-concentrator-for-travel-9-768x768.webp 768w, https:\/\/broxtal.com\/wp-content\/uploads\/2025\/07\/mini-oxygen-concentrator-for-travel-9-12x12.webp 12w, https:\/\/broxtal.com\/wp-content\/uploads\/2025\/07\/mini-oxygen-concentrator-for-travel-9-60x60.webp 60w, https:\/\/broxtal.com\/wp-content\/uploads\/2025\/07\/mini-oxygen-concentrator-for-travel-9-110x110.webp 110w, https:\/\/broxtal.com\/wp-content\/uploads\/2025\/07\/mini-oxygen-concentrator-for-travel-9-600x600.webp 600w, https:\/\/broxtal.com\/wp-content\/uploads\/2025\/07\/mini-oxygen-concentrator-for-travel-9-32x32.webp 32w, https:\/\/broxtal.com\/wp-content\/uploads\/2025\/07\/mini-oxygen-concentrator-for-travel-9-64x64.webp 64w\" sizes=\"(max-width: 1000px) 100vw, 1000px\" \/><\/span><\/div>\n<h3><span style=\"color: #000000;\">Tabla de especificaciones<\/span><\/h3>\n<table>\n<tbody>\n<tr>\n<th><span style=\"color: #000000;\"><strong>Caracter\u00edstica<\/strong><\/span><\/th>\n<th><span style=\"color: #000000;\"><strong>Detalles<\/strong><\/span><\/th>\n<\/tr>\n<tr>\n<td><span style=\"color: #000000;\">Tipo de producto<\/span><\/td>\n<td><span style=\"color: #000000;\">Mini concentrador de ox\u00edgeno para viajes<\/span><\/td>\n<\/tr>\n<tr>\n<td><span style=\"color: #000000;\">Marca<\/span><\/td>\n<td><span style=\"color: #000000;\">LINMICS<\/span><\/td>\n<\/tr>\n<tr>\n<td><span style=\"color: #000000;\">Peso<\/span><\/td>\n<td><span style=\"color: #000000;\">1,5 kg<\/span><\/td>\n<\/tr>\n<tr>\n<td><span style=\"color: #000000;\">Dimensiones<\/span><\/td>\n<td><span style=\"color: #000000;\">Tama\u00f1o compacto de la palma de la mano (botella de agua de 1,5 l)<\/span><\/td>\n<\/tr>\n<tr>\n<td><span style=\"color: #000000;\">Concentraci\u00f3n de ox\u00edgeno<\/span><\/td>\n<td><span style=\"color: #000000;\">93% \u00b1 3%<\/span><\/td>\n<\/tr>\n<tr>\n<td><span style=\"color: #000000;\">Caudal<\/span><\/td>\n<td><span style=\"color: #000000;\">Niveles ajustables de 1 a 5 (hasta 3 l\/min)<\/span><\/td>\n<\/tr>\n<tr>\n<td><span style=\"color: #000000;\">Nivel de ruido<\/span><\/td>\n<td><span style=\"color: #000000;\">Funcionamiento silencioso<\/span><\/td>\n<\/tr>\n<tr>\n<td><span style=\"color: #000000;\">Tipo de bater\u00eda<\/span><\/td>\n<td><span style=\"color: #000000;\">Bater\u00eda de litio extra\u00edble<\/span><\/td>\n<\/tr>\n<tr>\n<td><span style=\"color: #000000;\">Puerto de carga<\/span><\/td>\n<td><span style=\"color: #000000;\">USB Tipo-C<\/span><\/td>\n<\/tr>\n<tr>\n<td><span style=\"color: #000000;\">Opciones de potencia<\/span><\/td>\n<td><span style=\"color: #000000;\">CA (casa), CC (coche), Bater\u00eda<\/span><\/td>\n<\/tr>\n<tr>\n<td><span style=\"color: #000000;\">Sistema de filtraci\u00f3n<\/span><\/td>\n<td><span style=\"color: #000000;\">Purificaci\u00f3n de 10 capas con tamiz CECA<\/span><\/td>\n<\/tr>\n<tr>\n<td><span style=\"color: #000000;\">Adecuado para<\/span><\/td>\n<td><span style=\"color: #000000;\">Viajes, casa, coche, uso en altitud<\/span><\/td>\n<\/tr>\n<tr>\n<td><\/td>\n<td><\/td>\n<\/tr>\n<\/tbody>\n<\/table>\n<div><\/div>\n<h3><span style=\"color: #000000;\">Lista de paquetes<\/span><\/h3>\n<p><span style=\"color: #000000;\">\u2713 1 x Mini concentrador de ox\u00edgeno<\/span><br \/>\n<span style=\"color: #000000;\">\u2713 1 x Funda de transporte con correa para el hombro<\/span><br \/>\n<span style=\"color: #000000;\">\u2713 1 x Cable de carga USB para coche<\/span><br \/>\n<span style=\"color: #000000;\">\u2713 1 x Cargador dom\u00e9stico<\/span><br \/>\n<span style=\"color: #000000;\">\u2713 5 x Algod\u00f3n filtrante<\/span><br \/>\n<span style=\"color: #000000;\">\u2713 3 x Tubos de ox\u00edgeno<\/span><br \/>\n<span style=\"color: #000000;\">1 x Manual de instrucciones y certificado<\/span><\/p>\n<p><img loading=\"lazy\" decoding=\"async\" class=\"aligncenter wp-image-36568 size-full\" src=\"https:\/\/broxtal.com\/wp-content\/uploads\/2025\/07\/mini-oxygen-concentrator-for-travel-5.webp\" alt=\"\" width=\"1000\" height=\"1000\" srcset=\"https:\/\/broxtal.com\/wp-content\/uploads\/2025\/07\/mini-oxygen-concentrator-for-travel-5.webp 1000w, https:\/\/broxtal.com\/wp-content\/uploads\/2025\/07\/mini-oxygen-concentrator-for-travel-5-300x300.webp 300w, https:\/\/broxtal.com\/wp-content\/uploads\/2025\/07\/mini-oxygen-concentrator-for-travel-5-800x800.webp 800w, https:\/\/broxtal.com\/wp-content\/uploads\/2025\/07\/mini-oxygen-concentrator-for-travel-5-150x150.webp 150w, https:\/\/broxtal.com\/wp-content\/uploads\/2025\/07\/mini-oxygen-concentrator-for-travel-5-768x768.webp 768w, https:\/\/broxtal.com\/wp-content\/uploads\/2025\/07\/mini-oxygen-concentrator-for-travel-5-12x12.webp 12w, https:\/\/broxtal.com\/wp-content\/uploads\/2025\/07\/mini-oxygen-concentrator-for-travel-5-60x60.webp 60w, https:\/\/broxtal.com\/wp-content\/uploads\/2025\/07\/mini-oxygen-concentrator-for-travel-5-110x110.webp 110w, https:\/\/broxtal.com\/wp-content\/uploads\/2025\/07\/mini-oxygen-concentrator-for-travel-5-600x600.webp 600w, https:\/\/broxtal.com\/wp-content\/uploads\/2025\/07\/mini-oxygen-concentrator-for-travel-5-32x32.webp 32w, https:\/\/broxtal.com\/wp-content\/uploads\/2025\/07\/mini-oxygen-concentrator-for-travel-5-64x64.webp 64w\" sizes=\"(max-width: 1000px) 100vw, 1000px\" \/><img loading=\"lazy\" decoding=\"async\" class=\"aligncenter wp-image-36564 size-full\" src=\"https:\/\/broxtal.com\/wp-content\/uploads\/2025\/07\/mini-oxygen-concentrator-for-travel-1.webp\" alt=\"\" width=\"1000\" height=\"1000\" srcset=\"https:\/\/broxtal.com\/wp-content\/uploads\/2025\/07\/mini-oxygen-concentrator-for-travel-1.webp 1000w, https:\/\/broxtal.com\/wp-content\/uploads\/2025\/07\/mini-oxygen-concentrator-for-travel-1-300x300.webp 300w, https:\/\/broxtal.com\/wp-content\/uploads\/2025\/07\/mini-oxygen-concentrator-for-travel-1-800x800.webp 800w, https:\/\/broxtal.com\/wp-content\/uploads\/2025\/07\/mini-oxygen-concentrator-for-travel-1-150x150.webp 150w, https:\/\/broxtal.com\/wp-content\/uploads\/2025\/07\/mini-oxygen-concentrator-for-travel-1-768x768.webp 768w, https:\/\/broxtal.com\/wp-content\/uploads\/2025\/07\/mini-oxygen-concentrator-for-travel-1-12x12.webp 12w, https:\/\/broxtal.com\/wp-content\/uploads\/2025\/07\/mini-oxygen-concentrator-for-travel-1-60x60.webp 60w, https:\/\/broxtal.com\/wp-content\/uploads\/2025\/07\/mini-oxygen-concentrator-for-travel-1-110x110.webp 110w, https:\/\/broxtal.com\/wp-content\/uploads\/2025\/07\/mini-oxygen-concentrator-for-travel-1-600x600.webp 600w, https:\/\/broxtal.com\/wp-content\/uploads\/2025\/07\/mini-oxygen-concentrator-for-travel-1-32x32.webp 32w, https:\/\/broxtal.com\/wp-content\/uploads\/2025\/07\/mini-oxygen-concentrator-for-travel-1-64x64.webp 64w\" sizes=\"(max-width: 1000px) 100vw, 1000px\" \/><img loading=\"lazy\" decoding=\"async\" class=\"aligncenter wp-image-36562 size-full\" src=\"https:\/\/broxtal.com\/wp-content\/uploads\/2025\/07\/mini-oxygen-concentrator-for-travel-8.webp\" alt=\"\" width=\"1000\" height=\"1000\" srcset=\"https:\/\/broxtal.com\/wp-content\/uploads\/2025\/07\/mini-oxygen-concentrator-for-travel-8.webp 1000w, https:\/\/broxtal.com\/wp-content\/uploads\/2025\/07\/mini-oxygen-concentrator-for-travel-8-300x300.webp 300w, https:\/\/broxtal.com\/wp-content\/uploads\/2025\/07\/mini-oxygen-concentrator-for-travel-8-800x800.webp 800w, https:\/\/broxtal.com\/wp-content\/uploads\/2025\/07\/mini-oxygen-concentrator-for-travel-8-150x150.webp 150w, https:\/\/broxtal.com\/wp-content\/uploads\/2025\/07\/mini-oxygen-concentrator-for-travel-8-768x768.webp 768w, https:\/\/broxtal.com\/wp-content\/uploads\/2025\/07\/mini-oxygen-concentrator-for-travel-8-12x12.webp 12w, https:\/\/broxtal.com\/wp-content\/uploads\/2025\/07\/mini-oxygen-concentrator-for-travel-8-60x60.webp 60w, https:\/\/broxtal.com\/wp-content\/uploads\/2025\/07\/mini-oxygen-concentrator-for-travel-8-110x110.webp 110w, https:\/\/broxtal.com\/wp-content\/uploads\/2025\/07\/mini-oxygen-concentrator-for-travel-8-600x600.webp 600w, https:\/\/broxtal.com\/wp-content\/uploads\/2025\/07\/mini-oxygen-concentrator-for-travel-8-32x32.webp 32w, https:\/\/broxtal.com\/wp-content\/uploads\/2025\/07\/mini-oxygen-concentrator-for-travel-8-64x64.webp 64w\" sizes=\"(max-width: 1000px) 100vw, 1000px\" \/> <img loading=\"lazy\" decoding=\"async\" class=\"aligncenter wp-image-36566 size-full\" src=\"https:\/\/broxtal.com\/wp-content\/uploads\/2025\/07\/mini-oxygen-concentrator-for-travel-3.webp\" alt=\"\" width=\"1000\" height=\"1000\" srcset=\"https:\/\/broxtal.com\/wp-content\/uploads\/2025\/07\/mini-oxygen-concentrator-for-travel-3.webp 1000w, https:\/\/broxtal.com\/wp-content\/uploads\/2025\/07\/mini-oxygen-concentrator-for-travel-3-300x300.webp 300w, https:\/\/broxtal.com\/wp-content\/uploads\/2025\/07\/mini-oxygen-concentrator-for-travel-3-800x800.webp 800w, https:\/\/broxtal.com\/wp-content\/uploads\/2025\/07\/mini-oxygen-concentrator-for-travel-3-150x150.webp 150w, https:\/\/broxtal.com\/wp-content\/uploads\/2025\/07\/mini-oxygen-concentrator-for-travel-3-768x768.webp 768w, https:\/\/broxtal.com\/wp-content\/uploads\/2025\/07\/mini-oxygen-concentrator-for-travel-3-12x12.webp 12w, https:\/\/broxtal.com\/wp-content\/uploads\/2025\/07\/mini-oxygen-concentrator-for-travel-3-60x60.webp 60w, https:\/\/broxtal.com\/wp-content\/uploads\/2025\/07\/mini-oxygen-concentrator-for-travel-3-110x110.webp 110w, https:\/\/broxtal.com\/wp-content\/uploads\/2025\/07\/mini-oxygen-concentrator-for-travel-3-600x600.webp 600w, https:\/\/broxtal.com\/wp-content\/uploads\/2025\/07\/mini-oxygen-concentrator-for-travel-3-32x32.webp 32w, https:\/\/broxtal.com\/wp-content\/uploads\/2025\/07\/mini-oxygen-concentrator-for-travel-3-64x64.webp 64w\" sizes=\"(max-width: 1000px) 100vw, 1000px\" \/><\/p>","protected":false},"excerpt":{"rendered":"<p>\ud83d\udca8 <strong data-start=\"68\" data-end=\"91\">93% Pureza, 3LActivo\/Flujo pulsado<\/strong> (1-5 niveles de marcha)<br data-start=\"161\" data-end=\"164\" \/>\ud83e\uddf3 <strong data-start=\"167\" data-end=\"182\">Ultraligero<\/strong> - 1,5 kg, tama\u00f1o botella para viajar.<br data-start=\"229\" data-end=\"232\" \/>\ud83d\udd0b <strong data-start=\"235\" data-end=\"256\">Bater\u00eda extra\u00edble<\/strong> - Recarga mediante USB-C.<br data-start=\"297\" data-end=\"300\" \/>\ud83c\udf2c\ufe0f <strong data-start=\"304\" data-end=\"323\">Filtro de 10 capas<\/strong> - Tamiz molecular CECA para aire fresco.<\/p>","protected":false},"featured_media":36567,"comment_status":"open","ping_status":"closed","template":"","meta":[],"product_brand":[],"product_cat":[286,1761,1818,1820,1719],"product_tag":[],"class_list":{"0":"post-36559","1":"product","2":"type-product","3":"status-publish","4":"has-post-thumbnail","6":"product_cat-health-wellness","7":"product_cat-oxygen-concentrators","8":"product_cat-portable-oxygen-machine","9":"product_cat-pulse-flow","10":"product_cat-respiratory-care-oxygen-therapy","12":"first","13":"instock","14":"sale","15":"shipping-taxable","16":"purchasable","17":"product-type-simple"},"_links":{"self":[{"href":"https:\/\/broxtal.com\/es\/wp-json\/wp\/v2\/product\/36559","targetHints":{"allow":["GET"]}}],"collection":[{"href":"https:\/\/broxtal.com\/es\/wp-json\/wp\/v2\/product"}],"about":[{"href":"https:\/\/broxtal.com\/es\/wp-json\/wp\/v2\/types\/product"}],"replies":[{"embeddable":true,"href":"https:\/\/broxtal.com\/es\/wp-json\/wp\/v2\/comments?post=36559"}],"version-history":[{"count":8,"href":"https:\/\/broxtal.com\/es\/wp-json\/wp\/v2\/product\/36559\/revisions"}],"predecessor-version":[{"id":37057,"href":"https:\/\/broxtal.com\/es\/wp-json\/wp\/v2\/product\/36559\/revisions\/37057"}],"wp:featuredmedia":[{"embeddable":true,"href":"https:\/\/broxtal.com\/es\/wp-json\/wp\/v2\/media\/36567"}],"wp:attachment":[{"href":"https:\/\/broxtal.com\/es\/wp-json\/wp\/v2\/media?parent=36559"}],"wp:term":[{"taxonomy":"product_brand","embeddable":true,"href":"https:\/\/broxtal.com\/es\/wp-json\/wp\/v2\/product_brand?post=36559"},{"taxonomy":"product_cat","embeddable":true,"href":"https:\/\/broxtal.com\/es\/wp-json\/wp\/v2\/product_cat?post=36559"},{"taxonomy":"product_tag","embeddable":true,"href":"https:\/\/broxtal.com\/es\/wp-json\/wp\/v2\/product_tag?post=36559"}],"curies":[{"name":"wp","href":"https:\/\/api.w.org\/{rel}","templated":true}]}}