{"id":37516,"date":"2025-08-14T14:31:42","date_gmt":"2025-08-14T13:31:42","guid":{"rendered":"https:\/\/broxtal.com\/?post_type=product&#038;p=37516"},"modified":"2025-09-28T21:51:29","modified_gmt":"2025-09-28T20:51:29","slug":"extra-battery-dn-be12-8-cells","status":"publish","type":"product","link":"https:\/\/broxtal.com\/es\/producto\/extra-battery-dn-be12-8-cells\/","title":{"rendered":"Bater\u00eda adicional DN-BE12 (8 pilas)"},"content":{"rendered":"<h3 class=\"p1\" style=\"text-align: center;\"><b>Compatible con la peque\u00f1a m\u00e1quina port\u00e1til de ox\u00edgeno 6L-BE10 y BE12 <\/b><\/h3>\n<h3 class=\"p1\" style=\"text-align: center;\"><b>Bater\u00eda de 8 pilas de larga duraci\u00f3n para un uso prolongado<\/b><\/h3>\n<p><img fetchpriority=\"high\" decoding=\"async\" class=\"aligncenter size-large wp-image-37518\" src=\"https:\/\/broxtal.com\/wp-content\/uploads\/2025\/08\/40-800x800.webp\" alt=\"Extra Battery DN-BE12 (8 cells) \" width=\"800\" height=\"800\" srcset=\"https:\/\/broxtal.com\/wp-content\/uploads\/2025\/08\/40-800x800.webp 800w, https:\/\/broxtal.com\/wp-content\/uploads\/2025\/08\/40-300x300.webp 300w, https:\/\/broxtal.com\/wp-content\/uploads\/2025\/08\/40-150x150.webp 150w, https:\/\/broxtal.com\/wp-content\/uploads\/2025\/08\/40-768x768.webp 768w, https:\/\/broxtal.com\/wp-content\/uploads\/2025\/08\/40-12x12.webp 12w, https:\/\/broxtal.com\/wp-content\/uploads\/2025\/08\/40-60x60.webp 60w, https:\/\/broxtal.com\/wp-content\/uploads\/2025\/08\/40-110x110.webp 110w, https:\/\/broxtal.com\/wp-content\/uploads\/2025\/08\/40-600x600.webp 600w, https:\/\/broxtal.com\/wp-content\/uploads\/2025\/08\/40-32x32.webp 32w, https:\/\/broxtal.com\/wp-content\/uploads\/2025\/08\/40.webp 1080w\" sizes=\"(max-width: 800px) 100vw, 800px\" \/><\/p>","protected":false},"excerpt":{"rendered":"<p>Compatible with Small Portable Oxygen Machine 6L-BE10 &amp; BE12 Long-Lasting 8-Cell Battery for Extended Use<\/p>","protected":false},"featured_media":37517,"comment_status":"open","ping_status":"closed","template":"","meta":[],"product_brand":[],"product_cat":[286,1763,1719],"product_tag":[],"class_list":{"0":"post-37516","1":"product","2":"type-product","3":"status-publish","4":"has-post-thumbnail","6":"product_cat-health-wellness","7":"product_cat-masks-accessories","8":"product_cat-respiratory-care-oxygen-therapy","10":"first","11":"instock","12":"sale","13":"shipping-taxable","14":"purchasable","15":"product-type-simple"},"_links":{"self":[{"href":"https:\/\/broxtal.com\/es\/wp-json\/wp\/v2\/product\/37516","targetHints":{"allow":["GET"]}}],"collection":[{"href":"https:\/\/broxtal.com\/es\/wp-json\/wp\/v2\/product"}],"about":[{"href":"https:\/\/broxtal.com\/es\/wp-json\/wp\/v2\/types\/product"}],"replies":[{"embeddable":true,"href":"https:\/\/broxtal.com\/es\/wp-json\/wp\/v2\/comments?post=37516"}],"version-history":[{"count":3,"href":"https:\/\/broxtal.com\/es\/wp-json\/wp\/v2\/product\/37516\/revisions"}],"predecessor-version":[{"id":37570,"href":"https:\/\/broxtal.com\/es\/wp-json\/wp\/v2\/product\/37516\/revisions\/37570"}],"wp:featuredmedia":[{"embeddable":true,"href":"https:\/\/broxtal.com\/es\/wp-json\/wp\/v2\/media\/37517"}],"wp:attachment":[{"href":"https:\/\/broxtal.com\/es\/wp-json\/wp\/v2\/media?parent=37516"}],"wp:term":[{"taxonomy":"product_brand","embeddable":true,"href":"https:\/\/broxtal.com\/es\/wp-json\/wp\/v2\/product_brand?post=37516"},{"taxonomy":"product_cat","embeddable":true,"href":"https:\/\/broxtal.com\/es\/wp-json\/wp\/v2\/product_cat?post=37516"},{"taxonomy":"product_tag","embeddable":true,"href":"https:\/\/broxtal.com\/es\/wp-json\/wp\/v2\/product_tag?post=37516"}],"curies":[{"name":"wp","href":"https:\/\/api.w.org\/{rel}","templated":true}]}}