{"id":38144,"date":"2025-09-02T22:59:22","date_gmt":"2025-09-02T21:59:22","guid":{"rendered":"https:\/\/broxtal.com\/?post_type=product&#038;p=38144"},"modified":"2025-09-22T10:55:39","modified_gmt":"2025-09-22T09:55:39","slug":"home-oxygen-concentrator-with-nebulizer","status":"publish","type":"product","link":"https:\/\/broxtal.com\/es\/producto\/home-oxygen-concentrator-with-nebulizer\/","title":{"rendered":"Concentrador de ox\u00edgeno dom\u00e9stico con nebulizador"},"content":{"rendered":"<h1 class=\"p1\" style=\"text-align: center;\"><span style=\"color: #0000ff;\"><b>Respire mejor cada d\u00eda con <\/b><b style=\"font-size: 28px; text-align: center;\">Concentrador de ox\u00edgeno dom\u00e9stico con nebulizador y certificado CE<\/b><\/span><\/h1>\n<h2 style=\"text-align: center;\"><span style=\"color: #3366ff;\"><b>Flujo de pulsos ajustable 1-8L o 2-9L, 93% de alta pureza, nebulizador incorporado y control t\u00e1ctil inteligente <\/b><b>para mantenerte sano todos los d\u00edas<\/b><\/span><\/h2>\n<h2 style=\"text-align: center;\"><img fetchpriority=\"high\" decoding=\"async\" class=\"aligncenter size-large wp-image-38150\" src=\"https:\/\/broxtal.com\/wp-content\/uploads\/2025\/09\/3-2-800x800.webp\" alt=\"\" width=\"800\" height=\"800\" srcset=\"https:\/\/broxtal.com\/wp-content\/uploads\/2025\/09\/3-2-800x800.webp 800w, https:\/\/broxtal.com\/wp-content\/uploads\/2025\/09\/3-2-300x300.webp 300w, https:\/\/broxtal.com\/wp-content\/uploads\/2025\/09\/3-2-150x150.webp 150w, https:\/\/broxtal.com\/wp-content\/uploads\/2025\/09\/3-2-768x768.webp 768w, https:\/\/broxtal.com\/wp-content\/uploads\/2025\/09\/3-2-1536x1536.webp 1536w, https:\/\/broxtal.com\/wp-content\/uploads\/2025\/09\/3-2-12x12.webp 12w, https:\/\/broxtal.com\/wp-content\/uploads\/2025\/09\/3-2-1200x1200.webp 1200w, https:\/\/broxtal.com\/wp-content\/uploads\/2025\/09\/3-2-60x60.webp 60w, https:\/\/broxtal.com\/wp-content\/uploads\/2025\/09\/3-2-110x110.webp 110w, https:\/\/broxtal.com\/wp-content\/uploads\/2025\/09\/3-2-600x600.webp 600w, https:\/\/broxtal.com\/wp-content\/uploads\/2025\/09\/3-2-32x32.webp 32w, https:\/\/broxtal.com\/wp-content\/uploads\/2025\/09\/3-2.webp 1600w\" sizes=\"(max-width: 800px) 100vw, 800px\" \/><\/h2>\n<h2 style=\"text-align: center;\"><span style=\"color: #000000;\"><b>Oxigenoterapia fiable para el hogar y los viajes<\/b><\/span><\/h2>\n<p class=\"p3\" style=\"text-align: center;\"><span style=\"color: #000000;\">En<span class=\"s2\"><b>\u00a0Concentrador de ox\u00edgeno dom\u00e9stico con nebulizador<\/b><\/span> (<strong>1-8L o <\/strong><span class=\"s2\"><b>2-9L) <\/b><\/span>proporciona hasta <span class=\"s2\"><b>93% \u00b13% pureza del ox\u00edgeno<\/b><\/span> con caudales ajustables para satisfacer diferentes necesidades. Su nebulizador incorporado, el sistema de filtraci\u00f3n de 8 etapas y el dise\u00f1o inteligente de la pantalla t\u00e1ctil lo hacen ideal para el uso diario en casa o de viaje.<\/span><\/p>\n<p class=\"p1\" style=\"text-align: center;\"><img decoding=\"async\" class=\"aligncenter size-large wp-image-38148\" src=\"https:\/\/broxtal.com\/wp-content\/uploads\/2025\/09\/1-2-800x800.webp\" alt=\"\" width=\"800\" height=\"800\" srcset=\"https:\/\/broxtal.com\/wp-content\/uploads\/2025\/09\/1-2-800x800.webp 800w, https:\/\/broxtal.com\/wp-content\/uploads\/2025\/09\/1-2-300x300.webp 300w, https:\/\/broxtal.com\/wp-content\/uploads\/2025\/09\/1-2-150x150.webp 150w, https:\/\/broxtal.com\/wp-content\/uploads\/2025\/09\/1-2-768x768.webp 768w, https:\/\/broxtal.com\/wp-content\/uploads\/2025\/09\/1-2-1536x1536.webp 1536w, https:\/\/broxtal.com\/wp-content\/uploads\/2025\/09\/1-2-12x12.webp 12w, https:\/\/broxtal.com\/wp-content\/uploads\/2025\/09\/1-2-1200x1200.webp 1200w, https:\/\/broxtal.com\/wp-content\/uploads\/2025\/09\/1-2-60x60.webp 60w, https:\/\/broxtal.com\/wp-content\/uploads\/2025\/09\/1-2-110x110.webp 110w, https:\/\/broxtal.com\/wp-content\/uploads\/2025\/09\/1-2-600x600.webp 600w, https:\/\/broxtal.com\/wp-content\/uploads\/2025\/09\/1-2-32x32.webp 32w, https:\/\/broxtal.com\/wp-content\/uploads\/2025\/09\/1-2.webp 1600w\" sizes=\"(max-width: 800px) 100vw, 800px\" \/><\/p>\n<h2 style=\"text-align: center;\"><span style=\"color: #000000;\"><b>\u00bfPor qu\u00e9 elegir este concentrador de ox\u00edgeno?<\/b><\/span><\/h2>\n<p class=\"p1\" style=\"text-align: center;\"><span style=\"color: #000000;\">\ud83c\udf2c\ufe0f <span class=\"s1\"><b>Caudal ajustable:<\/b><\/span> 1-8L \/ 2-9L para una terapia personalizada<\/span><\/p>\n<p class=\"p1\" style=\"text-align: center;\"><span style=\"color: #000000;\">\ud83d\udca8 <span class=\"s1\"><b>Ox\u00edgeno de gran pureza:<\/b><\/span> Concentraci\u00f3n constante de 93% \u00b13%<\/span><\/p>\n<p class=\"p1\" style=\"text-align: center;\"><span style=\"color: #000000;\">\ud83d\udca7 <span class=\"s1\"><b>Funci\u00f3n de nebulizador:<\/b><\/span> Apoya los tratamientos respiratorios<\/span><\/p>\n<p class=\"p1\" style=\"text-align: center;\"><span style=\"color: #000000;\">\ud83e\uddfc <span class=\"s1\"><b>8 Sistemas de filtraci\u00f3n:<\/b><\/span> Garantiza un ox\u00edgeno limpio y seguro<\/span><\/p>\n<p class=\"p1\" style=\"text-align: center;\"><span style=\"color: #000000;\">\ud83d\udd07 <span class=\"s1\"><b>Funcionamiento silencioso:<\/b><\/span> Compresor de precisi\u00f3n de bajo nivel sonoro<\/span><\/p>\n<p class=\"p1\" style=\"text-align: center;\"><span style=\"color: #000000;\">\ud83d\udcf1 <span class=\"s1\"><b>Pantalla t\u00e1ctil inteligente:<\/b><\/span> Control con un bot\u00f3n + mando a distancia<\/span><\/p>\n<p class=\"p1\" style=\"text-align: center;\"><span style=\"color: #000000;\">\ud83d\udde3\ufe0f <span class=\"s1\"><b>Transmisi\u00f3n de voz:<\/b><\/span> F\u00e1cil de usar para personas mayores y pacientes<\/span><\/p>\n<p style=\"text-align: center;\"><img decoding=\"async\" class=\"aligncenter size-large wp-image-38149\" src=\"https:\/\/broxtal.com\/wp-content\/uploads\/2025\/09\/2-2-800x800.webp\" alt=\"\" width=\"800\" height=\"800\" srcset=\"https:\/\/broxtal.com\/wp-content\/uploads\/2025\/09\/2-2-800x800.webp 800w, https:\/\/broxtal.com\/wp-content\/uploads\/2025\/09\/2-2-300x300.webp 300w, https:\/\/broxtal.com\/wp-content\/uploads\/2025\/09\/2-2-150x150.webp 150w, https:\/\/broxtal.com\/wp-content\/uploads\/2025\/09\/2-2-768x768.webp 768w, https:\/\/broxtal.com\/wp-content\/uploads\/2025\/09\/2-2-1536x1536.webp 1536w, https:\/\/broxtal.com\/wp-content\/uploads\/2025\/09\/2-2-12x12.webp 12w, https:\/\/broxtal.com\/wp-content\/uploads\/2025\/09\/2-2-1200x1200.webp 1200w, https:\/\/broxtal.com\/wp-content\/uploads\/2025\/09\/2-2-60x60.webp 60w, https:\/\/broxtal.com\/wp-content\/uploads\/2025\/09\/2-2-110x110.webp 110w, https:\/\/broxtal.com\/wp-content\/uploads\/2025\/09\/2-2-600x600.webp 600w, https:\/\/broxtal.com\/wp-content\/uploads\/2025\/09\/2-2-32x32.webp 32w, https:\/\/broxtal.com\/wp-content\/uploads\/2025\/09\/2-2.webp 1600w\" sizes=\"(max-width: 800px) 100vw, 800px\" \/><\/p>\n<p class=\"p1\" style=\"text-align: center;\"><span style=\"color: #000000;\">En <span class=\"s1\"><b>Concentrador de ox\u00edgeno dom\u00e9stico con nebulizador<\/b><\/span> est\u00e1 dise\u00f1ado para la asistencia respiratoria diaria. Es adecuado para personas mayores, personas con necesidades respiratorias, estudiantes, profesionales y mujeres embarazadas, proporcionando comodidad, relajaci\u00f3n y un mejor bienestar en casa o de viaje.<\/span><\/p>\n<p><img loading=\"lazy\" decoding=\"async\" class=\"aligncenter size-large wp-image-38153\" src=\"https:\/\/broxtal.com\/wp-content\/uploads\/2025\/09\/5-2-800x800.webp\" alt=\"\" width=\"800\" height=\"800\" srcset=\"https:\/\/broxtal.com\/wp-content\/uploads\/2025\/09\/5-2-800x800.webp 800w, https:\/\/broxtal.com\/wp-content\/uploads\/2025\/09\/5-2-300x300.webp 300w, https:\/\/broxtal.com\/wp-content\/uploads\/2025\/09\/5-2-150x150.webp 150w, https:\/\/broxtal.com\/wp-content\/uploads\/2025\/09\/5-2-768x768.webp 768w, https:\/\/broxtal.com\/wp-content\/uploads\/2025\/09\/5-2-1536x1536.webp 1536w, https:\/\/broxtal.com\/wp-content\/uploads\/2025\/09\/5-2-12x12.webp 12w, https:\/\/broxtal.com\/wp-content\/uploads\/2025\/09\/5-2-1200x1200.webp 1200w, https:\/\/broxtal.com\/wp-content\/uploads\/2025\/09\/5-2-60x60.webp 60w, https:\/\/broxtal.com\/wp-content\/uploads\/2025\/09\/5-2-110x110.webp 110w, https:\/\/broxtal.com\/wp-content\/uploads\/2025\/09\/5-2-600x600.webp 600w, https:\/\/broxtal.com\/wp-content\/uploads\/2025\/09\/5-2-32x32.webp 32w, https:\/\/broxtal.com\/wp-content\/uploads\/2025\/09\/5-2.webp 1600w\" sizes=\"(max-width: 800px) 100vw, 800px\" \/><\/p>\n<h2 style=\"text-align: left;\"><span style=\"color: #000000;\"><b>Especificaciones<\/b><\/span><\/h2>\n<ul style=\"text-align: center;\">\n<li class=\"p1\" style=\"text-align: left;\"><span class=\"s1\"><b>Modelo<\/b><\/span>: ZY-01 \/ ZY-02<\/li>\n<li class=\"p1\" style=\"text-align: left;\"><span class=\"s1\"><b>Marca<\/b><\/span>: Ziqing<\/li>\n<li class=\"p1\" style=\"text-align: left;\"><span class=\"s1\"><b>Origen<\/b><\/span>: China<\/li>\n<li class=\"p1\" style=\"text-align: left;\"><span class=\"s1\"><b>Caudal de ox\u00edgeno<\/b><\/span>: 1-8L \/ 2-9L ajustable<\/li>\n<li class=\"p1\" style=\"text-align: left;\"><b>Concentraci\u00f3n de ox\u00edgeno<\/b><span class=\"s1\">: 93% \u00b1 3%<\/span><\/li>\n<li class=\"p1\" style=\"text-align: left;\"><span class=\"s1\"><b>Modo de alta concentraci\u00f3n<\/b><\/span>: 1-2L proporciona hasta 93% de pureza<\/li>\n<li class=\"p1\" style=\"text-align: left;\"><span class=\"s1\"><b>Tensi\u00f3n de alimentaci\u00f3n<\/b><\/span>: CA 110V \/ 220V<\/li>\n<li class=\"p1\" style=\"text-align: left;\"><b>Consumo de energ\u00eda<\/b><span class=\"s1\">: 160W<\/span><\/li>\n<li class=\"p1\" style=\"text-align: left;\"><span class=\"s1\"><b>Nivel de ruido<\/b><\/span>: Compresor de precisi\u00f3n silencioso<\/li>\n<li class=\"p1\" style=\"text-align: left;\"><span class=\"s1\"><b>Filtraci\u00f3n<\/b><\/span>Sistema de 8 capas para ox\u00edgeno limpio<\/li>\n<li class=\"p1\" style=\"text-align: left;\"><span class=\"s1\"><b>Peso<\/b><\/span>7-8 kg (paquete)<\/li>\n<li class=\"p1\" style=\"text-align: left;\"><b>Certificaci\u00f3n<\/b><span class=\"s1\">: Homologaci\u00f3n CE<\/span><\/li>\n<\/ul>\n<h2><\/h2>\n<h2><span style=\"color: #000000;\"><b>El paquete incluye<\/b><\/span><\/h2>\n<ul>\n<li><span style=\"color: #000000;\">1 \u00d7 Concentrador de ox\u00edgeno<\/span><\/li>\n<li><span style=\"color: #000000;\">1 \u00d7 Tubo nasal de ox\u00edgeno<\/span><\/li>\n<li><span style=\"color: #000000;\">2 \u00d7 M\u00e1scaras atomizadoras<\/span><\/li>\n<li><span style=\"color: #000000;\">1 \u00d7 Boquilla atomizadora<\/span><\/li>\n<li><span style=\"color: #000000;\">1 \u00d7 Vaso atomizador<\/span><\/li>\n<li><span style=\"color: #000000;\">2 \u00d7 Cuerda<\/span><\/li>\n<li><span style=\"color: #000000;\">1 \u00d7 Cable de alimentaci\u00f3n (enchufe US\/EU\/AU\/UK)<\/span><\/li>\n<li><span style=\"color: #000000;\">1 \u00d7 Mando a distancia<\/span><\/li>\n<li><span style=\"color: #000000;\">1 \u00d7 Manual del usuario<\/span><\/li>\n<\/ul>\n<p style=\"text-align: center;\"><img loading=\"lazy\" decoding=\"async\" class=\"aligncenter size-large wp-image-38151\" src=\"https:\/\/broxtal.com\/wp-content\/uploads\/2025\/09\/4-2-800x800.webp\" alt=\"\" width=\"800\" height=\"800\" srcset=\"https:\/\/broxtal.com\/wp-content\/uploads\/2025\/09\/4-2-800x800.webp 800w, https:\/\/broxtal.com\/wp-content\/uploads\/2025\/09\/4-2-300x300.webp 300w, https:\/\/broxtal.com\/wp-content\/uploads\/2025\/09\/4-2-150x150.webp 150w, https:\/\/broxtal.com\/wp-content\/uploads\/2025\/09\/4-2-768x768.webp 768w, https:\/\/broxtal.com\/wp-content\/uploads\/2025\/09\/4-2-1536x1536.webp 1536w, https:\/\/broxtal.com\/wp-content\/uploads\/2025\/09\/4-2-12x12.webp 12w, https:\/\/broxtal.com\/wp-content\/uploads\/2025\/09\/4-2-1200x1200.webp 1200w, https:\/\/broxtal.com\/wp-content\/uploads\/2025\/09\/4-2-60x60.webp 60w, https:\/\/broxtal.com\/wp-content\/uploads\/2025\/09\/4-2-110x110.webp 110w, https:\/\/broxtal.com\/wp-content\/uploads\/2025\/09\/4-2-600x600.webp 600w, https:\/\/broxtal.com\/wp-content\/uploads\/2025\/09\/4-2-32x32.webp 32w, https:\/\/broxtal.com\/wp-content\/uploads\/2025\/09\/4-2-64x64.webp 64w, https:\/\/broxtal.com\/wp-content\/uploads\/2025\/09\/4-2.webp 1600w\" sizes=\"(max-width: 800px) 100vw, 800px\" \/><\/p>\n<p>&nbsp;<\/p>\n<p style=\"text-align: center;\"><img loading=\"lazy\" decoding=\"async\" class=\"aligncenter size-large wp-image-38155\" src=\"https:\/\/broxtal.com\/wp-content\/uploads\/2025\/09\/6-2-800x800.webp\" alt=\"\" width=\"800\" height=\"800\" srcset=\"https:\/\/broxtal.com\/wp-content\/uploads\/2025\/09\/6-2-800x800.webp 800w, https:\/\/broxtal.com\/wp-content\/uploads\/2025\/09\/6-2-300x300.webp 300w, https:\/\/broxtal.com\/wp-content\/uploads\/2025\/09\/6-2-150x150.webp 150w, https:\/\/broxtal.com\/wp-content\/uploads\/2025\/09\/6-2-768x768.webp 768w, https:\/\/broxtal.com\/wp-content\/uploads\/2025\/09\/6-2-1536x1536.webp 1536w, https:\/\/broxtal.com\/wp-content\/uploads\/2025\/09\/6-2-12x12.webp 12w, https:\/\/broxtal.com\/wp-content\/uploads\/2025\/09\/6-2-1200x1200.webp 1200w, https:\/\/broxtal.com\/wp-content\/uploads\/2025\/09\/6-2-60x60.webp 60w, https:\/\/broxtal.com\/wp-content\/uploads\/2025\/09\/6-2-110x110.webp 110w, https:\/\/broxtal.com\/wp-content\/uploads\/2025\/09\/6-2-600x600.webp 600w, https:\/\/broxtal.com\/wp-content\/uploads\/2025\/09\/6-2-32x32.webp 32w, https:\/\/broxtal.com\/wp-content\/uploads\/2025\/09\/6-2-64x64.webp 64w, https:\/\/broxtal.com\/wp-content\/uploads\/2025\/09\/6-2.webp 1600w\" sizes=\"(max-width: 800px) 100vw, 800px\" \/><\/p>\n<p style=\"text-align: center;\"><img loading=\"lazy\" decoding=\"async\" class=\"aligncenter size-large wp-image-38154\" src=\"https:\/\/broxtal.com\/wp-content\/uploads\/2025\/09\/5-800x800.webp\" alt=\"\" width=\"800\" height=\"800\" srcset=\"https:\/\/broxtal.com\/wp-content\/uploads\/2025\/09\/5-800x800.webp 800w, https:\/\/broxtal.com\/wp-content\/uploads\/2025\/09\/5-300x300.webp 300w, https:\/\/broxtal.com\/wp-content\/uploads\/2025\/09\/5-150x150.webp 150w, https:\/\/broxtal.com\/wp-content\/uploads\/2025\/09\/5-768x768.webp 768w, https:\/\/broxtal.com\/wp-content\/uploads\/2025\/09\/5-1536x1536.webp 1536w, https:\/\/broxtal.com\/wp-content\/uploads\/2025\/09\/5-12x12.webp 12w, https:\/\/broxtal.com\/wp-content\/uploads\/2025\/09\/5-1200x1200.webp 1200w, https:\/\/broxtal.com\/wp-content\/uploads\/2025\/09\/5-60x60.webp 60w, https:\/\/broxtal.com\/wp-content\/uploads\/2025\/09\/5-110x110.webp 110w, https:\/\/broxtal.com\/wp-content\/uploads\/2025\/09\/5-600x600.webp 600w, https:\/\/broxtal.com\/wp-content\/uploads\/2025\/09\/5-32x32.webp 32w, https:\/\/broxtal.com\/wp-content\/uploads\/2025\/09\/5.webp 1600w\" sizes=\"(max-width: 800px) 100vw, 800px\" \/><img loading=\"lazy\" decoding=\"async\" class=\"aligncenter size-large wp-image-38158\" src=\"https:\/\/broxtal.com\/wp-content\/uploads\/2025\/09\/2-1-800x800.webp\" alt=\"\" width=\"800\" height=\"800\" srcset=\"https:\/\/broxtal.com\/wp-content\/uploads\/2025\/09\/2-1-800x800.webp 800w, https:\/\/broxtal.com\/wp-content\/uploads\/2025\/09\/2-1-300x300.webp 300w, https:\/\/broxtal.com\/wp-content\/uploads\/2025\/09\/2-1-150x150.webp 150w, https:\/\/broxtal.com\/wp-content\/uploads\/2025\/09\/2-1-768x768.webp 768w, https:\/\/broxtal.com\/wp-content\/uploads\/2025\/09\/2-1-12x12.webp 12w, https:\/\/broxtal.com\/wp-content\/uploads\/2025\/09\/2-1-60x60.webp 60w, https:\/\/broxtal.com\/wp-content\/uploads\/2025\/09\/2-1-110x110.webp 110w, https:\/\/broxtal.com\/wp-content\/uploads\/2025\/09\/2-1-600x600.webp 600w, https:\/\/broxtal.com\/wp-content\/uploads\/2025\/09\/2-1-32x32.webp 32w, https:\/\/broxtal.com\/wp-content\/uploads\/2025\/09\/2-1.webp 1080w\" sizes=\"(max-width: 800px) 100vw, 800px\" \/> <img loading=\"lazy\" decoding=\"async\" class=\"aligncenter size-large wp-image-38152\" src=\"https:\/\/broxtal.com\/wp-content\/uploads\/2025\/09\/4-800x800.webp\" alt=\"\" width=\"800\" height=\"800\" srcset=\"https:\/\/broxtal.com\/wp-content\/uploads\/2025\/09\/4-800x800.webp 800w, https:\/\/broxtal.com\/wp-content\/uploads\/2025\/09\/4-300x300.webp 300w, https:\/\/broxtal.com\/wp-content\/uploads\/2025\/09\/4-150x150.webp 150w, https:\/\/broxtal.com\/wp-content\/uploads\/2025\/09\/4-768x768.webp 768w, https:\/\/broxtal.com\/wp-content\/uploads\/2025\/09\/4-1536x1536.webp 1536w, https:\/\/broxtal.com\/wp-content\/uploads\/2025\/09\/4-12x12.webp 12w, https:\/\/broxtal.com\/wp-content\/uploads\/2025\/09\/4-1200x1200.webp 1200w, https:\/\/broxtal.com\/wp-content\/uploads\/2025\/09\/4-60x60.webp 60w, https:\/\/broxtal.com\/wp-content\/uploads\/2025\/09\/4-110x110.webp 110w, https:\/\/broxtal.com\/wp-content\/uploads\/2025\/09\/4-600x600.webp 600w, https:\/\/broxtal.com\/wp-content\/uploads\/2025\/09\/4-32x32.webp 32w, https:\/\/broxtal.com\/wp-content\/uploads\/2025\/09\/4-64x64.webp 64w, https:\/\/broxtal.com\/wp-content\/uploads\/2025\/09\/4.webp 1600w\" sizes=\"(max-width: 800px) 100vw, 800px\" \/><\/p>","protected":false},"excerpt":{"rendered":"<p class=\"p1\"><span style=\"color: #000000;\"><span class=\"s1\">\ud83c\udf2c\ufe0f <strong>1-8L o <\/strong><\/span><strong>Caudal 2-9L, pureza 93%<\/strong><b><\/b><\/span><\/p>\n<p class=\"p1\"><span style=\"color: #000000;\"><span class=\"s1\">\ud83d\udd07 <\/span><b>Silencioso y fiable<\/b><b><\/b><\/span><\/p>\n<p class=\"p1\"><span style=\"color: #000000;\"><span class=\"s1\">\ud83d\udca1 <\/span><b>Control con una sola pulsaci\u00f3n<\/b><b><\/b><\/span><\/p>\n<p class=\"p1\"><span style=\"color: #000000;\"><span class=\"s1\">\u2705 <\/span><b>Sin receta<\/b><\/span><\/p>\n<p>&nbsp;<\/p>\n<p>&nbsp;<\/p>","protected":false},"featured_media":38159,"comment_status":"open","ping_status":"closed","template":"","meta":[],"product_brand":[],"product_cat":[286,1819,1761,1820,1719],"product_tag":[],"class_list":{"0":"post-38144","1":"product","2":"type-product","3":"status-publish","4":"has-post-thumbnail","6":"product_cat-health-wellness","7":"product_cat-home-oxygen-machine","8":"product_cat-oxygen-concentrators","9":"product_cat-pulse-flow","10":"product_cat-respiratory-care-oxygen-therapy","12":"first","13":"instock","14":"sale","15":"shipping-taxable","16":"purchasable","17":"product-type-variable"},"_links":{"self":[{"href":"https:\/\/broxtal.com\/es\/wp-json\/wp\/v2\/product\/38144","targetHints":{"allow":["GET"]}}],"collection":[{"href":"https:\/\/broxtal.com\/es\/wp-json\/wp\/v2\/product"}],"about":[{"href":"https:\/\/broxtal.com\/es\/wp-json\/wp\/v2\/types\/product"}],"replies":[{"embeddable":true,"href":"https:\/\/broxtal.com\/es\/wp-json\/wp\/v2\/comments?post=38144"}],"version-history":[{"count":6,"href":"https:\/\/broxtal.com\/es\/wp-json\/wp\/v2\/product\/38144\/revisions"}],"predecessor-version":[{"id":38167,"href":"https:\/\/broxtal.com\/es\/wp-json\/wp\/v2\/product\/38144\/revisions\/38167"}],"wp:featuredmedia":[{"embeddable":true,"href":"https:\/\/broxtal.com\/es\/wp-json\/wp\/v2\/media\/38159"}],"wp:attachment":[{"href":"https:\/\/broxtal.com\/es\/wp-json\/wp\/v2\/media?parent=38144"}],"wp:term":[{"taxonomy":"product_brand","embeddable":true,"href":"https:\/\/broxtal.com\/es\/wp-json\/wp\/v2\/product_brand?post=38144"},{"taxonomy":"product_cat","embeddable":true,"href":"https:\/\/broxtal.com\/es\/wp-json\/wp\/v2\/product_cat?post=38144"},{"taxonomy":"product_tag","embeddable":true,"href":"https:\/\/broxtal.com\/es\/wp-json\/wp\/v2\/product_tag?post=38144"}],"curies":[{"name":"wp","href":"https:\/\/api.w.org\/{rel}","templated":true}]}}