{"id":38224,"date":"2025-09-08T15:14:22","date_gmt":"2025-09-08T14:14:22","guid":{"rendered":"https:\/\/broxtal.com\/?post_type=product&#038;p=38224"},"modified":"2026-03-02T05:57:12","modified_gmt":"2026-03-02T05:57:12","slug":"7l-portable-oxygen-generating-machine-jeamed","status":"publish","type":"product","link":"https:\/\/broxtal.com\/es\/producto\/7l-portable-oxygen-generating-machine-jeamed\/","title":{"rendered":"M\u00e1quina Generadora de Ox\u00edgeno Port\u00e1til 7L - Jeamed P37A"},"content":{"rendered":"<h1 style=\"text-align: center;\"><span style=\"color: #0000ff;\"><b>M\u00e1quina port\u00e1til generadora de ox\u00edgeno 7L - Soporte de ox\u00edgeno para viajes y el hogar<\/b><\/span><\/h1>\n<h2 style=\"text-align: center;\"><span style=\"color: #3366ff;\"><b>+93% Ox\u00edgeno de alta pureza, modos de flujo dual ajustable pulso\/continuo en s\u00f3lo 2,5Kg\u00a0<\/b><\/span><\/h2>\n<p><img fetchpriority=\"high\" decoding=\"async\" class=\"aligncenter wp-image-38229 size-full\" src=\"https:\/\/broxtal.com\/wp-content\/uploads\/2025\/09\/5-4.webp\" alt=\"\" width=\"790\" height=\"1011\" srcset=\"https:\/\/broxtal.com\/wp-content\/uploads\/2025\/09\/5-4.webp 790w, https:\/\/broxtal.com\/wp-content\/uploads\/2025\/09\/5-4-234x300.webp 234w, https:\/\/broxtal.com\/wp-content\/uploads\/2025\/09\/5-4-625x800.webp 625w, https:\/\/broxtal.com\/wp-content\/uploads\/2025\/09\/5-4-768x983.webp 768w, https:\/\/broxtal.com\/wp-content\/uploads\/2025\/09\/5-4-9x12.webp 9w, https:\/\/broxtal.com\/wp-content\/uploads\/2025\/09\/5-4-60x77.webp 60w, https:\/\/broxtal.com\/wp-content\/uploads\/2025\/09\/5-4-110x141.webp 110w, https:\/\/broxtal.com\/wp-content\/uploads\/2025\/09\/5-4-600x768.webp 600w, https:\/\/broxtal.com\/wp-content\/uploads\/2025\/09\/5-4-150x192.webp 150w\" sizes=\"(max-width: 790px) 100vw, 790px\" \/><\/p>\n<p class=\"p3\"><span style=\"color: #000000;\">En <span class=\"s2\"><b>M\u00e1quina port\u00e1til de generaci\u00f3n de ox\u00edgeno 7L<\/b><\/span> proporciona hasta 93% de pureza de ox\u00edgeno con niveles de flujo ajustables de 1 a 7. Fabricado con tamices moleculares de grado m\u00e9dico y un compresor sin aceite de alto rendimiento, garantiza una oxigenoterapia estable y eficaz. Su dise\u00f1o compacto de 2,5 kg y su mochila port\u00e1til facilitan su transporte para viajes, actividades al aire libre o uso dom\u00e9stico. Los modos duales (pulso y continuo) se adaptan a sus necesidades respiratorias, mientras que la bater\u00eda desmontable permite una carga flexible.<\/span><\/p>\n<h3><img decoding=\"async\" class=\"aligncenter wp-image-38228 size-full\" src=\"https:\/\/broxtal.com\/wp-content\/uploads\/2025\/09\/4-4.webp\" alt=\"\" width=\"790\" height=\"1056\" srcset=\"https:\/\/broxtal.com\/wp-content\/uploads\/2025\/09\/4-4.webp 790w, https:\/\/broxtal.com\/wp-content\/uploads\/2025\/09\/4-4-224x300.webp 224w, https:\/\/broxtal.com\/wp-content\/uploads\/2025\/09\/4-4-598x800.webp 598w, https:\/\/broxtal.com\/wp-content\/uploads\/2025\/09\/4-4-768x1027.webp 768w, https:\/\/broxtal.com\/wp-content\/uploads\/2025\/09\/4-4-9x12.webp 9w, https:\/\/broxtal.com\/wp-content\/uploads\/2025\/09\/4-4-60x80.webp 60w, https:\/\/broxtal.com\/wp-content\/uploads\/2025\/09\/4-4-110x147.webp 110w, https:\/\/broxtal.com\/wp-content\/uploads\/2025\/09\/4-4-600x802.webp 600w, https:\/\/broxtal.com\/wp-content\/uploads\/2025\/09\/4-4-150x201.webp 150w\" sizes=\"(max-width: 790px) 100vw, 790px\" \/><\/h3>\n<h3><span style=\"color: #000000;\"><b>Caracter\u00edsticas principales<\/b><\/span><\/h3>\n<ul>\n<li class=\"p1\"><span style=\"color: #000000;\">Caudal regulable: 1-7L\/min con pureza 93%<\/span><\/li>\n<li class=\"p1\"><span style=\"color: #000000;\">Modo dual: Suministro de ox\u00edgeno continuo y por pulsos<\/span><\/li>\n<li class=\"p1\"><span style=\"color: #000000;\">Visualizaci\u00f3n de la concentraci\u00f3n de ox\u00edgeno en tiempo real<\/span><\/li>\n<li class=\"p1\"><span style=\"color: #000000;\">Filtraci\u00f3n de diez capas para un ox\u00edgeno limpio<\/span><\/li>\n<li class=\"p1\"><span style=\"color: #000000;\">Nivel de ruido \u226440 dB para un funcionamiento silencioso<\/span><\/li>\n<li class=\"p1\"><span style=\"color: #000000;\">Compacto: 2,5 kg, mochila incluida<\/span><\/li>\n<li class=\"p1\"><span style=\"color: #000000;\">Bater\u00eda extra\u00edble con adaptador de carga<\/span><\/li>\n<li class=\"p1\"><span style=\"color: #000000;\">Funciona a altitudes de hasta 4000 m<\/span><\/li>\n<li class=\"p1\"><span style=\"color: #000000;\">Alarmas de seguridad autom\u00e1ticas<\/span><\/li>\n<\/ul>\n<p><img decoding=\"async\" class=\"aligncenter wp-image-38227 size-full\" src=\"https:\/\/broxtal.com\/wp-content\/uploads\/2025\/09\/3-4.webp\" alt=\"\" width=\"790\" height=\"983\" srcset=\"https:\/\/broxtal.com\/wp-content\/uploads\/2025\/09\/3-4.webp 790w, https:\/\/broxtal.com\/wp-content\/uploads\/2025\/09\/3-4-241x300.webp 241w, https:\/\/broxtal.com\/wp-content\/uploads\/2025\/09\/3-4-643x800.webp 643w, https:\/\/broxtal.com\/wp-content\/uploads\/2025\/09\/3-4-768x956.webp 768w, https:\/\/broxtal.com\/wp-content\/uploads\/2025\/09\/3-4-10x12.webp 10w, https:\/\/broxtal.com\/wp-content\/uploads\/2025\/09\/3-4-60x75.webp 60w, https:\/\/broxtal.com\/wp-content\/uploads\/2025\/09\/3-4-110x137.webp 110w, https:\/\/broxtal.com\/wp-content\/uploads\/2025\/09\/3-4-600x747.webp 600w, https:\/\/broxtal.com\/wp-content\/uploads\/2025\/09\/3-4-150x187.webp 150w\" sizes=\"(max-width: 790px) 100vw, 790px\" \/><\/p>\n<h3><span style=\"color: #000000;\"><b>Especificaciones<\/b><\/span><\/h3>\n<ul>\n<li class=\"p1\"><span style=\"color: #000000;\"><span class=\"s1\"><b>Modelo<\/b><\/span>: JY-P37A<\/span><\/li>\n<li class=\"p1\"><span style=\"color: #000000;\"><span class=\"s1\"><b>Marca<\/b><\/span>: Jeamed<\/span><\/li>\n<li class=\"p1\"><span style=\"color: #000000;\"><span class=\"s1\"><b>Caudal<\/b><\/span>: 1-7L\/min\u00a0<\/span><\/li>\n<li><strong>Modos de flujo: <\/strong><span style=\"color: #000000;\">Modos continuo\/impulso<\/span><\/li>\n<li class=\"p1\"><span style=\"color: #000000;\"><b>Concentraci\u00f3n de ox\u00edgeno<\/b><span class=\"s1\">: \u226590% (hasta 93%)<\/span><\/span><\/li>\n<li class=\"p1\"><span style=\"color: #000000;\"><span class=\"s1\"><b>Peso<\/b><\/span>2,5 kg<\/span><\/li>\n<li class=\"p1\"><span style=\"color: #000000;\"><span class=\"s1\"><b>Nivel de ruido<\/b><\/span>: \u226440 dB(A)<\/span><\/li>\n<li class=\"p1\"><span style=\"color: #000000;\"><span class=\"s1\"><b>Potencia<\/b><\/span>: CA 110V\/220V, 50-60Hz<\/span><\/li>\n<li class=\"p1\"><span style=\"color: #000000;\"><span class=\"s1\"><b>Dimensiones<\/b><\/span>: 188 \u00d7 83 \u00d7 220 mm<\/span><\/li>\n<li class=\"p1\"><span style=\"color: #000000;\"><span class=\"s1\"><b>Bater\u00eda<\/b><\/span>: Desmontable, recargable<\/span><\/li>\n<li class=\"p1\"><span style=\"color: #000000;\"><b>Garant\u00eda<\/b><span class=\"s1\">: 1 a\u00f1o<\/span><\/span><\/li>\n<\/ul>\n<p><img loading=\"lazy\" decoding=\"async\" class=\"aligncenter wp-image-38230 size-full\" src=\"https:\/\/broxtal.com\/wp-content\/uploads\/2025\/09\/6-4.webp\" alt=\"\" width=\"790\" height=\"1012\" srcset=\"https:\/\/broxtal.com\/wp-content\/uploads\/2025\/09\/6-4.webp 790w, https:\/\/broxtal.com\/wp-content\/uploads\/2025\/09\/6-4-234x300.webp 234w, https:\/\/broxtal.com\/wp-content\/uploads\/2025\/09\/6-4-625x800.webp 625w, https:\/\/broxtal.com\/wp-content\/uploads\/2025\/09\/6-4-768x984.webp 768w, https:\/\/broxtal.com\/wp-content\/uploads\/2025\/09\/6-4-9x12.webp 9w, https:\/\/broxtal.com\/wp-content\/uploads\/2025\/09\/6-4-60x77.webp 60w, https:\/\/broxtal.com\/wp-content\/uploads\/2025\/09\/6-4-110x141.webp 110w, https:\/\/broxtal.com\/wp-content\/uploads\/2025\/09\/6-4-600x769.webp 600w, https:\/\/broxtal.com\/wp-content\/uploads\/2025\/09\/6-4-150x192.webp 150w\" sizes=\"(max-width: 790px) 100vw, 790px\" \/><\/p>\n<h3><span style=\"color: #000000;\"><b>Contenido del paquete<\/b><\/span><\/h3>\n<ul>\n<li class=\"p1\"><span style=\"color: #000000;\">1 \u00d7 Unidad principal del concentrador de ox\u00edgeno<\/span><\/li>\n<li class=\"p1\"><span style=\"color: #000000;\">1 \u00d7 Bater\u00eda extra\u00edble<\/span><\/li>\n<li class=\"p1\"><span style=\"color: #000000;\">1 \u00d7 Mochila port\u00e1til (con dos correas)<\/span><\/li>\n<li class=\"p1\"><span style=\"color: #000000;\">1 \u00d7 Adaptador de corriente<\/span><\/li>\n<li class=\"p1\"><span style=\"color: #000000;\">1 \u00d7 Cable de carga para coche<\/span><\/li>\n<li class=\"p1\"><span style=\"color: #000000;\">1 \u00d7 Tubo de ox\u00edgeno<\/span><\/li>\n<li class=\"p1\"><span style=\"color: #000000;\">1 \u00d7 Certificado de conformidad<\/span><\/li>\n<li class=\"p1\"><span style=\"color: #000000;\">1 \u00d7 Manual del usuario<\/span><\/li>\n<\/ul>\n<p><img loading=\"lazy\" decoding=\"async\" class=\"aligncenter wp-image-38225 size-full\" src=\"https:\/\/broxtal.com\/wp-content\/uploads\/2025\/09\/1-5.webp\" alt=\"\" width=\"790\" height=\"1202\" srcset=\"https:\/\/broxtal.com\/wp-content\/uploads\/2025\/09\/1-5.webp 790w, https:\/\/broxtal.com\/wp-content\/uploads\/2025\/09\/1-5-197x300.webp 197w, https:\/\/broxtal.com\/wp-content\/uploads\/2025\/09\/1-5-526x800.webp 526w, https:\/\/broxtal.com\/wp-content\/uploads\/2025\/09\/1-5-768x1169.webp 768w, https:\/\/broxtal.com\/wp-content\/uploads\/2025\/09\/1-5-8x12.webp 8w, https:\/\/broxtal.com\/wp-content\/uploads\/2025\/09\/1-5-60x91.webp 60w, https:\/\/broxtal.com\/wp-content\/uploads\/2025\/09\/1-5-110x167.webp 110w, https:\/\/broxtal.com\/wp-content\/uploads\/2025\/09\/1-5-600x913.webp 600w, https:\/\/broxtal.com\/wp-content\/uploads\/2025\/09\/1-5-150x228.webp 150w\" sizes=\"(max-width: 790px) 100vw, 790px\" \/><img loading=\"lazy\" decoding=\"async\" class=\"aligncenter wp-image-38234 size-full\" src=\"https:\/\/broxtal.com\/wp-content\/uploads\/2025\/09\/11.webp\" alt=\"\" width=\"790\" height=\"988\" srcset=\"https:\/\/broxtal.com\/wp-content\/uploads\/2025\/09\/11.webp 790w, https:\/\/broxtal.com\/wp-content\/uploads\/2025\/09\/11-240x300.webp 240w, https:\/\/broxtal.com\/wp-content\/uploads\/2025\/09\/11-640x800.webp 640w, https:\/\/broxtal.com\/wp-content\/uploads\/2025\/09\/11-768x960.webp 768w, https:\/\/broxtal.com\/wp-content\/uploads\/2025\/09\/11-10x12.webp 10w, https:\/\/broxtal.com\/wp-content\/uploads\/2025\/09\/11-60x75.webp 60w, https:\/\/broxtal.com\/wp-content\/uploads\/2025\/09\/11-110x138.webp 110w, https:\/\/broxtal.com\/wp-content\/uploads\/2025\/09\/11-600x750.webp 600w, https:\/\/broxtal.com\/wp-content\/uploads\/2025\/09\/11-150x188.webp 150w\" sizes=\"(max-width: 790px) 100vw, 790px\" \/><img loading=\"lazy\" decoding=\"async\" class=\"aligncenter wp-image-38226 size-full\" src=\"https:\/\/broxtal.com\/wp-content\/uploads\/2025\/09\/2-5.webp\" alt=\"\" width=\"790\" height=\"964\" srcset=\"https:\/\/broxtal.com\/wp-content\/uploads\/2025\/09\/2-5.webp 790w, https:\/\/broxtal.com\/wp-content\/uploads\/2025\/09\/2-5-246x300.webp 246w, https:\/\/broxtal.com\/wp-content\/uploads\/2025\/09\/2-5-656x800.webp 656w, https:\/\/broxtal.com\/wp-content\/uploads\/2025\/09\/2-5-768x937.webp 768w, https:\/\/broxtal.com\/wp-content\/uploads\/2025\/09\/2-5-10x12.webp 10w, https:\/\/broxtal.com\/wp-content\/uploads\/2025\/09\/2-5-60x73.webp 60w, https:\/\/broxtal.com\/wp-content\/uploads\/2025\/09\/2-5-110x134.webp 110w, https:\/\/broxtal.com\/wp-content\/uploads\/2025\/09\/2-5-600x732.webp 600w, https:\/\/broxtal.com\/wp-content\/uploads\/2025\/09\/2-5-150x183.webp 150w\" sizes=\"(max-width: 790px) 100vw, 790px\" \/> <img loading=\"lazy\" decoding=\"async\" class=\"aligncenter wp-image-38231 size-full\" src=\"https:\/\/broxtal.com\/wp-content\/uploads\/2025\/09\/7-2.webp\" alt=\"\" width=\"790\" height=\"860\" srcset=\"https:\/\/broxtal.com\/wp-content\/uploads\/2025\/09\/7-2.webp 790w, https:\/\/broxtal.com\/wp-content\/uploads\/2025\/09\/7-2-276x300.webp 276w, https:\/\/broxtal.com\/wp-content\/uploads\/2025\/09\/7-2-735x800.webp 735w, https:\/\/broxtal.com\/wp-content\/uploads\/2025\/09\/7-2-768x836.webp 768w, https:\/\/broxtal.com\/wp-content\/uploads\/2025\/09\/7-2-11x12.webp 11w, https:\/\/broxtal.com\/wp-content\/uploads\/2025\/09\/7-2-60x65.webp 60w, https:\/\/broxtal.com\/wp-content\/uploads\/2025\/09\/7-2-110x120.webp 110w, https:\/\/broxtal.com\/wp-content\/uploads\/2025\/09\/7-2-600x653.webp 600w, https:\/\/broxtal.com\/wp-content\/uploads\/2025\/09\/7-2-150x163.webp 150w\" sizes=\"(max-width: 790px) 100vw, 790px\" \/> <img loading=\"lazy\" decoding=\"async\" class=\"aligncenter wp-image-38232 size-full\" src=\"https:\/\/broxtal.com\/wp-content\/uploads\/2025\/09\/8-1.webp\" alt=\"\" width=\"790\" height=\"1056\" srcset=\"https:\/\/broxtal.com\/wp-content\/uploads\/2025\/09\/8-1.webp 790w, https:\/\/broxtal.com\/wp-content\/uploads\/2025\/09\/8-1-224x300.webp 224w, https:\/\/broxtal.com\/wp-content\/uploads\/2025\/09\/8-1-598x800.webp 598w, https:\/\/broxtal.com\/wp-content\/uploads\/2025\/09\/8-1-768x1027.webp 768w, https:\/\/broxtal.com\/wp-content\/uploads\/2025\/09\/8-1-9x12.webp 9w, https:\/\/broxtal.com\/wp-content\/uploads\/2025\/09\/8-1-60x80.webp 60w, https:\/\/broxtal.com\/wp-content\/uploads\/2025\/09\/8-1-110x147.webp 110w, https:\/\/broxtal.com\/wp-content\/uploads\/2025\/09\/8-1-600x802.webp 600w, https:\/\/broxtal.com\/wp-content\/uploads\/2025\/09\/8-1-150x201.webp 150w\" sizes=\"(max-width: 790px) 100vw, 790px\" \/> <img loading=\"lazy\" decoding=\"async\" class=\"aligncenter wp-image-38233 size-full\" src=\"https:\/\/broxtal.com\/wp-content\/uploads\/2025\/09\/10.webp\" alt=\"\" width=\"790\" height=\"1456\" srcset=\"https:\/\/broxtal.com\/wp-content\/uploads\/2025\/09\/10.webp 790w, https:\/\/broxtal.com\/wp-content\/uploads\/2025\/09\/10-163x300.webp 163w, https:\/\/broxtal.com\/wp-content\/uploads\/2025\/09\/10-434x800.webp 434w, https:\/\/broxtal.com\/wp-content\/uploads\/2025\/09\/10-768x1415.webp 768w, https:\/\/broxtal.com\/wp-content\/uploads\/2025\/09\/10-7x12.webp 7w, https:\/\/broxtal.com\/wp-content\/uploads\/2025\/09\/10-60x111.webp 60w, https:\/\/broxtal.com\/wp-content\/uploads\/2025\/09\/10-110x203.webp 110w, https:\/\/broxtal.com\/wp-content\/uploads\/2025\/09\/10-600x1106.webp 600w, https:\/\/broxtal.com\/wp-content\/uploads\/2025\/09\/10-150x276.webp 150w\" sizes=\"(max-width: 790px) 100vw, 790px\" \/><\/p>\n<p class=\"p3\">","protected":false},"excerpt":{"rendered":"<p class=\"p1\">\ud83c\udf2c\ufe0f Modos de flujo dual ajustables 1-7L\/m<\/p>\n<p class=\"p1\">\ud83e\uddf3 Peso ligero de 2,5 kg, mochila incluida para viajes.<\/p>\n<p class=\"p1\">\u2705 Tranquilo, seguro, no necesita receta.<\/p>\n<p>&nbsp;<\/p>","protected":false},"featured_media":38239,"comment_status":"open","ping_status":"closed","template":"","meta":[],"product_brand":[1950],"product_cat":[286,1821,1761,1818,1820,1719],"product_tag":[],"class_list":{"0":"post-38224","1":"product","2":"type-product","3":"status-publish","4":"has-post-thumbnail","6":"product_brand-jeamed","7":"product_cat-health-wellness","8":"product_cat-continuous-flow","9":"product_cat-oxygen-concentrators","10":"product_cat-portable-oxygen-machine","11":"product_cat-pulse-flow","12":"product_cat-respiratory-care-oxygen-therapy","14":"first","15":"instock","16":"shipping-taxable","17":"purchasable","18":"product-type-variable"},"_links":{"self":[{"href":"https:\/\/broxtal.com\/es\/wp-json\/wp\/v2\/product\/38224","targetHints":{"allow":["GET"]}}],"collection":[{"href":"https:\/\/broxtal.com\/es\/wp-json\/wp\/v2\/product"}],"about":[{"href":"https:\/\/broxtal.com\/es\/wp-json\/wp\/v2\/types\/product"}],"replies":[{"embeddable":true,"href":"https:\/\/broxtal.com\/es\/wp-json\/wp\/v2\/comments?post=38224"}],"version-history":[{"count":4,"href":"https:\/\/broxtal.com\/es\/wp-json\/wp\/v2\/product\/38224\/revisions"}],"predecessor-version":[{"id":38248,"href":"https:\/\/broxtal.com\/es\/wp-json\/wp\/v2\/product\/38224\/revisions\/38248"}],"wp:featuredmedia":[{"embeddable":true,"href":"https:\/\/broxtal.com\/es\/wp-json\/wp\/v2\/media\/38239"}],"wp:attachment":[{"href":"https:\/\/broxtal.com\/es\/wp-json\/wp\/v2\/media?parent=38224"}],"wp:term":[{"taxonomy":"product_brand","embeddable":true,"href":"https:\/\/broxtal.com\/es\/wp-json\/wp\/v2\/product_brand?post=38224"},{"taxonomy":"product_cat","embeddable":true,"href":"https:\/\/broxtal.com\/es\/wp-json\/wp\/v2\/product_cat?post=38224"},{"taxonomy":"product_tag","embeddable":true,"href":"https:\/\/broxtal.com\/es\/wp-json\/wp\/v2\/product_tag?post=38224"}],"curies":[{"name":"wp","href":"https:\/\/api.w.org\/{rel}","templated":true}]}}