{"id":38320,"date":"2025-09-16T11:29:35","date_gmt":"2025-09-16T10:29:35","guid":{"rendered":"https:\/\/broxtal.com\/?post_type=product&#038;p=38320"},"modified":"2025-10-13T10:53:40","modified_gmt":"2025-10-13T09:53:40","slug":"extra-battery-for-boeka-mini-oxygen-concentrator","status":"publish","type":"product","link":"https:\/\/broxtal.com\/es\/producto\/extra-battery-for-boeka-mini-oxygen-concentrator\/","title":{"rendered":"Bater\u00eda adicional para el mini concentrador de ox\u00edgeno Boeka\u2122."},"content":{"rendered":"<h3 style=\"text-align: center;\"><span style=\"color: #000000;\"><b>Mantenga la energ\u00eda donde importa<\/b><\/span><\/h3>\n<p class=\"p3\" style=\"text-align: center;\"><span style=\"color: #000000;\">No deje que un apag\u00f3n o la falta de una toma de corriente interrumpan su oxigenoterapia. Con nuestro <strong>5000mAh Bater\u00eda desmontable +3Hrs<\/strong> que se ha dise\u00f1ado espec\u00edficamente para el miniconcentrador de ox\u00edgeno Boeka, tendr\u00e1 tranquilidad dondequiera que vaya.<\/span><\/p>\n<p><img fetchpriority=\"high\" decoding=\"async\" class=\"aligncenter size-large wp-image-38323\" src=\"https:\/\/broxtal.com\/wp-content\/uploads\/2025\/09\/6-e1758018436559-1300x535.png\" alt=\"\" width=\"1300\" height=\"535\" srcset=\"https:\/\/broxtal.com\/wp-content\/uploads\/2025\/09\/6-e1758018436559-1300x535.png 1300w, https:\/\/broxtal.com\/wp-content\/uploads\/2025\/09\/6-e1758018436559-400x165.png 400w, https:\/\/broxtal.com\/wp-content\/uploads\/2025\/09\/6-e1758018436559-768x316.png 768w, https:\/\/broxtal.com\/wp-content\/uploads\/2025\/09\/6-e1758018436559-1536x632.png 1536w, https:\/\/broxtal.com\/wp-content\/uploads\/2025\/09\/6-e1758018436559-18x7.png 18w, https:\/\/broxtal.com\/wp-content\/uploads\/2025\/09\/6-e1758018436559-1200x494.png 1200w, https:\/\/broxtal.com\/wp-content\/uploads\/2025\/09\/6-e1758018436559-60x25.png 60w, https:\/\/broxtal.com\/wp-content\/uploads\/2025\/09\/6-e1758018436559-110x45.png 110w, https:\/\/broxtal.com\/wp-content\/uploads\/2025\/09\/6-e1758018436559-600x247.png 600w, https:\/\/broxtal.com\/wp-content\/uploads\/2025\/09\/6-e1758018436559-150x62.png 150w, https:\/\/broxtal.com\/wp-content\/uploads\/2025\/09\/6-e1758018436559.png 1920w\" sizes=\"(max-width: 1300px) 100vw, 1300px\" \/><\/p>\n<h3 style=\"text-align: center;\"><span style=\"color: #000000;\"><b>Compatibilidad<\/b><\/span><\/h3>\n<p class=\"p3\" style=\"text-align: center;\"><span style=\"color: #000000;\">Esta bater\u00eda es totalmente compatible con el mini concentrador de ox\u00edgeno Boeka. Se conecta a trav\u00e9s de la entrada de alimentaci\u00f3n del dispositivo sin ninguna modificaci\u00f3n.<\/span><\/p>\n<p><img decoding=\"async\" class=\"aligncenter size-large wp-image-36562\" src=\"https:\/\/broxtal.com\/wp-content\/uploads\/2025\/07\/mini-oxygen-concentrator-for-travel-8-800x800.webp\" alt=\"\" width=\"800\" height=\"800\" srcset=\"https:\/\/broxtal.com\/wp-content\/uploads\/2025\/07\/mini-oxygen-concentrator-for-travel-8-800x800.webp 800w, https:\/\/broxtal.com\/wp-content\/uploads\/2025\/07\/mini-oxygen-concentrator-for-travel-8-300x300.webp 300w, https:\/\/broxtal.com\/wp-content\/uploads\/2025\/07\/mini-oxygen-concentrator-for-travel-8-150x150.webp 150w, https:\/\/broxtal.com\/wp-content\/uploads\/2025\/07\/mini-oxygen-concentrator-for-travel-8-768x768.webp 768w, https:\/\/broxtal.com\/wp-content\/uploads\/2025\/07\/mini-oxygen-concentrator-for-travel-8-12x12.webp 12w, https:\/\/broxtal.com\/wp-content\/uploads\/2025\/07\/mini-oxygen-concentrator-for-travel-8-60x60.webp 60w, https:\/\/broxtal.com\/wp-content\/uploads\/2025\/07\/mini-oxygen-concentrator-for-travel-8-110x110.webp 110w, https:\/\/broxtal.com\/wp-content\/uploads\/2025\/07\/mini-oxygen-concentrator-for-travel-8-600x600.webp 600w, https:\/\/broxtal.com\/wp-content\/uploads\/2025\/07\/mini-oxygen-concentrator-for-travel-8-32x32.webp 32w, https:\/\/broxtal.com\/wp-content\/uploads\/2025\/07\/mini-oxygen-concentrator-for-travel-8-64x64.webp 64w, https:\/\/broxtal.com\/wp-content\/uploads\/2025\/07\/mini-oxygen-concentrator-for-travel-8.webp 1000w\" sizes=\"(max-width: 800px) 100vw, 800px\" \/><\/p>","protected":false},"excerpt":{"rendered":"<p>No deje que un apag\u00f3n o la falta de una toma de corriente interrumpan su oxigenoterapia. Con<\/p>","protected":false},"featured_media":38322,"comment_status":"open","ping_status":"closed","template":"","meta":[],"product_brand":[],"product_cat":[286,1763,1719],"product_tag":[],"class_list":{"0":"post-38320","1":"product","2":"type-product","3":"status-publish","4":"has-post-thumbnail","6":"product_cat-health-wellness","7":"product_cat-masks-accessories","8":"product_cat-respiratory-care-oxygen-therapy","10":"first","11":"instock","12":"sale","13":"shipping-taxable","14":"purchasable","15":"product-type-simple"},"_links":{"self":[{"href":"https:\/\/broxtal.com\/es\/wp-json\/wp\/v2\/product\/38320","targetHints":{"allow":["GET"]}}],"collection":[{"href":"https:\/\/broxtal.com\/es\/wp-json\/wp\/v2\/product"}],"about":[{"href":"https:\/\/broxtal.com\/es\/wp-json\/wp\/v2\/types\/product"}],"replies":[{"embeddable":true,"href":"https:\/\/broxtal.com\/es\/wp-json\/wp\/v2\/comments?post=38320"}],"version-history":[{"count":3,"href":"https:\/\/broxtal.com\/es\/wp-json\/wp\/v2\/product\/38320\/revisions"}],"predecessor-version":[{"id":38326,"href":"https:\/\/broxtal.com\/es\/wp-json\/wp\/v2\/product\/38320\/revisions\/38326"}],"wp:featuredmedia":[{"embeddable":true,"href":"https:\/\/broxtal.com\/es\/wp-json\/wp\/v2\/media\/38322"}],"wp:attachment":[{"href":"https:\/\/broxtal.com\/es\/wp-json\/wp\/v2\/media?parent=38320"}],"wp:term":[{"taxonomy":"product_brand","embeddable":true,"href":"https:\/\/broxtal.com\/es\/wp-json\/wp\/v2\/product_brand?post=38320"},{"taxonomy":"product_cat","embeddable":true,"href":"https:\/\/broxtal.com\/es\/wp-json\/wp\/v2\/product_cat?post=38320"},{"taxonomy":"product_tag","embeddable":true,"href":"https:\/\/broxtal.com\/es\/wp-json\/wp\/v2\/product_tag?post=38320"}],"curies":[{"name":"wp","href":"https:\/\/api.w.org\/{rel}","templated":true}]}}