{"id":38402,"date":"2025-09-29T15:54:21","date_gmt":"2025-09-29T14:54:21","guid":{"rendered":"https:\/\/broxtal.com\/?post_type=product&#038;p=38402"},"modified":"2025-10-28T12:59:24","modified_gmt":"2025-10-28T12:59:24","slug":"air-filters-for-smart-auto-bipap-machine","status":"publish","type":"product","link":"https:\/\/broxtal.com\/es\/producto\/air-filters-for-smart-auto-bipap-machine\/","title":{"rendered":"Filtros de aire para la m\u00e1quina Smart Auto BiPAP"},"content":{"rendered":"<h1 class=\"p1\" style=\"text-align: center;\">Filtros de aire de repuesto - Smart Auto BiPAP<\/h1>\n<h2 class=\"p1\" style=\"text-align: center;\">\u00a0Limpie y proteja su BiPAP con filtros nuevos<\/h2>\n<p class=\"p1\" style=\"text-align: center;\">Estos filtros de aire de repuesto est\u00e1n hechos para la m\u00e1quina Smart Auto BiPAP, ayudando a atrapar el polvo y las part\u00edculas para que respire un aire m\u00e1s limpio. Los cambios regulares de filtro mantienen su dispositivo funcionando de manera eficiente.<\/p>\n<p><img fetchpriority=\"high\" decoding=\"async\" class=\"aligncenter size-full wp-image-38392\" src=\"https:\/\/broxtal.com\/wp-content\/uploads\/2025\/09\/Air-Filters-1.jpeg\" alt=\"\" width=\"425\" height=\"341\" srcset=\"https:\/\/broxtal.com\/wp-content\/uploads\/2025\/09\/Air-Filters-1.jpeg 425w, https:\/\/broxtal.com\/wp-content\/uploads\/2025\/09\/Air-Filters-1-374x300.jpeg 374w, https:\/\/broxtal.com\/wp-content\/uploads\/2025\/09\/Air-Filters-1-15x12.jpeg 15w, https:\/\/broxtal.com\/wp-content\/uploads\/2025\/09\/Air-Filters-1-60x48.jpeg 60w, https:\/\/broxtal.com\/wp-content\/uploads\/2025\/09\/Air-Filters-1-110x88.jpeg 110w, https:\/\/broxtal.com\/wp-content\/uploads\/2025\/09\/Air-Filters-1-150x120.jpeg 150w\" sizes=\"(max-width: 425px) 100vw, 425px\" \/><img decoding=\"async\" class=\"aligncenter size-large wp-image-38397\" src=\"https:\/\/broxtal.com\/wp-content\/uploads\/2025\/09\/30V-DF-800x800.webp\" alt=\"\" width=\"800\" height=\"800\" srcset=\"https:\/\/broxtal.com\/wp-content\/uploads\/2025\/09\/30V-DF-800x800.webp 800w, https:\/\/broxtal.com\/wp-content\/uploads\/2025\/09\/30V-DF-300x300.webp 300w, https:\/\/broxtal.com\/wp-content\/uploads\/2025\/09\/30V-DF-150x150.webp 150w, https:\/\/broxtal.com\/wp-content\/uploads\/2025\/09\/30V-DF-768x768.webp 768w, https:\/\/broxtal.com\/wp-content\/uploads\/2025\/09\/30V-DF-12x12.webp 12w, https:\/\/broxtal.com\/wp-content\/uploads\/2025\/09\/30V-DF-60x60.webp 60w, https:\/\/broxtal.com\/wp-content\/uploads\/2025\/09\/30V-DF-110x110.webp 110w, https:\/\/broxtal.com\/wp-content\/uploads\/2025\/09\/30V-DF-600x600.webp 600w, https:\/\/broxtal.com\/wp-content\/uploads\/2025\/09\/30V-DF-32x32.webp 32w, https:\/\/broxtal.com\/wp-content\/uploads\/2025\/09\/30V-DF.webp 1080w\" sizes=\"(max-width: 800px) 100vw, 800px\" \/><\/p>","protected":false},"excerpt":{"rendered":"<p>Filtros de aire de repuesto - Smart Auto BiPAP Limpie y proteja su BiPAP con filtros nuevos Estos filtros de aire de repuesto son<\/p>","protected":false},"featured_media":38392,"comment_status":"open","ping_status":"closed","template":"","meta":[],"product_brand":[],"product_cat":[1719,1763],"product_tag":[],"class_list":{"0":"post-38402","1":"product","2":"type-product","3":"status-publish","4":"has-post-thumbnail","6":"product_cat-respiratory-care-oxygen-therapy","7":"product_cat-masks-accessories","9":"first","10":"instock","11":"shipping-taxable","12":"purchasable","13":"product-type-simple"},"_links":{"self":[{"href":"https:\/\/broxtal.com\/es\/wp-json\/wp\/v2\/product\/38402","targetHints":{"allow":["GET"]}}],"collection":[{"href":"https:\/\/broxtal.com\/es\/wp-json\/wp\/v2\/product"}],"about":[{"href":"https:\/\/broxtal.com\/es\/wp-json\/wp\/v2\/types\/product"}],"replies":[{"embeddable":true,"href":"https:\/\/broxtal.com\/es\/wp-json\/wp\/v2\/comments?post=38402"}],"version-history":[{"count":1,"href":"https:\/\/broxtal.com\/es\/wp-json\/wp\/v2\/product\/38402\/revisions"}],"predecessor-version":[{"id":38407,"href":"https:\/\/broxtal.com\/es\/wp-json\/wp\/v2\/product\/38402\/revisions\/38407"}],"wp:featuredmedia":[{"embeddable":true,"href":"https:\/\/broxtal.com\/es\/wp-json\/wp\/v2\/media\/38392"}],"wp:attachment":[{"href":"https:\/\/broxtal.com\/es\/wp-json\/wp\/v2\/media?parent=38402"}],"wp:term":[{"taxonomy":"product_brand","embeddable":true,"href":"https:\/\/broxtal.com\/es\/wp-json\/wp\/v2\/product_brand?post=38402"},{"taxonomy":"product_cat","embeddable":true,"href":"https:\/\/broxtal.com\/es\/wp-json\/wp\/v2\/product_cat?post=38402"},{"taxonomy":"product_tag","embeddable":true,"href":"https:\/\/broxtal.com\/es\/wp-json\/wp\/v2\/product_tag?post=38402"}],"curies":[{"name":"wp","href":"https:\/\/api.w.org\/{rel}","templated":true}]}}