{"id":38676,"date":"2025-11-07T14:50:17","date_gmt":"2025-11-07T14:50:17","guid":{"rendered":"https:\/\/broxtal.com\/?post_type=product&#038;p=38676"},"modified":"2025-11-11T10:43:52","modified_gmt":"2025-11-11T10:43:52","slug":"1-5l-home-oxygen-concentrator-with-free-mask","status":"publish","type":"product","link":"https:\/\/broxtal.com\/es\/producto\/1-5l-home-oxygen-concentrator-with-free-mask\/","title":{"rendered":"Concentrador de ox\u00edgeno dom\u00e9stico 1-5L con mascarilla gratuita"},"content":{"rendered":"<h1 class=\"p1\" style=\"text-align: center;\"><span style=\"color: #0000ff;\"><b>Respire mejor cada d\u00eda con el concentrador de ox\u00edgeno dom\u00e9stico 1-5L<\/b><\/span><\/h1>\n<h2 class=\"p1\" style=\"text-align: center;\"><b>93% M\u00e1quina de ox\u00edgeno de flujo continuo de alta pureza con atomizaci\u00f3n<\/b><b><\/b><\/h2>\n<h3><\/h3>\n<h3 class=\"p1\" style=\"text-align: center;\"><b>Asistencia fiable de ox\u00edgeno a domicilio<\/b><b><\/b><\/h3>\n<p class=\"p4\" style=\"text-align: center;\">El concentrador de ox\u00edgeno dom\u00e9stico DOCTODD 1-5L suministra ox\u00edgeno estable de alta pureza (93%\u00b13%) para terapia de flujo continuo en casa. Gracias a la avanzada tecnolog\u00eda de adsorci\u00f3n por cambio de presi\u00f3n (PSA), garantiza una concentraci\u00f3n de ox\u00edgeno constante incluso a 5 L\/min. Su funcionamiento silencioso (\u226438 dB) y su clara pantalla LED lo hacen adecuado para el uso diario en entornos dom\u00e9sticos.<\/p>\n<h3 class=\"p1\" style=\"text-align: center;\"><b>Funcionalidad avanzada y comodidad para el usuario<\/b><b><\/b><\/h3>\n<p class=\"p4\" style=\"text-align: center;\">Este concentrador de ox\u00edgeno combina un rendimiento de calidad m\u00e9dica con controles f\u00e1ciles de usar. Dispone de caudales ajustables de 1 L a 5 L por minuto, salida de purificaci\u00f3n ani\u00f3nica y un modo de atomizaci\u00f3n (nebulizador) integrado para asistencia respiratoria adicional. Con un funcionamiento energ\u00e9ticamente eficiente y una capacidad de trabajo continuo de 24 horas, ofrece una oxigenoterapia fiable con el m\u00ednimo ruido.<\/p>\n<p class=\"p2\" style=\"text-align: center;\"><img fetchpriority=\"high\" decoding=\"async\" class=\"aligncenter wp-image-38681\" src=\"https:\/\/broxtal.com\/wp-content\/uploads\/2025\/11\/7-1-800x800.webp\" alt=\"\" width=\"500\" height=\"500\" srcset=\"https:\/\/broxtal.com\/wp-content\/uploads\/2025\/11\/7-1-800x800.webp 800w, https:\/\/broxtal.com\/wp-content\/uploads\/2025\/11\/7-1-300x300.webp 300w, https:\/\/broxtal.com\/wp-content\/uploads\/2025\/11\/7-1-150x150.webp 150w, https:\/\/broxtal.com\/wp-content\/uploads\/2025\/11\/7-1-768x768.webp 768w, https:\/\/broxtal.com\/wp-content\/uploads\/2025\/11\/7-1-12x12.webp 12w, https:\/\/broxtal.com\/wp-content\/uploads\/2025\/11\/7-1-60x60.webp 60w, https:\/\/broxtal.com\/wp-content\/uploads\/2025\/11\/7-1-600x600.webp 600w, https:\/\/broxtal.com\/wp-content\/uploads\/2025\/11\/7-1-32x32.webp 32w, https:\/\/broxtal.com\/wp-content\/uploads\/2025\/11\/7-1-64x64.webp 64w, https:\/\/broxtal.com\/wp-content\/uploads\/2025\/11\/7-1.webp 1080w\" sizes=\"(max-width: 500px) 100vw, 500px\" \/><\/p>\n<p>&nbsp;<\/p>\n<h2 style=\"text-align: center;\"><b>Especificaciones t\u00e9cnicas<\/b><\/h2>\n<p class=\"p1\" style=\"text-align: center;\"><span class=\"s1\"><b>Tipo de modelo:<\/b><\/span> Concentrador de ox\u00edgeno dom\u00e9stico<\/p>\n<p class=\"p1\" style=\"text-align: center;\"><span class=\"s1\"><b>Caudal:<\/b><\/span> 1 L-5 L\/min (ajustable)<\/p>\n<p class=\"p1\" style=\"text-align: center;\"><b>Concentraci\u00f3n de ox\u00edgeno:<\/b><span class=\"s1\"> 93% \u00b1 3%<\/span><\/p>\n<p class=\"p1\" style=\"text-align: center;\"><span class=\"s1\"><b>Tipo de flujo:<\/b><\/span> Flujo continuo<\/p>\n<p class=\"p1\" style=\"text-align: center;\"><span class=\"s1\"><b>M\u00e9todo de generaci\u00f3n de ox\u00edgeno:<\/b><\/span> Adsorci\u00f3n por cambio de presi\u00f3n (PSA)<\/p>\n<p class=\"p1\" style=\"text-align: center;\"><span class=\"s1\"><b>Salida de aniones:<\/b><\/span> 8 millones\/cm\u00b3<\/p>\n<p class=\"p1\" style=\"text-align: center;\"><b>Velocidad de atomizaci\u00f3n:<\/b><span class=\"s1\"> \u2265 0,2 mL\/min<\/span><\/p>\n<p class=\"p1\" style=\"text-align: center;\"><b>Consumo de energ\u00eda:<\/b><span class=\"s1\"> 120 VA<\/span><\/p>\n<p class=\"p1\" style=\"text-align: center;\"><span class=\"s1\"><b>Tensi\u00f3n:<\/b><\/span> AC 110 V \u00b1 10 V (US) \/ AC 230 V \u00b1 20 V (EU, UK, AU)<\/p>\n<p class=\"p1\" style=\"text-align: center;\"><b>Ruido de funcionamiento:<\/b><span class=\"s1\"> \u2264 38 dB(A)<\/span><\/p>\n<p class=\"p1\" style=\"text-align: center;\"><b>Funci\u00f3n de temporizaci\u00f3n:<\/b><span class=\"s1\"> Hasta 24 horas<\/span><\/p>\n<p class=\"p1\" style=\"text-align: center;\"><span class=\"s1\"><b>Control de pantalla:<\/b><\/span> Bot\u00f3n de giro LED HD<\/p>\n<p class=\"p1\" style=\"text-align: center;\"><span class=\"s1\"><b>Tama\u00f1o:<\/b><\/span> 29 \u00d7 30 \u00d7 51 cm<\/p>\n<p class=\"p1\" style=\"text-align: center;\"><b>Peso neto:<\/b><span class=\"s1\"> 13 kg<\/span><\/p>\n<p class=\"p1\" style=\"text-align: center;\"><b>Certificaci\u00f3n:<\/b><span class=\"s1\"> CE<\/span><\/p>\n<h3><\/h3>\n<h2 style=\"text-align: center;\"><b>Lista de paquetes<\/b><\/h2>\n<p class=\"p1\" style=\"text-align: center;\">1 \u00d7 DOCTODD Concentrador de ox\u00edgeno dom\u00e9stico 1-5L<\/p>\n<p class=\"p1\" style=\"text-align: center;\">1 \u00d7 M\u00e1scara de ox\u00edgeno<\/p>\n<p class=\"p1\" style=\"text-align: center;\">1 \u00d7 Cable de alimentaci\u00f3n (tipo de enchufe por regi\u00f3n)<\/p>\n<p class=\"p1\" style=\"text-align: center;\">1 \u00d7 Juego de nebulizador<\/p>\n<p class=\"p1\" style=\"text-align: center;\">1 \u00d7 Manual del usuario<\/p>\n<p><img decoding=\"async\" class=\"aligncenter wp-image-38677 size-large\" src=\"https:\/\/broxtal.com\/wp-content\/uploads\/2025\/11\/2-800x800.webp\" alt=\"\" width=\"800\" height=\"800\" srcset=\"https:\/\/broxtal.com\/wp-content\/uploads\/2025\/11\/2-800x800.webp 800w, https:\/\/broxtal.com\/wp-content\/uploads\/2025\/11\/2-300x300.webp 300w, https:\/\/broxtal.com\/wp-content\/uploads\/2025\/11\/2-150x150.webp 150w, https:\/\/broxtal.com\/wp-content\/uploads\/2025\/11\/2-768x768.webp 768w, https:\/\/broxtal.com\/wp-content\/uploads\/2025\/11\/2-12x12.webp 12w, https:\/\/broxtal.com\/wp-content\/uploads\/2025\/11\/2-60x60.webp 60w, https:\/\/broxtal.com\/wp-content\/uploads\/2025\/11\/2-600x600.webp 600w, https:\/\/broxtal.com\/wp-content\/uploads\/2025\/11\/2-32x32.webp 32w, https:\/\/broxtal.com\/wp-content\/uploads\/2025\/11\/2-64x64.webp 64w, https:\/\/broxtal.com\/wp-content\/uploads\/2025\/11\/2.webp 1080w\" sizes=\"(max-width: 800px) 100vw, 800px\" \/><img decoding=\"async\" class=\"size-large wp-image-38682 aligncenter\" src=\"https:\/\/broxtal.com\/wp-content\/uploads\/2025\/11\/5-800x800.webp\" alt=\"\" width=\"800\" height=\"800\" srcset=\"https:\/\/broxtal.com\/wp-content\/uploads\/2025\/11\/5-800x800.webp 800w, https:\/\/broxtal.com\/wp-content\/uploads\/2025\/11\/5-300x300.webp 300w, https:\/\/broxtal.com\/wp-content\/uploads\/2025\/11\/5-150x150.webp 150w, https:\/\/broxtal.com\/wp-content\/uploads\/2025\/11\/5-768x768.webp 768w, https:\/\/broxtal.com\/wp-content\/uploads\/2025\/11\/5-12x12.webp 12w, https:\/\/broxtal.com\/wp-content\/uploads\/2025\/11\/5-60x60.webp 60w, https:\/\/broxtal.com\/wp-content\/uploads\/2025\/11\/5-600x600.webp 600w, https:\/\/broxtal.com\/wp-content\/uploads\/2025\/11\/5-32x32.webp 32w, https:\/\/broxtal.com\/wp-content\/uploads\/2025\/11\/5-64x64.webp 64w, https:\/\/broxtal.com\/wp-content\/uploads\/2025\/11\/5.webp 1080w\" sizes=\"(max-width: 800px) 100vw, 800px\" \/> <img loading=\"lazy\" decoding=\"async\" class=\"size-large wp-image-38679 aligncenter\" src=\"https:\/\/broxtal.com\/wp-content\/uploads\/2025\/11\/4-800x800.webp\" alt=\"\" width=\"800\" height=\"800\" srcset=\"https:\/\/broxtal.com\/wp-content\/uploads\/2025\/11\/4-800x800.webp 800w, https:\/\/broxtal.com\/wp-content\/uploads\/2025\/11\/4-300x300.webp 300w, https:\/\/broxtal.com\/wp-content\/uploads\/2025\/11\/4-150x150.webp 150w, https:\/\/broxtal.com\/wp-content\/uploads\/2025\/11\/4-768x768.webp 768w, https:\/\/broxtal.com\/wp-content\/uploads\/2025\/11\/4-12x12.webp 12w, https:\/\/broxtal.com\/wp-content\/uploads\/2025\/11\/4-60x60.webp 60w, https:\/\/broxtal.com\/wp-content\/uploads\/2025\/11\/4-600x600.webp 600w, https:\/\/broxtal.com\/wp-content\/uploads\/2025\/11\/4-32x32.webp 32w, https:\/\/broxtal.com\/wp-content\/uploads\/2025\/11\/4-64x64.webp 64w, https:\/\/broxtal.com\/wp-content\/uploads\/2025\/11\/4.webp 1080w\" sizes=\"(max-width: 800px) 100vw, 800px\" \/> <img loading=\"lazy\" decoding=\"async\" class=\"size-large wp-image-38678 aligncenter\" src=\"https:\/\/broxtal.com\/wp-content\/uploads\/2025\/11\/3-800x800.webp\" alt=\"\" width=\"800\" height=\"800\" srcset=\"https:\/\/broxtal.com\/wp-content\/uploads\/2025\/11\/3-800x800.webp 800w, https:\/\/broxtal.com\/wp-content\/uploads\/2025\/11\/3-300x300.webp 300w, https:\/\/broxtal.com\/wp-content\/uploads\/2025\/11\/3-150x150.webp 150w, https:\/\/broxtal.com\/wp-content\/uploads\/2025\/11\/3-768x768.webp 768w, https:\/\/broxtal.com\/wp-content\/uploads\/2025\/11\/3-12x12.webp 12w, https:\/\/broxtal.com\/wp-content\/uploads\/2025\/11\/3-60x60.webp 60w, https:\/\/broxtal.com\/wp-content\/uploads\/2025\/11\/3-600x600.webp 600w, https:\/\/broxtal.com\/wp-content\/uploads\/2025\/11\/3-32x32.webp 32w, https:\/\/broxtal.com\/wp-content\/uploads\/2025\/11\/3-64x64.webp 64w, https:\/\/broxtal.com\/wp-content\/uploads\/2025\/11\/3.webp 1080w\" sizes=\"(max-width: 800px) 100vw, 800px\" \/> <img loading=\"lazy\" decoding=\"async\" class=\"size-large wp-image-38680 aligncenter\" src=\"https:\/\/broxtal.com\/wp-content\/uploads\/2025\/11\/6-2-800x800.webp\" alt=\"\" width=\"800\" height=\"800\" srcset=\"https:\/\/broxtal.com\/wp-content\/uploads\/2025\/11\/6-2-800x800.webp 800w, https:\/\/broxtal.com\/wp-content\/uploads\/2025\/11\/6-2-300x300.webp 300w, https:\/\/broxtal.com\/wp-content\/uploads\/2025\/11\/6-2-150x150.webp 150w, https:\/\/broxtal.com\/wp-content\/uploads\/2025\/11\/6-2-768x768.webp 768w, https:\/\/broxtal.com\/wp-content\/uploads\/2025\/11\/6-2-12x12.webp 12w, https:\/\/broxtal.com\/wp-content\/uploads\/2025\/11\/6-2-60x60.webp 60w, https:\/\/broxtal.com\/wp-content\/uploads\/2025\/11\/6-2-600x600.webp 600w, https:\/\/broxtal.com\/wp-content\/uploads\/2025\/11\/6-2-32x32.webp 32w, https:\/\/broxtal.com\/wp-content\/uploads\/2025\/11\/6-2-64x64.webp 64w, https:\/\/broxtal.com\/wp-content\/uploads\/2025\/11\/6-2.webp 1080w\" sizes=\"(max-width: 800px) 100vw, 800px\" \/><\/p>","protected":false},"excerpt":{"rendered":"<ul>\n<li>Flujo continuo de ox\u00edgeno de 1-5 L<\/li>\n<li class=\"p1\">93% \u00b1 3% pureza de ox\u00edgeno estable<\/li>\n<li class=\"p1\">Atomizaci\u00f3n integrada (nebulizador)<\/li>\n<\/ul>\n<p>&nbsp;<\/p>","protected":false},"featured_media":38683,"comment_status":"open","ping_status":"closed","template":"","meta":[],"product_brand":[],"product_cat":[286,1821,1819,1761,1719],"product_tag":[],"class_list":{"0":"post-38676","1":"product","2":"type-product","3":"status-publish","4":"has-post-thumbnail","6":"product_cat-health-wellness","7":"product_cat-continuous-flow","8":"product_cat-home-oxygen-machine","9":"product_cat-oxygen-concentrators","10":"product_cat-respiratory-care-oxygen-therapy","12":"first","13":"instock","14":"sale","15":"shipping-taxable","16":"purchasable","17":"product-type-simple"},"_links":{"self":[{"href":"https:\/\/broxtal.com\/es\/wp-json\/wp\/v2\/product\/38676","targetHints":{"allow":["GET"]}}],"collection":[{"href":"https:\/\/broxtal.com\/es\/wp-json\/wp\/v2\/product"}],"about":[{"href":"https:\/\/broxtal.com\/es\/wp-json\/wp\/v2\/types\/product"}],"replies":[{"embeddable":true,"href":"https:\/\/broxtal.com\/es\/wp-json\/wp\/v2\/comments?post=38676"}],"version-history":[{"count":4,"href":"https:\/\/broxtal.com\/es\/wp-json\/wp\/v2\/product\/38676\/revisions"}],"predecessor-version":[{"id":38687,"href":"https:\/\/broxtal.com\/es\/wp-json\/wp\/v2\/product\/38676\/revisions\/38687"}],"wp:featuredmedia":[{"embeddable":true,"href":"https:\/\/broxtal.com\/es\/wp-json\/wp\/v2\/media\/38683"}],"wp:attachment":[{"href":"https:\/\/broxtal.com\/es\/wp-json\/wp\/v2\/media?parent=38676"}],"wp:term":[{"taxonomy":"product_brand","embeddable":true,"href":"https:\/\/broxtal.com\/es\/wp-json\/wp\/v2\/product_brand?post=38676"},{"taxonomy":"product_cat","embeddable":true,"href":"https:\/\/broxtal.com\/es\/wp-json\/wp\/v2\/product_cat?post=38676"},{"taxonomy":"product_tag","embeddable":true,"href":"https:\/\/broxtal.com\/es\/wp-json\/wp\/v2\/product_tag?post=38676"}],"curies":[{"name":"wp","href":"https:\/\/api.w.org\/{rel}","templated":true}]}}