{"id":24487,"date":"2023-10-05T11:37:28","date_gmt":"2023-10-05T10:37:28","guid":{"rendered":"https:\/\/broxtal.com\/?post_type=product&#038;p=24487"},"modified":"2026-01-09T01:01:45","modified_gmt":"2026-01-09T01:01:45","slug":"waterproof-bed-bug-mattress-protector-cover","status":"publish","type":"product","link":"https:\/\/broxtal.com\/fr\/produit\/waterproof-bed-bug-mattress-protector-cover\/","title":{"rendered":"Prot\u00e8ge-matelas imperm\u00e9able contre les punaises de lit"},"content":{"rendered":"<h1 style=\"text-align: center;\">Prot\u00e8ge-matelas anti-punaises de lit imperm\u00e9able de premi\u00e8re qualit\u00e9 !<\/h1>\n<p style=\"text-align: center;\">D\u00e9couvrez la solution de protection ultime pour votre matelas avec notre housse de matelas imperm\u00e9able Premium contre les punaises de lit. Con\u00e7ue pour prot\u00e9ger votre investissement, cette housse de matelas offre des caract\u00e9ristiques imbattables qui la distinguent de la concurrence.<\/p>\n<p>&nbsp;<\/p>\n<p><img fetchpriority=\"high\" decoding=\"async\" class=\"size-full wp-image-24490 aligncenter\" src=\"https:\/\/broxtal.com\/wp-content\/uploads\/2023\/10\/My-Video27.gif\" alt=\"\" width=\"640\" height=\"360\" \/><\/p>\n<p>&nbsp;<\/p>\n<p style=\"text-align: center;\">Notre housse de matelas imperm\u00e9able contre les punaises de lit est <strong>le choix id\u00e9al pour garder votre matelas propre, sec et sans insectes.<\/strong> Fabriqu\u00e9 \u00e0 partir d'un m\u00e9lange de <strong>mat\u00e9riaux de haute qualit\u00e9<\/strong>Il associe une imperm\u00e9abilit\u00e9 sup\u00e9rieure au confort du coton et \u00e0 la durabilit\u00e9 des tissus non tiss\u00e9s et des microfibres. Ce prot\u00e8ge-matelas est un bouclier fiable contre les \u00e9claboussures, les taches et les parasites ind\u00e9sirables, garantissant que votre matelas reste frais et accueillant pour les ann\u00e9es \u00e0 venir.<\/p>\n<p>&nbsp;<\/p>\n<p><img decoding=\"async\" class=\"size-full wp-image-24492 aligncenter\" src=\"https:\/\/broxtal.com\/wp-content\/uploads\/2023\/10\/telechargement-2023-10-05T104223.242.jpg\" alt=\"\" width=\"1200\" height=\"1200\" srcset=\"https:\/\/broxtal.com\/wp-content\/uploads\/2023\/10\/telechargement-2023-10-05T104223.242.jpg 1200w, https:\/\/broxtal.com\/wp-content\/uploads\/2023\/10\/telechargement-2023-10-05T104223.242-600x600.jpg 600w, https:\/\/broxtal.com\/wp-content\/uploads\/2023\/10\/telechargement-2023-10-05T104223.242-150x150.jpg 150w, https:\/\/broxtal.com\/wp-content\/uploads\/2023\/10\/telechargement-2023-10-05T104223.242-300x300.jpg 300w, https:\/\/broxtal.com\/wp-content\/uploads\/2023\/10\/telechargement-2023-10-05T104223.242-800x800.jpg 800w, https:\/\/broxtal.com\/wp-content\/uploads\/2023\/10\/telechargement-2023-10-05T104223.242-768x768.jpg 768w, https:\/\/broxtal.com\/wp-content\/uploads\/2023\/10\/telechargement-2023-10-05T104223.242-860x860.jpg 860w, https:\/\/broxtal.com\/wp-content\/uploads\/2023\/10\/telechargement-2023-10-05T104223.242-60x60.jpg 60w, https:\/\/broxtal.com\/wp-content\/uploads\/2023\/10\/telechargement-2023-10-05T104223.242-110x110.jpg 110w, https:\/\/broxtal.com\/wp-content\/uploads\/2023\/10\/telechargement-2023-10-05T104223.242-700x700.jpg 700w, https:\/\/broxtal.com\/wp-content\/uploads\/2023\/10\/telechargement-2023-10-05T104223.242-32x32.jpg 32w, https:\/\/broxtal.com\/wp-content\/uploads\/2023\/10\/telechargement-2023-10-05T104223.242-64x64.jpg 64w\" sizes=\"(max-width: 1200px) 100vw, 1200px\" \/><\/p>\n<p>&nbsp;<\/p>\n<h2>Notre prot\u00e8ge-matelas contre les punaises de lit pr\u00e9sente les caract\u00e9ristiques suivantes :<\/h2>\n<h4>Imperm\u00e9able et durable<\/h4>\n<p>Notre housse de protection de matelas n'est pas seulement imperm\u00e9able, elle est aussi incroyablement durable. La couche imperm\u00e9able en TPU repousse efficacement les liquides, prot\u00e9geant ainsi votre matelas contre les d\u00e9versements, les taches et les accidents. Dites adieu \u00e0 l'inqui\u00e9tude d'un matelas ab\u00eem\u00e9.<\/p>\n<p>&nbsp;<\/p>\n<p><img decoding=\"async\" class=\"size-full wp-image-24493 aligncenter\" src=\"https:\/\/broxtal.com\/wp-content\/uploads\/2023\/10\/telechargement-2023-10-05T104225.740.jpg\" alt=\"\" width=\"1000\" height=\"1000\" srcset=\"https:\/\/broxtal.com\/wp-content\/uploads\/2023\/10\/telechargement-2023-10-05T104225.740.jpg 1000w, https:\/\/broxtal.com\/wp-content\/uploads\/2023\/10\/telechargement-2023-10-05T104225.740-600x600.jpg 600w, https:\/\/broxtal.com\/wp-content\/uploads\/2023\/10\/telechargement-2023-10-05T104225.740-150x150.jpg 150w, https:\/\/broxtal.com\/wp-content\/uploads\/2023\/10\/telechargement-2023-10-05T104225.740-300x300.jpg 300w, https:\/\/broxtal.com\/wp-content\/uploads\/2023\/10\/telechargement-2023-10-05T104225.740-800x800.jpg 800w, https:\/\/broxtal.com\/wp-content\/uploads\/2023\/10\/telechargement-2023-10-05T104225.740-768x768.jpg 768w, https:\/\/broxtal.com\/wp-content\/uploads\/2023\/10\/telechargement-2023-10-05T104225.740-860x860.jpg 860w, https:\/\/broxtal.com\/wp-content\/uploads\/2023\/10\/telechargement-2023-10-05T104225.740-60x60.jpg 60w, https:\/\/broxtal.com\/wp-content\/uploads\/2023\/10\/telechargement-2023-10-05T104225.740-110x110.jpg 110w, https:\/\/broxtal.com\/wp-content\/uploads\/2023\/10\/telechargement-2023-10-05T104225.740-700x700.jpg 700w, https:\/\/broxtal.com\/wp-content\/uploads\/2023\/10\/telechargement-2023-10-05T104225.740-32x32.jpg 32w, https:\/\/broxtal.com\/wp-content\/uploads\/2023\/10\/telechargement-2023-10-05T104225.740-64x64.jpg 64w\" sizes=\"(max-width: 1000px) 100vw, 1000px\" \/><\/p>\n<h3>Ajustement s\u00e9curis\u00e9<\/h3>\n<p>Dot\u00e9e d'un \u00e9lastique, notre housse de protection reste bien en place. Plus de glissement pendant la nuit - profitez d'un sommeil confortable et paisible sans perturbations.<\/p>\n<p><img loading=\"lazy\" decoding=\"async\" class=\"size-full wp-image-24495 aligncenter\" src=\"https:\/\/broxtal.com\/wp-content\/uploads\/2023\/10\/S6edea06062aa4911b7457d93f65bfe29v.webp\" alt=\"\" width=\"750\" height=\"845\" srcset=\"https:\/\/broxtal.com\/wp-content\/uploads\/2023\/10\/S6edea06062aa4911b7457d93f65bfe29v.webp 750w, https:\/\/broxtal.com\/wp-content\/uploads\/2023\/10\/S6edea06062aa4911b7457d93f65bfe29v-600x676.webp 600w, https:\/\/broxtal.com\/wp-content\/uploads\/2023\/10\/S6edea06062aa4911b7457d93f65bfe29v-150x169.webp 150w, https:\/\/broxtal.com\/wp-content\/uploads\/2023\/10\/S6edea06062aa4911b7457d93f65bfe29v-266x300.webp 266w, https:\/\/broxtal.com\/wp-content\/uploads\/2023\/10\/S6edea06062aa4911b7457d93f65bfe29v-710x800.webp 710w, https:\/\/broxtal.com\/wp-content\/uploads\/2023\/10\/S6edea06062aa4911b7457d93f65bfe29v-60x68.webp 60w, https:\/\/broxtal.com\/wp-content\/uploads\/2023\/10\/S6edea06062aa4911b7457d93f65bfe29v-110x124.webp 110w, https:\/\/broxtal.com\/wp-content\/uploads\/2023\/10\/S6edea06062aa4911b7457d93f65bfe29v-700x789.webp 700w\" sizes=\"(max-width: 750px) 100vw, 750px\" \/><\/p>\n<h3>Mat\u00e9riaux de premi\u00e8re qualit\u00e9<\/h3>\n<p>Nous avons m\u00e9ticuleusement s\u00e9lectionn\u00e9 les mat\u00e9riaux pour un maximum de confort et de long\u00e9vit\u00e9. Gr\u00e2ce \u00e0 un m\u00e9lange de coton, de tissu non tiss\u00e9 et de microfibre, cette housse est douce pour la peau et constitue une barri\u00e8re protectrice pour votre matelas.<\/p>\n<p>&nbsp;<\/p>\n<p><img loading=\"lazy\" decoding=\"async\" class=\"size-full wp-image-24494 aligncenter\" src=\"https:\/\/broxtal.com\/wp-content\/uploads\/2023\/10\/S9a5f5f0ec98f4828889d2a62c46d7c053.webp\" alt=\"\" width=\"750\" height=\"845\" srcset=\"https:\/\/broxtal.com\/wp-content\/uploads\/2023\/10\/S9a5f5f0ec98f4828889d2a62c46d7c053.webp 750w, https:\/\/broxtal.com\/wp-content\/uploads\/2023\/10\/S9a5f5f0ec98f4828889d2a62c46d7c053-600x676.webp 600w, https:\/\/broxtal.com\/wp-content\/uploads\/2023\/10\/S9a5f5f0ec98f4828889d2a62c46d7c053-150x169.webp 150w, https:\/\/broxtal.com\/wp-content\/uploads\/2023\/10\/S9a5f5f0ec98f4828889d2a62c46d7c053-266x300.webp 266w, https:\/\/broxtal.com\/wp-content\/uploads\/2023\/10\/S9a5f5f0ec98f4828889d2a62c46d7c053-710x800.webp 710w, https:\/\/broxtal.com\/wp-content\/uploads\/2023\/10\/S9a5f5f0ec98f4828889d2a62c46d7c053-60x68.webp 60w, https:\/\/broxtal.com\/wp-content\/uploads\/2023\/10\/S9a5f5f0ec98f4828889d2a62c46d7c053-110x124.webp 110w, https:\/\/broxtal.com\/wp-content\/uploads\/2023\/10\/S9a5f5f0ec98f4828889d2a62c46d7c053-700x789.webp 700w\" sizes=\"(max-width: 750px) 100vw, 750px\" \/><\/p>\n<p>&nbsp;<\/p>\n<h2>Sp\u00e9cifications techniques<\/h2>\n<h3>Mat\u00e9riaux :<\/h3>\n<ul>\n<li>Couche imperm\u00e9able en TPU<\/li>\n<li>Surface en coton<\/li>\n<li>Tissu non tiss\u00e9<\/li>\n<li>Rembourrage en microfibre<\/li>\n<\/ul>\n<p>&nbsp;<\/p>\n<p><img loading=\"lazy\" decoding=\"async\" class=\"size-full wp-image-24496 aligncenter\" src=\"https:\/\/broxtal.com\/wp-content\/uploads\/2023\/10\/telechargement-2023-10-05T104233.324.jpg\" alt=\"\" width=\"1000\" height=\"1000\" srcset=\"https:\/\/broxtal.com\/wp-content\/uploads\/2023\/10\/telechargement-2023-10-05T104233.324.jpg 1000w, https:\/\/broxtal.com\/wp-content\/uploads\/2023\/10\/telechargement-2023-10-05T104233.324-600x600.jpg 600w, https:\/\/broxtal.com\/wp-content\/uploads\/2023\/10\/telechargement-2023-10-05T104233.324-150x150.jpg 150w, https:\/\/broxtal.com\/wp-content\/uploads\/2023\/10\/telechargement-2023-10-05T104233.324-300x300.jpg 300w, https:\/\/broxtal.com\/wp-content\/uploads\/2023\/10\/telechargement-2023-10-05T104233.324-800x800.jpg 800w, https:\/\/broxtal.com\/wp-content\/uploads\/2023\/10\/telechargement-2023-10-05T104233.324-768x768.jpg 768w, https:\/\/broxtal.com\/wp-content\/uploads\/2023\/10\/telechargement-2023-10-05T104233.324-860x860.jpg 860w, https:\/\/broxtal.com\/wp-content\/uploads\/2023\/10\/telechargement-2023-10-05T104233.324-60x60.jpg 60w, https:\/\/broxtal.com\/wp-content\/uploads\/2023\/10\/telechargement-2023-10-05T104233.324-110x110.jpg 110w, https:\/\/broxtal.com\/wp-content\/uploads\/2023\/10\/telechargement-2023-10-05T104233.324-700x700.jpg 700w, https:\/\/broxtal.com\/wp-content\/uploads\/2023\/10\/telechargement-2023-10-05T104233.324-32x32.jpg 32w, https:\/\/broxtal.com\/wp-content\/uploads\/2023\/10\/telechargement-2023-10-05T104233.324-64x64.jpg 64w\" sizes=\"(max-width: 1000px) 100vw, 1000px\" \/><\/p>\n<h3><\/h3>\n<p>&nbsp;<\/p>\n<h3>Le paquet comprend :<\/h3>\n<ul>\n<li>1 drap housse (pas de taie d'oreiller)<\/li>\n<\/ul>\n<p>&nbsp;<\/p>\n<p><img loading=\"lazy\" decoding=\"async\" class=\"size-full wp-image-24497 aligncenter\" src=\"https:\/\/broxtal.com\/wp-content\/uploads\/2023\/10\/telechargement-2023-10-05T104230.078.jpg\" alt=\"\" width=\"1200\" height=\"1200\" srcset=\"https:\/\/broxtal.com\/wp-content\/uploads\/2023\/10\/telechargement-2023-10-05T104230.078.jpg 1200w, https:\/\/broxtal.com\/wp-content\/uploads\/2023\/10\/telechargement-2023-10-05T104230.078-600x600.jpg 600w, https:\/\/broxtal.com\/wp-content\/uploads\/2023\/10\/telechargement-2023-10-05T104230.078-150x150.jpg 150w, https:\/\/broxtal.com\/wp-content\/uploads\/2023\/10\/telechargement-2023-10-05T104230.078-300x300.jpg 300w, https:\/\/broxtal.com\/wp-content\/uploads\/2023\/10\/telechargement-2023-10-05T104230.078-800x800.jpg 800w, https:\/\/broxtal.com\/wp-content\/uploads\/2023\/10\/telechargement-2023-10-05T104230.078-768x768.jpg 768w, https:\/\/broxtal.com\/wp-content\/uploads\/2023\/10\/telechargement-2023-10-05T104230.078-860x860.jpg 860w, https:\/\/broxtal.com\/wp-content\/uploads\/2023\/10\/telechargement-2023-10-05T104230.078-60x60.jpg 60w, https:\/\/broxtal.com\/wp-content\/uploads\/2023\/10\/telechargement-2023-10-05T104230.078-110x110.jpg 110w, https:\/\/broxtal.com\/wp-content\/uploads\/2023\/10\/telechargement-2023-10-05T104230.078-700x700.jpg 700w, https:\/\/broxtal.com\/wp-content\/uploads\/2023\/10\/telechargement-2023-10-05T104230.078-32x32.jpg 32w, https:\/\/broxtal.com\/wp-content\/uploads\/2023\/10\/telechargement-2023-10-05T104230.078-64x64.jpg 64w\" sizes=\"(max-width: 1200px) 100vw, 1200px\" \/> <img loading=\"lazy\" decoding=\"async\" class=\"size-full wp-image-24498 aligncenter\" src=\"https:\/\/broxtal.com\/wp-content\/uploads\/2023\/10\/telechargement-2023-10-05T104227.887.jpg\" alt=\"\" width=\"1200\" height=\"1200\" srcset=\"https:\/\/broxtal.com\/wp-content\/uploads\/2023\/10\/telechargement-2023-10-05T104227.887.jpg 1200w, https:\/\/broxtal.com\/wp-content\/uploads\/2023\/10\/telechargement-2023-10-05T104227.887-600x600.jpg 600w, https:\/\/broxtal.com\/wp-content\/uploads\/2023\/10\/telechargement-2023-10-05T104227.887-150x150.jpg 150w, https:\/\/broxtal.com\/wp-content\/uploads\/2023\/10\/telechargement-2023-10-05T104227.887-300x300.jpg 300w, https:\/\/broxtal.com\/wp-content\/uploads\/2023\/10\/telechargement-2023-10-05T104227.887-800x800.jpg 800w, https:\/\/broxtal.com\/wp-content\/uploads\/2023\/10\/telechargement-2023-10-05T104227.887-768x768.jpg 768w, https:\/\/broxtal.com\/wp-content\/uploads\/2023\/10\/telechargement-2023-10-05T104227.887-860x860.jpg 860w, https:\/\/broxtal.com\/wp-content\/uploads\/2023\/10\/telechargement-2023-10-05T104227.887-60x60.jpg 60w, https:\/\/broxtal.com\/wp-content\/uploads\/2023\/10\/telechargement-2023-10-05T104227.887-110x110.jpg 110w, https:\/\/broxtal.com\/wp-content\/uploads\/2023\/10\/telechargement-2023-10-05T104227.887-700x700.jpg 700w, https:\/\/broxtal.com\/wp-content\/uploads\/2023\/10\/telechargement-2023-10-05T104227.887-32x32.jpg 32w, https:\/\/broxtal.com\/wp-content\/uploads\/2023\/10\/telechargement-2023-10-05T104227.887-64x64.jpg 64w\" sizes=\"(max-width: 1200px) 100vw, 1200px\" \/><\/p>","protected":false},"excerpt":{"rendered":"<p>Prot\u00e8ge-matelas anti-punaises de lit imperm\u00e9able de premi\u00e8re qualit\u00e9 ! D\u00e9couvrez la solution ultime de protection du matelas avec notre prot\u00e8ge-matelas anti-punaises de lit imperm\u00e9able Premium.<\/p>","protected":false},"featured_media":24489,"comment_status":"open","ping_status":"closed","template":"","meta":[],"product_brand":[],"product_cat":[1763],"product_tag":[],"class_list":{"0":"post-24487","1":"product","2":"type-product","3":"status-publish","4":"has-post-thumbnail","6":"product_cat-masks-accessories","8":"first","9":"instock","10":"shipping-taxable","11":"purchasable","12":"product-type-variable"},"_links":{"self":[{"href":"https:\/\/broxtal.com\/fr\/wp-json\/wp\/v2\/product\/24487","targetHints":{"allow":["GET"]}}],"collection":[{"href":"https:\/\/broxtal.com\/fr\/wp-json\/wp\/v2\/product"}],"about":[{"href":"https:\/\/broxtal.com\/fr\/wp-json\/wp\/v2\/types\/product"}],"replies":[{"embeddable":true,"href":"https:\/\/broxtal.com\/fr\/wp-json\/wp\/v2\/comments?post=24487"}],"version-history":[{"count":1,"href":"https:\/\/broxtal.com\/fr\/wp-json\/wp\/v2\/product\/24487\/revisions"}],"predecessor-version":[{"id":39362,"href":"https:\/\/broxtal.com\/fr\/wp-json\/wp\/v2\/product\/24487\/revisions\/39362"}],"wp:featuredmedia":[{"embeddable":true,"href":"https:\/\/broxtal.com\/fr\/wp-json\/wp\/v2\/media\/24489"}],"wp:attachment":[{"href":"https:\/\/broxtal.com\/fr\/wp-json\/wp\/v2\/media?parent=24487"}],"wp:term":[{"taxonomy":"product_brand","embeddable":true,"href":"https:\/\/broxtal.com\/fr\/wp-json\/wp\/v2\/product_brand?post=24487"},{"taxonomy":"product_cat","embeddable":true,"href":"https:\/\/broxtal.com\/fr\/wp-json\/wp\/v2\/product_cat?post=24487"},{"taxonomy":"product_tag","embeddable":true,"href":"https:\/\/broxtal.com\/fr\/wp-json\/wp\/v2\/product_tag?post=24487"}],"curies":[{"name":"wp","href":"https:\/\/api.w.org\/{rel}","templated":true}]}}