{"id":24516,"date":"2023-10-05T12:46:59","date_gmt":"2023-10-05T11:46:59","guid":{"rendered":"https:\/\/broxtal.com\/?post_type=product&#038;p=24516"},"modified":"2026-01-09T01:01:37","modified_gmt":"2026-01-09T01:01:37","slug":"6-sides-fully-enclosed-waterproof-bed-bug-mattress-protector","status":"publish","type":"product","link":"https:\/\/broxtal.com\/fr\/produit\/6-sides-fully-enclosed-waterproof-bed-bug-mattress-protector\/","title":{"rendered":"Prot\u00e8ge-matelas imperm\u00e9able aux punaises de lit enti\u00e8rement ferm\u00e9"},"content":{"rendered":"<h1 style=\"text-align: center;\"><strong>La protection parfaite pour le matelas : Prot\u00e8ge-matelas imperm\u00e9able contre les punaises de lit<\/strong><\/h1>\n<h3 style=\"text-align: center;\"><em>S\u00e9curit\u00e9 in\u00e9gal\u00e9e du matelas pour chaque sommeil<\/em><\/h3>\n<p style=\"text-align: center;\">Am\u00e9liorez votre sanctuaire du sommeil avec notre prot\u00e8ge-matelas imperm\u00e9able contre les punaises de lit. Con\u00e7u pour une protection ultime du matelas, ce produit innovant garantit que votre lit reste propre, sec et exempt de punaises, am\u00e9liorant ainsi la long\u00e9vit\u00e9 de votre matelas tout en vous offrant un sommeil r\u00e9parateur chaque nuit.<\/p>\n<p style=\"text-align: center;\">Fabriqu\u00e9 avec soin et con\u00e7u pour offrir une protection int\u00e9grale, ce <strong>prot\u00e8ge-matelas <\/strong>\u00a0est la solution id\u00e9ale pour prot\u00e9ger votre investissement - votre matelas. Dites adieu aux inqui\u00e9tudes concernant les \u00e9claboussures, les taches ou les punaises de lit ; dites bonjour \u00e0 une bonne nuit de sommeil, chaque nuit.<\/p>\n<p>&nbsp;<\/p>\n<p><img fetchpriority=\"high\" decoding=\"async\" class=\"size-full wp-image-24562 aligncenter\" src=\"https:\/\/broxtal.com\/wp-content\/uploads\/2023\/10\/telechargement-2023-10-06T121239.902.jpg\" alt=\"\" width=\"800\" height=\"800\" srcset=\"https:\/\/broxtal.com\/wp-content\/uploads\/2023\/10\/telechargement-2023-10-06T121239.902.jpg 800w, https:\/\/broxtal.com\/wp-content\/uploads\/2023\/10\/telechargement-2023-10-06T121239.902-600x600.jpg 600w, https:\/\/broxtal.com\/wp-content\/uploads\/2023\/10\/telechargement-2023-10-06T121239.902-150x150.jpg 150w, https:\/\/broxtal.com\/wp-content\/uploads\/2023\/10\/telechargement-2023-10-06T121239.902-300x300.jpg 300w, https:\/\/broxtal.com\/wp-content\/uploads\/2023\/10\/telechargement-2023-10-06T121239.902-768x768.jpg 768w, https:\/\/broxtal.com\/wp-content\/uploads\/2023\/10\/telechargement-2023-10-06T121239.902-60x60.jpg 60w, https:\/\/broxtal.com\/wp-content\/uploads\/2023\/10\/telechargement-2023-10-06T121239.902-110x110.jpg 110w, https:\/\/broxtal.com\/wp-content\/uploads\/2023\/10\/telechargement-2023-10-06T121239.902-700x700.jpg 700w, https:\/\/broxtal.com\/wp-content\/uploads\/2023\/10\/telechargement-2023-10-06T121239.902-32x32.jpg 32w, https:\/\/broxtal.com\/wp-content\/uploads\/2023\/10\/telechargement-2023-10-06T121239.902-64x64.jpg 64w\" sizes=\"(max-width: 800px) 100vw, 800px\" \/><\/p>\n<h2><\/h2>\n<p>&nbsp;<\/p>\n<h2><strong>Le prot\u00e8ge-matelas contre les punaises de lit pr\u00e9sente les caract\u00e9ristiques suivantes :<\/strong><\/h2>\n<ol>\n<li><strong>\u00a0Imperm\u00e9abilisation avanc\u00e9e<\/strong> : Notre prot\u00e8ge-matelas est imperm\u00e9able sur 6 c\u00f4t\u00e9s, ce qui garantit une protection compl\u00e8te contre les liquides et les \u00e9claboussures. Votre matelas reste frais et propre, ce qui prolonge sa dur\u00e9e de vie.<\/li>\n<li><strong>\u00a0Tissu de qualit\u00e9 sup\u00e9rieure<\/strong> : Le tissu frontal est compos\u00e9 de fibres de polyester 100%, offrant une surface douce et confortable pour votre sommeil. Il est respirant, absorbe l'humidit\u00e9 et r\u00e9siste au boulochage et \u00e0 la d\u00e9coloration, ce qui garantit une qualit\u00e9 durable.<\/li>\n<\/ol>\n<p><img decoding=\"async\" class=\"size-full wp-image-24564 aligncenter\" src=\"https:\/\/broxtal.com\/wp-content\/uploads\/2023\/10\/telechargement-2023-10-06T121238.131.jpg\" alt=\"\" width=\"800\" height=\"800\" srcset=\"https:\/\/broxtal.com\/wp-content\/uploads\/2023\/10\/telechargement-2023-10-06T121238.131.jpg 800w, https:\/\/broxtal.com\/wp-content\/uploads\/2023\/10\/telechargement-2023-10-06T121238.131-600x600.jpg 600w, https:\/\/broxtal.com\/wp-content\/uploads\/2023\/10\/telechargement-2023-10-06T121238.131-150x150.jpg 150w, https:\/\/broxtal.com\/wp-content\/uploads\/2023\/10\/telechargement-2023-10-06T121238.131-300x300.jpg 300w, https:\/\/broxtal.com\/wp-content\/uploads\/2023\/10\/telechargement-2023-10-06T121238.131-768x768.jpg 768w, https:\/\/broxtal.com\/wp-content\/uploads\/2023\/10\/telechargement-2023-10-06T121238.131-60x60.jpg 60w, https:\/\/broxtal.com\/wp-content\/uploads\/2023\/10\/telechargement-2023-10-06T121238.131-110x110.jpg 110w, https:\/\/broxtal.com\/wp-content\/uploads\/2023\/10\/telechargement-2023-10-06T121238.131-700x700.jpg 700w, https:\/\/broxtal.com\/wp-content\/uploads\/2023\/10\/telechargement-2023-10-06T121238.131-32x32.jpg 32w, https:\/\/broxtal.com\/wp-content\/uploads\/2023\/10\/telechargement-2023-10-06T121238.131-64x64.jpg 64w\" sizes=\"(max-width: 800px) 100vw, 800px\" \/><\/p>\n<p><img decoding=\"async\" class=\"size-full wp-image-24521 aligncenter\" src=\"https:\/\/broxtal.com\/wp-content\/uploads\/2023\/10\/H2149fe915f6c40129a3dc2d309ce58cfj.webp\" alt=\"\" width=\"790\" height=\"930\" srcset=\"https:\/\/broxtal.com\/wp-content\/uploads\/2023\/10\/H2149fe915f6c40129a3dc2d309ce58cfj.webp 790w, https:\/\/broxtal.com\/wp-content\/uploads\/2023\/10\/H2149fe915f6c40129a3dc2d309ce58cfj-600x706.webp 600w, https:\/\/broxtal.com\/wp-content\/uploads\/2023\/10\/H2149fe915f6c40129a3dc2d309ce58cfj-150x177.webp 150w, https:\/\/broxtal.com\/wp-content\/uploads\/2023\/10\/H2149fe915f6c40129a3dc2d309ce58cfj-255x300.webp 255w, https:\/\/broxtal.com\/wp-content\/uploads\/2023\/10\/H2149fe915f6c40129a3dc2d309ce58cfj-680x800.webp 680w, https:\/\/broxtal.com\/wp-content\/uploads\/2023\/10\/H2149fe915f6c40129a3dc2d309ce58cfj-768x904.webp 768w, https:\/\/broxtal.com\/wp-content\/uploads\/2023\/10\/H2149fe915f6c40129a3dc2d309ce58cfj-60x71.webp 60w, https:\/\/broxtal.com\/wp-content\/uploads\/2023\/10\/H2149fe915f6c40129a3dc2d309ce58cfj-110x129.webp 110w, https:\/\/broxtal.com\/wp-content\/uploads\/2023\/10\/H2149fe915f6c40129a3dc2d309ce58cfj-700x824.webp 700w\" sizes=\"(max-width: 790px) 100vw, 790px\" \/><\/p>\n<p>&nbsp;<\/p>\n<h2><strong>Sp\u00e9cifications techniques<\/strong><\/h2>\n<ul>\n<li><strong>Tissu frontal :<\/strong> 100% Fibre de polyester<\/li>\n<li><strong>Tissu du dos :<\/strong> Mat\u00e9riau TPU imperm\u00e9able<\/li>\n<li><strong>Fermeture \u00e9clair :<\/strong> Fermeture \u00e0 glissi\u00e8re invisible<\/li>\n<li><strong>Grade :<\/strong> Excellent (A+)<\/li>\n<li><strong>Imperm\u00e9able \u00e0 l'eau :<\/strong> 100%<\/li>\n<\/ul>\n<p>&nbsp;<\/p>\n<p><img loading=\"lazy\" decoding=\"async\" class=\"size-full wp-image-24563 aligncenter\" src=\"https:\/\/broxtal.com\/wp-content\/uploads\/2023\/10\/telechargement-2023-10-06T121240.691.jpg\" alt=\"\" width=\"800\" height=\"800\" srcset=\"https:\/\/broxtal.com\/wp-content\/uploads\/2023\/10\/telechargement-2023-10-06T121240.691.jpg 800w, https:\/\/broxtal.com\/wp-content\/uploads\/2023\/10\/telechargement-2023-10-06T121240.691-600x600.jpg 600w, https:\/\/broxtal.com\/wp-content\/uploads\/2023\/10\/telechargement-2023-10-06T121240.691-150x150.jpg 150w, https:\/\/broxtal.com\/wp-content\/uploads\/2023\/10\/telechargement-2023-10-06T121240.691-300x300.jpg 300w, https:\/\/broxtal.com\/wp-content\/uploads\/2023\/10\/telechargement-2023-10-06T121240.691-768x768.jpg 768w, https:\/\/broxtal.com\/wp-content\/uploads\/2023\/10\/telechargement-2023-10-06T121240.691-60x60.jpg 60w, https:\/\/broxtal.com\/wp-content\/uploads\/2023\/10\/telechargement-2023-10-06T121240.691-110x110.jpg 110w, https:\/\/broxtal.com\/wp-content\/uploads\/2023\/10\/telechargement-2023-10-06T121240.691-700x700.jpg 700w, https:\/\/broxtal.com\/wp-content\/uploads\/2023\/10\/telechargement-2023-10-06T121240.691-32x32.jpg 32w, https:\/\/broxtal.com\/wp-content\/uploads\/2023\/10\/telechargement-2023-10-06T121240.691-64x64.jpg 64w\" sizes=\"(max-width: 800px) 100vw, 800px\" \/><\/p>\n<h3><\/h3>\n<p>&nbsp;<\/p>\n<h3><strong>Le paquet comprend<\/strong><\/h3>\n<ul>\n<li>1 x Prot\u00e8ge-matelas imperm\u00e9able contre les punaises de lit<\/li>\n<\/ul>\n<p>&nbsp;<\/p>\n<p>&nbsp;<\/p>","protected":false},"excerpt":{"rendered":"<p>The Perfect Mattress Protection: Waterproof Bed Bug Mattress Protector Unmatched Mattress Safety for Every Sleep Upgrade your sleep sanctuary with<\/p>","protected":false},"featured_media":24561,"comment_status":"open","ping_status":"closed","template":"","meta":[],"product_brand":[],"product_cat":[1763],"product_tag":[280],"class_list":{"0":"post-24516","1":"product","2":"type-product","3":"status-publish","4":"has-post-thumbnail","6":"product_cat-masks-accessories","7":"product_tag-new","9":"first","10":"instock","11":"shipping-taxable","12":"purchasable","13":"product-type-variable"},"_links":{"self":[{"href":"https:\/\/broxtal.com\/fr\/wp-json\/wp\/v2\/product\/24516","targetHints":{"allow":["GET"]}}],"collection":[{"href":"https:\/\/broxtal.com\/fr\/wp-json\/wp\/v2\/product"}],"about":[{"href":"https:\/\/broxtal.com\/fr\/wp-json\/wp\/v2\/types\/product"}],"replies":[{"embeddable":true,"href":"https:\/\/broxtal.com\/fr\/wp-json\/wp\/v2\/comments?post=24516"}],"version-history":[{"count":1,"href":"https:\/\/broxtal.com\/fr\/wp-json\/wp\/v2\/product\/24516\/revisions"}],"predecessor-version":[{"id":39361,"href":"https:\/\/broxtal.com\/fr\/wp-json\/wp\/v2\/product\/24516\/revisions\/39361"}],"wp:featuredmedia":[{"embeddable":true,"href":"https:\/\/broxtal.com\/fr\/wp-json\/wp\/v2\/media\/24561"}],"wp:attachment":[{"href":"https:\/\/broxtal.com\/fr\/wp-json\/wp\/v2\/media?parent=24516"}],"wp:term":[{"taxonomy":"product_brand","embeddable":true,"href":"https:\/\/broxtal.com\/fr\/wp-json\/wp\/v2\/product_brand?post=24516"},{"taxonomy":"product_cat","embeddable":true,"href":"https:\/\/broxtal.com\/fr\/wp-json\/wp\/v2\/product_cat?post=24516"},{"taxonomy":"product_tag","embeddable":true,"href":"https:\/\/broxtal.com\/fr\/wp-json\/wp\/v2\/product_tag?post=24516"}],"curies":[{"name":"wp","href":"https:\/\/api.w.org\/{rel}","templated":true}]}}