{"id":32124,"date":"2025-04-15T11:59:24","date_gmt":"2025-04-15T10:59:24","guid":{"rendered":"https:\/\/broxtal.com\/?post_type=product&#038;p=32124"},"modified":"2025-06-13T16:45:18","modified_gmt":"2025-06-13T15:45:18","slug":"ice-pack-for-wrist","status":"publish","type":"product","link":"https:\/\/broxtal.com\/fr\/produit\/ice-pack-for-wrist\/","title":{"rendered":"FODRK\u2122 Pack de glace pour la douleur du poignet"},"content":{"rendered":"<h3 style=\"text-align: center;\" data-start=\"1990\" data-end=\"2100\"><span style=\"color: #3366ff;\">La poche de glace chaude et froide pour la th\u00e9rapie du poignet offre un confort rapide en cas de canal carpien, de blessure ou de gonflement, \u00e0 tout moment et en tout lieu.<\/span><\/h3>\n<h3 data-start=\"2107\" data-end=\"2159\"><\/h3>\n<h3 class=\"\" data-start=\"2107\" data-end=\"2159\"><strong data-start=\"2114\" data-end=\"2157\">Th\u00e9rapie polyvalente par le chaud et le froid<\/strong><\/h3>\n<p class=\"\" data-start=\"2160\" data-end=\"2408\">Que vous soigniez le canal carpien ou que vous vous remettiez d'une op\u00e9ration chirurgicale, la poche de glace FODRK\u2122 pour la douleur au poignet offre un puissant soulagement 2 en 1 par le chaud et le froid. Congelez-le pour lutter contre l'enflure et l'inflammation ou passez-le au micro-ondes pour une th\u00e9rapie par la chaleur apaisante - pr\u00eat en quelques secondes seulement.<\/p>\n<h3 class=\"\" data-start=\"2415\" data-end=\"2482\"><strong data-start=\"2422\" data-end=\"2480\">Une compression confortable qui bouge avec vous<\/strong><\/h3>\n<p class=\"\" data-start=\"2483\" data-end=\"2694\">Fabriqu\u00e9 \u00e0 partir de velours doux et de nylon respirant, ce gel pour poignet ressemble \u00e0 une douce \u00e9treinte. La bande auto-agrippante flexible permet un ajustement s\u00fbr et r\u00e9glable, pour que vous puissiez vaquer \u00e0 vos occupations dans le confort et le soutien.<\/p>\n<h3 class=\"\" data-start=\"2701\" data-end=\"2756\"><strong data-start=\"2708\" data-end=\"2754\">Une large couverture, une aide cibl\u00e9e<\/strong><\/h3>\n<p class=\"\" data-start=\"2757\" data-end=\"2954\">Avec ses dimensions de 47,4\u00d712,7 cm, cette \u00e9charpe couvre bien plus que votre poignet. Elle est \u00e9galement parfaite pour les coudes, les genoux et les chevilles et permet une gu\u00e9rison rapide des tendinites, de la surutilisation et de l'enflure gr\u00e2ce \u00e0 un design compact.<\/p>\n<h3 class=\"\" data-start=\"2961\" data-end=\"3014\"><strong data-start=\"2968\" data-end=\"3012\">Durable, \u00e9tanche et r\u00e9utilisable<\/strong><\/h3>\n<p class=\"\" data-start=\"3015\" data-end=\"3209\">Fabriqu\u00e9e avec du PVC de premi\u00e8re qualit\u00e9 et un noyau de gel solide, cette poche de glace pour le poignet r\u00e9siste aux fuites et reste flexible m\u00eame apr\u00e8s la cong\u00e9lation. Il est lavable, r\u00e9utilisable et toujours pr\u00eat pour la prochaine utilisation - pas de gouttes, pas de d\u00e9g\u00e2ts.<\/p>\n<h3 class=\"\" data-start=\"3216\" data-end=\"3241\"><strong data-start=\"3223\" data-end=\"3241\">Sp\u00e9cifications<\/strong><\/h3>\n<ul>\n<li data-start=\"3244\" data-end=\"3263\"><strong data-start=\"3244\" data-end=\"3254\">Marque :<\/strong> FODRK\u2122<\/li>\n<li data-start=\"3266\" data-end=\"3302\"><strong data-start=\"3266\" data-end=\"3283\">Type de produit :<\/strong> Poche de gel r\u00e9frig\u00e9rant<\/li>\n<li data-start=\"3305\" data-end=\"3339\"><strong data-start=\"3305\" data-end=\"3318\">Mat\u00e9riau :<\/strong> PVC + Nylon\/Velours<\/li>\n<li data-start=\"3342\" data-end=\"3366\"><strong data-start=\"3342\" data-end=\"3351\">Taille :<\/strong> 47,4\u00d712,7 cm<\/li>\n<li data-start=\"3369\" data-end=\"3398\"><strong data-start=\"3369\" data-end=\"3377\">Utiliser :<\/strong> Th\u00e9rapie par le chaud et le froid<\/li>\n<li data-start=\"3401\" data-end=\"3446\"><strong data-start=\"3401\" data-end=\"3418\">Zones cibles :<\/strong> Poignet, coude, cheville, genou<\/li>\n<li data-start=\"3449\" data-end=\"3466\"><strong data-start=\"3449\" data-end=\"3459\">Couleur :<\/strong> Bleu<\/li>\n<li data-start=\"3469\" data-end=\"3488\"><strong data-start=\"3469\" data-end=\"3482\">R\u00e9utilisable :<\/strong> Oui<\/li>\n<li data-start=\"3491\" data-end=\"3536\"><strong data-start=\"3491\" data-end=\"3510\">Ajustable Ajustement :<\/strong> Oui (sangle auto-agrippante)<\/li>\n<\/ul>","protected":false},"excerpt":{"rendered":"<p>FODRK\u2122 Ice Pack for Wrist Pain offre un soulagement rapide chaud\/froid en cas de canal carpien, de blessures ou de gonflement. R\u00e9utilisable, flexible et r\u00e9glable pour un ajustement personnalis\u00e9. Procurez-vous la v\u00f4tre d\u00e8s maintenant et sentez le soulagement !<\/p>","protected":false},"featured_media":32127,"comment_status":"open","ping_status":"closed","template":"","meta":[],"product_brand":[],"product_cat":[286,1758,1718],"product_tag":[],"class_list":{"0":"post-32124","1":"product","2":"type-product","3":"status-publish","4":"has-post-thumbnail","6":"product_cat-health-wellness","7":"product_cat-heating-cold-therapy","8":"product_cat-physical-therapy-recovery-devices","10":"first","11":"instock","12":"sale","13":"shipping-taxable","14":"purchasable","15":"product-type-simple"},"_links":{"self":[{"href":"https:\/\/broxtal.com\/fr\/wp-json\/wp\/v2\/product\/32124","targetHints":{"allow":["GET"]}}],"collection":[{"href":"https:\/\/broxtal.com\/fr\/wp-json\/wp\/v2\/product"}],"about":[{"href":"https:\/\/broxtal.com\/fr\/wp-json\/wp\/v2\/types\/product"}],"replies":[{"embeddable":true,"href":"https:\/\/broxtal.com\/fr\/wp-json\/wp\/v2\/comments?post=32124"}],"version-history":[{"count":3,"href":"https:\/\/broxtal.com\/fr\/wp-json\/wp\/v2\/product\/32124\/revisions"}],"predecessor-version":[{"id":32128,"href":"https:\/\/broxtal.com\/fr\/wp-json\/wp\/v2\/product\/32124\/revisions\/32128"}],"wp:featuredmedia":[{"embeddable":true,"href":"https:\/\/broxtal.com\/fr\/wp-json\/wp\/v2\/media\/32127"}],"wp:attachment":[{"href":"https:\/\/broxtal.com\/fr\/wp-json\/wp\/v2\/media?parent=32124"}],"wp:term":[{"taxonomy":"product_brand","embeddable":true,"href":"https:\/\/broxtal.com\/fr\/wp-json\/wp\/v2\/product_brand?post=32124"},{"taxonomy":"product_cat","embeddable":true,"href":"https:\/\/broxtal.com\/fr\/wp-json\/wp\/v2\/product_cat?post=32124"},{"taxonomy":"product_tag","embeddable":true,"href":"https:\/\/broxtal.com\/fr\/wp-json\/wp\/v2\/product_tag?post=32124"}],"curies":[{"name":"wp","href":"https:\/\/api.w.org\/{rel}","templated":true}]}}