{"id":33633,"date":"2025-05-12T05:24:52","date_gmt":"2025-05-12T04:24:52","guid":{"rendered":"https:\/\/broxtal.com\/?post_type=product&#038;p=33633"},"modified":"2025-06-13T17:28:29","modified_gmt":"2025-06-13T16:28:29","slug":"face-mask-for-cpap-bipap-machines","status":"publish","type":"product","link":"https:\/\/broxtal.com\/fr\/produit\/face-mask-for-cpap-bipap-machines\/","title":{"rendered":"Masque facial pour machines CPAP BiPAP FM2"},"content":{"rendered":"<h2 style=\"text-align: center;\" data-start=\"142\" data-end=\"253\"><span style=\"color: #000080;\"><strong data-start=\"142\" data-end=\"253\"><span class=\"_fadeIn_m1hgl_8\">Masque facial pour machines CPAP BiPAP<\/span><span class=\"_fadeIn_m1hgl_8\">\u00a0<\/span><span class=\"_fadeIn_m1hgl_8\">FM2 - <\/span><span class=\"_fadeIn_m1hgl_8\">Complet <\/span><span class=\"_fadeIn_m1hgl_8\">Visage <\/span><span class=\"_fadeIn_m1hgl_8\">Masque <\/span><span class=\"_fadeIn_m1hgl_8\">avec <\/span><span class=\"_fadeIn_m1hgl_8\">Coiffure <\/span><span class=\"_fadeIn_m1hgl_8\">pour <\/span><span class=\"_fadeIn_m1hgl_8\">Confortable <\/span><span class=\"_fadeIn_m1hgl_8\">Sommeil <\/span><span class=\"_fadeIn_m1hgl_8\">Apn\u00e9e <\/span><span class=\"_fadeIn_m1hgl_8\">Th\u00e9rapie<\/span><\/strong><\/span><\/h2>\n<h3 data-start=\"267\" data-end=\"364\"><strong data-start=\"267\" data-end=\"364\"><span class=\"_fadeIn_m1hgl_8\">Masque facial pour machines CPAP BiPAP - <\/span><span class=\"_fadeIn_m1hgl_8\">BMC <\/span><span class=\"_fadeIn_m1hgl_8\">FM2 <\/span><span class=\"_fadeIn_m1hgl_8\">Complet <\/span><span class=\"_fadeIn_m1hgl_8\">Visage <\/span><span class=\"_fadeIn_m1hgl_8\">Masque <\/span><span class=\"_fadeIn_m1hgl_8\">pour <\/span><span class=\"_fadeIn_m1hgl_8\">Efficace <\/span><span class=\"_fadeIn_m1hgl_8\">Sommeil <\/span><span class=\"_fadeIn_m1hgl_8\">Apn\u00e9e <\/span><span class=\"_fadeIn_m1hgl_8\">Traitement<\/span><\/strong><\/h3>\n<p data-start=\"537\" data-end=\"1275\"><span class=\"_fadeIn_m1hgl_8\">Les <\/span><strong data-start=\"541\" data-end=\"577\"><span class=\"_fadeIn_m1hgl_8\">Visage <\/span><span class=\"_fadeIn_m1hgl_8\">Masque <\/span><span class=\"_fadeIn_m1hgl_8\">pour <\/span><span class=\"_fadeIn_m1hgl_8\">CPAP <\/span><span class=\"_fadeIn_m1hgl_8\">BiPAP <\/span><span class=\"_fadeIn_m1hgl_8\">Machine<\/span><span class=\"_fadeIn_m1hgl_8\">s<\/span><span class=\"_fadeIn_m1hgl_8\">\u00a0<\/span><span class=\"_fadeIn_m1hgl_8\">FM2<\/span><\/strong><span class=\"_fadeIn_m1hgl_8\">\u00a0<\/span><span class=\"_fadeIn_m1hgl_8\">est <\/span><span class=\"_fadeIn_m1hgl_8\">sp\u00e9cialement <\/span><span class=\"_fadeIn_m1hgl_8\">con\u00e7u <\/span><span class=\"_fadeIn_m1hgl_8\">pour <\/span><span class=\"_fadeIn_m1hgl_8\">les individus <\/span><span class=\"_fadeIn_m1hgl_8\">avec <\/span><strong data-start=\"646\" data-end=\"661\"><span class=\"_fadeIn_m1hgl_8\">dormir <\/span><span class=\"_fadeIn_m1hgl_8\">apn\u00e9e<\/span><\/strong><span class=\"_fadeIn_m1hgl_8\">, <\/span><strong data-start=\"663\" data-end=\"674\"><span class=\"_fadeIn_m1hgl_8\">ronflement<\/span><\/strong><span class=\"_fadeIn_m1hgl_8\">, <\/span><span class=\"_fadeIn_m1hgl_8\">et <\/span><strong data-start=\"680\" data-end=\"688\"><span class=\"_fadeIn_m1hgl_8\">BPCO<\/span><\/strong><span class=\"_fadeIn_m1hgl_8\">. <\/span><span class=\"_fadeIn_m1hgl_8\">Le pr\u00e9sent <\/span><strong data-start=\"695\" data-end=\"721\"><span class=\"_fadeIn_m1hgl_8\">haut<\/span><span class=\"_fadeIn_m1hgl_8\">qualit\u00e9 <\/span><span class=\"_fadeIn_m1hgl_8\">visage <\/span><span class=\"_fadeIn_m1hgl_8\">masque<\/span><\/strong> <span class=\"_fadeIn_m1hgl_8\">offres <\/span><span class=\"_fadeIn_m1hgl_8\">a <\/span><span class=\"_fadeIn_m1hgl_8\">confortable <\/span><span class=\"_fadeIn_m1hgl_8\">et <\/span><span class=\"_fadeIn_m1hgl_8\">efficace <\/span><span class=\"_fadeIn_m1hgl_8\">solution <\/span><span class=\"_fadeIn_m1hgl_8\">pour <\/span><span class=\"_fadeIn_m1hgl_8\">CPAP <\/span><span class=\"_fadeIn_m1hgl_8\">et <\/span><span class=\"_fadeIn_m1hgl_8\">BiPAP <\/span><span class=\"_fadeIn_m1hgl_8\">th\u00e9rapie. <\/span><span class=\"_fadeIn_m1hgl_8\">Fabriqu\u00e9 <\/span><span class=\"_fadeIn_m1hgl_8\">de <\/span><strong data-start=\"804\" data-end=\"842\"><span class=\"_fadeIn_m1hgl_8\">l'environnement <\/span><span class=\"_fadeIn_m1hgl_8\">amicale <\/span><span class=\"_fadeIn_m1hgl_8\">mat\u00e9riaux<\/span><\/strong> <span class=\"_fadeIn_m1hgl_8\">avec <\/span><strong data-start=\"848\" data-end=\"866\"><span class=\"_fadeIn_m1hgl_8\">\u00e9lastique <\/span><span class=\"_fadeIn_m1hgl_8\">fibres<\/span><\/strong><span class=\"_fadeIn_m1hgl_8\">, <\/span><span class=\"_fadeIn_m1hgl_8\">les <\/span><span class=\"_fadeIn_m1hgl_8\">BMC <\/span><span class=\"_fadeIn_m1hgl_8\">FM2 <\/span><span class=\"_fadeIn_m1hgl_8\">masque <\/span><span class=\"_fadeIn_m1hgl_8\">est <\/span><span class=\"_fadeIn_m1hgl_8\">durable <\/span><span class=\"_fadeIn_m1hgl_8\">et <\/span><span class=\"_fadeIn_m1hgl_8\">\u00e9co-<\/span><span class=\"_fadeIn_m1hgl_8\">conscient. <\/span><span class=\"_fadeIn_m1hgl_8\">Les <\/span><strong data-start=\"919\" data-end=\"939\"><span class=\"_fadeIn_m1hgl_8\">ergonomique <\/span><span class=\"_fadeIn_m1hgl_8\">conception<\/span><\/strong> <span class=\"_fadeIn_m1hgl_8\">assure <\/span><span class=\"_fadeIn_m1hgl_8\">le confort <\/span><span class=\"_fadeIn_m1hgl_8\">et <\/span><span class=\"_fadeIn_m1hgl_8\">a <\/span><span class=\"_fadeIn_m1hgl_8\">s\u00e9curis\u00e9 <\/span><span class=\"_fadeIn_m1hgl_8\">s'adapter, <\/span><span class=\"_fadeIn_m1hgl_8\">alors que <\/span><span class=\"_fadeIn_m1hgl_8\">les <\/span><span class=\"_fadeIn_m1hgl_8\">lisse <\/span><span class=\"_fadeIn_m1hgl_8\">int\u00e9rieur <\/span><span class=\"_fadeIn_m1hgl_8\">surface <\/span><span class=\"_fadeIn_m1hgl_8\">r\u00e9duit <\/span><span class=\"_fadeIn_m1hgl_8\">les <\/span><span class=\"_fadeIn_m1hgl_8\">risque <\/span><span class=\"_fadeIn_m1hgl_8\">de <\/span><span class=\"_fadeIn_m1hgl_8\">irritation <\/span><span class=\"_fadeIn_m1hgl_8\">et <\/span><span class=\"_fadeIn_m1hgl_8\">abrasions, <\/span><span class=\"_fadeIn_m1hgl_8\">fournir <\/span><span class=\"_fadeIn_m1hgl_8\">a <\/span><span class=\"_fadeIn_m1hgl_8\">doux <\/span><span class=\"_fadeIn_m1hgl_8\">exp\u00e9rience <\/span><span class=\"_fadeIn_m1hgl_8\">tout au long de l'ann\u00e9e <\/span><span class=\"_fadeIn_m1hgl_8\">les <\/span><span class=\"_fadeIn_m1hgl_8\">nuit. <\/span><span class=\"_fadeIn_m1hgl_8\">Le pr\u00e9sent <\/span><span class=\"_fadeIn_m1hgl_8\">masque <\/span><span class=\"_fadeIn_m1hgl_8\">est <\/span><span class=\"_fadeIn_m1hgl_8\">compatible <\/span><span class=\"_fadeIn_m1hgl_8\">avec <\/span><span class=\"_fadeIn_m1hgl_8\">tous <\/span><strong data-start=\"1139\" data-end=\"1147\"><span class=\"_fadeIn_m1hgl_8\">CPAP<\/span><\/strong><span class=\"_fadeIn_m1hgl_8\">, <\/span><strong data-start=\"1149\" data-end=\"1162\"><span class=\"_fadeIn_m1hgl_8\">Auto <\/span><span class=\"_fadeIn_m1hgl_8\">CPAP<\/span><\/strong><span class=\"_fadeIn_m1hgl_8\">, <\/span><span class=\"_fadeIn_m1hgl_8\">et <\/span><strong data-start=\"1168\" data-end=\"1186\"><span class=\"_fadeIn_m1hgl_8\">BiPAP <\/span><span class=\"_fadeIn_m1hgl_8\">machines<\/span><\/strong> <span class=\"_fadeIn_m1hgl_8\">sur <\/span><span class=\"_fadeIn_m1hgl_8\">les <\/span><span class=\"_fadeIn_m1hgl_8\">march\u00e9, <\/span><span class=\"_fadeIn_m1hgl_8\">y compris <\/span><span class=\"_fadeIn_m1hgl_8\">populaire <\/span><span class=\"_fadeIn_m1hgl_8\">marques <\/span><span class=\"_fadeIn_m1hgl_8\">comme <\/span><strong data-start=\"1232\" data-end=\"1242\"><span class=\"_fadeIn_m1hgl_8\">ResMed<\/span><\/strong><span class=\"_fadeIn_m1hgl_8\">, <\/span><strong data-start=\"1244\" data-end=\"1255\"><span class=\"_fadeIn_m1hgl_8\">Philips<\/span><\/strong><span class=\"_fadeIn_m1hgl_8\">, <\/span><strong data-start=\"1257\" data-end=\"1264\"><span class=\"_fadeIn_m1hgl_8\">BMC<\/span><\/strong><span class=\"_fadeIn_m1hgl_8\">, <\/span><span class=\"_fadeIn_m1hgl_8\">et <\/span><span class=\"_fadeIn_m1hgl_8\">plus.<\/span><\/p>\n<h3 data-start=\"1277\" data-end=\"1303\"><strong data-start=\"378\" data-end=\"479\"><span class=\"_fadeIn_m1hgl_8\">Confortable <\/span><span class=\"_fadeIn_m1hgl_8\">et <\/span><span class=\"_fadeIn_m1hgl_8\">Durable <\/span><span class=\"_fadeIn_m1hgl_8\">Visage <\/span><span class=\"_fadeIn_m1hgl_8\">Masque <\/span><span class=\"_fadeIn_m1hgl_8\">pour <\/span><span class=\"_fadeIn_m1hgl_8\">CPAP <\/span><span class=\"_fadeIn_m1hgl_8\">BiPAP <\/span><span class=\"_fadeIn_m1hgl_8\">Machines - <\/span><span class=\"_fadeIn_m1hgl_8\">Id\u00e9al <\/span><span class=\"_fadeIn_m1hgl_8\">Solution <\/span><span class=\"_fadeIn_m1hgl_8\">pour <\/span><span class=\"_fadeIn_m1hgl_8\">Sommeil <\/span><span class=\"_fadeIn_m1hgl_8\">Apn\u00e9e <\/span><span class=\"_fadeIn_m1hgl_8\">Th\u00e9rapie<\/span><\/strong><\/h3>\n<p data-start=\"1304\" data-end=\"1897\"><span class=\"_fadeIn_m1hgl_8\">Les <\/span><strong data-start=\"1308\" data-end=\"1334\"><span class=\"_fadeIn_m1hgl_8\">BMC <\/span><span class=\"_fadeIn_m1hgl_8\">FM2 <\/span><span class=\"_fadeIn_m1hgl_8\">Complet <\/span><span class=\"_fadeIn_m1hgl_8\">Visage <\/span><span class=\"_fadeIn_m1hgl_8\">Masque<\/span><\/strong> <span class=\"_fadeIn_m1hgl_8\">vient <\/span><span class=\"_fadeIn_m1hgl_8\">en <\/span><strong data-start=\"1344\" data-end=\"1366\"><span class=\"_fadeIn_m1hgl_8\">trois <\/span><span class=\"_fadeIn_m1hgl_8\">taille <\/span><span class=\"_fadeIn_m1hgl_8\">options<\/span><\/strong><span class=\"_fadeIn_m1hgl_8\"> (<\/span><span class=\"_fadeIn_m1hgl_8\">S, <\/span><span class=\"_fadeIn_m1hgl_8\">M, <\/span><span class=\"_fadeIn_m1hgl_8\">L), <\/span><span class=\"_fadeIn_m1hgl_8\">garantissant <\/span><span class=\"_fadeIn_m1hgl_8\">a <\/span><strong data-start=\"1389\" data-end=\"1404\"><span class=\"_fadeIn_m1hgl_8\">parfait <\/span><span class=\"_fadeIn_m1hgl_8\">s'adapter<\/span><\/strong> <span class=\"_fadeIn_m1hgl_8\">pour <\/span><span class=\"_fadeIn_m1hgl_8\">tous <\/span><span class=\"_fadeIn_m1hgl_8\">l'utilisateur. <\/span><span class=\"_fadeIn_m1hgl_8\">Son <\/span><strong data-start=\"1425\" data-end=\"1468\"><span class=\"_fadeIn_m1hgl_8\">rapide<\/span><span class=\"_fadeIn_m1hgl_8\">ajustement <\/span><span class=\"_fadeIn_m1hgl_8\">adh\u00e9sif <\/span><span class=\"_fadeIn_m1hgl_8\">boucle <\/span><span class=\"_fadeIn_m1hgl_8\">conception<\/span><\/strong> <span class=\"_fadeIn_m1hgl_8\">permet <\/span><span class=\"_fadeIn_m1hgl_8\">pour <\/span><span class=\"_fadeIn_m1hgl_8\">facile <\/span><span class=\"_fadeIn_m1hgl_8\">et <\/span><span class=\"_fadeIn_m1hgl_8\">s\u00e9curis\u00e9 <\/span><span class=\"_fadeIn_m1hgl_8\">porter, <\/span><span class=\"_fadeIn_m1hgl_8\">alors que <\/span><span class=\"_fadeIn_m1hgl_8\">les <\/span><strong data-start=\"1515\" data-end=\"1538\"><span class=\"_fadeIn_m1hgl_8\">anti-<\/span><span class=\"_fadeIn_m1hgl_8\">asphyxie <\/span><span class=\"_fadeIn_m1hgl_8\">soupape<\/span><\/strong> <span class=\"_fadeIn_m1hgl_8\">am\u00e9liore <\/span><span class=\"_fadeIn_m1hgl_8\">la s\u00e9curit\u00e9. <\/span><span class=\"_fadeIn_m1hgl_8\">Les <\/span><strong data-start=\"1560\" data-end=\"1588\"><span class=\"_fadeIn_m1hgl_8\">unique <\/span><span class=\"_fadeIn_m1hgl_8\">calme <\/span><span class=\"_fadeIn_m1hgl_8\">\u00e9vent <\/span><span class=\"_fadeIn_m1hgl_8\">conception<\/span><\/strong> <span class=\"_fadeIn_m1hgl_8\">minimise <\/span><span class=\"_fadeIn_m1hgl_8\">d\u00e9bit d'air <\/span><span class=\"_fadeIn_m1hgl_8\">bruit, <\/span><span class=\"_fadeIn_m1hgl_8\">garantissant <\/span><span class=\"_fadeIn_m1hgl_8\">un <\/span><span class=\"_fadeIn_m1hgl_8\">non perturb\u00e9 <\/span><span class=\"_fadeIn_m1hgl_8\">dormir <\/span><span class=\"_fadeIn_m1hgl_8\">l'exp\u00e9rience. <\/span><span class=\"_fadeIn_m1hgl_8\">Les <\/span><span class=\"_fadeIn_m1hgl_8\">masque <\/span><span class=\"_fadeIn_m1hgl_8\">est <\/span><strong data-start=\"1668\" data-end=\"1680\"><span class=\"_fadeIn_m1hgl_8\">lavable<\/span><\/strong> <span class=\"_fadeIn_m1hgl_8\">et <\/span><span class=\"_fadeIn_m1hgl_8\">con\u00e7u <\/span><span class=\"_fadeIn_m1hgl_8\">pour <\/span><span class=\"_fadeIn_m1hgl_8\">r\u00e9p\u00e9t\u00e9es <\/span><span class=\"_fadeIn_m1hgl_8\">utiliser <\/span><span class=\"_fadeIn_m1hgl_8\">sans <\/span><span class=\"_fadeIn_m1hgl_8\">d\u00e9gradation, <\/span><span class=\"_fadeIn_m1hgl_8\">fabrication <\/span><span class=\"_fadeIn_m1hgl_8\">il <\/span><span class=\"_fadeIn_m1hgl_8\">a <\/span><span class=\"_fadeIn_m1hgl_8\">fiable <\/span><span class=\"_fadeIn_m1hgl_8\">et <\/span><span class=\"_fadeIn_m1hgl_8\">long-<\/span><span class=\"_fadeIn_m1hgl_8\">durable <\/span><span class=\"_fadeIn_m1hgl_8\">option <\/span><span class=\"_fadeIn_m1hgl_8\">pour <\/span><span class=\"_fadeIn_m1hgl_8\">quotidien <\/span><span class=\"_fadeIn_m1hgl_8\">th\u00e9rapie. <\/span><span class=\"_fadeIn_m1hgl_8\">Emball\u00e9 <\/span><span class=\"_fadeIn_m1hgl_8\">en toute s\u00e9curit\u00e9 <\/span><span class=\"_fadeIn_m1hgl_8\">en <\/span><span class=\"_fadeIn_m1hgl_8\">commerce de d\u00e9tail <\/span><span class=\"_fadeIn_m1hgl_8\">l'emballage, <\/span><span class=\"_fadeIn_m1hgl_8\">il <\/span><span class=\"_fadeIn_m1hgl_8\">est <\/span><span class=\"_fadeIn_m1hgl_8\">parfait <\/span><span class=\"_fadeIn_m1hgl_8\">pour <\/span><span class=\"_fadeIn_m1hgl_8\">domicile <\/span><span class=\"_fadeIn_m1hgl_8\">utiliser <\/span><span class=\"_fadeIn_m1hgl_8\">et <\/span><span class=\"_fadeIn_m1hgl_8\">pr\u00eat <\/span><span class=\"_fadeIn_m1hgl_8\">\u00e0 <\/span><span class=\"_fadeIn_m1hgl_8\">livrer <\/span><span class=\"_fadeIn_m1hgl_8\">efficace <\/span><span class=\"_fadeIn_m1hgl_8\">th\u00e9rapie.<\/span><\/p>\n<h3 data-start=\"1899\" data-end=\"1931\"><\/h3>\n<h3 data-start=\"1899\" data-end=\"1931\"><strong data-start=\"1903\" data-end=\"1931\"><span class=\"_fadeIn_m1hgl_8\">Tableau <\/span><span class=\"_fadeIn_m1hgl_8\">de <\/span><span class=\"_fadeIn_m1hgl_8\">Sp\u00e9cifications :<\/span><\/strong><\/h3>\n<div class=\"_tableContainer_16hzy_1\">\n<div class=\"_tableWrapper_16hzy_14 group flex w-fit flex-col-reverse\" tabindex=\"-1\">\n<table class=\"w-fit min-w-(--thread-content-width)\" data-start=\"1933\" data-end=\"3373\">\n<thead data-start=\"1933\" data-end=\"2022\">\n<tr data-start=\"1933\" data-end=\"2022\">\n<th data-start=\"1933\" data-end=\"1972\" data-col-size=\"sm\"><strong data-start=\"1935\" data-end=\"1946\"><span class=\"_fadeIn_m1hgl_8\">Fonctionnalit\u00e9<\/span><\/strong><\/th>\n<th data-start=\"1972\" data-end=\"2022\" data-col-size=\"md\"><strong data-start=\"1974\" data-end=\"1985\"><span class=\"_fadeIn_m1hgl_8\">D\u00e9tails<\/span><\/strong><\/th>\n<\/tr>\n<\/thead>\n<tbody data-start=\"2113\" data-end=\"3373\">\n<tr data-start=\"2113\" data-end=\"2203\">\n<td data-start=\"2113\" data-end=\"2152\" data-col-size=\"sm\"><strong data-start=\"2115\" data-end=\"2131\"><span class=\"_fadeIn_m1hgl_8\">Produit <\/span><span class=\"_fadeIn_m1hgl_8\">Nom<\/span><\/strong><\/td>\n<td data-col-size=\"md\" data-start=\"2152\" data-end=\"2203\"><span class=\"_fadeIn_m1hgl_8\">Visage <\/span><span class=\"_fadeIn_m1hgl_8\">Masque <\/span><span class=\"_fadeIn_m1hgl_8\">Pour <\/span><span class=\"_fadeIn_m1hgl_8\">CPAP <\/span><span class=\"_fadeIn_m1hgl_8\">BiPAP <\/span><span class=\"_fadeIn_m1hgl_8\">Machines (<\/span><span class=\"_fadeIn_m1hgl_8\">BMC <\/span><span class=\"_fadeIn_m1hgl_8\">FM2)<\/span><\/td>\n<\/tr>\n<tr data-start=\"2204\" data-end=\"2293\">\n<td data-start=\"2204\" data-end=\"2243\" data-col-size=\"sm\"><strong data-start=\"2206\" data-end=\"2218\"><span class=\"_fadeIn_m1hgl_8\">Mat\u00e9riau<\/span><\/strong><\/td>\n<td data-col-size=\"md\" data-start=\"2243\" data-end=\"2293\"><span class=\"_fadeIn_m1hgl_8\">ABS (<\/span><span class=\"_fadeIn_m1hgl_8\">Cadre), <\/span><span class=\"_fadeIn_m1hgl_8\">Silice <\/span><span class=\"_fadeIn_m1hgl_8\">Gel (<\/span><span class=\"_fadeIn_m1hgl_8\">Coussin)<\/span><\/td>\n<\/tr>\n<tr data-start=\"2294\" data-end=\"2383\">\n<td data-start=\"2294\" data-end=\"2333\" data-col-size=\"sm\"><strong data-start=\"2296\" data-end=\"2314\"><span class=\"_fadeIn_m1hgl_8\">Taille <\/span><span class=\"_fadeIn_m1hgl_8\">Disponible<\/span><\/strong><\/td>\n<td data-start=\"2333\" data-end=\"2383\" data-col-size=\"md\"><span class=\"_fadeIn_m1hgl_8\">S, <\/span><span class=\"_fadeIn_m1hgl_8\">M, <\/span><span class=\"_fadeIn_m1hgl_8\">L<\/span><\/td>\n<\/tr>\n<tr data-start=\"2384\" data-end=\"2473\">\n<td data-start=\"2384\" data-end=\"2423\" data-col-size=\"sm\"><strong data-start=\"2386\" data-end=\"2403\"><span class=\"_fadeIn_m1hgl_8\">Certification<\/span><\/strong><\/td>\n<td data-col-size=\"md\" data-start=\"2423\" data-end=\"2473\"><span class=\"_fadeIn_m1hgl_8\">CE<\/span><\/td>\n<\/tr>\n<tr data-start=\"2474\" data-end=\"2563\">\n<td data-start=\"2474\" data-end=\"2513\" data-col-size=\"sm\"><strong data-start=\"2476\" data-end=\"2486\"><span class=\"_fadeIn_m1hgl_8\">Origine<\/span><\/strong><\/td>\n<td data-start=\"2513\" data-end=\"2563\" data-col-size=\"md\"><span class=\"_fadeIn_m1hgl_8\">Continent <\/span><span class=\"_fadeIn_m1hgl_8\">Chine<\/span><\/td>\n<\/tr>\n<tr data-start=\"2564\" data-end=\"2653\">\n<td data-start=\"2564\" data-end=\"2603\" data-col-size=\"sm\"><strong data-start=\"2566\" data-end=\"2587\"><span class=\"_fadeIn_m1hgl_8\">Chimique <\/span><span class=\"_fadeIn_m1hgl_8\">Pr\u00e9occupations<\/span><\/strong><\/td>\n<td data-col-size=\"md\" data-start=\"2603\" data-end=\"2653\"><span class=\"_fadeIn_m1hgl_8\">Aucun<\/span><\/td>\n<\/tr>\n<tr data-start=\"2654\" data-end=\"2743\">\n<td data-start=\"2654\" data-end=\"2693\" data-col-size=\"sm\"><strong data-start=\"2656\" data-end=\"2666\"><span class=\"_fadeIn_m1hgl_8\">Conception<\/span><\/strong><\/td>\n<td data-start=\"2693\" data-end=\"2743\" data-col-size=\"md\"><span class=\"_fadeIn_m1hgl_8\">Ergonomique, <\/span><span class=\"_fadeIn_m1hgl_8\">Lisse <\/span><span class=\"_fadeIn_m1hgl_8\">Int\u00e9rieur, <\/span><span class=\"_fadeIn_m1hgl_8\">Anti-<\/span><span class=\"_fadeIn_m1hgl_8\">Irritation<\/span><\/td>\n<\/tr>\n<tr data-start=\"2744\" data-end=\"2833\">\n<td data-start=\"2744\" data-end=\"2783\" data-col-size=\"sm\"><strong data-start=\"2746\" data-end=\"2763\"><span class=\"_fadeIn_m1hgl_8\">Compatibilit\u00e9<\/span><\/strong><\/td>\n<td data-col-size=\"md\" data-start=\"2783\" data-end=\"2833\"><span class=\"_fadeIn_m1hgl_8\">Compatible <\/span><span class=\"_fadeIn_m1hgl_8\">avec <\/span><span class=\"_fadeIn_m1hgl_8\">CPAP, <\/span><span class=\"_fadeIn_m1hgl_8\">Auto <\/span><span class=\"_fadeIn_m1hgl_8\">CPAP, <\/span><span class=\"_fadeIn_m1hgl_8\">BiPAP <\/span><span class=\"_fadeIn_m1hgl_8\">machines<\/span><\/td>\n<\/tr>\n<tr data-start=\"2834\" data-end=\"2923\">\n<td data-start=\"2834\" data-end=\"2873\" data-col-size=\"sm\"><strong data-start=\"2836\" data-end=\"2851\"><span class=\"_fadeIn_m1hgl_8\">\u00c9vent <\/span><span class=\"_fadeIn_m1hgl_8\">Conception<\/span><\/strong><\/td>\n<td data-col-size=\"md\" data-start=\"2873\" data-end=\"2923\"><span class=\"_fadeIn_m1hgl_8\">Unique <\/span><span class=\"_fadeIn_m1hgl_8\">Calme <\/span><span class=\"_fadeIn_m1hgl_8\">\u00c9vent <\/span><span class=\"_fadeIn_m1hgl_8\">pour <\/span><span class=\"_fadeIn_m1hgl_8\">Non perturb\u00e9 <\/span><span class=\"_fadeIn_m1hgl_8\">Sommeil<\/span><\/td>\n<\/tr>\n<tr data-start=\"2924\" data-end=\"3013\">\n<td data-start=\"2924\" data-end=\"2963\" data-col-size=\"sm\"><strong data-start=\"2926\" data-end=\"2942\"><span class=\"_fadeIn_m1hgl_8\">S\u00e9curit\u00e9 <\/span><span class=\"_fadeIn_m1hgl_8\">Soupape<\/span><\/strong><\/td>\n<td data-col-size=\"md\" data-start=\"2963\" data-end=\"3013\"><span class=\"_fadeIn_m1hgl_8\">Anti-<\/span><span class=\"_fadeIn_m1hgl_8\">Asphyxie <\/span><span class=\"_fadeIn_m1hgl_8\">Soupape<\/span><\/td>\n<\/tr>\n<tr data-start=\"3014\" data-end=\"3103\">\n<td data-start=\"3014\" data-end=\"3053\" data-col-size=\"sm\"><strong data-start=\"3016\" data-end=\"3028\"><span class=\"_fadeIn_m1hgl_8\">Coiffure<\/span><\/strong><\/td>\n<td data-col-size=\"md\" data-start=\"3053\" data-end=\"3103\"><span class=\"_fadeIn_m1hgl_8\">Inclus<\/span><\/td>\n<\/tr>\n<tr data-start=\"3104\" data-end=\"3193\">\n<td data-start=\"3104\" data-end=\"3143\" data-col-size=\"sm\"><strong data-start=\"3106\" data-end=\"3126\"><span class=\"_fadeIn_m1hgl_8\">Rapide <\/span><span class=\"_fadeIn_m1hgl_8\">Ajustement<\/span><\/strong><\/td>\n<td data-col-size=\"md\" data-start=\"3143\" data-end=\"3193\"><span class=\"_fadeIn_m1hgl_8\">Adh\u00e9sif <\/span><span class=\"_fadeIn_m1hgl_8\">Boucle <\/span><span class=\"_fadeIn_m1hgl_8\">Conception <\/span><span class=\"_fadeIn_m1hgl_8\">pour <\/span><span class=\"_fadeIn_m1hgl_8\">Facile <\/span><span class=\"_fadeIn_m1hgl_8\">En forme<\/span><\/td>\n<\/tr>\n<tr data-start=\"3194\" data-end=\"3283\">\n<td data-start=\"3194\" data-end=\"3233\" data-col-size=\"sm\"><strong data-start=\"3196\" data-end=\"3210\"><span class=\"_fadeIn_m1hgl_8\">Durabilit\u00e9<\/span><\/strong><\/td>\n<td data-col-size=\"md\" data-start=\"3233\" data-end=\"3283\"><span class=\"_fadeIn_m1hgl_8\">Lavable, <\/span><span class=\"_fadeIn_m1hgl_8\">Longues...<\/span><span class=\"_fadeIn_m1hgl_8\">Durable<\/span><\/td>\n<\/tr>\n<tr data-start=\"3284\" data-end=\"3373\">\n<td data-start=\"3284\" data-end=\"3323\" data-col-size=\"sm\"><strong data-start=\"3286\" data-end=\"3302\"><span class=\"_fadeIn_m1hgl_8\">Adapt\u00e9 <\/span><span class=\"_fadeIn_m1hgl_8\">pour<\/span><\/strong><\/td>\n<td data-col-size=\"md\" data-start=\"3323\" data-end=\"3373\"><span class=\"_fadeIn_m1hgl_8\">Sommeil <\/span><span class=\"_fadeIn_m1hgl_8\">Apn\u00e9e, <\/span><span class=\"_fadeIn_m1hgl_8\">Ronflement, <\/span><span class=\"_fadeIn_m1hgl_8\">BPCO<\/span><\/td>\n<\/tr>\n<\/tbody>\n<\/table>\n<div class=\"sticky end-(--thread-content-margin) h-0 self-end select-none\">\n<div class=\"absolute end-0 flex items-end\"><\/div>\n<\/div>\n<\/div>\n<\/div>\n<h3 data-start=\"3375\" data-end=\"3401\"><strong data-start=\"3379\" data-end=\"3401\"><span class=\"_fadeIn_m1hgl_8\">Paquet <\/span><span class=\"_fadeIn_m1hgl_8\">Y compris :<\/span><\/strong><\/h3>\n<ul>\n<li data-start=\"3405\" data-end=\"3435\"><strong data-start=\"3405\" data-end=\"3435\"><span class=\"_fadeIn_m1hgl_8\">1 <\/span><span class=\"_fadeIn_m1hgl_8\">x <\/span><span class=\"_fadeIn_m1hgl_8\">BMC <\/span><span class=\"_fadeIn_m1hgl_8\">FM2 <\/span><span class=\"_fadeIn_m1hgl_8\">Complet <\/span><span class=\"_fadeIn_m1hgl_8\">Visage <\/span><span class=\"_fadeIn_m1hgl_8\">Masque<\/span><\/strong><\/li>\n<li data-start=\"3438\" data-end=\"3454\"><strong data-start=\"3438\" data-end=\"3454\"><span class=\"_fadeIn_m1hgl_8\">1 <\/span><span class=\"_fadeIn_m1hgl_8\">x <\/span><span class=\"_fadeIn_m1hgl_8\">Coiffure<\/span><\/strong><\/li>\n<li data-start=\"3457\" data-end=\"3479\"><strong data-start=\"3457\" data-end=\"3479\"><span class=\"_fadeIn_m1hgl_8\">1 <\/span><span class=\"_fadeIn_m1hgl_8\">x <\/span><span class=\"_fadeIn_m1hgl_8\">Nettoyage <\/span><span class=\"_fadeIn_m1hgl_8\">Brosse<\/span><\/strong><\/li>\n<\/ul>\n<p data-start=\"4264\" data-end=\"4350\">","protected":false},"excerpt":{"rendered":"<ul>\n<li><strong data-start=\"3976\" data-end=\"3997\"><span class=\"_fadeIn_m1hgl_8\">Ergonomique <\/span><span class=\"_fadeIn_m1hgl_8\">Conception &amp; <\/span><\/strong><strong data-start=\"4053\" data-end=\"4073\"><span class=\"_fadeIn_m1hgl_8\">Calme <\/span><span class=\"_fadeIn_m1hgl_8\">Fonctionnement<\/span><\/strong><\/li>\n<li data-start=\"4129\" data-end=\"4196\"><strong data-start=\"4129\" data-end=\"4146\"><span class=\"_fadeIn_m1hgl_8\">S\u00e9curit\u00e9 <\/span><span class=\"_fadeIn_m1hgl_8\">Soupape<\/span><\/strong><\/li>\n<li data-start=\"4199\" data-end=\"4262\"><strong data-start=\"4199\" data-end=\"4224\"><span class=\"_fadeIn_m1hgl_8\">Durable <\/span><span class=\"_fadeIn_m1hgl_8\">et <\/span><span class=\"_fadeIn_m1hgl_8\">Lavable<\/span><\/strong><\/li>\n<\/ul>\n<p data-start=\"4264\" data-end=\"4350\"><em><strong data-start=\"4264\" data-end=\"4350\"><span class=\"_fadeIn_m1hgl_8\">Commande <\/span><span class=\"_fadeIn_m1hgl_8\">les <\/span><span class=\"_fadeIn_m1hgl_8\">Visage <\/span><span class=\"_fadeIn_m1hgl_8\">Masque <\/span><span class=\"_fadeIn_m1hgl_8\">Pour <\/span><span class=\"_fadeIn_m1hgl_8\">CPAP <\/span><span class=\"_fadeIn_m1hgl_8\">BiPAP <\/span><span class=\"_fadeIn_m1hgl_8\">Machines <\/span><span class=\"_fadeIn_m1hgl_8\">Aujourd'hui <\/span><span class=\"_fadeIn_m1hgl_8\">pour <\/span><span class=\"_fadeIn_m1hgl_8\">Fiable <\/span><span class=\"_fadeIn_m1hgl_8\">Sommeil <\/span><span class=\"_fadeIn_m1hgl_8\">Apn\u00e9e <\/span><span class=\"_fadeIn_m1hgl_8\">Th\u00e9rapie !<\/span><\/strong><\/em><\/p>","protected":false},"featured_media":33635,"comment_status":"open","ping_status":"closed","template":"","meta":[],"product_brand":[],"product_cat":[286,1763,1719],"product_tag":[],"class_list":{"0":"post-33633","1":"product","2":"type-product","3":"status-publish","4":"has-post-thumbnail","6":"product_cat-health-wellness","7":"product_cat-masks-accessories","8":"product_cat-respiratory-care-oxygen-therapy","10":"first","11":"instock","12":"sale","13":"shipping-taxable","14":"purchasable","15":"product-type-variable"},"_links":{"self":[{"href":"https:\/\/broxtal.com\/fr\/wp-json\/wp\/v2\/product\/33633","targetHints":{"allow":["GET"]}}],"collection":[{"href":"https:\/\/broxtal.com\/fr\/wp-json\/wp\/v2\/product"}],"about":[{"href":"https:\/\/broxtal.com\/fr\/wp-json\/wp\/v2\/types\/product"}],"replies":[{"embeddable":true,"href":"https:\/\/broxtal.com\/fr\/wp-json\/wp\/v2\/comments?post=33633"}],"version-history":[{"count":10,"href":"https:\/\/broxtal.com\/fr\/wp-json\/wp\/v2\/product\/33633\/revisions"}],"predecessor-version":[{"id":33978,"href":"https:\/\/broxtal.com\/fr\/wp-json\/wp\/v2\/product\/33633\/revisions\/33978"}],"wp:featuredmedia":[{"embeddable":true,"href":"https:\/\/broxtal.com\/fr\/wp-json\/wp\/v2\/media\/33635"}],"wp:attachment":[{"href":"https:\/\/broxtal.com\/fr\/wp-json\/wp\/v2\/media?parent=33633"}],"wp:term":[{"taxonomy":"product_brand","embeddable":true,"href":"https:\/\/broxtal.com\/fr\/wp-json\/wp\/v2\/product_brand?post=33633"},{"taxonomy":"product_cat","embeddable":true,"href":"https:\/\/broxtal.com\/fr\/wp-json\/wp\/v2\/product_cat?post=33633"},{"taxonomy":"product_tag","embeddable":true,"href":"https:\/\/broxtal.com\/fr\/wp-json\/wp\/v2\/product_tag?post=33633"}],"curies":[{"name":"wp","href":"https:\/\/api.w.org\/{rel}","templated":true}]}}