{"id":34106,"date":"2025-05-24T20:44:43","date_gmt":"2025-05-24T19:44:43","guid":{"rendered":"https:\/\/broxtal.com\/?post_type=product&#038;p=34106"},"modified":"2026-02-10T15:33:51","modified_gmt":"2026-02-10T15:33:51","slug":"yonker-mini-3-in-1-oxygen-generator","status":"publish","type":"product","link":"https:\/\/broxtal.com\/fr\/produit\/yonker-mini-3-in-1-oxygen-generator\/","title":{"rendered":"Concentrateur d'oxyg\u00e8ne 1-7L - Yonker JY-201W"},"content":{"rendered":"<h1 class=\"p1\" style=\"text-align: center;\">Concentrateur d'oxyg\u00e8ne 1-7L - Yonker JY-201W<\/h1>\n<h4 class=\"p1\" style=\"text-align: center;\"><b>Avez-vous des difficult\u00e9s \u00e0 respirer confortablement ?<\/b><b><\/b><\/h4>\n<h4 class=\"p1\" style=\"text-align: center;\"><b>Vous manquez d'oxyg\u00e8ne ou vous vous remettez d'une maladie ?<\/b><b><\/b><\/h4>\n<h4 class=\"p2\" style=\"text-align: center;\">La solution consiste \u00e0 augmenter votre taux d'oxyg\u00e8ne dans le sang (SpO\u2082) gr\u00e2ce \u00e0 l'appareil<\/h4>\n<h1 class=\"p1\" style=\"text-align: center;\"><a href=\"https:\/\/broxtal.com\/wp-content\/uploads\/2025\/05\/Screenshot-2025-06-30-at-15.56.59.png\"><img fetchpriority=\"high\" decoding=\"async\" class=\"aligncenter wp-image-35795 size-full\" src=\"https:\/\/broxtal.com\/wp-content\/uploads\/2025\/05\/Screenshot-2025-06-30-at-15.56.59.png\" alt=\"\" width=\"1084\" height=\"160\" srcset=\"https:\/\/broxtal.com\/wp-content\/uploads\/2025\/05\/Screenshot-2025-06-30-at-15.56.59.png 1084w, https:\/\/broxtal.com\/wp-content\/uploads\/2025\/05\/Screenshot-2025-06-30-at-15.56.59-400x59.png 400w, https:\/\/broxtal.com\/wp-content\/uploads\/2025\/05\/Screenshot-2025-06-30-at-15.56.59-768x113.png 768w, https:\/\/broxtal.com\/wp-content\/uploads\/2025\/05\/Screenshot-2025-06-30-at-15.56.59-18x3.png 18w, https:\/\/broxtal.com\/wp-content\/uploads\/2025\/05\/Screenshot-2025-06-30-at-15.56.59-60x9.png 60w, https:\/\/broxtal.com\/wp-content\/uploads\/2025\/05\/Screenshot-2025-06-30-at-15.56.59-110x16.png 110w, https:\/\/broxtal.com\/wp-content\/uploads\/2025\/05\/Screenshot-2025-06-30-at-15.56.59-600x89.png 600w, https:\/\/broxtal.com\/wp-content\/uploads\/2025\/05\/Screenshot-2025-06-30-at-15.56.59-150x22.png 150w\" sizes=\"(max-width: 1084px) 100vw, 1084px\" \/><\/a><\/h1>\n<p class=\"p1\" style=\"text-align: center; color: #28a745; font-weight: bold;\">\u2714\ufe0f Sans ordonnance \u2714\ufe0f<\/p>\n<p class=\"p1\" style=\"text-align: center; color: #28a745; font-weight: bold;\">\u2714\ufe0f Fourniture illimit\u00e9e d'oxyg\u00e8ne \u2714\ufe0f<\/p>\n<p class=\"p1\" style=\"text-align: center; color: #28a745; font-weight: bold;\">\u2714\ufe0f Aucune bouteille d'oxyg\u00e8ne n'est n\u00e9cessaire \u2714\ufe0f<\/p>\n<p><a href=\"https:\/\/broxtal.com\/wp-content\/uploads\/2025\/05\/H20017f5984314a33bb2d3d8edab1858eI.jpeg\"><img decoding=\"async\" class=\"size-full wp-image-34114 aligncenter\" src=\"https:\/\/broxtal.com\/wp-content\/uploads\/2025\/05\/H20017f5984314a33bb2d3d8edab1858eI.jpeg\" alt=\"\" width=\"750\" height=\"750\" srcset=\"https:\/\/broxtal.com\/wp-content\/uploads\/2025\/05\/H20017f5984314a33bb2d3d8edab1858eI.jpeg 750w, https:\/\/broxtal.com\/wp-content\/uploads\/2025\/05\/H20017f5984314a33bb2d3d8edab1858eI-300x300.jpeg 300w, https:\/\/broxtal.com\/wp-content\/uploads\/2025\/05\/H20017f5984314a33bb2d3d8edab1858eI-150x150.jpeg 150w, https:\/\/broxtal.com\/wp-content\/uploads\/2025\/05\/H20017f5984314a33bb2d3d8edab1858eI-60x60.jpeg 60w, https:\/\/broxtal.com\/wp-content\/uploads\/2025\/05\/H20017f5984314a33bb2d3d8edab1858eI-110x110.jpeg 110w, https:\/\/broxtal.com\/wp-content\/uploads\/2025\/05\/H20017f5984314a33bb2d3d8edab1858eI-600x600.jpeg 600w, https:\/\/broxtal.com\/wp-content\/uploads\/2025\/05\/H20017f5984314a33bb2d3d8edab1858eI-32x32.jpeg 32w, https:\/\/broxtal.com\/wp-content\/uploads\/2025\/05\/H20017f5984314a33bb2d3d8edab1858eI-64x64.jpeg 64w\" sizes=\"(max-width: 750px) 100vw, 750px\" \/><\/a><\/p>\n<hr \/>\n<ul>\n<li class=\"p1\">\ud83e\udde0 <span class=\"s1\"><b>Interface Smart Touch<\/b><\/span> - Le contr\u00f4le est simplifi\u00e9 gr\u00e2ce \u00e0 un \u00e9cran LCD intuitif.<\/li>\n<li>\n<p class=\"p1\">\ud83d\udca8 <span class=\"s1\"><b>1-7L D\u00e9bit r\u00e9glable<\/b><\/span> - Personnalise l'administration d'oxyg\u00e8ne en fonction de vos besoins exacts.<\/p>\n<\/li>\n<li>\n<p class=\"p1\">\ud83d\udd15 <span class=\"s1\"><b>Ultra silencieux (&lt;50dB)<\/b><\/span> - Fonctionne silencieusement pour une utilisation reposante, de jour comme de nuit.<\/p>\n<\/li>\n<li>\n<p class=\"p1\">\ud83d\udee1\ufe0f <span class=\"s1\"><b>Certifi\u00e9 s\u00fbr<\/b><\/span> - CE, RoHS, ISO et BSCI pour la fiabilit\u00e9 clinique.<\/p>\n<\/li>\n<\/ul>\n<hr \/>\n<p><a href=\"https:\/\/broxtal.com\/wp-content\/uploads\/2025\/05\/Ha3c573f0fff64de3936f0c027e4d37bf7.jpeg\"><img decoding=\"async\" class=\"size-full wp-image-34113 aligncenter\" src=\"https:\/\/broxtal.com\/wp-content\/uploads\/2025\/05\/Ha3c573f0fff64de3936f0c027e4d37bf7.jpeg\" alt=\"\" width=\"750\" height=\"750\" srcset=\"https:\/\/broxtal.com\/wp-content\/uploads\/2025\/05\/Ha3c573f0fff64de3936f0c027e4d37bf7.jpeg 750w, https:\/\/broxtal.com\/wp-content\/uploads\/2025\/05\/Ha3c573f0fff64de3936f0c027e4d37bf7-300x300.jpeg 300w, https:\/\/broxtal.com\/wp-content\/uploads\/2025\/05\/Ha3c573f0fff64de3936f0c027e4d37bf7-150x150.jpeg 150w, https:\/\/broxtal.com\/wp-content\/uploads\/2025\/05\/Ha3c573f0fff64de3936f0c027e4d37bf7-60x60.jpeg 60w, https:\/\/broxtal.com\/wp-content\/uploads\/2025\/05\/Ha3c573f0fff64de3936f0c027e4d37bf7-110x110.jpeg 110w, https:\/\/broxtal.com\/wp-content\/uploads\/2025\/05\/Ha3c573f0fff64de3936f0c027e4d37bf7-600x600.jpeg 600w, https:\/\/broxtal.com\/wp-content\/uploads\/2025\/05\/Ha3c573f0fff64de3936f0c027e4d37bf7-32x32.jpeg 32w, https:\/\/broxtal.com\/wp-content\/uploads\/2025\/05\/Ha3c573f0fff64de3936f0c027e4d37bf7-64x64.jpeg 64w\" sizes=\"(max-width: 750px) 100vw, 750px\" \/><\/a><\/p>\n<hr \/>\n<p class=\"p1\"><b>Le manque d'oxyg\u00e8ne pur vous rend-il la vie plus difficile ?<\/b><b><\/b><\/p>\n<p class=\"p2\">- Souffrez-vous de probl\u00e8mes respiratoires chroniques ?<\/p>\n<p class=\"p2\">- \u00cates-vous en train de vous remettre d'une COVlD ?<\/p>\n<p class=\"p2\">- Vous arrive-t-il souvent de manquer d'\u00e9nergie au cours de la journ\u00e9e ?<\/p>\n<p class=\"p2\">- Souffrez-vous fr\u00e9quemment de stress, de maux de t\u00eate ou de sautes d'humeur ?<\/p>\n<p class=\"p2\">- Avez-vous du mal \u00e0 vous concentrer ?<\/p>\n<p class=\"p2\">- Vous ne dormez pas assez bien ?<\/p>\n<p class=\"p2\">- Avez-vous remarqu\u00e9 une baisse de vos performances sportives ?<\/p>\n<p><a href=\"https:\/\/broxtal.com\/wp-content\/uploads\/2025\/05\/H64f98c4509b948bf8a48014ee08bb1482.jpg_720x720q50.jpeg\"><img loading=\"lazy\" decoding=\"async\" class=\"size-full wp-image-34112 aligncenter\" src=\"https:\/\/broxtal.com\/wp-content\/uploads\/2025\/05\/H64f98c4509b948bf8a48014ee08bb1482.jpg_720x720q50.jpeg\" alt=\"\" width=\"720\" height=\"720\" srcset=\"https:\/\/broxtal.com\/wp-content\/uploads\/2025\/05\/H64f98c4509b948bf8a48014ee08bb1482.jpg_720x720q50.jpeg 720w, https:\/\/broxtal.com\/wp-content\/uploads\/2025\/05\/H64f98c4509b948bf8a48014ee08bb1482.jpg_720x720q50-300x300.jpeg 300w, https:\/\/broxtal.com\/wp-content\/uploads\/2025\/05\/H64f98c4509b948bf8a48014ee08bb1482.jpg_720x720q50-150x150.jpeg 150w, https:\/\/broxtal.com\/wp-content\/uploads\/2025\/05\/H64f98c4509b948bf8a48014ee08bb1482.jpg_720x720q50-60x60.jpeg 60w, https:\/\/broxtal.com\/wp-content\/uploads\/2025\/05\/H64f98c4509b948bf8a48014ee08bb1482.jpg_720x720q50-110x110.jpeg 110w, https:\/\/broxtal.com\/wp-content\/uploads\/2025\/05\/H64f98c4509b948bf8a48014ee08bb1482.jpg_720x720q50-600x600.jpeg 600w, https:\/\/broxtal.com\/wp-content\/uploads\/2025\/05\/H64f98c4509b948bf8a48014ee08bb1482.jpg_720x720q50-32x32.jpeg 32w, https:\/\/broxtal.com\/wp-content\/uploads\/2025\/05\/H64f98c4509b948bf8a48014ee08bb1482.jpg_720x720q50-64x64.jpeg 64w\" sizes=\"(max-width: 720px) 100vw, 720px\" \/><\/a><\/p>\n<p class=\"p4\" style=\"text-align: center;\"><b>L'oxyg\u00e8ne intelligent pour la sant\u00e9 au quotidien<\/b><b><\/b><\/p>\n<p class=\"p1\" style=\"text-align: center;\">Que vous ayez besoin d'un soutien quotidien ou d'une aide \u00e0 la r\u00e9cup\u00e9ration, Yonker vous fournit de l'oxyg\u00e8ne fiable de qualit\u00e9 m\u00e9dicale \u00e0 port\u00e9e de main.<\/p>\n<p><a href=\"https:\/\/broxtal.com\/wp-content\/uploads\/2025\/05\/H7a0a1d690df344d9834b5e65c29ff13eJ.jpeg\"><img loading=\"lazy\" decoding=\"async\" class=\"size-full wp-image-34116 aligncenter\" src=\"https:\/\/broxtal.com\/wp-content\/uploads\/2025\/05\/H7a0a1d690df344d9834b5e65c29ff13eJ.jpeg\" alt=\"\" width=\"750\" height=\"750\" srcset=\"https:\/\/broxtal.com\/wp-content\/uploads\/2025\/05\/H7a0a1d690df344d9834b5e65c29ff13eJ.jpeg 750w, https:\/\/broxtal.com\/wp-content\/uploads\/2025\/05\/H7a0a1d690df344d9834b5e65c29ff13eJ-300x300.jpeg 300w, https:\/\/broxtal.com\/wp-content\/uploads\/2025\/05\/H7a0a1d690df344d9834b5e65c29ff13eJ-150x150.jpeg 150w, https:\/\/broxtal.com\/wp-content\/uploads\/2025\/05\/H7a0a1d690df344d9834b5e65c29ff13eJ-60x60.jpeg 60w, https:\/\/broxtal.com\/wp-content\/uploads\/2025\/05\/H7a0a1d690df344d9834b5e65c29ff13eJ-110x110.jpeg 110w, https:\/\/broxtal.com\/wp-content\/uploads\/2025\/05\/H7a0a1d690df344d9834b5e65c29ff13eJ-600x600.jpeg 600w, https:\/\/broxtal.com\/wp-content\/uploads\/2025\/05\/H7a0a1d690df344d9834b5e65c29ff13eJ-32x32.jpeg 32w\" sizes=\"(max-width: 750px) 100vw, 750px\" \/><\/a><\/p>\n<p class=\"p4\"><b>Pourquoi choisir Yonker ?<\/b><b><\/b><\/p>\n<ul>\n<li>\n<p class=\"p1\">Marque de confiance avec des certifications mondiales (CE, RoHS, CFDA, ISO, MSDS)<\/p>\n<\/li>\n<li>\n<p class=\"p1\">Double fonctionnement : \u00c9cran tactile + t\u00e9l\u00e9commande<\/p>\n<\/li>\n<li>\n<p class=\"p1\">Silence et confort de sommeil<\/p>\n<\/li>\n<li>\n<p class=\"p1\">Alarmes int\u00e9gr\u00e9es pour la s\u00e9curit\u00e9 et la fiabilit\u00e9<\/p>\n<\/li>\n<li>\n<p class=\"p1\">Garantie d'un an + assistance en ligne<\/p>\n<\/li>\n<\/ul>\n<p>&nbsp;<\/p>\n<p class=\"p4\" style=\"text-align: center;\"><b>Respirer en toute confiance<\/b><b><\/b><\/p>\n<p class=\"p1\" style=\"text-align: center;\">Profitez d'une oxyg\u00e9noth\u00e9rapie de qualit\u00e9 clinique dans le confort de votre maison - avec Yonker, la sant\u00e9 arrive en douceur et en toute fiabilit\u00e9.<\/p>\n<p><a href=\"https:\/\/broxtal.com\/wp-content\/uploads\/2025\/05\/Hbe768d62e59847bbade60f3142bf0484c.jpeg\"><img loading=\"lazy\" decoding=\"async\" class=\"size-full wp-image-34115 aligncenter\" src=\"https:\/\/broxtal.com\/wp-content\/uploads\/2025\/05\/Hbe768d62e59847bbade60f3142bf0484c.jpeg\" alt=\"\" width=\"750\" height=\"750\" srcset=\"https:\/\/broxtal.com\/wp-content\/uploads\/2025\/05\/Hbe768d62e59847bbade60f3142bf0484c.jpeg 750w, https:\/\/broxtal.com\/wp-content\/uploads\/2025\/05\/Hbe768d62e59847bbade60f3142bf0484c-300x300.jpeg 300w, https:\/\/broxtal.com\/wp-content\/uploads\/2025\/05\/Hbe768d62e59847bbade60f3142bf0484c-150x150.jpeg 150w, https:\/\/broxtal.com\/wp-content\/uploads\/2025\/05\/Hbe768d62e59847bbade60f3142bf0484c-60x60.jpeg 60w, https:\/\/broxtal.com\/wp-content\/uploads\/2025\/05\/Hbe768d62e59847bbade60f3142bf0484c-110x110.jpeg 110w, https:\/\/broxtal.com\/wp-content\/uploads\/2025\/05\/Hbe768d62e59847bbade60f3142bf0484c-600x600.jpeg 600w, https:\/\/broxtal.com\/wp-content\/uploads\/2025\/05\/Hbe768d62e59847bbade60f3142bf0484c-32x32.jpeg 32w\" sizes=\"(max-width: 750px) 100vw, 750px\" \/><\/a><\/p>\n<p><a href=\"https:\/\/broxtal.com\/wp-content\/uploads\/2025\/05\/H1b35abea9052488884f8938cdf5ca8e7m.jpg_720x720q50.jpeg\"><img loading=\"lazy\" decoding=\"async\" class=\"size-full wp-image-34108 aligncenter\" src=\"https:\/\/broxtal.com\/wp-content\/uploads\/2025\/05\/H1b35abea9052488884f8938cdf5ca8e7m.jpg_720x720q50.jpeg\" alt=\"\" width=\"543\" height=\"720\" srcset=\"https:\/\/broxtal.com\/wp-content\/uploads\/2025\/05\/H1b35abea9052488884f8938cdf5ca8e7m.jpg_720x720q50.jpeg 543w, https:\/\/broxtal.com\/wp-content\/uploads\/2025\/05\/H1b35abea9052488884f8938cdf5ca8e7m.jpg_720x720q50-226x300.jpeg 226w, https:\/\/broxtal.com\/wp-content\/uploads\/2025\/05\/H1b35abea9052488884f8938cdf5ca8e7m.jpg_720x720q50-60x80.jpeg 60w, https:\/\/broxtal.com\/wp-content\/uploads\/2025\/05\/H1b35abea9052488884f8938cdf5ca8e7m.jpg_720x720q50-110x146.jpeg 110w, https:\/\/broxtal.com\/wp-content\/uploads\/2025\/05\/H1b35abea9052488884f8938cdf5ca8e7m.jpg_720x720q50-150x199.jpeg 150w\" sizes=\"(max-width: 543px) 100vw, 543px\" \/><\/a><\/p>\n<p><a href=\"https:\/\/broxtal.com\/wp-content\/uploads\/2025\/05\/Hc7d24e96962a4d28bfb250c4c094e0338.jpg_720x720q50.jpeg\"><img loading=\"lazy\" decoding=\"async\" class=\"size-full wp-image-34110 aligncenter\" src=\"https:\/\/broxtal.com\/wp-content\/uploads\/2025\/05\/Hc7d24e96962a4d28bfb250c4c094e0338.jpg_720x720q50.jpeg\" alt=\"\" width=\"632\" height=\"720\" srcset=\"https:\/\/broxtal.com\/wp-content\/uploads\/2025\/05\/Hc7d24e96962a4d28bfb250c4c094e0338.jpg_720x720q50.jpeg 632w, https:\/\/broxtal.com\/wp-content\/uploads\/2025\/05\/Hc7d24e96962a4d28bfb250c4c094e0338.jpg_720x720q50-263x300.jpeg 263w, https:\/\/broxtal.com\/wp-content\/uploads\/2025\/05\/Hc7d24e96962a4d28bfb250c4c094e0338.jpg_720x720q50-60x68.jpeg 60w, https:\/\/broxtal.com\/wp-content\/uploads\/2025\/05\/Hc7d24e96962a4d28bfb250c4c094e0338.jpg_720x720q50-110x125.jpeg 110w, https:\/\/broxtal.com\/wp-content\/uploads\/2025\/05\/Hc7d24e96962a4d28bfb250c4c094e0338.jpg_720x720q50-600x684.jpeg 600w, https:\/\/broxtal.com\/wp-content\/uploads\/2025\/05\/Hc7d24e96962a4d28bfb250c4c094e0338.jpg_720x720q50-150x171.jpeg 150w\" sizes=\"(max-width: 632px) 100vw, 632px\" \/><\/a><\/p>\n<p>&nbsp;<\/p>\n<hr \/>\n<h2><\/h2>\n<h2><b>Sp\u00e9cifications <\/b><\/h2>\n<ul>\n<li><span class=\"s1\"><b>Mod\u00e8le :<\/b><\/span> BXM-JY201W<\/li>\n<li>\n<p class=\"p1\"><span class=\"s1\"><b>Taille :<\/b><\/span> 39,0 x 29,5 x 25,0 cm<\/p>\n<\/li>\n<li>\n<p class=\"p1\"><b>Poids :<\/b><span class=\"s1\"> 7 kg<\/span><\/p>\n<\/li>\n<li>\n<p class=\"p1\"><span class=\"s1\"><b>D\u00e9bit :<\/b><\/span> 1-7 L\/min<\/p>\n<\/li>\n<li>\n<p class=\"p1\"><span class=\"s1\"><b>La puret\u00e9 :<\/b><\/span> 93% \u00b13%<\/p>\n<\/li>\n<li>\n<p class=\"p1\"><span class=\"s1\"><b>Le bruit :<\/b><\/span> \u226450dB<\/p>\n<\/li>\n<li>\n<p class=\"p1\"><span class=\"s1\"><b>Alarmes :<\/b><\/span> Pression et panne de courant<\/p>\n<\/li>\n<li>\n<p class=\"p1\"><b>Atomisation :<\/b><span class=\"s1\"> 3,7\u03bcm \u00b125%<\/span><\/p>\n<\/li>\n<\/ul>\n<p class=\"p4\"><b>Que contient la bo\u00eete ?<\/b><b><\/b><\/p>\n<ul>\n<li>\n<p class=\"p1\">1\u00d7 Concentrateur Yonker Oxygeneo<\/p>\n<\/li>\n<li>\n<p class=\"p1\">1\u00d7 C\u00e2ble d'alimentation<\/p>\n<\/li>\n<li>\n<p class=\"p1\">1\u00d7 T\u00e9l\u00e9commande<\/p>\n<\/li>\n<li>\n<p class=\"p1\">1\u00d7 Tube et masque \u00e0 oxyg\u00e8ne<\/p>\n<\/li>\n<li>\n<p class=\"p1\">1\u00d7 Kit d'atomiseur<\/p>\n<\/li>\n<li>\n<p class=\"p1\">1\u00d7 Manuel de l'utilisateur<\/p>\n<\/li>\n<\/ul>\n<p><a href=\"https:\/\/broxtal.com\/wp-content\/uploads\/2025\/05\/H922ef3989a1e4cc28546eb98013192d13.jpg_720x720q50.jpeg\"><img loading=\"lazy\" decoding=\"async\" class=\"size-full wp-image-34107 aligncenter\" src=\"https:\/\/broxtal.com\/wp-content\/uploads\/2025\/05\/H922ef3989a1e4cc28546eb98013192d13.jpg_720x720q50.jpeg\" alt=\"\" width=\"720\" height=\"720\" srcset=\"https:\/\/broxtal.com\/wp-content\/uploads\/2025\/05\/H922ef3989a1e4cc28546eb98013192d13.jpg_720x720q50.jpeg 720w, https:\/\/broxtal.com\/wp-content\/uploads\/2025\/05\/H922ef3989a1e4cc28546eb98013192d13.jpg_720x720q50-300x300.jpeg 300w, https:\/\/broxtal.com\/wp-content\/uploads\/2025\/05\/H922ef3989a1e4cc28546eb98013192d13.jpg_720x720q50-150x150.jpeg 150w, https:\/\/broxtal.com\/wp-content\/uploads\/2025\/05\/H922ef3989a1e4cc28546eb98013192d13.jpg_720x720q50-60x60.jpeg 60w, https:\/\/broxtal.com\/wp-content\/uploads\/2025\/05\/H922ef3989a1e4cc28546eb98013192d13.jpg_720x720q50-110x110.jpeg 110w, https:\/\/broxtal.com\/wp-content\/uploads\/2025\/05\/H922ef3989a1e4cc28546eb98013192d13.jpg_720x720q50-600x600.jpeg 600w, https:\/\/broxtal.com\/wp-content\/uploads\/2025\/05\/H922ef3989a1e4cc28546eb98013192d13.jpg_720x720q50-32x32.jpeg 32w, https:\/\/broxtal.com\/wp-content\/uploads\/2025\/05\/H922ef3989a1e4cc28546eb98013192d13.jpg_720x720q50-64x64.jpeg 64w\" sizes=\"(max-width: 720px) 100vw, 720px\" \/><\/a><\/p>\n<hr \/>\n<p>&nbsp;<\/p>\n<p class=\"p1\">Dans notre entreprise, nous soutenons fermement nos produits et nous nous engageons \u00e0 vous donner une totale tranquillit\u00e9 d'esprit lors de chaque achat. Notre garantie comprend :<\/p>\n<ol start=\"1\">\n<li>\n<p class=\"p1\"><strong>Livraison rapide et fiable de porte \u00e0 porte.<\/strong><\/p>\n<\/li>\n<li>\n<p class=\"p1\"><strong>Contr\u00f4le de qualit\u00e9 rigoureux pour chaque commande.<\/strong><\/p>\n<\/li>\n<li>\n<p class=\"p1\"><strong>Des prix transparents, sans frais cach\u00e9s.<\/strong><\/p>\n<\/li>\n<li>\n<p class=\"p1\"><strong>Options de paiement s\u00e9curis\u00e9 par carte de cr\u00e9dit\/d\u00e9bit ou PayPal.<\/strong><\/p>\n<\/li>\n<li>\n<p class=\"p1\"><strong>Paiement SSL crypt\u00e9 avec panier d'achat s\u00e9curis\u00e9 par McAfee.<\/strong><\/p>\n<\/li>\n<li>\n<p class=\"p1\"><strong>Un service complet de bout en bout pour chaque client.<\/strong><\/p>\n<\/li>\n<\/ol>\n<p class=\"p1\" style=\"text-align: center;\"><strong>\u2705 En stock et exp\u00e9di\u00e9 rapidement<\/strong><\/p>\n<p class=\"p1\" style=\"text-align: center;\"><strong>\ud83d\udce6 Garantie 1 an | Certifi\u00e9 CE + RoHS<\/strong><\/p>\n<p class=\"p1\" style=\"text-align: center;\"><strong>\ud83d\udea8 Commandez maintenant - Unit\u00e9s limit\u00e9es disponibles !<\/strong><\/p>\n<p><img decoding=\"async\" class=\"aligncenter\" src=\"https:\/\/sc04.alicdn.com\/kf\/H1aeb34590341493aaf9975efbf57ecdaY\/200265482\/H1aeb34590341493aaf9975efbf57ecdaY.jpg\" \/><\/p>\n<p>&nbsp;<\/p>","protected":false},"excerpt":{"rendered":"<ul>\n<li>\n<p class=\"p1\"><span class=\"s1\"><b>1-7L D\u00e9bit r\u00e9glable :<\/b><\/span> Fourniture d'oxyg\u00e8ne sur mesure avec une puret\u00e9 de 93%.<\/p>\n<\/li>\n<li>\n<p class=\"p1\"><span class=\"s1\"><b>Contr\u00f4le silencieux et facile :<\/b><\/span> &lt;50dB, \u00e9cran tactile + t\u00e9l\u00e9commande.<\/p>\n<\/li>\n<li>\n<p class=\"p1\"><span class=\"s1\"><b>Certifi\u00e9 s\u00fbr :<\/b><\/span> CE, RoHS, ISO, CFDA + alarmes de s\u00e9curit\u00e9.<\/p>\n<\/li>\n<\/ul>","protected":false},"featured_media":36286,"comment_status":"open","ping_status":"closed","template":"","meta":[],"product_brand":[],"product_cat":[286,1761,1719],"product_tag":[],"class_list":{"0":"post-34106","1":"product","2":"type-product","3":"status-publish","4":"has-post-thumbnail","6":"product_cat-health-wellness","7":"product_cat-oxygen-concentrators","8":"product_cat-respiratory-care-oxygen-therapy","10":"first","11":"outofstock","12":"sale","13":"shipping-taxable","14":"purchasable","15":"product-type-simple"},"_links":{"self":[{"href":"https:\/\/broxtal.com\/fr\/wp-json\/wp\/v2\/product\/34106","targetHints":{"allow":["GET"]}}],"collection":[{"href":"https:\/\/broxtal.com\/fr\/wp-json\/wp\/v2\/product"}],"about":[{"href":"https:\/\/broxtal.com\/fr\/wp-json\/wp\/v2\/types\/product"}],"replies":[{"embeddable":true,"href":"https:\/\/broxtal.com\/fr\/wp-json\/wp\/v2\/comments?post=34106"}],"version-history":[{"count":8,"href":"https:\/\/broxtal.com\/fr\/wp-json\/wp\/v2\/product\/34106\/revisions"}],"predecessor-version":[{"id":35797,"href":"https:\/\/broxtal.com\/fr\/wp-json\/wp\/v2\/product\/34106\/revisions\/35797"}],"wp:featuredmedia":[{"embeddable":true,"href":"https:\/\/broxtal.com\/fr\/wp-json\/wp\/v2\/media\/36286"}],"wp:attachment":[{"href":"https:\/\/broxtal.com\/fr\/wp-json\/wp\/v2\/media?parent=34106"}],"wp:term":[{"taxonomy":"product_brand","embeddable":true,"href":"https:\/\/broxtal.com\/fr\/wp-json\/wp\/v2\/product_brand?post=34106"},{"taxonomy":"product_cat","embeddable":true,"href":"https:\/\/broxtal.com\/fr\/wp-json\/wp\/v2\/product_cat?post=34106"},{"taxonomy":"product_tag","embeddable":true,"href":"https:\/\/broxtal.com\/fr\/wp-json\/wp\/v2\/product_tag?post=34106"}],"curies":[{"name":"wp","href":"https:\/\/api.w.org\/{rel}","templated":true}]}}