{"id":35202,"date":"2025-06-23T08:18:19","date_gmt":"2025-06-23T07:18:19","guid":{"rendered":"https:\/\/broxtal.com\/?post_type=product&#038;p=35202"},"modified":"2026-01-09T00:45:36","modified_gmt":"2026-01-09T00:45:36","slug":"iniu-mini-power-bank-fast-charging-25000mah","status":"publish","type":"product","link":"https:\/\/broxtal.com\/fr\/produit\/iniu-mini-power-bank-fast-charging-25000mah\/","title":{"rendered":"INIU Mini Power Bank - Chargement rapide - 25000mAh"},"content":{"rendered":"<h1 class=\"a-size-large a-spacing-none\" style=\"text-align: center;\"><span class=\"a-size-large product-title-word-break\">INIU Mini Power Bank avec PD QC Fast Charging (USB-C in\/Out) - <\/span><span id=\"productTitle\" class=\"a-size-large product-title-word-break\">Chargeur portable 100W 25000mAh<\/span><\/h1>\n<p><img fetchpriority=\"high\" decoding=\"async\" class=\"aligncenter size-large wp-image-35206\" src=\"https:\/\/broxtal.com\/wp-content\/uploads\/2025\/06\/mini-power-bank-2-1300x533.webp\" alt=\"\" width=\"1300\" height=\"533\" srcset=\"https:\/\/broxtal.com\/wp-content\/uploads\/2025\/06\/mini-power-bank-2-1300x533.webp 1300w, https:\/\/broxtal.com\/wp-content\/uploads\/2025\/06\/mini-power-bank-2-400x164.webp 400w, https:\/\/broxtal.com\/wp-content\/uploads\/2025\/06\/mini-power-bank-2-768x315.webp 768w, https:\/\/broxtal.com\/wp-content\/uploads\/2025\/06\/mini-power-bank-2-18x7.webp 18w, https:\/\/broxtal.com\/wp-content\/uploads\/2025\/06\/mini-power-bank-2-1200x492.webp 1200w, https:\/\/broxtal.com\/wp-content\/uploads\/2025\/06\/mini-power-bank-2-60x25.webp 60w, https:\/\/broxtal.com\/wp-content\/uploads\/2025\/06\/mini-power-bank-2-110x45.webp 110w, https:\/\/broxtal.com\/wp-content\/uploads\/2025\/06\/mini-power-bank-2-600x246.webp 600w, https:\/\/broxtal.com\/wp-content\/uploads\/2025\/06\/mini-power-bank-2-150x61.webp 150w, https:\/\/broxtal.com\/wp-content\/uploads\/2025\/06\/mini-power-bank-2.webp 1464w\" sizes=\"(max-width: 1300px) 100vw, 1300px\" \/> <img decoding=\"async\" class=\"aligncenter size-large wp-image-35205\" src=\"https:\/\/broxtal.com\/wp-content\/uploads\/2025\/06\/mini-power-bank-1-1300x533.webp\" alt=\"\" width=\"1300\" height=\"533\" srcset=\"https:\/\/broxtal.com\/wp-content\/uploads\/2025\/06\/mini-power-bank-1-1300x533.webp 1300w, https:\/\/broxtal.com\/wp-content\/uploads\/2025\/06\/mini-power-bank-1-400x164.webp 400w, https:\/\/broxtal.com\/wp-content\/uploads\/2025\/06\/mini-power-bank-1-768x315.webp 768w, https:\/\/broxtal.com\/wp-content\/uploads\/2025\/06\/mini-power-bank-1-18x7.webp 18w, https:\/\/broxtal.com\/wp-content\/uploads\/2025\/06\/mini-power-bank-1-1200x492.webp 1200w, https:\/\/broxtal.com\/wp-content\/uploads\/2025\/06\/mini-power-bank-1-60x25.webp 60w, https:\/\/broxtal.com\/wp-content\/uploads\/2025\/06\/mini-power-bank-1-110x45.webp 110w, https:\/\/broxtal.com\/wp-content\/uploads\/2025\/06\/mini-power-bank-1-600x246.webp 600w, https:\/\/broxtal.com\/wp-content\/uploads\/2025\/06\/mini-power-bank-1-150x61.webp 150w, https:\/\/broxtal.com\/wp-content\/uploads\/2025\/06\/mini-power-bank-1.webp 1464w\" sizes=\"(max-width: 1300px) 100vw, 1300px\" \/> <img decoding=\"async\" class=\"aligncenter size-large wp-image-35207\" src=\"https:\/\/broxtal.com\/wp-content\/uploads\/2025\/06\/mini-power-bank-3-1300x533.webp\" alt=\"\" width=\"1300\" height=\"533\" srcset=\"https:\/\/broxtal.com\/wp-content\/uploads\/2025\/06\/mini-power-bank-3-1300x533.webp 1300w, https:\/\/broxtal.com\/wp-content\/uploads\/2025\/06\/mini-power-bank-3-400x164.webp 400w, https:\/\/broxtal.com\/wp-content\/uploads\/2025\/06\/mini-power-bank-3-768x315.webp 768w, https:\/\/broxtal.com\/wp-content\/uploads\/2025\/06\/mini-power-bank-3-18x7.webp 18w, https:\/\/broxtal.com\/wp-content\/uploads\/2025\/06\/mini-power-bank-3-1200x492.webp 1200w, https:\/\/broxtal.com\/wp-content\/uploads\/2025\/06\/mini-power-bank-3-60x25.webp 60w, https:\/\/broxtal.com\/wp-content\/uploads\/2025\/06\/mini-power-bank-3-110x45.webp 110w, https:\/\/broxtal.com\/wp-content\/uploads\/2025\/06\/mini-power-bank-3-600x246.webp 600w, https:\/\/broxtal.com\/wp-content\/uploads\/2025\/06\/mini-power-bank-3-150x61.webp 150w, https:\/\/broxtal.com\/wp-content\/uploads\/2025\/06\/mini-power-bank-3.webp 1464w\" sizes=\"(max-width: 1300px) 100vw, 1300px\" \/><\/p>\n<h4><span class=\"a-list-item\">Mini Power Bank d'INIU<\/span><\/h4>\n<p><span class=\"a-list-item\">Faites l'exp\u00e9rience de la charge la plus s\u00fbre avec plus de 38 millions d'utilisateurs dans le monde. Chez INIU, nous n'utilisons que des mat\u00e9riaux de la plus haute qualit\u00e9, ce qui nous permet d'offrir une garantie de 3 ans, la meilleure du secteur.<\/span><\/p>\n<ul class=\"a-unordered-list a-vertical a-spacing-mini\">\n<li class=\"a-spacing-mini\"><span class=\"a-list-item\">Mini Power Bank d'INIU <\/span>Le plus petit 100W 25000mAh du march\u00e9 : \u00e9quip\u00e9 de la premi\u00e8re TinyCell haute densit\u00e9 d'iNiu et de la technologie r\u00e9volutionnaire HyperStack, ce banc d'alimentation d\u00e9passe les limites de taille des chargeurs \u00e0 haute capacit\u00e9. Fini les briques encombrantes, place \u00e0 la portabilit\u00e9 compacte.<\/li>\n<li class=\"a-spacing-mini\"><span class=\"a-list-item\">Mini Power Bank d'INIU Pr\u00eat pour iPhone et MacBook en 25 minutes : Indispensable pour les utilisateurs de plusieurs appareils, cette banque d'alimentation permet une charge rapide de 110 W pour deux appareils \u00e0 la fois. En seulement 25 minutes, il peut charger votre MacBook Pro 14\u2033 \u00e0 42% et votre iPhone 15 \u00e0 62%.<\/span><\/li>\n<li class=\"a-spacing-mini\"><span class=\"a-list-item\">Mini Power Bank INIU 100W Port USB-C pour une charge et une recharge rapides : Avec une entr\u00e9e\/sortie USB-C 100W, cette banque d'alimentation prend en charge la charge super rapide Samsung 2.0, permettant au Samsung S24 Ultra d'atteindre 75% en 30 minutes. La recharge compl\u00e8te s'effectue en seulement 1,4 heure.<\/span><\/li>\n<li class=\"a-spacing-mini\"><span class=\"a-list-item\">Chargement \u00e0 pleine vitesse pour Steam Deck : Faites passer vos sessions de jeu \u00e0 la vitesse sup\u00e9rieure en rechargeant votre console de jeu Steam Deck \u00e0 sa vitesse maximale.<\/span><\/li>\n<li class=\"a-spacing-mini\"><span class=\"a-list-item\">Airline Friendly 25,000mAh : La capacit\u00e9 de 25000mAh permet un voyage d'une semaine, en chargeant tous vos appareils avec un seul banc d'alimentation.<\/span><\/li>\n<li class=\"a-spacing-mini\"><span class=\"a-list-item\">Ce que vous obtenez : Banc de batterie INIU 100W*1, c\u00e2ble USB C \u00e0 USB C de 0,3 m\/1ft*1, manuel d'utilisation*1. Profitez de l'assistance iNiu de 3 ans, pour tout probl\u00e8me de qualit\u00e9, nous vous enverrons un nouvel appareil.<\/span><\/li>\n<li><\/li>\n<\/ul>\n<p><img loading=\"lazy\" decoding=\"async\" class=\"aligncenter size-full wp-image-35211\" src=\"https:\/\/broxtal.com\/wp-content\/uploads\/2025\/06\/mini-power-bank-7.webp\" alt=\"\" width=\"569\" height=\"711\" srcset=\"https:\/\/broxtal.com\/wp-content\/uploads\/2025\/06\/mini-power-bank-7.webp 569w, https:\/\/broxtal.com\/wp-content\/uploads\/2025\/06\/mini-power-bank-7-240x300.webp 240w, https:\/\/broxtal.com\/wp-content\/uploads\/2025\/06\/mini-power-bank-7-10x12.webp 10w, https:\/\/broxtal.com\/wp-content\/uploads\/2025\/06\/mini-power-bank-7-60x75.webp 60w, https:\/\/broxtal.com\/wp-content\/uploads\/2025\/06\/mini-power-bank-7-110x137.webp 110w, https:\/\/broxtal.com\/wp-content\/uploads\/2025\/06\/mini-power-bank-7-150x187.webp 150w\" sizes=\"(max-width: 569px) 100vw, 569px\" \/> <img loading=\"lazy\" decoding=\"async\" class=\"aligncenter size-full wp-image-35210\" src=\"https:\/\/broxtal.com\/wp-content\/uploads\/2025\/06\/mini-power-bank-6.webp\" alt=\"\" width=\"569\" height=\"711\" srcset=\"https:\/\/broxtal.com\/wp-content\/uploads\/2025\/06\/mini-power-bank-6.webp 569w, https:\/\/broxtal.com\/wp-content\/uploads\/2025\/06\/mini-power-bank-6-240x300.webp 240w, https:\/\/broxtal.com\/wp-content\/uploads\/2025\/06\/mini-power-bank-6-10x12.webp 10w, https:\/\/broxtal.com\/wp-content\/uploads\/2025\/06\/mini-power-bank-6-60x75.webp 60w, https:\/\/broxtal.com\/wp-content\/uploads\/2025\/06\/mini-power-bank-6-110x137.webp 110w, https:\/\/broxtal.com\/wp-content\/uploads\/2025\/06\/mini-power-bank-6-150x187.webp 150w\" sizes=\"(max-width: 569px) 100vw, 569px\" \/> <img loading=\"lazy\" decoding=\"async\" class=\"aligncenter size-full wp-image-35204\" src=\"https:\/\/broxtal.com\/wp-content\/uploads\/2025\/06\/mini-power-bank-9.webp\" alt=\"\" width=\"569\" height=\"711\" srcset=\"https:\/\/broxtal.com\/wp-content\/uploads\/2025\/06\/mini-power-bank-9.webp 569w, https:\/\/broxtal.com\/wp-content\/uploads\/2025\/06\/mini-power-bank-9-240x300.webp 240w, https:\/\/broxtal.com\/wp-content\/uploads\/2025\/06\/mini-power-bank-9-10x12.webp 10w, https:\/\/broxtal.com\/wp-content\/uploads\/2025\/06\/mini-power-bank-9-60x75.webp 60w, https:\/\/broxtal.com\/wp-content\/uploads\/2025\/06\/mini-power-bank-9-110x137.webp 110w, https:\/\/broxtal.com\/wp-content\/uploads\/2025\/06\/mini-power-bank-9-150x187.webp 150w\" sizes=\"(max-width: 569px) 100vw, 569px\" \/> <img loading=\"lazy\" decoding=\"async\" class=\"aligncenter size-full wp-image-35203\" src=\"https:\/\/broxtal.com\/wp-content\/uploads\/2025\/06\/mini-power-bank-8.webp\" alt=\"\" width=\"569\" height=\"711\" srcset=\"https:\/\/broxtal.com\/wp-content\/uploads\/2025\/06\/mini-power-bank-8.webp 569w, https:\/\/broxtal.com\/wp-content\/uploads\/2025\/06\/mini-power-bank-8-240x300.webp 240w, https:\/\/broxtal.com\/wp-content\/uploads\/2025\/06\/mini-power-bank-8-10x12.webp 10w, https:\/\/broxtal.com\/wp-content\/uploads\/2025\/06\/mini-power-bank-8-60x75.webp 60w, https:\/\/broxtal.com\/wp-content\/uploads\/2025\/06\/mini-power-bank-8-110x137.webp 110w, https:\/\/broxtal.com\/wp-content\/uploads\/2025\/06\/mini-power-bank-8-150x187.webp 150w\" sizes=\"(max-width: 569px) 100vw, 569px\" \/><\/p>","protected":false},"excerpt":{"rendered":"<p>INIU Mini Power Bank with PD QC Fast Charging (USB-C in\/Out) &#8211; 100W 25000mAh Portable Charger INIU Mini Power Bank<\/p>","protected":false},"featured_media":35208,"comment_status":"open","ping_status":"closed","template":"","meta":[],"product_brand":[],"product_cat":[286,1763,1719],"product_tag":[],"class_list":{"0":"post-35202","1":"product","2":"type-product","3":"status-publish","4":"has-post-thumbnail","6":"product_cat-health-wellness","7":"product_cat-masks-accessories","8":"product_cat-respiratory-care-oxygen-therapy","10":"first","11":"instock","12":"sale","13":"shipping-taxable","14":"purchasable","15":"product-type-simple"},"_links":{"self":[{"href":"https:\/\/broxtal.com\/fr\/wp-json\/wp\/v2\/product\/35202","targetHints":{"allow":["GET"]}}],"collection":[{"href":"https:\/\/broxtal.com\/fr\/wp-json\/wp\/v2\/product"}],"about":[{"href":"https:\/\/broxtal.com\/fr\/wp-json\/wp\/v2\/types\/product"}],"replies":[{"embeddable":true,"href":"https:\/\/broxtal.com\/fr\/wp-json\/wp\/v2\/comments?post=35202"}],"version-history":[{"count":4,"href":"https:\/\/broxtal.com\/fr\/wp-json\/wp\/v2\/product\/35202\/revisions"}],"predecessor-version":[{"id":36037,"href":"https:\/\/broxtal.com\/fr\/wp-json\/wp\/v2\/product\/35202\/revisions\/36037"}],"wp:featuredmedia":[{"embeddable":true,"href":"https:\/\/broxtal.com\/fr\/wp-json\/wp\/v2\/media\/35208"}],"wp:attachment":[{"href":"https:\/\/broxtal.com\/fr\/wp-json\/wp\/v2\/media?parent=35202"}],"wp:term":[{"taxonomy":"product_brand","embeddable":true,"href":"https:\/\/broxtal.com\/fr\/wp-json\/wp\/v2\/product_brand?post=35202"},{"taxonomy":"product_cat","embeddable":true,"href":"https:\/\/broxtal.com\/fr\/wp-json\/wp\/v2\/product_cat?post=35202"},{"taxonomy":"product_tag","embeddable":true,"href":"https:\/\/broxtal.com\/fr\/wp-json\/wp\/v2\/product_tag?post=35202"}],"curies":[{"name":"wp","href":"https:\/\/api.w.org\/{rel}","templated":true}]}}