{"id":35854,"date":"2025-07-01T12:52:48","date_gmt":"2025-07-01T11:52:48","guid":{"rendered":"https:\/\/broxtal.com\/?post_type=product&#038;p=35854"},"modified":"2025-07-15T00:47:26","modified_gmt":"2025-07-14T23:47:26","slug":"cpap-cleaner-and-sanitizer-bundle","status":"publish","type":"product","link":"https:\/\/broxtal.com\/fr\/produit\/cpap-cleaner-and-sanitizer-bundle\/","title":{"rendered":"Ensemble de nettoyeurs et d'assainisseurs CPAP"},"content":{"rendered":"<h1 style=\"text-align: center;\"><span style=\"color: #0000ff;\">Respirer frais, propre et sans souci avec le nettoyant pour CPAP PEIPU<\/span><\/h1>\n<h2 style=\"text-align: center;\">L'ensemble nettoyeur et assainisseur CPAP ; solution d'assainissement intelligente, portable et en un seul clic pour les utilisateurs de CPAP. <span id=\"productTitle\" class=\"a-size-large product-title-word-break\">avec sac de d\u00e9sinfection pour masque et adaptateurs pour tuyaux chauffants<\/span><\/h2>\n<h2 data-start=\"272\" data-end=\"290\"><img fetchpriority=\"high\" decoding=\"async\" class=\"aligncenter size-large wp-image-35858\" src=\"https:\/\/broxtal.com\/wp-content\/uploads\/2025\/07\/CPAP-Cleaner-and-Sanitizer-Bundle-5-800x800.webp\" alt=\"CPAP-Cleaner-and-Sanitizer-Bundle\" width=\"800\" height=\"800\" srcset=\"https:\/\/broxtal.com\/wp-content\/uploads\/2025\/07\/CPAP-Cleaner-and-Sanitizer-Bundle-5-800x800.webp 800w, https:\/\/broxtal.com\/wp-content\/uploads\/2025\/07\/CPAP-Cleaner-and-Sanitizer-Bundle-5-300x300.webp 300w, https:\/\/broxtal.com\/wp-content\/uploads\/2025\/07\/CPAP-Cleaner-and-Sanitizer-Bundle-5-150x150.webp 150w, https:\/\/broxtal.com\/wp-content\/uploads\/2025\/07\/CPAP-Cleaner-and-Sanitizer-Bundle-5-768x768.webp 768w, https:\/\/broxtal.com\/wp-content\/uploads\/2025\/07\/CPAP-Cleaner-and-Sanitizer-Bundle-5-12x12.webp 12w, https:\/\/broxtal.com\/wp-content\/uploads\/2025\/07\/CPAP-Cleaner-and-Sanitizer-Bundle-5-1200x1200.webp 1200w, https:\/\/broxtal.com\/wp-content\/uploads\/2025\/07\/CPAP-Cleaner-and-Sanitizer-Bundle-5-60x60.webp 60w, https:\/\/broxtal.com\/wp-content\/uploads\/2025\/07\/CPAP-Cleaner-and-Sanitizer-Bundle-5-110x110.webp 110w, https:\/\/broxtal.com\/wp-content\/uploads\/2025\/07\/CPAP-Cleaner-and-Sanitizer-Bundle-5-600x600.webp 600w, https:\/\/broxtal.com\/wp-content\/uploads\/2025\/07\/CPAP-Cleaner-and-Sanitizer-Bundle-5-32x32.webp 32w, https:\/\/broxtal.com\/wp-content\/uploads\/2025\/07\/CPAP-Cleaner-and-Sanitizer-Bundle-5-64x64.webp 64w, https:\/\/broxtal.com\/wp-content\/uploads\/2025\/07\/CPAP-Cleaner-and-Sanitizer-Bundle-5.webp 1429w\" sizes=\"(max-width: 800px) 100vw, 800px\" \/><\/h2>\n<h2 data-start=\"272\" data-end=\"290\">Caract\u00e9ristiques de l'ensemble de nettoyage et d'assainissement CPAP :<\/h2>\n<ul>\n<li data-start=\"293\" data-end=\"434\">Facile \u00e0 utiliser : Il suffit de se connecter, d'appuyer sur un bouton et de s'\u00e9loigner. Le nettoyeur s'\u00e9teint automatiquement apr\u00e8s le cycle - pas de minuterie manuelle, pas de stress.<\/li>\n<li data-start=\"437\" data-end=\"563\">Assainissement rapide et puissant : Profitez d'un cycle de nettoyage complet en seulement 25 minutes avec une \u00e9limination des bact\u00e9ries de 99,99%.<\/li>\n<li data-start=\"566\" data-end=\"692\">Compatibilit\u00e9 universelle : Fonctionne avec presque toutes les machines CPAP, y compris divers masques, oreillers nasaux, coussins et tubes.<\/li>\n<li data-start=\"695\" data-end=\"837\">Batterie longue dur\u00e9e : Une puissante batterie rechargeable de 2600mAh permet d'effectuer 8 \u00e0 10 cycles de nettoyage avec une seule charge, ce qui est parfait pour les voyages.<\/li>\n<li data-start=\"840\" data-end=\"982\">Ultra-portable : Il p\u00e8se moins de 1,5 kg et est livr\u00e9 avec un sac de d\u00e9sinfection de voyage de premi\u00e8re qualit\u00e9, id\u00e9al pour les voyages, les h\u00f4tels et les d\u00e9placements.<\/li>\n<li data-start=\"985\" data-end=\"1084\">Ensemble complet : Fourni avec tous les adaptateurs et accessoires essentiels pour s'adapter \u00e0 votre installation CPAP.<\/li>\n<\/ul>\n<h2 data-start=\"1333\" data-end=\"1360\">Sp\u00e9cifications Table :<\/h2>\n<div class=\"_tableContainer_80l1q_1\">\n<div class=\"_tableWrapper_80l1q_14 group flex w-fit flex-col-reverse\" tabindex=\"-1\">\n<table class=\"w-fit min-w-(--thread-content-width)\" data-start=\"1362\" data-end=\"2018\">\n<thead data-start=\"1362\" data-end=\"1434\">\n<tr data-start=\"1362\" data-end=\"1434\">\n<th data-start=\"1362\" data-end=\"1390\" data-col-size=\"sm\">Fonctionnalit\u00e9<\/th>\n<th data-start=\"1390\" data-end=\"1434\" data-col-size=\"md\">D\u00e9tails<\/th>\n<\/tr>\n<\/thead>\n<tbody data-start=\"1508\" data-end=\"2018\">\n<tr data-start=\"1508\" data-end=\"1580\">\n<td data-start=\"1508\" data-end=\"1536\" data-col-size=\"sm\">Dur\u00e9e du cycle de nettoyage<\/td>\n<td data-start=\"1536\" data-end=\"1580\" data-col-size=\"md\">25 minutes<\/td>\n<\/tr>\n<tr data-start=\"1581\" data-end=\"1653\">\n<td data-start=\"1581\" data-end=\"1609\" data-col-size=\"sm\">Taux d'\u00e9limination des bact\u00e9ries<\/td>\n<td data-start=\"1609\" data-end=\"1653\" data-col-size=\"md\">99.99%<\/td>\n<\/tr>\n<tr data-start=\"1654\" data-end=\"1726\">\n<td data-start=\"1654\" data-end=\"1682\" data-col-size=\"sm\">Capacit\u00e9 de la batterie<\/td>\n<td data-start=\"1682\" data-end=\"1726\" data-col-size=\"md\">2600mAh (8-10 cycles de nettoyage par charge)<\/td>\n<\/tr>\n<tr data-start=\"1727\" data-end=\"1799\">\n<td data-start=\"1727\" data-end=\"1755\" data-col-size=\"sm\">Poids<\/td>\n<td data-start=\"1755\" data-end=\"1799\" data-col-size=\"md\">Moins d'un kilo et demi<\/td>\n<\/tr>\n<tr data-start=\"1800\" data-end=\"1872\">\n<td data-start=\"1800\" data-end=\"1828\" data-col-size=\"sm\">Compatibilit\u00e9<\/td>\n<td data-col-size=\"md\" data-start=\"1828\" data-end=\"1872\">Presque tous les appareils et accessoires de PPC<\/td>\n<\/tr>\n<tr data-start=\"1873\" data-end=\"1945\">\n<td data-start=\"1873\" data-end=\"1901\" data-col-size=\"sm\">Sac de voyage<\/td>\n<td data-start=\"1901\" data-end=\"1945\" data-col-size=\"md\">Inclus (Qualit\u00e9 Premium)<\/td>\n<\/tr>\n<tr data-start=\"1946\" data-end=\"2018\">\n<td data-start=\"1946\" data-end=\"1974\" data-col-size=\"sm\">Garantie<\/td>\n<td data-col-size=\"md\" data-start=\"1974\" data-end=\"2018\">1 an<\/td>\n<\/tr>\n<\/tbody>\n<\/table>\n<div class=\"sticky end-(--thread-content-margin) h-0 self-end select-none\">\n<div class=\"absolute end-0 flex items-end\"><\/div>\n<\/div>\n<\/div>\n<\/div>\n<h2 data-start=\"2025\" data-end=\"2048\">Pourquoi choisir l'ensemble nettoyant et d\u00e9sinfectant pour CPAP ?<\/h2>\n<p data-start=\"2049\" data-end=\"2264\">Ne lavez plus votre CPAP et ses composants \u00e0 la main. Avec PEIPU, vous obtiendrez <strong data-start=\"2120\" data-end=\"2173\">nettoyage automatique et efficace en un seul clic<\/strong>-Plus de tracas, plus de perte de temps. Parfait pour <strong data-start=\"2223\" data-end=\"2264\">utilisation quotidienne \u00e0 domicile et voyage pratique.<\/strong><\/p>\n<h3>Ce qui est inclus :<\/h3>\n<ul>\n<li data-start=\"1116\" data-end=\"1140\">1 x PEIPU Nettoyeur CPAP<\/li>\n<li data-start=\"1143\" data-end=\"1160\">1 x Manuel de l'utilisateur<\/li>\n<li data-start=\"1163\" data-end=\"1198\">1 x Sac de d\u00e9sinfection de voyage de premi\u00e8re qualit\u00e9<\/li>\n<li data-start=\"1201\" data-end=\"1230\">1 x Nouvel adaptateur pour tuyau chauffant<\/li>\n<li data-start=\"1233\" data-end=\"1254\">1 x Adaptateur AirMini<\/li>\n<li data-start=\"1257\" data-end=\"1281\">1 x c\u00e2ble de chargement USB<\/li>\n<li data-start=\"1284\" data-end=\"1300\">1 x adaptateur CA<\/li>\n<li data-start=\"1303\" data-end=\"1326\">Garantie PEIPU de 1 an<\/li>\n<\/ul>\n<p><img decoding=\"async\" class=\"aligncenter size-large wp-image-35859\" src=\"https:\/\/broxtal.com\/wp-content\/uploads\/2025\/07\/CPAP-Cleaner-and-Sanitizer-Bundle-6-800x800.webp\" alt=\"\" width=\"800\" height=\"800\" srcset=\"https:\/\/broxtal.com\/wp-content\/uploads\/2025\/07\/CPAP-Cleaner-and-Sanitizer-Bundle-6-800x800.webp 800w, https:\/\/broxtal.com\/wp-content\/uploads\/2025\/07\/CPAP-Cleaner-and-Sanitizer-Bundle-6-300x300.webp 300w, https:\/\/broxtal.com\/wp-content\/uploads\/2025\/07\/CPAP-Cleaner-and-Sanitizer-Bundle-6-150x150.webp 150w, https:\/\/broxtal.com\/wp-content\/uploads\/2025\/07\/CPAP-Cleaner-and-Sanitizer-Bundle-6-768x768.webp 768w, https:\/\/broxtal.com\/wp-content\/uploads\/2025\/07\/CPAP-Cleaner-and-Sanitizer-Bundle-6-12x12.webp 12w, https:\/\/broxtal.com\/wp-content\/uploads\/2025\/07\/CPAP-Cleaner-and-Sanitizer-Bundle-6-1200x1200.webp 1200w, https:\/\/broxtal.com\/wp-content\/uploads\/2025\/07\/CPAP-Cleaner-and-Sanitizer-Bundle-6-60x60.webp 60w, https:\/\/broxtal.com\/wp-content\/uploads\/2025\/07\/CPAP-Cleaner-and-Sanitizer-Bundle-6-110x110.webp 110w, https:\/\/broxtal.com\/wp-content\/uploads\/2025\/07\/CPAP-Cleaner-and-Sanitizer-Bundle-6-600x600.webp 600w, https:\/\/broxtal.com\/wp-content\/uploads\/2025\/07\/CPAP-Cleaner-and-Sanitizer-Bundle-6-32x32.webp 32w, https:\/\/broxtal.com\/wp-content\/uploads\/2025\/07\/CPAP-Cleaner-and-Sanitizer-Bundle-6.webp 1500w\" sizes=\"(max-width: 800px) 100vw, 800px\" \/> <img decoding=\"async\" class=\"aligncenter size-large wp-image-35857\" src=\"https:\/\/broxtal.com\/wp-content\/uploads\/2025\/07\/CPAP-Cleaner-and-Sanitizer-Bundle-4-800x800.webp\" alt=\"\" width=\"800\" height=\"800\" srcset=\"https:\/\/broxtal.com\/wp-content\/uploads\/2025\/07\/CPAP-Cleaner-and-Sanitizer-Bundle-4-800x800.webp 800w, https:\/\/broxtal.com\/wp-content\/uploads\/2025\/07\/CPAP-Cleaner-and-Sanitizer-Bundle-4-300x300.webp 300w, https:\/\/broxtal.com\/wp-content\/uploads\/2025\/07\/CPAP-Cleaner-and-Sanitizer-Bundle-4-150x150.webp 150w, https:\/\/broxtal.com\/wp-content\/uploads\/2025\/07\/CPAP-Cleaner-and-Sanitizer-Bundle-4-768x768.webp 768w, https:\/\/broxtal.com\/wp-content\/uploads\/2025\/07\/CPAP-Cleaner-and-Sanitizer-Bundle-4-12x12.webp 12w, https:\/\/broxtal.com\/wp-content\/uploads\/2025\/07\/CPAP-Cleaner-and-Sanitizer-Bundle-4-1200x1200.webp 1200w, https:\/\/broxtal.com\/wp-content\/uploads\/2025\/07\/CPAP-Cleaner-and-Sanitizer-Bundle-4-60x60.webp 60w, https:\/\/broxtal.com\/wp-content\/uploads\/2025\/07\/CPAP-Cleaner-and-Sanitizer-Bundle-4-110x110.webp 110w, https:\/\/broxtal.com\/wp-content\/uploads\/2025\/07\/CPAP-Cleaner-and-Sanitizer-Bundle-4-600x600.webp 600w, https:\/\/broxtal.com\/wp-content\/uploads\/2025\/07\/CPAP-Cleaner-and-Sanitizer-Bundle-4-32x32.webp 32w, https:\/\/broxtal.com\/wp-content\/uploads\/2025\/07\/CPAP-Cleaner-and-Sanitizer-Bundle-4.webp 1500w\" sizes=\"(max-width: 800px) 100vw, 800px\" \/> <img loading=\"lazy\" decoding=\"async\" class=\"aligncenter size-large wp-image-35856\" src=\"https:\/\/broxtal.com\/wp-content\/uploads\/2025\/07\/CPAP-Cleaner-and-Sanitizer-Bundle-3-847x800.webp\" alt=\"\" width=\"847\" height=\"800\" srcset=\"https:\/\/broxtal.com\/wp-content\/uploads\/2025\/07\/CPAP-Cleaner-and-Sanitizer-Bundle-3-847x800.webp 847w, https:\/\/broxtal.com\/wp-content\/uploads\/2025\/07\/CPAP-Cleaner-and-Sanitizer-Bundle-3-318x300.webp 318w, https:\/\/broxtal.com\/wp-content\/uploads\/2025\/07\/CPAP-Cleaner-and-Sanitizer-Bundle-3-768x725.webp 768w, https:\/\/broxtal.com\/wp-content\/uploads\/2025\/07\/CPAP-Cleaner-and-Sanitizer-Bundle-3-13x12.webp 13w, https:\/\/broxtal.com\/wp-content\/uploads\/2025\/07\/CPAP-Cleaner-and-Sanitizer-Bundle-3-1200x1133.webp 1200w, https:\/\/broxtal.com\/wp-content\/uploads\/2025\/07\/CPAP-Cleaner-and-Sanitizer-Bundle-3-60x57.webp 60w, https:\/\/broxtal.com\/wp-content\/uploads\/2025\/07\/CPAP-Cleaner-and-Sanitizer-Bundle-3-110x104.webp 110w, https:\/\/broxtal.com\/wp-content\/uploads\/2025\/07\/CPAP-Cleaner-and-Sanitizer-Bundle-3-600x566.webp 600w, https:\/\/broxtal.com\/wp-content\/uploads\/2025\/07\/CPAP-Cleaner-and-Sanitizer-Bundle-3-150x142.webp 150w, https:\/\/broxtal.com\/wp-content\/uploads\/2025\/07\/CPAP-Cleaner-and-Sanitizer-Bundle-3.webp 1500w\" sizes=\"(max-width: 847px) 100vw, 847px\" \/> <img loading=\"lazy\" decoding=\"async\" class=\"aligncenter size-large wp-image-35860\" src=\"https:\/\/broxtal.com\/wp-content\/uploads\/2025\/07\/CPAP-Cleaner-and-Sanitizer-Bundle-1-893x800.webp\" alt=\"\" width=\"893\" height=\"800\" srcset=\"https:\/\/broxtal.com\/wp-content\/uploads\/2025\/07\/CPAP-Cleaner-and-Sanitizer-Bundle-1-893x800.webp 893w, https:\/\/broxtal.com\/wp-content\/uploads\/2025\/07\/CPAP-Cleaner-and-Sanitizer-Bundle-1-335x300.webp 335w, https:\/\/broxtal.com\/wp-content\/uploads\/2025\/07\/CPAP-Cleaner-and-Sanitizer-Bundle-1-768x688.webp 768w, https:\/\/broxtal.com\/wp-content\/uploads\/2025\/07\/CPAP-Cleaner-and-Sanitizer-Bundle-1-13x12.webp 13w, https:\/\/broxtal.com\/wp-content\/uploads\/2025\/07\/CPAP-Cleaner-and-Sanitizer-Bundle-1-1200x1075.webp 1200w, https:\/\/broxtal.com\/wp-content\/uploads\/2025\/07\/CPAP-Cleaner-and-Sanitizer-Bundle-1-60x54.webp 60w, https:\/\/broxtal.com\/wp-content\/uploads\/2025\/07\/CPAP-Cleaner-and-Sanitizer-Bundle-1-110x99.webp 110w, https:\/\/broxtal.com\/wp-content\/uploads\/2025\/07\/CPAP-Cleaner-and-Sanitizer-Bundle-1-600x537.webp 600w, https:\/\/broxtal.com\/wp-content\/uploads\/2025\/07\/CPAP-Cleaner-and-Sanitizer-Bundle-1-150x134.webp 150w, https:\/\/broxtal.com\/wp-content\/uploads\/2025\/07\/CPAP-Cleaner-and-Sanitizer-Bundle-1.webp 1426w\" sizes=\"(max-width: 893px) 100vw, 893px\" \/> <img loading=\"lazy\" decoding=\"async\" class=\"aligncenter size-large wp-image-35855\" src=\"https:\/\/broxtal.com\/wp-content\/uploads\/2025\/07\/CPAP-Cleaner-and-Sanitizer-Bundle-2-800x800.webp\" alt=\"\" width=\"800\" height=\"800\" srcset=\"https:\/\/broxtal.com\/wp-content\/uploads\/2025\/07\/CPAP-Cleaner-and-Sanitizer-Bundle-2-800x800.webp 800w, https:\/\/broxtal.com\/wp-content\/uploads\/2025\/07\/CPAP-Cleaner-and-Sanitizer-Bundle-2-300x300.webp 300w, https:\/\/broxtal.com\/wp-content\/uploads\/2025\/07\/CPAP-Cleaner-and-Sanitizer-Bundle-2-150x150.webp 150w, https:\/\/broxtal.com\/wp-content\/uploads\/2025\/07\/CPAP-Cleaner-and-Sanitizer-Bundle-2-768x768.webp 768w, https:\/\/broxtal.com\/wp-content\/uploads\/2025\/07\/CPAP-Cleaner-and-Sanitizer-Bundle-2-12x12.webp 12w, https:\/\/broxtal.com\/wp-content\/uploads\/2025\/07\/CPAP-Cleaner-and-Sanitizer-Bundle-2-1200x1200.webp 1200w, https:\/\/broxtal.com\/wp-content\/uploads\/2025\/07\/CPAP-Cleaner-and-Sanitizer-Bundle-2-60x60.webp 60w, https:\/\/broxtal.com\/wp-content\/uploads\/2025\/07\/CPAP-Cleaner-and-Sanitizer-Bundle-2-110x110.webp 110w, https:\/\/broxtal.com\/wp-content\/uploads\/2025\/07\/CPAP-Cleaner-and-Sanitizer-Bundle-2-600x600.webp 600w, https:\/\/broxtal.com\/wp-content\/uploads\/2025\/07\/CPAP-Cleaner-and-Sanitizer-Bundle-2-32x32.webp 32w, https:\/\/broxtal.com\/wp-content\/uploads\/2025\/07\/CPAP-Cleaner-and-Sanitizer-Bundle-2.webp 1500w\" sizes=\"(max-width: 800px) 100vw, 800px\" \/><\/p>","protected":false},"excerpt":{"rendered":"<p>Breathe Fresh, Clean, and Hassle-Free with PEIPU CPAP Cleaner The CPAP Cleaner and Sanitizer Bundle; Smart, Portable, One-Click Sanitizing Solution<\/p>","protected":false},"featured_media":35858,"comment_status":"open","ping_status":"closed","template":"","meta":[],"product_brand":[],"product_cat":[286,1763,1719],"product_tag":[],"class_list":{"0":"post-35854","1":"product","2":"type-product","3":"status-publish","4":"has-post-thumbnail","6":"product_cat-health-wellness","7":"product_cat-masks-accessories","8":"product_cat-respiratory-care-oxygen-therapy","10":"first","11":"instock","12":"sale","13":"shipping-taxable","14":"purchasable","15":"product-type-simple"},"_links":{"self":[{"href":"https:\/\/broxtal.com\/fr\/wp-json\/wp\/v2\/product\/35854","targetHints":{"allow":["GET"]}}],"collection":[{"href":"https:\/\/broxtal.com\/fr\/wp-json\/wp\/v2\/product"}],"about":[{"href":"https:\/\/broxtal.com\/fr\/wp-json\/wp\/v2\/types\/product"}],"replies":[{"embeddable":true,"href":"https:\/\/broxtal.com\/fr\/wp-json\/wp\/v2\/comments?post=35854"}],"version-history":[{"count":4,"href":"https:\/\/broxtal.com\/fr\/wp-json\/wp\/v2\/product\/35854\/revisions"}],"predecessor-version":[{"id":35862,"href":"https:\/\/broxtal.com\/fr\/wp-json\/wp\/v2\/product\/35854\/revisions\/35862"}],"wp:featuredmedia":[{"embeddable":true,"href":"https:\/\/broxtal.com\/fr\/wp-json\/wp\/v2\/media\/35858"}],"wp:attachment":[{"href":"https:\/\/broxtal.com\/fr\/wp-json\/wp\/v2\/media?parent=35854"}],"wp:term":[{"taxonomy":"product_brand","embeddable":true,"href":"https:\/\/broxtal.com\/fr\/wp-json\/wp\/v2\/product_brand?post=35854"},{"taxonomy":"product_cat","embeddable":true,"href":"https:\/\/broxtal.com\/fr\/wp-json\/wp\/v2\/product_cat?post=35854"},{"taxonomy":"product_tag","embeddable":true,"href":"https:\/\/broxtal.com\/fr\/wp-json\/wp\/v2\/product_tag?post=35854"}],"curies":[{"name":"wp","href":"https:\/\/api.w.org\/{rel}","templated":true}]}}