{"id":36329,"date":"2025-07-10T19:36:01","date_gmt":"2025-07-10T18:36:01","guid":{"rendered":"https:\/\/broxtal.com\/?post_type=product&#038;p=36329"},"modified":"2025-08-10T20:08:45","modified_gmt":"2025-08-10T19:08:45","slug":"yk-p710-small-portable-oxygen-concentrator","status":"publish","type":"product","link":"https:\/\/broxtal.com\/fr\/produit\/yk-p710-small-portable-oxygen-concentrator\/","title":{"rendered":"YK-P710 Petit concentrateur d'oxyg\u00e8ne portable"},"content":{"rendered":"<h1 class=\"ds-markdown-paragraph\" style=\"text-align: center;\"><span style=\"color: #000080;\">YK-P710 Petit concentrateur d'oxyg\u00e8ne portable - L\u00e9ger Pulse Flow Freedom<\/span><\/h1>\n<h3 class=\"ds-markdown-paragraph\" style=\"text-align: center;\"><span style=\"color: #3366ff;\">Th\u00e9rapie par flux puls\u00e9 fiable avec la puret\u00e9 96%, 6 niveaux r\u00e9glables et un design compact de 2,58 kg avec guidage vocal con\u00e7u pour la mobilit\u00e9.<\/span><\/h3>\n<p><img fetchpriority=\"high\" decoding=\"async\" class=\"aligncenter wp-image-36325 size-full\" src=\"https:\/\/broxtal.com\/wp-content\/uploads\/2025\/07\/p510-6.webp\" alt=\"\" width=\"750\" height=\"1108\" \/><\/p>\n<h4 class=\"ds-markdown-paragraph\"><span style=\"color: #000000;\"><strong>Respirez plus facilement o\u00f9 que vous alliez avec <\/strong>YK-P710 Petit concentrateur d'oxyg\u00e8ne portable<\/span><\/h4>\n<p class=\"ds-markdown-paragraph\"><span style=\"color: #000000;\">Le petit concentrateur d'oxyg\u00e8ne portable YK-P710 fournit\u00a0<strong>96%+ oxyg\u00e8ne pur<\/strong> \u00e0 travers six r\u00e9glages de d\u00e9bit (210-1260mL\/min). Pesant seulement <strong>2,58 kg<\/strong> avec la m\u00eame taille compacte (170\u00d7160\u00d760mm), il est con\u00e7u pour les voyages, les th\u00e9rapies quotidiennes et l'utilisation active. Le <strong>alimentation en oxyg\u00e8ne puls\u00e9<\/strong>\u00a0conserve l'oxyg\u00e8ne, tandis que le\u00a0<strong>\u00c9cran OLED et guidage vocal<\/strong>\u00a0le rendre accessible \u00e0 tous les utilisateurs.<\/span><\/p>\n<p><img decoding=\"async\" class=\"aligncenter wp-image-36963 size-full\" src=\"https:\/\/broxtal.com\/wp-content\/uploads\/2025\/07\/4-8-e1753188806825.webp\" alt=\"\" width=\"800\" height=\"520\" srcset=\"https:\/\/broxtal.com\/wp-content\/uploads\/2025\/07\/4-8-e1753188806825.webp 800w, https:\/\/broxtal.com\/wp-content\/uploads\/2025\/07\/4-8-e1753188806825-400x260.webp 400w, https:\/\/broxtal.com\/wp-content\/uploads\/2025\/07\/4-8-e1753188806825-768x499.webp 768w, https:\/\/broxtal.com\/wp-content\/uploads\/2025\/07\/4-8-e1753188806825-18x12.webp 18w, https:\/\/broxtal.com\/wp-content\/uploads\/2025\/07\/4-8-e1753188806825-60x39.webp 60w, https:\/\/broxtal.com\/wp-content\/uploads\/2025\/07\/4-8-e1753188806825-110x72.webp 110w, https:\/\/broxtal.com\/wp-content\/uploads\/2025\/07\/4-8-e1753188806825-600x390.webp 600w, https:\/\/broxtal.com\/wp-content\/uploads\/2025\/07\/4-8-e1753188806825-150x98.webp 150w\" sizes=\"(max-width: 800px) 100vw, 800px\" \/><\/p>\n<h4 class=\"ds-markdown-paragraph\"><span style=\"color: #000000;\"><strong>Con\u00e7u pour la flexibilit\u00e9 et la facilit\u00e9\u00a0<\/strong><\/span><\/h4>\n<ul>\n<li class=\"ds-markdown-paragraph\"><span style=\"color: #000000;\"><strong>6 R\u00e9glages du d\u00e9bit<\/strong>: R\u00e9gler de 210mL\/min \u00e0 1260mL\/min pour des besoins personnalis\u00e9s.<\/span><\/li>\n<li><span style=\"color: #000000;\"><strong>Batterie de 8 heures<\/strong>: Batterie lithium 16 cellules amovible pour une utilisation prolong\u00e9e.<\/span><\/li>\n<li class=\"ds-markdown-paragraph\"><span style=\"color: #000000;\"><strong>96% Puret\u00e9 de l'oxyg\u00e8ne<\/strong>: De qualit\u00e9 m\u00e9dicale, &gt;90% dans les 6 r\u00e9glages de vitesse (210-1250 ml\/min).<\/span><\/li>\n<li class=\"ds-markdown-paragraph\"><span style=\"color: #000000;\"><strong>Guidance vocale<\/strong>: Aide au fonctionnement.<\/span><\/li>\n<li class=\"ds-markdown-paragraph\"><span style=\"color: #000000;\"><strong>L\u00e9ger<\/strong>Le poids est de : 2,58 kg.<\/span><\/li>\n<li class=\"ds-markdown-paragraph\"><span style=\"color: #000000;\"><strong>Options d'alimentation multiple<\/strong>: AC 110-220V (maison) + DC 12-24V (adaptateur voiture).<\/span><\/li>\n<li class=\"ds-markdown-paragraph\"><span style=\"color: #000000;\"><strong>Fonctionnement silencieux<\/strong>: \u226460dB pour une utilisation discr\u00e8te.<\/span><\/li>\n<\/ul>\n<p><img decoding=\"async\" class=\"aligncenter wp-image-36331 size-full\" src=\"https:\/\/broxtal.com\/wp-content\/uploads\/2025\/07\/p710-8.jpg\" alt=\"\" width=\"800\" height=\"800\" srcset=\"https:\/\/broxtal.com\/wp-content\/uploads\/2025\/07\/p710-8.jpg 800w, https:\/\/broxtal.com\/wp-content\/uploads\/2025\/07\/p710-8-300x300.jpg 300w, https:\/\/broxtal.com\/wp-content\/uploads\/2025\/07\/p710-8-150x150.jpg 150w, https:\/\/broxtal.com\/wp-content\/uploads\/2025\/07\/p710-8-768x768.jpg 768w, https:\/\/broxtal.com\/wp-content\/uploads\/2025\/07\/p710-8-12x12.jpg 12w, https:\/\/broxtal.com\/wp-content\/uploads\/2025\/07\/p710-8-60x60.jpg 60w, https:\/\/broxtal.com\/wp-content\/uploads\/2025\/07\/p710-8-110x110.jpg 110w, https:\/\/broxtal.com\/wp-content\/uploads\/2025\/07\/p710-8-600x600.jpg 600w, https:\/\/broxtal.com\/wp-content\/uploads\/2025\/07\/p710-8-32x32.jpg 32w\" sizes=\"(max-width: 800px) 100vw, 800px\" \/><\/p>\n<h3><span style=\"color: #000000;\"><strong>Tableau des sp\u00e9cifications<\/strong><\/span><\/h3>\n<div class=\"markdown-table-wrapper\">\n<table>\n<thead>\n<tr>\n<th><span style=\"color: #000000;\"><strong>Fonctionnalit\u00e9<\/strong><\/span><\/th>\n<th><span style=\"color: #000000;\"><strong>D\u00e9tail<\/strong><\/span><\/th>\n<\/tr>\n<\/thead>\n<tbody>\n<tr>\n<td><span style=\"color: #000000;\"><strong>Mod\u00e8le<\/strong><\/span><\/td>\n<td><span style=\"color: #000000;\">YK-P710<\/span><\/td>\n<\/tr>\n<tr>\n<td><span style=\"color: #000000;\"><strong>Alimentation en oxyg\u00e8ne<\/strong><\/span><\/td>\n<td><span style=\"color: #000000;\">D\u00e9bit d'impulsion<\/span><\/td>\n<\/tr>\n<tr>\n<td><span style=\"color: #000000;\"><strong>R\u00e9glages du d\u00e9bit<\/strong><\/span><\/td>\n<td><span style=\"color: #000000;\">7 vitesses (210-1260mL\/min)<\/span><\/td>\n<\/tr>\n<tr>\n<td><span style=\"color: #000000;\"><strong>Concentration d'oxyg\u00e8ne<\/strong><\/span><\/td>\n<td><span style=\"color: #000000;\">\u226596%<\/span><\/td>\n<\/tr>\n<tr>\n<td><span style=\"color: #000000;\"><strong>Poids<\/strong><\/span><\/td>\n<td><span style=\"color: #000000;\">2,58 kg<\/span><\/td>\n<\/tr>\n<tr>\n<td><span style=\"color: #000000;\"><strong>Dimensions<\/strong><\/span><\/td>\n<td><span style=\"color: #000000;\">170\u00d7160\u00d760mm<\/span><\/td>\n<\/tr>\n<tr>\n<td><span style=\"color: #000000;\"><strong>Affichage<\/strong><\/span><\/td>\n<td><span style=\"color: #000000;\">OLED 3 pouces<\/span><\/td>\n<\/tr>\n<tr>\n<td><span style=\"color: #000000;\"><strong>Niveau de bruit<\/strong><\/span><\/td>\n<td><span style=\"color: #000000;\">\u226460dB<\/span><\/td>\n<\/tr>\n<tr>\n<td><span style=\"color: #000000;\"><strong>Alimentation \u00e9lectrique<\/strong><\/span><\/td>\n<td><span style=\"color: #000000;\">AC 110-220V \/ DC 12-24V (adaptateur de voiture)<\/span><\/td>\n<\/tr>\n<tr>\n<td><span style=\"color: #000000;\"><strong>Fonction vocale<\/strong><\/span><\/td>\n<td><span style=\"color: #000000;\">Oui<\/span><\/td>\n<\/tr>\n<\/tbody>\n<\/table>\n<\/div>\n<h3><span style=\"color: #000000;\"><strong>Le paquet comprend<\/strong><\/span><\/h3>\n<ul>\n<li class=\"ds-markdown-paragraph\"><span style=\"color: #000000;\">1 \u00d7 Concentrateur d'oxyg\u00e8ne YK-P710<\/span><\/li>\n<li class=\"ds-markdown-paragraph\"><span style=\"color: #000000;\">1 \u00d7 Adaptateur d'alimentation (AC\/DC)<\/span><\/li>\n<li><span style=\"color: #000000;\">1 X Batterie amovible (16 c\u0153urs)<\/span><\/li>\n<li class=\"ds-markdown-paragraph\"><span style=\"color: #000000;\">1 \u00d7 Manuel de l'utilisateur<\/span><\/li>\n<li class=\"ds-markdown-paragraph\"><span style=\"color: #000000;\">1 \u00d7 Sac de rangement<\/span><\/li>\n<li class=\"ds-markdown-paragraph\"><span style=\"color: #000000;\">1 \u00d7 Cordon d'alimentation pour voiture<\/span><\/li>\n<li class=\"ds-markdown-paragraph\"><span style=\"color: #000000;\">1 x Filtres d'entr\u00e9e<\/span><\/li>\n<li><span style=\"color: #000000;\">1 x filtre en coton<\/span><\/li>\n<\/ul>\n<p><img loading=\"lazy\" decoding=\"async\" class=\"aligncenter wp-image-36320 size-full\" src=\"https:\/\/broxtal.com\/wp-content\/uploads\/2025\/07\/p510-1.webp\" alt=\"\" width=\"750\" height=\"1178\" srcset=\"https:\/\/broxtal.com\/wp-content\/uploads\/2025\/07\/p510-1.webp 750w, https:\/\/broxtal.com\/wp-content\/uploads\/2025\/07\/p510-1-191x300.webp 191w, https:\/\/broxtal.com\/wp-content\/uploads\/2025\/07\/p510-1-509x800.webp 509w, https:\/\/broxtal.com\/wp-content\/uploads\/2025\/07\/p510-1-8x12.webp 8w, https:\/\/broxtal.com\/wp-content\/uploads\/2025\/07\/p510-1-60x94.webp 60w, https:\/\/broxtal.com\/wp-content\/uploads\/2025\/07\/p510-1-110x173.webp 110w, https:\/\/broxtal.com\/wp-content\/uploads\/2025\/07\/p510-1-600x942.webp 600w, https:\/\/broxtal.com\/wp-content\/uploads\/2025\/07\/p510-1-150x236.webp 150w\" sizes=\"(max-width: 750px) 100vw, 750px\" \/><img loading=\"lazy\" decoding=\"async\" class=\"aligncenter wp-image-36328 size-full\" src=\"https:\/\/broxtal.com\/wp-content\/uploads\/2025\/07\/p510-9.webp\" alt=\"\" width=\"750\" height=\"1125\" srcset=\"https:\/\/broxtal.com\/wp-content\/uploads\/2025\/07\/p510-9.webp 750w, https:\/\/broxtal.com\/wp-content\/uploads\/2025\/07\/p510-9-200x300.webp 200w, https:\/\/broxtal.com\/wp-content\/uploads\/2025\/07\/p510-9-533x800.webp 533w, https:\/\/broxtal.com\/wp-content\/uploads\/2025\/07\/p510-9-8x12.webp 8w, https:\/\/broxtal.com\/wp-content\/uploads\/2025\/07\/p510-9-60x90.webp 60w, https:\/\/broxtal.com\/wp-content\/uploads\/2025\/07\/p510-9-110x165.webp 110w, https:\/\/broxtal.com\/wp-content\/uploads\/2025\/07\/p510-9-600x900.webp 600w, https:\/\/broxtal.com\/wp-content\/uploads\/2025\/07\/p510-9-150x225.webp 150w\" sizes=\"(max-width: 750px) 100vw, 750px\" \/> <img loading=\"lazy\" decoding=\"async\" class=\"aligncenter wp-image-36327 size-full\" src=\"https:\/\/broxtal.com\/wp-content\/uploads\/2025\/07\/p510-8.webp\" alt=\"\" width=\"750\" height=\"1211\" srcset=\"https:\/\/broxtal.com\/wp-content\/uploads\/2025\/07\/p510-8.webp 750w, https:\/\/broxtal.com\/wp-content\/uploads\/2025\/07\/p510-8-186x300.webp 186w, https:\/\/broxtal.com\/wp-content\/uploads\/2025\/07\/p510-8-495x800.webp 495w, https:\/\/broxtal.com\/wp-content\/uploads\/2025\/07\/p510-8-7x12.webp 7w, https:\/\/broxtal.com\/wp-content\/uploads\/2025\/07\/p510-8-60x97.webp 60w, https:\/\/broxtal.com\/wp-content\/uploads\/2025\/07\/p510-8-110x178.webp 110w, https:\/\/broxtal.com\/wp-content\/uploads\/2025\/07\/p510-8-600x969.webp 600w, https:\/\/broxtal.com\/wp-content\/uploads\/2025\/07\/p510-8-150x242.webp 150w\" sizes=\"(max-width: 750px) 100vw, 750px\" \/><img loading=\"lazy\" decoding=\"async\" class=\"aligncenter size-full wp-image-36321\" src=\"https:\/\/broxtal.com\/wp-content\/uploads\/2025\/07\/p510-2.webp\" alt=\"\" width=\"750\" height=\"500\" srcset=\"https:\/\/broxtal.com\/wp-content\/uploads\/2025\/07\/p510-2.webp 750w, https:\/\/broxtal.com\/wp-content\/uploads\/2025\/07\/p510-2-400x267.webp 400w, https:\/\/broxtal.com\/wp-content\/uploads\/2025\/07\/p510-2-18x12.webp 18w, https:\/\/broxtal.com\/wp-content\/uploads\/2025\/07\/p510-2-60x40.webp 60w, https:\/\/broxtal.com\/wp-content\/uploads\/2025\/07\/p510-2-110x73.webp 110w, https:\/\/broxtal.com\/wp-content\/uploads\/2025\/07\/p510-2-600x400.webp 600w, https:\/\/broxtal.com\/wp-content\/uploads\/2025\/07\/p510-2-150x100.webp 150w\" sizes=\"(max-width: 750px) 100vw, 750px\" \/> <img loading=\"lazy\" decoding=\"async\" class=\"aligncenter wp-image-36322 size-full\" src=\"https:\/\/broxtal.com\/wp-content\/uploads\/2025\/07\/p510-3.webp\" alt=\"\" width=\"750\" height=\"911\" srcset=\"https:\/\/broxtal.com\/wp-content\/uploads\/2025\/07\/p510-3.webp 750w, https:\/\/broxtal.com\/wp-content\/uploads\/2025\/07\/p510-3-247x300.webp 247w, https:\/\/broxtal.com\/wp-content\/uploads\/2025\/07\/p510-3-659x800.webp 659w, https:\/\/broxtal.com\/wp-content\/uploads\/2025\/07\/p510-3-10x12.webp 10w, https:\/\/broxtal.com\/wp-content\/uploads\/2025\/07\/p510-3-60x73.webp 60w, https:\/\/broxtal.com\/wp-content\/uploads\/2025\/07\/p510-3-110x134.webp 110w, https:\/\/broxtal.com\/wp-content\/uploads\/2025\/07\/p510-3-600x729.webp 600w, https:\/\/broxtal.com\/wp-content\/uploads\/2025\/07\/p510-3-150x182.webp 150w\" sizes=\"(max-width: 750px) 100vw, 750px\" \/> <img loading=\"lazy\" decoding=\"async\" class=\"aligncenter wp-image-36319 size-full\" src=\"https:\/\/broxtal.com\/wp-content\/uploads\/2025\/07\/p510-11.webp\" alt=\"\" width=\"750\" height=\"1064\" srcset=\"https:\/\/broxtal.com\/wp-content\/uploads\/2025\/07\/p510-11.webp 750w, https:\/\/broxtal.com\/wp-content\/uploads\/2025\/07\/p510-11-211x300.webp 211w, https:\/\/broxtal.com\/wp-content\/uploads\/2025\/07\/p510-11-564x800.webp 564w, https:\/\/broxtal.com\/wp-content\/uploads\/2025\/07\/p510-11-8x12.webp 8w, https:\/\/broxtal.com\/wp-content\/uploads\/2025\/07\/p510-11-60x85.webp 60w, https:\/\/broxtal.com\/wp-content\/uploads\/2025\/07\/p510-11-110x156.webp 110w, https:\/\/broxtal.com\/wp-content\/uploads\/2025\/07\/p510-11-600x851.webp 600w, https:\/\/broxtal.com\/wp-content\/uploads\/2025\/07\/p510-11-150x213.webp 150w\" sizes=\"(max-width: 750px) 100vw, 750px\" \/><img loading=\"lazy\" decoding=\"async\" class=\"aligncenter size-full wp-image-36323\" src=\"https:\/\/broxtal.com\/wp-content\/uploads\/2025\/07\/p510-4.webp\" alt=\"\" width=\"750\" height=\"578\" srcset=\"https:\/\/broxtal.com\/wp-content\/uploads\/2025\/07\/p510-4.webp 750w, https:\/\/broxtal.com\/wp-content\/uploads\/2025\/07\/p510-4-389x300.webp 389w, https:\/\/broxtal.com\/wp-content\/uploads\/2025\/07\/p510-4-16x12.webp 16w, https:\/\/broxtal.com\/wp-content\/uploads\/2025\/07\/p510-4-60x46.webp 60w, https:\/\/broxtal.com\/wp-content\/uploads\/2025\/07\/p510-4-110x85.webp 110w, https:\/\/broxtal.com\/wp-content\/uploads\/2025\/07\/p510-4-600x462.webp 600w, https:\/\/broxtal.com\/wp-content\/uploads\/2025\/07\/p510-4-150x116.webp 150w\" sizes=\"(max-width: 750px) 100vw, 750px\" \/><img loading=\"lazy\" decoding=\"async\" class=\"aligncenter size-full wp-image-36324\" src=\"https:\/\/broxtal.com\/wp-content\/uploads\/2025\/07\/p510-5.webp\" alt=\"\" width=\"750\" height=\"661\" srcset=\"https:\/\/broxtal.com\/wp-content\/uploads\/2025\/07\/p510-5.webp 750w, https:\/\/broxtal.com\/wp-content\/uploads\/2025\/07\/p510-5-340x300.webp 340w, https:\/\/broxtal.com\/wp-content\/uploads\/2025\/07\/p510-5-14x12.webp 14w, https:\/\/broxtal.com\/wp-content\/uploads\/2025\/07\/p510-5-60x53.webp 60w, https:\/\/broxtal.com\/wp-content\/uploads\/2025\/07\/p510-5-110x97.webp 110w, https:\/\/broxtal.com\/wp-content\/uploads\/2025\/07\/p510-5-600x529.webp 600w, https:\/\/broxtal.com\/wp-content\/uploads\/2025\/07\/p510-5-150x132.webp 150w\" sizes=\"(max-width: 750px) 100vw, 750px\" \/><\/p>","protected":false},"excerpt":{"rendered":"<p><strong>D\u00e9bit d'impulsion \u00e9quivalent \u00e0 7L<\/strong><br \/>\n<strong>\u2714 96% puret\u00e9 de l'oxyg\u00e8ne\u00a0<\/strong><br \/>\n<strong>Batterie amovible de 8 heures\u00a0<\/strong><br \/>\n<strong>\u2714 Conforme \u00e0 la FAA pour les voyages a\u00e9riens<\/strong><br \/>\n<strong>\u2714 Guidage vocal<\/strong><\/p>","protected":false},"featured_media":36330,"comment_status":"open","ping_status":"closed","template":"","meta":[],"product_brand":[],"product_cat":[286,1761,1818,1820,1719],"product_tag":[],"class_list":{"0":"post-36329","1":"product","2":"type-product","3":"status-publish","4":"has-post-thumbnail","6":"product_cat-health-wellness","7":"product_cat-oxygen-concentrators","8":"product_cat-portable-oxygen-machine","9":"product_cat-pulse-flow","10":"product_cat-respiratory-care-oxygen-therapy","12":"first","13":"outofstock","14":"sale","15":"shipping-taxable","16":"purchasable","17":"product-type-simple"},"_links":{"self":[{"href":"https:\/\/broxtal.com\/fr\/wp-json\/wp\/v2\/product\/36329","targetHints":{"allow":["GET"]}}],"collection":[{"href":"https:\/\/broxtal.com\/fr\/wp-json\/wp\/v2\/product"}],"about":[{"href":"https:\/\/broxtal.com\/fr\/wp-json\/wp\/v2\/types\/product"}],"replies":[{"embeddable":true,"href":"https:\/\/broxtal.com\/fr\/wp-json\/wp\/v2\/comments?post=36329"}],"version-history":[{"count":5,"href":"https:\/\/broxtal.com\/fr\/wp-json\/wp\/v2\/product\/36329\/revisions"}],"predecessor-version":[{"id":36358,"href":"https:\/\/broxtal.com\/fr\/wp-json\/wp\/v2\/product\/36329\/revisions\/36358"}],"wp:featuredmedia":[{"embeddable":true,"href":"https:\/\/broxtal.com\/fr\/wp-json\/wp\/v2\/media\/36330"}],"wp:attachment":[{"href":"https:\/\/broxtal.com\/fr\/wp-json\/wp\/v2\/media?parent=36329"}],"wp:term":[{"taxonomy":"product_brand","embeddable":true,"href":"https:\/\/broxtal.com\/fr\/wp-json\/wp\/v2\/product_brand?post=36329"},{"taxonomy":"product_cat","embeddable":true,"href":"https:\/\/broxtal.com\/fr\/wp-json\/wp\/v2\/product_cat?post=36329"},{"taxonomy":"product_tag","embeddable":true,"href":"https:\/\/broxtal.com\/fr\/wp-json\/wp\/v2\/product_tag?post=36329"}],"curies":[{"name":"wp","href":"https:\/\/api.w.org\/{rel}","templated":true}]}}