{"id":36534,"date":"2025-07-14T08:31:48","date_gmt":"2025-07-14T07:31:48","guid":{"rendered":"https:\/\/broxtal.com\/?post_type=product&#038;p=36534"},"modified":"2025-09-12T20:22:34","modified_gmt":"2025-09-12T19:22:34","slug":"oxygen-concentrator-with-nebulizer-5l","status":"publish","type":"product","link":"https:\/\/broxtal.com\/fr\/produit\/oxygen-concentrator-with-nebulizer-5l\/","title":{"rendered":"Concentrateur d'oxyg\u00e8ne avec n\u00e9buliseur 5L - Utilisation en voiture"},"content":{"rendered":"<h1 style=\"text-align: center;\" data-start=\"197\" data-end=\"278\"><span style=\"color: #000080;\">Concentrateur d'oxyg\u00e8ne avec n\u00e9buliseur - d\u00e9bit de 5L pour la maison et la voiture<\/span><\/h1>\n<h3 style=\"text-align: center;\" data-start=\"279\" data-end=\"353\"><span style=\"color: #3366ff;\"><strong data-start=\"279\" data-end=\"351\">Respirez librement et vivez pleinement gr\u00e2ce au d\u00e9bit r\u00e9glable de 5 litres, \u00e0 la puret\u00e9 de l'oxyg\u00e8ne de 96% et \u00e0 la fonction d'atomiseur int\u00e9gr\u00e9 de 9 litres.<\/strong><\/span><\/h3>\n<p><img fetchpriority=\"high\" decoding=\"async\" class=\"aligncenter size-large wp-image-36544\" src=\"https:\/\/broxtal.com\/wp-content\/uploads\/2025\/07\/24-800x800.webp\" alt=\"\" width=\"800\" height=\"800\" srcset=\"https:\/\/broxtal.com\/wp-content\/uploads\/2025\/07\/24-800x800.webp 800w, https:\/\/broxtal.com\/wp-content\/uploads\/2025\/07\/24-300x300.webp 300w, https:\/\/broxtal.com\/wp-content\/uploads\/2025\/07\/24-150x150.webp 150w, https:\/\/broxtal.com\/wp-content\/uploads\/2025\/07\/24-768x768.webp 768w, https:\/\/broxtal.com\/wp-content\/uploads\/2025\/07\/24-12x12.webp 12w, https:\/\/broxtal.com\/wp-content\/uploads\/2025\/07\/24-60x60.webp 60w, https:\/\/broxtal.com\/wp-content\/uploads\/2025\/07\/24-110x110.webp 110w, https:\/\/broxtal.com\/wp-content\/uploads\/2025\/07\/24-600x600.webp 600w, https:\/\/broxtal.com\/wp-content\/uploads\/2025\/07\/24-32x32.webp 32w, https:\/\/broxtal.com\/wp-content\/uploads\/2025\/07\/24-64x64.webp 64w, https:\/\/broxtal.com\/wp-content\/uploads\/2025\/07\/24.webp 1080w\" sizes=\"(max-width: 800px) 100vw, 800px\" \/><\/p>\n<h4 data-start=\"355\" data-end=\"411\"><span style=\"color: #000000;\">Oxyg\u00e9noth\u00e9rapie et a\u00e9rosolth\u00e9rapie avanc\u00e9es dans un seul appareil<\/span><\/h4>\n<p data-start=\"412\" data-end=\"820\"><span style=\"color: #000000;\">Le concentrateur d'oxyg\u00e8ne 5L avec n\u00e9buliseur combine l'administration d'oxyg\u00e8ne de haute puret\u00e9 et l'atomisation de grande capacit\u00e9 dans un design l\u00e9ger et facile \u00e0 transporter. Qu'il soit utilis\u00e9 \u00e0 la maison, \u00e0 l'ext\u00e9rieur ou en haute altitude, il garantit une puret\u00e9 d'oxyg\u00e8ne 96% stable gr\u00e2ce \u00e0 ses deux modes : Respiration par impulsions AI et d\u00e9bit \u00e0 fr\u00e9quence fixe. La fonction d'atomisation de 9L\/min permet une a\u00e9rosolth\u00e9rapie efficace \u00e0 l'aide du masque de n\u00e9bulisation inclus.<\/span><\/p>\n<p data-start=\"412\" data-end=\"820\"><span style=\"color: #000000;\"><img decoding=\"async\" class=\"aligncenter size-large wp-image-36541\" src=\"https:\/\/broxtal.com\/wp-content\/uploads\/2025\/07\/21-800x800.webp\" alt=\"\" width=\"800\" height=\"800\" srcset=\"https:\/\/broxtal.com\/wp-content\/uploads\/2025\/07\/21-800x800.webp 800w, https:\/\/broxtal.com\/wp-content\/uploads\/2025\/07\/21-300x300.webp 300w, https:\/\/broxtal.com\/wp-content\/uploads\/2025\/07\/21-150x150.webp 150w, https:\/\/broxtal.com\/wp-content\/uploads\/2025\/07\/21-768x768.webp 768w, https:\/\/broxtal.com\/wp-content\/uploads\/2025\/07\/21-12x12.webp 12w, https:\/\/broxtal.com\/wp-content\/uploads\/2025\/07\/21-60x60.webp 60w, https:\/\/broxtal.com\/wp-content\/uploads\/2025\/07\/21-110x110.webp 110w, https:\/\/broxtal.com\/wp-content\/uploads\/2025\/07\/21-600x600.webp 600w, https:\/\/broxtal.com\/wp-content\/uploads\/2025\/07\/21-32x32.webp 32w, https:\/\/broxtal.com\/wp-content\/uploads\/2025\/07\/21-64x64.webp 64w, https:\/\/broxtal.com\/wp-content\/uploads\/2025\/07\/21.webp 1080w\" sizes=\"(max-width: 800px) 100vw, 800px\" \/><\/span><\/p>\n<h4 data-start=\"822\" data-end=\"873\"><span style=\"color: #000000;\">Compact, silencieux et pratique pour une utilisation quotidienne<\/span><\/h4>\n<p data-start=\"874\" data-end=\"1245\"><span style=\"color: #000000;\">Pesant seulement 1,1 kg, cet appareil offre une portabilit\u00e9 sans faille gr\u00e2ce \u00e0 son sac \u00e0 dos inclus et aux options de chargement voiture\/domicile. Son interface intelligente comporte un \u00e9cran de 2 pouces, une surveillance de l'oxyg\u00e8ne en temps r\u00e9el et des alertes. Gr\u00e2ce \u00e0 sa construction durable, son fonctionnement silencieux et ses am\u00e9liorations 2025, il est id\u00e9al pour l'assistance respiratoire, le traitement de l'asthme et la prise en charge de la BPCO, \u00e0 tout moment et en tout lieu.<\/span><\/p>\n<h3 data-start=\"1252\" data-end=\"1276\"><span style=\"color: #000000;\">Tableau des sp\u00e9cifications<\/span><\/h3>\n<div class=\"_tableContainer_80l1q_1\">\n<div class=\"_tableWrapper_80l1q_14 group flex w-fit flex-col-reverse\" tabindex=\"-1\">\n<table class=\"w-fit min-w-(--thread-content-width)\" data-start=\"131\" data-end=\"1428\">\n<thead data-start=\"131\" data-end=\"224\">\n<tr data-start=\"131\" data-end=\"224\">\n<th data-start=\"131\" data-end=\"163\" data-col-size=\"sm\"><span style=\"color: #000000;\"><strong data-start=\"133\" data-end=\"144\">Fonctionnalit\u00e9<\/strong><\/span><\/th>\n<th data-start=\"163\" data-end=\"224\" data-col-size=\"md\"><span style=\"color: #000000;\"><strong data-start=\"165\" data-end=\"180\">Description<\/strong><\/span><\/th>\n<\/tr>\n<\/thead>\n<tbody data-start=\"318\" data-end=\"1428\">\n<tr data-start=\"318\" data-end=\"410\">\n<td data-start=\"318\" data-end=\"349\" data-col-size=\"sm\"><span style=\"color: #000000;\"><strong data-start=\"320\" data-end=\"329\">Mod\u00e8le<\/strong><\/span><\/td>\n<td data-col-size=\"md\" data-start=\"349\" data-end=\"410\"><span style=\"color: #000000;\">S-TS<\/span><\/td>\n<\/tr>\n<tr data-start=\"411\" data-end=\"502\">\n<td data-start=\"411\" data-end=\"442\" data-col-size=\"sm\"><span style=\"color: #000000;\"><strong data-start=\"413\" data-end=\"428\">Nom de l'appareil<\/strong><\/span><\/td>\n<td data-col-size=\"md\" data-start=\"442\" data-end=\"502\"><span style=\"color: #000000;\">Concentrateur d'oxyg\u00e8ne avec n\u00e9buliseur pour la voiture<\/span><\/td>\n<\/tr>\n<tr data-start=\"503\" data-end=\"595\">\n<td data-start=\"503\" data-end=\"534\" data-col-size=\"sm\"><span style=\"color: #000000;\"><strong data-start=\"505\" data-end=\"529\">Concentration d'oxyg\u00e8ne<\/strong><\/span><\/td>\n<td data-col-size=\"md\" data-start=\"534\" data-end=\"595\"><span style=\"color: #000000;\">96% de qualit\u00e9 m\u00e9dicale<\/span><\/td>\n<\/tr>\n<tr data-start=\"596\" data-end=\"688\">\n<td data-start=\"596\" data-end=\"627\" data-col-size=\"sm\"><span style=\"color: #000000;\"><strong data-start=\"598\" data-end=\"624\">D\u00e9bit d'oxyg\u00e8ne r\u00e9glable<\/strong><\/span><\/td>\n<td data-col-size=\"md\" data-start=\"627\" data-end=\"688\"><span style=\"color: #000000;\">1-5L\/min (7 niveaux)<\/span><\/td>\n<\/tr>\n<tr data-start=\"689\" data-end=\"780\">\n<td data-start=\"689\" data-end=\"722\" data-col-size=\"sm\"><span style=\"color: #000000;\"><strong data-start=\"691\" data-end=\"721\">D\u00e9bit d'atomisation du n\u00e9buliseur<\/strong><\/span><\/td>\n<td data-col-size=\"md\" data-start=\"722\" data-end=\"780\"><span style=\"color: #000000;\">9L\/min<\/span><\/td>\n<\/tr>\n<tr data-start=\"781\" data-end=\"872\">\n<td data-start=\"781\" data-end=\"812\" data-col-size=\"sm\"><span style=\"color: #000000;\"><strong data-start=\"783\" data-end=\"792\">Modes<\/strong><\/span><\/td>\n<td data-col-size=\"md\" data-start=\"812\" data-end=\"872\"><span style=\"color: #000000;\">Mode puls\u00e9 (respiration artificielle) \/ d\u00e9bit \u00e0 fr\u00e9quence fixe<\/span><\/td>\n<\/tr>\n<tr data-start=\"873\" data-end=\"965\">\n<td data-start=\"873\" data-end=\"904\" data-col-size=\"sm\"><span style=\"color: #000000;\"><strong data-start=\"875\" data-end=\"903\">Prise en charge de la fr\u00e9quence respiratoire<\/strong><\/span><\/td>\n<td data-col-size=\"md\" data-start=\"904\" data-end=\"965\"><span style=\"color: #000000;\">10-40 BPM<\/span><\/td>\n<\/tr>\n<tr data-start=\"966\" data-end=\"1057\">\n<td data-start=\"966\" data-end=\"997\" data-col-size=\"sm\"><span style=\"color: #000000;\"><strong data-start=\"968\" data-end=\"979\">Affichage<\/strong><\/span><\/td>\n<td data-col-size=\"md\" data-start=\"997\" data-end=\"1057\"><span style=\"color: #000000;\">\u00c9cran de 2 pouces avec mesures en temps r\u00e9el<\/span><\/td>\n<\/tr>\n<tr data-start=\"1058\" data-end=\"1150\">\n<td data-start=\"1058\" data-end=\"1089\" data-col-size=\"sm\"><span style=\"color: #000000;\"><strong data-start=\"1060\" data-end=\"1070\">Poids<\/strong><\/span><\/td>\n<td data-col-size=\"md\" data-start=\"1089\" data-end=\"1150\"><span style=\"color: #000000;\">1,1 kg<\/span><\/td>\n<\/tr>\n<tr data-start=\"1151\" data-end=\"1242\">\n<td data-start=\"1151\" data-end=\"1182\" data-col-size=\"sm\"><span style=\"color: #000000;\"><strong data-start=\"1153\" data-end=\"1170\">Options d'alimentation<\/strong><\/span><\/td>\n<td data-col-size=\"md\" data-start=\"1182\" data-end=\"1242\"><span style=\"color: #000000;\">AC 110-240V \/ DC 12V (voiture)<\/span><\/td>\n<\/tr>\n<tr data-start=\"1243\" data-end=\"1335\">\n<td data-start=\"1243\" data-end=\"1274\" data-col-size=\"sm\"><span style=\"color: #000000;\"><strong data-start=\"1245\" data-end=\"1266\">Environnement d'utilisation<\/strong><\/span><\/td>\n<td data-col-size=\"md\" data-start=\"1274\" data-end=\"1335\"><span style=\"color: #000000;\">Int\u00e9rieur, voiture<\/span><\/td>\n<\/tr>\n<tr data-start=\"1336\" data-end=\"1428\">\n<td data-start=\"1336\" data-end=\"1367\" data-col-size=\"sm\"><span style=\"color: #000000;\"><strong data-start=\"1338\" data-end=\"1353\">Niveau de bruit<\/strong><\/span><\/td>\n<td data-col-size=\"md\" data-start=\"1367\" data-end=\"1428\"><span style=\"color: #000000;\">Fonctionnement silencieux<\/span><\/td>\n<\/tr>\n<\/tbody>\n<\/table>\n<div><\/div>\n<div class=\"sticky end-(--thread-content-margin) h-0 self-end select-none\">\n<div class=\"absolute end-0 flex items-end\"><span style=\"color: #000000;\"><img decoding=\"async\" class=\"aligncenter size-large wp-image-36546\" src=\"https:\/\/broxtal.com\/wp-content\/uploads\/2025\/07\/26-800x800.webp\" alt=\"\" width=\"800\" height=\"800\" srcset=\"https:\/\/broxtal.com\/wp-content\/uploads\/2025\/07\/26-800x800.webp 800w, https:\/\/broxtal.com\/wp-content\/uploads\/2025\/07\/26-300x300.webp 300w, https:\/\/broxtal.com\/wp-content\/uploads\/2025\/07\/26-150x150.webp 150w, https:\/\/broxtal.com\/wp-content\/uploads\/2025\/07\/26-768x768.webp 768w, https:\/\/broxtal.com\/wp-content\/uploads\/2025\/07\/26-12x12.webp 12w, https:\/\/broxtal.com\/wp-content\/uploads\/2025\/07\/26-60x60.webp 60w, https:\/\/broxtal.com\/wp-content\/uploads\/2025\/07\/26-110x110.webp 110w, https:\/\/broxtal.com\/wp-content\/uploads\/2025\/07\/26-600x600.webp 600w, https:\/\/broxtal.com\/wp-content\/uploads\/2025\/07\/26-32x32.webp 32w, https:\/\/broxtal.com\/wp-content\/uploads\/2025\/07\/26-64x64.webp 64w, https:\/\/broxtal.com\/wp-content\/uploads\/2025\/07\/26.webp 1080w\" sizes=\"(max-width: 800px) 100vw, 800px\" \/><\/span><\/div>\n<\/div>\n<\/div>\n<\/div>\n<h3 data-start=\"2582\" data-end=\"2600\"><span style=\"color: #000000;\">Liste des colis<\/span><\/h3>\n<p data-start=\"2601\" data-end=\"2841\"><span style=\"color: #000000;\">1 x Concentrateur d'oxyg\u00e8ne avec n\u00e9buliseur (S-TS, mod\u00e8le 5L)<\/span><br data-start=\"2652\" data-end=\"2655\" \/><span style=\"color: #000000;\">1 x masque de n\u00e9bulisation<\/span><br data-start=\"2675\" data-end=\"2678\" \/><span style=\"color: #000000;\">\u2714 6 x Tubes \u00e0 oxyg\u00e8ne<\/span><br data-start=\"2696\" data-end=\"2699\" \/><span style=\"color: #000000;\">5 x coton filtre<\/span><br data-start=\"2718\" data-end=\"2721\" \/><span style=\"color: #000000;\">1 x Cordon d'alimentation CA<\/span><br data-start=\"2740\" data-end=\"2743\" \/><span style=\"color: #000000;\">1 x c\u00e2ble DC pour voiture<\/span><br data-start=\"2761\" data-end=\"2764\" \/><span style=\"color: #000000;\">1 x sac \u00e0 dos de transport<\/span><br data-start=\"2821\" data-end=\"2824\" \/><span style=\"color: #000000;\">1 x Manuel de l'utilisateur<\/span><\/p>\n<p data-start=\"2601\" data-end=\"2841\"><img loading=\"lazy\" decoding=\"async\" class=\"aligncenter size-large wp-image-36540\" src=\"https:\/\/broxtal.com\/wp-content\/uploads\/2025\/07\/20-800x800.webp\" alt=\"\" width=\"800\" height=\"800\" srcset=\"https:\/\/broxtal.com\/wp-content\/uploads\/2025\/07\/20-800x800.webp 800w, https:\/\/broxtal.com\/wp-content\/uploads\/2025\/07\/20-300x300.webp 300w, https:\/\/broxtal.com\/wp-content\/uploads\/2025\/07\/20-150x150.webp 150w, https:\/\/broxtal.com\/wp-content\/uploads\/2025\/07\/20-768x768.webp 768w, https:\/\/broxtal.com\/wp-content\/uploads\/2025\/07\/20-12x12.webp 12w, https:\/\/broxtal.com\/wp-content\/uploads\/2025\/07\/20-60x60.webp 60w, https:\/\/broxtal.com\/wp-content\/uploads\/2025\/07\/20-110x110.webp 110w, https:\/\/broxtal.com\/wp-content\/uploads\/2025\/07\/20-600x600.webp 600w, https:\/\/broxtal.com\/wp-content\/uploads\/2025\/07\/20-32x32.webp 32w, https:\/\/broxtal.com\/wp-content\/uploads\/2025\/07\/20-64x64.webp 64w, https:\/\/broxtal.com\/wp-content\/uploads\/2025\/07\/20.webp 1080w\" sizes=\"(max-width: 800px) 100vw, 800px\" \/> <img loading=\"lazy\" decoding=\"async\" class=\"aligncenter size-large wp-image-36547\" src=\"https:\/\/broxtal.com\/wp-content\/uploads\/2025\/07\/27-800x800.webp\" alt=\"\" width=\"800\" height=\"800\" srcset=\"https:\/\/broxtal.com\/wp-content\/uploads\/2025\/07\/27-800x800.webp 800w, https:\/\/broxtal.com\/wp-content\/uploads\/2025\/07\/27-300x300.webp 300w, https:\/\/broxtal.com\/wp-content\/uploads\/2025\/07\/27-150x150.webp 150w, https:\/\/broxtal.com\/wp-content\/uploads\/2025\/07\/27-768x768.webp 768w, https:\/\/broxtal.com\/wp-content\/uploads\/2025\/07\/27-12x12.webp 12w, https:\/\/broxtal.com\/wp-content\/uploads\/2025\/07\/27-60x60.webp 60w, https:\/\/broxtal.com\/wp-content\/uploads\/2025\/07\/27-110x110.webp 110w, https:\/\/broxtal.com\/wp-content\/uploads\/2025\/07\/27-600x600.webp 600w, https:\/\/broxtal.com\/wp-content\/uploads\/2025\/07\/27-32x32.webp 32w, https:\/\/broxtal.com\/wp-content\/uploads\/2025\/07\/27-64x64.webp 64w, https:\/\/broxtal.com\/wp-content\/uploads\/2025\/07\/27.webp 1080w\" sizes=\"(max-width: 800px) 100vw, 800px\" \/> <img loading=\"lazy\" decoding=\"async\" class=\"aligncenter size-large wp-image-36548\" src=\"https:\/\/broxtal.com\/wp-content\/uploads\/2025\/07\/28-800x800.webp\" alt=\"\" width=\"800\" height=\"800\" srcset=\"https:\/\/broxtal.com\/wp-content\/uploads\/2025\/07\/28-800x800.webp 800w, https:\/\/broxtal.com\/wp-content\/uploads\/2025\/07\/28-300x300.webp 300w, https:\/\/broxtal.com\/wp-content\/uploads\/2025\/07\/28-150x150.webp 150w, https:\/\/broxtal.com\/wp-content\/uploads\/2025\/07\/28-768x768.webp 768w, https:\/\/broxtal.com\/wp-content\/uploads\/2025\/07\/28-12x12.webp 12w, https:\/\/broxtal.com\/wp-content\/uploads\/2025\/07\/28-60x60.webp 60w, https:\/\/broxtal.com\/wp-content\/uploads\/2025\/07\/28-110x110.webp 110w, https:\/\/broxtal.com\/wp-content\/uploads\/2025\/07\/28-600x600.webp 600w, https:\/\/broxtal.com\/wp-content\/uploads\/2025\/07\/28-32x32.webp 32w, https:\/\/broxtal.com\/wp-content\/uploads\/2025\/07\/28-64x64.webp 64w, https:\/\/broxtal.com\/wp-content\/uploads\/2025\/07\/28.webp 1080w\" sizes=\"(max-width: 800px) 100vw, 800px\" \/> <img loading=\"lazy\" decoding=\"async\" class=\"aligncenter size-large wp-image-36549\" src=\"https:\/\/broxtal.com\/wp-content\/uploads\/2025\/07\/29-800x800.webp\" alt=\"\" width=\"800\" height=\"800\" srcset=\"https:\/\/broxtal.com\/wp-content\/uploads\/2025\/07\/29-800x800.webp 800w, https:\/\/broxtal.com\/wp-content\/uploads\/2025\/07\/29-300x300.webp 300w, https:\/\/broxtal.com\/wp-content\/uploads\/2025\/07\/29-150x150.webp 150w, https:\/\/broxtal.com\/wp-content\/uploads\/2025\/07\/29-768x768.webp 768w, https:\/\/broxtal.com\/wp-content\/uploads\/2025\/07\/29-12x12.webp 12w, https:\/\/broxtal.com\/wp-content\/uploads\/2025\/07\/29-60x60.webp 60w, https:\/\/broxtal.com\/wp-content\/uploads\/2025\/07\/29-110x110.webp 110w, https:\/\/broxtal.com\/wp-content\/uploads\/2025\/07\/29-600x600.webp 600w, https:\/\/broxtal.com\/wp-content\/uploads\/2025\/07\/29-32x32.webp 32w, https:\/\/broxtal.com\/wp-content\/uploads\/2025\/07\/29-64x64.webp 64w, https:\/\/broxtal.com\/wp-content\/uploads\/2025\/07\/29.webp 1080w\" sizes=\"(max-width: 800px) 100vw, 800px\" \/><img loading=\"lazy\" decoding=\"async\" class=\"aligncenter size-large wp-image-36550\" src=\"https:\/\/broxtal.com\/wp-content\/uploads\/2025\/07\/30-800x800.webp\" alt=\"\" width=\"800\" height=\"800\" srcset=\"https:\/\/broxtal.com\/wp-content\/uploads\/2025\/07\/30-800x800.webp 800w, https:\/\/broxtal.com\/wp-content\/uploads\/2025\/07\/30-300x300.webp 300w, https:\/\/broxtal.com\/wp-content\/uploads\/2025\/07\/30-150x150.webp 150w, https:\/\/broxtal.com\/wp-content\/uploads\/2025\/07\/30-768x768.webp 768w, https:\/\/broxtal.com\/wp-content\/uploads\/2025\/07\/30-12x12.webp 12w, https:\/\/broxtal.com\/wp-content\/uploads\/2025\/07\/30-60x60.webp 60w, https:\/\/broxtal.com\/wp-content\/uploads\/2025\/07\/30-110x110.webp 110w, https:\/\/broxtal.com\/wp-content\/uploads\/2025\/07\/30-600x600.webp 600w, https:\/\/broxtal.com\/wp-content\/uploads\/2025\/07\/30-32x32.webp 32w, https:\/\/broxtal.com\/wp-content\/uploads\/2025\/07\/30-64x64.webp 64w, https:\/\/broxtal.com\/wp-content\/uploads\/2025\/07\/30.webp 1080w\" sizes=\"(max-width: 800px) 100vw, 800px\" \/> <img loading=\"lazy\" decoding=\"async\" class=\"aligncenter size-large wp-image-36545\" src=\"https:\/\/broxtal.com\/wp-content\/uploads\/2025\/07\/25-800x800.webp\" alt=\"\" width=\"800\" height=\"800\" srcset=\"https:\/\/broxtal.com\/wp-content\/uploads\/2025\/07\/25-800x800.webp 800w, https:\/\/broxtal.com\/wp-content\/uploads\/2025\/07\/25-300x300.webp 300w, https:\/\/broxtal.com\/wp-content\/uploads\/2025\/07\/25-150x150.webp 150w, https:\/\/broxtal.com\/wp-content\/uploads\/2025\/07\/25-768x768.webp 768w, https:\/\/broxtal.com\/wp-content\/uploads\/2025\/07\/25-12x12.webp 12w, https:\/\/broxtal.com\/wp-content\/uploads\/2025\/07\/25-60x60.webp 60w, https:\/\/broxtal.com\/wp-content\/uploads\/2025\/07\/25-110x110.webp 110w, https:\/\/broxtal.com\/wp-content\/uploads\/2025\/07\/25-600x600.webp 600w, https:\/\/broxtal.com\/wp-content\/uploads\/2025\/07\/25-32x32.webp 32w, https:\/\/broxtal.com\/wp-content\/uploads\/2025\/07\/25-64x64.webp 64w, https:\/\/broxtal.com\/wp-content\/uploads\/2025\/07\/25.webp 1080w\" sizes=\"(max-width: 800px) 100vw, 800px\" \/><img loading=\"lazy\" decoding=\"async\" class=\"aligncenter size-large wp-image-36552\" src=\"https:\/\/broxtal.com\/wp-content\/uploads\/2025\/07\/32-800x800.webp\" alt=\"\" width=\"800\" height=\"800\" srcset=\"https:\/\/broxtal.com\/wp-content\/uploads\/2025\/07\/32-800x800.webp 800w, https:\/\/broxtal.com\/wp-content\/uploads\/2025\/07\/32-300x300.webp 300w, https:\/\/broxtal.com\/wp-content\/uploads\/2025\/07\/32-150x150.webp 150w, https:\/\/broxtal.com\/wp-content\/uploads\/2025\/07\/32-768x768.webp 768w, https:\/\/broxtal.com\/wp-content\/uploads\/2025\/07\/32-12x12.webp 12w, https:\/\/broxtal.com\/wp-content\/uploads\/2025\/07\/32-60x60.webp 60w, https:\/\/broxtal.com\/wp-content\/uploads\/2025\/07\/32-110x110.webp 110w, https:\/\/broxtal.com\/wp-content\/uploads\/2025\/07\/32-600x600.webp 600w, https:\/\/broxtal.com\/wp-content\/uploads\/2025\/07\/32-32x32.webp 32w, https:\/\/broxtal.com\/wp-content\/uploads\/2025\/07\/32.webp 1080w\" sizes=\"(max-width: 800px) 100vw, 800px\" \/><\/p>","protected":false},"excerpt":{"rendered":"<ul>\n<li><strong>96% oxyg\u00e8ne de haute puret\u00e9<\/strong><\/li>\n<li><strong>R\u00e9glable 1-5L\/min D\u00e9bit d'impulsion<\/strong><\/li>\n<li><strong>Modes d'impulsion AI et de d\u00e9bit \u00e0 fr\u00e9quence fixe<\/strong><\/li>\n<li><strong>Atomiseur 9L int\u00e9gr\u00e9<\/strong><\/li>\n<\/ul>","protected":false},"featured_media":36543,"comment_status":"open","ping_status":"closed","template":"","meta":[],"product_brand":[],"product_cat":[286,1761,1820,1719],"product_tag":[],"class_list":{"0":"post-36534","1":"product","2":"type-product","3":"status-publish","4":"has-post-thumbnail","6":"product_cat-health-wellness","7":"product_cat-oxygen-concentrators","8":"product_cat-pulse-flow","9":"product_cat-respiratory-care-oxygen-therapy","11":"first","12":"instock","13":"sale","14":"shipping-taxable","15":"purchasable","16":"product-type-simple"},"_links":{"self":[{"href":"https:\/\/broxtal.com\/fr\/wp-json\/wp\/v2\/product\/36534","targetHints":{"allow":["GET"]}}],"collection":[{"href":"https:\/\/broxtal.com\/fr\/wp-json\/wp\/v2\/product"}],"about":[{"href":"https:\/\/broxtal.com\/fr\/wp-json\/wp\/v2\/types\/product"}],"replies":[{"embeddable":true,"href":"https:\/\/broxtal.com\/fr\/wp-json\/wp\/v2\/comments?post=36534"}],"version-history":[{"count":14,"href":"https:\/\/broxtal.com\/fr\/wp-json\/wp\/v2\/product\/36534\/revisions"}],"predecessor-version":[{"id":37060,"href":"https:\/\/broxtal.com\/fr\/wp-json\/wp\/v2\/product\/36534\/revisions\/37060"}],"wp:featuredmedia":[{"embeddable":true,"href":"https:\/\/broxtal.com\/fr\/wp-json\/wp\/v2\/media\/36543"}],"wp:attachment":[{"href":"https:\/\/broxtal.com\/fr\/wp-json\/wp\/v2\/media?parent=36534"}],"wp:term":[{"taxonomy":"product_brand","embeddable":true,"href":"https:\/\/broxtal.com\/fr\/wp-json\/wp\/v2\/product_brand?post=36534"},{"taxonomy":"product_cat","embeddable":true,"href":"https:\/\/broxtal.com\/fr\/wp-json\/wp\/v2\/product_cat?post=36534"},{"taxonomy":"product_tag","embeddable":true,"href":"https:\/\/broxtal.com\/fr\/wp-json\/wp\/v2\/product_tag?post=36534"}],"curies":[{"name":"wp","href":"https:\/\/api.w.org\/{rel}","templated":true}]}}