{"id":36559,"date":"2025-07-14T09:23:03","date_gmt":"2025-07-14T08:23:03","guid":{"rendered":"https:\/\/broxtal.com\/?post_type=product&#038;p=36559"},"modified":"2025-07-24T15:05:26","modified_gmt":"2025-07-24T14:05:26","slug":"mini-oxygen-concentrator-for-travel-3l-93","status":"publish","type":"product","link":"https:\/\/broxtal.com\/fr\/produit\/mini-oxygen-concentrator-for-travel-3l-93\/","title":{"rendered":"Mini concentrateur d'oxyg\u00e8ne pour le voyage 3L-93%"},"content":{"rendered":"<h3 style=\"text-align: center;\" data-start=\"154\" data-end=\"219\"><span style=\"color: #e06716;\"><strong data-start=\"154\" data-end=\"219\">Besoin d'une solution d'oxyg\u00e8ne intelligente, silencieuse et portable pour les voyages ?<\/strong><\/span><\/h3>\n<h3 style=\"text-align: center;\" data-start=\"245\" data-end=\"394\"><span style=\"color: #0000ff;\">D\u00e9couvrez la puissance du Mini Concentrateur d'Oxyg\u00e8ne pour Voyage 3L Active\/pulse flow avec <\/span><span style=\"color: #0000ff;\">+93% Puret\u00e9 <\/span><span style=\"color: #0000ff;\">con\u00e7u pour le confort, la mobilit\u00e9 et la fiabilit\u00e9 au quotidien.<\/span><\/h3>\n<p><img fetchpriority=\"high\" decoding=\"async\" class=\"aligncenter size-large wp-image-37055\" src=\"https:\/\/broxtal.com\/wp-content\/uploads\/2025\/07\/mini-like-bottle-800x800.webp\" alt=\"\" width=\"800\" height=\"800\" srcset=\"https:\/\/broxtal.com\/wp-content\/uploads\/2025\/07\/mini-like-bottle-800x800.webp 800w, https:\/\/broxtal.com\/wp-content\/uploads\/2025\/07\/mini-like-bottle-300x300.webp 300w, https:\/\/broxtal.com\/wp-content\/uploads\/2025\/07\/mini-like-bottle-150x150.webp 150w, https:\/\/broxtal.com\/wp-content\/uploads\/2025\/07\/mini-like-bottle-768x768.webp 768w, https:\/\/broxtal.com\/wp-content\/uploads\/2025\/07\/mini-like-bottle-12x12.webp 12w, https:\/\/broxtal.com\/wp-content\/uploads\/2025\/07\/mini-like-bottle-60x60.webp 60w, https:\/\/broxtal.com\/wp-content\/uploads\/2025\/07\/mini-like-bottle-110x110.webp 110w, https:\/\/broxtal.com\/wp-content\/uploads\/2025\/07\/mini-like-bottle-600x600.webp 600w, https:\/\/broxtal.com\/wp-content\/uploads\/2025\/07\/mini-like-bottle-32x32.webp 32w, https:\/\/broxtal.com\/wp-content\/uploads\/2025\/07\/mini-like-bottle.webp 1080w\" sizes=\"(max-width: 800px) 100vw, 800px\" \/><\/p>\n<p>&nbsp;<\/p>\n<h4><span style=\"color: #000000;\">Respirez librement o\u00f9 que vous alliez<\/span><\/h4>\n<p><span style=\"color: #000000;\">Les <strong>Mini concentrateur d'oxyg\u00e8ne pour le voyage<\/strong> offre une solution fiable et l\u00e9g\u00e8re pour les voyageurs, les aventuriers et les patients qui ont besoin d'une assistance respiratoire en d\u00e9placement. Pesant seulement 1,5 kg, il d\u00e9livre une puret\u00e9 d'oxyg\u00e8ne de 93% \u00b1 3% avec un d\u00e9bit r\u00e9glable de 3L de 1 \u00e0 5 vitesses et prend en charge la sortie d'oxyg\u00e8ne Active\/pulse. Ce mini concentrateur est con\u00e7u pour faciliter les d\u00e9placements avec une batterie au lithium amovible, une charge USB Type-C et une prise en charge pour une utilisation en voiture et \u00e0 domicile.<\/span><\/p>\n<p><span style=\"color: #000000;\"><img decoding=\"async\" class=\"aligncenter wp-image-36560 size-full\" src=\"https:\/\/broxtal.com\/wp-content\/uploads\/2025\/07\/mini-oxygen-concentrator-for-travel-6.webp\" alt=\"\" width=\"1000\" height=\"1000\" srcset=\"https:\/\/broxtal.com\/wp-content\/uploads\/2025\/07\/mini-oxygen-concentrator-for-travel-6.webp 1000w, https:\/\/broxtal.com\/wp-content\/uploads\/2025\/07\/mini-oxygen-concentrator-for-travel-6-300x300.webp 300w, https:\/\/broxtal.com\/wp-content\/uploads\/2025\/07\/mini-oxygen-concentrator-for-travel-6-800x800.webp 800w, https:\/\/broxtal.com\/wp-content\/uploads\/2025\/07\/mini-oxygen-concentrator-for-travel-6-150x150.webp 150w, https:\/\/broxtal.com\/wp-content\/uploads\/2025\/07\/mini-oxygen-concentrator-for-travel-6-768x768.webp 768w, https:\/\/broxtal.com\/wp-content\/uploads\/2025\/07\/mini-oxygen-concentrator-for-travel-6-12x12.webp 12w, https:\/\/broxtal.com\/wp-content\/uploads\/2025\/07\/mini-oxygen-concentrator-for-travel-6-60x60.webp 60w, https:\/\/broxtal.com\/wp-content\/uploads\/2025\/07\/mini-oxygen-concentrator-for-travel-6-110x110.webp 110w, https:\/\/broxtal.com\/wp-content\/uploads\/2025\/07\/mini-oxygen-concentrator-for-travel-6-600x600.webp 600w, https:\/\/broxtal.com\/wp-content\/uploads\/2025\/07\/mini-oxygen-concentrator-for-travel-6-32x32.webp 32w, https:\/\/broxtal.com\/wp-content\/uploads\/2025\/07\/mini-oxygen-concentrator-for-travel-6-64x64.webp 64w\" sizes=\"(max-width: 1000px) 100vw, 1000px\" \/><\/span><\/p>\n<h4><span style=\"color: #000000;\">Purification avanc\u00e9e et performance entre vos mains<\/span><\/h4>\n<p><span style=\"color: #000000;\">Con\u00e7u pour une portabilit\u00e9 compacte et des performances de qualit\u00e9 m\u00e9dicale, l'appareil est dot\u00e9 d'un syst\u00e8me d'affichage de l'\u00e9tat de sant\u00e9. <strong>Syst\u00e8me de filtration \u00e0 10 couches<\/strong>Il est \u00e9quip\u00e9 d'un tamis mol\u00e9culaire au lithium CECA, import\u00e9 de France, qui garantit un oxyg\u00e8ne propre et respirable. Son moteur silencieux permet un fonctionnement silencieux, tandis que les modes intelligents de pulsation et d'oxyg\u00e8ne actif optimisent l'administration de l'oxyg\u00e8ne. La fonction d'oxyg\u00e8ne de la tasse d'eau et le compresseur microfine am\u00e9liorent la qualit\u00e9 de la th\u00e9rapie.<\/span><\/p>\n<div><span style=\"color: #000000;\"><img decoding=\"async\" class=\"aligncenter wp-image-36563 size-full\" src=\"https:\/\/broxtal.com\/wp-content\/uploads\/2025\/07\/mini-oxygen-concentrator-for-travel-9.webp\" alt=\"\" width=\"1000\" height=\"1000\" srcset=\"https:\/\/broxtal.com\/wp-content\/uploads\/2025\/07\/mini-oxygen-concentrator-for-travel-9.webp 1000w, https:\/\/broxtal.com\/wp-content\/uploads\/2025\/07\/mini-oxygen-concentrator-for-travel-9-300x300.webp 300w, https:\/\/broxtal.com\/wp-content\/uploads\/2025\/07\/mini-oxygen-concentrator-for-travel-9-800x800.webp 800w, https:\/\/broxtal.com\/wp-content\/uploads\/2025\/07\/mini-oxygen-concentrator-for-travel-9-150x150.webp 150w, https:\/\/broxtal.com\/wp-content\/uploads\/2025\/07\/mini-oxygen-concentrator-for-travel-9-768x768.webp 768w, https:\/\/broxtal.com\/wp-content\/uploads\/2025\/07\/mini-oxygen-concentrator-for-travel-9-12x12.webp 12w, https:\/\/broxtal.com\/wp-content\/uploads\/2025\/07\/mini-oxygen-concentrator-for-travel-9-60x60.webp 60w, https:\/\/broxtal.com\/wp-content\/uploads\/2025\/07\/mini-oxygen-concentrator-for-travel-9-110x110.webp 110w, https:\/\/broxtal.com\/wp-content\/uploads\/2025\/07\/mini-oxygen-concentrator-for-travel-9-600x600.webp 600w, https:\/\/broxtal.com\/wp-content\/uploads\/2025\/07\/mini-oxygen-concentrator-for-travel-9-32x32.webp 32w, https:\/\/broxtal.com\/wp-content\/uploads\/2025\/07\/mini-oxygen-concentrator-for-travel-9-64x64.webp 64w\" sizes=\"(max-width: 1000px) 100vw, 1000px\" \/><\/span><\/div>\n<h3><span style=\"color: #000000;\">Tableau des sp\u00e9cifications<\/span><\/h3>\n<table>\n<tbody>\n<tr>\n<th><span style=\"color: #000000;\"><strong>Fonctionnalit\u00e9<\/strong><\/span><\/th>\n<th><span style=\"color: #000000;\"><strong>D\u00e9tails<\/strong><\/span><\/th>\n<\/tr>\n<tr>\n<td><span style=\"color: #000000;\">Type de produit<\/span><\/td>\n<td><span style=\"color: #000000;\">Mini concentrateur d'oxyg\u00e8ne pour le voyage<\/span><\/td>\n<\/tr>\n<tr>\n<td><span style=\"color: #000000;\">Marque<\/span><\/td>\n<td><span style=\"color: #000000;\">LINMICS<\/span><\/td>\n<\/tr>\n<tr>\n<td><span style=\"color: #000000;\">Poids<\/span><\/td>\n<td><span style=\"color: #000000;\">1,5 kg<\/span><\/td>\n<\/tr>\n<tr>\n<td><span style=\"color: #000000;\">Dimensions<\/span><\/td>\n<td><span style=\"color: #000000;\">Taille compacte de la paume de la main (bouteille d'eau de 1,5 L)<\/span><\/td>\n<\/tr>\n<tr>\n<td><span style=\"color: #000000;\">Concentration d'oxyg\u00e8ne<\/span><\/td>\n<td><span style=\"color: #000000;\">93% \u00b1 3%<\/span><\/td>\n<\/tr>\n<tr>\n<td><span style=\"color: #000000;\">D\u00e9bit<\/span><\/td>\n<td><span style=\"color: #000000;\">R\u00e9glable de 1 \u00e0 5 niveaux (jusqu'\u00e0 3L\/min)<\/span><\/td>\n<\/tr>\n<tr>\n<td><span style=\"color: #000000;\">Niveau de bruit<\/span><\/td>\n<td><span style=\"color: #000000;\">Fonctionnement \u00e0 faible bruit<\/span><\/td>\n<\/tr>\n<tr>\n<td><span style=\"color: #000000;\">Type de batterie<\/span><\/td>\n<td><span style=\"color: #000000;\">Batterie au lithium amovible<\/span><\/td>\n<\/tr>\n<tr>\n<td><span style=\"color: #000000;\">Port de charge<\/span><\/td>\n<td><span style=\"color: #000000;\">USB Type-C<\/span><\/td>\n<\/tr>\n<tr>\n<td><span style=\"color: #000000;\">Options d'alimentation<\/span><\/td>\n<td><span style=\"color: #000000;\">CA (maison), CC (voiture), Batterie<\/span><\/td>\n<\/tr>\n<tr>\n<td><span style=\"color: #000000;\">Syst\u00e8me de filtration<\/span><\/td>\n<td><span style=\"color: #000000;\">Purification \u00e0 10 couches avec tamis CECA<\/span><\/td>\n<\/tr>\n<tr>\n<td><span style=\"color: #000000;\">Convient pour<\/span><\/td>\n<td><span style=\"color: #000000;\">Voyage, maison, voiture, utilisation en altitude<\/span><\/td>\n<\/tr>\n<tr>\n<td><\/td>\n<td><\/td>\n<\/tr>\n<\/tbody>\n<\/table>\n<div><\/div>\n<h3><span style=\"color: #000000;\">Liste des colis<\/span><\/h3>\n<p><span style=\"color: #000000;\">1 x Mini concentrateur d'oxyg\u00e8ne<\/span><br \/>\n<span style=\"color: #000000;\">\u2713 1 x \u00e9tui de transport avec bandouli\u00e8re<\/span><br \/>\n<span style=\"color: #000000;\">1 x c\u00e2ble de chargement USB pour voiture<\/span><br \/>\n<span style=\"color: #000000;\">1 x Chargeur domestique<\/span><br \/>\n<span style=\"color: #000000;\">\u2713 5 x coton filtre<\/span><br \/>\n<span style=\"color: #000000;\">3 x Tubes \u00e0 oxyg\u00e8ne<\/span><br \/>\n<span style=\"color: #000000;\">1 x Manuel d'utilisation et certificat<\/span><\/p>\n<p><img loading=\"lazy\" decoding=\"async\" class=\"aligncenter wp-image-36568 size-full\" src=\"https:\/\/broxtal.com\/wp-content\/uploads\/2025\/07\/mini-oxygen-concentrator-for-travel-5.webp\" alt=\"\" width=\"1000\" height=\"1000\" srcset=\"https:\/\/broxtal.com\/wp-content\/uploads\/2025\/07\/mini-oxygen-concentrator-for-travel-5.webp 1000w, https:\/\/broxtal.com\/wp-content\/uploads\/2025\/07\/mini-oxygen-concentrator-for-travel-5-300x300.webp 300w, https:\/\/broxtal.com\/wp-content\/uploads\/2025\/07\/mini-oxygen-concentrator-for-travel-5-800x800.webp 800w, https:\/\/broxtal.com\/wp-content\/uploads\/2025\/07\/mini-oxygen-concentrator-for-travel-5-150x150.webp 150w, https:\/\/broxtal.com\/wp-content\/uploads\/2025\/07\/mini-oxygen-concentrator-for-travel-5-768x768.webp 768w, https:\/\/broxtal.com\/wp-content\/uploads\/2025\/07\/mini-oxygen-concentrator-for-travel-5-12x12.webp 12w, https:\/\/broxtal.com\/wp-content\/uploads\/2025\/07\/mini-oxygen-concentrator-for-travel-5-60x60.webp 60w, https:\/\/broxtal.com\/wp-content\/uploads\/2025\/07\/mini-oxygen-concentrator-for-travel-5-110x110.webp 110w, https:\/\/broxtal.com\/wp-content\/uploads\/2025\/07\/mini-oxygen-concentrator-for-travel-5-600x600.webp 600w, https:\/\/broxtal.com\/wp-content\/uploads\/2025\/07\/mini-oxygen-concentrator-for-travel-5-32x32.webp 32w, https:\/\/broxtal.com\/wp-content\/uploads\/2025\/07\/mini-oxygen-concentrator-for-travel-5-64x64.webp 64w\" sizes=\"(max-width: 1000px) 100vw, 1000px\" \/><img loading=\"lazy\" decoding=\"async\" class=\"aligncenter wp-image-36564 size-full\" src=\"https:\/\/broxtal.com\/wp-content\/uploads\/2025\/07\/mini-oxygen-concentrator-for-travel-1.webp\" alt=\"\" width=\"1000\" height=\"1000\" srcset=\"https:\/\/broxtal.com\/wp-content\/uploads\/2025\/07\/mini-oxygen-concentrator-for-travel-1.webp 1000w, https:\/\/broxtal.com\/wp-content\/uploads\/2025\/07\/mini-oxygen-concentrator-for-travel-1-300x300.webp 300w, https:\/\/broxtal.com\/wp-content\/uploads\/2025\/07\/mini-oxygen-concentrator-for-travel-1-800x800.webp 800w, https:\/\/broxtal.com\/wp-content\/uploads\/2025\/07\/mini-oxygen-concentrator-for-travel-1-150x150.webp 150w, https:\/\/broxtal.com\/wp-content\/uploads\/2025\/07\/mini-oxygen-concentrator-for-travel-1-768x768.webp 768w, https:\/\/broxtal.com\/wp-content\/uploads\/2025\/07\/mini-oxygen-concentrator-for-travel-1-12x12.webp 12w, https:\/\/broxtal.com\/wp-content\/uploads\/2025\/07\/mini-oxygen-concentrator-for-travel-1-60x60.webp 60w, https:\/\/broxtal.com\/wp-content\/uploads\/2025\/07\/mini-oxygen-concentrator-for-travel-1-110x110.webp 110w, https:\/\/broxtal.com\/wp-content\/uploads\/2025\/07\/mini-oxygen-concentrator-for-travel-1-600x600.webp 600w, https:\/\/broxtal.com\/wp-content\/uploads\/2025\/07\/mini-oxygen-concentrator-for-travel-1-32x32.webp 32w, https:\/\/broxtal.com\/wp-content\/uploads\/2025\/07\/mini-oxygen-concentrator-for-travel-1-64x64.webp 64w\" sizes=\"(max-width: 1000px) 100vw, 1000px\" \/><img loading=\"lazy\" decoding=\"async\" class=\"aligncenter wp-image-36562 size-full\" src=\"https:\/\/broxtal.com\/wp-content\/uploads\/2025\/07\/mini-oxygen-concentrator-for-travel-8.webp\" alt=\"\" width=\"1000\" height=\"1000\" srcset=\"https:\/\/broxtal.com\/wp-content\/uploads\/2025\/07\/mini-oxygen-concentrator-for-travel-8.webp 1000w, https:\/\/broxtal.com\/wp-content\/uploads\/2025\/07\/mini-oxygen-concentrator-for-travel-8-300x300.webp 300w, https:\/\/broxtal.com\/wp-content\/uploads\/2025\/07\/mini-oxygen-concentrator-for-travel-8-800x800.webp 800w, https:\/\/broxtal.com\/wp-content\/uploads\/2025\/07\/mini-oxygen-concentrator-for-travel-8-150x150.webp 150w, https:\/\/broxtal.com\/wp-content\/uploads\/2025\/07\/mini-oxygen-concentrator-for-travel-8-768x768.webp 768w, https:\/\/broxtal.com\/wp-content\/uploads\/2025\/07\/mini-oxygen-concentrator-for-travel-8-12x12.webp 12w, https:\/\/broxtal.com\/wp-content\/uploads\/2025\/07\/mini-oxygen-concentrator-for-travel-8-60x60.webp 60w, https:\/\/broxtal.com\/wp-content\/uploads\/2025\/07\/mini-oxygen-concentrator-for-travel-8-110x110.webp 110w, https:\/\/broxtal.com\/wp-content\/uploads\/2025\/07\/mini-oxygen-concentrator-for-travel-8-600x600.webp 600w, https:\/\/broxtal.com\/wp-content\/uploads\/2025\/07\/mini-oxygen-concentrator-for-travel-8-32x32.webp 32w, https:\/\/broxtal.com\/wp-content\/uploads\/2025\/07\/mini-oxygen-concentrator-for-travel-8-64x64.webp 64w\" sizes=\"(max-width: 1000px) 100vw, 1000px\" \/> <img loading=\"lazy\" decoding=\"async\" class=\"aligncenter wp-image-36566 size-full\" src=\"https:\/\/broxtal.com\/wp-content\/uploads\/2025\/07\/mini-oxygen-concentrator-for-travel-3.webp\" alt=\"\" width=\"1000\" height=\"1000\" srcset=\"https:\/\/broxtal.com\/wp-content\/uploads\/2025\/07\/mini-oxygen-concentrator-for-travel-3.webp 1000w, https:\/\/broxtal.com\/wp-content\/uploads\/2025\/07\/mini-oxygen-concentrator-for-travel-3-300x300.webp 300w, https:\/\/broxtal.com\/wp-content\/uploads\/2025\/07\/mini-oxygen-concentrator-for-travel-3-800x800.webp 800w, https:\/\/broxtal.com\/wp-content\/uploads\/2025\/07\/mini-oxygen-concentrator-for-travel-3-150x150.webp 150w, https:\/\/broxtal.com\/wp-content\/uploads\/2025\/07\/mini-oxygen-concentrator-for-travel-3-768x768.webp 768w, https:\/\/broxtal.com\/wp-content\/uploads\/2025\/07\/mini-oxygen-concentrator-for-travel-3-12x12.webp 12w, https:\/\/broxtal.com\/wp-content\/uploads\/2025\/07\/mini-oxygen-concentrator-for-travel-3-60x60.webp 60w, https:\/\/broxtal.com\/wp-content\/uploads\/2025\/07\/mini-oxygen-concentrator-for-travel-3-110x110.webp 110w, https:\/\/broxtal.com\/wp-content\/uploads\/2025\/07\/mini-oxygen-concentrator-for-travel-3-600x600.webp 600w, https:\/\/broxtal.com\/wp-content\/uploads\/2025\/07\/mini-oxygen-concentrator-for-travel-3-32x32.webp 32w, https:\/\/broxtal.com\/wp-content\/uploads\/2025\/07\/mini-oxygen-concentrator-for-travel-3-64x64.webp 64w\" sizes=\"(max-width: 1000px) 100vw, 1000px\" \/><\/p>","protected":false},"excerpt":{"rendered":"<p>\ud83d\udca8 <strong data-start=\"68\" data-end=\"91\">93% Puret\u00e9, 3LA D\u00e9bit actif\/impulsionnel<\/strong> (1-5 niveaux de vitesse)<br data-start=\"161\" data-end=\"164\" \/>\ud83e\uddf3 <strong data-start=\"167\" data-end=\"182\">Ultra-l\u00e9ger<\/strong> - 1,5 kg, format bouteille pour le voyage.<br data-start=\"229\" data-end=\"232\" \/>\ud83d\udd0b <strong data-start=\"235\" data-end=\"256\">Batterie amovible<\/strong> - Recharge via USB-C.<br data-start=\"297\" data-end=\"300\" \/>\ud83c\udf2c\ufe0f <strong data-start=\"304\" data-end=\"323\">Filtre \u00e0 10 couches<\/strong> - Tamis mol\u00e9culaire CECA pour l'air frais.<\/p>","protected":false},"featured_media":36567,"comment_status":"open","ping_status":"closed","template":"","meta":[],"product_brand":[],"product_cat":[286,1761,1818,1820,1719],"product_tag":[],"class_list":{"0":"post-36559","1":"product","2":"type-product","3":"status-publish","4":"has-post-thumbnail","6":"product_cat-health-wellness","7":"product_cat-oxygen-concentrators","8":"product_cat-portable-oxygen-machine","9":"product_cat-pulse-flow","10":"product_cat-respiratory-care-oxygen-therapy","12":"first","13":"instock","14":"sale","15":"shipping-taxable","16":"purchasable","17":"product-type-simple"},"_links":{"self":[{"href":"https:\/\/broxtal.com\/fr\/wp-json\/wp\/v2\/product\/36559","targetHints":{"allow":["GET"]}}],"collection":[{"href":"https:\/\/broxtal.com\/fr\/wp-json\/wp\/v2\/product"}],"about":[{"href":"https:\/\/broxtal.com\/fr\/wp-json\/wp\/v2\/types\/product"}],"replies":[{"embeddable":true,"href":"https:\/\/broxtal.com\/fr\/wp-json\/wp\/v2\/comments?post=36559"}],"version-history":[{"count":8,"href":"https:\/\/broxtal.com\/fr\/wp-json\/wp\/v2\/product\/36559\/revisions"}],"predecessor-version":[{"id":37057,"href":"https:\/\/broxtal.com\/fr\/wp-json\/wp\/v2\/product\/36559\/revisions\/37057"}],"wp:featuredmedia":[{"embeddable":true,"href":"https:\/\/broxtal.com\/fr\/wp-json\/wp\/v2\/media\/36567"}],"wp:attachment":[{"href":"https:\/\/broxtal.com\/fr\/wp-json\/wp\/v2\/media?parent=36559"}],"wp:term":[{"taxonomy":"product_brand","embeddable":true,"href":"https:\/\/broxtal.com\/fr\/wp-json\/wp\/v2\/product_brand?post=36559"},{"taxonomy":"product_cat","embeddable":true,"href":"https:\/\/broxtal.com\/fr\/wp-json\/wp\/v2\/product_cat?post=36559"},{"taxonomy":"product_tag","embeddable":true,"href":"https:\/\/broxtal.com\/fr\/wp-json\/wp\/v2\/product_tag?post=36559"}],"curies":[{"name":"wp","href":"https:\/\/api.w.org\/{rel}","templated":true}]}}