{"id":36572,"date":"2025-07-14T13:42:12","date_gmt":"2025-07-14T12:42:12","guid":{"rendered":"https:\/\/broxtal.com\/?post_type=product&#038;p=36572"},"modified":"2025-07-24T05:25:52","modified_gmt":"2025-07-24T04:25:52","slug":"portable-oxygen-generator-machine-1-5l","status":"publish","type":"product","link":"https:\/\/broxtal.com\/fr\/produit\/portable-oxygen-generator-machine-1-5l\/","title":{"rendered":"G\u00e9n\u00e9rateur d'oxyg\u00e8ne portable 1.5L"},"content":{"rendered":"<h1 style=\"text-align: center;\" data-start=\"197\" data-end=\"301\"><span style=\"color: #000080;\"><strong data-start=\"201\" data-end=\"301\">G\u00e9n\u00e9rateur d'oxyg\u00e8ne portable 1.5L - L\u00e9ger avec une endurance ext\u00e9rieure de plus de 3.5Hrs<\/strong><\/span><\/h1>\n<h2 style=\"text-align: center;\" data-start=\"303\" data-end=\"417\"><span style=\"color: #3366ff;\"><strong data-start=\"308\" data-end=\"417\">Fournit une concentration d'oxyg\u00e8ne de 30% \u00e0 1L\/min avec un d\u00e9bit puls\u00e9 ultra-propre et une filtration des PM2.5\/bact\u00e9ries de 95%.<\/strong><\/span><\/h2>\n<p style=\"text-align: center;\"><img fetchpriority=\"high\" decoding=\"async\" class=\"aligncenter wp-image-36576 size-full\" src=\"https:\/\/broxtal.com\/wp-content\/uploads\/2025\/07\/portable-oxygen-generator-machine-1.5l-3L-11.webp\" alt=\"\" width=\"1000\" height=\"1000\" srcset=\"https:\/\/broxtal.com\/wp-content\/uploads\/2025\/07\/portable-oxygen-generator-machine-1.5l-3L-11.webp 1000w, https:\/\/broxtal.com\/wp-content\/uploads\/2025\/07\/portable-oxygen-generator-machine-1.5l-3L-11-300x300.webp 300w, https:\/\/broxtal.com\/wp-content\/uploads\/2025\/07\/portable-oxygen-generator-machine-1.5l-3L-11-800x800.webp 800w, https:\/\/broxtal.com\/wp-content\/uploads\/2025\/07\/portable-oxygen-generator-machine-1.5l-3L-11-150x150.webp 150w, https:\/\/broxtal.com\/wp-content\/uploads\/2025\/07\/portable-oxygen-generator-machine-1.5l-3L-11-768x768.webp 768w, https:\/\/broxtal.com\/wp-content\/uploads\/2025\/07\/portable-oxygen-generator-machine-1.5l-3L-11-12x12.webp 12w, https:\/\/broxtal.com\/wp-content\/uploads\/2025\/07\/portable-oxygen-generator-machine-1.5l-3L-11-60x60.webp 60w, https:\/\/broxtal.com\/wp-content\/uploads\/2025\/07\/portable-oxygen-generator-machine-1.5l-3L-11-110x110.webp 110w, https:\/\/broxtal.com\/wp-content\/uploads\/2025\/07\/portable-oxygen-generator-machine-1.5l-3L-11-600x600.webp 600w, https:\/\/broxtal.com\/wp-content\/uploads\/2025\/07\/portable-oxygen-generator-machine-1.5l-3L-11-32x32.webp 32w\" sizes=\"(max-width: 1000px) 100vw, 1000px\" \/><\/p>\n<p><a href=\"https:\/\/broxtal.com\/wp-content\/uploads\/2025\/07\/8.jpg\"><img decoding=\"async\" class=\"aligncenter wp-image-37016 size-full\" src=\"https:\/\/broxtal.com\/wp-content\/uploads\/2025\/07\/8.jpg\" alt=\"\" width=\"1000\" height=\"2399\" srcset=\"https:\/\/broxtal.com\/wp-content\/uploads\/2025\/07\/8.jpg 1000w, https:\/\/broxtal.com\/wp-content\/uploads\/2025\/07\/8-125x300.jpg 125w, https:\/\/broxtal.com\/wp-content\/uploads\/2025\/07\/8-333x800.jpg 333w, https:\/\/broxtal.com\/wp-content\/uploads\/2025\/07\/8-768x1842.jpg 768w, https:\/\/broxtal.com\/wp-content\/uploads\/2025\/07\/8-640x1536.jpg 640w, https:\/\/broxtal.com\/wp-content\/uploads\/2025\/07\/8-854x2048.jpg 854w, https:\/\/broxtal.com\/wp-content\/uploads\/2025\/07\/8-5x12.jpg 5w, https:\/\/broxtal.com\/wp-content\/uploads\/2025\/07\/8-60x144.jpg 60w, https:\/\/broxtal.com\/wp-content\/uploads\/2025\/07\/8-110x264.jpg 110w, https:\/\/broxtal.com\/wp-content\/uploads\/2025\/07\/8-600x1439.jpg 600w, https:\/\/broxtal.com\/wp-content\/uploads\/2025\/07\/8-150x360.jpg 150w\" sizes=\"(max-width: 1000px) 100vw, 1000px\" \/><\/a><\/p>\n<h4 style=\"text-align: center;\"><span style=\"color: #000000;\">L\u00e9ger, efficace et id\u00e9al pour les voyages<\/span><\/h4>\n<p style=\"text-align: center;\"><span style=\"color: #000000;\">Les <strong>G\u00e9n\u00e9rateur d'oxyg\u00e8ne portable 1.5L<\/strong> de LINMICS est con\u00e7u pour les utilisateurs \u00e0 la recherche d'un support d'oxyg\u00e8ne \u00e0 faible d\u00e9bit en d\u00e9placement. Pesant seulement 650g, cette machine ultra-compacte d\u00e9livre une concentration d'oxyg\u00e8ne constante de 30% \u00e0 1L\/min. Elle comprend une batterie lithium amovible avec plus de 3,5 heures d'autonomie et peut \u00eatre recharg\u00e9e via USB Type-C \u00e0 la maison, dans la voiture ou \u00e0 l'aide d'une banque d'alimentation. Avec un niveau sonore de seulement 45 dB, il est suffisamment silencieux pour \u00eatre utilis\u00e9 pendant le sommeil, ce qui le rend parfait pour les voyages, le repos et les besoins th\u00e9rapeutiques quotidiens.<\/span><\/p>\n<p style=\"text-align: center;\"><img decoding=\"async\" class=\"aligncenter wp-image-36574 size-full\" src=\"https:\/\/broxtal.com\/wp-content\/uploads\/2025\/07\/portable-oxygen-generator-machine-1.5l-3L-9.webp\" alt=\"\" width=\"1000\" height=\"1000\" srcset=\"https:\/\/broxtal.com\/wp-content\/uploads\/2025\/07\/portable-oxygen-generator-machine-1.5l-3L-9.webp 1000w, https:\/\/broxtal.com\/wp-content\/uploads\/2025\/07\/portable-oxygen-generator-machine-1.5l-3L-9-300x300.webp 300w, https:\/\/broxtal.com\/wp-content\/uploads\/2025\/07\/portable-oxygen-generator-machine-1.5l-3L-9-800x800.webp 800w, https:\/\/broxtal.com\/wp-content\/uploads\/2025\/07\/portable-oxygen-generator-machine-1.5l-3L-9-150x150.webp 150w, https:\/\/broxtal.com\/wp-content\/uploads\/2025\/07\/portable-oxygen-generator-machine-1.5l-3L-9-768x768.webp 768w, https:\/\/broxtal.com\/wp-content\/uploads\/2025\/07\/portable-oxygen-generator-machine-1.5l-3L-9-12x12.webp 12w, https:\/\/broxtal.com\/wp-content\/uploads\/2025\/07\/portable-oxygen-generator-machine-1.5l-3L-9-60x60.webp 60w, https:\/\/broxtal.com\/wp-content\/uploads\/2025\/07\/portable-oxygen-generator-machine-1.5l-3L-9-110x110.webp 110w, https:\/\/broxtal.com\/wp-content\/uploads\/2025\/07\/portable-oxygen-generator-machine-1.5l-3L-9-600x600.webp 600w, https:\/\/broxtal.com\/wp-content\/uploads\/2025\/07\/portable-oxygen-generator-machine-1.5l-3L-9-32x32.webp 32w\" sizes=\"(max-width: 1000px) 100vw, 1000px\" \/><\/p>\n<h4 style=\"text-align: center;\"><span style=\"color: #000000;\">Sortie d'oxyg\u00e8ne simple et propre<\/span><\/h4>\n<p style=\"text-align: center;\"><span style=\"color: #000000;\">Con\u00e7u pour le confort de l'utilisateur, ce g\u00e9n\u00e9rateur d'oxyg\u00e8ne portable 1,5L offre une sensation de respiration naturelle et filtre jusqu'\u00e0 95% de PM2.5 et de bact\u00e9ries. Sa conception favorise un meilleur sommeil et un confort respiratoire g\u00e9n\u00e9ral. Pas besoin d'eau, pas d'effets secondaires signal\u00e9s et pas de r\u00e9glages compliqu\u00e9s : il suffit de se connecter, de respirer et de partir.<\/span><\/p>\n<p style=\"text-align: center;\"><img loading=\"lazy\" decoding=\"async\" class=\"aligncenter wp-image-36579 size-full\" src=\"https:\/\/broxtal.com\/wp-content\/uploads\/2025\/07\/portable-oxygen-generator-machine-1.5l-3L-14.webp\" alt=\"\" width=\"1000\" height=\"1000\" srcset=\"https:\/\/broxtal.com\/wp-content\/uploads\/2025\/07\/portable-oxygen-generator-machine-1.5l-3L-14.webp 1000w, https:\/\/broxtal.com\/wp-content\/uploads\/2025\/07\/portable-oxygen-generator-machine-1.5l-3L-14-300x300.webp 300w, https:\/\/broxtal.com\/wp-content\/uploads\/2025\/07\/portable-oxygen-generator-machine-1.5l-3L-14-800x800.webp 800w, https:\/\/broxtal.com\/wp-content\/uploads\/2025\/07\/portable-oxygen-generator-machine-1.5l-3L-14-150x150.webp 150w, https:\/\/broxtal.com\/wp-content\/uploads\/2025\/07\/portable-oxygen-generator-machine-1.5l-3L-14-768x768.webp 768w, https:\/\/broxtal.com\/wp-content\/uploads\/2025\/07\/portable-oxygen-generator-machine-1.5l-3L-14-12x12.webp 12w, https:\/\/broxtal.com\/wp-content\/uploads\/2025\/07\/portable-oxygen-generator-machine-1.5l-3L-14-60x60.webp 60w, https:\/\/broxtal.com\/wp-content\/uploads\/2025\/07\/portable-oxygen-generator-machine-1.5l-3L-14-110x110.webp 110w, https:\/\/broxtal.com\/wp-content\/uploads\/2025\/07\/portable-oxygen-generator-machine-1.5l-3L-14-600x600.webp 600w, https:\/\/broxtal.com\/wp-content\/uploads\/2025\/07\/portable-oxygen-generator-machine-1.5l-3L-14-32x32.webp 32w\" sizes=\"(max-width: 1000px) 100vw, 1000px\" \/><\/p>\n<h3 style=\"text-align: center;\"><span style=\"color: #000000;\">Tableau des sp\u00e9cifications<\/span><\/h3>\n<ul>\n<li>\n<p class=\"p1\"><span style=\"color: #000000;\"><span class=\"s1\"><b>Marque :<\/b><\/span> LINMICS<\/span><\/p>\n<\/li>\n<li>\n<p class=\"p1\"><span style=\"color: #000000;\"><b>Poids :<\/b><span class=\"s1\"> 650g<\/span><\/span><\/p>\n<\/li>\n<li>\n<p class=\"p1\"><span style=\"color: #000000;\"><span class=\"s1\"><b>Dimensions :<\/b><\/span> Ultra-compact, pr\u00eat \u00e0 voyager<\/span><\/p>\n<\/li>\n<li>\n<p class=\"p1\"><span style=\"color: #000000;\"><b>Concentration d'oxyg\u00e8ne :<\/b><span class=\"s1\"> 30%<\/span><\/span><\/p>\n<\/li>\n<li>\n<p class=\"p1\"><span style=\"color: #000000;\"><b>D\u00e9bit :<\/b><span class=\"s1\"> 1L\/min<\/span><\/span><\/p>\n<\/li>\n<li>\n<p class=\"p1\"><span style=\"color: #000000;\"><b>Niveau sonore :<\/b><span class=\"s1\"> 45 dB<\/span><\/span><\/p>\n<\/li>\n<li>\n<p class=\"p1\"><span style=\"color: #000000;\"><span class=\"s1\"><b>Autonomie de la batterie :<\/b><\/span> Plus de 3,5 heures<\/span><\/p>\n<\/li>\n<li>\n<p class=\"p1\"><span style=\"color: #000000;\"><b>Port de charge :<\/b><span class=\"s1\"> USB Type-C<\/span><\/span><\/p>\n<\/li>\n<li>\n<p class=\"p1\"><span style=\"color: #000000;\"><span class=\"s1\"><b>M\u00e9thodes de chargement :<\/b><\/span> Mur, voiture, banque d'alimentation<\/span><\/p>\n<\/li>\n<li>\n<p class=\"p1\"><span style=\"color: #000000;\"><span class=\"s1\"><b>Filtration :<\/b><\/span> 95% Filtration des PM2.5 et des bact\u00e9ries<\/span><\/p>\n<\/li>\n<li>\n<p class=\"p1\"><span style=\"color: #000000;\"><span class=\"s1\"><b>Convient \u00e0 :<\/b><\/span> Voyage, sommeil, aide quotidienne \u00e0 l'oxyg\u00e9nation<\/span><\/p>\n<\/li>\n<\/ul>\n<h3 style=\"text-align: center;\"><\/h3>\n<p style=\"text-align: center;\"><img loading=\"lazy\" decoding=\"async\" class=\"aligncenter wp-image-36573 size-full\" src=\"https:\/\/broxtal.com\/wp-content\/uploads\/2025\/07\/portable-oxygen-generator-machine-1.5l-3L-8.webp\" alt=\"\" width=\"1600\" height=\"1600\" srcset=\"https:\/\/broxtal.com\/wp-content\/uploads\/2025\/07\/portable-oxygen-generator-machine-1.5l-3L-8.webp 1600w, https:\/\/broxtal.com\/wp-content\/uploads\/2025\/07\/portable-oxygen-generator-machine-1.5l-3L-8-300x300.webp 300w, https:\/\/broxtal.com\/wp-content\/uploads\/2025\/07\/portable-oxygen-generator-machine-1.5l-3L-8-800x800.webp 800w, https:\/\/broxtal.com\/wp-content\/uploads\/2025\/07\/portable-oxygen-generator-machine-1.5l-3L-8-150x150.webp 150w, https:\/\/broxtal.com\/wp-content\/uploads\/2025\/07\/portable-oxygen-generator-machine-1.5l-3L-8-768x768.webp 768w, https:\/\/broxtal.com\/wp-content\/uploads\/2025\/07\/portable-oxygen-generator-machine-1.5l-3L-8-1536x1536.webp 1536w, https:\/\/broxtal.com\/wp-content\/uploads\/2025\/07\/portable-oxygen-generator-machine-1.5l-3L-8-12x12.webp 12w, https:\/\/broxtal.com\/wp-content\/uploads\/2025\/07\/portable-oxygen-generator-machine-1.5l-3L-8-1200x1200.webp 1200w, https:\/\/broxtal.com\/wp-content\/uploads\/2025\/07\/portable-oxygen-generator-machine-1.5l-3L-8-60x60.webp 60w, https:\/\/broxtal.com\/wp-content\/uploads\/2025\/07\/portable-oxygen-generator-machine-1.5l-3L-8-110x110.webp 110w, https:\/\/broxtal.com\/wp-content\/uploads\/2025\/07\/portable-oxygen-generator-machine-1.5l-3L-8-600x600.webp 600w, https:\/\/broxtal.com\/wp-content\/uploads\/2025\/07\/portable-oxygen-generator-machine-1.5l-3L-8-32x32.webp 32w\" sizes=\"(max-width: 1600px) 100vw, 1600px\" \/><img loading=\"lazy\" decoding=\"async\" class=\"aligncenter wp-image-36578 size-full\" src=\"https:\/\/broxtal.com\/wp-content\/uploads\/2025\/07\/portable-oxygen-generator-machine-1.5l-3L-13.webp\" alt=\"\" width=\"1000\" height=\"1000\" srcset=\"https:\/\/broxtal.com\/wp-content\/uploads\/2025\/07\/portable-oxygen-generator-machine-1.5l-3L-13.webp 1000w, https:\/\/broxtal.com\/wp-content\/uploads\/2025\/07\/portable-oxygen-generator-machine-1.5l-3L-13-300x300.webp 300w, https:\/\/broxtal.com\/wp-content\/uploads\/2025\/07\/portable-oxygen-generator-machine-1.5l-3L-13-800x800.webp 800w, https:\/\/broxtal.com\/wp-content\/uploads\/2025\/07\/portable-oxygen-generator-machine-1.5l-3L-13-150x150.webp 150w, https:\/\/broxtal.com\/wp-content\/uploads\/2025\/07\/portable-oxygen-generator-machine-1.5l-3L-13-768x768.webp 768w, https:\/\/broxtal.com\/wp-content\/uploads\/2025\/07\/portable-oxygen-generator-machine-1.5l-3L-13-12x12.webp 12w, https:\/\/broxtal.com\/wp-content\/uploads\/2025\/07\/portable-oxygen-generator-machine-1.5l-3L-13-60x60.webp 60w, https:\/\/broxtal.com\/wp-content\/uploads\/2025\/07\/portable-oxygen-generator-machine-1.5l-3L-13-110x110.webp 110w, https:\/\/broxtal.com\/wp-content\/uploads\/2025\/07\/portable-oxygen-generator-machine-1.5l-3L-13-600x600.webp 600w, https:\/\/broxtal.com\/wp-content\/uploads\/2025\/07\/portable-oxygen-generator-machine-1.5l-3L-13-32x32.webp 32w\" sizes=\"(max-width: 1000px) 100vw, 1000px\" \/><\/p>\n<h3 style=\"text-align: center;\"><img loading=\"lazy\" decoding=\"async\" class=\"aligncenter wp-image-36580 size-full\" src=\"https:\/\/broxtal.com\/wp-content\/uploads\/2025\/07\/portable-oxygen-generator-machine-1.5l-3L-15.webp\" alt=\"\" width=\"1000\" height=\"1000\" srcset=\"https:\/\/broxtal.com\/wp-content\/uploads\/2025\/07\/portable-oxygen-generator-machine-1.5l-3L-15.webp 1000w, https:\/\/broxtal.com\/wp-content\/uploads\/2025\/07\/portable-oxygen-generator-machine-1.5l-3L-15-300x300.webp 300w, https:\/\/broxtal.com\/wp-content\/uploads\/2025\/07\/portable-oxygen-generator-machine-1.5l-3L-15-800x800.webp 800w, https:\/\/broxtal.com\/wp-content\/uploads\/2025\/07\/portable-oxygen-generator-machine-1.5l-3L-15-150x150.webp 150w, https:\/\/broxtal.com\/wp-content\/uploads\/2025\/07\/portable-oxygen-generator-machine-1.5l-3L-15-768x768.webp 768w, https:\/\/broxtal.com\/wp-content\/uploads\/2025\/07\/portable-oxygen-generator-machine-1.5l-3L-15-12x12.webp 12w, https:\/\/broxtal.com\/wp-content\/uploads\/2025\/07\/portable-oxygen-generator-machine-1.5l-3L-15-60x60.webp 60w, https:\/\/broxtal.com\/wp-content\/uploads\/2025\/07\/portable-oxygen-generator-machine-1.5l-3L-15-110x110.webp 110w, https:\/\/broxtal.com\/wp-content\/uploads\/2025\/07\/portable-oxygen-generator-machine-1.5l-3L-15-600x600.webp 600w, https:\/\/broxtal.com\/wp-content\/uploads\/2025\/07\/portable-oxygen-generator-machine-1.5l-3L-15-32x32.webp 32w\" sizes=\"(max-width: 1000px) 100vw, 1000px\" \/><\/h3>\n<p><img loading=\"lazy\" decoding=\"async\" class=\"wp-image-36577 size-full aligncenter\" src=\"https:\/\/broxtal.com\/wp-content\/uploads\/2025\/07\/portable-oxygen-generator-machine-1.5l-3L-12.webp\" alt=\"\" width=\"1000\" height=\"1000\" srcset=\"https:\/\/broxtal.com\/wp-content\/uploads\/2025\/07\/portable-oxygen-generator-machine-1.5l-3L-12.webp 1000w, https:\/\/broxtal.com\/wp-content\/uploads\/2025\/07\/portable-oxygen-generator-machine-1.5l-3L-12-300x300.webp 300w, https:\/\/broxtal.com\/wp-content\/uploads\/2025\/07\/portable-oxygen-generator-machine-1.5l-3L-12-800x800.webp 800w, https:\/\/broxtal.com\/wp-content\/uploads\/2025\/07\/portable-oxygen-generator-machine-1.5l-3L-12-150x150.webp 150w, https:\/\/broxtal.com\/wp-content\/uploads\/2025\/07\/portable-oxygen-generator-machine-1.5l-3L-12-768x768.webp 768w, https:\/\/broxtal.com\/wp-content\/uploads\/2025\/07\/portable-oxygen-generator-machine-1.5l-3L-12-12x12.webp 12w, https:\/\/broxtal.com\/wp-content\/uploads\/2025\/07\/portable-oxygen-generator-machine-1.5l-3L-12-60x60.webp 60w, https:\/\/broxtal.com\/wp-content\/uploads\/2025\/07\/portable-oxygen-generator-machine-1.5l-3L-12-110x110.webp 110w, https:\/\/broxtal.com\/wp-content\/uploads\/2025\/07\/portable-oxygen-generator-machine-1.5l-3L-12-600x600.webp 600w, https:\/\/broxtal.com\/wp-content\/uploads\/2025\/07\/portable-oxygen-generator-machine-1.5l-3L-12-32x32.webp 32w\" sizes=\"(max-width: 1000px) 100vw, 1000px\" \/><\/p>\n<h3 style=\"text-align: center;\"><span style=\"color: #000000;\">Liste des colis<\/span><\/h3>\n<p style=\"text-align: left;\"><span style=\"color: #000000;\">1 \u00d7 Concentrateur d'oxyg\u00e8ne portable<\/span><br \/>\n<span style=\"color: #000000;\">\u2713 1 \u00d7 C\u00e2ble de charge de type C<\/span><br \/>\n<span style=\"color: #000000;\">1 \u00d7 C\u00e2ble de chargement pour voiture<\/span><br \/>\n<span style=\"color: #000000;\">1 \u00d7 Sac de transport<\/span><br \/>\n<span style=\"color: #000000;\">\u2713 1 \u00d7 Tubes d'oxyg\u00e8ne<\/span><\/p>\n<p><img loading=\"lazy\" decoding=\"async\" class=\"wp-image-36581 size-full aligncenter\" src=\"https:\/\/broxtal.com\/wp-content\/uploads\/2025\/07\/portable-oxygen-generator-machine-1.5l-3L-16.webp\" alt=\"\" width=\"1000\" height=\"1000\" srcset=\"https:\/\/broxtal.com\/wp-content\/uploads\/2025\/07\/portable-oxygen-generator-machine-1.5l-3L-16.webp 1000w, https:\/\/broxtal.com\/wp-content\/uploads\/2025\/07\/portable-oxygen-generator-machine-1.5l-3L-16-300x300.webp 300w, https:\/\/broxtal.com\/wp-content\/uploads\/2025\/07\/portable-oxygen-generator-machine-1.5l-3L-16-800x800.webp 800w, https:\/\/broxtal.com\/wp-content\/uploads\/2025\/07\/portable-oxygen-generator-machine-1.5l-3L-16-150x150.webp 150w, https:\/\/broxtal.com\/wp-content\/uploads\/2025\/07\/portable-oxygen-generator-machine-1.5l-3L-16-768x768.webp 768w, https:\/\/broxtal.com\/wp-content\/uploads\/2025\/07\/portable-oxygen-generator-machine-1.5l-3L-16-12x12.webp 12w, https:\/\/broxtal.com\/wp-content\/uploads\/2025\/07\/portable-oxygen-generator-machine-1.5l-3L-16-60x60.webp 60w, https:\/\/broxtal.com\/wp-content\/uploads\/2025\/07\/portable-oxygen-generator-machine-1.5l-3L-16-110x110.webp 110w, https:\/\/broxtal.com\/wp-content\/uploads\/2025\/07\/portable-oxygen-generator-machine-1.5l-3L-16-600x600.webp 600w, https:\/\/broxtal.com\/wp-content\/uploads\/2025\/07\/portable-oxygen-generator-machine-1.5l-3L-16-32x32.webp 32w, https:\/\/broxtal.com\/wp-content\/uploads\/2025\/07\/portable-oxygen-generator-machine-1.5l-3L-16-64x64.webp 64w\" sizes=\"(max-width: 1000px) 100vw, 1000px\" \/> <img loading=\"lazy\" decoding=\"async\" class=\"wp-image-36575 size-full aligncenter\" src=\"https:\/\/broxtal.com\/wp-content\/uploads\/2025\/07\/portable-oxygen-generator-machine-1.5l-3L-10.webp\" alt=\"\" width=\"1000\" height=\"1000\" srcset=\"https:\/\/broxtal.com\/wp-content\/uploads\/2025\/07\/portable-oxygen-generator-machine-1.5l-3L-10.webp 1000w, https:\/\/broxtal.com\/wp-content\/uploads\/2025\/07\/portable-oxygen-generator-machine-1.5l-3L-10-300x300.webp 300w, https:\/\/broxtal.com\/wp-content\/uploads\/2025\/07\/portable-oxygen-generator-machine-1.5l-3L-10-800x800.webp 800w, https:\/\/broxtal.com\/wp-content\/uploads\/2025\/07\/portable-oxygen-generator-machine-1.5l-3L-10-150x150.webp 150w, https:\/\/broxtal.com\/wp-content\/uploads\/2025\/07\/portable-oxygen-generator-machine-1.5l-3L-10-768x768.webp 768w, https:\/\/broxtal.com\/wp-content\/uploads\/2025\/07\/portable-oxygen-generator-machine-1.5l-3L-10-12x12.webp 12w, https:\/\/broxtal.com\/wp-content\/uploads\/2025\/07\/portable-oxygen-generator-machine-1.5l-3L-10-60x60.webp 60w, https:\/\/broxtal.com\/wp-content\/uploads\/2025\/07\/portable-oxygen-generator-machine-1.5l-3L-10-110x110.webp 110w, https:\/\/broxtal.com\/wp-content\/uploads\/2025\/07\/portable-oxygen-generator-machine-1.5l-3L-10-600x600.webp 600w, https:\/\/broxtal.com\/wp-content\/uploads\/2025\/07\/portable-oxygen-generator-machine-1.5l-3L-10-32x32.webp 32w\" sizes=\"(max-width: 1000px) 100vw, 1000px\" \/><\/p>\n<p><a href=\"https:\/\/broxtal.com\/wp-content\/uploads\/2025\/07\/9.jpg\"><img loading=\"lazy\" decoding=\"async\" class=\"aligncenter wp-image-37017 size-full\" src=\"https:\/\/broxtal.com\/wp-content\/uploads\/2025\/07\/9.jpg\" alt=\"\" width=\"1000\" height=\"1000\" srcset=\"https:\/\/broxtal.com\/wp-content\/uploads\/2025\/07\/9.jpg 1000w, https:\/\/broxtal.com\/wp-content\/uploads\/2025\/07\/9-300x300.jpg 300w, https:\/\/broxtal.com\/wp-content\/uploads\/2025\/07\/9-800x800.jpg 800w, https:\/\/broxtal.com\/wp-content\/uploads\/2025\/07\/9-150x150.jpg 150w, https:\/\/broxtal.com\/wp-content\/uploads\/2025\/07\/9-768x768.jpg 768w, https:\/\/broxtal.com\/wp-content\/uploads\/2025\/07\/9-12x12.jpg 12w, https:\/\/broxtal.com\/wp-content\/uploads\/2025\/07\/9-60x60.jpg 60w, https:\/\/broxtal.com\/wp-content\/uploads\/2025\/07\/9-110x110.jpg 110w, https:\/\/broxtal.com\/wp-content\/uploads\/2025\/07\/9-600x600.jpg 600w, https:\/\/broxtal.com\/wp-content\/uploads\/2025\/07\/9-32x32.jpg 32w\" sizes=\"(max-width: 1000px) 100vw, 1000px\" \/><\/a><\/p>\n<p><a href=\"https:\/\/broxtal.com\/wp-content\/uploads\/2025\/07\/6.jpg\"><img loading=\"lazy\" decoding=\"async\" class=\"wp-image-37024 size-full aligncenter\" src=\"https:\/\/broxtal.com\/wp-content\/uploads\/2025\/07\/6.jpg\" alt=\"\" width=\"1000\" height=\"1000\" srcset=\"https:\/\/broxtal.com\/wp-content\/uploads\/2025\/07\/6.jpg 1000w, https:\/\/broxtal.com\/wp-content\/uploads\/2025\/07\/6-300x300.jpg 300w, https:\/\/broxtal.com\/wp-content\/uploads\/2025\/07\/6-800x800.jpg 800w, https:\/\/broxtal.com\/wp-content\/uploads\/2025\/07\/6-150x150.jpg 150w, https:\/\/broxtal.com\/wp-content\/uploads\/2025\/07\/6-768x768.jpg 768w, https:\/\/broxtal.com\/wp-content\/uploads\/2025\/07\/6-12x12.jpg 12w, https:\/\/broxtal.com\/wp-content\/uploads\/2025\/07\/6-60x60.jpg 60w, https:\/\/broxtal.com\/wp-content\/uploads\/2025\/07\/6-110x110.jpg 110w, https:\/\/broxtal.com\/wp-content\/uploads\/2025\/07\/6-600x600.jpg 600w, https:\/\/broxtal.com\/wp-content\/uploads\/2025\/07\/6-32x32.jpg 32w, https:\/\/broxtal.com\/wp-content\/uploads\/2025\/07\/6-64x64.jpg 64w\" sizes=\"(max-width: 1000px) 100vw, 1000px\" \/><\/a><\/p>","protected":false},"excerpt":{"rendered":"<p data-start=\"1090\" data-end=\"1153\">\ud83e\udeb6 <strong data-start=\"1093\" data-end=\"1114\">Tr\u00e8s l\u00e9ger<\/strong>: Seulement 650g<\/p>\n<p data-start=\"1156\" data-end=\"1216\">\ud83d\udd0b <strong data-start=\"1159\" data-end=\"1180\">Longue dur\u00e9e de vie de la batterie<\/strong>plus de 3,5 heures<\/p>\n<p data-start=\"1219\" data-end=\"1278\">\ud83d\udd0c <strong data-start=\"1222\" data-end=\"1240\">Chargement par USB-C<\/strong>Le syst\u00e8me d'alimentation de l'appareil peut \u00eatre branch\u00e9 dans une voiture, sur un mur ou sur une banque d'alimentation.<\/p>","protected":false},"featured_media":36581,"comment_status":"open","ping_status":"closed","template":"","meta":[],"product_brand":[],"product_cat":[286,1761,1818,1820,1719],"product_tag":[],"class_list":{"0":"post-36572","1":"product","2":"type-product","3":"status-publish","4":"has-post-thumbnail","6":"product_cat-health-wellness","7":"product_cat-oxygen-concentrators","8":"product_cat-portable-oxygen-machine","9":"product_cat-pulse-flow","10":"product_cat-respiratory-care-oxygen-therapy","12":"first","13":"instock","14":"sale","15":"shipping-taxable","16":"purchasable","17":"product-type-simple"},"_links":{"self":[{"href":"https:\/\/broxtal.com\/fr\/wp-json\/wp\/v2\/product\/36572","targetHints":{"allow":["GET"]}}],"collection":[{"href":"https:\/\/broxtal.com\/fr\/wp-json\/wp\/v2\/product"}],"about":[{"href":"https:\/\/broxtal.com\/fr\/wp-json\/wp\/v2\/types\/product"}],"replies":[{"embeddable":true,"href":"https:\/\/broxtal.com\/fr\/wp-json\/wp\/v2\/comments?post=36572"}],"version-history":[{"count":15,"href":"https:\/\/broxtal.com\/fr\/wp-json\/wp\/v2\/product\/36572\/revisions"}],"predecessor-version":[{"id":37034,"href":"https:\/\/broxtal.com\/fr\/wp-json\/wp\/v2\/product\/36572\/revisions\/37034"}],"wp:featuredmedia":[{"embeddable":true,"href":"https:\/\/broxtal.com\/fr\/wp-json\/wp\/v2\/media\/36581"}],"wp:attachment":[{"href":"https:\/\/broxtal.com\/fr\/wp-json\/wp\/v2\/media?parent=36572"}],"wp:term":[{"taxonomy":"product_brand","embeddable":true,"href":"https:\/\/broxtal.com\/fr\/wp-json\/wp\/v2\/product_brand?post=36572"},{"taxonomy":"product_cat","embeddable":true,"href":"https:\/\/broxtal.com\/fr\/wp-json\/wp\/v2\/product_cat?post=36572"},{"taxonomy":"product_tag","embeddable":true,"href":"https:\/\/broxtal.com\/fr\/wp-json\/wp\/v2\/product_tag?post=36572"}],"curies":[{"name":"wp","href":"https:\/\/api.w.org\/{rel}","templated":true}]}}