{"id":36590,"date":"2025-07-14T13:22:34","date_gmt":"2025-07-14T12:22:34","guid":{"rendered":"https:\/\/broxtal.com\/?post_type=product&#038;p=36590"},"modified":"2025-07-23T15:11:07","modified_gmt":"2025-07-23T14:11:07","slug":"portable-oxygen-generator-machine-3l","status":"publish","type":"product","link":"https:\/\/broxtal.com\/fr\/produit\/portable-oxygen-generator-machine-3l\/","title":{"rendered":"G\u00e9n\u00e9rateur d'oxyg\u00e8ne portable 3L"},"content":{"rendered":"<h1 style=\"text-align: center;\" data-start=\"77\" data-end=\"159\"><span style=\"color: #000080;\"><strong data-start=\"84\" data-end=\"157\">G\u00e9n\u00e9rateur d'oxyg\u00e8ne portable 3L - L\u00e9ger, de l'air pur partout<\/strong><\/span><\/h1>\n<h2 style=\"text-align: center;\" data-start=\"160\" data-end=\"241\"><span style=\"color: #3366ff;\">D\u00e9bit puls\u00e9 de 3L, puret\u00e9 de l'oxyg\u00e8ne 30%, filtration des PM2.5 et alimentation par batterie USB-C de 4h.<\/span><\/h2>\n<p><img fetchpriority=\"high\" decoding=\"async\" class=\"aligncenter size-large wp-image-36595\" src=\"https:\/\/broxtal.com\/wp-content\/uploads\/2025\/07\/portable-oxygen-generator-machine-3L-6-800x800.webp\" alt=\"\" width=\"800\" height=\"800\" srcset=\"https:\/\/broxtal.com\/wp-content\/uploads\/2025\/07\/portable-oxygen-generator-machine-3L-6-800x800.webp 800w, https:\/\/broxtal.com\/wp-content\/uploads\/2025\/07\/portable-oxygen-generator-machine-3L-6-300x300.webp 300w, https:\/\/broxtal.com\/wp-content\/uploads\/2025\/07\/portable-oxygen-generator-machine-3L-6-150x150.webp 150w, https:\/\/broxtal.com\/wp-content\/uploads\/2025\/07\/portable-oxygen-generator-machine-3L-6-768x768.webp 768w, https:\/\/broxtal.com\/wp-content\/uploads\/2025\/07\/portable-oxygen-generator-machine-3L-6-12x12.webp 12w, https:\/\/broxtal.com\/wp-content\/uploads\/2025\/07\/portable-oxygen-generator-machine-3L-6-60x60.webp 60w, https:\/\/broxtal.com\/wp-content\/uploads\/2025\/07\/portable-oxygen-generator-machine-3L-6-110x110.webp 110w, https:\/\/broxtal.com\/wp-content\/uploads\/2025\/07\/portable-oxygen-generator-machine-3L-6-600x600.webp 600w, https:\/\/broxtal.com\/wp-content\/uploads\/2025\/07\/portable-oxygen-generator-machine-3L-6-32x32.webp 32w, https:\/\/broxtal.com\/wp-content\/uploads\/2025\/07\/portable-oxygen-generator-machine-3L-6-64x64.webp 64w, https:\/\/broxtal.com\/wp-content\/uploads\/2025\/07\/portable-oxygen-generator-machine-3L-6.webp 1080w\" sizes=\"(max-width: 800px) 100vw, 800px\" \/><\/p>\n<h4 style=\"text-align: center;\">L\u00e9ger, efficace et id\u00e9al pour les voyages<\/h4>\n<p style=\"text-align: center;\">Les <strong>G\u00e9n\u00e9rateur d'oxyg\u00e8ne portable 3L<\/strong> by LINMICS est con\u00e7u pour les utilisateurs qui recherchent un support d'oxyg\u00e8ne \u00e0 faible d\u00e9bit en d\u00e9placement, Il comprend une batterie lithium amovible avec jusqu'\u00e0 4 heures d'autonomie et peut \u00eatre recharg\u00e9 via USB Type-C \u00e0 la maison, dans la voiture ou \u00e0 l'aide d'une banque d'alimentation. Avec un niveau sonore de seulement 45 dB, il est suffisamment silencieux pour \u00eatre utilis\u00e9 pendant le sommeil, ce qui le rend parfait pour les voyages, le repos et les besoins th\u00e9rapeutiques quotidiens.<\/p>\n<p><img decoding=\"async\" class=\"aligncenter size-large wp-image-36601\" src=\"https:\/\/broxtal.com\/wp-content\/uploads\/2025\/07\/portable-oxygen-generator-machine-3L-5-800x800.webp\" alt=\"\" width=\"800\" height=\"800\" srcset=\"https:\/\/broxtal.com\/wp-content\/uploads\/2025\/07\/portable-oxygen-generator-machine-3L-5-800x800.webp 800w, https:\/\/broxtal.com\/wp-content\/uploads\/2025\/07\/portable-oxygen-generator-machine-3L-5-300x300.webp 300w, https:\/\/broxtal.com\/wp-content\/uploads\/2025\/07\/portable-oxygen-generator-machine-3L-5-150x150.webp 150w, https:\/\/broxtal.com\/wp-content\/uploads\/2025\/07\/portable-oxygen-generator-machine-3L-5-768x768.webp 768w, https:\/\/broxtal.com\/wp-content\/uploads\/2025\/07\/portable-oxygen-generator-machine-3L-5-12x12.webp 12w, https:\/\/broxtal.com\/wp-content\/uploads\/2025\/07\/portable-oxygen-generator-machine-3L-5-60x60.webp 60w, https:\/\/broxtal.com\/wp-content\/uploads\/2025\/07\/portable-oxygen-generator-machine-3L-5-110x110.webp 110w, https:\/\/broxtal.com\/wp-content\/uploads\/2025\/07\/portable-oxygen-generator-machine-3L-5-600x600.webp 600w, https:\/\/broxtal.com\/wp-content\/uploads\/2025\/07\/portable-oxygen-generator-machine-3L-5-32x32.webp 32w, https:\/\/broxtal.com\/wp-content\/uploads\/2025\/07\/portable-oxygen-generator-machine-3L-5-64x64.webp 64w, https:\/\/broxtal.com\/wp-content\/uploads\/2025\/07\/portable-oxygen-generator-machine-3L-5.webp 1080w\" sizes=\"(max-width: 800px) 100vw, 800px\" \/><\/p>\n<h4 style=\"text-align: center;\">Sortie d'oxyg\u00e8ne simple et propre<\/h4>\n<p style=\"text-align: center;\">Con\u00e7ue dans un souci de confort de l'utilisateur, cette <strong>G\u00e9n\u00e9rateur d'oxyg\u00e8ne portable 3L<\/strong> offre une sensation de respiration naturelle et filtre jusqu'\u00e0 95% de PM2.5 et de bact\u00e9ries. Sa conception favorise un meilleur sommeil et un confort respiratoire g\u00e9n\u00e9ral. Pas besoin d'eau, pas d'effets secondaires signal\u00e9s et pas de r\u00e9glages compliqu\u00e9s - il suffit de le brancher, de respirer et de partir.<\/p>\n<p><img decoding=\"async\" class=\"aligncenter size-large wp-image-36596\" src=\"https:\/\/broxtal.com\/wp-content\/uploads\/2025\/07\/portable-oxygen-generator-machine-3L-7-800x800.webp\" alt=\"\" width=\"800\" height=\"800\" srcset=\"https:\/\/broxtal.com\/wp-content\/uploads\/2025\/07\/portable-oxygen-generator-machine-3L-7-800x800.webp 800w, https:\/\/broxtal.com\/wp-content\/uploads\/2025\/07\/portable-oxygen-generator-machine-3L-7-300x300.webp 300w, https:\/\/broxtal.com\/wp-content\/uploads\/2025\/07\/portable-oxygen-generator-machine-3L-7-150x150.webp 150w, https:\/\/broxtal.com\/wp-content\/uploads\/2025\/07\/portable-oxygen-generator-machine-3L-7-768x768.webp 768w, https:\/\/broxtal.com\/wp-content\/uploads\/2025\/07\/portable-oxygen-generator-machine-3L-7-12x12.webp 12w, https:\/\/broxtal.com\/wp-content\/uploads\/2025\/07\/portable-oxygen-generator-machine-3L-7-60x60.webp 60w, https:\/\/broxtal.com\/wp-content\/uploads\/2025\/07\/portable-oxygen-generator-machine-3L-7-110x110.webp 110w, https:\/\/broxtal.com\/wp-content\/uploads\/2025\/07\/portable-oxygen-generator-machine-3L-7-600x600.webp 600w, https:\/\/broxtal.com\/wp-content\/uploads\/2025\/07\/portable-oxygen-generator-machine-3L-7-32x32.webp 32w, https:\/\/broxtal.com\/wp-content\/uploads\/2025\/07\/portable-oxygen-generator-machine-3L-7-64x64.webp 64w, https:\/\/broxtal.com\/wp-content\/uploads\/2025\/07\/portable-oxygen-generator-machine-3L-7.webp 1080w\" sizes=\"(max-width: 800px) 100vw, 800px\" \/><\/p>\n<h3 style=\"text-align: center;\">Tableau des sp\u00e9cifications<\/h3>\n<table class=\"w-fit min-w-(--thread-content-width)\" data-start=\"98\" data-end=\"970\">\n<thead data-start=\"98\" data-end=\"165\">\n<tr data-start=\"98\" data-end=\"165\">\n<th data-start=\"98\" data-end=\"125\" data-col-size=\"sm\"><strong data-start=\"100\" data-end=\"111\">Fonctionnalit\u00e9<\/strong><\/th>\n<th data-start=\"125\" data-end=\"165\" data-col-size=\"sm\"><strong data-start=\"127\" data-end=\"138\">D\u00e9tails<\/strong><\/th>\n<\/tr>\n<\/thead>\n<tbody data-start=\"234\" data-end=\"970\">\n<tr data-start=\"234\" data-end=\"300\">\n<td data-start=\"234\" data-end=\"260\" data-col-size=\"sm\">Type de produit<\/td>\n<td data-start=\"260\" data-end=\"300\" data-col-size=\"sm\">G\u00e9n\u00e9rateur d'oxyg\u00e8ne portable 3L<\/td>\n<\/tr>\n<tr data-start=\"301\" data-end=\"367\">\n<td data-start=\"301\" data-end=\"327\" data-col-size=\"sm\">Marque<\/td>\n<td data-col-size=\"sm\" data-start=\"327\" data-end=\"367\">LINMICS<\/td>\n<\/tr>\n<tr data-start=\"368\" data-end=\"434\">\n<td data-start=\"368\" data-end=\"394\" data-col-size=\"sm\">Dimensions<\/td>\n<td data-col-size=\"sm\" data-start=\"394\" data-end=\"434\">Ultra-compact, pr\u00eat \u00e0 voyager<\/td>\n<\/tr>\n<tr data-start=\"435\" data-end=\"501\">\n<td data-start=\"435\" data-end=\"461\" data-col-size=\"sm\">Concentration d'oxyg\u00e8ne<\/td>\n<td data-start=\"461\" data-end=\"501\" data-col-size=\"sm\">30%<\/td>\n<\/tr>\n<tr data-start=\"502\" data-end=\"568\">\n<td data-start=\"502\" data-end=\"528\" data-col-size=\"sm\">D\u00e9bit<\/td>\n<td data-start=\"528\" data-end=\"568\" data-col-size=\"sm\">3L\/min<\/td>\n<\/tr>\n<tr data-start=\"569\" data-end=\"635\">\n<td data-start=\"569\" data-end=\"595\" data-col-size=\"sm\">Niveau de bruit<\/td>\n<td data-start=\"595\" data-end=\"635\" data-col-size=\"sm\">45 dB<\/td>\n<\/tr>\n<tr data-start=\"636\" data-end=\"702\">\n<td data-start=\"636\" data-end=\"662\" data-col-size=\"sm\">Autonomie de la batterie<\/td>\n<td data-col-size=\"sm\" data-start=\"662\" data-end=\"702\">4 heures<\/td>\n<\/tr>\n<tr data-start=\"703\" data-end=\"769\">\n<td data-start=\"703\" data-end=\"729\" data-col-size=\"sm\">Port de charge<\/td>\n<td data-col-size=\"sm\" data-start=\"729\" data-end=\"769\">USB Type-C<\/td>\n<\/tr>\n<tr data-start=\"770\" data-end=\"836\">\n<td data-start=\"770\" data-end=\"796\" data-col-size=\"sm\">M\u00e9thodes de chargement<\/td>\n<td data-col-size=\"sm\" data-start=\"796\" data-end=\"836\">Mur, voiture, banque d'alimentation<\/td>\n<\/tr>\n<tr data-start=\"837\" data-end=\"903\">\n<td data-start=\"837\" data-end=\"863\" data-col-size=\"sm\">Filtration<\/td>\n<td data-start=\"863\" data-end=\"903\" data-col-size=\"sm\">95% Filtration des PM2.5 et des bact\u00e9ries<\/td>\n<\/tr>\n<tr data-start=\"904\" data-end=\"970\">\n<td data-start=\"904\" data-end=\"930\" data-col-size=\"sm\">Convient pour<\/td>\n<td data-col-size=\"sm\" data-start=\"930\" data-end=\"970\">Voyage, sommeil, aide quotidienne \u00e0 l'oxyg\u00e9nation<\/td>\n<\/tr>\n<\/tbody>\n<\/table>\n<h3 style=\"text-align: center;\">Liste des colis<\/h3>\n<p style=\"text-align: center;\">1 \u00d7 Concentrateur d'oxyg\u00e8ne portable<br \/>\n1 \u00d7 Batterie au lithium amovible<br \/>\n\u2713 1 \u00d7 C\u00e2ble de charge de type C<br \/>\n1 \u00d7 C\u00e2ble de chargement pour voiture<br \/>\n1 \u00d7 Sac de transport<br \/>\n\u2713 1 \u00d7 Tubes d'oxyg\u00e8ne<\/p>\n<p><img loading=\"lazy\" decoding=\"async\" class=\"aligncenter size-large wp-image-36600\" src=\"https:\/\/broxtal.com\/wp-content\/uploads\/2025\/07\/portable-oxygen-generator-machine-3L-4-800x800.webp\" alt=\"\" width=\"800\" height=\"800\" srcset=\"https:\/\/broxtal.com\/wp-content\/uploads\/2025\/07\/portable-oxygen-generator-machine-3L-4-800x800.webp 800w, https:\/\/broxtal.com\/wp-content\/uploads\/2025\/07\/portable-oxygen-generator-machine-3L-4-300x300.webp 300w, https:\/\/broxtal.com\/wp-content\/uploads\/2025\/07\/portable-oxygen-generator-machine-3L-4-150x150.webp 150w, https:\/\/broxtal.com\/wp-content\/uploads\/2025\/07\/portable-oxygen-generator-machine-3L-4-768x768.webp 768w, https:\/\/broxtal.com\/wp-content\/uploads\/2025\/07\/portable-oxygen-generator-machine-3L-4-12x12.webp 12w, https:\/\/broxtal.com\/wp-content\/uploads\/2025\/07\/portable-oxygen-generator-machine-3L-4-60x60.webp 60w, https:\/\/broxtal.com\/wp-content\/uploads\/2025\/07\/portable-oxygen-generator-machine-3L-4-110x110.webp 110w, https:\/\/broxtal.com\/wp-content\/uploads\/2025\/07\/portable-oxygen-generator-machine-3L-4-600x600.webp 600w, https:\/\/broxtal.com\/wp-content\/uploads\/2025\/07\/portable-oxygen-generator-machine-3L-4-32x32.webp 32w, https:\/\/broxtal.com\/wp-content\/uploads\/2025\/07\/portable-oxygen-generator-machine-3L-4-64x64.webp 64w, https:\/\/broxtal.com\/wp-content\/uploads\/2025\/07\/portable-oxygen-generator-machine-3L-4.webp 1080w\" sizes=\"(max-width: 800px) 100vw, 800px\" \/><img loading=\"lazy\" decoding=\"async\" class=\"aligncenter size-large wp-image-36597\" src=\"https:\/\/broxtal.com\/wp-content\/uploads\/2025\/07\/portable-oxygen-generator-machine-3L-1-800x800.webp\" alt=\"\" width=\"800\" height=\"800\" srcset=\"https:\/\/broxtal.com\/wp-content\/uploads\/2025\/07\/portable-oxygen-generator-machine-3L-1-800x800.webp 800w, https:\/\/broxtal.com\/wp-content\/uploads\/2025\/07\/portable-oxygen-generator-machine-3L-1-300x300.webp 300w, https:\/\/broxtal.com\/wp-content\/uploads\/2025\/07\/portable-oxygen-generator-machine-3L-1-150x150.webp 150w, https:\/\/broxtal.com\/wp-content\/uploads\/2025\/07\/portable-oxygen-generator-machine-3L-1-768x768.webp 768w, https:\/\/broxtal.com\/wp-content\/uploads\/2025\/07\/portable-oxygen-generator-machine-3L-1-12x12.webp 12w, https:\/\/broxtal.com\/wp-content\/uploads\/2025\/07\/portable-oxygen-generator-machine-3L-1-60x60.webp 60w, https:\/\/broxtal.com\/wp-content\/uploads\/2025\/07\/portable-oxygen-generator-machine-3L-1-110x110.webp 110w, https:\/\/broxtal.com\/wp-content\/uploads\/2025\/07\/portable-oxygen-generator-machine-3L-1-600x600.webp 600w, https:\/\/broxtal.com\/wp-content\/uploads\/2025\/07\/portable-oxygen-generator-machine-3L-1-32x32.webp 32w, https:\/\/broxtal.com\/wp-content\/uploads\/2025\/07\/portable-oxygen-generator-machine-3L-1-64x64.webp 64w, https:\/\/broxtal.com\/wp-content\/uploads\/2025\/07\/portable-oxygen-generator-machine-3L-1.webp 1080w\" sizes=\"(max-width: 800px) 100vw, 800px\" \/><img loading=\"lazy\" decoding=\"async\" class=\"aligncenter size-large wp-image-36599\" src=\"https:\/\/broxtal.com\/wp-content\/uploads\/2025\/07\/portable-oxygen-generator-machine-3L-3-800x800.webp\" alt=\"\" width=\"800\" height=\"800\" srcset=\"https:\/\/broxtal.com\/wp-content\/uploads\/2025\/07\/portable-oxygen-generator-machine-3L-3-800x800.webp 800w, https:\/\/broxtal.com\/wp-content\/uploads\/2025\/07\/portable-oxygen-generator-machine-3L-3-300x300.webp 300w, https:\/\/broxtal.com\/wp-content\/uploads\/2025\/07\/portable-oxygen-generator-machine-3L-3-150x150.webp 150w, https:\/\/broxtal.com\/wp-content\/uploads\/2025\/07\/portable-oxygen-generator-machine-3L-3-768x768.webp 768w, https:\/\/broxtal.com\/wp-content\/uploads\/2025\/07\/portable-oxygen-generator-machine-3L-3-12x12.webp 12w, https:\/\/broxtal.com\/wp-content\/uploads\/2025\/07\/portable-oxygen-generator-machine-3L-3-60x60.webp 60w, https:\/\/broxtal.com\/wp-content\/uploads\/2025\/07\/portable-oxygen-generator-machine-3L-3-110x110.webp 110w, https:\/\/broxtal.com\/wp-content\/uploads\/2025\/07\/portable-oxygen-generator-machine-3L-3-600x600.webp 600w, https:\/\/broxtal.com\/wp-content\/uploads\/2025\/07\/portable-oxygen-generator-machine-3L-3-32x32.webp 32w, https:\/\/broxtal.com\/wp-content\/uploads\/2025\/07\/portable-oxygen-generator-machine-3L-3-64x64.webp 64w, https:\/\/broxtal.com\/wp-content\/uploads\/2025\/07\/portable-oxygen-generator-machine-3L-3.webp 1080w\" sizes=\"(max-width: 800px) 100vw, 800px\" \/><img loading=\"lazy\" decoding=\"async\" class=\"aligncenter size-large wp-image-36598\" src=\"https:\/\/broxtal.com\/wp-content\/uploads\/2025\/07\/portable-oxygen-generator-machine-3L-2-800x800.webp\" alt=\"\" width=\"800\" height=\"800\" srcset=\"https:\/\/broxtal.com\/wp-content\/uploads\/2025\/07\/portable-oxygen-generator-machine-3L-2-800x800.webp 800w, https:\/\/broxtal.com\/wp-content\/uploads\/2025\/07\/portable-oxygen-generator-machine-3L-2-300x300.webp 300w, https:\/\/broxtal.com\/wp-content\/uploads\/2025\/07\/portable-oxygen-generator-machine-3L-2-150x150.webp 150w, https:\/\/broxtal.com\/wp-content\/uploads\/2025\/07\/portable-oxygen-generator-machine-3L-2-768x768.webp 768w, https:\/\/broxtal.com\/wp-content\/uploads\/2025\/07\/portable-oxygen-generator-machine-3L-2-12x12.webp 12w, https:\/\/broxtal.com\/wp-content\/uploads\/2025\/07\/portable-oxygen-generator-machine-3L-2-60x60.webp 60w, https:\/\/broxtal.com\/wp-content\/uploads\/2025\/07\/portable-oxygen-generator-machine-3L-2-110x110.webp 110w, https:\/\/broxtal.com\/wp-content\/uploads\/2025\/07\/portable-oxygen-generator-machine-3L-2-600x600.webp 600w, https:\/\/broxtal.com\/wp-content\/uploads\/2025\/07\/portable-oxygen-generator-machine-3L-2-32x32.webp 32w, https:\/\/broxtal.com\/wp-content\/uploads\/2025\/07\/portable-oxygen-generator-machine-3L-2.webp 1080w\" sizes=\"(max-width: 800px) 100vw, 800px\" \/><\/p>","protected":false},"excerpt":{"rendered":"<p>\ud83c\udf2c\ufe0f 30% puret\u00e9 de l'oxyg\u00e8ne avec un d\u00e9bit puls\u00e9 r\u00e9gulier de 3L\/min<br \/>\n\ud83d\udd0b Batterie amovible avec jusqu'\u00e0 4 heures d'autonomie<br \/>\n\ud83e\uddfc 95% filtration des bact\u00e9ries et des particules PM2.5<\/p>","protected":false},"featured_media":36600,"comment_status":"open","ping_status":"closed","template":"","meta":[],"product_brand":[],"product_cat":[286,1761,1818,1820,1719],"product_tag":[],"class_list":{"0":"post-36590","1":"product","2":"type-product","3":"status-publish","4":"has-post-thumbnail","6":"product_cat-health-wellness","7":"product_cat-oxygen-concentrators","8":"product_cat-portable-oxygen-machine","9":"product_cat-pulse-flow","10":"product_cat-respiratory-care-oxygen-therapy","12":"first","13":"outofstock","14":"sale","15":"shipping-taxable","16":"purchasable","17":"product-type-simple"},"_links":{"self":[{"href":"https:\/\/broxtal.com\/fr\/wp-json\/wp\/v2\/product\/36590","targetHints":{"allow":["GET"]}}],"collection":[{"href":"https:\/\/broxtal.com\/fr\/wp-json\/wp\/v2\/product"}],"about":[{"href":"https:\/\/broxtal.com\/fr\/wp-json\/wp\/v2\/types\/product"}],"replies":[{"embeddable":true,"href":"https:\/\/broxtal.com\/fr\/wp-json\/wp\/v2\/comments?post=36590"}],"version-history":[{"count":2,"href":"https:\/\/broxtal.com\/fr\/wp-json\/wp\/v2\/product\/36590\/revisions"}],"predecessor-version":[{"id":36605,"href":"https:\/\/broxtal.com\/fr\/wp-json\/wp\/v2\/product\/36590\/revisions\/36605"}],"wp:featuredmedia":[{"embeddable":true,"href":"https:\/\/broxtal.com\/fr\/wp-json\/wp\/v2\/media\/36600"}],"wp:attachment":[{"href":"https:\/\/broxtal.com\/fr\/wp-json\/wp\/v2\/media?parent=36590"}],"wp:term":[{"taxonomy":"product_brand","embeddable":true,"href":"https:\/\/broxtal.com\/fr\/wp-json\/wp\/v2\/product_brand?post=36590"},{"taxonomy":"product_cat","embeddable":true,"href":"https:\/\/broxtal.com\/fr\/wp-json\/wp\/v2\/product_cat?post=36590"},{"taxonomy":"product_tag","embeddable":true,"href":"https:\/\/broxtal.com\/fr\/wp-json\/wp\/v2\/product_tag?post=36590"}],"curies":[{"name":"wp","href":"https:\/\/api.w.org\/{rel}","templated":true}]}}