{"id":38144,"date":"2025-09-02T22:59:22","date_gmt":"2025-09-02T21:59:22","guid":{"rendered":"https:\/\/broxtal.com\/?post_type=product&#038;p=38144"},"modified":"2025-09-22T10:55:39","modified_gmt":"2025-09-22T09:55:39","slug":"home-oxygen-concentrator-with-nebulizer","status":"publish","type":"product","link":"https:\/\/broxtal.com\/fr\/produit\/home-oxygen-concentrator-with-nebulizer\/","title":{"rendered":"Concentrateur d'oxyg\u00e8ne domestique avec n\u00e9buliseur"},"content":{"rendered":"<h1 class=\"p1\" style=\"text-align: center;\"><span style=\"color: #0000ff;\"><b>Mieux respirer chaque jour avec <\/b><b style=\"font-size: 28px; text-align: center;\">Concentrateur d'oxyg\u00e8ne \u00e0 domicile avec n\u00e9buliseur certifi\u00e9 CE<\/b><\/span><\/h1>\n<h2 style=\"text-align: center;\"><span style=\"color: #3366ff;\"><b>D\u00e9bit d'impulsion r\u00e9glable 1-8L ou 2-9L, 93% haute puret\u00e9, n\u00e9buliseur int\u00e9gr\u00e9 et commande Smart Touch <\/b><b>pour rester en bonne sant\u00e9 au quotidien<\/b><\/span><\/h2>\n<h2 style=\"text-align: center;\"><img fetchpriority=\"high\" decoding=\"async\" class=\"aligncenter size-large wp-image-38150\" src=\"https:\/\/broxtal.com\/wp-content\/uploads\/2025\/09\/3-2-800x800.webp\" alt=\"\" width=\"800\" height=\"800\" srcset=\"https:\/\/broxtal.com\/wp-content\/uploads\/2025\/09\/3-2-800x800.webp 800w, https:\/\/broxtal.com\/wp-content\/uploads\/2025\/09\/3-2-300x300.webp 300w, https:\/\/broxtal.com\/wp-content\/uploads\/2025\/09\/3-2-150x150.webp 150w, https:\/\/broxtal.com\/wp-content\/uploads\/2025\/09\/3-2-768x768.webp 768w, https:\/\/broxtal.com\/wp-content\/uploads\/2025\/09\/3-2-1536x1536.webp 1536w, https:\/\/broxtal.com\/wp-content\/uploads\/2025\/09\/3-2-12x12.webp 12w, https:\/\/broxtal.com\/wp-content\/uploads\/2025\/09\/3-2-1200x1200.webp 1200w, https:\/\/broxtal.com\/wp-content\/uploads\/2025\/09\/3-2-60x60.webp 60w, https:\/\/broxtal.com\/wp-content\/uploads\/2025\/09\/3-2-110x110.webp 110w, https:\/\/broxtal.com\/wp-content\/uploads\/2025\/09\/3-2-600x600.webp 600w, https:\/\/broxtal.com\/wp-content\/uploads\/2025\/09\/3-2-32x32.webp 32w, https:\/\/broxtal.com\/wp-content\/uploads\/2025\/09\/3-2.webp 1600w\" sizes=\"(max-width: 800px) 100vw, 800px\" \/><\/h2>\n<h2 style=\"text-align: center;\"><span style=\"color: #000000;\"><b>Oxyg\u00e9noth\u00e9rapie fiable \u00e0 domicile et en voyage<\/b><\/span><\/h2>\n<p class=\"p3\" style=\"text-align: center;\"><span style=\"color: #000000;\">Les<span class=\"s2\"><b>\u00a0Concentrateur d'oxyg\u00e8ne domestique avec n\u00e9buliseur<\/b><\/span> (<strong>1-8L ou <\/strong><span class=\"s2\"><b>2-9L) <\/b><\/span>fournit jusqu'\u00e0 <span class=\"s2\"><b>93% \u00b13% Puret\u00e9 de l'oxyg\u00e8ne<\/b><\/span> avec des d\u00e9bits r\u00e9glables pour r\u00e9pondre \u00e0 diff\u00e9rents besoins. Son n\u00e9buliseur int\u00e9gr\u00e9, son syst\u00e8me de filtration \u00e0 8 niveaux et son \u00e9cran tactile intelligent en font l'outil id\u00e9al pour une utilisation quotidienne \u00e0 la maison ou en voyage.<\/span><\/p>\n<p class=\"p1\" style=\"text-align: center;\"><img decoding=\"async\" class=\"aligncenter size-large wp-image-38148\" src=\"https:\/\/broxtal.com\/wp-content\/uploads\/2025\/09\/1-2-800x800.webp\" alt=\"\" width=\"800\" height=\"800\" srcset=\"https:\/\/broxtal.com\/wp-content\/uploads\/2025\/09\/1-2-800x800.webp 800w, https:\/\/broxtal.com\/wp-content\/uploads\/2025\/09\/1-2-300x300.webp 300w, https:\/\/broxtal.com\/wp-content\/uploads\/2025\/09\/1-2-150x150.webp 150w, https:\/\/broxtal.com\/wp-content\/uploads\/2025\/09\/1-2-768x768.webp 768w, https:\/\/broxtal.com\/wp-content\/uploads\/2025\/09\/1-2-1536x1536.webp 1536w, https:\/\/broxtal.com\/wp-content\/uploads\/2025\/09\/1-2-12x12.webp 12w, https:\/\/broxtal.com\/wp-content\/uploads\/2025\/09\/1-2-1200x1200.webp 1200w, https:\/\/broxtal.com\/wp-content\/uploads\/2025\/09\/1-2-60x60.webp 60w, https:\/\/broxtal.com\/wp-content\/uploads\/2025\/09\/1-2-110x110.webp 110w, https:\/\/broxtal.com\/wp-content\/uploads\/2025\/09\/1-2-600x600.webp 600w, https:\/\/broxtal.com\/wp-content\/uploads\/2025\/09\/1-2-32x32.webp 32w, https:\/\/broxtal.com\/wp-content\/uploads\/2025\/09\/1-2.webp 1600w\" sizes=\"(max-width: 800px) 100vw, 800px\" \/><\/p>\n<h2 style=\"text-align: center;\"><span style=\"color: #000000;\"><b>Pourquoi choisir ce concentrateur d'oxyg\u00e8ne ?<\/b><\/span><\/h2>\n<p class=\"p1\" style=\"text-align: center;\"><span style=\"color: #000000;\">\ud83c\udf2c\ufe0f <span class=\"s1\"><b>D\u00e9bit r\u00e9glable :<\/b><\/span> 1-8L \/ 2-9L pour une th\u00e9rapie personnalis\u00e9e<\/span><\/p>\n<p class=\"p1\" style=\"text-align: center;\"><span style=\"color: #000000;\">\ud83d\udca8 <span class=\"s1\"><b>Oxyg\u00e8ne de haute puret\u00e9 :<\/b><\/span> Concentration 93% \u00b13% coh\u00e9rente<\/span><\/p>\n<p class=\"p1\" style=\"text-align: center;\"><span style=\"color: #000000;\">\ud83d\udca7 <span class=\"s1\"><b>Fonction de n\u00e9bulisation :<\/b><\/span> Favorise les traitements respiratoires<\/span><\/p>\n<p class=\"p1\" style=\"text-align: center;\"><span style=\"color: #000000;\">\ud83e\uddfc <span class=\"s1\"><b>8 Syst\u00e8mes de filtration :<\/b><\/span> Assurer la propret\u00e9 et la s\u00e9curit\u00e9 de l'oxyg\u00e8ne<\/span><\/p>\n<p class=\"p1\" style=\"text-align: center;\"><span style=\"color: #000000;\">\ud83d\udd07 <span class=\"s1\"><b>Fonctionnement silencieux :<\/b><\/span> Compresseur de pr\u00e9cision \u00e0 faible bruit<\/span><\/p>\n<p class=\"p1\" style=\"text-align: center;\"><span style=\"color: #000000;\">\ud83d\udcf1 <span class=\"s1\"><b>\u00c9cran tactile intelligent :<\/b><\/span> Commande \u00e0 un bouton + t\u00e9l\u00e9commande<\/span><\/p>\n<p class=\"p1\" style=\"text-align: center;\"><span style=\"color: #000000;\">\ud83d\udde3\ufe0f <span class=\"s1\"><b>Diffusion vocale :<\/b><\/span> Facile \u00e0 utiliser pour les personnes \u00e2g\u00e9es et les patients<\/span><\/p>\n<p style=\"text-align: center;\"><img decoding=\"async\" class=\"aligncenter size-large wp-image-38149\" src=\"https:\/\/broxtal.com\/wp-content\/uploads\/2025\/09\/2-2-800x800.webp\" alt=\"\" width=\"800\" height=\"800\" srcset=\"https:\/\/broxtal.com\/wp-content\/uploads\/2025\/09\/2-2-800x800.webp 800w, https:\/\/broxtal.com\/wp-content\/uploads\/2025\/09\/2-2-300x300.webp 300w, https:\/\/broxtal.com\/wp-content\/uploads\/2025\/09\/2-2-150x150.webp 150w, https:\/\/broxtal.com\/wp-content\/uploads\/2025\/09\/2-2-768x768.webp 768w, https:\/\/broxtal.com\/wp-content\/uploads\/2025\/09\/2-2-1536x1536.webp 1536w, https:\/\/broxtal.com\/wp-content\/uploads\/2025\/09\/2-2-12x12.webp 12w, https:\/\/broxtal.com\/wp-content\/uploads\/2025\/09\/2-2-1200x1200.webp 1200w, https:\/\/broxtal.com\/wp-content\/uploads\/2025\/09\/2-2-60x60.webp 60w, https:\/\/broxtal.com\/wp-content\/uploads\/2025\/09\/2-2-110x110.webp 110w, https:\/\/broxtal.com\/wp-content\/uploads\/2025\/09\/2-2-600x600.webp 600w, https:\/\/broxtal.com\/wp-content\/uploads\/2025\/09\/2-2-32x32.webp 32w, https:\/\/broxtal.com\/wp-content\/uploads\/2025\/09\/2-2.webp 1600w\" sizes=\"(max-width: 800px) 100vw, 800px\" \/><\/p>\n<p class=\"p1\" style=\"text-align: center;\"><span style=\"color: #000000;\">Les <span class=\"s1\"><b>Concentrateur d'oxyg\u00e8ne domestique avec n\u00e9buliseur<\/b><\/span> est con\u00e7u pour une assistance respiratoire quotidienne. Il convient aux personnes \u00e2g\u00e9es, aux personnes ayant des besoins respiratoires, aux \u00e9tudiants, aux professionnels et aux futures mamans. Il apporte confort, d\u00e9tente et bien-\u00eatre \u00e0 la maison ou en voyage.<\/span><\/p>\n<p><img loading=\"lazy\" decoding=\"async\" class=\"aligncenter size-large wp-image-38153\" src=\"https:\/\/broxtal.com\/wp-content\/uploads\/2025\/09\/5-2-800x800.webp\" alt=\"\" width=\"800\" height=\"800\" srcset=\"https:\/\/broxtal.com\/wp-content\/uploads\/2025\/09\/5-2-800x800.webp 800w, https:\/\/broxtal.com\/wp-content\/uploads\/2025\/09\/5-2-300x300.webp 300w, https:\/\/broxtal.com\/wp-content\/uploads\/2025\/09\/5-2-150x150.webp 150w, https:\/\/broxtal.com\/wp-content\/uploads\/2025\/09\/5-2-768x768.webp 768w, https:\/\/broxtal.com\/wp-content\/uploads\/2025\/09\/5-2-1536x1536.webp 1536w, https:\/\/broxtal.com\/wp-content\/uploads\/2025\/09\/5-2-12x12.webp 12w, https:\/\/broxtal.com\/wp-content\/uploads\/2025\/09\/5-2-1200x1200.webp 1200w, https:\/\/broxtal.com\/wp-content\/uploads\/2025\/09\/5-2-60x60.webp 60w, https:\/\/broxtal.com\/wp-content\/uploads\/2025\/09\/5-2-110x110.webp 110w, https:\/\/broxtal.com\/wp-content\/uploads\/2025\/09\/5-2-600x600.webp 600w, https:\/\/broxtal.com\/wp-content\/uploads\/2025\/09\/5-2-32x32.webp 32w, https:\/\/broxtal.com\/wp-content\/uploads\/2025\/09\/5-2.webp 1600w\" sizes=\"(max-width: 800px) 100vw, 800px\" \/><\/p>\n<h2 style=\"text-align: left;\"><span style=\"color: #000000;\"><b>Sp\u00e9cifications<\/b><\/span><\/h2>\n<ul style=\"text-align: center;\">\n<li class=\"p1\" style=\"text-align: left;\"><span class=\"s1\"><b>Mod\u00e8le<\/b><\/span>: ZY-01 \/ ZY-02<\/li>\n<li class=\"p1\" style=\"text-align: left;\"><span class=\"s1\"><b>Marque<\/b><\/span>: Ziqing<\/li>\n<li class=\"p1\" style=\"text-align: left;\"><span class=\"s1\"><b>Origine<\/b><\/span>: Chine<\/li>\n<li class=\"p1\" style=\"text-align: left;\"><span class=\"s1\"><b>D\u00e9bit d'oxyg\u00e8ne<\/b><\/span>: 1-8L \/ 2-9L r\u00e9glable<\/li>\n<li class=\"p1\" style=\"text-align: left;\"><b>Concentration d'oxyg\u00e8ne<\/b><span class=\"s1\">: 93% \u00b1 3%<\/span><\/li>\n<li class=\"p1\" style=\"text-align: left;\"><span class=\"s1\"><b>Mode haute concentration<\/b><\/span>: 1-2L fournit jusqu'\u00e0 93% de puret\u00e9<\/li>\n<li class=\"p1\" style=\"text-align: left;\"><span class=\"s1\"><b>Tension d'alimentation<\/b><\/span>: AC 110V \/ 220V<\/li>\n<li class=\"p1\" style=\"text-align: left;\"><b>Consommation \u00e9lectrique<\/b><span class=\"s1\">: 160W<\/span><\/li>\n<li class=\"p1\" style=\"text-align: left;\"><span class=\"s1\"><b>Niveau de bruit<\/b><\/span>: Compresseur de pr\u00e9cision \u00e0 faible bruit<\/li>\n<li class=\"p1\" style=\"text-align: left;\"><span class=\"s1\"><b>Filtration<\/b><\/span>Syst\u00e8me \u00e0 8 couches pour de l'oxyg\u00e8ne propre<\/li>\n<li class=\"p1\" style=\"text-align: left;\"><span class=\"s1\"><b>Poids<\/b><\/span>7-8 kg (emballage)<\/li>\n<li class=\"p1\" style=\"text-align: left;\"><b>Certification<\/b><span class=\"s1\">: Approuv\u00e9 CE<\/span><\/li>\n<\/ul>\n<h2><\/h2>\n<h2><span style=\"color: #000000;\"><b>Le paquet comprend<\/b><\/span><\/h2>\n<ul>\n<li><span style=\"color: #000000;\">1 \u00d7 Concentrateur d'oxyg\u00e8ne<\/span><\/li>\n<li><span style=\"color: #000000;\">1 \u00d7 Sonde nasale \u00e0 oxyg\u00e8ne<\/span><\/li>\n<li><span style=\"color: #000000;\">2 \u00d7 Masques d'atomisation<\/span><\/li>\n<li><span style=\"color: #000000;\">1 \u00d7 Embout d'atomiseur<\/span><\/li>\n<li><span style=\"color: #000000;\">1 \u00d7 Coupe d'atomisation<\/span><\/li>\n<li><span style=\"color: #000000;\">2 \u00d7 corde<\/span><\/li>\n<li><span style=\"color: #000000;\">1 \u00d7 c\u00e2ble d'alimentation (prise US\/EU\/AU\/UK)<\/span><\/li>\n<li><span style=\"color: #000000;\">1 \u00d7 T\u00e9l\u00e9commande<\/span><\/li>\n<li><span style=\"color: #000000;\">1 \u00d7 Manuel de l'utilisateur<\/span><\/li>\n<\/ul>\n<p style=\"text-align: center;\"><img loading=\"lazy\" decoding=\"async\" class=\"aligncenter size-large wp-image-38151\" src=\"https:\/\/broxtal.com\/wp-content\/uploads\/2025\/09\/4-2-800x800.webp\" alt=\"\" width=\"800\" height=\"800\" srcset=\"https:\/\/broxtal.com\/wp-content\/uploads\/2025\/09\/4-2-800x800.webp 800w, https:\/\/broxtal.com\/wp-content\/uploads\/2025\/09\/4-2-300x300.webp 300w, https:\/\/broxtal.com\/wp-content\/uploads\/2025\/09\/4-2-150x150.webp 150w, https:\/\/broxtal.com\/wp-content\/uploads\/2025\/09\/4-2-768x768.webp 768w, https:\/\/broxtal.com\/wp-content\/uploads\/2025\/09\/4-2-1536x1536.webp 1536w, https:\/\/broxtal.com\/wp-content\/uploads\/2025\/09\/4-2-12x12.webp 12w, https:\/\/broxtal.com\/wp-content\/uploads\/2025\/09\/4-2-1200x1200.webp 1200w, https:\/\/broxtal.com\/wp-content\/uploads\/2025\/09\/4-2-60x60.webp 60w, https:\/\/broxtal.com\/wp-content\/uploads\/2025\/09\/4-2-110x110.webp 110w, https:\/\/broxtal.com\/wp-content\/uploads\/2025\/09\/4-2-600x600.webp 600w, https:\/\/broxtal.com\/wp-content\/uploads\/2025\/09\/4-2-32x32.webp 32w, https:\/\/broxtal.com\/wp-content\/uploads\/2025\/09\/4-2-64x64.webp 64w, https:\/\/broxtal.com\/wp-content\/uploads\/2025\/09\/4-2.webp 1600w\" sizes=\"(max-width: 800px) 100vw, 800px\" \/><\/p>\n<p>&nbsp;<\/p>\n<p style=\"text-align: center;\"><img loading=\"lazy\" decoding=\"async\" class=\"aligncenter size-large wp-image-38155\" src=\"https:\/\/broxtal.com\/wp-content\/uploads\/2025\/09\/6-2-800x800.webp\" alt=\"\" width=\"800\" height=\"800\" srcset=\"https:\/\/broxtal.com\/wp-content\/uploads\/2025\/09\/6-2-800x800.webp 800w, https:\/\/broxtal.com\/wp-content\/uploads\/2025\/09\/6-2-300x300.webp 300w, https:\/\/broxtal.com\/wp-content\/uploads\/2025\/09\/6-2-150x150.webp 150w, https:\/\/broxtal.com\/wp-content\/uploads\/2025\/09\/6-2-768x768.webp 768w, https:\/\/broxtal.com\/wp-content\/uploads\/2025\/09\/6-2-1536x1536.webp 1536w, https:\/\/broxtal.com\/wp-content\/uploads\/2025\/09\/6-2-12x12.webp 12w, https:\/\/broxtal.com\/wp-content\/uploads\/2025\/09\/6-2-1200x1200.webp 1200w, https:\/\/broxtal.com\/wp-content\/uploads\/2025\/09\/6-2-60x60.webp 60w, https:\/\/broxtal.com\/wp-content\/uploads\/2025\/09\/6-2-110x110.webp 110w, https:\/\/broxtal.com\/wp-content\/uploads\/2025\/09\/6-2-600x600.webp 600w, https:\/\/broxtal.com\/wp-content\/uploads\/2025\/09\/6-2-32x32.webp 32w, https:\/\/broxtal.com\/wp-content\/uploads\/2025\/09\/6-2-64x64.webp 64w, https:\/\/broxtal.com\/wp-content\/uploads\/2025\/09\/6-2.webp 1600w\" sizes=\"(max-width: 800px) 100vw, 800px\" \/><\/p>\n<p style=\"text-align: center;\"><img loading=\"lazy\" decoding=\"async\" class=\"aligncenter size-large wp-image-38154\" src=\"https:\/\/broxtal.com\/wp-content\/uploads\/2025\/09\/5-800x800.webp\" alt=\"\" width=\"800\" height=\"800\" srcset=\"https:\/\/broxtal.com\/wp-content\/uploads\/2025\/09\/5-800x800.webp 800w, https:\/\/broxtal.com\/wp-content\/uploads\/2025\/09\/5-300x300.webp 300w, https:\/\/broxtal.com\/wp-content\/uploads\/2025\/09\/5-150x150.webp 150w, https:\/\/broxtal.com\/wp-content\/uploads\/2025\/09\/5-768x768.webp 768w, https:\/\/broxtal.com\/wp-content\/uploads\/2025\/09\/5-1536x1536.webp 1536w, https:\/\/broxtal.com\/wp-content\/uploads\/2025\/09\/5-12x12.webp 12w, https:\/\/broxtal.com\/wp-content\/uploads\/2025\/09\/5-1200x1200.webp 1200w, https:\/\/broxtal.com\/wp-content\/uploads\/2025\/09\/5-60x60.webp 60w, https:\/\/broxtal.com\/wp-content\/uploads\/2025\/09\/5-110x110.webp 110w, https:\/\/broxtal.com\/wp-content\/uploads\/2025\/09\/5-600x600.webp 600w, https:\/\/broxtal.com\/wp-content\/uploads\/2025\/09\/5-32x32.webp 32w, https:\/\/broxtal.com\/wp-content\/uploads\/2025\/09\/5.webp 1600w\" sizes=\"(max-width: 800px) 100vw, 800px\" \/><img loading=\"lazy\" decoding=\"async\" class=\"aligncenter size-large wp-image-38158\" src=\"https:\/\/broxtal.com\/wp-content\/uploads\/2025\/09\/2-1-800x800.webp\" alt=\"\" width=\"800\" height=\"800\" srcset=\"https:\/\/broxtal.com\/wp-content\/uploads\/2025\/09\/2-1-800x800.webp 800w, https:\/\/broxtal.com\/wp-content\/uploads\/2025\/09\/2-1-300x300.webp 300w, https:\/\/broxtal.com\/wp-content\/uploads\/2025\/09\/2-1-150x150.webp 150w, https:\/\/broxtal.com\/wp-content\/uploads\/2025\/09\/2-1-768x768.webp 768w, https:\/\/broxtal.com\/wp-content\/uploads\/2025\/09\/2-1-12x12.webp 12w, https:\/\/broxtal.com\/wp-content\/uploads\/2025\/09\/2-1-60x60.webp 60w, https:\/\/broxtal.com\/wp-content\/uploads\/2025\/09\/2-1-110x110.webp 110w, https:\/\/broxtal.com\/wp-content\/uploads\/2025\/09\/2-1-600x600.webp 600w, https:\/\/broxtal.com\/wp-content\/uploads\/2025\/09\/2-1-32x32.webp 32w, https:\/\/broxtal.com\/wp-content\/uploads\/2025\/09\/2-1.webp 1080w\" sizes=\"(max-width: 800px) 100vw, 800px\" \/> <img loading=\"lazy\" decoding=\"async\" class=\"aligncenter size-large wp-image-38152\" src=\"https:\/\/broxtal.com\/wp-content\/uploads\/2025\/09\/4-800x800.webp\" alt=\"\" width=\"800\" height=\"800\" srcset=\"https:\/\/broxtal.com\/wp-content\/uploads\/2025\/09\/4-800x800.webp 800w, https:\/\/broxtal.com\/wp-content\/uploads\/2025\/09\/4-300x300.webp 300w, https:\/\/broxtal.com\/wp-content\/uploads\/2025\/09\/4-150x150.webp 150w, https:\/\/broxtal.com\/wp-content\/uploads\/2025\/09\/4-768x768.webp 768w, https:\/\/broxtal.com\/wp-content\/uploads\/2025\/09\/4-1536x1536.webp 1536w, https:\/\/broxtal.com\/wp-content\/uploads\/2025\/09\/4-12x12.webp 12w, https:\/\/broxtal.com\/wp-content\/uploads\/2025\/09\/4-1200x1200.webp 1200w, https:\/\/broxtal.com\/wp-content\/uploads\/2025\/09\/4-60x60.webp 60w, https:\/\/broxtal.com\/wp-content\/uploads\/2025\/09\/4-110x110.webp 110w, https:\/\/broxtal.com\/wp-content\/uploads\/2025\/09\/4-600x600.webp 600w, https:\/\/broxtal.com\/wp-content\/uploads\/2025\/09\/4-32x32.webp 32w, https:\/\/broxtal.com\/wp-content\/uploads\/2025\/09\/4-64x64.webp 64w, https:\/\/broxtal.com\/wp-content\/uploads\/2025\/09\/4.webp 1600w\" sizes=\"(max-width: 800px) 100vw, 800px\" \/><\/p>","protected":false},"excerpt":{"rendered":"<p class=\"p1\"><span style=\"color: #000000;\"><span class=\"s1\">\ud83c\udf2c\ufe0f <strong>1-8L ou <\/strong><\/span><strong>D\u00e9bit 2-9L, puret\u00e9 93%<\/strong><b><\/b><\/span><\/p>\n<p class=\"p1\"><span style=\"color: #000000;\"><span class=\"s1\">\ud83d\udd07 <\/span><b>Silencieux et fiable<\/b><b><\/b><\/span><\/p>\n<p class=\"p1\"><span style=\"color: #000000;\"><span class=\"s1\">\ud83d\udca1 <\/span><b>Contr\u00f4le par simple pression d'une touche<\/b><b><\/b><\/span><\/p>\n<p class=\"p1\"><span style=\"color: #000000;\"><span class=\"s1\">\u2705 <\/span><b>Aucune prescription n'est n\u00e9cessaire<\/b><\/span><\/p>\n<p>&nbsp;<\/p>\n<p>&nbsp;<\/p>","protected":false},"featured_media":38159,"comment_status":"open","ping_status":"closed","template":"","meta":[],"product_brand":[],"product_cat":[286,1819,1761,1820,1719],"product_tag":[],"class_list":{"0":"post-38144","1":"product","2":"type-product","3":"status-publish","4":"has-post-thumbnail","6":"product_cat-health-wellness","7":"product_cat-home-oxygen-machine","8":"product_cat-oxygen-concentrators","9":"product_cat-pulse-flow","10":"product_cat-respiratory-care-oxygen-therapy","12":"first","13":"instock","14":"sale","15":"shipping-taxable","16":"purchasable","17":"product-type-variable"},"_links":{"self":[{"href":"https:\/\/broxtal.com\/fr\/wp-json\/wp\/v2\/product\/38144","targetHints":{"allow":["GET"]}}],"collection":[{"href":"https:\/\/broxtal.com\/fr\/wp-json\/wp\/v2\/product"}],"about":[{"href":"https:\/\/broxtal.com\/fr\/wp-json\/wp\/v2\/types\/product"}],"replies":[{"embeddable":true,"href":"https:\/\/broxtal.com\/fr\/wp-json\/wp\/v2\/comments?post=38144"}],"version-history":[{"count":6,"href":"https:\/\/broxtal.com\/fr\/wp-json\/wp\/v2\/product\/38144\/revisions"}],"predecessor-version":[{"id":38167,"href":"https:\/\/broxtal.com\/fr\/wp-json\/wp\/v2\/product\/38144\/revisions\/38167"}],"wp:featuredmedia":[{"embeddable":true,"href":"https:\/\/broxtal.com\/fr\/wp-json\/wp\/v2\/media\/38159"}],"wp:attachment":[{"href":"https:\/\/broxtal.com\/fr\/wp-json\/wp\/v2\/media?parent=38144"}],"wp:term":[{"taxonomy":"product_brand","embeddable":true,"href":"https:\/\/broxtal.com\/fr\/wp-json\/wp\/v2\/product_brand?post=38144"},{"taxonomy":"product_cat","embeddable":true,"href":"https:\/\/broxtal.com\/fr\/wp-json\/wp\/v2\/product_cat?post=38144"},{"taxonomy":"product_tag","embeddable":true,"href":"https:\/\/broxtal.com\/fr\/wp-json\/wp\/v2\/product_tag?post=38144"}],"curies":[{"name":"wp","href":"https:\/\/api.w.org\/{rel}","templated":true}]}}