{"id":38224,"date":"2025-09-08T15:14:22","date_gmt":"2025-09-08T14:14:22","guid":{"rendered":"https:\/\/broxtal.com\/?post_type=product&#038;p=38224"},"modified":"2026-03-02T05:57:12","modified_gmt":"2026-03-02T05:57:12","slug":"7l-portable-oxygen-generating-machine-jeamed","status":"publish","type":"product","link":"https:\/\/broxtal.com\/fr\/produit\/7l-portable-oxygen-generating-machine-jeamed\/","title":{"rendered":"G\u00e9n\u00e9rateur d'oxyg\u00e8ne portable 7L - Jeamed P37A"},"content":{"rendered":"<h1 style=\"text-align: center;\"><span style=\"color: #0000ff;\"><b>G\u00e9n\u00e9rateur d'oxyg\u00e8ne portable 7L - Oxyg\u00e8ne en voyage et \u00e0 domicile<\/b><\/span><\/h1>\n<h2 style=\"text-align: center;\"><span style=\"color: #3366ff;\"><b>+93% Oxyg\u00e8ne de haute puret\u00e9, modes de d\u00e9bit double r\u00e9glable (impulsion\/continu) dans seulement 2,5 kg\u00a0<\/b><\/span><\/h2>\n<p><img fetchpriority=\"high\" decoding=\"async\" class=\"aligncenter wp-image-38229 size-full\" src=\"https:\/\/broxtal.com\/wp-content\/uploads\/2025\/09\/5-4.webp\" alt=\"\" width=\"790\" height=\"1011\" srcset=\"https:\/\/broxtal.com\/wp-content\/uploads\/2025\/09\/5-4.webp 790w, https:\/\/broxtal.com\/wp-content\/uploads\/2025\/09\/5-4-234x300.webp 234w, https:\/\/broxtal.com\/wp-content\/uploads\/2025\/09\/5-4-625x800.webp 625w, https:\/\/broxtal.com\/wp-content\/uploads\/2025\/09\/5-4-768x983.webp 768w, https:\/\/broxtal.com\/wp-content\/uploads\/2025\/09\/5-4-9x12.webp 9w, https:\/\/broxtal.com\/wp-content\/uploads\/2025\/09\/5-4-60x77.webp 60w, https:\/\/broxtal.com\/wp-content\/uploads\/2025\/09\/5-4-110x141.webp 110w, https:\/\/broxtal.com\/wp-content\/uploads\/2025\/09\/5-4-600x768.webp 600w, https:\/\/broxtal.com\/wp-content\/uploads\/2025\/09\/5-4-150x192.webp 150w\" sizes=\"(max-width: 790px) 100vw, 790px\" \/><\/p>\n<p class=\"p3\"><span style=\"color: #000000;\">Les <span class=\"s2\"><b>G\u00e9n\u00e9rateur d'oxyg\u00e8ne portable 7L<\/b><\/span> d\u00e9livre une puret\u00e9 d'oxyg\u00e8ne allant jusqu'\u00e0 93% avec des niveaux de d\u00e9bit r\u00e9glables de 1 \u00e0 7. Dot\u00e9 de tamis mol\u00e9culaires de qualit\u00e9 m\u00e9dicale et d'un compresseur sans huile haute performance, il garantit une oxyg\u00e9noth\u00e9rapie stable et efficace. Son design compact de 2,5 kg et son sac \u00e0 dos portable le rendent facile \u00e0 transporter pour les voyages, les activit\u00e9s de plein air ou l'utilisation \u00e0 domicile. Les deux modes (puls\u00e9 et continu) s'adaptent \u00e0 vos besoins respiratoires, tandis que la batterie amovible permet un chargement flexible.<\/span><\/p>\n<h3><img decoding=\"async\" class=\"aligncenter wp-image-38228 size-full\" src=\"https:\/\/broxtal.com\/wp-content\/uploads\/2025\/09\/4-4.webp\" alt=\"\" width=\"790\" height=\"1056\" srcset=\"https:\/\/broxtal.com\/wp-content\/uploads\/2025\/09\/4-4.webp 790w, https:\/\/broxtal.com\/wp-content\/uploads\/2025\/09\/4-4-224x300.webp 224w, https:\/\/broxtal.com\/wp-content\/uploads\/2025\/09\/4-4-598x800.webp 598w, https:\/\/broxtal.com\/wp-content\/uploads\/2025\/09\/4-4-768x1027.webp 768w, https:\/\/broxtal.com\/wp-content\/uploads\/2025\/09\/4-4-9x12.webp 9w, https:\/\/broxtal.com\/wp-content\/uploads\/2025\/09\/4-4-60x80.webp 60w, https:\/\/broxtal.com\/wp-content\/uploads\/2025\/09\/4-4-110x147.webp 110w, https:\/\/broxtal.com\/wp-content\/uploads\/2025\/09\/4-4-600x802.webp 600w, https:\/\/broxtal.com\/wp-content\/uploads\/2025\/09\/4-4-150x201.webp 150w\" sizes=\"(max-width: 790px) 100vw, 790px\" \/><\/h3>\n<h3><span style=\"color: #000000;\"><b>\u2705 Caract\u00e9ristiques principales<\/b><\/span><\/h3>\n<ul>\n<li class=\"p1\"><span style=\"color: #000000;\">D\u00e9bit r\u00e9glable : 1-7L\/min avec la puret\u00e9 93%<\/span><\/li>\n<li class=\"p1\"><span style=\"color: #000000;\">Double mode : Administration d'oxyg\u00e8ne par impulsions et en continu<\/span><\/li>\n<li class=\"p1\"><span style=\"color: #000000;\">Affichage de la concentration d'oxyg\u00e8ne en temps r\u00e9el<\/span><\/li>\n<li class=\"p1\"><span style=\"color: #000000;\">Filtration \u00e0 dix couches pour un oxyg\u00e8ne propre<\/span><\/li>\n<li class=\"p1\"><span style=\"color: #000000;\">Niveau de bruit \u226440 dB pour un fonctionnement silencieux<\/span><\/li>\n<li class=\"p1\"><span style=\"color: #000000;\">Compact : 2,5 kg, sac \u00e0 dos inclus<\/span><\/li>\n<li class=\"p1\"><span style=\"color: #000000;\">Batterie amovible avec adaptateur de chargement<\/span><\/li>\n<li class=\"p1\"><span style=\"color: #000000;\">Fonctionne \u00e0 des altitudes allant jusqu'\u00e0 4000m<\/span><\/li>\n<li class=\"p1\"><span style=\"color: #000000;\">Alarmes de s\u00e9curit\u00e9 automatiques<\/span><\/li>\n<\/ul>\n<p><img decoding=\"async\" class=\"aligncenter wp-image-38227 size-full\" src=\"https:\/\/broxtal.com\/wp-content\/uploads\/2025\/09\/3-4.webp\" alt=\"\" width=\"790\" height=\"983\" srcset=\"https:\/\/broxtal.com\/wp-content\/uploads\/2025\/09\/3-4.webp 790w, https:\/\/broxtal.com\/wp-content\/uploads\/2025\/09\/3-4-241x300.webp 241w, https:\/\/broxtal.com\/wp-content\/uploads\/2025\/09\/3-4-643x800.webp 643w, https:\/\/broxtal.com\/wp-content\/uploads\/2025\/09\/3-4-768x956.webp 768w, https:\/\/broxtal.com\/wp-content\/uploads\/2025\/09\/3-4-10x12.webp 10w, https:\/\/broxtal.com\/wp-content\/uploads\/2025\/09\/3-4-60x75.webp 60w, https:\/\/broxtal.com\/wp-content\/uploads\/2025\/09\/3-4-110x137.webp 110w, https:\/\/broxtal.com\/wp-content\/uploads\/2025\/09\/3-4-600x747.webp 600w, https:\/\/broxtal.com\/wp-content\/uploads\/2025\/09\/3-4-150x187.webp 150w\" sizes=\"(max-width: 790px) 100vw, 790px\" \/><\/p>\n<h3><span style=\"color: #000000;\"><b>\ud83d\udcca Sp\u00e9cifications<\/b><\/span><\/h3>\n<ul>\n<li class=\"p1\"><span style=\"color: #000000;\"><span class=\"s1\"><b>Mod\u00e8le<\/b><\/span>: JY-P37A<\/span><\/li>\n<li class=\"p1\"><span style=\"color: #000000;\"><span class=\"s1\"><b>Marque<\/b><\/span>: Jeamed<\/span><\/li>\n<li class=\"p1\"><span style=\"color: #000000;\"><span class=\"s1\"><b>D\u00e9bit<\/b><\/span>: 1-7L\/min\u00a0<\/span><\/li>\n<li><strong>Modes d'\u00e9coulement : <\/strong><span style=\"color: #000000;\">Modes continu\/impulsion<\/span><\/li>\n<li class=\"p1\"><span style=\"color: #000000;\"><b>Concentration d'oxyg\u00e8ne<\/b><span class=\"s1\">: \u226590% (jusqu'\u00e0 93%)<\/span><\/span><\/li>\n<li class=\"p1\"><span style=\"color: #000000;\"><span class=\"s1\"><b>Poids<\/b><\/span>Poids : 2,5 kg<\/span><\/li>\n<li class=\"p1\"><span style=\"color: #000000;\"><span class=\"s1\"><b>Niveau de bruit<\/b><\/span>: \u226440 dB(A)<\/span><\/li>\n<li class=\"p1\"><span style=\"color: #000000;\"><span class=\"s1\"><b>Puissance<\/b><\/span>: AC 110V\/220V, 50-60Hz<\/span><\/li>\n<li class=\"p1\"><span style=\"color: #000000;\"><span class=\"s1\"><b>Dimensions<\/b><\/span>: 188 \u00d7 83 \u00d7 220 mm<\/span><\/li>\n<li class=\"p1\"><span style=\"color: #000000;\"><span class=\"s1\"><b>Batterie<\/b><\/span>: D\u00e9tachable, rechargeable<\/span><\/li>\n<li class=\"p1\"><span style=\"color: #000000;\"><b>Garantie<\/b><span class=\"s1\">: 1 an<\/span><\/span><\/li>\n<\/ul>\n<p><img loading=\"lazy\" decoding=\"async\" class=\"aligncenter wp-image-38230 size-full\" src=\"https:\/\/broxtal.com\/wp-content\/uploads\/2025\/09\/6-4.webp\" alt=\"\" width=\"790\" height=\"1012\" srcset=\"https:\/\/broxtal.com\/wp-content\/uploads\/2025\/09\/6-4.webp 790w, https:\/\/broxtal.com\/wp-content\/uploads\/2025\/09\/6-4-234x300.webp 234w, https:\/\/broxtal.com\/wp-content\/uploads\/2025\/09\/6-4-625x800.webp 625w, https:\/\/broxtal.com\/wp-content\/uploads\/2025\/09\/6-4-768x984.webp 768w, https:\/\/broxtal.com\/wp-content\/uploads\/2025\/09\/6-4-9x12.webp 9w, https:\/\/broxtal.com\/wp-content\/uploads\/2025\/09\/6-4-60x77.webp 60w, https:\/\/broxtal.com\/wp-content\/uploads\/2025\/09\/6-4-110x141.webp 110w, https:\/\/broxtal.com\/wp-content\/uploads\/2025\/09\/6-4-600x769.webp 600w, https:\/\/broxtal.com\/wp-content\/uploads\/2025\/09\/6-4-150x192.webp 150w\" sizes=\"(max-width: 790px) 100vw, 790px\" \/><\/p>\n<h3><span style=\"color: #000000;\"><b>\ud83d\udce6 Contenu de l'emballage<\/b><\/span><\/h3>\n<ul>\n<li class=\"p1\"><span style=\"color: #000000;\">1 \u00d7 Unit\u00e9 principale du concentrateur d'oxyg\u00e8ne<\/span><\/li>\n<li class=\"p1\"><span style=\"color: #000000;\">1 \u00d7 Batterie d\u00e9tachable<\/span><\/li>\n<li class=\"p1\"><span style=\"color: #000000;\">1 \u00d7 Sac \u00e0 dos portable (double sangle)<\/span><\/li>\n<li class=\"p1\"><span style=\"color: #000000;\">1 \u00d7 Adaptateur d'alimentation<\/span><\/li>\n<li class=\"p1\"><span style=\"color: #000000;\">1 \u00d7 C\u00e2ble de chargement pour voiture<\/span><\/li>\n<li class=\"p1\"><span style=\"color: #000000;\">1 \u00d7 Tube \u00e0 oxyg\u00e8ne<\/span><\/li>\n<li class=\"p1\"><span style=\"color: #000000;\">1 \u00d7 Certificat de conformit\u00e9<\/span><\/li>\n<li class=\"p1\"><span style=\"color: #000000;\">1 \u00d7 Manuel de l'utilisateur<\/span><\/li>\n<\/ul>\n<p><img loading=\"lazy\" decoding=\"async\" class=\"aligncenter wp-image-38225 size-full\" src=\"https:\/\/broxtal.com\/wp-content\/uploads\/2025\/09\/1-5.webp\" alt=\"\" width=\"790\" height=\"1202\" srcset=\"https:\/\/broxtal.com\/wp-content\/uploads\/2025\/09\/1-5.webp 790w, https:\/\/broxtal.com\/wp-content\/uploads\/2025\/09\/1-5-197x300.webp 197w, https:\/\/broxtal.com\/wp-content\/uploads\/2025\/09\/1-5-526x800.webp 526w, https:\/\/broxtal.com\/wp-content\/uploads\/2025\/09\/1-5-768x1169.webp 768w, https:\/\/broxtal.com\/wp-content\/uploads\/2025\/09\/1-5-8x12.webp 8w, https:\/\/broxtal.com\/wp-content\/uploads\/2025\/09\/1-5-60x91.webp 60w, https:\/\/broxtal.com\/wp-content\/uploads\/2025\/09\/1-5-110x167.webp 110w, https:\/\/broxtal.com\/wp-content\/uploads\/2025\/09\/1-5-600x913.webp 600w, https:\/\/broxtal.com\/wp-content\/uploads\/2025\/09\/1-5-150x228.webp 150w\" sizes=\"(max-width: 790px) 100vw, 790px\" \/><img loading=\"lazy\" decoding=\"async\" class=\"aligncenter wp-image-38234 size-full\" src=\"https:\/\/broxtal.com\/wp-content\/uploads\/2025\/09\/11.webp\" alt=\"\" width=\"790\" height=\"988\" srcset=\"https:\/\/broxtal.com\/wp-content\/uploads\/2025\/09\/11.webp 790w, https:\/\/broxtal.com\/wp-content\/uploads\/2025\/09\/11-240x300.webp 240w, https:\/\/broxtal.com\/wp-content\/uploads\/2025\/09\/11-640x800.webp 640w, https:\/\/broxtal.com\/wp-content\/uploads\/2025\/09\/11-768x960.webp 768w, https:\/\/broxtal.com\/wp-content\/uploads\/2025\/09\/11-10x12.webp 10w, https:\/\/broxtal.com\/wp-content\/uploads\/2025\/09\/11-60x75.webp 60w, https:\/\/broxtal.com\/wp-content\/uploads\/2025\/09\/11-110x138.webp 110w, https:\/\/broxtal.com\/wp-content\/uploads\/2025\/09\/11-600x750.webp 600w, https:\/\/broxtal.com\/wp-content\/uploads\/2025\/09\/11-150x188.webp 150w\" sizes=\"(max-width: 790px) 100vw, 790px\" \/><img loading=\"lazy\" decoding=\"async\" class=\"aligncenter wp-image-38226 size-full\" src=\"https:\/\/broxtal.com\/wp-content\/uploads\/2025\/09\/2-5.webp\" alt=\"\" width=\"790\" height=\"964\" srcset=\"https:\/\/broxtal.com\/wp-content\/uploads\/2025\/09\/2-5.webp 790w, https:\/\/broxtal.com\/wp-content\/uploads\/2025\/09\/2-5-246x300.webp 246w, https:\/\/broxtal.com\/wp-content\/uploads\/2025\/09\/2-5-656x800.webp 656w, https:\/\/broxtal.com\/wp-content\/uploads\/2025\/09\/2-5-768x937.webp 768w, https:\/\/broxtal.com\/wp-content\/uploads\/2025\/09\/2-5-10x12.webp 10w, https:\/\/broxtal.com\/wp-content\/uploads\/2025\/09\/2-5-60x73.webp 60w, https:\/\/broxtal.com\/wp-content\/uploads\/2025\/09\/2-5-110x134.webp 110w, https:\/\/broxtal.com\/wp-content\/uploads\/2025\/09\/2-5-600x732.webp 600w, https:\/\/broxtal.com\/wp-content\/uploads\/2025\/09\/2-5-150x183.webp 150w\" sizes=\"(max-width: 790px) 100vw, 790px\" \/> <img loading=\"lazy\" decoding=\"async\" class=\"aligncenter wp-image-38231 size-full\" src=\"https:\/\/broxtal.com\/wp-content\/uploads\/2025\/09\/7-2.webp\" alt=\"\" width=\"790\" height=\"860\" srcset=\"https:\/\/broxtal.com\/wp-content\/uploads\/2025\/09\/7-2.webp 790w, https:\/\/broxtal.com\/wp-content\/uploads\/2025\/09\/7-2-276x300.webp 276w, https:\/\/broxtal.com\/wp-content\/uploads\/2025\/09\/7-2-735x800.webp 735w, https:\/\/broxtal.com\/wp-content\/uploads\/2025\/09\/7-2-768x836.webp 768w, https:\/\/broxtal.com\/wp-content\/uploads\/2025\/09\/7-2-11x12.webp 11w, https:\/\/broxtal.com\/wp-content\/uploads\/2025\/09\/7-2-60x65.webp 60w, https:\/\/broxtal.com\/wp-content\/uploads\/2025\/09\/7-2-110x120.webp 110w, https:\/\/broxtal.com\/wp-content\/uploads\/2025\/09\/7-2-600x653.webp 600w, https:\/\/broxtal.com\/wp-content\/uploads\/2025\/09\/7-2-150x163.webp 150w\" sizes=\"(max-width: 790px) 100vw, 790px\" \/> <img loading=\"lazy\" decoding=\"async\" class=\"aligncenter wp-image-38232 size-full\" src=\"https:\/\/broxtal.com\/wp-content\/uploads\/2025\/09\/8-1.webp\" alt=\"\" width=\"790\" height=\"1056\" srcset=\"https:\/\/broxtal.com\/wp-content\/uploads\/2025\/09\/8-1.webp 790w, https:\/\/broxtal.com\/wp-content\/uploads\/2025\/09\/8-1-224x300.webp 224w, https:\/\/broxtal.com\/wp-content\/uploads\/2025\/09\/8-1-598x800.webp 598w, https:\/\/broxtal.com\/wp-content\/uploads\/2025\/09\/8-1-768x1027.webp 768w, https:\/\/broxtal.com\/wp-content\/uploads\/2025\/09\/8-1-9x12.webp 9w, https:\/\/broxtal.com\/wp-content\/uploads\/2025\/09\/8-1-60x80.webp 60w, https:\/\/broxtal.com\/wp-content\/uploads\/2025\/09\/8-1-110x147.webp 110w, https:\/\/broxtal.com\/wp-content\/uploads\/2025\/09\/8-1-600x802.webp 600w, https:\/\/broxtal.com\/wp-content\/uploads\/2025\/09\/8-1-150x201.webp 150w\" sizes=\"(max-width: 790px) 100vw, 790px\" \/> <img loading=\"lazy\" decoding=\"async\" class=\"aligncenter wp-image-38233 size-full\" src=\"https:\/\/broxtal.com\/wp-content\/uploads\/2025\/09\/10.webp\" alt=\"\" width=\"790\" height=\"1456\" srcset=\"https:\/\/broxtal.com\/wp-content\/uploads\/2025\/09\/10.webp 790w, https:\/\/broxtal.com\/wp-content\/uploads\/2025\/09\/10-163x300.webp 163w, https:\/\/broxtal.com\/wp-content\/uploads\/2025\/09\/10-434x800.webp 434w, https:\/\/broxtal.com\/wp-content\/uploads\/2025\/09\/10-768x1415.webp 768w, https:\/\/broxtal.com\/wp-content\/uploads\/2025\/09\/10-7x12.webp 7w, https:\/\/broxtal.com\/wp-content\/uploads\/2025\/09\/10-60x111.webp 60w, https:\/\/broxtal.com\/wp-content\/uploads\/2025\/09\/10-110x203.webp 110w, https:\/\/broxtal.com\/wp-content\/uploads\/2025\/09\/10-600x1106.webp 600w, https:\/\/broxtal.com\/wp-content\/uploads\/2025\/09\/10-150x276.webp 150w\" sizes=\"(max-width: 790px) 100vw, 790px\" \/><\/p>\n<p class=\"p3\">","protected":false},"excerpt":{"rendered":"<p class=\"p1\">\ud83c\udf2c\ufe0f Modes de d\u00e9bit double r\u00e9glables 1-7L\/m<\/p>\n<p class=\"p1\">\ud83e\uddf3 Poids l\u00e9ger de 2,5 kg, sac \u00e0 dos inclus pour les d\u00e9placements.<\/p>\n<p class=\"p1\">\u2705 Silence, s\u00e9curit\u00e9, pas de prescription n\u00e9cessaire.<\/p>\n<p>&nbsp;<\/p>","protected":false},"featured_media":38239,"comment_status":"open","ping_status":"closed","template":"","meta":[],"product_brand":[1950],"product_cat":[286,1821,1761,1818,1820,1719],"product_tag":[],"class_list":{"0":"post-38224","1":"product","2":"type-product","3":"status-publish","4":"has-post-thumbnail","6":"product_brand-jeamed","7":"product_cat-health-wellness","8":"product_cat-continuous-flow","9":"product_cat-oxygen-concentrators","10":"product_cat-portable-oxygen-machine","11":"product_cat-pulse-flow","12":"product_cat-respiratory-care-oxygen-therapy","14":"first","15":"instock","16":"shipping-taxable","17":"purchasable","18":"product-type-variable"},"_links":{"self":[{"href":"https:\/\/broxtal.com\/fr\/wp-json\/wp\/v2\/product\/38224","targetHints":{"allow":["GET"]}}],"collection":[{"href":"https:\/\/broxtal.com\/fr\/wp-json\/wp\/v2\/product"}],"about":[{"href":"https:\/\/broxtal.com\/fr\/wp-json\/wp\/v2\/types\/product"}],"replies":[{"embeddable":true,"href":"https:\/\/broxtal.com\/fr\/wp-json\/wp\/v2\/comments?post=38224"}],"version-history":[{"count":4,"href":"https:\/\/broxtal.com\/fr\/wp-json\/wp\/v2\/product\/38224\/revisions"}],"predecessor-version":[{"id":38248,"href":"https:\/\/broxtal.com\/fr\/wp-json\/wp\/v2\/product\/38224\/revisions\/38248"}],"wp:featuredmedia":[{"embeddable":true,"href":"https:\/\/broxtal.com\/fr\/wp-json\/wp\/v2\/media\/38239"}],"wp:attachment":[{"href":"https:\/\/broxtal.com\/fr\/wp-json\/wp\/v2\/media?parent=38224"}],"wp:term":[{"taxonomy":"product_brand","embeddable":true,"href":"https:\/\/broxtal.com\/fr\/wp-json\/wp\/v2\/product_brand?post=38224"},{"taxonomy":"product_cat","embeddable":true,"href":"https:\/\/broxtal.com\/fr\/wp-json\/wp\/v2\/product_cat?post=38224"},{"taxonomy":"product_tag","embeddable":true,"href":"https:\/\/broxtal.com\/fr\/wp-json\/wp\/v2\/product_tag?post=38224"}],"curies":[{"name":"wp","href":"https:\/\/api.w.org\/{rel}","templated":true}]}}