{"id":38320,"date":"2025-09-16T11:29:35","date_gmt":"2025-09-16T10:29:35","guid":{"rendered":"https:\/\/broxtal.com\/?post_type=product&#038;p=38320"},"modified":"2025-10-13T10:53:40","modified_gmt":"2025-10-13T09:53:40","slug":"extra-battery-for-boeka-mini-oxygen-concentrator","status":"publish","type":"product","link":"https:\/\/broxtal.com\/fr\/produit\/extra-battery-for-boeka-mini-oxygen-concentrator\/","title":{"rendered":"Batterie suppl\u00e9mentaire pour Boeka\u2122 Mini Concentrateur d'Oxyg\u00e8ne"},"content":{"rendered":"<h3 style=\"text-align: center;\"><span style=\"color: #000000;\"><b>Rester aliment\u00e9 l\u00e0 o\u00f9 \u00e7a compte<\/b><\/span><\/h3>\n<p class=\"p3\" style=\"text-align: center;\"><span style=\"color: #000000;\">Ne laissez pas une panne de courant ou l'absence de prise interrompre votre oxyg\u00e9noth\u00e9rapie. Avec notre <strong>Batterie d\u00e9tachable 5000mAh +3Hrs<\/strong> con\u00e7u sp\u00e9cifiquement pour le Mini Concentrateur d'Oxyg\u00e8ne Boeka, vous aurez l'esprit tranquille o\u00f9 que vous alliez.<\/span><\/p>\n<p><img fetchpriority=\"high\" decoding=\"async\" class=\"aligncenter size-large wp-image-38323\" src=\"https:\/\/broxtal.com\/wp-content\/uploads\/2025\/09\/6-e1758018436559-1300x535.png\" alt=\"\" width=\"1300\" height=\"535\" srcset=\"https:\/\/broxtal.com\/wp-content\/uploads\/2025\/09\/6-e1758018436559-1300x535.png 1300w, https:\/\/broxtal.com\/wp-content\/uploads\/2025\/09\/6-e1758018436559-400x165.png 400w, https:\/\/broxtal.com\/wp-content\/uploads\/2025\/09\/6-e1758018436559-768x316.png 768w, https:\/\/broxtal.com\/wp-content\/uploads\/2025\/09\/6-e1758018436559-1536x632.png 1536w, https:\/\/broxtal.com\/wp-content\/uploads\/2025\/09\/6-e1758018436559-18x7.png 18w, https:\/\/broxtal.com\/wp-content\/uploads\/2025\/09\/6-e1758018436559-1200x494.png 1200w, https:\/\/broxtal.com\/wp-content\/uploads\/2025\/09\/6-e1758018436559-60x25.png 60w, https:\/\/broxtal.com\/wp-content\/uploads\/2025\/09\/6-e1758018436559-110x45.png 110w, https:\/\/broxtal.com\/wp-content\/uploads\/2025\/09\/6-e1758018436559-600x247.png 600w, https:\/\/broxtal.com\/wp-content\/uploads\/2025\/09\/6-e1758018436559-150x62.png 150w, https:\/\/broxtal.com\/wp-content\/uploads\/2025\/09\/6-e1758018436559.png 1920w\" sizes=\"(max-width: 1300px) 100vw, 1300px\" \/><\/p>\n<h3 style=\"text-align: center;\"><span style=\"color: #000000;\"><b>Compatibilit\u00e9<\/b><\/span><\/h3>\n<p class=\"p3\" style=\"text-align: center;\"><span style=\"color: #000000;\">Cette batterie est enti\u00e8rement compatible avec le Mini Concentrateur d'Oxyg\u00e8ne Boeka. Il se branche sur l'entr\u00e9e d'alimentation de l'appareil sans aucune modification.<\/span><\/p>\n<p><img decoding=\"async\" class=\"aligncenter size-large wp-image-36562\" src=\"https:\/\/broxtal.com\/wp-content\/uploads\/2025\/07\/mini-oxygen-concentrator-for-travel-8-800x800.webp\" alt=\"\" width=\"800\" height=\"800\" srcset=\"https:\/\/broxtal.com\/wp-content\/uploads\/2025\/07\/mini-oxygen-concentrator-for-travel-8-800x800.webp 800w, https:\/\/broxtal.com\/wp-content\/uploads\/2025\/07\/mini-oxygen-concentrator-for-travel-8-300x300.webp 300w, https:\/\/broxtal.com\/wp-content\/uploads\/2025\/07\/mini-oxygen-concentrator-for-travel-8-150x150.webp 150w, https:\/\/broxtal.com\/wp-content\/uploads\/2025\/07\/mini-oxygen-concentrator-for-travel-8-768x768.webp 768w, https:\/\/broxtal.com\/wp-content\/uploads\/2025\/07\/mini-oxygen-concentrator-for-travel-8-12x12.webp 12w, https:\/\/broxtal.com\/wp-content\/uploads\/2025\/07\/mini-oxygen-concentrator-for-travel-8-60x60.webp 60w, https:\/\/broxtal.com\/wp-content\/uploads\/2025\/07\/mini-oxygen-concentrator-for-travel-8-110x110.webp 110w, https:\/\/broxtal.com\/wp-content\/uploads\/2025\/07\/mini-oxygen-concentrator-for-travel-8-600x600.webp 600w, https:\/\/broxtal.com\/wp-content\/uploads\/2025\/07\/mini-oxygen-concentrator-for-travel-8-32x32.webp 32w, https:\/\/broxtal.com\/wp-content\/uploads\/2025\/07\/mini-oxygen-concentrator-for-travel-8-64x64.webp 64w, https:\/\/broxtal.com\/wp-content\/uploads\/2025\/07\/mini-oxygen-concentrator-for-travel-8.webp 1000w\" sizes=\"(max-width: 800px) 100vw, 800px\" \/><\/p>","protected":false},"excerpt":{"rendered":"<p>Restez aliment\u00e9 l\u00e0 o\u00f9 cela compte Ne laissez pas une panne de courant ou l'absence de prise interrompre votre oxyg\u00e9noth\u00e9rapie. Avec le<\/p>","protected":false},"featured_media":38322,"comment_status":"open","ping_status":"closed","template":"","meta":[],"product_brand":[],"product_cat":[286,1763,1719],"product_tag":[],"class_list":{"0":"post-38320","1":"product","2":"type-product","3":"status-publish","4":"has-post-thumbnail","6":"product_cat-health-wellness","7":"product_cat-masks-accessories","8":"product_cat-respiratory-care-oxygen-therapy","10":"first","11":"instock","12":"sale","13":"shipping-taxable","14":"purchasable","15":"product-type-simple"},"_links":{"self":[{"href":"https:\/\/broxtal.com\/fr\/wp-json\/wp\/v2\/product\/38320","targetHints":{"allow":["GET"]}}],"collection":[{"href":"https:\/\/broxtal.com\/fr\/wp-json\/wp\/v2\/product"}],"about":[{"href":"https:\/\/broxtal.com\/fr\/wp-json\/wp\/v2\/types\/product"}],"replies":[{"embeddable":true,"href":"https:\/\/broxtal.com\/fr\/wp-json\/wp\/v2\/comments?post=38320"}],"version-history":[{"count":3,"href":"https:\/\/broxtal.com\/fr\/wp-json\/wp\/v2\/product\/38320\/revisions"}],"predecessor-version":[{"id":38326,"href":"https:\/\/broxtal.com\/fr\/wp-json\/wp\/v2\/product\/38320\/revisions\/38326"}],"wp:featuredmedia":[{"embeddable":true,"href":"https:\/\/broxtal.com\/fr\/wp-json\/wp\/v2\/media\/38322"}],"wp:attachment":[{"href":"https:\/\/broxtal.com\/fr\/wp-json\/wp\/v2\/media?parent=38320"}],"wp:term":[{"taxonomy":"product_brand","embeddable":true,"href":"https:\/\/broxtal.com\/fr\/wp-json\/wp\/v2\/product_brand?post=38320"},{"taxonomy":"product_cat","embeddable":true,"href":"https:\/\/broxtal.com\/fr\/wp-json\/wp\/v2\/product_cat?post=38320"},{"taxonomy":"product_tag","embeddable":true,"href":"https:\/\/broxtal.com\/fr\/wp-json\/wp\/v2\/product_tag?post=38320"}],"curies":[{"name":"wp","href":"https:\/\/api.w.org\/{rel}","templated":true}]}}