{"id":38387,"date":"2025-09-29T15:17:11","date_gmt":"2025-09-29T14:17:11","guid":{"rendered":"https:\/\/broxtal.com\/?post_type=product&#038;p=38387"},"modified":"2025-10-19T01:02:18","modified_gmt":"2025-10-19T00:02:18","slug":"replacement-water-tank-for-smart-auto-bipap-machine","status":"publish","type":"product","link":"https:\/\/broxtal.com\/fr\/produit\/replacement-water-tank-for-smart-auto-bipap-machine\/","title":{"rendered":"R\u00e9servoir d'eau de remplacement pour la machine Smart Auto BiPAP"},"content":{"rendered":"<h1 class=\"p1\" style=\"text-align: center;\">R\u00e9servoir d'eau de remplacement - Smart Auto BiPAP<\/h1>\n<h2 class=\"p1\" style=\"text-align: center;\">Chambre \u00e0 eau facile \u00e0 installer pour une humidification constante<\/h2>\n<p class=\"p1\" style=\"text-align: center;\">Ce r\u00e9servoir d'eau de rechange permet \u00e0 votre appareil Smart Auto BiPAP de fonctionner au mieux de ses capacit\u00e9s. Con\u00e7u pour s'adapter parfaitement, il assure une humidification constante et \u00e9vite la s\u00e9cheresse pendant le traitement.<\/p>\n<p><img fetchpriority=\"high\" decoding=\"async\" class=\"aligncenter size-large wp-image-38397\" src=\"https:\/\/broxtal.com\/wp-content\/uploads\/2025\/09\/30V-DF-800x800.webp\" alt=\"\" width=\"800\" height=\"800\" srcset=\"https:\/\/broxtal.com\/wp-content\/uploads\/2025\/09\/30V-DF-800x800.webp 800w, https:\/\/broxtal.com\/wp-content\/uploads\/2025\/09\/30V-DF-300x300.webp 300w, https:\/\/broxtal.com\/wp-content\/uploads\/2025\/09\/30V-DF-150x150.webp 150w, https:\/\/broxtal.com\/wp-content\/uploads\/2025\/09\/30V-DF-768x768.webp 768w, https:\/\/broxtal.com\/wp-content\/uploads\/2025\/09\/30V-DF-12x12.webp 12w, https:\/\/broxtal.com\/wp-content\/uploads\/2025\/09\/30V-DF-60x60.webp 60w, https:\/\/broxtal.com\/wp-content\/uploads\/2025\/09\/30V-DF-110x110.webp 110w, https:\/\/broxtal.com\/wp-content\/uploads\/2025\/09\/30V-DF-600x600.webp 600w, https:\/\/broxtal.com\/wp-content\/uploads\/2025\/09\/30V-DF-32x32.webp 32w, https:\/\/broxtal.com\/wp-content\/uploads\/2025\/09\/30V-DF.webp 1080w\" sizes=\"(max-width: 800px) 100vw, 800px\" \/><\/p>\n<p><img decoding=\"async\" class=\"aligncenter size-full wp-image-38395\" src=\"https:\/\/broxtal.com\/wp-content\/uploads\/2025\/09\/Replacement-Water-Tank-1.jpeg\" alt=\"Replacement Water Tank for Smart Auto BiPAP Machine\" width=\"983\" height=\"727\" srcset=\"https:\/\/broxtal.com\/wp-content\/uploads\/2025\/09\/Replacement-Water-Tank-1.jpeg 983w, https:\/\/broxtal.com\/wp-content\/uploads\/2025\/09\/Replacement-Water-Tank-1-400x296.jpeg 400w, https:\/\/broxtal.com\/wp-content\/uploads\/2025\/09\/Replacement-Water-Tank-1-768x568.jpeg 768w, https:\/\/broxtal.com\/wp-content\/uploads\/2025\/09\/Replacement-Water-Tank-1-16x12.jpeg 16w, https:\/\/broxtal.com\/wp-content\/uploads\/2025\/09\/Replacement-Water-Tank-1-60x44.jpeg 60w, https:\/\/broxtal.com\/wp-content\/uploads\/2025\/09\/Replacement-Water-Tank-1-110x81.jpeg 110w, https:\/\/broxtal.com\/wp-content\/uploads\/2025\/09\/Replacement-Water-Tank-1-600x444.jpeg 600w, https:\/\/broxtal.com\/wp-content\/uploads\/2025\/09\/Replacement-Water-Tank-1-150x111.jpeg 150w\" sizes=\"(max-width: 983px) 100vw, 983px\" \/><\/p>\n<p>&nbsp;<\/p>","protected":false},"excerpt":{"rendered":"<p>R\u00e9servoir d'eau de remplacement - Smart Auto BiPAP Chambre \u00e0 eau facile \u00e0 installer pour une humidification constante Maintenez les performances de votre appareil Smart Auto BiPAP.<\/p>","protected":false},"featured_media":38396,"comment_status":"open","ping_status":"closed","template":"","meta":[],"product_brand":[],"product_cat":[1719,1763],"product_tag":[],"class_list":{"0":"post-38387","1":"product","2":"type-product","3":"status-publish","4":"has-post-thumbnail","6":"product_cat-respiratory-care-oxygen-therapy","7":"product_cat-masks-accessories","9":"first","10":"instock","11":"shipping-taxable","12":"purchasable","13":"product-type-simple"},"_links":{"self":[{"href":"https:\/\/broxtal.com\/fr\/wp-json\/wp\/v2\/product\/38387","targetHints":{"allow":["GET"]}}],"collection":[{"href":"https:\/\/broxtal.com\/fr\/wp-json\/wp\/v2\/product"}],"about":[{"href":"https:\/\/broxtal.com\/fr\/wp-json\/wp\/v2\/types\/product"}],"replies":[{"embeddable":true,"href":"https:\/\/broxtal.com\/fr\/wp-json\/wp\/v2\/comments?post=38387"}],"version-history":[{"count":2,"href":"https:\/\/broxtal.com\/fr\/wp-json\/wp\/v2\/product\/38387\/revisions"}],"predecessor-version":[{"id":38399,"href":"https:\/\/broxtal.com\/fr\/wp-json\/wp\/v2\/product\/38387\/revisions\/38399"}],"wp:featuredmedia":[{"embeddable":true,"href":"https:\/\/broxtal.com\/fr\/wp-json\/wp\/v2\/media\/38396"}],"wp:attachment":[{"href":"https:\/\/broxtal.com\/fr\/wp-json\/wp\/v2\/media?parent=38387"}],"wp:term":[{"taxonomy":"product_brand","embeddable":true,"href":"https:\/\/broxtal.com\/fr\/wp-json\/wp\/v2\/product_brand?post=38387"},{"taxonomy":"product_cat","embeddable":true,"href":"https:\/\/broxtal.com\/fr\/wp-json\/wp\/v2\/product_cat?post=38387"},{"taxonomy":"product_tag","embeddable":true,"href":"https:\/\/broxtal.com\/fr\/wp-json\/wp\/v2\/product_tag?post=38387"}],"curies":[{"name":"wp","href":"https:\/\/api.w.org\/{rel}","templated":true}]}}